{"id":281447,"date":"2026-04-27T10:46:41","date_gmt":"2026-04-27T09:46:41","guid":{"rendered":"https:\/\/www.inverseteams.com\/?post_type=product&#038;p=281447"},"modified":"2026-04-27T13:41:20","modified_gmt":"2026-04-27T12:41:20","slug":"t-shirt-titan-desert-morocco-gruen","status":"publish","type":"product","link":"https:\/\/www.inverseteams.com\/de\/produkt\/t-shirt-titan-desert-morocco-gruen\/","title":{"rendered":"T-shirt TITAN DESERT MOROCCO GR\u00dcN"},"content":{"rendered":"<p data-start=\"2518\" data-end=\"2867\"><strong>Die Auslieferung beginnt am Montag, dem 11. Mai.<\/strong><\/p>\n<p data-start=\"2518\" data-end=\"2867\">Sp\u00fcre den Geist des Abenteuers in jedem Moment mit diesem offiziellen Titan Desert Morocco T-Shirt. Hergestellt aus weicher, atmungsaktiver Baumwolle mit Wascheffekt, wurde es daf\u00fcr entworfen, dich sowohl an aktiven Tagen als auch in deinen Ruhemomenten zu begleiten und dich stets daran zu erinnern, dass Grenzen dazu da sind, \u00fcberwunden zu werden.<br \/>\nInspiriert von der H\u00e4rte und Sch\u00f6nheit der W\u00fcste ist dieses Kleidungsst\u00fcck mehr als nur ein T-Shirt: Es ist ein Symbol f\u00fcr Ausdauer, Entschlossenheit und die Leidenschaft f\u00fcr Herausforderungen. Sein Design verk\u00f6rpert die Essenz eines der anspruchsvollsten Rennen der Welt, bei dem jeder Teilnehmer seine eigene Geschichte des Durchhalteverm\u00f6gens unter der Sonne schreibt.<br \/>\nNimm es mit und verbinde dich mit dieser unaufhaltsamen Mentalit\u00e4t. Denn du musst nicht in Marokko sein, um die Titan zu erleben: Du musst nur niemals aufgeben.<\/p>\n","protected":false},"excerpt":{"rendered":"<p><strong>Die Auslieferung beginnt am Montag, dem 11. Mai.<\/strong><\/p>\n<p>Sp\u00fcre den Geist des Abenteuers in jedem Moment mit diesem offiziellen Titan Desert Morocco T-Shirt. Hergestellt aus weicher, atmungsaktiver Baumwolle mit Wascheffekt, wurde es daf\u00fcr entworfen, dich sowohl an aktiven Tagen als auch in deinen Ruhemomenten zu begleiten und dich stets daran zu erinnern, dass Grenzen dazu da sind, \u00fcberwunden zu werden.<br \/>\nInspiriert von der H\u00e4rte und Sch\u00f6nheit der W\u00fcste ist dieses Kleidungsst\u00fcck mehr als nur ein T-Shirt: Es ist ein Symbol f\u00fcr Ausdauer, Entschlossenheit und die Leidenschaft f\u00fcr Herausforderungen. Sein Design verk\u00f6rpert die Essenz eines der anspruchsvollsten Rennen der Welt, bei dem jeder Teilnehmer seine eigene Geschichte des Durchhalteverm\u00f6gens unter der Sonne schreibt.<br \/>\nNimm es mit und verbinde dich mit dieser unaufhaltsamen Mentalit\u00e4t. Denn du musst nicht in Marokko sein, um die Titan zu erleben: Du musst nur niemals aufgeben.<\/p>\n","protected":false},"featured_media":281577,"comment_status":"closed","ping_status":"closed","template":"","meta":{"_acf_changed":false},"product_brand":[],"product_cat":[24231],"product_tag":[],"custom_category":[],"range":[],"class_list":{"0":"post-281447","1":"product","2":"type-product","3":"status-publish","4":"has-post-thumbnail","6":"product_cat-titan-desert-morocco","7":"pa_climatologia-calor-de","8":"pa_deporte-casual-de","9":"pa_genero-unisex-de","10":"pa_patronaje-casual-de","11":"pa_talla-s-de","12":"pa_talla-m-de","13":"pa_talla-l-de","14":"pa_talla-xl-de","15":"pa_tipo-de-prenda-camiseta-de","17":"first","18":"instock","19":"taxable","20":"shipping-taxable","21":"purchasable","22":"product-type-variable"},"acf":[],"yoast_head":"<!-- This site is optimized with the Yoast SEO plugin v27.3 - https:\/\/yoast.com\/product\/yoast-seo-wordpress\/ -->\n<title>T-shirt TITAN DESERT MOROCCO GR\u00dcN<\/title>\n<meta name=\"description\" content=\"Sp\u00fcre den Geist des Abenteuers in jedem Moment mit diesem offiziellen Titan Desert Morocco T-Shirt.\" \/>\n<meta name=\"robots\" content=\"index, follow, max-snippet:-1, max-image-preview:large, max-video-preview:-1\" \/>\n<link rel=\"canonical\" href=\"https:\/\/www.inverseteams.com\/de\/produkt\/t-shirt-titan-desert-morocco-gruen\/\" \/>\n<meta property=\"og:locale\" content=\"de_DE\" \/>\n<meta property=\"og:type\" content=\"article\" \/>\n<meta property=\"og:title\" content=\"T-shirt TITAN DESERT MOROCCO GR\u00dcN\" \/>\n<meta property=\"og:description\" content=\"Sp\u00fcre den Geist des Abenteuers in jedem Moment mit diesem offiziellen Titan Desert Morocco T-Shirt.\" \/>\n<meta property=\"og:url\" content=\"https:\/\/www.inverseteams.com\/de\/produkt\/t-shirt-titan-desert-morocco-gruen\/\" \/>\n<meta property=\"og:site_name\" content=\"Inverseteams\" \/>\n<meta property=\"article:publisher\" content=\"https:\/\/www.facebook.com\/inverseteams\" \/>\n<meta property=\"article:modified_time\" content=\"2026-04-27T12:41:20+00:00\" \/>\n<meta property=\"og:image\" content=\"https:\/\/www.inverseteams.com\/wp-content\/uploads\/INVERSE-TITAN-DESERT-CAMISETA-VERDE-001.jpg\" \/>\n\t<meta property=\"og:image:width\" content=\"1500\" \/>\n\t<meta property=\"og:image:height\" content=\"1612\" \/>\n\t<meta property=\"og:image:type\" content=\"image\/jpeg\" \/>\n<meta name=\"twitter:card\" content=\"summary_large_image\" \/>\n<meta name=\"twitter:label1\" content=\"Gesch\u00e4tzte Lesezeit\" \/>\n\t<meta name=\"twitter:data1\" content=\"1\u00a0Minute\" \/>\n<script type=\"application\/ld+json\" class=\"yoast-schema-graph\">{\"@context\":\"https:\\\/\\\/schema.org\",\"@graph\":[{\"@type\":\"WebPage\",\"@id\":\"https:\\\/\\\/www.inverseteams.com\\\/de\\\/produkt\\\/t-shirt-titan-desert-morocco-gruen\\\/\",\"url\":\"https:\\\/\\\/www.inverseteams.com\\\/de\\\/produkt\\\/t-shirt-titan-desert-morocco-gruen\\\/\",\"name\":\"T-shirt TITAN DESERT MOROCCO GR\u00dcN\",\"isPartOf\":{\"@id\":\"https:\\\/\\\/www.inverseteams.com\\\/de\\\/#website\"},\"primaryImageOfPage\":{\"@id\":\"https:\\\/\\\/www.inverseteams.com\\\/de\\\/produkt\\\/t-shirt-titan-desert-morocco-gruen\\\/#primaryimage\"},\"image\":{\"@id\":\"https:\\\/\\\/www.inverseteams.com\\\/de\\\/produkt\\\/t-shirt-titan-desert-morocco-gruen\\\/#primaryimage\"},\"thumbnailUrl\":\"https:\\\/\\\/www.inverseteams.com\\\/wp-content\\\/uploads\\\/INVERSE-TITAN-DESERT-CAMISETA-VERDE-001.jpg\",\"datePublished\":\"2026-04-27T09:46:41+00:00\",\"dateModified\":\"2026-04-27T12:41:20+00:00\",\"description\":\"Sp\u00fcre den Geist des Abenteuers in jedem Moment mit diesem offiziellen Titan Desert Morocco T-Shirt.\",\"breadcrumb\":{\"@id\":\"https:\\\/\\\/www.inverseteams.com\\\/de\\\/produkt\\\/t-shirt-titan-desert-morocco-gruen\\\/#breadcrumb\"},\"inLanguage\":\"de\",\"potentialAction\":[{\"@type\":\"ReadAction\",\"target\":[\"https:\\\/\\\/www.inverseteams.com\\\/de\\\/produkt\\\/t-shirt-titan-desert-morocco-gruen\\\/\"]}]},{\"@type\":\"ImageObject\",\"inLanguage\":\"de\",\"@id\":\"https:\\\/\\\/www.inverseteams.com\\\/de\\\/produkt\\\/t-shirt-titan-desert-morocco-gruen\\\/#primaryimage\",\"url\":\"https:\\\/\\\/www.inverseteams.com\\\/wp-content\\\/uploads\\\/INVERSE-TITAN-DESERT-CAMISETA-VERDE-001.jpg\",\"contentUrl\":\"https:\\\/\\\/www.inverseteams.com\\\/wp-content\\\/uploads\\\/INVERSE-TITAN-DESERT-CAMISETA-VERDE-001.jpg\",\"width\":1500,\"height\":1612},{\"@type\":\"BreadcrumbList\",\"@id\":\"https:\\\/\\\/www.inverseteams.com\\\/de\\\/produkt\\\/t-shirt-titan-desert-morocco-gruen\\\/#breadcrumb\",\"itemListElement\":[{\"@type\":\"ListItem\",\"position\":1,\"name\":\"Portada\",\"item\":\"https:\\\/\\\/www.inverseteams.com\\\/de\\\/\"},{\"@type\":\"ListItem\",\"position\":2,\"name\":\"Speichern\",\"item\":\"https:\\\/\\\/www.inverseteams.com\\\/de\\\/speichern\\\/\"},{\"@type\":\"ListItem\",\"position\":3,\"name\":\"T-shirt TITAN DESERT MOROCCO GR\u00dcN\"}]},{\"@type\":\"WebSite\",\"@id\":\"https:\\\/\\\/www.inverseteams.com\\\/de\\\/#website\",\"url\":\"https:\\\/\\\/www.inverseteams.com\\\/de\\\/\",\"name\":\"Inverseteams\",\"description\":\"Tu marca de ropa deportiva personalizada\",\"publisher\":{\"@id\":\"https:\\\/\\\/www.inverseteams.com\\\/de\\\/#organization\"},\"potentialAction\":[{\"@type\":\"SearchAction\",\"target\":{\"@type\":\"EntryPoint\",\"urlTemplate\":\"https:\\\/\\\/www.inverseteams.com\\\/de\\\/?s={search_term_string}\"},\"query-input\":{\"@type\":\"PropertyValueSpecification\",\"valueRequired\":true,\"valueName\":\"search_term_string\"}}],\"inLanguage\":\"de\"},{\"@type\":\"Organization\",\"@id\":\"https:\\\/\\\/www.inverseteams.com\\\/de\\\/#organization\",\"name\":\"Inverse Teams\",\"url\":\"https:\\\/\\\/www.inverseteams.com\\\/de\\\/\",\"logo\":{\"@type\":\"ImageObject\",\"inLanguage\":\"de\",\"@id\":\"https:\\\/\\\/www.inverseteams.com\\\/de\\\/#\\\/schema\\\/logo\\\/image\\\/\",\"url\":\"https:\\\/\\\/www.inverseteams.com\\\/wp-content\\\/uploads\\\/2021\\\/03\\\/logo-inverse-teams.png\",\"contentUrl\":\"https:\\\/\\\/www.inverseteams.com\\\/wp-content\\\/uploads\\\/2021\\\/03\\\/logo-inverse-teams.png\",\"width\":294,\"height\":99,\"caption\":\"Inverse Teams\"},\"image\":{\"@id\":\"https:\\\/\\\/www.inverseteams.com\\\/de\\\/#\\\/schema\\\/logo\\\/image\\\/\"},\"sameAs\":[\"https:\\\/\\\/www.facebook.com\\\/inverseteams\",\"http:\\\/\\\/instagram.com\\\/inverseteams\",\"https:\\\/\\\/www.linkedin.com\\\/company\\\/inverse-cirosport-s-l-?trk=job_view_topcard_company_name\",\"http:\\\/\\\/www.pinterest.com\\\/inverseteams\\\/\",\"http:\\\/\\\/www.youtube.com\\\/user\\\/inverseteams?feature=watch\"]}]}<\/script>\n<!-- \/ Yoast SEO plugin. -->","yoast_head_json":{"title":"T-shirt TITAN DESERT MOROCCO GR\u00dcN","description":"Sp\u00fcre den Geist des Abenteuers in jedem Moment mit diesem offiziellen Titan Desert Morocco T-Shirt.","robots":{"index":"index","follow":"follow","max-snippet":"max-snippet:-1","max-image-preview":"max-image-preview:large","max-video-preview":"max-video-preview:-1"},"canonical":"https:\/\/www.inverseteams.com\/de\/produkt\/t-shirt-titan-desert-morocco-gruen\/","og_locale":"de_DE","og_type":"article","og_title":"T-shirt TITAN DESERT MOROCCO GR\u00dcN","og_description":"Sp\u00fcre den Geist des Abenteuers in jedem Moment mit diesem offiziellen Titan Desert Morocco T-Shirt.","og_url":"https:\/\/www.inverseteams.com\/de\/produkt\/t-shirt-titan-desert-morocco-gruen\/","og_site_name":"Inverseteams","article_publisher":"https:\/\/www.facebook.com\/inverseteams","article_modified_time":"2026-04-27T12:41:20+00:00","og_image":[{"width":1500,"height":1612,"url":"https:\/\/www.inverseteams.com\/wp-content\/uploads\/INVERSE-TITAN-DESERT-CAMISETA-VERDE-001.jpg","type":"image\/jpeg"}],"twitter_card":"summary_large_image","twitter_misc":{"Gesch\u00e4tzte Lesezeit":"1\u00a0Minute"},"schema":{"@context":"https:\/\/schema.org","@graph":[{"@type":"WebPage","@id":"https:\/\/www.inverseteams.com\/de\/produkt\/t-shirt-titan-desert-morocco-gruen\/","url":"https:\/\/www.inverseteams.com\/de\/produkt\/t-shirt-titan-desert-morocco-gruen\/","name":"T-shirt TITAN DESERT MOROCCO GR\u00dcN","isPartOf":{"@id":"https:\/\/www.inverseteams.com\/de\/#website"},"primaryImageOfPage":{"@id":"https:\/\/www.inverseteams.com\/de\/produkt\/t-shirt-titan-desert-morocco-gruen\/#primaryimage"},"image":{"@id":"https:\/\/www.inverseteams.com\/de\/produkt\/t-shirt-titan-desert-morocco-gruen\/#primaryimage"},"thumbnailUrl":"https:\/\/www.inverseteams.com\/wp-content\/uploads\/INVERSE-TITAN-DESERT-CAMISETA-VERDE-001.jpg","datePublished":"2026-04-27T09:46:41+00:00","dateModified":"2026-04-27T12:41:20+00:00","description":"Sp\u00fcre den Geist des Abenteuers in jedem Moment mit diesem offiziellen Titan Desert Morocco T-Shirt.","breadcrumb":{"@id":"https:\/\/www.inverseteams.com\/de\/produkt\/t-shirt-titan-desert-morocco-gruen\/#breadcrumb"},"inLanguage":"de","potentialAction":[{"@type":"ReadAction","target":["https:\/\/www.inverseteams.com\/de\/produkt\/t-shirt-titan-desert-morocco-gruen\/"]}]},{"@type":"ImageObject","inLanguage":"de","@id":"https:\/\/www.inverseteams.com\/de\/produkt\/t-shirt-titan-desert-morocco-gruen\/#primaryimage","url":"https:\/\/www.inverseteams.com\/wp-content\/uploads\/INVERSE-TITAN-DESERT-CAMISETA-VERDE-001.jpg","contentUrl":"https:\/\/www.inverseteams.com\/wp-content\/uploads\/INVERSE-TITAN-DESERT-CAMISETA-VERDE-001.jpg","width":1500,"height":1612},{"@type":"BreadcrumbList","@id":"https:\/\/www.inverseteams.com\/de\/produkt\/t-shirt-titan-desert-morocco-gruen\/#breadcrumb","itemListElement":[{"@type":"ListItem","position":1,"name":"Portada","item":"https:\/\/www.inverseteams.com\/de\/"},{"@type":"ListItem","position":2,"name":"Speichern","item":"https:\/\/www.inverseteams.com\/de\/speichern\/"},{"@type":"ListItem","position":3,"name":"T-shirt TITAN DESERT MOROCCO GR\u00dcN"}]},{"@type":"WebSite","@id":"https:\/\/www.inverseteams.com\/de\/#website","url":"https:\/\/www.inverseteams.com\/de\/","name":"Inverseteams","description":"Tu marca de ropa deportiva personalizada","publisher":{"@id":"https:\/\/www.inverseteams.com\/de\/#organization"},"potentialAction":[{"@type":"SearchAction","target":{"@type":"EntryPoint","urlTemplate":"https:\/\/www.inverseteams.com\/de\/?s={search_term_string}"},"query-input":{"@type":"PropertyValueSpecification","valueRequired":true,"valueName":"search_term_string"}}],"inLanguage":"de"},{"@type":"Organization","@id":"https:\/\/www.inverseteams.com\/de\/#organization","name":"Inverse Teams","url":"https:\/\/www.inverseteams.com\/de\/","logo":{"@type":"ImageObject","inLanguage":"de","@id":"https:\/\/www.inverseteams.com\/de\/#\/schema\/logo\/image\/","url":"https:\/\/www.inverseteams.com\/wp-content\/uploads\/2021\/03\/logo-inverse-teams.png","contentUrl":"https:\/\/www.inverseteams.com\/wp-content\/uploads\/2021\/03\/logo-inverse-teams.png","width":294,"height":99,"caption":"Inverse Teams"},"image":{"@id":"https:\/\/www.inverseteams.com\/de\/#\/schema\/logo\/image\/"},"sameAs":["https:\/\/www.facebook.com\/inverseteams","http:\/\/instagram.com\/inverseteams","https:\/\/www.linkedin.com\/company\/inverse-cirosport-s-l-?trk=job_view_topcard_company_name","http:\/\/www.pinterest.com\/inverseteams\/","http:\/\/www.youtube.com\/user\/inverseteams?feature=watch"]}]}},"_links":{"self":[{"href":"https:\/\/www.inverseteams.com\/de\/wp-json\/wp\/v2\/product\/281447","targetHints":{"allow":["GET"]}}],"collection":[{"href":"https:\/\/www.inverseteams.com\/de\/wp-json\/wp\/v2\/product"}],"about":[{"href":"https:\/\/www.inverseteams.com\/de\/wp-json\/wp\/v2\/types\/product"}],"replies":[{"embeddable":true,"href":"https:\/\/www.inverseteams.com\/de\/wp-json\/wp\/v2\/comments?post=281447"}],"wp:featuredmedia":[{"embeddable":true,"href":"https:\/\/www.inverseteams.com\/de\/wp-json\/wp\/v2\/media\/281577"}],"wp:attachment":[{"href":"https:\/\/www.inverseteams.com\/de\/wp-json\/wp\/v2\/media?parent=281447"}],"wp:term":[{"taxonomy":"product_brand","embeddable":true,"href":"https:\/\/www.inverseteams.com\/de\/wp-json\/wp\/v2\/product_brand?post=281447"},{"taxonomy":"product_cat","embeddable":true,"href":"https:\/\/www.inverseteams.com\/de\/wp-json\/wp\/v2\/product_cat?post=281447"},{"taxonomy":"product_tag","embeddable":true,"href":"https:\/\/www.inverseteams.com\/de\/wp-json\/wp\/v2\/product_tag?post=281447"},{"taxonomy":"custom_category","embeddable":true,"href":"https:\/\/www.inverseteams.com\/de\/wp-json\/wp\/v2\/custom_category?post=281447"},{"taxonomy":"range","embeddable":true,"href":"https:\/\/www.inverseteams.com\/de\/wp-json\/wp\/v2\/range?post=281447"}],"curies":[{"name":"wp","href":"https:\/\/api.w.org\/{rel}","templated":true}]}}