{"id":280474,"date":"2026-03-15T13:09:59","date_gmt":"2026-03-15T12:09:59","guid":{"rendered":"https:\/\/www.inverseteams.com\/?post_type=product&#038;p=280474"},"modified":"2026-03-15T14:42:04","modified_gmt":"2026-03-15T13:42:04","slug":"sportsocken-motion-fiyi-black","status":"publish","type":"product","link":"https:\/\/www.inverseteams.com\/de\/produkt\/sportsocken-motion-fiyi-black\/","title":{"rendered":"Sportsocken MOTION FIYI BLACK"},"content":{"rendered":"<p data-start=\"3547\" data-end=\"3799\">Die MOTION FIYI Socken sind vielseitig und universell einsetzbar, entwickelt f\u00fcr <strong data-start=\"3726\" data-end=\"3766\">Komfort, Atmungsaktivit\u00e4t und Schutz<\/strong> beim <strong data-start=\"3772\" data-end=\"3796\">Radfahren und Laufen<\/strong>.<br \/>\nMit einer Schaftl\u00e4nge von 20 cm bieten diese Socken optimale Unterst\u00fctzung und Abdeckung bei langen Fahrten oder Trainingseinheiten. Das <strong data-start=\"3942\" data-end=\"3989\">offene Maschengewebe in strategischen Zonen<\/strong> erm\u00f6glicht <strong data-start=\"4001\" data-end=\"4032\">effiziente Schwei\u00dfableitung<\/strong>, sodass die F\u00fc\u00dfe selbst bei intensiver Belastung trocken und frisch bleiben.<br \/>\nSie verf\u00fcgen \u00fcber <strong data-start=\"4131\" data-end=\"4159\">verst\u00e4rkte Frottee-Zonen<\/strong> an Spitze, Spann und Achillessehne, die <strong data-start=\"4200\" data-end=\"4226\">Haltbarkeit und Schutz<\/strong> in den am st\u00e4rksten beanspruchten Bereichen beim Radfahren oder Laufen bieten.<br \/>\nDie MOTION FIYI Socken sind die perfekte Wahl f\u00fcr alle, die <strong data-start=\"4369\" data-end=\"4422\">bequeme, atmungsaktive und langlebige Sportsocken<\/strong> suchen, ideal f\u00fcr <strong data-start=\"4441\" data-end=\"4490\">Radfahren, Laufen und hochintensives Training<\/strong>, und verbinden Halt, Bel\u00fcftung und Langlebigkeit bei jedem Schritt.<\/p>\n","protected":false},"excerpt":{"rendered":"<p>Die MOTION FIYI Socken sind vielseitig und universell einsetzbar, entwickelt f\u00fcr <strong data-start=\"3726\" data-end=\"3766\">Komfort, Atmungsaktivit\u00e4t und Schutz<\/strong> beim <strong data-start=\"3772\" data-end=\"3796\">Radfahren und Laufen<\/strong>.<br \/>\nMit einer Schaftl\u00e4nge von 20 cm bieten diese Socken optimale Unterst\u00fctzung und Abdeckung bei langen Fahrten oder Trainingseinheiten. Das <strong data-start=\"3942\" data-end=\"3989\">offene Maschengewebe in strategischen Zonen<\/strong> erm\u00f6glicht <strong data-start=\"4001\" data-end=\"4032\">effiziente Schwei\u00dfableitung<\/strong>, sodass die F\u00fc\u00dfe selbst bei intensiver Belastung trocken und frisch bleiben.<br \/>\nSie verf\u00fcgen \u00fcber <strong data-start=\"4131\" data-end=\"4159\">verst\u00e4rkte Frottee-Zonen<\/strong> an Spitze, Spann und Achillessehne, die <strong data-start=\"4200\" data-end=\"4226\">Haltbarkeit und Schutz<\/strong> in den am st\u00e4rksten beanspruchten Bereichen beim Radfahren oder Laufen bieten.<br \/>\nDie MOTION FIYI Socken sind die perfekte Wahl f\u00fcr alle, die <strong data-start=\"4369\" data-end=\"4422\">bequeme, atmungsaktive und langlebige Sportsocken<\/strong> suchen, ideal f\u00fcr <strong data-start=\"4441\" data-end=\"4490\">Radfahren, Laufen und hochintensives Training<\/strong>, und verbinden Halt, Bel\u00fcftung und Langlebigkeit bei jedem Schritt.<\/p>\n","protected":false},"featured_media":280416,"comment_status":"closed","ping_status":"closed","template":"","meta":{"_acf_changed":false},"product_brand":[],"product_cat":[11153,11190,11258,11182,11195],"product_tag":[],"custom_category":[],"range":[],"class_list":{"0":"post-280474","1":"product","2":"type-product","3":"status-publish","4":"has-post-thumbnail","6":"product_cat-b2b-de","7":"product_cat-radsportbekleidung","8":"product_cat-gravel-de","9":"product_cat-socken","10":"product_cat-sportliches-zubehor","11":"pa_climatologia-temperatura-templada-de","12":"pa_climatologia-calor-de","13":"pa_deporte-trail-de","14":"pa_deporte-running-de","15":"pa_deporte-casual-de","16":"pa_deporte-ocr-de","17":"pa_deporte-ciclismo-de","18":"pa_genero-infantil-de","19":"pa_genero-hombre-de","20":"pa_genero-mujer-de","21":"pa_talla-s-m-de","22":"pa_talla-l-xl-de","23":"pa_tipo-de-prenda-calcetin-de","25":"first","26":"instock","27":"taxable","28":"shipping-taxable","29":"purchasable","30":"product-type-variable","31":"has-default-attributes"},"acf":[],"yoast_head":"<!-- This site is optimized with the Yoast SEO plugin v27.3 - https:\/\/yoast.com\/product\/yoast-seo-wordpress\/ -->\n<title>Sportsocken MOTION FIYI BLACK<\/title>\n<meta name=\"description\" content=\"Die MOTION FIYI Socken sind vielseitig und universell einsetzbar, entwickelt f\u00fcr Komfort, Atmungsaktivit\u00e4t und Schutz beim Radfahren und Laufen. Mit einer Schaftl\u00e4nge von 20 cm bieten diese Socken optimale Unterst\u00fctzung und Abdeckung bei langen Fahrten oder Trainingseinheiten. Das offene Maschengewebe in strategischen Zonen erm\u00f6glicht effiziente Schwei\u00dfableitung, sodass die F\u00fc\u00dfe selbst bei intensiver Belastung trocken und frisch bleiben. Sie verf\u00fcgen \u00fcber verst\u00e4rkte Frottee-Zonen an Spitze, Spann und Achillessehne, die Haltbarkeit und Schutz in den am st\u00e4rksten beanspruchten Bereichen beim Radfahren oder Laufen bieten. Die MOTION FIYI Socken sind die perfekte Wahl f\u00fcr alle, die bequeme, atmungsaktive und langlebige Sportsocken suchen, ideal f\u00fcr Radfahren, Laufen und hochintensives Training, und verbinden Halt, Bel\u00fcftung und Langlebigkeit bei jedem Schritt.\" \/>\n<meta name=\"robots\" content=\"index, follow, max-snippet:-1, max-image-preview:large, max-video-preview:-1\" \/>\n<link rel=\"canonical\" href=\"https:\/\/www.inverseteams.com\/de\/produkt\/sportsocken-motion-fiyi-black\/\" \/>\n<meta property=\"og:locale\" content=\"de_DE\" \/>\n<meta property=\"og:type\" content=\"article\" \/>\n<meta property=\"og:title\" content=\"Sportsocken MOTION FIYI BLACK\" \/>\n<meta property=\"og:description\" content=\"Die MOTION FIYI Socken sind vielseitig und universell einsetzbar, entwickelt f\u00fcr Komfort, Atmungsaktivit\u00e4t und Schutz beim Radfahren und Laufen. Mit einer Schaftl\u00e4nge von 20 cm bieten diese Socken optimale Unterst\u00fctzung und Abdeckung bei langen Fahrten oder Trainingseinheiten. Das offene Maschengewebe in strategischen Zonen erm\u00f6glicht effiziente Schwei\u00dfableitung, sodass die F\u00fc\u00dfe selbst bei intensiver Belastung trocken und frisch bleiben. Sie verf\u00fcgen \u00fcber verst\u00e4rkte Frottee-Zonen an Spitze, Spann und Achillessehne, die Haltbarkeit und Schutz in den am st\u00e4rksten beanspruchten Bereichen beim Radfahren oder Laufen bieten. Die MOTION FIYI Socken sind die perfekte Wahl f\u00fcr alle, die bequeme, atmungsaktive und langlebige Sportsocken suchen, ideal f\u00fcr Radfahren, Laufen und hochintensives Training, und verbinden Halt, Bel\u00fcftung und Langlebigkeit bei jedem Schritt.\" \/>\n<meta property=\"og:url\" content=\"https:\/\/www.inverseteams.com\/de\/produkt\/sportsocken-motion-fiyi-black\/\" \/>\n<meta property=\"og:site_name\" content=\"Inverseteams\" \/>\n<meta property=\"article:publisher\" content=\"https:\/\/www.facebook.com\/inverseteams\" \/>\n<meta property=\"article:modified_time\" content=\"2026-03-15T13:42:04+00:00\" \/>\n<meta property=\"og:image\" content=\"https:\/\/www.inverseteams.com\/wp-content\/uploads\/INVERSE-CALCETINES-MOTION-FIYI-NEGRO-001.jpg\" \/>\n\t<meta property=\"og:image:width\" content=\"1500\" \/>\n\t<meta property=\"og:image:height\" content=\"1612\" \/>\n\t<meta property=\"og:image:type\" content=\"image\/jpeg\" \/>\n<meta name=\"twitter:card\" content=\"summary_large_image\" \/>\n<meta name=\"twitter:label1\" content=\"Gesch\u00e4tzte Lesezeit\" \/>\n\t<meta name=\"twitter:data1\" content=\"1\u00a0Minute\" \/>\n<script type=\"application\/ld+json\" class=\"yoast-schema-graph\">{\"@context\":\"https:\\\/\\\/schema.org\",\"@graph\":[{\"@type\":\"WebPage\",\"@id\":\"https:\\\/\\\/www.inverseteams.com\\\/de\\\/produkt\\\/sportsocken-motion-fiyi-black\\\/\",\"url\":\"https:\\\/\\\/www.inverseteams.com\\\/de\\\/produkt\\\/sportsocken-motion-fiyi-black\\\/\",\"name\":\"Sportsocken MOTION FIYI BLACK\",\"isPartOf\":{\"@id\":\"https:\\\/\\\/www.inverseteams.com\\\/de\\\/#website\"},\"primaryImageOfPage\":{\"@id\":\"https:\\\/\\\/www.inverseteams.com\\\/de\\\/produkt\\\/sportsocken-motion-fiyi-black\\\/#primaryimage\"},\"image\":{\"@id\":\"https:\\\/\\\/www.inverseteams.com\\\/de\\\/produkt\\\/sportsocken-motion-fiyi-black\\\/#primaryimage\"},\"thumbnailUrl\":\"https:\\\/\\\/www.inverseteams.com\\\/wp-content\\\/uploads\\\/INVERSE-CALCETINES-MOTION-FIYI-NEGRO-001.jpg\",\"datePublished\":\"2026-03-15T12:09:59+00:00\",\"dateModified\":\"2026-03-15T13:42:04+00:00\",\"description\":\"Die MOTION FIYI Socken sind vielseitig und universell einsetzbar, entwickelt f\u00fcr Komfort, Atmungsaktivit\u00e4t und Schutz beim Radfahren und Laufen. Mit einer Schaftl\u00e4nge von 20 cm bieten diese Socken optimale Unterst\u00fctzung und Abdeckung bei langen Fahrten oder Trainingseinheiten. Das offene Maschengewebe in strategischen Zonen erm\u00f6glicht effiziente Schwei\u00dfableitung, sodass die F\u00fc\u00dfe selbst bei intensiver Belastung trocken und frisch bleiben. Sie verf\u00fcgen \u00fcber verst\u00e4rkte Frottee-Zonen an Spitze, Spann und Achillessehne, die Haltbarkeit und Schutz in den am st\u00e4rksten beanspruchten Bereichen beim Radfahren oder Laufen bieten. Die MOTION FIYI Socken sind die perfekte Wahl f\u00fcr alle, die bequeme, atmungsaktive und langlebige Sportsocken suchen, ideal f\u00fcr Radfahren, Laufen und hochintensives Training, und verbinden Halt, Bel\u00fcftung und Langlebigkeit bei jedem Schritt.\",\"breadcrumb\":{\"@id\":\"https:\\\/\\\/www.inverseteams.com\\\/de\\\/produkt\\\/sportsocken-motion-fiyi-black\\\/#breadcrumb\"},\"inLanguage\":\"de\",\"potentialAction\":[{\"@type\":\"ReadAction\",\"target\":[\"https:\\\/\\\/www.inverseteams.com\\\/de\\\/produkt\\\/sportsocken-motion-fiyi-black\\\/\"]}]},{\"@type\":\"ImageObject\",\"inLanguage\":\"de\",\"@id\":\"https:\\\/\\\/www.inverseteams.com\\\/de\\\/produkt\\\/sportsocken-motion-fiyi-black\\\/#primaryimage\",\"url\":\"https:\\\/\\\/www.inverseteams.com\\\/wp-content\\\/uploads\\\/INVERSE-CALCETINES-MOTION-FIYI-NEGRO-001.jpg\",\"contentUrl\":\"https:\\\/\\\/www.inverseteams.com\\\/wp-content\\\/uploads\\\/INVERSE-CALCETINES-MOTION-FIYI-NEGRO-001.jpg\",\"width\":1500,\"height\":1612},{\"@type\":\"BreadcrumbList\",\"@id\":\"https:\\\/\\\/www.inverseteams.com\\\/de\\\/produkt\\\/sportsocken-motion-fiyi-black\\\/#breadcrumb\",\"itemListElement\":[{\"@type\":\"ListItem\",\"position\":1,\"name\":\"Portada\",\"item\":\"https:\\\/\\\/www.inverseteams.com\\\/de\\\/\"},{\"@type\":\"ListItem\",\"position\":2,\"name\":\"Speichern\",\"item\":\"https:\\\/\\\/www.inverseteams.com\\\/de\\\/speichern\\\/\"},{\"@type\":\"ListItem\",\"position\":3,\"name\":\"Sportsocken MOTION FIYI BLACK\"}]},{\"@type\":\"WebSite\",\"@id\":\"https:\\\/\\\/www.inverseteams.com\\\/de\\\/#website\",\"url\":\"https:\\\/\\\/www.inverseteams.com\\\/de\\\/\",\"name\":\"Inverseteams\",\"description\":\"Tu marca de ropa deportiva personalizada\",\"publisher\":{\"@id\":\"https:\\\/\\\/www.inverseteams.com\\\/de\\\/#organization\"},\"potentialAction\":[{\"@type\":\"SearchAction\",\"target\":{\"@type\":\"EntryPoint\",\"urlTemplate\":\"https:\\\/\\\/www.inverseteams.com\\\/de\\\/?s={search_term_string}\"},\"query-input\":{\"@type\":\"PropertyValueSpecification\",\"valueRequired\":true,\"valueName\":\"search_term_string\"}}],\"inLanguage\":\"de\"},{\"@type\":\"Organization\",\"@id\":\"https:\\\/\\\/www.inverseteams.com\\\/de\\\/#organization\",\"name\":\"Inverse Teams\",\"url\":\"https:\\\/\\\/www.inverseteams.com\\\/de\\\/\",\"logo\":{\"@type\":\"ImageObject\",\"inLanguage\":\"de\",\"@id\":\"https:\\\/\\\/www.inverseteams.com\\\/de\\\/#\\\/schema\\\/logo\\\/image\\\/\",\"url\":\"https:\\\/\\\/www.inverseteams.com\\\/wp-content\\\/uploads\\\/2021\\\/03\\\/logo-inverse-teams.png\",\"contentUrl\":\"https:\\\/\\\/www.inverseteams.com\\\/wp-content\\\/uploads\\\/2021\\\/03\\\/logo-inverse-teams.png\",\"width\":294,\"height\":99,\"caption\":\"Inverse Teams\"},\"image\":{\"@id\":\"https:\\\/\\\/www.inverseteams.com\\\/de\\\/#\\\/schema\\\/logo\\\/image\\\/\"},\"sameAs\":[\"https:\\\/\\\/www.facebook.com\\\/inverseteams\",\"http:\\\/\\\/instagram.com\\\/inverseteams\",\"https:\\\/\\\/www.linkedin.com\\\/company\\\/inverse-cirosport-s-l-?trk=job_view_topcard_company_name\",\"http:\\\/\\\/www.pinterest.com\\\/inverseteams\\\/\",\"http:\\\/\\\/www.youtube.com\\\/user\\\/inverseteams?feature=watch\"]}]}<\/script>\n<!-- \/ Yoast SEO plugin. -->","yoast_head_json":{"title":"Sportsocken MOTION FIYI BLACK","description":"Die MOTION FIYI Socken sind vielseitig und universell einsetzbar, entwickelt f\u00fcr Komfort, Atmungsaktivit\u00e4t und Schutz beim Radfahren und Laufen. Mit einer Schaftl\u00e4nge von 20 cm bieten diese Socken optimale Unterst\u00fctzung und Abdeckung bei langen Fahrten oder Trainingseinheiten. Das offene Maschengewebe in strategischen Zonen erm\u00f6glicht effiziente Schwei\u00dfableitung, sodass die F\u00fc\u00dfe selbst bei intensiver Belastung trocken und frisch bleiben. Sie verf\u00fcgen \u00fcber verst\u00e4rkte Frottee-Zonen an Spitze, Spann und Achillessehne, die Haltbarkeit und Schutz in den am st\u00e4rksten beanspruchten Bereichen beim Radfahren oder Laufen bieten. Die MOTION FIYI Socken sind die perfekte Wahl f\u00fcr alle, die bequeme, atmungsaktive und langlebige Sportsocken suchen, ideal f\u00fcr Radfahren, Laufen und hochintensives Training, und verbinden Halt, Bel\u00fcftung und Langlebigkeit bei jedem Schritt.","robots":{"index":"index","follow":"follow","max-snippet":"max-snippet:-1","max-image-preview":"max-image-preview:large","max-video-preview":"max-video-preview:-1"},"canonical":"https:\/\/www.inverseteams.com\/de\/produkt\/sportsocken-motion-fiyi-black\/","og_locale":"de_DE","og_type":"article","og_title":"Sportsocken MOTION FIYI BLACK","og_description":"Die MOTION FIYI Socken sind vielseitig und universell einsetzbar, entwickelt f\u00fcr Komfort, Atmungsaktivit\u00e4t und Schutz beim Radfahren und Laufen. Mit einer Schaftl\u00e4nge von 20 cm bieten diese Socken optimale Unterst\u00fctzung und Abdeckung bei langen Fahrten oder Trainingseinheiten. Das offene Maschengewebe in strategischen Zonen erm\u00f6glicht effiziente Schwei\u00dfableitung, sodass die F\u00fc\u00dfe selbst bei intensiver Belastung trocken und frisch bleiben. Sie verf\u00fcgen \u00fcber verst\u00e4rkte Frottee-Zonen an Spitze, Spann und Achillessehne, die Haltbarkeit und Schutz in den am st\u00e4rksten beanspruchten Bereichen beim Radfahren oder Laufen bieten. Die MOTION FIYI Socken sind die perfekte Wahl f\u00fcr alle, die bequeme, atmungsaktive und langlebige Sportsocken suchen, ideal f\u00fcr Radfahren, Laufen und hochintensives Training, und verbinden Halt, Bel\u00fcftung und Langlebigkeit bei jedem Schritt.","og_url":"https:\/\/www.inverseteams.com\/de\/produkt\/sportsocken-motion-fiyi-black\/","og_site_name":"Inverseteams","article_publisher":"https:\/\/www.facebook.com\/inverseteams","article_modified_time":"2026-03-15T13:42:04+00:00","og_image":[{"width":1500,"height":1612,"url":"https:\/\/www.inverseteams.com\/wp-content\/uploads\/INVERSE-CALCETINES-MOTION-FIYI-NEGRO-001.jpg","type":"image\/jpeg"}],"twitter_card":"summary_large_image","twitter_misc":{"Gesch\u00e4tzte Lesezeit":"1\u00a0Minute"},"schema":{"@context":"https:\/\/schema.org","@graph":[{"@type":"WebPage","@id":"https:\/\/www.inverseteams.com\/de\/produkt\/sportsocken-motion-fiyi-black\/","url":"https:\/\/www.inverseteams.com\/de\/produkt\/sportsocken-motion-fiyi-black\/","name":"Sportsocken MOTION FIYI BLACK","isPartOf":{"@id":"https:\/\/www.inverseteams.com\/de\/#website"},"primaryImageOfPage":{"@id":"https:\/\/www.inverseteams.com\/de\/produkt\/sportsocken-motion-fiyi-black\/#primaryimage"},"image":{"@id":"https:\/\/www.inverseteams.com\/de\/produkt\/sportsocken-motion-fiyi-black\/#primaryimage"},"thumbnailUrl":"https:\/\/www.inverseteams.com\/wp-content\/uploads\/INVERSE-CALCETINES-MOTION-FIYI-NEGRO-001.jpg","datePublished":"2026-03-15T12:09:59+00:00","dateModified":"2026-03-15T13:42:04+00:00","description":"Die MOTION FIYI Socken sind vielseitig und universell einsetzbar, entwickelt f\u00fcr Komfort, Atmungsaktivit\u00e4t und Schutz beim Radfahren und Laufen. Mit einer Schaftl\u00e4nge von 20 cm bieten diese Socken optimale Unterst\u00fctzung und Abdeckung bei langen Fahrten oder Trainingseinheiten. Das offene Maschengewebe in strategischen Zonen erm\u00f6glicht effiziente Schwei\u00dfableitung, sodass die F\u00fc\u00dfe selbst bei intensiver Belastung trocken und frisch bleiben. Sie verf\u00fcgen \u00fcber verst\u00e4rkte Frottee-Zonen an Spitze, Spann und Achillessehne, die Haltbarkeit und Schutz in den am st\u00e4rksten beanspruchten Bereichen beim Radfahren oder Laufen bieten. Die MOTION FIYI Socken sind die perfekte Wahl f\u00fcr alle, die bequeme, atmungsaktive und langlebige Sportsocken suchen, ideal f\u00fcr Radfahren, Laufen und hochintensives Training, und verbinden Halt, Bel\u00fcftung und Langlebigkeit bei jedem Schritt.","breadcrumb":{"@id":"https:\/\/www.inverseteams.com\/de\/produkt\/sportsocken-motion-fiyi-black\/#breadcrumb"},"inLanguage":"de","potentialAction":[{"@type":"ReadAction","target":["https:\/\/www.inverseteams.com\/de\/produkt\/sportsocken-motion-fiyi-black\/"]}]},{"@type":"ImageObject","inLanguage":"de","@id":"https:\/\/www.inverseteams.com\/de\/produkt\/sportsocken-motion-fiyi-black\/#primaryimage","url":"https:\/\/www.inverseteams.com\/wp-content\/uploads\/INVERSE-CALCETINES-MOTION-FIYI-NEGRO-001.jpg","contentUrl":"https:\/\/www.inverseteams.com\/wp-content\/uploads\/INVERSE-CALCETINES-MOTION-FIYI-NEGRO-001.jpg","width":1500,"height":1612},{"@type":"BreadcrumbList","@id":"https:\/\/www.inverseteams.com\/de\/produkt\/sportsocken-motion-fiyi-black\/#breadcrumb","itemListElement":[{"@type":"ListItem","position":1,"name":"Portada","item":"https:\/\/www.inverseteams.com\/de\/"},{"@type":"ListItem","position":2,"name":"Speichern","item":"https:\/\/www.inverseteams.com\/de\/speichern\/"},{"@type":"ListItem","position":3,"name":"Sportsocken MOTION FIYI BLACK"}]},{"@type":"WebSite","@id":"https:\/\/www.inverseteams.com\/de\/#website","url":"https:\/\/www.inverseteams.com\/de\/","name":"Inverseteams","description":"Tu marca de ropa deportiva personalizada","publisher":{"@id":"https:\/\/www.inverseteams.com\/de\/#organization"},"potentialAction":[{"@type":"SearchAction","target":{"@type":"EntryPoint","urlTemplate":"https:\/\/www.inverseteams.com\/de\/?s={search_term_string}"},"query-input":{"@type":"PropertyValueSpecification","valueRequired":true,"valueName":"search_term_string"}}],"inLanguage":"de"},{"@type":"Organization","@id":"https:\/\/www.inverseteams.com\/de\/#organization","name":"Inverse Teams","url":"https:\/\/www.inverseteams.com\/de\/","logo":{"@type":"ImageObject","inLanguage":"de","@id":"https:\/\/www.inverseteams.com\/de\/#\/schema\/logo\/image\/","url":"https:\/\/www.inverseteams.com\/wp-content\/uploads\/2021\/03\/logo-inverse-teams.png","contentUrl":"https:\/\/www.inverseteams.com\/wp-content\/uploads\/2021\/03\/logo-inverse-teams.png","width":294,"height":99,"caption":"Inverse Teams"},"image":{"@id":"https:\/\/www.inverseteams.com\/de\/#\/schema\/logo\/image\/"},"sameAs":["https:\/\/www.facebook.com\/inverseteams","http:\/\/instagram.com\/inverseteams","https:\/\/www.linkedin.com\/company\/inverse-cirosport-s-l-?trk=job_view_topcard_company_name","http:\/\/www.pinterest.com\/inverseteams\/","http:\/\/www.youtube.com\/user\/inverseteams?feature=watch"]}]}},"_links":{"self":[{"href":"https:\/\/www.inverseteams.com\/de\/wp-json\/wp\/v2\/product\/280474","targetHints":{"allow":["GET"]}}],"collection":[{"href":"https:\/\/www.inverseteams.com\/de\/wp-json\/wp\/v2\/product"}],"about":[{"href":"https:\/\/www.inverseteams.com\/de\/wp-json\/wp\/v2\/types\/product"}],"replies":[{"embeddable":true,"href":"https:\/\/www.inverseteams.com\/de\/wp-json\/wp\/v2\/comments?post=280474"}],"wp:featuredmedia":[{"embeddable":true,"href":"https:\/\/www.inverseteams.com\/de\/wp-json\/wp\/v2\/media\/280416"}],"wp:attachment":[{"href":"https:\/\/www.inverseteams.com\/de\/wp-json\/wp\/v2\/media?parent=280474"}],"wp:term":[{"taxonomy":"product_brand","embeddable":true,"href":"https:\/\/www.inverseteams.com\/de\/wp-json\/wp\/v2\/product_brand?post=280474"},{"taxonomy":"product_cat","embeddable":true,"href":"https:\/\/www.inverseteams.com\/de\/wp-json\/wp\/v2\/product_cat?post=280474"},{"taxonomy":"product_tag","embeddable":true,"href":"https:\/\/www.inverseteams.com\/de\/wp-json\/wp\/v2\/product_tag?post=280474"},{"taxonomy":"custom_category","embeddable":true,"href":"https:\/\/www.inverseteams.com\/de\/wp-json\/wp\/v2\/custom_category?post=280474"},{"taxonomy":"range","embeddable":true,"href":"https:\/\/www.inverseteams.com\/de\/wp-json\/wp\/v2\/range?post=280474"}],"curies":[{"name":"wp","href":"https:\/\/api.w.org\/{rel}","templated":true}]}}