{"id":279791,"date":"2026-03-06T17:23:33","date_gmt":"2026-03-06T16:23:33","guid":{"rendered":"https:\/\/www.inverseteams.com\/?post_type=product&#038;p=279791"},"modified":"2026-03-06T17:43:47","modified_gmt":"2026-03-06T16:43:47","slug":"sport-bh-motion-eira-black","status":"publish","type":"product","link":"https:\/\/www.inverseteams.com\/de\/produkt\/sport-bh-motion-eira-black\/","title":{"rendered":"Sport-BH MOTION EIRA BLACK"},"content":{"rendered":"<p data-start=\"6366\" data-end=\"6768\">Dieses <strong data-start=\"6373\" data-end=\"6403\">Premium-Sporttop f\u00fcr Damen<\/strong> wurde entwickelt, um die perfekte Balance zwischen <strong data-start=\"6455\" data-end=\"6498\">Halt, Leichtigkeit und Atmungsaktivit\u00e4t<\/strong> zu bieten und dich bei jeder Art von Training mit maximalem Komfort zu begleiten. Entwickelt f\u00fcr aktive Frauen, die Leistung suchen, ohne auf Stil zu verzichten, passt es sich sanft dem K\u00f6rper an und vermittelt bei jeder Bewegung ein Gef\u00fchl von Sicherheit und Freiheit.<br \/>\nSein <strong data-start=\"6775\" data-end=\"6794\">hoher St\u00fctzgrad<\/strong> macht es zur idealen Wahl f\u00fcr eine Vielzahl sportlicher Aktivit\u00e4ten \u2013 von intensiven Fitness-Workouts bis hin zu Radfahren, Laufen oder Training im Fitnessstudio. Das ergonomische Design passt sich nat\u00fcrlich an den K\u00f6rper an und sorgt selbst bei anspruchsvollen Belastungen f\u00fcr Stabilit\u00e4t und Komfort.<br \/>\nEs besteht aus zwei leistungsstarken technischen Materialien: <strong data-start=\"7160\" data-end=\"7189\">AIR und LYCRA REVOLUTION<\/strong>, ausgew\u00e4hlt f\u00fcr ihre hervorragende <strong data-start=\"7225\" data-end=\"7295\">Atmungsaktivit\u00e4t, Elastizit\u00e4t und angenehme Weichheit auf der Haut<\/strong>. Diese Kombination erm\u00f6glicht es dem Top, sich perfekt an den K\u00f6rper anzupassen und gleichzeitig den Feuchtigkeitstransport zu f\u00f6rdern, damit die Haut w\u00e4hrend der gesamten Aktivit\u00e4t trocken bleibt.<br \/>\nF\u00fcr maximalen Komfort sorgen <strong data-start=\"7524\" data-end=\"7575\">elastische Schaumabschl\u00fcsse und ein Innenfutter<\/strong>, die Reibung und Druckstellen selbst bei l\u00e4ngeren Trainingseinheiten minimieren. Die <strong data-start=\"7661\" data-end=\"7688\">Tr\u00e4ger aus Polypropylen<\/strong>, leicht, weich und besonders atmungsaktiv, gew\u00e4hrleisten einen stabilen Halt ohne Druckgef\u00fchl.<br \/>\nDer <strong data-start=\"7789\" data-end=\"7818\">perforierte R\u00fcckenbereich<\/strong> verbessert die Bel\u00fcftung und unterst\u00fctzt den Feuchtigkeitstransport in einer der Zonen, in denen sich W\u00e4rme am st\u00e4rksten sammelt, wodurch eine ausgeglichene K\u00f6rpertemperatur w\u00e4hrend des Trainings erhalten bleibt.<br \/>\nDas Ergebnis ist ein <strong data-start=\"8054\" data-end=\"8093\">hochleistungsf\u00e4higes Damen-Sporttop<\/strong>, leicht, komfortabel und au\u00dfergew\u00f6hnlich atmungsaktiv, das sich durch seine <strong data-start=\"8170\" data-end=\"8225\">Premium-Verarbeitung und seinen hervorragenden Halt<\/strong> auszeichnet. Ein Kleidungsst\u00fcck f\u00fcr Frauen, die <strong data-start=\"8274\" data-end=\"8311\">Performance, Komfort und Qualit\u00e4t<\/strong> suchen und das bereits <strong data-start=\"8335\" data-end=\"8383\">von vielen Sportlerinnen sehr gesch\u00e4tzt wird<\/strong>.<\/p>\n","protected":false},"excerpt":{"rendered":"<p>Dieses <strong data-start=\"6373\" data-end=\"6403\">Premium-Sporttop f\u00fcr Damen<\/strong> wurde entwickelt, um die perfekte Balance zwischen <strong data-start=\"6455\" data-end=\"6498\">Halt, Leichtigkeit und Atmungsaktivit\u00e4t<\/strong> zu bieten und dich bei jeder Art von Training mit maximalem Komfort zu begleiten. Entwickelt f\u00fcr aktive Frauen, die Leistung suchen, ohne auf Stil zu verzichten, passt es sich sanft dem K\u00f6rper an und vermittelt bei jeder Bewegung ein Gef\u00fchl von Sicherheit und Freiheit.<br \/>\nSein <strong data-start=\"6775\" data-end=\"6794\">hoher St\u00fctzgrad<\/strong> macht es zur idealen Wahl f\u00fcr eine Vielzahl sportlicher Aktivit\u00e4ten \u2013 von intensiven Fitness-Workouts bis hin zu Radfahren, Laufen oder Training im Fitnessstudio. Das ergonomische Design passt sich nat\u00fcrlich an den K\u00f6rper an und sorgt selbst bei anspruchsvollen Belastungen f\u00fcr Stabilit\u00e4t und Komfort.<br \/>\nEs besteht aus zwei leistungsstarken technischen Materialien: <strong data-start=\"7160\" data-end=\"7189\">AIR und LYCRA REVOLUTION<\/strong>, ausgew\u00e4hlt f\u00fcr ihre hervorragende <strong data-start=\"7225\" data-end=\"7295\">Atmungsaktivit\u00e4t, Elastizit\u00e4t und angenehme Weichheit auf der Haut<\/strong>. Diese Kombination erm\u00f6glicht es dem Top, sich perfekt an den K\u00f6rper anzupassen und gleichzeitig den Feuchtigkeitstransport zu f\u00f6rdern, damit die Haut w\u00e4hrend der gesamten Aktivit\u00e4t trocken bleibt.<br \/>\nF\u00fcr maximalen Komfort sorgen <strong data-start=\"7524\" data-end=\"7575\">elastische Schaumabschl\u00fcsse und ein Innenfutter<\/strong>, die Reibung und Druckstellen selbst bei l\u00e4ngeren Trainingseinheiten minimieren. Die <strong data-start=\"7661\" data-end=\"7688\">Tr\u00e4ger aus Polypropylen<\/strong>, leicht, weich und besonders atmungsaktiv, gew\u00e4hrleisten einen stabilen Halt ohne Druckgef\u00fchl.<br \/>\nDer <strong data-start=\"7789\" data-end=\"7818\">perforierte R\u00fcckenbereich<\/strong> verbessert die Bel\u00fcftung und unterst\u00fctzt den Feuchtigkeitstransport in einer der Zonen, in denen sich W\u00e4rme am st\u00e4rksten sammelt, wodurch eine ausgeglichene K\u00f6rpertemperatur w\u00e4hrend des Trainings erhalten bleibt.<br \/>\nDas Ergebnis ist ein <strong data-start=\"8054\" data-end=\"8093\">hochleistungsf\u00e4higes Damen-Sporttop<\/strong>, leicht, komfortabel und au\u00dfergew\u00f6hnlich atmungsaktiv, das sich durch seine <strong data-start=\"8170\" data-end=\"8225\">Premium-Verarbeitung und seinen hervorragenden Halt<\/strong> auszeichnet. Ein Kleidungsst\u00fcck f\u00fcr Frauen, die <strong data-start=\"8274\" data-end=\"8311\">Performance, Komfort und Qualit\u00e4t<\/strong> suchen und das bereits <strong data-start=\"8335\" data-end=\"8383\">von vielen Sportlerinnen sehr gesch\u00e4tzt wird<\/strong>.<\/p>\n","protected":false},"featured_media":279646,"comment_status":"closed","ping_status":"closed","template":"","meta":{"_acf_changed":false},"product_brand":[],"product_cat":[11153,11190,11258,11195],"product_tag":[],"custom_category":[],"range":[],"class_list":{"0":"post-279791","1":"product","2":"type-product","3":"status-publish","4":"has-post-thumbnail","6":"product_cat-b2b-de","7":"product_cat-radsportbekleidung","8":"product_cat-gravel-de","9":"product_cat-sportliches-zubehor","10":"pa_climatologia-frio-de","11":"pa_climatologia-temperatura-templada-de","12":"pa_climatologia-calor-de","13":"pa_deporte-ciclismo-de","14":"pa_deporte-trail-de","15":"pa_deporte-running-de","16":"pa_deporte-fitness-de","17":"pa_deporte-atletismo-de","18":"pa_deporte-crosstraining-de","19":"pa_deporte-gravel-de","20":"pa_genero-mujer-de","21":"pa_patronaje-fit-de","22":"pa_talla-s-de","23":"pa_talla-m-de","24":"pa_talla-l-de","25":"pa_talla-xl-de","26":"pa_talla-xs-de","27":"pa_tipo-de-prenda-top-de","29":"first","30":"instock","31":"taxable","32":"shipping-taxable","33":"purchasable","34":"product-type-variable","35":"has-default-attributes"},"acf":[],"yoast_head":"<!-- This site is optimized with the Yoast SEO plugin v27.3 - https:\/\/yoast.com\/product\/yoast-seo-wordpress\/ -->\n<title>Sport-BH MOTION EIRA BLACK (DAMEN)<\/title>\n<meta name=\"description\" content=\"Dieses Premium-Sporttop f\u00fcr Damen wurde entwickelt, um die perfekte Balance zwischen Halt, Leichtigkeit und Atmungsaktivit\u00e4t zu bieten und dich bei jeder Art von Training mit maximalem Komfort zu begleiten.\" \/>\n<meta name=\"robots\" content=\"index, follow, max-snippet:-1, max-image-preview:large, max-video-preview:-1\" \/>\n<link rel=\"canonical\" href=\"https:\/\/www.inverseteams.com\/de\/produkt\/sport-bh-motion-eira-black\/\" \/>\n<meta property=\"og:locale\" content=\"de_DE\" \/>\n<meta property=\"og:type\" content=\"article\" \/>\n<meta property=\"og:title\" content=\"Sport-BH MOTION EIRA BLACK (DAMEN)\" \/>\n<meta property=\"og:description\" content=\"Dieses Premium-Sporttop f\u00fcr Damen wurde entwickelt, um die perfekte Balance zwischen Halt, Leichtigkeit und Atmungsaktivit\u00e4t zu bieten und dich bei jeder Art von Training mit maximalem Komfort zu begleiten.\" \/>\n<meta property=\"og:url\" content=\"https:\/\/www.inverseteams.com\/de\/produkt\/sport-bh-motion-eira-black\/\" \/>\n<meta property=\"og:site_name\" content=\"Inverseteams\" \/>\n<meta property=\"article:publisher\" content=\"https:\/\/www.facebook.com\/inverseteams\" \/>\n<meta property=\"article:modified_time\" content=\"2026-03-06T16:43:47+00:00\" \/>\n<meta property=\"og:image\" content=\"https:\/\/www.inverseteams.com\/wp-content\/uploads\/INVERSE-TOP-MUJER-MOTION-EIRA-BLACK-001.jpg\" \/>\n\t<meta property=\"og:image:width\" content=\"1500\" \/>\n\t<meta property=\"og:image:height\" content=\"1612\" \/>\n\t<meta property=\"og:image:type\" content=\"image\/jpeg\" \/>\n<meta name=\"twitter:card\" content=\"summary_large_image\" \/>\n<meta name=\"twitter:label1\" content=\"Gesch\u00e4tzte Lesezeit\" \/>\n\t<meta name=\"twitter:data1\" content=\"2\u00a0Minute\" \/>\n<script type=\"application\/ld+json\" class=\"yoast-schema-graph\">{\"@context\":\"https:\\\/\\\/schema.org\",\"@graph\":[{\"@type\":\"WebPage\",\"@id\":\"https:\\\/\\\/www.inverseteams.com\\\/de\\\/produkt\\\/sport-bh-motion-eira-black\\\/\",\"url\":\"https:\\\/\\\/www.inverseteams.com\\\/de\\\/produkt\\\/sport-bh-motion-eira-black\\\/\",\"name\":\"Sport-BH MOTION EIRA BLACK (DAMEN)\",\"isPartOf\":{\"@id\":\"https:\\\/\\\/www.inverseteams.com\\\/de\\\/#website\"},\"primaryImageOfPage\":{\"@id\":\"https:\\\/\\\/www.inverseteams.com\\\/de\\\/produkt\\\/sport-bh-motion-eira-black\\\/#primaryimage\"},\"image\":{\"@id\":\"https:\\\/\\\/www.inverseteams.com\\\/de\\\/produkt\\\/sport-bh-motion-eira-black\\\/#primaryimage\"},\"thumbnailUrl\":\"https:\\\/\\\/www.inverseteams.com\\\/wp-content\\\/uploads\\\/INVERSE-TOP-MUJER-MOTION-EIRA-BLACK-001.jpg\",\"datePublished\":\"2026-03-06T16:23:33+00:00\",\"dateModified\":\"2026-03-06T16:43:47+00:00\",\"description\":\"Dieses Premium-Sporttop f\u00fcr Damen wurde entwickelt, um die perfekte Balance zwischen Halt, Leichtigkeit und Atmungsaktivit\u00e4t zu bieten und dich bei jeder Art von Training mit maximalem Komfort zu begleiten.\",\"breadcrumb\":{\"@id\":\"https:\\\/\\\/www.inverseteams.com\\\/de\\\/produkt\\\/sport-bh-motion-eira-black\\\/#breadcrumb\"},\"inLanguage\":\"de\",\"potentialAction\":[{\"@type\":\"ReadAction\",\"target\":[\"https:\\\/\\\/www.inverseteams.com\\\/de\\\/produkt\\\/sport-bh-motion-eira-black\\\/\"]}]},{\"@type\":\"ImageObject\",\"inLanguage\":\"de\",\"@id\":\"https:\\\/\\\/www.inverseteams.com\\\/de\\\/produkt\\\/sport-bh-motion-eira-black\\\/#primaryimage\",\"url\":\"https:\\\/\\\/www.inverseteams.com\\\/wp-content\\\/uploads\\\/INVERSE-TOP-MUJER-MOTION-EIRA-BLACK-001.jpg\",\"contentUrl\":\"https:\\\/\\\/www.inverseteams.com\\\/wp-content\\\/uploads\\\/INVERSE-TOP-MUJER-MOTION-EIRA-BLACK-001.jpg\",\"width\":1500,\"height\":1612},{\"@type\":\"BreadcrumbList\",\"@id\":\"https:\\\/\\\/www.inverseteams.com\\\/de\\\/produkt\\\/sport-bh-motion-eira-black\\\/#breadcrumb\",\"itemListElement\":[{\"@type\":\"ListItem\",\"position\":1,\"name\":\"Portada\",\"item\":\"https:\\\/\\\/www.inverseteams.com\\\/de\\\/\"},{\"@type\":\"ListItem\",\"position\":2,\"name\":\"Speichern\",\"item\":\"https:\\\/\\\/www.inverseteams.com\\\/de\\\/speichern\\\/\"},{\"@type\":\"ListItem\",\"position\":3,\"name\":\"Sport-BH MOTION EIRA BLACK\"}]},{\"@type\":\"WebSite\",\"@id\":\"https:\\\/\\\/www.inverseteams.com\\\/de\\\/#website\",\"url\":\"https:\\\/\\\/www.inverseteams.com\\\/de\\\/\",\"name\":\"Inverseteams\",\"description\":\"Tu marca de ropa deportiva personalizada\",\"publisher\":{\"@id\":\"https:\\\/\\\/www.inverseteams.com\\\/de\\\/#organization\"},\"potentialAction\":[{\"@type\":\"SearchAction\",\"target\":{\"@type\":\"EntryPoint\",\"urlTemplate\":\"https:\\\/\\\/www.inverseteams.com\\\/de\\\/?s={search_term_string}\"},\"query-input\":{\"@type\":\"PropertyValueSpecification\",\"valueRequired\":true,\"valueName\":\"search_term_string\"}}],\"inLanguage\":\"de\"},{\"@type\":\"Organization\",\"@id\":\"https:\\\/\\\/www.inverseteams.com\\\/de\\\/#organization\",\"name\":\"Inverse Teams\",\"url\":\"https:\\\/\\\/www.inverseteams.com\\\/de\\\/\",\"logo\":{\"@type\":\"ImageObject\",\"inLanguage\":\"de\",\"@id\":\"https:\\\/\\\/www.inverseteams.com\\\/de\\\/#\\\/schema\\\/logo\\\/image\\\/\",\"url\":\"https:\\\/\\\/www.inverseteams.com\\\/wp-content\\\/uploads\\\/2021\\\/03\\\/logo-inverse-teams.png\",\"contentUrl\":\"https:\\\/\\\/www.inverseteams.com\\\/wp-content\\\/uploads\\\/2021\\\/03\\\/logo-inverse-teams.png\",\"width\":294,\"height\":99,\"caption\":\"Inverse Teams\"},\"image\":{\"@id\":\"https:\\\/\\\/www.inverseteams.com\\\/de\\\/#\\\/schema\\\/logo\\\/image\\\/\"},\"sameAs\":[\"https:\\\/\\\/www.facebook.com\\\/inverseteams\",\"http:\\\/\\\/instagram.com\\\/inverseteams\",\"https:\\\/\\\/www.linkedin.com\\\/company\\\/inverse-cirosport-s-l-?trk=job_view_topcard_company_name\",\"http:\\\/\\\/www.pinterest.com\\\/inverseteams\\\/\",\"http:\\\/\\\/www.youtube.com\\\/user\\\/inverseteams?feature=watch\"]}]}<\/script>\n<!-- \/ Yoast SEO plugin. -->","yoast_head_json":{"title":"Sport-BH MOTION EIRA BLACK (DAMEN)","description":"Dieses Premium-Sporttop f\u00fcr Damen wurde entwickelt, um die perfekte Balance zwischen Halt, Leichtigkeit und Atmungsaktivit\u00e4t zu bieten und dich bei jeder Art von Training mit maximalem Komfort zu begleiten.","robots":{"index":"index","follow":"follow","max-snippet":"max-snippet:-1","max-image-preview":"max-image-preview:large","max-video-preview":"max-video-preview:-1"},"canonical":"https:\/\/www.inverseteams.com\/de\/produkt\/sport-bh-motion-eira-black\/","og_locale":"de_DE","og_type":"article","og_title":"Sport-BH MOTION EIRA BLACK (DAMEN)","og_description":"Dieses Premium-Sporttop f\u00fcr Damen wurde entwickelt, um die perfekte Balance zwischen Halt, Leichtigkeit und Atmungsaktivit\u00e4t zu bieten und dich bei jeder Art von Training mit maximalem Komfort zu begleiten.","og_url":"https:\/\/www.inverseteams.com\/de\/produkt\/sport-bh-motion-eira-black\/","og_site_name":"Inverseteams","article_publisher":"https:\/\/www.facebook.com\/inverseteams","article_modified_time":"2026-03-06T16:43:47+00:00","og_image":[{"width":1500,"height":1612,"url":"https:\/\/www.inverseteams.com\/wp-content\/uploads\/INVERSE-TOP-MUJER-MOTION-EIRA-BLACK-001.jpg","type":"image\/jpeg"}],"twitter_card":"summary_large_image","twitter_misc":{"Gesch\u00e4tzte Lesezeit":"2\u00a0Minute"},"schema":{"@context":"https:\/\/schema.org","@graph":[{"@type":"WebPage","@id":"https:\/\/www.inverseteams.com\/de\/produkt\/sport-bh-motion-eira-black\/","url":"https:\/\/www.inverseteams.com\/de\/produkt\/sport-bh-motion-eira-black\/","name":"Sport-BH MOTION EIRA BLACK (DAMEN)","isPartOf":{"@id":"https:\/\/www.inverseteams.com\/de\/#website"},"primaryImageOfPage":{"@id":"https:\/\/www.inverseteams.com\/de\/produkt\/sport-bh-motion-eira-black\/#primaryimage"},"image":{"@id":"https:\/\/www.inverseteams.com\/de\/produkt\/sport-bh-motion-eira-black\/#primaryimage"},"thumbnailUrl":"https:\/\/www.inverseteams.com\/wp-content\/uploads\/INVERSE-TOP-MUJER-MOTION-EIRA-BLACK-001.jpg","datePublished":"2026-03-06T16:23:33+00:00","dateModified":"2026-03-06T16:43:47+00:00","description":"Dieses Premium-Sporttop f\u00fcr Damen wurde entwickelt, um die perfekte Balance zwischen Halt, Leichtigkeit und Atmungsaktivit\u00e4t zu bieten und dich bei jeder Art von Training mit maximalem Komfort zu begleiten.","breadcrumb":{"@id":"https:\/\/www.inverseteams.com\/de\/produkt\/sport-bh-motion-eira-black\/#breadcrumb"},"inLanguage":"de","potentialAction":[{"@type":"ReadAction","target":["https:\/\/www.inverseteams.com\/de\/produkt\/sport-bh-motion-eira-black\/"]}]},{"@type":"ImageObject","inLanguage":"de","@id":"https:\/\/www.inverseteams.com\/de\/produkt\/sport-bh-motion-eira-black\/#primaryimage","url":"https:\/\/www.inverseteams.com\/wp-content\/uploads\/INVERSE-TOP-MUJER-MOTION-EIRA-BLACK-001.jpg","contentUrl":"https:\/\/www.inverseteams.com\/wp-content\/uploads\/INVERSE-TOP-MUJER-MOTION-EIRA-BLACK-001.jpg","width":1500,"height":1612},{"@type":"BreadcrumbList","@id":"https:\/\/www.inverseteams.com\/de\/produkt\/sport-bh-motion-eira-black\/#breadcrumb","itemListElement":[{"@type":"ListItem","position":1,"name":"Portada","item":"https:\/\/www.inverseteams.com\/de\/"},{"@type":"ListItem","position":2,"name":"Speichern","item":"https:\/\/www.inverseteams.com\/de\/speichern\/"},{"@type":"ListItem","position":3,"name":"Sport-BH MOTION EIRA BLACK"}]},{"@type":"WebSite","@id":"https:\/\/www.inverseteams.com\/de\/#website","url":"https:\/\/www.inverseteams.com\/de\/","name":"Inverseteams","description":"Tu marca de ropa deportiva personalizada","publisher":{"@id":"https:\/\/www.inverseteams.com\/de\/#organization"},"potentialAction":[{"@type":"SearchAction","target":{"@type":"EntryPoint","urlTemplate":"https:\/\/www.inverseteams.com\/de\/?s={search_term_string}"},"query-input":{"@type":"PropertyValueSpecification","valueRequired":true,"valueName":"search_term_string"}}],"inLanguage":"de"},{"@type":"Organization","@id":"https:\/\/www.inverseteams.com\/de\/#organization","name":"Inverse Teams","url":"https:\/\/www.inverseteams.com\/de\/","logo":{"@type":"ImageObject","inLanguage":"de","@id":"https:\/\/www.inverseteams.com\/de\/#\/schema\/logo\/image\/","url":"https:\/\/www.inverseteams.com\/wp-content\/uploads\/2021\/03\/logo-inverse-teams.png","contentUrl":"https:\/\/www.inverseteams.com\/wp-content\/uploads\/2021\/03\/logo-inverse-teams.png","width":294,"height":99,"caption":"Inverse Teams"},"image":{"@id":"https:\/\/www.inverseteams.com\/de\/#\/schema\/logo\/image\/"},"sameAs":["https:\/\/www.facebook.com\/inverseteams","http:\/\/instagram.com\/inverseteams","https:\/\/www.linkedin.com\/company\/inverse-cirosport-s-l-?trk=job_view_topcard_company_name","http:\/\/www.pinterest.com\/inverseteams\/","http:\/\/www.youtube.com\/user\/inverseteams?feature=watch"]}]}},"_links":{"self":[{"href":"https:\/\/www.inverseteams.com\/de\/wp-json\/wp\/v2\/product\/279791","targetHints":{"allow":["GET"]}}],"collection":[{"href":"https:\/\/www.inverseteams.com\/de\/wp-json\/wp\/v2\/product"}],"about":[{"href":"https:\/\/www.inverseteams.com\/de\/wp-json\/wp\/v2\/types\/product"}],"replies":[{"embeddable":true,"href":"https:\/\/www.inverseteams.com\/de\/wp-json\/wp\/v2\/comments?post=279791"}],"wp:featuredmedia":[{"embeddable":true,"href":"https:\/\/www.inverseteams.com\/de\/wp-json\/wp\/v2\/media\/279646"}],"wp:attachment":[{"href":"https:\/\/www.inverseteams.com\/de\/wp-json\/wp\/v2\/media?parent=279791"}],"wp:term":[{"taxonomy":"product_brand","embeddable":true,"href":"https:\/\/www.inverseteams.com\/de\/wp-json\/wp\/v2\/product_brand?post=279791"},{"taxonomy":"product_cat","embeddable":true,"href":"https:\/\/www.inverseteams.com\/de\/wp-json\/wp\/v2\/product_cat?post=279791"},{"taxonomy":"product_tag","embeddable":true,"href":"https:\/\/www.inverseteams.com\/de\/wp-json\/wp\/v2\/product_tag?post=279791"},{"taxonomy":"custom_category","embeddable":true,"href":"https:\/\/www.inverseteams.com\/de\/wp-json\/wp\/v2\/custom_category?post=279791"},{"taxonomy":"range","embeddable":true,"href":"https:\/\/www.inverseteams.com\/de\/wp-json\/wp\/v2\/range?post=279791"}],"curies":[{"name":"wp","href":"https:\/\/api.w.org\/{rel}","templated":true}]}}