{"id":279279,"date":"2026-03-06T09:59:07","date_gmt":"2026-03-06T08:59:07","guid":{"rendered":"https:\/\/www.inverseteams.com\/?post_type=product&#038;p=279279"},"modified":"2026-03-06T10:44:56","modified_gmt":"2026-03-06T09:44:56","slug":"radtrikot-motion-india-maya","status":"publish","type":"product","link":"https:\/\/www.inverseteams.com\/de\/produkt\/radtrikot-motion-india-maya\/","title":{"rendered":"Radtrikot MOTION INDIA MAYA"},"content":{"rendered":"<p>Das kurz\u00e4rmelige Trikot, das die Essenz des modernen Radsports neu definiert: klare Linien, hochwertige Verarbeitung und zeitlose Eleganz \u2013 entwickelt, um sich <strong>dem weiblichen K\u00f6rper anzupassen und die feminine Silhouette auf dem Rad zu betonen<\/strong>.<br \/>\nAls speziell entwickeltes Damen-Radtrikot wurde sein Schnitt sorgf\u00e4ltig gestaltet, um sich perfekt an die weibliche Anatomie anzupassen und ein ideales Gleichgewicht zwischen \u00c4sthetik, Komfort und Performance zu bieten. Sein Slim-Fit-Schnitt, sehr k\u00f6rpernah, <strong>liegt wie eine zweite Haut an und folgt den nat\u00fcrlichen Konturen des K\u00f6rpers<\/strong>, w\u00e4hrend er gleichzeitig maximale Bewegungsfreiheit und ein pr\u00e4zises aerodynamisches Gef\u00fchl bei jeder Pedalbewegung bietet.<br \/>\nEs besteht aus vier hoch elastischen und leichten Materialien, die strategisch kombiniert wurden, um Atmungsaktivit\u00e4t, Anpassungsf\u00e4higkeit und Leichtigkeit in jeder Zone zu gew\u00e4hrleisten und so eine umschlie\u00dfende Passform zu schaffen, die sich nat\u00fcrlich an Oberk\u00f6rper und Taille anpasst.<br \/>\nDer Bund verf\u00fcgt \u00fcber ein <strong>elastisches Band mit Innen-Grip<\/strong>, das auch bei intensiven Belastungen einen festen und komfortablen Sitz garantiert und das Trikot zuverl\u00e4ssig an seinem Platz h\u00e4lt. Die thermoversiegelten Abschl\u00fcsse unterstreichen die minimalistische \u00c4sthetik des Designs, indem sie unn\u00f6tige N\u00e4hte eliminieren und zus\u00e4tzlichen Komfort, Leichtigkeit und Raffinesse bieten.<br \/>\nIm Lendenbereich befinden sich <strong>drei R\u00fcckentaschen mit dem ISP-System<\/strong> (Inverse Safe Pocket), die f\u00fcr mehr Sicherheit und Stabilit\u00e4t deiner Gegenst\u00e4nde w\u00e4hrend der Fahrt entwickelt wurden. Zus\u00e4tzlich verf\u00fcgt das Trikot \u00fcber eine <strong>extra wasserdichte Rei\u00dfverschlusstasche<\/strong>, ideal zum Schutz empfindlicher Gegenst\u00e4nde wie Schl\u00fcssel oder elektronische Ger\u00e4te.<br \/>\nDer <strong>nahtlose Kragen<\/strong> an der Vorderseite sorgt f\u00fcr ein angenehmes Hautgef\u00fchl und verhindert Reibung oder Irritationen auf langen Fahrten. Der magnetische Rei\u00dfverschluss mit Antipull-System erm\u00f6glicht eine einfache Anpassung auch w\u00e4hrend der Fahrt und verhindert ein unbeabsichtigtes \u00d6ffnen \u2013 f\u00fcr zus\u00e4tzliche Funktionalit\u00e4t in einem bis ins Detail durchdachten Design.<br \/>\nLeichtigkeit, Leistung, Komfort und Stil vereinen sich in einem Trikot, das die weibliche Silhouette mit einer pr\u00e4zisen und eleganten Passform unterstreicht, und sich durch seinen minimalistischen Charakter, seine Premium-Verarbeitung und seine elegante Pr\u00e4senz auf dem Rad auszeichnet. Ein Kleidungsst\u00fcck f\u00fcr Radfahrerinnen, die verstehen, dass weniger mehr ist \u2013 auch auf dem Asphalt.<\/p>\n","protected":false},"excerpt":{"rendered":"<p>Das kurz\u00e4rmelige Trikot, das die Essenz des modernen Radsports neu definiert: klare Linien, hochwertige Verarbeitung und zeitlose Eleganz \u2013 entwickelt, um sich <strong>dem weiblichen K\u00f6rper anzupassen und die feminine Silhouette auf dem Rad zu betonen<\/strong>.<br \/>\nAls speziell entwickeltes Damen-Radtrikot wurde sein Schnitt sorgf\u00e4ltig gestaltet, um sich perfekt an die weibliche Anatomie anzupassen und ein ideales Gleichgewicht zwischen \u00c4sthetik, Komfort und Performance zu bieten. Sein Slim-Fit-Schnitt, sehr k\u00f6rpernah, <strong>liegt wie eine zweite Haut an und folgt den nat\u00fcrlichen Konturen des K\u00f6rpers<\/strong>, w\u00e4hrend er gleichzeitig maximale Bewegungsfreiheit und ein pr\u00e4zises aerodynamisches Gef\u00fchl bei jeder Pedalbewegung bietet.<br \/>\nEs besteht aus vier hoch elastischen und leichten Materialien, die strategisch kombiniert wurden, um Atmungsaktivit\u00e4t, Anpassungsf\u00e4higkeit und Leichtigkeit in jeder Zone zu gew\u00e4hrleisten und so eine umschlie\u00dfende Passform zu schaffen, die sich nat\u00fcrlich an Oberk\u00f6rper und Taille anpasst.<br \/>\nDer Bund verf\u00fcgt \u00fcber ein <strong>elastisches Band mit Innen-Grip<\/strong>, das auch bei intensiven Belastungen einen festen und komfortablen Sitz garantiert und das Trikot zuverl\u00e4ssig an seinem Platz h\u00e4lt. Die thermoversiegelten Abschl\u00fcsse unterstreichen die minimalistische \u00c4sthetik des Designs, indem sie unn\u00f6tige N\u00e4hte eliminieren und zus\u00e4tzlichen Komfort, Leichtigkeit und Raffinesse bieten.<br \/>\nIm Lendenbereich befinden sich <strong>drei R\u00fcckentaschen mit dem ISP-System<\/strong> (Inverse Safe Pocket), die f\u00fcr mehr Sicherheit und Stabilit\u00e4t deiner Gegenst\u00e4nde w\u00e4hrend der Fahrt entwickelt wurden. Zus\u00e4tzlich verf\u00fcgt das Trikot \u00fcber eine <strong>extra wasserdichte Rei\u00dfverschlusstasche<\/strong>, ideal zum Schutz empfindlicher Gegenst\u00e4nde wie Schl\u00fcssel oder elektronische Ger\u00e4te.<br \/>\nDer <strong>nahtlose Kragen<\/strong> an der Vorderseite sorgt f\u00fcr ein angenehmes Hautgef\u00fchl und verhindert Reibung oder Irritationen auf langen Fahrten. Der magnetische Rei\u00dfverschluss mit Antipull-System erm\u00f6glicht eine einfache Anpassung auch w\u00e4hrend der Fahrt und verhindert ein unbeabsichtigtes \u00d6ffnen \u2013 f\u00fcr zus\u00e4tzliche Funktionalit\u00e4t in einem bis ins Detail durchdachten Design.<br \/>\nLeichtigkeit, Leistung, Komfort und Stil vereinen sich in einem Trikot, das die weibliche Silhouette mit einer pr\u00e4zisen und eleganten Passform unterstreicht, und sich durch seinen minimalistischen Charakter, seine Premium-Verarbeitung und seine elegante Pr\u00e4senz auf dem Rad auszeichnet. Ein Kleidungsst\u00fcck f\u00fcr Radfahrerinnen, die verstehen, dass weniger mehr ist \u2013 auch auf dem Asphalt.<\/p>\n","protected":false},"featured_media":279289,"comment_status":"closed","ping_status":"closed","template":"","meta":{"_acf_changed":false},"product_brand":[],"product_cat":[11152,11153,11190,11258],"product_tag":[],"custom_category":[],"range":[],"class_list":{"0":"post-279279","1":"product","2":"type-product","3":"status-publish","4":"has-post-thumbnail","6":"product_cat-radtrikots","7":"product_cat-b2b-de","8":"product_cat-radsportbekleidung","9":"product_cat-gravel-de","10":"pa_climatologia-calor-de","11":"pa_deporte-ciclismo-de","12":"pa_deporte-gravel-de","13":"pa_genero-mujer-de","14":"pa_patronaje-fit-de","15":"pa_talla-xs-de","16":"pa_talla-s-de","17":"pa_talla-m-de","18":"pa_talla-l-de","19":"pa_talla-xl-de","20":"pa_tipo-de-prenda-maillot-manga-corta-de","22":"first","23":"instock","24":"featured","25":"taxable","26":"shipping-taxable","27":"purchasable","28":"product-type-variable"},"acf":[],"yoast_head":"<!-- This site is optimized with the Yoast SEO plugin v27.3 - https:\/\/yoast.com\/product\/yoast-seo-wordpress\/ -->\n<title>Radtrikot MOTION INDIA MAYA (DAMEN)<\/title>\n<meta name=\"description\" content=\"Mit seinem Slim-Fit-Schnitt (sehr eng anliegend) passt es sich dem K\u00f6rper wie eine zweite Haut an und bietet vollst\u00e4ndige Bewegungsfreiheit sowie ein pr\u00e4zises aerodynamisches Gef\u00fchl auf dem Rad.\" \/>\n<meta name=\"robots\" content=\"index, follow, max-snippet:-1, max-image-preview:large, max-video-preview:-1\" \/>\n<link rel=\"canonical\" href=\"https:\/\/www.inverseteams.com\/de\/produkt\/radtrikot-motion-india-maya\/\" \/>\n<meta property=\"og:locale\" content=\"de_DE\" \/>\n<meta property=\"og:type\" content=\"article\" \/>\n<meta property=\"og:title\" content=\"Radtrikot MOTION INDIA MAYA (DAMEN)\" \/>\n<meta property=\"og:description\" content=\"Mit seinem Slim-Fit-Schnitt (sehr eng anliegend) passt es sich dem K\u00f6rper wie eine zweite Haut an und bietet vollst\u00e4ndige Bewegungsfreiheit sowie ein pr\u00e4zises aerodynamisches Gef\u00fchl auf dem Rad.\" \/>\n<meta property=\"og:url\" content=\"https:\/\/www.inverseteams.com\/de\/produkt\/radtrikot-motion-india-maya\/\" \/>\n<meta property=\"og:site_name\" content=\"Inverseteams\" \/>\n<meta property=\"article:publisher\" content=\"https:\/\/www.facebook.com\/inverseteams\" \/>\n<meta property=\"article:modified_time\" content=\"2026-03-06T09:44:56+00:00\" \/>\n<meta property=\"og:image\" content=\"https:\/\/www.inverseteams.com\/wp-content\/uploads\/INVERSE-CICLISMO-MUJER-MAILLOT-MOTION-INDIA-MAYA-001.jpg\" \/>\n\t<meta property=\"og:image:width\" content=\"1500\" \/>\n\t<meta property=\"og:image:height\" content=\"1612\" \/>\n\t<meta property=\"og:image:type\" content=\"image\/jpeg\" \/>\n<meta name=\"twitter:card\" content=\"summary_large_image\" \/>\n<meta name=\"twitter:label1\" content=\"Gesch\u00e4tzte Lesezeit\" \/>\n\t<meta name=\"twitter:data1\" content=\"2\u00a0Minute\" \/>\n<script type=\"application\/ld+json\" class=\"yoast-schema-graph\">{\"@context\":\"https:\\\/\\\/schema.org\",\"@graph\":[{\"@type\":\"WebPage\",\"@id\":\"https:\\\/\\\/www.inverseteams.com\\\/de\\\/produkt\\\/radtrikot-motion-india-maya\\\/\",\"url\":\"https:\\\/\\\/www.inverseteams.com\\\/de\\\/produkt\\\/radtrikot-motion-india-maya\\\/\",\"name\":\"Radtrikot MOTION INDIA MAYA (DAMEN)\",\"isPartOf\":{\"@id\":\"https:\\\/\\\/www.inverseteams.com\\\/de\\\/#website\"},\"primaryImageOfPage\":{\"@id\":\"https:\\\/\\\/www.inverseteams.com\\\/de\\\/produkt\\\/radtrikot-motion-india-maya\\\/#primaryimage\"},\"image\":{\"@id\":\"https:\\\/\\\/www.inverseteams.com\\\/de\\\/produkt\\\/radtrikot-motion-india-maya\\\/#primaryimage\"},\"thumbnailUrl\":\"https:\\\/\\\/www.inverseteams.com\\\/wp-content\\\/uploads\\\/INVERSE-CICLISMO-MUJER-MAILLOT-MOTION-INDIA-MAYA-001.jpg\",\"datePublished\":\"2026-03-06T08:59:07+00:00\",\"dateModified\":\"2026-03-06T09:44:56+00:00\",\"description\":\"Mit seinem Slim-Fit-Schnitt (sehr eng anliegend) passt es sich dem K\u00f6rper wie eine zweite Haut an und bietet vollst\u00e4ndige Bewegungsfreiheit sowie ein pr\u00e4zises aerodynamisches Gef\u00fchl auf dem Rad.\",\"breadcrumb\":{\"@id\":\"https:\\\/\\\/www.inverseteams.com\\\/de\\\/produkt\\\/radtrikot-motion-india-maya\\\/#breadcrumb\"},\"inLanguage\":\"de\",\"potentialAction\":[{\"@type\":\"ReadAction\",\"target\":[\"https:\\\/\\\/www.inverseteams.com\\\/de\\\/produkt\\\/radtrikot-motion-india-maya\\\/\"]}]},{\"@type\":\"ImageObject\",\"inLanguage\":\"de\",\"@id\":\"https:\\\/\\\/www.inverseteams.com\\\/de\\\/produkt\\\/radtrikot-motion-india-maya\\\/#primaryimage\",\"url\":\"https:\\\/\\\/www.inverseteams.com\\\/wp-content\\\/uploads\\\/INVERSE-CICLISMO-MUJER-MAILLOT-MOTION-INDIA-MAYA-001.jpg\",\"contentUrl\":\"https:\\\/\\\/www.inverseteams.com\\\/wp-content\\\/uploads\\\/INVERSE-CICLISMO-MUJER-MAILLOT-MOTION-INDIA-MAYA-001.jpg\",\"width\":1500,\"height\":1612},{\"@type\":\"BreadcrumbList\",\"@id\":\"https:\\\/\\\/www.inverseteams.com\\\/de\\\/produkt\\\/radtrikot-motion-india-maya\\\/#breadcrumb\",\"itemListElement\":[{\"@type\":\"ListItem\",\"position\":1,\"name\":\"Portada\",\"item\":\"https:\\\/\\\/www.inverseteams.com\\\/de\\\/\"},{\"@type\":\"ListItem\",\"position\":2,\"name\":\"Speichern\",\"item\":\"https:\\\/\\\/www.inverseteams.com\\\/de\\\/speichern\\\/\"},{\"@type\":\"ListItem\",\"position\":3,\"name\":\"Radtrikot MOTION INDIA MAYA\"}]},{\"@type\":\"WebSite\",\"@id\":\"https:\\\/\\\/www.inverseteams.com\\\/de\\\/#website\",\"url\":\"https:\\\/\\\/www.inverseteams.com\\\/de\\\/\",\"name\":\"Inverseteams\",\"description\":\"Tu marca de ropa deportiva personalizada\",\"publisher\":{\"@id\":\"https:\\\/\\\/www.inverseteams.com\\\/de\\\/#organization\"},\"potentialAction\":[{\"@type\":\"SearchAction\",\"target\":{\"@type\":\"EntryPoint\",\"urlTemplate\":\"https:\\\/\\\/www.inverseteams.com\\\/de\\\/?s={search_term_string}\"},\"query-input\":{\"@type\":\"PropertyValueSpecification\",\"valueRequired\":true,\"valueName\":\"search_term_string\"}}],\"inLanguage\":\"de\"},{\"@type\":\"Organization\",\"@id\":\"https:\\\/\\\/www.inverseteams.com\\\/de\\\/#organization\",\"name\":\"Inverse Teams\",\"url\":\"https:\\\/\\\/www.inverseteams.com\\\/de\\\/\",\"logo\":{\"@type\":\"ImageObject\",\"inLanguage\":\"de\",\"@id\":\"https:\\\/\\\/www.inverseteams.com\\\/de\\\/#\\\/schema\\\/logo\\\/image\\\/\",\"url\":\"https:\\\/\\\/www.inverseteams.com\\\/wp-content\\\/uploads\\\/2021\\\/03\\\/logo-inverse-teams.png\",\"contentUrl\":\"https:\\\/\\\/www.inverseteams.com\\\/wp-content\\\/uploads\\\/2021\\\/03\\\/logo-inverse-teams.png\",\"width\":294,\"height\":99,\"caption\":\"Inverse Teams\"},\"image\":{\"@id\":\"https:\\\/\\\/www.inverseteams.com\\\/de\\\/#\\\/schema\\\/logo\\\/image\\\/\"},\"sameAs\":[\"https:\\\/\\\/www.facebook.com\\\/inverseteams\",\"http:\\\/\\\/instagram.com\\\/inverseteams\",\"https:\\\/\\\/www.linkedin.com\\\/company\\\/inverse-cirosport-s-l-?trk=job_view_topcard_company_name\",\"http:\\\/\\\/www.pinterest.com\\\/inverseteams\\\/\",\"http:\\\/\\\/www.youtube.com\\\/user\\\/inverseteams?feature=watch\"]}]}<\/script>\n<!-- \/ Yoast SEO plugin. -->","yoast_head_json":{"title":"Radtrikot MOTION INDIA MAYA (DAMEN)","description":"Mit seinem Slim-Fit-Schnitt (sehr eng anliegend) passt es sich dem K\u00f6rper wie eine zweite Haut an und bietet vollst\u00e4ndige Bewegungsfreiheit sowie ein pr\u00e4zises aerodynamisches Gef\u00fchl auf dem Rad.","robots":{"index":"index","follow":"follow","max-snippet":"max-snippet:-1","max-image-preview":"max-image-preview:large","max-video-preview":"max-video-preview:-1"},"canonical":"https:\/\/www.inverseteams.com\/de\/produkt\/radtrikot-motion-india-maya\/","og_locale":"de_DE","og_type":"article","og_title":"Radtrikot MOTION INDIA MAYA (DAMEN)","og_description":"Mit seinem Slim-Fit-Schnitt (sehr eng anliegend) passt es sich dem K\u00f6rper wie eine zweite Haut an und bietet vollst\u00e4ndige Bewegungsfreiheit sowie ein pr\u00e4zises aerodynamisches Gef\u00fchl auf dem Rad.","og_url":"https:\/\/www.inverseteams.com\/de\/produkt\/radtrikot-motion-india-maya\/","og_site_name":"Inverseteams","article_publisher":"https:\/\/www.facebook.com\/inverseteams","article_modified_time":"2026-03-06T09:44:56+00:00","og_image":[{"width":1500,"height":1612,"url":"https:\/\/www.inverseteams.com\/wp-content\/uploads\/INVERSE-CICLISMO-MUJER-MAILLOT-MOTION-INDIA-MAYA-001.jpg","type":"image\/jpeg"}],"twitter_card":"summary_large_image","twitter_misc":{"Gesch\u00e4tzte Lesezeit":"2\u00a0Minute"},"schema":{"@context":"https:\/\/schema.org","@graph":[{"@type":"WebPage","@id":"https:\/\/www.inverseteams.com\/de\/produkt\/radtrikot-motion-india-maya\/","url":"https:\/\/www.inverseteams.com\/de\/produkt\/radtrikot-motion-india-maya\/","name":"Radtrikot MOTION INDIA MAYA (DAMEN)","isPartOf":{"@id":"https:\/\/www.inverseteams.com\/de\/#website"},"primaryImageOfPage":{"@id":"https:\/\/www.inverseteams.com\/de\/produkt\/radtrikot-motion-india-maya\/#primaryimage"},"image":{"@id":"https:\/\/www.inverseteams.com\/de\/produkt\/radtrikot-motion-india-maya\/#primaryimage"},"thumbnailUrl":"https:\/\/www.inverseteams.com\/wp-content\/uploads\/INVERSE-CICLISMO-MUJER-MAILLOT-MOTION-INDIA-MAYA-001.jpg","datePublished":"2026-03-06T08:59:07+00:00","dateModified":"2026-03-06T09:44:56+00:00","description":"Mit seinem Slim-Fit-Schnitt (sehr eng anliegend) passt es sich dem K\u00f6rper wie eine zweite Haut an und bietet vollst\u00e4ndige Bewegungsfreiheit sowie ein pr\u00e4zises aerodynamisches Gef\u00fchl auf dem Rad.","breadcrumb":{"@id":"https:\/\/www.inverseteams.com\/de\/produkt\/radtrikot-motion-india-maya\/#breadcrumb"},"inLanguage":"de","potentialAction":[{"@type":"ReadAction","target":["https:\/\/www.inverseteams.com\/de\/produkt\/radtrikot-motion-india-maya\/"]}]},{"@type":"ImageObject","inLanguage":"de","@id":"https:\/\/www.inverseteams.com\/de\/produkt\/radtrikot-motion-india-maya\/#primaryimage","url":"https:\/\/www.inverseteams.com\/wp-content\/uploads\/INVERSE-CICLISMO-MUJER-MAILLOT-MOTION-INDIA-MAYA-001.jpg","contentUrl":"https:\/\/www.inverseteams.com\/wp-content\/uploads\/INVERSE-CICLISMO-MUJER-MAILLOT-MOTION-INDIA-MAYA-001.jpg","width":1500,"height":1612},{"@type":"BreadcrumbList","@id":"https:\/\/www.inverseteams.com\/de\/produkt\/radtrikot-motion-india-maya\/#breadcrumb","itemListElement":[{"@type":"ListItem","position":1,"name":"Portada","item":"https:\/\/www.inverseteams.com\/de\/"},{"@type":"ListItem","position":2,"name":"Speichern","item":"https:\/\/www.inverseteams.com\/de\/speichern\/"},{"@type":"ListItem","position":3,"name":"Radtrikot MOTION INDIA MAYA"}]},{"@type":"WebSite","@id":"https:\/\/www.inverseteams.com\/de\/#website","url":"https:\/\/www.inverseteams.com\/de\/","name":"Inverseteams","description":"Tu marca de ropa deportiva personalizada","publisher":{"@id":"https:\/\/www.inverseteams.com\/de\/#organization"},"potentialAction":[{"@type":"SearchAction","target":{"@type":"EntryPoint","urlTemplate":"https:\/\/www.inverseteams.com\/de\/?s={search_term_string}"},"query-input":{"@type":"PropertyValueSpecification","valueRequired":true,"valueName":"search_term_string"}}],"inLanguage":"de"},{"@type":"Organization","@id":"https:\/\/www.inverseteams.com\/de\/#organization","name":"Inverse Teams","url":"https:\/\/www.inverseteams.com\/de\/","logo":{"@type":"ImageObject","inLanguage":"de","@id":"https:\/\/www.inverseteams.com\/de\/#\/schema\/logo\/image\/","url":"https:\/\/www.inverseteams.com\/wp-content\/uploads\/2021\/03\/logo-inverse-teams.png","contentUrl":"https:\/\/www.inverseteams.com\/wp-content\/uploads\/2021\/03\/logo-inverse-teams.png","width":294,"height":99,"caption":"Inverse Teams"},"image":{"@id":"https:\/\/www.inverseteams.com\/de\/#\/schema\/logo\/image\/"},"sameAs":["https:\/\/www.facebook.com\/inverseteams","http:\/\/instagram.com\/inverseteams","https:\/\/www.linkedin.com\/company\/inverse-cirosport-s-l-?trk=job_view_topcard_company_name","http:\/\/www.pinterest.com\/inverseteams\/","http:\/\/www.youtube.com\/user\/inverseteams?feature=watch"]}]}},"_links":{"self":[{"href":"https:\/\/www.inverseteams.com\/de\/wp-json\/wp\/v2\/product\/279279","targetHints":{"allow":["GET"]}}],"collection":[{"href":"https:\/\/www.inverseteams.com\/de\/wp-json\/wp\/v2\/product"}],"about":[{"href":"https:\/\/www.inverseteams.com\/de\/wp-json\/wp\/v2\/types\/product"}],"replies":[{"embeddable":true,"href":"https:\/\/www.inverseteams.com\/de\/wp-json\/wp\/v2\/comments?post=279279"}],"wp:featuredmedia":[{"embeddable":true,"href":"https:\/\/www.inverseteams.com\/de\/wp-json\/wp\/v2\/media\/279289"}],"wp:attachment":[{"href":"https:\/\/www.inverseteams.com\/de\/wp-json\/wp\/v2\/media?parent=279279"}],"wp:term":[{"taxonomy":"product_brand","embeddable":true,"href":"https:\/\/www.inverseteams.com\/de\/wp-json\/wp\/v2\/product_brand?post=279279"},{"taxonomy":"product_cat","embeddable":true,"href":"https:\/\/www.inverseteams.com\/de\/wp-json\/wp\/v2\/product_cat?post=279279"},{"taxonomy":"product_tag","embeddable":true,"href":"https:\/\/www.inverseteams.com\/de\/wp-json\/wp\/v2\/product_tag?post=279279"},{"taxonomy":"custom_category","embeddable":true,"href":"https:\/\/www.inverseteams.com\/de\/wp-json\/wp\/v2\/custom_category?post=279279"},{"taxonomy":"range","embeddable":true,"href":"https:\/\/www.inverseteams.com\/de\/wp-json\/wp\/v2\/range?post=279279"}],"curies":[{"name":"wp","href":"https:\/\/api.w.org\/{rel}","templated":true}]}}