{"id":279165,"date":"2026-03-06T09:04:16","date_gmt":"2026-03-06T08:04:16","guid":{"rendered":"https:\/\/www.inverseteams.com\/?post_type=product&#038;p=279165"},"modified":"2026-03-06T09:48:00","modified_gmt":"2026-03-06T08:48:00","slug":"radtrikot-essenz-asia-iris","status":"publish","type":"product","link":"https:\/\/www.inverseteams.com\/de\/produkt\/radtrikot-essenz-asia-iris\/","title":{"rendered":"Radtrikot ESSENZ ASIA IRIS"},"content":{"rendered":"<p>Das <strong>ESSENZ Women<\/strong> Trikot wurde entwickelt, um dich auf deinen w\u00e4rmsten Ausfahrten zu begleiten \u2013 wenn der Asphalt Hitze abstrahlt und jeder Kilometer nach <strong>Frische, Leichtigkeit und v\u00f6lliger Bewegungsfreiheit verlangt<\/strong>. Als speziell entwickeltes Damen-Radtrikot ist sein Schnitt darauf ausgelegt, sich perfekt an die weibliche Anatomie anzupassen und so eine nat\u00fcrliche Passform zu bieten, die Komfort und Leistung auf dem Rad unterst\u00fctzt.<br \/>\nSein Slim-Fit-Design (sehr k\u00f6rpernah) liegt wie eine zweite Haut am K\u00f6rper an, betont die Silhouette und optimiert die Aerodynamik, ohne dabei auf Komfort zu verzichten. Der Schnitt wurde sorgf\u00e4ltig entwickelt, um den Konturen des weiblichen K\u00f6rpers zu folgen und ein perfektes Gleichgewicht zwischen Halt, Ergonomie und Bewegungsfreiheit zu schaffen.<br \/>\nGefertigt aus einem einzigen ultraweichen Stoff, der sich besonders angenehm auf der Haut anf\u00fchlt, bietet es von Anfang an ein leichtes und umh\u00fcllendes Tragegef\u00fchl. Seine hohe Feuchtigkeitsableitung h\u00e4lt die Haut l\u00e4nger trocken und sorgt auch an den intensivsten Sommertagen f\u00fcr anhaltenden Komfort.<br \/>\nDer Bund verf\u00fcgt \u00fcber ein <strong>elastisches Band mit Innen-Grip<\/strong>, das einen festen und stabilen Sitz garantiert und sich der H\u00fcfte anpasst, ohne sich w\u00e4hrend des Pedalierens zu verschieben. Gleichzeitig passt sich der hintere Kragenbereich mit anatomischem, gekreuztem Design der nat\u00fcrlichen Fahrposition an und verhindert Reibung auf langen Fahrten.<br \/>\nIm Lendenbereich befinden sich drei R\u00fcckentaschen mit ISP-System (Inverse Safe Pocket), die f\u00fcr mehr Sicherheit und Praktikabilit\u00e4t w\u00e4hrend der Fahrt entwickelt wurden. Zus\u00e4tzlich verf\u00fcgt das Trikot \u00fcber strategisch platzierte reflektierende Elemente, die die Sichtbarkeit im Stra\u00dfenverkehr verbessern und die Sicherheit bei schlechten Lichtverh\u00e4ltnissen erh\u00f6hen.<br \/>\nDer <strong>magnetische Rei\u00dfverschluss mit Antipull-System<\/strong> erm\u00f6glicht eine einfache Anpassung auch w\u00e4hrend der Fahrt und verhindert unbeabsichtigtes \u00d6ffnen \u2013 f\u00fcr ein zus\u00e4tzliches Plus an Funktionalit\u00e4t, Sicherheit und Qualit\u00e4t.<\/p>\n","protected":false},"excerpt":{"rendered":"<p>Das <strong>ESSENZ Women<\/strong> Trikot wurde entwickelt, um dich auf deinen w\u00e4rmsten Ausfahrten zu begleiten \u2013 wenn der Asphalt Hitze abstrahlt und jeder Kilometer nach <strong>Frische, Leichtigkeit und v\u00f6lliger Bewegungsfreiheit verlangt<\/strong>. Als speziell entwickeltes Damen-Radtrikot ist sein Schnitt darauf ausgelegt, sich perfekt an die weibliche Anatomie anzupassen und so eine nat\u00fcrliche Passform zu bieten, die Komfort und Leistung auf dem Rad unterst\u00fctzt.<br \/>\nSein Slim-Fit-Design (sehr k\u00f6rpernah) liegt wie eine zweite Haut am K\u00f6rper an, betont die Silhouette und optimiert die Aerodynamik, ohne dabei auf Komfort zu verzichten. Der Schnitt wurde sorgf\u00e4ltig entwickelt, um den Konturen des weiblichen K\u00f6rpers zu folgen und ein perfektes Gleichgewicht zwischen Halt, Ergonomie und Bewegungsfreiheit zu schaffen.<br \/>\nGefertigt aus einem einzigen ultraweichen Stoff, der sich besonders angenehm auf der Haut anf\u00fchlt, bietet es von Anfang an ein leichtes und umh\u00fcllendes Tragegef\u00fchl. Seine hohe Feuchtigkeitsableitung h\u00e4lt die Haut l\u00e4nger trocken und sorgt auch an den intensivsten Sommertagen f\u00fcr anhaltenden Komfort.<br \/>\nDer Bund verf\u00fcgt \u00fcber ein <strong>elastisches Band mit Innen-Grip<\/strong>, das einen festen und stabilen Sitz garantiert und sich der H\u00fcfte anpasst, ohne sich w\u00e4hrend des Pedalierens zu verschieben. Gleichzeitig passt sich der hintere Kragenbereich mit anatomischem, gekreuztem Design der nat\u00fcrlichen Fahrposition an und verhindert Reibung auf langen Fahrten.<br \/>\nIm Lendenbereich befinden sich drei R\u00fcckentaschen mit ISP-System (Inverse Safe Pocket), die f\u00fcr mehr Sicherheit und Praktikabilit\u00e4t w\u00e4hrend der Fahrt entwickelt wurden. Zus\u00e4tzlich verf\u00fcgt das Trikot \u00fcber strategisch platzierte reflektierende Elemente, die die Sichtbarkeit im Stra\u00dfenverkehr verbessern und die Sicherheit bei schlechten Lichtverh\u00e4ltnissen erh\u00f6hen.<br \/>\nDer <strong>magnetische Rei\u00dfverschluss mit Antipull-System<\/strong> erm\u00f6glicht eine einfache Anpassung auch w\u00e4hrend der Fahrt und verhindert unbeabsichtigtes \u00d6ffnen \u2013 f\u00fcr ein zus\u00e4tzliches Plus an Funktionalit\u00e4t, Sicherheit und Qualit\u00e4t.<\/p>\n","protected":false},"featured_media":279216,"comment_status":"closed","ping_status":"closed","template":"","meta":{"_acf_changed":false},"product_brand":[],"product_cat":[11152,11153,11190],"product_tag":[],"custom_category":[],"range":[],"class_list":{"0":"post-279165","1":"product","2":"type-product","3":"status-publish","4":"has-post-thumbnail","6":"product_cat-radtrikots","7":"product_cat-b2b-de","8":"product_cat-radsportbekleidung","9":"pa_climatologia-calor-de","10":"pa_deporte-gravel-de","11":"pa_deporte-ciclismo-de","12":"pa_genero-mujer-de","13":"pa_patronaje-fit-de","14":"pa_talla-s-de","15":"pa_talla-m-de","16":"pa_talla-l-de","17":"pa_talla-xl-de","18":"pa_talla-xs-de","19":"pa_tipo-de-prenda-maillot-manga-corta-de","21":"first","22":"instock","23":"featured","24":"taxable","25":"shipping-taxable","26":"purchasable","27":"product-type-variable"},"acf":[],"yoast_head":"<!-- This site is optimized with the Yoast SEO plugin v27.3 - https:\/\/yoast.com\/product\/yoast-seo-wordpress\/ -->\n<title>Radtrikot ESSENZ ASIA IRIS (DAMEN)<\/title>\n<meta name=\"description\" content=\"Gefertigt aus einem einzigen, ultraweichen Material, das sich angenehm auf der Haut anf\u00fchlt, bietet es vom ersten Moment an ein leichtes und umh\u00fcllendes Tragegef\u00fchl.\" \/>\n<meta name=\"robots\" content=\"index, follow, max-snippet:-1, max-image-preview:large, max-video-preview:-1\" \/>\n<link rel=\"canonical\" href=\"https:\/\/www.inverseteams.com\/de\/produkt\/radtrikot-essenz-asia-iris\/\" \/>\n<meta property=\"og:locale\" content=\"de_DE\" \/>\n<meta property=\"og:type\" content=\"article\" \/>\n<meta property=\"og:title\" content=\"Radtrikot ESSENZ ASIA IRIS (DAMEN)\" \/>\n<meta property=\"og:description\" content=\"Gefertigt aus einem einzigen, ultraweichen Material, das sich angenehm auf der Haut anf\u00fchlt, bietet es vom ersten Moment an ein leichtes und umh\u00fcllendes Tragegef\u00fchl.\" \/>\n<meta property=\"og:url\" content=\"https:\/\/www.inverseteams.com\/de\/produkt\/radtrikot-essenz-asia-iris\/\" \/>\n<meta property=\"og:site_name\" content=\"Inverseteams\" \/>\n<meta property=\"article:publisher\" content=\"https:\/\/www.facebook.com\/inverseteams\" \/>\n<meta property=\"article:modified_time\" content=\"2026-03-06T08:48:00+00:00\" \/>\n<meta property=\"og:image\" content=\"https:\/\/www.inverseteams.com\/wp-content\/uploads\/INVERSE-CICLISMO-MUJER-MAILLOT-ESSENZ-ASIA-IRIS-001.jpg\" \/>\n\t<meta property=\"og:image:width\" content=\"1500\" \/>\n\t<meta property=\"og:image:height\" content=\"1612\" \/>\n\t<meta property=\"og:image:type\" content=\"image\/jpeg\" \/>\n<meta name=\"twitter:card\" content=\"summary_large_image\" \/>\n<meta name=\"twitter:label1\" content=\"Gesch\u00e4tzte Lesezeit\" \/>\n\t<meta name=\"twitter:data1\" content=\"2\u00a0Minute\" \/>\n<script type=\"application\/ld+json\" class=\"yoast-schema-graph\">{\"@context\":\"https:\\\/\\\/schema.org\",\"@graph\":[{\"@type\":\"WebPage\",\"@id\":\"https:\\\/\\\/www.inverseteams.com\\\/de\\\/produkt\\\/radtrikot-essenz-asia-iris\\\/\",\"url\":\"https:\\\/\\\/www.inverseteams.com\\\/de\\\/produkt\\\/radtrikot-essenz-asia-iris\\\/\",\"name\":\"Radtrikot ESSENZ ASIA IRIS (DAMEN)\",\"isPartOf\":{\"@id\":\"https:\\\/\\\/www.inverseteams.com\\\/de\\\/#website\"},\"primaryImageOfPage\":{\"@id\":\"https:\\\/\\\/www.inverseteams.com\\\/de\\\/produkt\\\/radtrikot-essenz-asia-iris\\\/#primaryimage\"},\"image\":{\"@id\":\"https:\\\/\\\/www.inverseteams.com\\\/de\\\/produkt\\\/radtrikot-essenz-asia-iris\\\/#primaryimage\"},\"thumbnailUrl\":\"https:\\\/\\\/www.inverseteams.com\\\/wp-content\\\/uploads\\\/INVERSE-CICLISMO-MUJER-MAILLOT-ESSENZ-ASIA-IRIS-001.jpg\",\"datePublished\":\"2026-03-06T08:04:16+00:00\",\"dateModified\":\"2026-03-06T08:48:00+00:00\",\"description\":\"Gefertigt aus einem einzigen, ultraweichen Material, das sich angenehm auf der Haut anf\u00fchlt, bietet es vom ersten Moment an ein leichtes und umh\u00fcllendes Tragegef\u00fchl.\",\"breadcrumb\":{\"@id\":\"https:\\\/\\\/www.inverseteams.com\\\/de\\\/produkt\\\/radtrikot-essenz-asia-iris\\\/#breadcrumb\"},\"inLanguage\":\"de\",\"potentialAction\":[{\"@type\":\"ReadAction\",\"target\":[\"https:\\\/\\\/www.inverseteams.com\\\/de\\\/produkt\\\/radtrikot-essenz-asia-iris\\\/\"]}]},{\"@type\":\"ImageObject\",\"inLanguage\":\"de\",\"@id\":\"https:\\\/\\\/www.inverseteams.com\\\/de\\\/produkt\\\/radtrikot-essenz-asia-iris\\\/#primaryimage\",\"url\":\"https:\\\/\\\/www.inverseteams.com\\\/wp-content\\\/uploads\\\/INVERSE-CICLISMO-MUJER-MAILLOT-ESSENZ-ASIA-IRIS-001.jpg\",\"contentUrl\":\"https:\\\/\\\/www.inverseteams.com\\\/wp-content\\\/uploads\\\/INVERSE-CICLISMO-MUJER-MAILLOT-ESSENZ-ASIA-IRIS-001.jpg\",\"width\":1500,\"height\":1612},{\"@type\":\"BreadcrumbList\",\"@id\":\"https:\\\/\\\/www.inverseteams.com\\\/de\\\/produkt\\\/radtrikot-essenz-asia-iris\\\/#breadcrumb\",\"itemListElement\":[{\"@type\":\"ListItem\",\"position\":1,\"name\":\"Portada\",\"item\":\"https:\\\/\\\/www.inverseteams.com\\\/de\\\/\"},{\"@type\":\"ListItem\",\"position\":2,\"name\":\"Speichern\",\"item\":\"https:\\\/\\\/www.inverseteams.com\\\/de\\\/speichern\\\/\"},{\"@type\":\"ListItem\",\"position\":3,\"name\":\"Radtrikot ESSENZ ASIA IRIS\"}]},{\"@type\":\"WebSite\",\"@id\":\"https:\\\/\\\/www.inverseteams.com\\\/de\\\/#website\",\"url\":\"https:\\\/\\\/www.inverseteams.com\\\/de\\\/\",\"name\":\"Inverseteams\",\"description\":\"Tu marca de ropa deportiva personalizada\",\"publisher\":{\"@id\":\"https:\\\/\\\/www.inverseteams.com\\\/de\\\/#organization\"},\"potentialAction\":[{\"@type\":\"SearchAction\",\"target\":{\"@type\":\"EntryPoint\",\"urlTemplate\":\"https:\\\/\\\/www.inverseteams.com\\\/de\\\/?s={search_term_string}\"},\"query-input\":{\"@type\":\"PropertyValueSpecification\",\"valueRequired\":true,\"valueName\":\"search_term_string\"}}],\"inLanguage\":\"de\"},{\"@type\":\"Organization\",\"@id\":\"https:\\\/\\\/www.inverseteams.com\\\/de\\\/#organization\",\"name\":\"Inverse Teams\",\"url\":\"https:\\\/\\\/www.inverseteams.com\\\/de\\\/\",\"logo\":{\"@type\":\"ImageObject\",\"inLanguage\":\"de\",\"@id\":\"https:\\\/\\\/www.inverseteams.com\\\/de\\\/#\\\/schema\\\/logo\\\/image\\\/\",\"url\":\"https:\\\/\\\/www.inverseteams.com\\\/wp-content\\\/uploads\\\/2021\\\/03\\\/logo-inverse-teams.png\",\"contentUrl\":\"https:\\\/\\\/www.inverseteams.com\\\/wp-content\\\/uploads\\\/2021\\\/03\\\/logo-inverse-teams.png\",\"width\":294,\"height\":99,\"caption\":\"Inverse Teams\"},\"image\":{\"@id\":\"https:\\\/\\\/www.inverseteams.com\\\/de\\\/#\\\/schema\\\/logo\\\/image\\\/\"},\"sameAs\":[\"https:\\\/\\\/www.facebook.com\\\/inverseteams\",\"http:\\\/\\\/instagram.com\\\/inverseteams\",\"https:\\\/\\\/www.linkedin.com\\\/company\\\/inverse-cirosport-s-l-?trk=job_view_topcard_company_name\",\"http:\\\/\\\/www.pinterest.com\\\/inverseteams\\\/\",\"http:\\\/\\\/www.youtube.com\\\/user\\\/inverseteams?feature=watch\"]}]}<\/script>\n<!-- \/ Yoast SEO plugin. -->","yoast_head_json":{"title":"Radtrikot ESSENZ ASIA IRIS (DAMEN)","description":"Gefertigt aus einem einzigen, ultraweichen Material, das sich angenehm auf der Haut anf\u00fchlt, bietet es vom ersten Moment an ein leichtes und umh\u00fcllendes Tragegef\u00fchl.","robots":{"index":"index","follow":"follow","max-snippet":"max-snippet:-1","max-image-preview":"max-image-preview:large","max-video-preview":"max-video-preview:-1"},"canonical":"https:\/\/www.inverseteams.com\/de\/produkt\/radtrikot-essenz-asia-iris\/","og_locale":"de_DE","og_type":"article","og_title":"Radtrikot ESSENZ ASIA IRIS (DAMEN)","og_description":"Gefertigt aus einem einzigen, ultraweichen Material, das sich angenehm auf der Haut anf\u00fchlt, bietet es vom ersten Moment an ein leichtes und umh\u00fcllendes Tragegef\u00fchl.","og_url":"https:\/\/www.inverseteams.com\/de\/produkt\/radtrikot-essenz-asia-iris\/","og_site_name":"Inverseteams","article_publisher":"https:\/\/www.facebook.com\/inverseteams","article_modified_time":"2026-03-06T08:48:00+00:00","og_image":[{"width":1500,"height":1612,"url":"https:\/\/www.inverseteams.com\/wp-content\/uploads\/INVERSE-CICLISMO-MUJER-MAILLOT-ESSENZ-ASIA-IRIS-001.jpg","type":"image\/jpeg"}],"twitter_card":"summary_large_image","twitter_misc":{"Gesch\u00e4tzte Lesezeit":"2\u00a0Minute"},"schema":{"@context":"https:\/\/schema.org","@graph":[{"@type":"WebPage","@id":"https:\/\/www.inverseteams.com\/de\/produkt\/radtrikot-essenz-asia-iris\/","url":"https:\/\/www.inverseteams.com\/de\/produkt\/radtrikot-essenz-asia-iris\/","name":"Radtrikot ESSENZ ASIA IRIS (DAMEN)","isPartOf":{"@id":"https:\/\/www.inverseteams.com\/de\/#website"},"primaryImageOfPage":{"@id":"https:\/\/www.inverseteams.com\/de\/produkt\/radtrikot-essenz-asia-iris\/#primaryimage"},"image":{"@id":"https:\/\/www.inverseteams.com\/de\/produkt\/radtrikot-essenz-asia-iris\/#primaryimage"},"thumbnailUrl":"https:\/\/www.inverseteams.com\/wp-content\/uploads\/INVERSE-CICLISMO-MUJER-MAILLOT-ESSENZ-ASIA-IRIS-001.jpg","datePublished":"2026-03-06T08:04:16+00:00","dateModified":"2026-03-06T08:48:00+00:00","description":"Gefertigt aus einem einzigen, ultraweichen Material, das sich angenehm auf der Haut anf\u00fchlt, bietet es vom ersten Moment an ein leichtes und umh\u00fcllendes Tragegef\u00fchl.","breadcrumb":{"@id":"https:\/\/www.inverseteams.com\/de\/produkt\/radtrikot-essenz-asia-iris\/#breadcrumb"},"inLanguage":"de","potentialAction":[{"@type":"ReadAction","target":["https:\/\/www.inverseteams.com\/de\/produkt\/radtrikot-essenz-asia-iris\/"]}]},{"@type":"ImageObject","inLanguage":"de","@id":"https:\/\/www.inverseteams.com\/de\/produkt\/radtrikot-essenz-asia-iris\/#primaryimage","url":"https:\/\/www.inverseteams.com\/wp-content\/uploads\/INVERSE-CICLISMO-MUJER-MAILLOT-ESSENZ-ASIA-IRIS-001.jpg","contentUrl":"https:\/\/www.inverseteams.com\/wp-content\/uploads\/INVERSE-CICLISMO-MUJER-MAILLOT-ESSENZ-ASIA-IRIS-001.jpg","width":1500,"height":1612},{"@type":"BreadcrumbList","@id":"https:\/\/www.inverseteams.com\/de\/produkt\/radtrikot-essenz-asia-iris\/#breadcrumb","itemListElement":[{"@type":"ListItem","position":1,"name":"Portada","item":"https:\/\/www.inverseteams.com\/de\/"},{"@type":"ListItem","position":2,"name":"Speichern","item":"https:\/\/www.inverseteams.com\/de\/speichern\/"},{"@type":"ListItem","position":3,"name":"Radtrikot ESSENZ ASIA IRIS"}]},{"@type":"WebSite","@id":"https:\/\/www.inverseteams.com\/de\/#website","url":"https:\/\/www.inverseteams.com\/de\/","name":"Inverseteams","description":"Tu marca de ropa deportiva personalizada","publisher":{"@id":"https:\/\/www.inverseteams.com\/de\/#organization"},"potentialAction":[{"@type":"SearchAction","target":{"@type":"EntryPoint","urlTemplate":"https:\/\/www.inverseteams.com\/de\/?s={search_term_string}"},"query-input":{"@type":"PropertyValueSpecification","valueRequired":true,"valueName":"search_term_string"}}],"inLanguage":"de"},{"@type":"Organization","@id":"https:\/\/www.inverseteams.com\/de\/#organization","name":"Inverse Teams","url":"https:\/\/www.inverseteams.com\/de\/","logo":{"@type":"ImageObject","inLanguage":"de","@id":"https:\/\/www.inverseteams.com\/de\/#\/schema\/logo\/image\/","url":"https:\/\/www.inverseteams.com\/wp-content\/uploads\/2021\/03\/logo-inverse-teams.png","contentUrl":"https:\/\/www.inverseteams.com\/wp-content\/uploads\/2021\/03\/logo-inverse-teams.png","width":294,"height":99,"caption":"Inverse Teams"},"image":{"@id":"https:\/\/www.inverseteams.com\/de\/#\/schema\/logo\/image\/"},"sameAs":["https:\/\/www.facebook.com\/inverseteams","http:\/\/instagram.com\/inverseteams","https:\/\/www.linkedin.com\/company\/inverse-cirosport-s-l-?trk=job_view_topcard_company_name","http:\/\/www.pinterest.com\/inverseteams\/","http:\/\/www.youtube.com\/user\/inverseteams?feature=watch"]}]}},"_links":{"self":[{"href":"https:\/\/www.inverseteams.com\/de\/wp-json\/wp\/v2\/product\/279165","targetHints":{"allow":["GET"]}}],"collection":[{"href":"https:\/\/www.inverseteams.com\/de\/wp-json\/wp\/v2\/product"}],"about":[{"href":"https:\/\/www.inverseteams.com\/de\/wp-json\/wp\/v2\/types\/product"}],"replies":[{"embeddable":true,"href":"https:\/\/www.inverseteams.com\/de\/wp-json\/wp\/v2\/comments?post=279165"}],"wp:featuredmedia":[{"embeddable":true,"href":"https:\/\/www.inverseteams.com\/de\/wp-json\/wp\/v2\/media\/279216"}],"wp:attachment":[{"href":"https:\/\/www.inverseteams.com\/de\/wp-json\/wp\/v2\/media?parent=279165"}],"wp:term":[{"taxonomy":"product_brand","embeddable":true,"href":"https:\/\/www.inverseteams.com\/de\/wp-json\/wp\/v2\/product_brand?post=279165"},{"taxonomy":"product_cat","embeddable":true,"href":"https:\/\/www.inverseteams.com\/de\/wp-json\/wp\/v2\/product_cat?post=279165"},{"taxonomy":"product_tag","embeddable":true,"href":"https:\/\/www.inverseteams.com\/de\/wp-json\/wp\/v2\/product_tag?post=279165"},{"taxonomy":"custom_category","embeddable":true,"href":"https:\/\/www.inverseteams.com\/de\/wp-json\/wp\/v2\/custom_category?post=279165"},{"taxonomy":"range","embeddable":true,"href":"https:\/\/www.inverseteams.com\/de\/wp-json\/wp\/v2\/range?post=279165"}],"curies":[{"name":"wp","href":"https:\/\/api.w.org\/{rel}","templated":true}]}}