{"id":279025,"date":"2026-03-05T13:09:43","date_gmt":"2026-03-05T12:09:43","guid":{"rendered":"https:\/\/www.inverseteams.com\/?post_type=product&#038;p=279025"},"modified":"2026-03-05T14:07:27","modified_gmt":"2026-03-05T13:07:27","slug":"radtrikot-essenz-malta-marine","status":"publish","type":"product","link":"https:\/\/www.inverseteams.com\/de\/produkt\/radtrikot-essenz-malta-marine\/","title":{"rendered":"Radtrikot ESSENZ MALTA MARINE"},"content":{"rendered":"<p>Diese vielseitige Tr\u00e4gerhose wurde entwickelt, um dich sowohl bei intensiven Trainingseinheiten als auch im Wettkampf zu begleiten und bietet die perfekte Balance zwischen Leichtigkeit, Elastizit\u00e4t und Leistung. Ein technisches Kleidungsst\u00fcck f\u00fcr Radfahrer, die Komfort und Effizienz bei jedem Tritt suchen.<br \/>\nDas sehr leichte und hoch elastische Material passt sich dem K\u00f6rper wie eine zweite Haut an und bietet vollst\u00e4ndige Bewegungsfreiheit sowie ausgewogene Kompression. Die Eins\u00e4tze wurden sorgf\u00e4ltig gestaltet, um sich der nat\u00fcrlichen Fahrposition anzupassen, Beschwerden zu vermeiden und selbst bei intensiven Belastungen ein stabiles Gef\u00fchl zu gew\u00e4hrleisten.<br \/>\nDie Polypropylen-Tr\u00e4ger f\u00f6rdern den schnellen Feuchtigkeitstransport und halten den Oberk\u00f6rper trocken und angenehm. Gleichzeitig sorgen sie f\u00fcr einen festen und ausgewogenen Halt, sodass die Tr\u00e4gerhose ohne unn\u00f6tigen Druck sicher an ihrem Platz bleibt.<br \/>\nDer Abschluss mit mikroperforiertem Elastikband und innenliegendem Grip an den Beinabschl\u00fcssen gew\u00e4hrleistet eine pr\u00e4zise und sichere Passform, ohne einzuengen. Hoch strapazierf\u00e4hige Flachn\u00e4hte minimieren Reibung und erh\u00f6hen die Langlebigkeit des Kleidungsst\u00fccks \u2013 auch nach vielen Stunden im Einsatz.<br \/>\nIm Herzen dieser Tr\u00e4gerhose befindet sich das renommierte Mustang-Sitzpolster von Elastic Interface, entwickelt nach dem Zero-Friction-Konzept. Das Design mit sanften \u00dcberg\u00e4ngen zwischen verschiedenen Dichtezonen beseitigt Druckstellen und verbessert die Anpassung an den K\u00f6rper. Es kombiniert den hochdichten, besonders r\u00fcckstellf\u00e4higen Pro Evo-Schaum mit dem recycelten Re-Cycle-Gewebe und bietet so maximalen Komfort, hohe Leistung und ein echtes Engagement f\u00fcr Nachhaltigkeit.<br \/>\nEine technische, komfortable und zuverl\u00e4ssige Tr\u00e4gerhose, bereit f\u00fcr H\u00f6chstleistungen bei jeder Ausfahrt \u2013 ob im Training f\u00fcr dein n\u00e4chstes Ziel oder im Wettkampf auf h\u00f6chstem Niveau.<\/p>\n","protected":false},"excerpt":{"rendered":"<p>Diese vielseitige Tr\u00e4gerhose wurde entwickelt, um dich sowohl bei intensiven Trainingseinheiten als auch im Wettkampf zu begleiten und bietet die perfekte Balance zwischen Leichtigkeit, Elastizit\u00e4t und Leistung. Ein technisches Kleidungsst\u00fcck f\u00fcr Radfahrer, die Komfort und Effizienz bei jedem Tritt suchen.<br \/>\nDas sehr leichte und hoch elastische Material passt sich dem K\u00f6rper wie eine zweite Haut an und bietet vollst\u00e4ndige Bewegungsfreiheit sowie ausgewogene Kompression. Die Eins\u00e4tze wurden sorgf\u00e4ltig gestaltet, um sich der nat\u00fcrlichen Fahrposition anzupassen, Beschwerden zu vermeiden und selbst bei intensiven Belastungen ein stabiles Gef\u00fchl zu gew\u00e4hrleisten.<br \/>\nDie Polypropylen-Tr\u00e4ger f\u00f6rdern den schnellen Feuchtigkeitstransport und halten den Oberk\u00f6rper trocken und angenehm. Gleichzeitig sorgen sie f\u00fcr einen festen und ausgewogenen Halt, sodass die Tr\u00e4gerhose ohne unn\u00f6tigen Druck sicher an ihrem Platz bleibt.<br \/>\nDer Abschluss mit mikroperforiertem Elastikband und innenliegendem Grip an den Beinabschl\u00fcssen gew\u00e4hrleistet eine pr\u00e4zise und sichere Passform, ohne einzuengen. Hoch strapazierf\u00e4hige Flachn\u00e4hte minimieren Reibung und erh\u00f6hen die Langlebigkeit des Kleidungsst\u00fccks \u2013 auch nach vielen Stunden im Einsatz.<br \/>\nIm Herzen dieser Tr\u00e4gerhose befindet sich das renommierte Mustang-Sitzpolster von Elastic Interface, entwickelt nach dem Zero-Friction-Konzept. Das Design mit sanften \u00dcberg\u00e4ngen zwischen verschiedenen Dichtezonen beseitigt Druckstellen und verbessert die Anpassung an den K\u00f6rper. Es kombiniert den hochdichten, besonders r\u00fcckstellf\u00e4higen Pro Evo-Schaum mit dem recycelten Re-Cycle-Gewebe und bietet so maximalen Komfort, hohe Leistung und ein echtes Engagement f\u00fcr Nachhaltigkeit.<br \/>\nEine technische, komfortable und zuverl\u00e4ssige Tr\u00e4gerhose, bereit f\u00fcr H\u00f6chstleistungen bei jeder Ausfahrt \u2013 ob im Training f\u00fcr dein n\u00e4chstes Ziel oder im Wettkampf auf h\u00f6chstem Niveau.<\/p>\n","protected":false},"featured_media":278970,"comment_status":"closed","ping_status":"closed","template":"","meta":{"_acf_changed":false},"product_brand":[],"product_cat":[11153,11171,11190],"product_tag":[],"custom_category":[],"range":[],"class_list":{"0":"post-279025","1":"product","2":"type-product","3":"status-publish","4":"has-post-thumbnail","6":"product_cat-b2b-de","7":"product_cat-radsport-shorts","8":"product_cat-radsportbekleidung","9":"pa_climatologia-temperatura-templada-de","10":"pa_climatologia-calor-de","11":"pa_deporte-ciclismo-de","12":"pa_deporte-gravel-de","13":"pa_genero-hombre-de","14":"pa_patronaje-fit-de","15":"pa_talla-s-de","16":"pa_talla-m-de","17":"pa_talla-l-de","18":"pa_talla-xl-de","19":"pa_talla-xxl-de","20":"pa_tipo-de-prenda-kurze-radhose","22":"first","23":"outofstock","24":"taxable","25":"shipping-taxable","26":"purchasable","27":"product-type-variable","28":"has-default-attributes"},"acf":[],"yoast_head":"<!-- This site is optimized with the Yoast SEO plugin v27.3 - https:\/\/yoast.com\/product\/yoast-seo-wordpress\/ -->\n<title>Radtrikot ESSENZ MALTA MARINE<\/title>\n<meta name=\"description\" content=\"Diese vielseitige Tr\u00e4gerhose wurde entwickelt, um dich sowohl bei intensiven Trainingseinheiten als auch im Wettkampf zu begleiten und bietet die perfekte Balance zwischen Leichtigkeit, Elastizit\u00e4t und Leistung.\" \/>\n<meta name=\"robots\" content=\"index, follow, max-snippet:-1, max-image-preview:large, max-video-preview:-1\" \/>\n<link rel=\"canonical\" href=\"https:\/\/www.inverseteams.com\/de\/produkt\/radtrikot-essenz-malta-marine\/\" \/>\n<meta property=\"og:locale\" content=\"de_DE\" \/>\n<meta property=\"og:type\" content=\"article\" \/>\n<meta property=\"og:title\" content=\"Culotte ciclismo KOSMIK\" \/>\n<meta property=\"og:description\" content=\"Culotte ciclismo KOSMIK ideal para los entrenos y la competici\u00f3n. Su elasticidad y ligereza te permitir\u00e1n una gran libertad de movimientos.\" \/>\n<meta property=\"og:url\" content=\"https:\/\/www.inverseteams.com\/de\/produkt\/radtrikot-essenz-malta-marine\/\" \/>\n<meta property=\"og:site_name\" content=\"Inverseteams\" \/>\n<meta property=\"article:publisher\" content=\"https:\/\/www.facebook.com\/inverseteams\" \/>\n<meta property=\"article:modified_time\" content=\"2026-03-05T13:07:27+00:00\" \/>\n<meta property=\"og:image\" content=\"https:\/\/www.inverseteams.com\/wp-content\/uploads\/INVERSE-CICLISMO-HOMBRE-CULOTTE-ESSENZ-MALTA-MARINE-001.jpg\" \/>\n\t<meta property=\"og:image:width\" content=\"1500\" \/>\n\t<meta property=\"og:image:height\" content=\"1612\" \/>\n\t<meta property=\"og:image:type\" content=\"image\/jpeg\" \/>\n<meta name=\"twitter:card\" content=\"summary_large_image\" \/>\n<meta name=\"twitter:label1\" content=\"Gesch\u00e4tzte Lesezeit\" \/>\n\t<meta name=\"twitter:data1\" content=\"2\u00a0Minute\" \/>\n<script type=\"application\/ld+json\" class=\"yoast-schema-graph\">{\"@context\":\"https:\\\/\\\/schema.org\",\"@graph\":[{\"@type\":\"WebPage\",\"@id\":\"https:\\\/\\\/www.inverseteams.com\\\/de\\\/produkt\\\/radtrikot-essenz-malta-marine\\\/\",\"url\":\"https:\\\/\\\/www.inverseteams.com\\\/de\\\/produkt\\\/radtrikot-essenz-malta-marine\\\/\",\"name\":\"Radtrikot ESSENZ MALTA MARINE\",\"isPartOf\":{\"@id\":\"https:\\\/\\\/www.inverseteams.com\\\/de\\\/#website\"},\"primaryImageOfPage\":{\"@id\":\"https:\\\/\\\/www.inverseteams.com\\\/de\\\/produkt\\\/radtrikot-essenz-malta-marine\\\/#primaryimage\"},\"image\":{\"@id\":\"https:\\\/\\\/www.inverseteams.com\\\/de\\\/produkt\\\/radtrikot-essenz-malta-marine\\\/#primaryimage\"},\"thumbnailUrl\":\"https:\\\/\\\/www.inverseteams.com\\\/wp-content\\\/uploads\\\/INVERSE-CICLISMO-HOMBRE-CULOTTE-ESSENZ-MALTA-MARINE-001.jpg\",\"datePublished\":\"2026-03-05T12:09:43+00:00\",\"dateModified\":\"2026-03-05T13:07:27+00:00\",\"description\":\"Diese vielseitige Tr\u00e4gerhose wurde entwickelt, um dich sowohl bei intensiven Trainingseinheiten als auch im Wettkampf zu begleiten und bietet die perfekte Balance zwischen Leichtigkeit, Elastizit\u00e4t und Leistung.\",\"breadcrumb\":{\"@id\":\"https:\\\/\\\/www.inverseteams.com\\\/de\\\/produkt\\\/radtrikot-essenz-malta-marine\\\/#breadcrumb\"},\"inLanguage\":\"de\",\"potentialAction\":[{\"@type\":\"ReadAction\",\"target\":[\"https:\\\/\\\/www.inverseteams.com\\\/de\\\/produkt\\\/radtrikot-essenz-malta-marine\\\/\"]}]},{\"@type\":\"ImageObject\",\"inLanguage\":\"de\",\"@id\":\"https:\\\/\\\/www.inverseteams.com\\\/de\\\/produkt\\\/radtrikot-essenz-malta-marine\\\/#primaryimage\",\"url\":\"https:\\\/\\\/www.inverseteams.com\\\/wp-content\\\/uploads\\\/INVERSE-CICLISMO-HOMBRE-CULOTTE-ESSENZ-MALTA-MARINE-001.jpg\",\"contentUrl\":\"https:\\\/\\\/www.inverseteams.com\\\/wp-content\\\/uploads\\\/INVERSE-CICLISMO-HOMBRE-CULOTTE-ESSENZ-MALTA-MARINE-001.jpg\",\"width\":1500,\"height\":1612},{\"@type\":\"BreadcrumbList\",\"@id\":\"https:\\\/\\\/www.inverseteams.com\\\/de\\\/produkt\\\/radtrikot-essenz-malta-marine\\\/#breadcrumb\",\"itemListElement\":[{\"@type\":\"ListItem\",\"position\":1,\"name\":\"Portada\",\"item\":\"https:\\\/\\\/www.inverseteams.com\\\/de\\\/\"},{\"@type\":\"ListItem\",\"position\":2,\"name\":\"Speichern\",\"item\":\"https:\\\/\\\/www.inverseteams.com\\\/de\\\/speichern\\\/\"},{\"@type\":\"ListItem\",\"position\":3,\"name\":\"Radtrikot ESSENZ MALTA MARINE\"}]},{\"@type\":\"WebSite\",\"@id\":\"https:\\\/\\\/www.inverseteams.com\\\/de\\\/#website\",\"url\":\"https:\\\/\\\/www.inverseteams.com\\\/de\\\/\",\"name\":\"Inverseteams\",\"description\":\"Tu marca de ropa deportiva personalizada\",\"publisher\":{\"@id\":\"https:\\\/\\\/www.inverseteams.com\\\/de\\\/#organization\"},\"potentialAction\":[{\"@type\":\"SearchAction\",\"target\":{\"@type\":\"EntryPoint\",\"urlTemplate\":\"https:\\\/\\\/www.inverseteams.com\\\/de\\\/?s={search_term_string}\"},\"query-input\":{\"@type\":\"PropertyValueSpecification\",\"valueRequired\":true,\"valueName\":\"search_term_string\"}}],\"inLanguage\":\"de\"},{\"@type\":\"Organization\",\"@id\":\"https:\\\/\\\/www.inverseteams.com\\\/de\\\/#organization\",\"name\":\"Inverse Teams\",\"url\":\"https:\\\/\\\/www.inverseteams.com\\\/de\\\/\",\"logo\":{\"@type\":\"ImageObject\",\"inLanguage\":\"de\",\"@id\":\"https:\\\/\\\/www.inverseteams.com\\\/de\\\/#\\\/schema\\\/logo\\\/image\\\/\",\"url\":\"https:\\\/\\\/www.inverseteams.com\\\/wp-content\\\/uploads\\\/2021\\\/03\\\/logo-inverse-teams.png\",\"contentUrl\":\"https:\\\/\\\/www.inverseteams.com\\\/wp-content\\\/uploads\\\/2021\\\/03\\\/logo-inverse-teams.png\",\"width\":294,\"height\":99,\"caption\":\"Inverse Teams\"},\"image\":{\"@id\":\"https:\\\/\\\/www.inverseteams.com\\\/de\\\/#\\\/schema\\\/logo\\\/image\\\/\"},\"sameAs\":[\"https:\\\/\\\/www.facebook.com\\\/inverseteams\",\"http:\\\/\\\/instagram.com\\\/inverseteams\",\"https:\\\/\\\/www.linkedin.com\\\/company\\\/inverse-cirosport-s-l-?trk=job_view_topcard_company_name\",\"http:\\\/\\\/www.pinterest.com\\\/inverseteams\\\/\",\"http:\\\/\\\/www.youtube.com\\\/user\\\/inverseteams?feature=watch\"]}]}<\/script>\n<!-- \/ Yoast SEO plugin. -->","yoast_head_json":{"title":"Radtrikot ESSENZ MALTA MARINE","description":"Diese vielseitige Tr\u00e4gerhose wurde entwickelt, um dich sowohl bei intensiven Trainingseinheiten als auch im Wettkampf zu begleiten und bietet die perfekte Balance zwischen Leichtigkeit, Elastizit\u00e4t und Leistung.","robots":{"index":"index","follow":"follow","max-snippet":"max-snippet:-1","max-image-preview":"max-image-preview:large","max-video-preview":"max-video-preview:-1"},"canonical":"https:\/\/www.inverseteams.com\/de\/produkt\/radtrikot-essenz-malta-marine\/","og_locale":"de_DE","og_type":"article","og_title":"Culotte ciclismo KOSMIK","og_description":"Culotte ciclismo KOSMIK ideal para los entrenos y la competici\u00f3n. Su elasticidad y ligereza te permitir\u00e1n una gran libertad de movimientos.","og_url":"https:\/\/www.inverseteams.com\/de\/produkt\/radtrikot-essenz-malta-marine\/","og_site_name":"Inverseteams","article_publisher":"https:\/\/www.facebook.com\/inverseteams","article_modified_time":"2026-03-05T13:07:27+00:00","og_image":[{"width":1500,"height":1612,"url":"https:\/\/www.inverseteams.com\/wp-content\/uploads\/INVERSE-CICLISMO-HOMBRE-CULOTTE-ESSENZ-MALTA-MARINE-001.jpg","type":"image\/jpeg"}],"twitter_card":"summary_large_image","twitter_misc":{"Gesch\u00e4tzte Lesezeit":"2\u00a0Minute"},"schema":{"@context":"https:\/\/schema.org","@graph":[{"@type":"WebPage","@id":"https:\/\/www.inverseteams.com\/de\/produkt\/radtrikot-essenz-malta-marine\/","url":"https:\/\/www.inverseteams.com\/de\/produkt\/radtrikot-essenz-malta-marine\/","name":"Radtrikot ESSENZ MALTA MARINE","isPartOf":{"@id":"https:\/\/www.inverseteams.com\/de\/#website"},"primaryImageOfPage":{"@id":"https:\/\/www.inverseteams.com\/de\/produkt\/radtrikot-essenz-malta-marine\/#primaryimage"},"image":{"@id":"https:\/\/www.inverseteams.com\/de\/produkt\/radtrikot-essenz-malta-marine\/#primaryimage"},"thumbnailUrl":"https:\/\/www.inverseteams.com\/wp-content\/uploads\/INVERSE-CICLISMO-HOMBRE-CULOTTE-ESSENZ-MALTA-MARINE-001.jpg","datePublished":"2026-03-05T12:09:43+00:00","dateModified":"2026-03-05T13:07:27+00:00","description":"Diese vielseitige Tr\u00e4gerhose wurde entwickelt, um dich sowohl bei intensiven Trainingseinheiten als auch im Wettkampf zu begleiten und bietet die perfekte Balance zwischen Leichtigkeit, Elastizit\u00e4t und Leistung.","breadcrumb":{"@id":"https:\/\/www.inverseteams.com\/de\/produkt\/radtrikot-essenz-malta-marine\/#breadcrumb"},"inLanguage":"de","potentialAction":[{"@type":"ReadAction","target":["https:\/\/www.inverseteams.com\/de\/produkt\/radtrikot-essenz-malta-marine\/"]}]},{"@type":"ImageObject","inLanguage":"de","@id":"https:\/\/www.inverseteams.com\/de\/produkt\/radtrikot-essenz-malta-marine\/#primaryimage","url":"https:\/\/www.inverseteams.com\/wp-content\/uploads\/INVERSE-CICLISMO-HOMBRE-CULOTTE-ESSENZ-MALTA-MARINE-001.jpg","contentUrl":"https:\/\/www.inverseteams.com\/wp-content\/uploads\/INVERSE-CICLISMO-HOMBRE-CULOTTE-ESSENZ-MALTA-MARINE-001.jpg","width":1500,"height":1612},{"@type":"BreadcrumbList","@id":"https:\/\/www.inverseteams.com\/de\/produkt\/radtrikot-essenz-malta-marine\/#breadcrumb","itemListElement":[{"@type":"ListItem","position":1,"name":"Portada","item":"https:\/\/www.inverseteams.com\/de\/"},{"@type":"ListItem","position":2,"name":"Speichern","item":"https:\/\/www.inverseteams.com\/de\/speichern\/"},{"@type":"ListItem","position":3,"name":"Radtrikot ESSENZ MALTA MARINE"}]},{"@type":"WebSite","@id":"https:\/\/www.inverseteams.com\/de\/#website","url":"https:\/\/www.inverseteams.com\/de\/","name":"Inverseteams","description":"Tu marca de ropa deportiva personalizada","publisher":{"@id":"https:\/\/www.inverseteams.com\/de\/#organization"},"potentialAction":[{"@type":"SearchAction","target":{"@type":"EntryPoint","urlTemplate":"https:\/\/www.inverseteams.com\/de\/?s={search_term_string}"},"query-input":{"@type":"PropertyValueSpecification","valueRequired":true,"valueName":"search_term_string"}}],"inLanguage":"de"},{"@type":"Organization","@id":"https:\/\/www.inverseteams.com\/de\/#organization","name":"Inverse Teams","url":"https:\/\/www.inverseteams.com\/de\/","logo":{"@type":"ImageObject","inLanguage":"de","@id":"https:\/\/www.inverseteams.com\/de\/#\/schema\/logo\/image\/","url":"https:\/\/www.inverseteams.com\/wp-content\/uploads\/2021\/03\/logo-inverse-teams.png","contentUrl":"https:\/\/www.inverseteams.com\/wp-content\/uploads\/2021\/03\/logo-inverse-teams.png","width":294,"height":99,"caption":"Inverse Teams"},"image":{"@id":"https:\/\/www.inverseteams.com\/de\/#\/schema\/logo\/image\/"},"sameAs":["https:\/\/www.facebook.com\/inverseteams","http:\/\/instagram.com\/inverseteams","https:\/\/www.linkedin.com\/company\/inverse-cirosport-s-l-?trk=job_view_topcard_company_name","http:\/\/www.pinterest.com\/inverseteams\/","http:\/\/www.youtube.com\/user\/inverseteams?feature=watch"]}]}},"_links":{"self":[{"href":"https:\/\/www.inverseteams.com\/de\/wp-json\/wp\/v2\/product\/279025","targetHints":{"allow":["GET"]}}],"collection":[{"href":"https:\/\/www.inverseteams.com\/de\/wp-json\/wp\/v2\/product"}],"about":[{"href":"https:\/\/www.inverseteams.com\/de\/wp-json\/wp\/v2\/types\/product"}],"replies":[{"embeddable":true,"href":"https:\/\/www.inverseteams.com\/de\/wp-json\/wp\/v2\/comments?post=279025"}],"wp:featuredmedia":[{"embeddable":true,"href":"https:\/\/www.inverseteams.com\/de\/wp-json\/wp\/v2\/media\/278970"}],"wp:attachment":[{"href":"https:\/\/www.inverseteams.com\/de\/wp-json\/wp\/v2\/media?parent=279025"}],"wp:term":[{"taxonomy":"product_brand","embeddable":true,"href":"https:\/\/www.inverseteams.com\/de\/wp-json\/wp\/v2\/product_brand?post=279025"},{"taxonomy":"product_cat","embeddable":true,"href":"https:\/\/www.inverseteams.com\/de\/wp-json\/wp\/v2\/product_cat?post=279025"},{"taxonomy":"product_tag","embeddable":true,"href":"https:\/\/www.inverseteams.com\/de\/wp-json\/wp\/v2\/product_tag?post=279025"},{"taxonomy":"custom_category","embeddable":true,"href":"https:\/\/www.inverseteams.com\/de\/wp-json\/wp\/v2\/custom_category?post=279025"},{"taxonomy":"range","embeddable":true,"href":"https:\/\/www.inverseteams.com\/de\/wp-json\/wp\/v2\/range?post=279025"}],"curies":[{"name":"wp","href":"https:\/\/api.w.org\/{rel}","templated":true}]}}