{"id":278732,"date":"2026-03-05T10:05:48","date_gmt":"2026-03-05T09:05:48","guid":{"rendered":"https:\/\/www.inverseteams.com\/?post_type=product&#038;p=278732"},"modified":"2026-03-05T12:07:42","modified_gmt":"2026-03-05T11:07:42","slug":"radhose-motion-sintra-sand","status":"publish","type":"product","link":"https:\/\/www.inverseteams.com\/de\/produkt\/radhose-motion-sintra-sand\/","title":{"rendered":"Radhose MOTION SINTRA SAND"},"content":{"rendered":"<p>Diese High-End-Tr\u00e4gerhose wurde f\u00fcr Radfahrer entwickelt, die maximale Leistung suchen, ohne auf Komfort zu verzichten, und definiert das Fahrerlebnis neu \u2013 ob auf der Stra\u00dfe, im Gravel oder im Gel\u00e4nde. Jedes Detail wurde sorgf\u00e4ltig durchdacht, um Passform, Stabilit\u00e4t und Bewegungsfreiheit auf anspruchsvollsten Strecken zu gew\u00e4hrleisten.<br \/>\nDie Konstruktion mit einer minimalen Anzahl an N\u00e4hten reduziert Reibung auf ein Maximum und sorgt f\u00fcr eine saubere, ergonomische Passform. Das Fehlen einer Naht im Adduktorenbereich verbessert das Gef\u00fchl beim Pedalieren deutlich und verhindert Druckstellen sowie Scheuerstellen \u2013 selbst bei langen Ausfahrten.<br \/>\nGefertigt aus LYCRA REVOLUTION mit matter Oberfl\u00e4che bietet sie ausgewogene Kompression, hervorragende R\u00fcckstellkraft und eine elegante, technische Optik. Der Lendenbereich besteht aus einem hoch atmungsaktiven Material, das Bel\u00fcftung und W\u00e4rmeregulierung selbst an hei\u00dfen Tagen unterst\u00fctzt.<br \/>\nZwei elastische Taschen im unteren R\u00fcckenbereich bieten praktischen und sicheren Stauraum f\u00fcr kleine, wichtige Gegenst\u00e4nde w\u00e4hrend der Fahrt. Der Laserschnitt mit innenliegendem Silikonabschluss an den Beinabschl\u00fcssen sorgt f\u00fcr festen Halt ohne einzuengen und h\u00e4lt die Tr\u00e4gerhose jederzeit perfekt in Position. Zus\u00e4tzlich erh\u00f6ht das reflektierende Detail auf der R\u00fcckseite des Oberschenkels die Sichtbarkeit und Sicherheit im Stra\u00dfenverkehr.<br \/>\nDie Polypropylen-Tr\u00e4ger verteilen das Gewicht gleichm\u00e4\u00dfig, halten die Hose stabil und helfen, muskul\u00e4re \u00dcberlastungen zu vermeiden \u2013 f\u00fcr komfortablen und effektiven Halt \u00fcber viele Stunden im Sattel.<br \/>\nIm Herzen dieser Tr\u00e4gerhose befindet sich das renommierte Mustang-Sitzpolster von Elastic Interface, entwickelt nach dem Zero-Friction-Konzept. Das Design mit sanften \u00dcberg\u00e4ngen zwischen unterschiedlichen Dichten beseitigt Druckpunkte und verbessert die Anpassung an den K\u00f6rper. Es kombiniert den hochdichten, besonders r\u00fcckstellf\u00e4higen Pro Evo-Schaum mit dem recycelten Re-Cycle-Gewebe und bietet so maximalen Komfort, hohe Leistung und ein klares Bekenntnis zur Nachhaltigkeit.<br \/>\nEine Tr\u00e4gerhose f\u00fcr alle, die bei Qualit\u00e4t keine Kompromisse eingehen. Professionelle Performance, \u00fcberragender Komfort und technisches Design f\u00fcr jede Herausforderung.<\/p>\n","protected":false},"excerpt":{"rendered":"<p>Diese High-End-Tr\u00e4gerhose wurde f\u00fcr Radfahrer entwickelt, die maximale Leistung suchen, ohne auf Komfort zu verzichten, und definiert das Fahrerlebnis neu \u2013 ob auf der Stra\u00dfe, im Gravel oder im Gel\u00e4nde. Jedes Detail wurde sorgf\u00e4ltig durchdacht, um Passform, Stabilit\u00e4t und Bewegungsfreiheit auf anspruchsvollsten Strecken zu gew\u00e4hrleisten.<br \/>\nDie Konstruktion mit einer minimalen Anzahl an N\u00e4hten reduziert Reibung auf ein Maximum und sorgt f\u00fcr eine saubere, ergonomische Passform. Das Fehlen einer Naht im Adduktorenbereich verbessert das Gef\u00fchl beim Pedalieren deutlich und verhindert Druckstellen sowie Scheuerstellen \u2013 selbst bei langen Ausfahrten.<br \/>\nGefertigt aus LYCRA REVOLUTION mit matter Oberfl\u00e4che bietet sie ausgewogene Kompression, hervorragende R\u00fcckstellkraft und eine elegante, technische Optik. Der Lendenbereich besteht aus einem hoch atmungsaktiven Material, das Bel\u00fcftung und W\u00e4rmeregulierung selbst an hei\u00dfen Tagen unterst\u00fctzt.<br \/>\nZwei elastische Taschen im unteren R\u00fcckenbereich bieten praktischen und sicheren Stauraum f\u00fcr kleine, wichtige Gegenst\u00e4nde w\u00e4hrend der Fahrt. Der Laserschnitt mit innenliegendem Silikonabschluss an den Beinabschl\u00fcssen sorgt f\u00fcr festen Halt ohne einzuengen und h\u00e4lt die Tr\u00e4gerhose jederzeit perfekt in Position. Zus\u00e4tzlich erh\u00f6ht das reflektierende Detail auf der R\u00fcckseite des Oberschenkels die Sichtbarkeit und Sicherheit im Stra\u00dfenverkehr.<br \/>\nDie Polypropylen-Tr\u00e4ger verteilen das Gewicht gleichm\u00e4\u00dfig, halten die Hose stabil und helfen, muskul\u00e4re \u00dcberlastungen zu vermeiden \u2013 f\u00fcr komfortablen und effektiven Halt \u00fcber viele Stunden im Sattel.<br \/>\nIm Herzen dieser Tr\u00e4gerhose befindet sich das renommierte Mustang-Sitzpolster von Elastic Interface, entwickelt nach dem Zero-Friction-Konzept. Das Design mit sanften \u00dcberg\u00e4ngen zwischen unterschiedlichen Dichten beseitigt Druckpunkte und verbessert die Anpassung an den K\u00f6rper. Es kombiniert den hochdichten, besonders r\u00fcckstellf\u00e4higen Pro Evo-Schaum mit dem recycelten Re-Cycle-Gewebe und bietet so maximalen Komfort, hohe Leistung und ein klares Bekenntnis zur Nachhaltigkeit.<br \/>\nEine Tr\u00e4gerhose f\u00fcr alle, die bei Qualit\u00e4t keine Kompromisse eingehen. Professionelle Performance, \u00fcberragender Komfort und technisches Design f\u00fcr jede Herausforderung.<\/p>\n","protected":false},"featured_media":278777,"comment_status":"closed","ping_status":"closed","template":"","meta":{"_acf_changed":false},"product_brand":[],"product_cat":[11153,11171,11190,11258],"product_tag":[],"custom_category":[],"range":[],"class_list":{"0":"post-278732","1":"product","2":"type-product","3":"status-publish","4":"has-post-thumbnail","6":"product_cat-b2b-de","7":"product_cat-radsport-shorts","8":"product_cat-radsportbekleidung","9":"product_cat-gravel-de","10":"pa_climatologia-calor-de","11":"pa_climatologia-temperatura-templada-de","12":"pa_deporte-ciclismo-de","13":"pa_deporte-gravel-de","14":"pa_genero-hombre-de","15":"pa_patronaje-fit-de","16":"pa_talla-s-de","17":"pa_talla-m-de","18":"pa_talla-l-de","19":"pa_talla-xl-de","20":"pa_talla-xxl-de","21":"pa_tipo-de-prenda-kurze-radhose","23":"first","24":"instock","25":"taxable","26":"shipping-taxable","27":"purchasable","28":"product-type-variable","29":"has-default-attributes"},"acf":[],"yoast_head":"<!-- This site is optimized with the Yoast SEO plugin v27.3 - https:\/\/yoast.com\/product\/yoast-seo-wordpress\/ -->\n<title>Radhose MOTION SINTRA SAND (HERREN)<\/title>\n<meta name=\"description\" content=\"Diese High-End-Tr\u00e4gerhose wurde f\u00fcr Radfahrer entwickelt, die maximale Leistung suchen, ohne auf Komfort zu verzichten, und definiert das Fahrerlebnis neu \u2013 ob auf der Stra\u00dfe, im Gravel oder im Gel\u00e4nde\" \/>\n<meta name=\"robots\" content=\"index, follow, max-snippet:-1, max-image-preview:large, max-video-preview:-1\" \/>\n<link rel=\"canonical\" href=\"https:\/\/www.inverseteams.com\/de\/produkt\/radhose-motion-sintra-sand\/\" \/>\n<meta property=\"og:locale\" content=\"de_DE\" \/>\n<meta property=\"og:type\" content=\"article\" \/>\n<meta property=\"og:title\" content=\"Radhose MOTION SINTRA SAND (HERREN)\" \/>\n<meta property=\"og:description\" content=\"Diese High-End-Tr\u00e4gerhose wurde f\u00fcr Radfahrer entwickelt, die maximale Leistung suchen, ohne auf Komfort zu verzichten, und definiert das Fahrerlebnis neu \u2013 ob auf der Stra\u00dfe, im Gravel oder im Gel\u00e4nde\" \/>\n<meta property=\"og:url\" content=\"https:\/\/www.inverseteams.com\/de\/produkt\/radhose-motion-sintra-sand\/\" \/>\n<meta property=\"og:site_name\" content=\"Inverseteams\" \/>\n<meta property=\"article:publisher\" content=\"https:\/\/www.facebook.com\/inverseteams\" \/>\n<meta property=\"article:modified_time\" content=\"2026-03-05T11:07:42+00:00\" \/>\n<meta property=\"og:image\" content=\"https:\/\/www.inverseteams.com\/wp-content\/uploads\/INVERSE-CICLISMO-HOMBRE-CULOTTE-MOTION-SINTRA-SAND-001.jpg\" \/>\n\t<meta property=\"og:image:width\" content=\"1500\" \/>\n\t<meta property=\"og:image:height\" content=\"1612\" \/>\n\t<meta property=\"og:image:type\" content=\"image\/jpeg\" \/>\n<meta name=\"twitter:card\" content=\"summary_large_image\" \/>\n<meta name=\"twitter:label1\" content=\"Gesch\u00e4tzte Lesezeit\" \/>\n\t<meta name=\"twitter:data1\" content=\"2\u00a0Minute\" \/>\n<script type=\"application\/ld+json\" class=\"yoast-schema-graph\">{\"@context\":\"https:\\\/\\\/schema.org\",\"@graph\":[{\"@type\":\"WebPage\",\"@id\":\"https:\\\/\\\/www.inverseteams.com\\\/de\\\/produkt\\\/radhose-motion-sintra-sand\\\/\",\"url\":\"https:\\\/\\\/www.inverseteams.com\\\/de\\\/produkt\\\/radhose-motion-sintra-sand\\\/\",\"name\":\"Radhose MOTION SINTRA SAND (HERREN)\",\"isPartOf\":{\"@id\":\"https:\\\/\\\/www.inverseteams.com\\\/de\\\/#website\"},\"primaryImageOfPage\":{\"@id\":\"https:\\\/\\\/www.inverseteams.com\\\/de\\\/produkt\\\/radhose-motion-sintra-sand\\\/#primaryimage\"},\"image\":{\"@id\":\"https:\\\/\\\/www.inverseteams.com\\\/de\\\/produkt\\\/radhose-motion-sintra-sand\\\/#primaryimage\"},\"thumbnailUrl\":\"https:\\\/\\\/www.inverseteams.com\\\/wp-content\\\/uploads\\\/INVERSE-CICLISMO-HOMBRE-CULOTTE-MOTION-SINTRA-SAND-001.jpg\",\"datePublished\":\"2026-03-05T09:05:48+00:00\",\"dateModified\":\"2026-03-05T11:07:42+00:00\",\"description\":\"Diese High-End-Tr\u00e4gerhose wurde f\u00fcr Radfahrer entwickelt, die maximale Leistung suchen, ohne auf Komfort zu verzichten, und definiert das Fahrerlebnis neu \u2013 ob auf der Stra\u00dfe, im Gravel oder im Gel\u00e4nde\",\"breadcrumb\":{\"@id\":\"https:\\\/\\\/www.inverseteams.com\\\/de\\\/produkt\\\/radhose-motion-sintra-sand\\\/#breadcrumb\"},\"inLanguage\":\"de\",\"potentialAction\":[{\"@type\":\"ReadAction\",\"target\":[\"https:\\\/\\\/www.inverseteams.com\\\/de\\\/produkt\\\/radhose-motion-sintra-sand\\\/\"]}]},{\"@type\":\"ImageObject\",\"inLanguage\":\"de\",\"@id\":\"https:\\\/\\\/www.inverseteams.com\\\/de\\\/produkt\\\/radhose-motion-sintra-sand\\\/#primaryimage\",\"url\":\"https:\\\/\\\/www.inverseteams.com\\\/wp-content\\\/uploads\\\/INVERSE-CICLISMO-HOMBRE-CULOTTE-MOTION-SINTRA-SAND-001.jpg\",\"contentUrl\":\"https:\\\/\\\/www.inverseteams.com\\\/wp-content\\\/uploads\\\/INVERSE-CICLISMO-HOMBRE-CULOTTE-MOTION-SINTRA-SAND-001.jpg\",\"width\":1500,\"height\":1612},{\"@type\":\"BreadcrumbList\",\"@id\":\"https:\\\/\\\/www.inverseteams.com\\\/de\\\/produkt\\\/radhose-motion-sintra-sand\\\/#breadcrumb\",\"itemListElement\":[{\"@type\":\"ListItem\",\"position\":1,\"name\":\"Portada\",\"item\":\"https:\\\/\\\/www.inverseteams.com\\\/de\\\/\"},{\"@type\":\"ListItem\",\"position\":2,\"name\":\"Speichern\",\"item\":\"https:\\\/\\\/www.inverseteams.com\\\/de\\\/speichern\\\/\"},{\"@type\":\"ListItem\",\"position\":3,\"name\":\"Radhose MOTION SINTRA SAND\"}]},{\"@type\":\"WebSite\",\"@id\":\"https:\\\/\\\/www.inverseteams.com\\\/de\\\/#website\",\"url\":\"https:\\\/\\\/www.inverseteams.com\\\/de\\\/\",\"name\":\"Inverseteams\",\"description\":\"Tu marca de ropa deportiva personalizada\",\"publisher\":{\"@id\":\"https:\\\/\\\/www.inverseteams.com\\\/de\\\/#organization\"},\"potentialAction\":[{\"@type\":\"SearchAction\",\"target\":{\"@type\":\"EntryPoint\",\"urlTemplate\":\"https:\\\/\\\/www.inverseteams.com\\\/de\\\/?s={search_term_string}\"},\"query-input\":{\"@type\":\"PropertyValueSpecification\",\"valueRequired\":true,\"valueName\":\"search_term_string\"}}],\"inLanguage\":\"de\"},{\"@type\":\"Organization\",\"@id\":\"https:\\\/\\\/www.inverseteams.com\\\/de\\\/#organization\",\"name\":\"Inverse Teams\",\"url\":\"https:\\\/\\\/www.inverseteams.com\\\/de\\\/\",\"logo\":{\"@type\":\"ImageObject\",\"inLanguage\":\"de\",\"@id\":\"https:\\\/\\\/www.inverseteams.com\\\/de\\\/#\\\/schema\\\/logo\\\/image\\\/\",\"url\":\"http:\\\/\\\/www.inverseteams.com\\\/wp-content\\\/uploads\\\/2021\\\/03\\\/logo-inverse-teams.png\",\"contentUrl\":\"http:\\\/\\\/www.inverseteams.com\\\/wp-content\\\/uploads\\\/2021\\\/03\\\/logo-inverse-teams.png\",\"width\":294,\"height\":99,\"caption\":\"Inverse Teams\"},\"image\":{\"@id\":\"https:\\\/\\\/www.inverseteams.com\\\/de\\\/#\\\/schema\\\/logo\\\/image\\\/\"},\"sameAs\":[\"https:\\\/\\\/www.facebook.com\\\/inverseteams\",\"http:\\\/\\\/instagram.com\\\/inverseteams\",\"https:\\\/\\\/www.linkedin.com\\\/company\\\/inverse-cirosport-s-l-?trk=job_view_topcard_company_name\",\"http:\\\/\\\/www.pinterest.com\\\/inverseteams\\\/\",\"http:\\\/\\\/www.youtube.com\\\/user\\\/inverseteams?feature=watch\"]}]}<\/script>\n<!-- \/ Yoast SEO plugin. -->","yoast_head_json":{"title":"Radhose MOTION SINTRA SAND (HERREN)","description":"Diese High-End-Tr\u00e4gerhose wurde f\u00fcr Radfahrer entwickelt, die maximale Leistung suchen, ohne auf Komfort zu verzichten, und definiert das Fahrerlebnis neu \u2013 ob auf der Stra\u00dfe, im Gravel oder im Gel\u00e4nde","robots":{"index":"index","follow":"follow","max-snippet":"max-snippet:-1","max-image-preview":"max-image-preview:large","max-video-preview":"max-video-preview:-1"},"canonical":"https:\/\/www.inverseteams.com\/de\/produkt\/radhose-motion-sintra-sand\/","og_locale":"de_DE","og_type":"article","og_title":"Radhose MOTION SINTRA SAND (HERREN)","og_description":"Diese High-End-Tr\u00e4gerhose wurde f\u00fcr Radfahrer entwickelt, die maximale Leistung suchen, ohne auf Komfort zu verzichten, und definiert das Fahrerlebnis neu \u2013 ob auf der Stra\u00dfe, im Gravel oder im Gel\u00e4nde","og_url":"https:\/\/www.inverseteams.com\/de\/produkt\/radhose-motion-sintra-sand\/","og_site_name":"Inverseteams","article_publisher":"https:\/\/www.facebook.com\/inverseteams","article_modified_time":"2026-03-05T11:07:42+00:00","og_image":[{"width":1500,"height":1612,"url":"https:\/\/www.inverseteams.com\/wp-content\/uploads\/INVERSE-CICLISMO-HOMBRE-CULOTTE-MOTION-SINTRA-SAND-001.jpg","type":"image\/jpeg"}],"twitter_card":"summary_large_image","twitter_misc":{"Gesch\u00e4tzte Lesezeit":"2\u00a0Minute"},"schema":{"@context":"https:\/\/schema.org","@graph":[{"@type":"WebPage","@id":"https:\/\/www.inverseteams.com\/de\/produkt\/radhose-motion-sintra-sand\/","url":"https:\/\/www.inverseteams.com\/de\/produkt\/radhose-motion-sintra-sand\/","name":"Radhose MOTION SINTRA SAND (HERREN)","isPartOf":{"@id":"https:\/\/www.inverseteams.com\/de\/#website"},"primaryImageOfPage":{"@id":"https:\/\/www.inverseteams.com\/de\/produkt\/radhose-motion-sintra-sand\/#primaryimage"},"image":{"@id":"https:\/\/www.inverseteams.com\/de\/produkt\/radhose-motion-sintra-sand\/#primaryimage"},"thumbnailUrl":"https:\/\/www.inverseteams.com\/wp-content\/uploads\/INVERSE-CICLISMO-HOMBRE-CULOTTE-MOTION-SINTRA-SAND-001.jpg","datePublished":"2026-03-05T09:05:48+00:00","dateModified":"2026-03-05T11:07:42+00:00","description":"Diese High-End-Tr\u00e4gerhose wurde f\u00fcr Radfahrer entwickelt, die maximale Leistung suchen, ohne auf Komfort zu verzichten, und definiert das Fahrerlebnis neu \u2013 ob auf der Stra\u00dfe, im Gravel oder im Gel\u00e4nde","breadcrumb":{"@id":"https:\/\/www.inverseteams.com\/de\/produkt\/radhose-motion-sintra-sand\/#breadcrumb"},"inLanguage":"de","potentialAction":[{"@type":"ReadAction","target":["https:\/\/www.inverseteams.com\/de\/produkt\/radhose-motion-sintra-sand\/"]}]},{"@type":"ImageObject","inLanguage":"de","@id":"https:\/\/www.inverseteams.com\/de\/produkt\/radhose-motion-sintra-sand\/#primaryimage","url":"https:\/\/www.inverseteams.com\/wp-content\/uploads\/INVERSE-CICLISMO-HOMBRE-CULOTTE-MOTION-SINTRA-SAND-001.jpg","contentUrl":"https:\/\/www.inverseteams.com\/wp-content\/uploads\/INVERSE-CICLISMO-HOMBRE-CULOTTE-MOTION-SINTRA-SAND-001.jpg","width":1500,"height":1612},{"@type":"BreadcrumbList","@id":"https:\/\/www.inverseteams.com\/de\/produkt\/radhose-motion-sintra-sand\/#breadcrumb","itemListElement":[{"@type":"ListItem","position":1,"name":"Portada","item":"https:\/\/www.inverseteams.com\/de\/"},{"@type":"ListItem","position":2,"name":"Speichern","item":"https:\/\/www.inverseteams.com\/de\/speichern\/"},{"@type":"ListItem","position":3,"name":"Radhose MOTION SINTRA SAND"}]},{"@type":"WebSite","@id":"https:\/\/www.inverseteams.com\/de\/#website","url":"https:\/\/www.inverseteams.com\/de\/","name":"Inverseteams","description":"Tu marca de ropa deportiva personalizada","publisher":{"@id":"https:\/\/www.inverseteams.com\/de\/#organization"},"potentialAction":[{"@type":"SearchAction","target":{"@type":"EntryPoint","urlTemplate":"https:\/\/www.inverseteams.com\/de\/?s={search_term_string}"},"query-input":{"@type":"PropertyValueSpecification","valueRequired":true,"valueName":"search_term_string"}}],"inLanguage":"de"},{"@type":"Organization","@id":"https:\/\/www.inverseteams.com\/de\/#organization","name":"Inverse Teams","url":"https:\/\/www.inverseteams.com\/de\/","logo":{"@type":"ImageObject","inLanguage":"de","@id":"https:\/\/www.inverseteams.com\/de\/#\/schema\/logo\/image\/","url":"https:\/\/www.inverseteams.com\/wp-content\/uploads\/2021\/03\/logo-inverse-teams.png","contentUrl":"https:\/\/www.inverseteams.com\/wp-content\/uploads\/2021\/03\/logo-inverse-teams.png","width":294,"height":99,"caption":"Inverse Teams"},"image":{"@id":"https:\/\/www.inverseteams.com\/de\/#\/schema\/logo\/image\/"},"sameAs":["https:\/\/www.facebook.com\/inverseteams","http:\/\/instagram.com\/inverseteams","https:\/\/www.linkedin.com\/company\/inverse-cirosport-s-l-?trk=job_view_topcard_company_name","http:\/\/www.pinterest.com\/inverseteams\/","http:\/\/www.youtube.com\/user\/inverseteams?feature=watch"]}]}},"_links":{"self":[{"href":"https:\/\/www.inverseteams.com\/de\/wp-json\/wp\/v2\/product\/278732","targetHints":{"allow":["GET"]}}],"collection":[{"href":"https:\/\/www.inverseteams.com\/de\/wp-json\/wp\/v2\/product"}],"about":[{"href":"https:\/\/www.inverseteams.com\/de\/wp-json\/wp\/v2\/types\/product"}],"replies":[{"embeddable":true,"href":"https:\/\/www.inverseteams.com\/de\/wp-json\/wp\/v2\/comments?post=278732"}],"wp:featuredmedia":[{"embeddable":true,"href":"https:\/\/www.inverseteams.com\/de\/wp-json\/wp\/v2\/media\/278777"}],"wp:attachment":[{"href":"https:\/\/www.inverseteams.com\/de\/wp-json\/wp\/v2\/media?parent=278732"}],"wp:term":[{"taxonomy":"product_brand","embeddable":true,"href":"https:\/\/www.inverseteams.com\/de\/wp-json\/wp\/v2\/product_brand?post=278732"},{"taxonomy":"product_cat","embeddable":true,"href":"https:\/\/www.inverseteams.com\/de\/wp-json\/wp\/v2\/product_cat?post=278732"},{"taxonomy":"product_tag","embeddable":true,"href":"https:\/\/www.inverseteams.com\/de\/wp-json\/wp\/v2\/product_tag?post=278732"},{"taxonomy":"custom_category","embeddable":true,"href":"https:\/\/www.inverseteams.com\/de\/wp-json\/wp\/v2\/custom_category?post=278732"},{"taxonomy":"range","embeddable":true,"href":"https:\/\/www.inverseteams.com\/de\/wp-json\/wp\/v2\/range?post=278732"}],"curies":[{"name":"wp","href":"https:\/\/api.w.org\/{rel}","templated":true}]}}