{"id":278620,"date":"2026-03-03T18:07:18","date_gmt":"2026-03-03T17:07:18","guid":{"rendered":"https:\/\/www.inverseteams.com\/?post_type=product&#038;p=278620"},"modified":"2026-03-03T18:40:33","modified_gmt":"2026-03-03T17:40:33","slug":"radtrikot-outter-logan","status":"publish","type":"product","link":"https:\/\/www.inverseteams.com\/de\/produkt\/radtrikot-outter-logan\/","title":{"rendered":"Radtrikot OUTTER LOGAN"},"content":{"rendered":"<p>Das neue OUTTER Radtrikot-Shirt wurde f\u00fcr alle entwickelt, die das Fahrrad als M\u00f6glichkeit sehen, zu entdecken, abzuschalten und den Weg in Freiheit zu erleben. Perfekt f\u00fcr entspannte Ausfahrten, Touren, Bikepacking-Abenteuer oder einfach zum Fahren ohne Druck \u2013 es verbindet technische Funktionalit\u00e4t mit einem modernen, l\u00e4ssigen Stil.<br \/>\nSein moderner Relaxed-Fit-Schnitt bietet ein angenehmes und nat\u00fcrliches Tragegef\u00fchl auf dem Rad und erm\u00f6glicht volle Bewegungsfreiheit. Der Schnitt verf\u00fcgt \u00fcber zwei seitliche Schlitze, die die Beweglichkeit verbessern und jedem Tritt mehr Dynamik verleihen, indem sie sich unterschiedlichen Positionen und Fahrstilen anpassen.<br \/>\nGefertigt aus zwei technischen, abriebfesten und anti-pilling Materialien, ist es auf eine lange Nutzungsdauer sowie den Kontakt mit Rucks\u00e4cken oder Bikepacking-Taschen ausgelegt und beh\u00e4lt dabei Aussehen und Leistung \u2013 Ausfahrt f\u00fcr Ausfahrt. Das offenere Material im Achselbereich erh\u00f6ht zus\u00e4tzlich die Atmungsaktivit\u00e4t, f\u00f6rdert die Bel\u00fcftung und macht das Shirt besonders angenehm an warmen Tagen.<br \/>\nIm Lendenbereich verf\u00fcgt es \u00fcber zwei ger\u00e4umige R\u00fcckentaschen, ideal f\u00fcr alles Wichtige auf l\u00e4ngeren Touren. Eine davon ist mit einem Rei\u00dfverschluss ausgestattet und sorgt f\u00fcr zus\u00e4tzliche Sicherheit pers\u00f6nlicher Gegenst\u00e4nde. Vorne erleichtert ein kleiner magnetischer Rei\u00dfverschluss mit Antipull-System die Regulierung der Bel\u00fcftung und hilft, W\u00e4rme bei steigender Intensit\u00e4t abzuleiten, ohne sich unbeabsichtigt zu \u00f6ffnen.<br \/>\nFrische, Komfort und Vielseitigkeit in einem Kleidungsst\u00fcck, das daf\u00fcr gemacht ist, Radfahren ohne Grenzen und ohne Eile zu genie\u00dfen. Ein Radtrikot-Shirt, das dich begleitet, wo die Stra\u00dfe endet und das Abenteuer beginnt.<\/p>\n","protected":false},"excerpt":{"rendered":"<p>Das neue OUTTER Radtrikot-Shirt wurde f\u00fcr alle entwickelt, die das Fahrrad als M\u00f6glichkeit sehen, zu entdecken, abzuschalten und den Weg in Freiheit zu erleben. Perfekt f\u00fcr entspannte Ausfahrten, Touren, Bikepacking-Abenteuer oder einfach zum Fahren ohne Druck \u2013 es verbindet technische Funktionalit\u00e4t mit einem modernen, l\u00e4ssigen Stil.<br \/>\nSein moderner Relaxed-Fit-Schnitt bietet ein angenehmes und nat\u00fcrliches Tragegef\u00fchl auf dem Rad und erm\u00f6glicht volle Bewegungsfreiheit. Der Schnitt verf\u00fcgt \u00fcber zwei seitliche Schlitze, die die Beweglichkeit verbessern und jedem Tritt mehr Dynamik verleihen, indem sie sich unterschiedlichen Positionen und Fahrstilen anpassen.<br \/>\nGefertigt aus zwei technischen, abriebfesten und anti-pilling Materialien, ist es auf eine lange Nutzungsdauer sowie den Kontakt mit Rucks\u00e4cken oder Bikepacking-Taschen ausgelegt und beh\u00e4lt dabei Aussehen und Leistung \u2013 Ausfahrt f\u00fcr Ausfahrt. Das offenere Material im Achselbereich erh\u00f6ht zus\u00e4tzlich die Atmungsaktivit\u00e4t, f\u00f6rdert die Bel\u00fcftung und macht das Shirt besonders angenehm an warmen Tagen.<br \/>\nIm Lendenbereich verf\u00fcgt es \u00fcber zwei ger\u00e4umige R\u00fcckentaschen, ideal f\u00fcr alles Wichtige auf l\u00e4ngeren Touren. Eine davon ist mit einem Rei\u00dfverschluss ausgestattet und sorgt f\u00fcr zus\u00e4tzliche Sicherheit pers\u00f6nlicher Gegenst\u00e4nde. Vorne erleichtert ein kleiner magnetischer Rei\u00dfverschluss mit Antipull-System die Regulierung der Bel\u00fcftung und hilft, W\u00e4rme bei steigender Intensit\u00e4t abzuleiten, ohne sich unbeabsichtigt zu \u00f6ffnen.<br \/>\nFrische, Komfort und Vielseitigkeit in einem Kleidungsst\u00fcck, das daf\u00fcr gemacht ist, Radfahren ohne Grenzen und ohne Eile zu genie\u00dfen. Ein Radtrikot-Shirt, das dich begleitet, wo die Stra\u00dfe endet und das Abenteuer beginnt.<\/p>\n","protected":false},"featured_media":278630,"comment_status":"closed","ping_status":"closed","template":"","meta":{"_acf_changed":false},"product_brand":[],"product_cat":[11152,11153,11190],"product_tag":[],"custom_category":[],"range":[],"class_list":{"0":"post-278620","1":"product","2":"type-product","3":"status-publish","4":"has-post-thumbnail","6":"product_cat-radtrikots","7":"product_cat-b2b-de","8":"product_cat-radsportbekleidung","9":"pa_climatologia-calor-de","10":"pa_deporte-ciclismo-de","11":"pa_genero-hombre-de","12":"pa_patronaje-casual-de","13":"pa_talla-s-de","14":"pa_talla-m-de","15":"pa_talla-l-de","16":"pa_talla-xl-de","17":"pa_talla-xxl-de","18":"pa_tipo-de-prenda-maillot-manga-corta-de","20":"first","21":"instock","22":"taxable","23":"shipping-taxable","24":"purchasable","25":"product-type-variable","26":"has-default-attributes"},"acf":[],"yoast_head":"<!-- This site is optimized with the Yoast SEO plugin v27.3 - https:\/\/yoast.com\/product\/yoast-seo-wordpress\/ -->\n<title>Radtrikot OUTTER LOGAN (HERREN)<\/title>\n<meta name=\"description\" content=\"Das neue OUTTER Radtrikot-Shirt wurde f\u00fcr alle entwickelt, die das Fahrrad als M\u00f6glichkeit sehen, zu entdecken, abzuschalten und den Weg in Freiheit zu erleben.\" \/>\n<meta name=\"robots\" content=\"index, follow, max-snippet:-1, max-image-preview:large, max-video-preview:-1\" \/>\n<link rel=\"canonical\" href=\"https:\/\/www.inverseteams.com\/de\/produkt\/radtrikot-outter-logan\/\" \/>\n<meta property=\"og:locale\" content=\"de_DE\" \/>\n<meta property=\"og:type\" content=\"article\" \/>\n<meta property=\"og:title\" content=\"Radtrikot OUTTER LOGAN (HERREN)\" \/>\n<meta property=\"og:description\" content=\"Das neue OUTTER Radtrikot-Shirt wurde f\u00fcr alle entwickelt, die das Fahrrad als M\u00f6glichkeit sehen, zu entdecken, abzuschalten und den Weg in Freiheit zu erleben.\" \/>\n<meta property=\"og:url\" content=\"https:\/\/www.inverseteams.com\/de\/produkt\/radtrikot-outter-logan\/\" \/>\n<meta property=\"og:site_name\" content=\"Inverseteams\" \/>\n<meta property=\"article:publisher\" content=\"https:\/\/www.facebook.com\/inverseteams\" \/>\n<meta property=\"article:modified_time\" content=\"2026-03-03T17:40:33+00:00\" \/>\n<meta property=\"og:image\" content=\"https:\/\/www.inverseteams.com\/wp-content\/uploads\/INVERSE-CICLISMO-HOMBRE-MAILLOT-OUTTER-LOGAN-TAUPE-001.jpg\" \/>\n\t<meta property=\"og:image:width\" content=\"1500\" \/>\n\t<meta property=\"og:image:height\" content=\"1612\" \/>\n\t<meta property=\"og:image:type\" content=\"image\/jpeg\" \/>\n<meta name=\"twitter:card\" content=\"summary_large_image\" \/>\n<meta name=\"twitter:label1\" content=\"Gesch\u00e4tzte Lesezeit\" \/>\n\t<meta name=\"twitter:data1\" content=\"2\u00a0Minute\" \/>\n<script type=\"application\/ld+json\" class=\"yoast-schema-graph\">{\"@context\":\"https:\\\/\\\/schema.org\",\"@graph\":[{\"@type\":\"WebPage\",\"@id\":\"https:\\\/\\\/www.inverseteams.com\\\/de\\\/produkt\\\/radtrikot-outter-logan\\\/\",\"url\":\"https:\\\/\\\/www.inverseteams.com\\\/de\\\/produkt\\\/radtrikot-outter-logan\\\/\",\"name\":\"Radtrikot OUTTER LOGAN (HERREN)\",\"isPartOf\":{\"@id\":\"https:\\\/\\\/www.inverseteams.com\\\/de\\\/#website\"},\"primaryImageOfPage\":{\"@id\":\"https:\\\/\\\/www.inverseteams.com\\\/de\\\/produkt\\\/radtrikot-outter-logan\\\/#primaryimage\"},\"image\":{\"@id\":\"https:\\\/\\\/www.inverseteams.com\\\/de\\\/produkt\\\/radtrikot-outter-logan\\\/#primaryimage\"},\"thumbnailUrl\":\"https:\\\/\\\/www.inverseteams.com\\\/wp-content\\\/uploads\\\/INVERSE-CICLISMO-HOMBRE-MAILLOT-OUTTER-LOGAN-TAUPE-001.jpg\",\"datePublished\":\"2026-03-03T17:07:18+00:00\",\"dateModified\":\"2026-03-03T17:40:33+00:00\",\"description\":\"Das neue OUTTER Radtrikot-Shirt wurde f\u00fcr alle entwickelt, die das Fahrrad als M\u00f6glichkeit sehen, zu entdecken, abzuschalten und den Weg in Freiheit zu erleben.\",\"breadcrumb\":{\"@id\":\"https:\\\/\\\/www.inverseteams.com\\\/de\\\/produkt\\\/radtrikot-outter-logan\\\/#breadcrumb\"},\"inLanguage\":\"de\",\"potentialAction\":[{\"@type\":\"ReadAction\",\"target\":[\"https:\\\/\\\/www.inverseteams.com\\\/de\\\/produkt\\\/radtrikot-outter-logan\\\/\"]}]},{\"@type\":\"ImageObject\",\"inLanguage\":\"de\",\"@id\":\"https:\\\/\\\/www.inverseteams.com\\\/de\\\/produkt\\\/radtrikot-outter-logan\\\/#primaryimage\",\"url\":\"https:\\\/\\\/www.inverseteams.com\\\/wp-content\\\/uploads\\\/INVERSE-CICLISMO-HOMBRE-MAILLOT-OUTTER-LOGAN-TAUPE-001.jpg\",\"contentUrl\":\"https:\\\/\\\/www.inverseteams.com\\\/wp-content\\\/uploads\\\/INVERSE-CICLISMO-HOMBRE-MAILLOT-OUTTER-LOGAN-TAUPE-001.jpg\",\"width\":1500,\"height\":1612},{\"@type\":\"BreadcrumbList\",\"@id\":\"https:\\\/\\\/www.inverseteams.com\\\/de\\\/produkt\\\/radtrikot-outter-logan\\\/#breadcrumb\",\"itemListElement\":[{\"@type\":\"ListItem\",\"position\":1,\"name\":\"Portada\",\"item\":\"https:\\\/\\\/www.inverseteams.com\\\/de\\\/\"},{\"@type\":\"ListItem\",\"position\":2,\"name\":\"Speichern\",\"item\":\"https:\\\/\\\/www.inverseteams.com\\\/de\\\/speichern\\\/\"},{\"@type\":\"ListItem\",\"position\":3,\"name\":\"Radtrikot OUTTER LOGAN\"}]},{\"@type\":\"WebSite\",\"@id\":\"https:\\\/\\\/www.inverseteams.com\\\/de\\\/#website\",\"url\":\"https:\\\/\\\/www.inverseteams.com\\\/de\\\/\",\"name\":\"Inverseteams\",\"description\":\"Tu marca de ropa deportiva personalizada\",\"publisher\":{\"@id\":\"https:\\\/\\\/www.inverseteams.com\\\/de\\\/#organization\"},\"potentialAction\":[{\"@type\":\"SearchAction\",\"target\":{\"@type\":\"EntryPoint\",\"urlTemplate\":\"https:\\\/\\\/www.inverseteams.com\\\/de\\\/?s={search_term_string}\"},\"query-input\":{\"@type\":\"PropertyValueSpecification\",\"valueRequired\":true,\"valueName\":\"search_term_string\"}}],\"inLanguage\":\"de\"},{\"@type\":\"Organization\",\"@id\":\"https:\\\/\\\/www.inverseteams.com\\\/de\\\/#organization\",\"name\":\"Inverse Teams\",\"url\":\"https:\\\/\\\/www.inverseteams.com\\\/de\\\/\",\"logo\":{\"@type\":\"ImageObject\",\"inLanguage\":\"de\",\"@id\":\"https:\\\/\\\/www.inverseteams.com\\\/de\\\/#\\\/schema\\\/logo\\\/image\\\/\",\"url\":\"http:\\\/\\\/www.inverseteams.com\\\/wp-content\\\/uploads\\\/2021\\\/03\\\/logo-inverse-teams.png\",\"contentUrl\":\"http:\\\/\\\/www.inverseteams.com\\\/wp-content\\\/uploads\\\/2021\\\/03\\\/logo-inverse-teams.png\",\"width\":294,\"height\":99,\"caption\":\"Inverse Teams\"},\"image\":{\"@id\":\"https:\\\/\\\/www.inverseteams.com\\\/de\\\/#\\\/schema\\\/logo\\\/image\\\/\"},\"sameAs\":[\"https:\\\/\\\/www.facebook.com\\\/inverseteams\",\"http:\\\/\\\/instagram.com\\\/inverseteams\",\"https:\\\/\\\/www.linkedin.com\\\/company\\\/inverse-cirosport-s-l-?trk=job_view_topcard_company_name\",\"http:\\\/\\\/www.pinterest.com\\\/inverseteams\\\/\",\"http:\\\/\\\/www.youtube.com\\\/user\\\/inverseteams?feature=watch\"]}]}<\/script>\n<!-- \/ Yoast SEO plugin. -->","yoast_head_json":{"title":"Radtrikot OUTTER LOGAN (HERREN)","description":"Das neue OUTTER Radtrikot-Shirt wurde f\u00fcr alle entwickelt, die das Fahrrad als M\u00f6glichkeit sehen, zu entdecken, abzuschalten und den Weg in Freiheit zu erleben.","robots":{"index":"index","follow":"follow","max-snippet":"max-snippet:-1","max-image-preview":"max-image-preview:large","max-video-preview":"max-video-preview:-1"},"canonical":"https:\/\/www.inverseteams.com\/de\/produkt\/radtrikot-outter-logan\/","og_locale":"de_DE","og_type":"article","og_title":"Radtrikot OUTTER LOGAN (HERREN)","og_description":"Das neue OUTTER Radtrikot-Shirt wurde f\u00fcr alle entwickelt, die das Fahrrad als M\u00f6glichkeit sehen, zu entdecken, abzuschalten und den Weg in Freiheit zu erleben.","og_url":"https:\/\/www.inverseteams.com\/de\/produkt\/radtrikot-outter-logan\/","og_site_name":"Inverseteams","article_publisher":"https:\/\/www.facebook.com\/inverseteams","article_modified_time":"2026-03-03T17:40:33+00:00","og_image":[{"width":1500,"height":1612,"url":"https:\/\/www.inverseteams.com\/wp-content\/uploads\/INVERSE-CICLISMO-HOMBRE-MAILLOT-OUTTER-LOGAN-TAUPE-001.jpg","type":"image\/jpeg"}],"twitter_card":"summary_large_image","twitter_misc":{"Gesch\u00e4tzte Lesezeit":"2\u00a0Minute"},"schema":{"@context":"https:\/\/schema.org","@graph":[{"@type":"WebPage","@id":"https:\/\/www.inverseteams.com\/de\/produkt\/radtrikot-outter-logan\/","url":"https:\/\/www.inverseteams.com\/de\/produkt\/radtrikot-outter-logan\/","name":"Radtrikot OUTTER LOGAN (HERREN)","isPartOf":{"@id":"https:\/\/www.inverseteams.com\/de\/#website"},"primaryImageOfPage":{"@id":"https:\/\/www.inverseteams.com\/de\/produkt\/radtrikot-outter-logan\/#primaryimage"},"image":{"@id":"https:\/\/www.inverseteams.com\/de\/produkt\/radtrikot-outter-logan\/#primaryimage"},"thumbnailUrl":"https:\/\/www.inverseteams.com\/wp-content\/uploads\/INVERSE-CICLISMO-HOMBRE-MAILLOT-OUTTER-LOGAN-TAUPE-001.jpg","datePublished":"2026-03-03T17:07:18+00:00","dateModified":"2026-03-03T17:40:33+00:00","description":"Das neue OUTTER Radtrikot-Shirt wurde f\u00fcr alle entwickelt, die das Fahrrad als M\u00f6glichkeit sehen, zu entdecken, abzuschalten und den Weg in Freiheit zu erleben.","breadcrumb":{"@id":"https:\/\/www.inverseteams.com\/de\/produkt\/radtrikot-outter-logan\/#breadcrumb"},"inLanguage":"de","potentialAction":[{"@type":"ReadAction","target":["https:\/\/www.inverseteams.com\/de\/produkt\/radtrikot-outter-logan\/"]}]},{"@type":"ImageObject","inLanguage":"de","@id":"https:\/\/www.inverseteams.com\/de\/produkt\/radtrikot-outter-logan\/#primaryimage","url":"https:\/\/www.inverseteams.com\/wp-content\/uploads\/INVERSE-CICLISMO-HOMBRE-MAILLOT-OUTTER-LOGAN-TAUPE-001.jpg","contentUrl":"https:\/\/www.inverseteams.com\/wp-content\/uploads\/INVERSE-CICLISMO-HOMBRE-MAILLOT-OUTTER-LOGAN-TAUPE-001.jpg","width":1500,"height":1612},{"@type":"BreadcrumbList","@id":"https:\/\/www.inverseteams.com\/de\/produkt\/radtrikot-outter-logan\/#breadcrumb","itemListElement":[{"@type":"ListItem","position":1,"name":"Portada","item":"https:\/\/www.inverseteams.com\/de\/"},{"@type":"ListItem","position":2,"name":"Speichern","item":"https:\/\/www.inverseteams.com\/de\/speichern\/"},{"@type":"ListItem","position":3,"name":"Radtrikot OUTTER LOGAN"}]},{"@type":"WebSite","@id":"https:\/\/www.inverseteams.com\/de\/#website","url":"https:\/\/www.inverseteams.com\/de\/","name":"Inverseteams","description":"Tu marca de ropa deportiva personalizada","publisher":{"@id":"https:\/\/www.inverseteams.com\/de\/#organization"},"potentialAction":[{"@type":"SearchAction","target":{"@type":"EntryPoint","urlTemplate":"https:\/\/www.inverseteams.com\/de\/?s={search_term_string}"},"query-input":{"@type":"PropertyValueSpecification","valueRequired":true,"valueName":"search_term_string"}}],"inLanguage":"de"},{"@type":"Organization","@id":"https:\/\/www.inverseteams.com\/de\/#organization","name":"Inverse Teams","url":"https:\/\/www.inverseteams.com\/de\/","logo":{"@type":"ImageObject","inLanguage":"de","@id":"https:\/\/www.inverseteams.com\/de\/#\/schema\/logo\/image\/","url":"https:\/\/www.inverseteams.com\/wp-content\/uploads\/2021\/03\/logo-inverse-teams.png","contentUrl":"https:\/\/www.inverseteams.com\/wp-content\/uploads\/2021\/03\/logo-inverse-teams.png","width":294,"height":99,"caption":"Inverse Teams"},"image":{"@id":"https:\/\/www.inverseteams.com\/de\/#\/schema\/logo\/image\/"},"sameAs":["https:\/\/www.facebook.com\/inverseteams","http:\/\/instagram.com\/inverseteams","https:\/\/www.linkedin.com\/company\/inverse-cirosport-s-l-?trk=job_view_topcard_company_name","http:\/\/www.pinterest.com\/inverseteams\/","http:\/\/www.youtube.com\/user\/inverseteams?feature=watch"]}]}},"_links":{"self":[{"href":"https:\/\/www.inverseteams.com\/de\/wp-json\/wp\/v2\/product\/278620","targetHints":{"allow":["GET"]}}],"collection":[{"href":"https:\/\/www.inverseteams.com\/de\/wp-json\/wp\/v2\/product"}],"about":[{"href":"https:\/\/www.inverseteams.com\/de\/wp-json\/wp\/v2\/types\/product"}],"replies":[{"embeddable":true,"href":"https:\/\/www.inverseteams.com\/de\/wp-json\/wp\/v2\/comments?post=278620"}],"wp:featuredmedia":[{"embeddable":true,"href":"https:\/\/www.inverseteams.com\/de\/wp-json\/wp\/v2\/media\/278630"}],"wp:attachment":[{"href":"https:\/\/www.inverseteams.com\/de\/wp-json\/wp\/v2\/media?parent=278620"}],"wp:term":[{"taxonomy":"product_brand","embeddable":true,"href":"https:\/\/www.inverseteams.com\/de\/wp-json\/wp\/v2\/product_brand?post=278620"},{"taxonomy":"product_cat","embeddable":true,"href":"https:\/\/www.inverseteams.com\/de\/wp-json\/wp\/v2\/product_cat?post=278620"},{"taxonomy":"product_tag","embeddable":true,"href":"https:\/\/www.inverseteams.com\/de\/wp-json\/wp\/v2\/product_tag?post=278620"},{"taxonomy":"custom_category","embeddable":true,"href":"https:\/\/www.inverseteams.com\/de\/wp-json\/wp\/v2\/custom_category?post=278620"},{"taxonomy":"range","embeddable":true,"href":"https:\/\/www.inverseteams.com\/de\/wp-json\/wp\/v2\/range?post=278620"}],"curies":[{"name":"wp","href":"https:\/\/api.w.org\/{rel}","templated":true}]}}