{"id":278398,"date":"2026-03-03T13:30:07","date_gmt":"2026-03-03T12:30:07","guid":{"rendered":"https:\/\/www.inverseteams.com\/?post_type=product&#038;p=278398"},"modified":"2026-03-03T13:41:42","modified_gmt":"2026-03-03T12:41:42","slug":"radtrikot-motion-kenia-moss","status":"publish","type":"product","link":"https:\/\/www.inverseteams.com\/de\/produkt\/radtrikot-motion-kenia-moss\/","title":{"rendered":"Radtrikot MOTION KENIA MOSS"},"content":{"rendered":"<p>Das Kurzarmtrikot, das die Essenz des modernen Radsports neu definiert: klare Linien, hochwertige Verarbeitung und zeitlose Eleganz, entwickelt f\u00fcr maximale Performance bei jeder Ausfahrt.<br \/>\nMit seinem Slim-Fit-Schnitt (sehr eng anliegend) passt es sich dem K\u00f6rper wie eine zweite Haut an und bietet vollst\u00e4ndige Bewegungsfreiheit sowie ein pr\u00e4zises aerodynamisches Gef\u00fchl auf dem Rad. Es besteht aus drei hochelastischen und leichten Materialien, die strategisch kombiniert wurden, um Atmungsaktivit\u00e4t, Anpassungsf\u00e4higkeit und Leichtigkeit in jeder Zone zu gew\u00e4hrleisten.<br \/>\nDer Bund ist mit einem elastischen Band und innerem Grip ausgestattet, das auch bei intensiven Belastungen einen festen und bequemen Sitz garantiert. Die thermoversiegelten Abschl\u00fcsse unterstreichen die minimalistische \u00c4sthetik des Designs, reduzieren unn\u00f6tige N\u00e4hte und sorgen f\u00fcr zus\u00e4tzlichen Komfort und Raffinesse.<br \/>\nIm Lendenbereich verf\u00fcgt das Trikot \u00fcber drei R\u00fcckentaschen mit dem ISP-System (Inverse Safe Pocket), die mehr Sicherheit und Stabilit\u00e4t f\u00fcr deine pers\u00f6nlichen Gegenst\u00e4nde w\u00e4hrend der Fahrt bieten. Zus\u00e4tzlich gibt es eine wasserdichte Rei\u00dfverschlusstasche, ideal zum Schutz empfindlicher Gegenst\u00e4nde wie Schl\u00fcssel oder elektronischer Ger\u00e4te.<br \/>\nDer nahtlose Frontkragen sorgt f\u00fcr einen angenehmen Hautkontakt und verhindert Reibung sowie Druckstellen auf langen Strecken. Der magnetische Rei\u00dfverschluss mit Antipull-System erm\u00f6glicht eine einfache Anpassung auch w\u00e4hrend der Fahrt und verhindert ein unbeabsichtigtes \u00d6ffnen \u2013 f\u00fcr zus\u00e4tzliche Funktionalit\u00e4t in einem bis ins Detail durchdachten Design.<br \/>\nLeichtigkeit, Leistung, Komfort und Stil vereinen sich in einem Trikot, das durch seinen minimalistischen Charakter, seine Premium-Verarbeitung und seine Eleganz auf dem Rad \u00fcberzeugt. Ein Kleidungsst\u00fcck f\u00fcr alle, die wissen, dass weniger mehr ist \u2013 auch auf dem Asphalt.<\/p>\n","protected":false},"excerpt":{"rendered":"<p>Das Kurzarmtrikot, das die Essenz des modernen Radsports neu definiert: klare Linien, hochwertige Verarbeitung und zeitlose Eleganz, entwickelt f\u00fcr maximale Performance bei jeder Ausfahrt.<br \/>\nMit seinem Slim-Fit-Schnitt (sehr eng anliegend) passt es sich dem K\u00f6rper wie eine zweite Haut an und bietet vollst\u00e4ndige Bewegungsfreiheit sowie ein pr\u00e4zises aerodynamisches Gef\u00fchl auf dem Rad. Es besteht aus drei hochelastischen und leichten Materialien, die strategisch kombiniert wurden, um Atmungsaktivit\u00e4t, Anpassungsf\u00e4higkeit und Leichtigkeit in jeder Zone zu gew\u00e4hrleisten.<br \/>\nDer Bund ist mit einem elastischen Band und innerem Grip ausgestattet, das auch bei intensiven Belastungen einen festen und bequemen Sitz garantiert. Die thermoversiegelten Abschl\u00fcsse unterstreichen die minimalistische \u00c4sthetik des Designs, reduzieren unn\u00f6tige N\u00e4hte und sorgen f\u00fcr zus\u00e4tzlichen Komfort und Raffinesse.<br \/>\nIm Lendenbereich verf\u00fcgt das Trikot \u00fcber drei R\u00fcckentaschen mit dem ISP-System (Inverse Safe Pocket), die mehr Sicherheit und Stabilit\u00e4t f\u00fcr deine pers\u00f6nlichen Gegenst\u00e4nde w\u00e4hrend der Fahrt bieten. Zus\u00e4tzlich gibt es eine wasserdichte Rei\u00dfverschlusstasche, ideal zum Schutz empfindlicher Gegenst\u00e4nde wie Schl\u00fcssel oder elektronischer Ger\u00e4te.<br \/>\nDer nahtlose Frontkragen sorgt f\u00fcr einen angenehmen Hautkontakt und verhindert Reibung sowie Druckstellen auf langen Strecken. Der magnetische Rei\u00dfverschluss mit Antipull-System erm\u00f6glicht eine einfache Anpassung auch w\u00e4hrend der Fahrt und verhindert ein unbeabsichtigtes \u00d6ffnen \u2013 f\u00fcr zus\u00e4tzliche Funktionalit\u00e4t in einem bis ins Detail durchdachten Design.<br \/>\nLeichtigkeit, Leistung, Komfort und Stil vereinen sich in einem Trikot, das durch seinen minimalistischen Charakter, seine Premium-Verarbeitung und seine Eleganz auf dem Rad \u00fcberzeugt. Ein Kleidungsst\u00fcck f\u00fcr alle, die wissen, dass weniger mehr ist \u2013 auch auf dem Asphalt.<\/p>\n","protected":false},"featured_media":278322,"comment_status":"closed","ping_status":"closed","template":"","meta":{"_acf_changed":false},"product_brand":[],"product_cat":[11152,11153,11190,11258],"product_tag":[],"custom_category":[],"range":[],"class_list":{"0":"post-278398","1":"product","2":"type-product","3":"status-publish","4":"has-post-thumbnail","6":"product_cat-radtrikots","7":"product_cat-b2b-de","8":"product_cat-radsportbekleidung","9":"product_cat-gravel-de","10":"pa_climatologia-calor-de","11":"pa_deporte-ciclismo-de","12":"pa_deporte-gravel-de","13":"pa_genero-hombre-de","14":"pa_patronaje-fit-de","15":"pa_talla-s-de","16":"pa_talla-m-de","17":"pa_talla-l-de","18":"pa_talla-xl-de","19":"pa_talla-xxl-de","20":"pa_tipo-de-prenda-maillot-manga-corta-de","22":"first","23":"instock","24":"featured","25":"taxable","26":"shipping-taxable","27":"purchasable","28":"product-type-variable","29":"has-default-attributes"},"acf":[],"yoast_head":"<!-- This site is optimized with the Yoast SEO plugin v27.3 - https:\/\/yoast.com\/product\/yoast-seo-wordpress\/ -->\n<title>Radtrikot MOTION KENIA MOSS (HERREN)<\/title>\n<meta name=\"description\" content=\"Mit seinem Slim-Fit-Schnitt (sehr eng anliegend) passt es sich dem K\u00f6rper wie eine zweite Haut an und bietet vollst\u00e4ndige Bewegungsfreiheit sowie ein pr\u00e4zises aerodynamisches Gef\u00fchl auf dem Rad.\" \/>\n<meta name=\"robots\" content=\"index, follow, max-snippet:-1, max-image-preview:large, max-video-preview:-1\" \/>\n<link rel=\"canonical\" href=\"https:\/\/www.inverseteams.com\/de\/produkt\/radtrikot-motion-kenia-moss\/\" \/>\n<meta property=\"og:locale\" content=\"de_DE\" \/>\n<meta property=\"og:type\" content=\"article\" \/>\n<meta property=\"og:title\" content=\"Radtrikot MOTION KENIA MOSS (HERREN)\" \/>\n<meta property=\"og:description\" content=\"Mit seinem Slim-Fit-Schnitt (sehr eng anliegend) passt es sich dem K\u00f6rper wie eine zweite Haut an und bietet vollst\u00e4ndige Bewegungsfreiheit sowie ein pr\u00e4zises aerodynamisches Gef\u00fchl auf dem Rad.\" \/>\n<meta property=\"og:url\" content=\"https:\/\/www.inverseteams.com\/de\/produkt\/radtrikot-motion-kenia-moss\/\" \/>\n<meta property=\"og:site_name\" content=\"Inverseteams\" \/>\n<meta property=\"article:publisher\" content=\"https:\/\/www.facebook.com\/inverseteams\" \/>\n<meta property=\"article:modified_time\" content=\"2026-03-03T12:41:42+00:00\" \/>\n<meta property=\"og:image\" content=\"https:\/\/www.inverseteams.com\/wp-content\/uploads\/INVERSE-CICLISMO-HOMBRE-MAILLOT-MOTION-KENIA-MOSS-001.jpg\" \/>\n\t<meta property=\"og:image:width\" content=\"1500\" \/>\n\t<meta property=\"og:image:height\" content=\"1612\" \/>\n\t<meta property=\"og:image:type\" content=\"image\/jpeg\" \/>\n<meta name=\"twitter:card\" content=\"summary_large_image\" \/>\n<meta name=\"twitter:label1\" content=\"Gesch\u00e4tzte Lesezeit\" \/>\n\t<meta name=\"twitter:data1\" content=\"2\u00a0Minute\" \/>\n<script type=\"application\/ld+json\" class=\"yoast-schema-graph\">{\"@context\":\"https:\\\/\\\/schema.org\",\"@graph\":[{\"@type\":\"WebPage\",\"@id\":\"https:\\\/\\\/www.inverseteams.com\\\/de\\\/produkt\\\/radtrikot-motion-kenia-moss\\\/\",\"url\":\"https:\\\/\\\/www.inverseteams.com\\\/de\\\/produkt\\\/radtrikot-motion-kenia-moss\\\/\",\"name\":\"Radtrikot MOTION KENIA MOSS (HERREN)\",\"isPartOf\":{\"@id\":\"https:\\\/\\\/www.inverseteams.com\\\/de\\\/#website\"},\"primaryImageOfPage\":{\"@id\":\"https:\\\/\\\/www.inverseteams.com\\\/de\\\/produkt\\\/radtrikot-motion-kenia-moss\\\/#primaryimage\"},\"image\":{\"@id\":\"https:\\\/\\\/www.inverseteams.com\\\/de\\\/produkt\\\/radtrikot-motion-kenia-moss\\\/#primaryimage\"},\"thumbnailUrl\":\"https:\\\/\\\/www.inverseteams.com\\\/wp-content\\\/uploads\\\/INVERSE-CICLISMO-HOMBRE-MAILLOT-MOTION-KENIA-MOSS-001.jpg\",\"datePublished\":\"2026-03-03T12:30:07+00:00\",\"dateModified\":\"2026-03-03T12:41:42+00:00\",\"description\":\"Mit seinem Slim-Fit-Schnitt (sehr eng anliegend) passt es sich dem K\u00f6rper wie eine zweite Haut an und bietet vollst\u00e4ndige Bewegungsfreiheit sowie ein pr\u00e4zises aerodynamisches Gef\u00fchl auf dem Rad.\",\"breadcrumb\":{\"@id\":\"https:\\\/\\\/www.inverseteams.com\\\/de\\\/produkt\\\/radtrikot-motion-kenia-moss\\\/#breadcrumb\"},\"inLanguage\":\"de\",\"potentialAction\":[{\"@type\":\"ReadAction\",\"target\":[\"https:\\\/\\\/www.inverseteams.com\\\/de\\\/produkt\\\/radtrikot-motion-kenia-moss\\\/\"]}]},{\"@type\":\"ImageObject\",\"inLanguage\":\"de\",\"@id\":\"https:\\\/\\\/www.inverseteams.com\\\/de\\\/produkt\\\/radtrikot-motion-kenia-moss\\\/#primaryimage\",\"url\":\"https:\\\/\\\/www.inverseteams.com\\\/wp-content\\\/uploads\\\/INVERSE-CICLISMO-HOMBRE-MAILLOT-MOTION-KENIA-MOSS-001.jpg\",\"contentUrl\":\"https:\\\/\\\/www.inverseteams.com\\\/wp-content\\\/uploads\\\/INVERSE-CICLISMO-HOMBRE-MAILLOT-MOTION-KENIA-MOSS-001.jpg\",\"width\":1500,\"height\":1612},{\"@type\":\"BreadcrumbList\",\"@id\":\"https:\\\/\\\/www.inverseteams.com\\\/de\\\/produkt\\\/radtrikot-motion-kenia-moss\\\/#breadcrumb\",\"itemListElement\":[{\"@type\":\"ListItem\",\"position\":1,\"name\":\"Portada\",\"item\":\"https:\\\/\\\/www.inverseteams.com\\\/de\\\/\"},{\"@type\":\"ListItem\",\"position\":2,\"name\":\"Speichern\",\"item\":\"https:\\\/\\\/www.inverseteams.com\\\/de\\\/speichern\\\/\"},{\"@type\":\"ListItem\",\"position\":3,\"name\":\"Radtrikot MOTION KENIA MOSS\"}]},{\"@type\":\"WebSite\",\"@id\":\"https:\\\/\\\/www.inverseteams.com\\\/de\\\/#website\",\"url\":\"https:\\\/\\\/www.inverseteams.com\\\/de\\\/\",\"name\":\"Inverseteams\",\"description\":\"Tu marca de ropa deportiva personalizada\",\"publisher\":{\"@id\":\"https:\\\/\\\/www.inverseteams.com\\\/de\\\/#organization\"},\"potentialAction\":[{\"@type\":\"SearchAction\",\"target\":{\"@type\":\"EntryPoint\",\"urlTemplate\":\"https:\\\/\\\/www.inverseteams.com\\\/de\\\/?s={search_term_string}\"},\"query-input\":{\"@type\":\"PropertyValueSpecification\",\"valueRequired\":true,\"valueName\":\"search_term_string\"}}],\"inLanguage\":\"de\"},{\"@type\":\"Organization\",\"@id\":\"https:\\\/\\\/www.inverseteams.com\\\/de\\\/#organization\",\"name\":\"Inverse Teams\",\"url\":\"https:\\\/\\\/www.inverseteams.com\\\/de\\\/\",\"logo\":{\"@type\":\"ImageObject\",\"inLanguage\":\"de\",\"@id\":\"https:\\\/\\\/www.inverseteams.com\\\/de\\\/#\\\/schema\\\/logo\\\/image\\\/\",\"url\":\"http:\\\/\\\/www.inverseteams.com\\\/wp-content\\\/uploads\\\/2021\\\/03\\\/logo-inverse-teams.png\",\"contentUrl\":\"http:\\\/\\\/www.inverseteams.com\\\/wp-content\\\/uploads\\\/2021\\\/03\\\/logo-inverse-teams.png\",\"width\":294,\"height\":99,\"caption\":\"Inverse Teams\"},\"image\":{\"@id\":\"https:\\\/\\\/www.inverseteams.com\\\/de\\\/#\\\/schema\\\/logo\\\/image\\\/\"},\"sameAs\":[\"https:\\\/\\\/www.facebook.com\\\/inverseteams\",\"http:\\\/\\\/instagram.com\\\/inverseteams\",\"https:\\\/\\\/www.linkedin.com\\\/company\\\/inverse-cirosport-s-l-?trk=job_view_topcard_company_name\",\"http:\\\/\\\/www.pinterest.com\\\/inverseteams\\\/\",\"http:\\\/\\\/www.youtube.com\\\/user\\\/inverseteams?feature=watch\"]}]}<\/script>\n<!-- \/ Yoast SEO plugin. -->","yoast_head_json":{"title":"Radtrikot MOTION KENIA MOSS (HERREN)","description":"Mit seinem Slim-Fit-Schnitt (sehr eng anliegend) passt es sich dem K\u00f6rper wie eine zweite Haut an und bietet vollst\u00e4ndige Bewegungsfreiheit sowie ein pr\u00e4zises aerodynamisches Gef\u00fchl auf dem Rad.","robots":{"index":"index","follow":"follow","max-snippet":"max-snippet:-1","max-image-preview":"max-image-preview:large","max-video-preview":"max-video-preview:-1"},"canonical":"https:\/\/www.inverseteams.com\/de\/produkt\/radtrikot-motion-kenia-moss\/","og_locale":"de_DE","og_type":"article","og_title":"Radtrikot MOTION KENIA MOSS (HERREN)","og_description":"Mit seinem Slim-Fit-Schnitt (sehr eng anliegend) passt es sich dem K\u00f6rper wie eine zweite Haut an und bietet vollst\u00e4ndige Bewegungsfreiheit sowie ein pr\u00e4zises aerodynamisches Gef\u00fchl auf dem Rad.","og_url":"https:\/\/www.inverseteams.com\/de\/produkt\/radtrikot-motion-kenia-moss\/","og_site_name":"Inverseteams","article_publisher":"https:\/\/www.facebook.com\/inverseteams","article_modified_time":"2026-03-03T12:41:42+00:00","og_image":[{"width":1500,"height":1612,"url":"https:\/\/www.inverseteams.com\/wp-content\/uploads\/INVERSE-CICLISMO-HOMBRE-MAILLOT-MOTION-KENIA-MOSS-001.jpg","type":"image\/jpeg"}],"twitter_card":"summary_large_image","twitter_misc":{"Gesch\u00e4tzte Lesezeit":"2\u00a0Minute"},"schema":{"@context":"https:\/\/schema.org","@graph":[{"@type":"WebPage","@id":"https:\/\/www.inverseteams.com\/de\/produkt\/radtrikot-motion-kenia-moss\/","url":"https:\/\/www.inverseteams.com\/de\/produkt\/radtrikot-motion-kenia-moss\/","name":"Radtrikot MOTION KENIA MOSS (HERREN)","isPartOf":{"@id":"https:\/\/www.inverseteams.com\/de\/#website"},"primaryImageOfPage":{"@id":"https:\/\/www.inverseteams.com\/de\/produkt\/radtrikot-motion-kenia-moss\/#primaryimage"},"image":{"@id":"https:\/\/www.inverseteams.com\/de\/produkt\/radtrikot-motion-kenia-moss\/#primaryimage"},"thumbnailUrl":"https:\/\/www.inverseteams.com\/wp-content\/uploads\/INVERSE-CICLISMO-HOMBRE-MAILLOT-MOTION-KENIA-MOSS-001.jpg","datePublished":"2026-03-03T12:30:07+00:00","dateModified":"2026-03-03T12:41:42+00:00","description":"Mit seinem Slim-Fit-Schnitt (sehr eng anliegend) passt es sich dem K\u00f6rper wie eine zweite Haut an und bietet vollst\u00e4ndige Bewegungsfreiheit sowie ein pr\u00e4zises aerodynamisches Gef\u00fchl auf dem Rad.","breadcrumb":{"@id":"https:\/\/www.inverseteams.com\/de\/produkt\/radtrikot-motion-kenia-moss\/#breadcrumb"},"inLanguage":"de","potentialAction":[{"@type":"ReadAction","target":["https:\/\/www.inverseteams.com\/de\/produkt\/radtrikot-motion-kenia-moss\/"]}]},{"@type":"ImageObject","inLanguage":"de","@id":"https:\/\/www.inverseteams.com\/de\/produkt\/radtrikot-motion-kenia-moss\/#primaryimage","url":"https:\/\/www.inverseteams.com\/wp-content\/uploads\/INVERSE-CICLISMO-HOMBRE-MAILLOT-MOTION-KENIA-MOSS-001.jpg","contentUrl":"https:\/\/www.inverseteams.com\/wp-content\/uploads\/INVERSE-CICLISMO-HOMBRE-MAILLOT-MOTION-KENIA-MOSS-001.jpg","width":1500,"height":1612},{"@type":"BreadcrumbList","@id":"https:\/\/www.inverseteams.com\/de\/produkt\/radtrikot-motion-kenia-moss\/#breadcrumb","itemListElement":[{"@type":"ListItem","position":1,"name":"Portada","item":"https:\/\/www.inverseteams.com\/de\/"},{"@type":"ListItem","position":2,"name":"Speichern","item":"https:\/\/www.inverseteams.com\/de\/speichern\/"},{"@type":"ListItem","position":3,"name":"Radtrikot MOTION KENIA MOSS"}]},{"@type":"WebSite","@id":"https:\/\/www.inverseteams.com\/de\/#website","url":"https:\/\/www.inverseteams.com\/de\/","name":"Inverseteams","description":"Tu marca de ropa deportiva personalizada","publisher":{"@id":"https:\/\/www.inverseteams.com\/de\/#organization"},"potentialAction":[{"@type":"SearchAction","target":{"@type":"EntryPoint","urlTemplate":"https:\/\/www.inverseteams.com\/de\/?s={search_term_string}"},"query-input":{"@type":"PropertyValueSpecification","valueRequired":true,"valueName":"search_term_string"}}],"inLanguage":"de"},{"@type":"Organization","@id":"https:\/\/www.inverseteams.com\/de\/#organization","name":"Inverse Teams","url":"https:\/\/www.inverseteams.com\/de\/","logo":{"@type":"ImageObject","inLanguage":"de","@id":"https:\/\/www.inverseteams.com\/de\/#\/schema\/logo\/image\/","url":"https:\/\/www.inverseteams.com\/wp-content\/uploads\/2021\/03\/logo-inverse-teams.png","contentUrl":"https:\/\/www.inverseteams.com\/wp-content\/uploads\/2021\/03\/logo-inverse-teams.png","width":294,"height":99,"caption":"Inverse Teams"},"image":{"@id":"https:\/\/www.inverseteams.com\/de\/#\/schema\/logo\/image\/"},"sameAs":["https:\/\/www.facebook.com\/inverseteams","http:\/\/instagram.com\/inverseteams","https:\/\/www.linkedin.com\/company\/inverse-cirosport-s-l-?trk=job_view_topcard_company_name","http:\/\/www.pinterest.com\/inverseteams\/","http:\/\/www.youtube.com\/user\/inverseteams?feature=watch"]}]}},"_links":{"self":[{"href":"https:\/\/www.inverseteams.com\/de\/wp-json\/wp\/v2\/product\/278398","targetHints":{"allow":["GET"]}}],"collection":[{"href":"https:\/\/www.inverseteams.com\/de\/wp-json\/wp\/v2\/product"}],"about":[{"href":"https:\/\/www.inverseteams.com\/de\/wp-json\/wp\/v2\/types\/product"}],"replies":[{"embeddable":true,"href":"https:\/\/www.inverseteams.com\/de\/wp-json\/wp\/v2\/comments?post=278398"}],"wp:featuredmedia":[{"embeddable":true,"href":"https:\/\/www.inverseteams.com\/de\/wp-json\/wp\/v2\/media\/278322"}],"wp:attachment":[{"href":"https:\/\/www.inverseteams.com\/de\/wp-json\/wp\/v2\/media?parent=278398"}],"wp:term":[{"taxonomy":"product_brand","embeddable":true,"href":"https:\/\/www.inverseteams.com\/de\/wp-json\/wp\/v2\/product_brand?post=278398"},{"taxonomy":"product_cat","embeddable":true,"href":"https:\/\/www.inverseteams.com\/de\/wp-json\/wp\/v2\/product_cat?post=278398"},{"taxonomy":"product_tag","embeddable":true,"href":"https:\/\/www.inverseteams.com\/de\/wp-json\/wp\/v2\/product_tag?post=278398"},{"taxonomy":"custom_category","embeddable":true,"href":"https:\/\/www.inverseteams.com\/de\/wp-json\/wp\/v2\/custom_category?post=278398"},{"taxonomy":"range","embeddable":true,"href":"https:\/\/www.inverseteams.com\/de\/wp-json\/wp\/v2\/range?post=278398"}],"curies":[{"name":"wp","href":"https:\/\/api.w.org\/{rel}","templated":true}]}}