{"id":278175,"date":"2026-03-03T10:24:59","date_gmt":"2026-03-03T09:24:59","guid":{"rendered":"https:\/\/www.inverseteams.com\/?post_type=product&#038;p=278175"},"modified":"2026-03-03T11:25:23","modified_gmt":"2026-03-03T10:25:23","slug":"radtrikot-essenz-mali-miel","status":"publish","type":"product","link":"https:\/\/www.inverseteams.com\/de\/produkt\/radtrikot-essenz-mali-miel\/","title":{"rendered":"Radtrikot ESSENZ MALI MIEL"},"content":{"rendered":"<p>Das <strong>ESSENZ<\/strong> Trikot wurde entwickelt, um dich bei deinen w\u00e4rmsten Ausfahrten zu begleiten \u2013 wenn der Asphalt Hitze abstrahlt und jeder Kilometer nach <strong>Frische, Leichtigkeit und maximaler Bewegungsfreiheit verlangt<\/strong>. Sein Slim-Fit-Schnitt (sehr eng anliegend) passt sich dem K\u00f6rper wie eine zweite Haut an, betont die Silhouette und optimiert die Aerodynamik, ohne dabei auf Komfort zu verzichten.<br \/>\nGefertigt aus einem einzigen, ultraweichen Material, das sich angenehm auf der Haut anf\u00fchlt, bietet es vom ersten Moment an ein leichtes und umh\u00fcllendes Tragegef\u00fchl. Die hohe Feuchtigkeitsableitung h\u00e4lt die Haut l\u00e4nger trocken und unterst\u00fctzt den Komfort selbst bei den intensivsten Sommertouren.<br \/>\nDer Bund verf\u00fcgt \u00fcber ein <strong>elastisches Band mit innerem Grip<\/strong>, das einen festen und stabilen Sitz gew\u00e4hrleistet, w\u00e4hrend der anatomisch geformte, gekreuzte R\u00fcckenteil des Kragens sich deiner Fahrposition anpasst und Scheuerstellen auf langen Strecken verhindert.<br \/>\nIm Lendenbereich befinden sich <strong>drei R\u00fcckentaschen mit dem ISP-System<\/strong> (Inverse Safe Pocket), die f\u00fcr mehr Sicherheit und Praktikabilit\u00e4t w\u00e4hrend der Fahrt sorgen. Zus\u00e4tzlich verbessern strategisch platzierte reflektierende Elemente die Sichtbarkeit im Stra\u00dfenverkehr und erh\u00f6hen deine Sicherheit bei schlechten Lichtverh\u00e4ltnissen.<br \/>\nDer <strong>magnetische Rei\u00dfverschluss mit Antipull-System<\/strong> erm\u00f6glicht eine einfache Anpassung auch w\u00e4hrend der Fahrt und verhindert ein unbeabsichtigtes \u00d6ffnen \u2013 f\u00fcr ein Plus an Funktionalit\u00e4t und Qualit\u00e4t.<\/p>\n","protected":false},"excerpt":{"rendered":"<p>Das <strong>ESSENZ<\/strong> Trikot wurde entwickelt, um dich bei deinen w\u00e4rmsten Ausfahrten zu begleiten \u2013 wenn der Asphalt Hitze abstrahlt und jeder Kilometer nach <strong>Frische, Leichtigkeit und maximaler Bewegungsfreiheit verlangt<\/strong>. Sein Slim-Fit-Schnitt (sehr eng anliegend) passt sich dem K\u00f6rper wie eine zweite Haut an, betont die Silhouette und optimiert die Aerodynamik, ohne dabei auf Komfort zu verzichten.<br \/>\nGefertigt aus einem einzigen, ultraweichen Material, das sich angenehm auf der Haut anf\u00fchlt, bietet es vom ersten Moment an ein leichtes und umh\u00fcllendes Tragegef\u00fchl. Die hohe Feuchtigkeitsableitung h\u00e4lt die Haut l\u00e4nger trocken und unterst\u00fctzt den Komfort selbst bei den intensivsten Sommertouren.<br \/>\nDer Bund verf\u00fcgt \u00fcber ein <strong>elastisches Band mit innerem Grip<\/strong>, das einen festen und stabilen Sitz gew\u00e4hrleistet, w\u00e4hrend der anatomisch geformte, gekreuzte R\u00fcckenteil des Kragens sich deiner Fahrposition anpasst und Scheuerstellen auf langen Strecken verhindert.<br \/>\nIm Lendenbereich befinden sich <strong>drei R\u00fcckentaschen mit dem ISP-System<\/strong> (Inverse Safe Pocket), die f\u00fcr mehr Sicherheit und Praktikabilit\u00e4t w\u00e4hrend der Fahrt sorgen. Zus\u00e4tzlich verbessern strategisch platzierte reflektierende Elemente die Sichtbarkeit im Stra\u00dfenverkehr und erh\u00f6hen deine Sicherheit bei schlechten Lichtverh\u00e4ltnissen.<br \/>\nDer <strong>magnetische Rei\u00dfverschluss mit Antipull-System<\/strong> erm\u00f6glicht eine einfache Anpassung auch w\u00e4hrend der Fahrt und verhindert ein unbeabsichtigtes \u00d6ffnen \u2013 f\u00fcr ein Plus an Funktionalit\u00e4t und Qualit\u00e4t.<\/p>\n","protected":false},"featured_media":278050,"comment_status":"closed","ping_status":"closed","template":"","meta":{"_acf_changed":false},"product_brand":[],"product_cat":[11152,11153,11190],"product_tag":[],"custom_category":[],"range":[],"class_list":{"0":"post-278175","1":"product","2":"type-product","3":"status-publish","4":"has-post-thumbnail","6":"product_cat-radtrikots","7":"product_cat-b2b-de","8":"product_cat-radsportbekleidung","9":"pa_climatologia-calor-de","10":"pa_deporte-gravel-de","11":"pa_deporte-ciclismo-de","12":"pa_genero-hombre-de","13":"pa_patronaje-fit-de","14":"pa_talla-s-de","15":"pa_talla-m-de","16":"pa_talla-l-de","17":"pa_talla-xl-de","18":"pa_talla-xxl-de","19":"pa_tipo-de-prenda-maillot-manga-corta-de","21":"first","22":"instock","23":"taxable","24":"shipping-taxable","25":"purchasable","26":"product-type-variable","27":"has-default-attributes"},"acf":[],"yoast_head":"<!-- This site is optimized with the Yoast SEO plugin v27.3 - https:\/\/yoast.com\/product\/yoast-seo-wordpress\/ -->\n<title>Radtrikot ESSENZ MALI MIEL (HERREN)<\/title>\n<meta name=\"description\" content=\"Gefertigt aus einem einzigen, ultraweichen Material, das sich angenehm auf der Haut anf\u00fchlt, bietet es vom ersten Moment an ein leichtes und umh\u00fcllendes Tragegef\u00fchl.\" \/>\n<meta name=\"robots\" content=\"index, follow, max-snippet:-1, max-image-preview:large, max-video-preview:-1\" \/>\n<link rel=\"canonical\" href=\"https:\/\/www.inverseteams.com\/de\/produkt\/radtrikot-essenz-mali-miel\/\" \/>\n<meta property=\"og:locale\" content=\"de_DE\" \/>\n<meta property=\"og:type\" content=\"article\" \/>\n<meta property=\"og:title\" content=\"Radtrikot ESSENZ MALI MIEL (HERREN)\" \/>\n<meta property=\"og:description\" content=\"Gefertigt aus einem einzigen, ultraweichen Material, das sich angenehm auf der Haut anf\u00fchlt, bietet es vom ersten Moment an ein leichtes und umh\u00fcllendes Tragegef\u00fchl.\" \/>\n<meta property=\"og:url\" content=\"https:\/\/www.inverseteams.com\/de\/produkt\/radtrikot-essenz-mali-miel\/\" \/>\n<meta property=\"og:site_name\" content=\"Inverseteams\" \/>\n<meta property=\"article:publisher\" content=\"https:\/\/www.facebook.com\/inverseteams\" \/>\n<meta property=\"article:modified_time\" content=\"2026-03-03T10:25:23+00:00\" \/>\n<meta property=\"og:image\" content=\"https:\/\/www.inverseteams.com\/wp-content\/uploads\/INVERSE-CICLISMO-HOMBRE-MAILLOT-ESSENZ-MALI-MIEL-001.jpg\" \/>\n\t<meta property=\"og:image:width\" content=\"1500\" \/>\n\t<meta property=\"og:image:height\" content=\"1612\" \/>\n\t<meta property=\"og:image:type\" content=\"image\/jpeg\" \/>\n<meta name=\"twitter:card\" content=\"summary_large_image\" \/>\n<meta name=\"twitter:label1\" content=\"Gesch\u00e4tzte Lesezeit\" \/>\n\t<meta name=\"twitter:data1\" content=\"2\u00a0Minute\" \/>\n<script type=\"application\/ld+json\" class=\"yoast-schema-graph\">{\"@context\":\"https:\\\/\\\/schema.org\",\"@graph\":[{\"@type\":\"WebPage\",\"@id\":\"https:\\\/\\\/www.inverseteams.com\\\/de\\\/produkt\\\/radtrikot-essenz-mali-miel\\\/\",\"url\":\"https:\\\/\\\/www.inverseteams.com\\\/de\\\/produkt\\\/radtrikot-essenz-mali-miel\\\/\",\"name\":\"Radtrikot ESSENZ MALI MIEL (HERREN)\",\"isPartOf\":{\"@id\":\"https:\\\/\\\/www.inverseteams.com\\\/de\\\/#website\"},\"primaryImageOfPage\":{\"@id\":\"https:\\\/\\\/www.inverseteams.com\\\/de\\\/produkt\\\/radtrikot-essenz-mali-miel\\\/#primaryimage\"},\"image\":{\"@id\":\"https:\\\/\\\/www.inverseteams.com\\\/de\\\/produkt\\\/radtrikot-essenz-mali-miel\\\/#primaryimage\"},\"thumbnailUrl\":\"https:\\\/\\\/www.inverseteams.com\\\/wp-content\\\/uploads\\\/INVERSE-CICLISMO-HOMBRE-MAILLOT-ESSENZ-MALI-MIEL-001.jpg\",\"datePublished\":\"2026-03-03T09:24:59+00:00\",\"dateModified\":\"2026-03-03T10:25:23+00:00\",\"description\":\"Gefertigt aus einem einzigen, ultraweichen Material, das sich angenehm auf der Haut anf\u00fchlt, bietet es vom ersten Moment an ein leichtes und umh\u00fcllendes Tragegef\u00fchl.\",\"breadcrumb\":{\"@id\":\"https:\\\/\\\/www.inverseteams.com\\\/de\\\/produkt\\\/radtrikot-essenz-mali-miel\\\/#breadcrumb\"},\"inLanguage\":\"de\",\"potentialAction\":[{\"@type\":\"ReadAction\",\"target\":[\"https:\\\/\\\/www.inverseteams.com\\\/de\\\/produkt\\\/radtrikot-essenz-mali-miel\\\/\"]}]},{\"@type\":\"ImageObject\",\"inLanguage\":\"de\",\"@id\":\"https:\\\/\\\/www.inverseteams.com\\\/de\\\/produkt\\\/radtrikot-essenz-mali-miel\\\/#primaryimage\",\"url\":\"https:\\\/\\\/www.inverseteams.com\\\/wp-content\\\/uploads\\\/INVERSE-CICLISMO-HOMBRE-MAILLOT-ESSENZ-MALI-MIEL-001.jpg\",\"contentUrl\":\"https:\\\/\\\/www.inverseteams.com\\\/wp-content\\\/uploads\\\/INVERSE-CICLISMO-HOMBRE-MAILLOT-ESSENZ-MALI-MIEL-001.jpg\",\"width\":1500,\"height\":1612},{\"@type\":\"BreadcrumbList\",\"@id\":\"https:\\\/\\\/www.inverseteams.com\\\/de\\\/produkt\\\/radtrikot-essenz-mali-miel\\\/#breadcrumb\",\"itemListElement\":[{\"@type\":\"ListItem\",\"position\":1,\"name\":\"Portada\",\"item\":\"https:\\\/\\\/www.inverseteams.com\\\/de\\\/\"},{\"@type\":\"ListItem\",\"position\":2,\"name\":\"Speichern\",\"item\":\"https:\\\/\\\/www.inverseteams.com\\\/de\\\/speichern\\\/\"},{\"@type\":\"ListItem\",\"position\":3,\"name\":\"Radtrikot ESSENZ MALI MIEL\"}]},{\"@type\":\"WebSite\",\"@id\":\"https:\\\/\\\/www.inverseteams.com\\\/de\\\/#website\",\"url\":\"https:\\\/\\\/www.inverseteams.com\\\/de\\\/\",\"name\":\"Inverseteams\",\"description\":\"Tu marca de ropa deportiva personalizada\",\"publisher\":{\"@id\":\"https:\\\/\\\/www.inverseteams.com\\\/de\\\/#organization\"},\"potentialAction\":[{\"@type\":\"SearchAction\",\"target\":{\"@type\":\"EntryPoint\",\"urlTemplate\":\"https:\\\/\\\/www.inverseteams.com\\\/de\\\/?s={search_term_string}\"},\"query-input\":{\"@type\":\"PropertyValueSpecification\",\"valueRequired\":true,\"valueName\":\"search_term_string\"}}],\"inLanguage\":\"de\"},{\"@type\":\"Organization\",\"@id\":\"https:\\\/\\\/www.inverseteams.com\\\/de\\\/#organization\",\"name\":\"Inverse Teams\",\"url\":\"https:\\\/\\\/www.inverseteams.com\\\/de\\\/\",\"logo\":{\"@type\":\"ImageObject\",\"inLanguage\":\"de\",\"@id\":\"https:\\\/\\\/www.inverseteams.com\\\/de\\\/#\\\/schema\\\/logo\\\/image\\\/\",\"url\":\"http:\\\/\\\/www.inverseteams.com\\\/wp-content\\\/uploads\\\/2021\\\/03\\\/logo-inverse-teams.png\",\"contentUrl\":\"http:\\\/\\\/www.inverseteams.com\\\/wp-content\\\/uploads\\\/2021\\\/03\\\/logo-inverse-teams.png\",\"width\":294,\"height\":99,\"caption\":\"Inverse Teams\"},\"image\":{\"@id\":\"https:\\\/\\\/www.inverseteams.com\\\/de\\\/#\\\/schema\\\/logo\\\/image\\\/\"},\"sameAs\":[\"https:\\\/\\\/www.facebook.com\\\/inverseteams\",\"http:\\\/\\\/instagram.com\\\/inverseteams\",\"https:\\\/\\\/www.linkedin.com\\\/company\\\/inverse-cirosport-s-l-?trk=job_view_topcard_company_name\",\"http:\\\/\\\/www.pinterest.com\\\/inverseteams\\\/\",\"http:\\\/\\\/www.youtube.com\\\/user\\\/inverseteams?feature=watch\"]}]}<\/script>\n<!-- \/ Yoast SEO plugin. -->","yoast_head_json":{"title":"Radtrikot ESSENZ MALI MIEL (HERREN)","description":"Gefertigt aus einem einzigen, ultraweichen Material, das sich angenehm auf der Haut anf\u00fchlt, bietet es vom ersten Moment an ein leichtes und umh\u00fcllendes Tragegef\u00fchl.","robots":{"index":"index","follow":"follow","max-snippet":"max-snippet:-1","max-image-preview":"max-image-preview:large","max-video-preview":"max-video-preview:-1"},"canonical":"https:\/\/www.inverseteams.com\/de\/produkt\/radtrikot-essenz-mali-miel\/","og_locale":"de_DE","og_type":"article","og_title":"Radtrikot ESSENZ MALI MIEL (HERREN)","og_description":"Gefertigt aus einem einzigen, ultraweichen Material, das sich angenehm auf der Haut anf\u00fchlt, bietet es vom ersten Moment an ein leichtes und umh\u00fcllendes Tragegef\u00fchl.","og_url":"https:\/\/www.inverseteams.com\/de\/produkt\/radtrikot-essenz-mali-miel\/","og_site_name":"Inverseteams","article_publisher":"https:\/\/www.facebook.com\/inverseteams","article_modified_time":"2026-03-03T10:25:23+00:00","og_image":[{"width":1500,"height":1612,"url":"https:\/\/www.inverseteams.com\/wp-content\/uploads\/INVERSE-CICLISMO-HOMBRE-MAILLOT-ESSENZ-MALI-MIEL-001.jpg","type":"image\/jpeg"}],"twitter_card":"summary_large_image","twitter_misc":{"Gesch\u00e4tzte Lesezeit":"2\u00a0Minute"},"schema":{"@context":"https:\/\/schema.org","@graph":[{"@type":"WebPage","@id":"https:\/\/www.inverseteams.com\/de\/produkt\/radtrikot-essenz-mali-miel\/","url":"https:\/\/www.inverseteams.com\/de\/produkt\/radtrikot-essenz-mali-miel\/","name":"Radtrikot ESSENZ MALI MIEL (HERREN)","isPartOf":{"@id":"https:\/\/www.inverseteams.com\/de\/#website"},"primaryImageOfPage":{"@id":"https:\/\/www.inverseteams.com\/de\/produkt\/radtrikot-essenz-mali-miel\/#primaryimage"},"image":{"@id":"https:\/\/www.inverseteams.com\/de\/produkt\/radtrikot-essenz-mali-miel\/#primaryimage"},"thumbnailUrl":"https:\/\/www.inverseteams.com\/wp-content\/uploads\/INVERSE-CICLISMO-HOMBRE-MAILLOT-ESSENZ-MALI-MIEL-001.jpg","datePublished":"2026-03-03T09:24:59+00:00","dateModified":"2026-03-03T10:25:23+00:00","description":"Gefertigt aus einem einzigen, ultraweichen Material, das sich angenehm auf der Haut anf\u00fchlt, bietet es vom ersten Moment an ein leichtes und umh\u00fcllendes Tragegef\u00fchl.","breadcrumb":{"@id":"https:\/\/www.inverseteams.com\/de\/produkt\/radtrikot-essenz-mali-miel\/#breadcrumb"},"inLanguage":"de","potentialAction":[{"@type":"ReadAction","target":["https:\/\/www.inverseteams.com\/de\/produkt\/radtrikot-essenz-mali-miel\/"]}]},{"@type":"ImageObject","inLanguage":"de","@id":"https:\/\/www.inverseteams.com\/de\/produkt\/radtrikot-essenz-mali-miel\/#primaryimage","url":"https:\/\/www.inverseteams.com\/wp-content\/uploads\/INVERSE-CICLISMO-HOMBRE-MAILLOT-ESSENZ-MALI-MIEL-001.jpg","contentUrl":"https:\/\/www.inverseteams.com\/wp-content\/uploads\/INVERSE-CICLISMO-HOMBRE-MAILLOT-ESSENZ-MALI-MIEL-001.jpg","width":1500,"height":1612},{"@type":"BreadcrumbList","@id":"https:\/\/www.inverseteams.com\/de\/produkt\/radtrikot-essenz-mali-miel\/#breadcrumb","itemListElement":[{"@type":"ListItem","position":1,"name":"Portada","item":"https:\/\/www.inverseteams.com\/de\/"},{"@type":"ListItem","position":2,"name":"Speichern","item":"https:\/\/www.inverseteams.com\/de\/speichern\/"},{"@type":"ListItem","position":3,"name":"Radtrikot ESSENZ MALI MIEL"}]},{"@type":"WebSite","@id":"https:\/\/www.inverseteams.com\/de\/#website","url":"https:\/\/www.inverseteams.com\/de\/","name":"Inverseteams","description":"Tu marca de ropa deportiva personalizada","publisher":{"@id":"https:\/\/www.inverseteams.com\/de\/#organization"},"potentialAction":[{"@type":"SearchAction","target":{"@type":"EntryPoint","urlTemplate":"https:\/\/www.inverseteams.com\/de\/?s={search_term_string}"},"query-input":{"@type":"PropertyValueSpecification","valueRequired":true,"valueName":"search_term_string"}}],"inLanguage":"de"},{"@type":"Organization","@id":"https:\/\/www.inverseteams.com\/de\/#organization","name":"Inverse Teams","url":"https:\/\/www.inverseteams.com\/de\/","logo":{"@type":"ImageObject","inLanguage":"de","@id":"https:\/\/www.inverseteams.com\/de\/#\/schema\/logo\/image\/","url":"https:\/\/www.inverseteams.com\/wp-content\/uploads\/2021\/03\/logo-inverse-teams.png","contentUrl":"https:\/\/www.inverseteams.com\/wp-content\/uploads\/2021\/03\/logo-inverse-teams.png","width":294,"height":99,"caption":"Inverse Teams"},"image":{"@id":"https:\/\/www.inverseteams.com\/de\/#\/schema\/logo\/image\/"},"sameAs":["https:\/\/www.facebook.com\/inverseteams","http:\/\/instagram.com\/inverseteams","https:\/\/www.linkedin.com\/company\/inverse-cirosport-s-l-?trk=job_view_topcard_company_name","http:\/\/www.pinterest.com\/inverseteams\/","http:\/\/www.youtube.com\/user\/inverseteams?feature=watch"]}]}},"_links":{"self":[{"href":"https:\/\/www.inverseteams.com\/de\/wp-json\/wp\/v2\/product\/278175","targetHints":{"allow":["GET"]}}],"collection":[{"href":"https:\/\/www.inverseteams.com\/de\/wp-json\/wp\/v2\/product"}],"about":[{"href":"https:\/\/www.inverseteams.com\/de\/wp-json\/wp\/v2\/types\/product"}],"replies":[{"embeddable":true,"href":"https:\/\/www.inverseteams.com\/de\/wp-json\/wp\/v2\/comments?post=278175"}],"wp:featuredmedia":[{"embeddable":true,"href":"https:\/\/www.inverseteams.com\/de\/wp-json\/wp\/v2\/media\/278050"}],"wp:attachment":[{"href":"https:\/\/www.inverseteams.com\/de\/wp-json\/wp\/v2\/media?parent=278175"}],"wp:term":[{"taxonomy":"product_brand","embeddable":true,"href":"https:\/\/www.inverseteams.com\/de\/wp-json\/wp\/v2\/product_brand?post=278175"},{"taxonomy":"product_cat","embeddable":true,"href":"https:\/\/www.inverseteams.com\/de\/wp-json\/wp\/v2\/product_cat?post=278175"},{"taxonomy":"product_tag","embeddable":true,"href":"https:\/\/www.inverseteams.com\/de\/wp-json\/wp\/v2\/product_tag?post=278175"},{"taxonomy":"custom_category","embeddable":true,"href":"https:\/\/www.inverseteams.com\/de\/wp-json\/wp\/v2\/custom_category?post=278175"},{"taxonomy":"range","embeddable":true,"href":"https:\/\/www.inverseteams.com\/de\/wp-json\/wp\/v2\/range?post=278175"}],"curies":[{"name":"wp","href":"https:\/\/api.w.org\/{rel}","templated":true}]}}