{"id":275897,"date":"2025-11-14T13:22:50","date_gmt":"2025-11-14T13:22:50","guid":{"rendered":"https:\/\/www.inverseteams.com\/?post_type=product&#038;p=275897"},"modified":"2025-11-14T13:40:08","modified_gmt":"2025-11-14T13:40:08","slug":"parka-sc204-c-basket","status":"publish","type":"product","link":"https:\/\/www.inverseteams.com\/de\/produkt\/parka-sc204-c-basket\/","title":{"rendered":"Parka SC204-C"},"content":{"rendered":"<p>In 2 Farben erh\u00e4ltlich: Schwarz und Navy Blau. Das Vereinswappen kann gestickt oder in DTF gedruckt werden.<br \/>\nDieser Parka hat einen mittigen Doppelschieber-Rei\u00dfverschluss und einen Kinnschutz. Es verf\u00fcgt \u00fcber zwei Au\u00dfentaschen mit Rei\u00dfverschluss. Die feste Kapuze mit Schirm sch\u00fctzt Sie vor Wind, K\u00e4lte und Regen.<br \/>\nDer Au\u00dfenstoff besteht aus 100 % Polyester-Taft. Dieses technische Gewebe ist wasserabweisend. Die Innenpolsterung speichert die K\u00f6rperw\u00e4rme und bietet Ihnen unvergleichlichen Komfort.<\/p>\n","protected":false},"excerpt":{"rendered":"<p>In 2 Farben erh\u00e4ltlich: Schwarz und Navy Blau. Das Vereinswappen kann gestickt oder in DTF gedruckt werden.<br \/>\nDieser Parka hat einen mittigen Doppelschieber-Rei\u00dfverschluss und einen Kinnschutz. Es verf\u00fcgt \u00fcber zwei Au\u00dfentaschen mit Rei\u00dfverschluss. Die feste Kapuze mit Schirm sch\u00fctzt Sie vor Wind, K\u00e4lte und Regen.<br \/>\nDer Au\u00dfenstoff besteht aus 100 % Polyester-Taft. Dieses technische Gewebe ist wasserabweisend. Die Innenpolsterung speichert die K\u00f6rperw\u00e4rme und bietet Ihnen unvergleichlichen Komfort.<\/p>\n","protected":false},"featured_media":275830,"comment_status":"closed","ping_status":"closed","template":"","meta":{"_acf_changed":false},"product_brand":[],"product_cat":[11218],"product_tag":[],"custom_category":[15161,20147],"range":[15156],"class_list":{"0":"post-275897","1":"product","2":"type-product","3":"status-publish","4":"has-post-thumbnail","6":"product_cat-uncategorized-de","7":"pa_climatologia-frio-de","8":"pa_climatologia-lluvia-de","9":"pa_climatologia-viento-de","10":"pa_deporte-basketball-de","11":"pa_genero-infantil-de","12":"pa_genero-unisex-de","13":"pa_patronaje-casual-de","14":"pa_tipo-de-prenda-parka-de","15":"custom_category-mannschaftssport","16":"custom_category-basketball","17":"range-jacken","19":"first","20":"instock","21":"product-type-custom"},"acf":[],"yoast_head":"<!-- This site is optimized with the Yoast SEO plugin v27.5 - https:\/\/yoast.com\/product\/yoast-seo-wordpress\/ -->\n<title>Parka SC204-C | Inverseteams<\/title>\n<meta name=\"description\" content=\"In 2 Farben erh\u00e4ltlich: Schwarz und Navy Blau. Das Vereinswappen kann gestickt oder in DTF gedruckt werden. Dieser Parka hat einen mittigen Doppelschieber-Rei\u00dfverschluss und einen Kinnschutz. Es verf\u00fcgt \u00fcber zwei Au\u00dfentaschen mit Rei\u00dfverschluss. Die feste Kapuze mit Schirm sch\u00fctzt Sie vor Wind, K\u00e4lte und Regen. Der Au\u00dfenstoff besteht aus 100 % Polyester-Taft. Dieses technische Gewebe ist wasserabweisend. Die Innenpolsterung speichert die K\u00f6rperw\u00e4rme und bietet Ihnen unvergleichlichen Komfort.\" \/>\n<meta name=\"robots\" content=\"index, follow, max-snippet:-1, max-image-preview:large, max-video-preview:-1\" \/>\n<link rel=\"canonical\" href=\"https:\/\/www.inverseteams.com\/de\/produkt\/parka-sc204-c-basket\/\" \/>\n<meta property=\"og:locale\" content=\"de_DE\" \/>\n<meta property=\"og:type\" content=\"article\" \/>\n<meta property=\"og:title\" content=\"Parka SC204-C | Inverseteams\" \/>\n<meta property=\"og:description\" content=\"In 2 Farben erh\u00e4ltlich: Schwarz und Navy Blau. Das Vereinswappen kann gestickt oder in DTF gedruckt werden. Dieser Parka hat einen mittigen Doppelschieber-Rei\u00dfverschluss und einen Kinnschutz. Es verf\u00fcgt \u00fcber zwei Au\u00dfentaschen mit Rei\u00dfverschluss. Die feste Kapuze mit Schirm sch\u00fctzt Sie vor Wind, K\u00e4lte und Regen. Der Au\u00dfenstoff besteht aus 100 % Polyester-Taft. Dieses technische Gewebe ist wasserabweisend. Die Innenpolsterung speichert die K\u00f6rperw\u00e4rme und bietet Ihnen unvergleichlichen Komfort.\" \/>\n<meta property=\"og:url\" content=\"https:\/\/www.inverseteams.com\/de\/produkt\/parka-sc204-c-basket\/\" \/>\n<meta property=\"og:site_name\" content=\"Inverseteams\" \/>\n<meta property=\"article:publisher\" content=\"https:\/\/www.facebook.com\/inverseteams\" \/>\n<meta property=\"article:modified_time\" content=\"2025-11-14T13:40:08+00:00\" \/>\n<meta property=\"og:image\" content=\"https:\/\/www.inverseteams.com\/wp-content\/uploads\/INVERSE-PARKA-SC204-C-1.jpg\" \/>\n\t<meta property=\"og:image:width\" content=\"1500\" \/>\n\t<meta property=\"og:image:height\" content=\"1612\" \/>\n\t<meta property=\"og:image:type\" content=\"image\/jpeg\" \/>\n<meta name=\"twitter:card\" content=\"summary_large_image\" \/>\n<meta name=\"twitter:label1\" content=\"Gesch\u00e4tzte Lesezeit\" \/>\n\t<meta name=\"twitter:data1\" content=\"1\u00a0Minute\" \/>\n<script type=\"application\/ld+json\" class=\"yoast-schema-graph\">{\"@context\":\"https:\\\/\\\/schema.org\",\"@graph\":[{\"@type\":\"WebPage\",\"@id\":\"https:\\\/\\\/www.inverseteams.com\\\/de\\\/produkt\\\/parka-sc204-c-basket\\\/\",\"url\":\"https:\\\/\\\/www.inverseteams.com\\\/de\\\/produkt\\\/parka-sc204-c-basket\\\/\",\"name\":\"Parka SC204-C | Inverseteams\",\"isPartOf\":{\"@id\":\"https:\\\/\\\/www.inverseteams.com\\\/de\\\/#website\"},\"primaryImageOfPage\":{\"@id\":\"https:\\\/\\\/www.inverseteams.com\\\/de\\\/produkt\\\/parka-sc204-c-basket\\\/#primaryimage\"},\"image\":{\"@id\":\"https:\\\/\\\/www.inverseteams.com\\\/de\\\/produkt\\\/parka-sc204-c-basket\\\/#primaryimage\"},\"thumbnailUrl\":\"https:\\\/\\\/www.inverseteams.com\\\/wp-content\\\/uploads\\\/INVERSE-PARKA-SC204-C-1.jpg\",\"datePublished\":\"2025-11-14T13:22:50+00:00\",\"dateModified\":\"2025-11-14T13:40:08+00:00\",\"description\":\"In 2 Farben erh\u00e4ltlich: Schwarz und Navy Blau. Das Vereinswappen kann gestickt oder in DTF gedruckt werden. Dieser Parka hat einen mittigen Doppelschieber-Rei\u00dfverschluss und einen Kinnschutz. Es verf\u00fcgt \u00fcber zwei Au\u00dfentaschen mit Rei\u00dfverschluss. Die feste Kapuze mit Schirm sch\u00fctzt Sie vor Wind, K\u00e4lte und Regen. Der Au\u00dfenstoff besteht aus 100 % Polyester-Taft. Dieses technische Gewebe ist wasserabweisend. Die Innenpolsterung speichert die K\u00f6rperw\u00e4rme und bietet Ihnen unvergleichlichen Komfort.\",\"breadcrumb\":{\"@id\":\"https:\\\/\\\/www.inverseteams.com\\\/de\\\/produkt\\\/parka-sc204-c-basket\\\/#breadcrumb\"},\"inLanguage\":\"de\",\"potentialAction\":[{\"@type\":\"ReadAction\",\"target\":[\"https:\\\/\\\/www.inverseteams.com\\\/de\\\/produkt\\\/parka-sc204-c-basket\\\/\"]}]},{\"@type\":\"ImageObject\",\"inLanguage\":\"de\",\"@id\":\"https:\\\/\\\/www.inverseteams.com\\\/de\\\/produkt\\\/parka-sc204-c-basket\\\/#primaryimage\",\"url\":\"https:\\\/\\\/www.inverseteams.com\\\/wp-content\\\/uploads\\\/INVERSE-PARKA-SC204-C-1.jpg\",\"contentUrl\":\"https:\\\/\\\/www.inverseteams.com\\\/wp-content\\\/uploads\\\/INVERSE-PARKA-SC204-C-1.jpg\",\"width\":1500,\"height\":1612},{\"@type\":\"BreadcrumbList\",\"@id\":\"https:\\\/\\\/www.inverseteams.com\\\/de\\\/produkt\\\/parka-sc204-c-basket\\\/#breadcrumb\",\"itemListElement\":[{\"@type\":\"ListItem\",\"position\":1,\"name\":\"Portada\",\"item\":\"https:\\\/\\\/www.inverseteams.com\\\/de\\\/\"},{\"@type\":\"ListItem\",\"position\":2,\"name\":\"Speichern\",\"item\":\"https:\\\/\\\/www.inverseteams.com\\\/de\\\/speichern\\\/\"},{\"@type\":\"ListItem\",\"position\":3,\"name\":\"Parka SC204-C\"}]},{\"@type\":\"WebSite\",\"@id\":\"https:\\\/\\\/www.inverseteams.com\\\/de\\\/#website\",\"url\":\"https:\\\/\\\/www.inverseteams.com\\\/de\\\/\",\"name\":\"Inverseteams\",\"description\":\"Tu marca de ropa deportiva personalizada\",\"publisher\":{\"@id\":\"https:\\\/\\\/www.inverseteams.com\\\/de\\\/#organization\"},\"potentialAction\":[{\"@type\":\"SearchAction\",\"target\":{\"@type\":\"EntryPoint\",\"urlTemplate\":\"https:\\\/\\\/www.inverseteams.com\\\/de\\\/?s={search_term_string}\"},\"query-input\":{\"@type\":\"PropertyValueSpecification\",\"valueRequired\":true,\"valueName\":\"search_term_string\"}}],\"inLanguage\":\"de\"},{\"@type\":\"Organization\",\"@id\":\"https:\\\/\\\/www.inverseteams.com\\\/de\\\/#organization\",\"name\":\"Inverse Teams\",\"url\":\"https:\\\/\\\/www.inverseteams.com\\\/de\\\/\",\"logo\":{\"@type\":\"ImageObject\",\"inLanguage\":\"de\",\"@id\":\"https:\\\/\\\/www.inverseteams.com\\\/de\\\/#\\\/schema\\\/logo\\\/image\\\/\",\"url\":\"https:\\\/\\\/www.inverseteams.com\\\/wp-content\\\/uploads\\\/2021\\\/03\\\/logo-inverse-teams.png\",\"contentUrl\":\"https:\\\/\\\/www.inverseteams.com\\\/wp-content\\\/uploads\\\/2021\\\/03\\\/logo-inverse-teams.png\",\"width\":294,\"height\":99,\"caption\":\"Inverse Teams\"},\"image\":{\"@id\":\"https:\\\/\\\/www.inverseteams.com\\\/de\\\/#\\\/schema\\\/logo\\\/image\\\/\"},\"sameAs\":[\"https:\\\/\\\/www.facebook.com\\\/inverseteams\",\"http:\\\/\\\/instagram.com\\\/inverseteams\",\"https:\\\/\\\/www.linkedin.com\\\/company\\\/inverse-cirosport-s-l-?trk=job_view_topcard_company_name\",\"http:\\\/\\\/www.pinterest.com\\\/inverseteams\\\/\",\"http:\\\/\\\/www.youtube.com\\\/user\\\/inverseteams?feature=watch\"]}]}<\/script>\n<!-- \/ Yoast SEO plugin. -->","yoast_head_json":{"title":"Parka SC204-C | Inverseteams","description":"In 2 Farben erh\u00e4ltlich: Schwarz und Navy Blau. Das Vereinswappen kann gestickt oder in DTF gedruckt werden. Dieser Parka hat einen mittigen Doppelschieber-Rei\u00dfverschluss und einen Kinnschutz. Es verf\u00fcgt \u00fcber zwei Au\u00dfentaschen mit Rei\u00dfverschluss. Die feste Kapuze mit Schirm sch\u00fctzt Sie vor Wind, K\u00e4lte und Regen. Der Au\u00dfenstoff besteht aus 100 % Polyester-Taft. Dieses technische Gewebe ist wasserabweisend. Die Innenpolsterung speichert die K\u00f6rperw\u00e4rme und bietet Ihnen unvergleichlichen Komfort.","robots":{"index":"index","follow":"follow","max-snippet":"max-snippet:-1","max-image-preview":"max-image-preview:large","max-video-preview":"max-video-preview:-1"},"canonical":"https:\/\/www.inverseteams.com\/de\/produkt\/parka-sc204-c-basket\/","og_locale":"de_DE","og_type":"article","og_title":"Parka SC204-C | Inverseteams","og_description":"In 2 Farben erh\u00e4ltlich: Schwarz und Navy Blau. Das Vereinswappen kann gestickt oder in DTF gedruckt werden. Dieser Parka hat einen mittigen Doppelschieber-Rei\u00dfverschluss und einen Kinnschutz. Es verf\u00fcgt \u00fcber zwei Au\u00dfentaschen mit Rei\u00dfverschluss. Die feste Kapuze mit Schirm sch\u00fctzt Sie vor Wind, K\u00e4lte und Regen. Der Au\u00dfenstoff besteht aus 100 % Polyester-Taft. Dieses technische Gewebe ist wasserabweisend. Die Innenpolsterung speichert die K\u00f6rperw\u00e4rme und bietet Ihnen unvergleichlichen Komfort.","og_url":"https:\/\/www.inverseteams.com\/de\/produkt\/parka-sc204-c-basket\/","og_site_name":"Inverseteams","article_publisher":"https:\/\/www.facebook.com\/inverseteams","article_modified_time":"2025-11-14T13:40:08+00:00","og_image":[{"width":1500,"height":1612,"url":"https:\/\/www.inverseteams.com\/wp-content\/uploads\/INVERSE-PARKA-SC204-C-1.jpg","type":"image\/jpeg"}],"twitter_card":"summary_large_image","twitter_misc":{"Gesch\u00e4tzte Lesezeit":"1\u00a0Minute"},"schema":{"@context":"https:\/\/schema.org","@graph":[{"@type":"WebPage","@id":"https:\/\/www.inverseteams.com\/de\/produkt\/parka-sc204-c-basket\/","url":"https:\/\/www.inverseteams.com\/de\/produkt\/parka-sc204-c-basket\/","name":"Parka SC204-C | Inverseteams","isPartOf":{"@id":"https:\/\/www.inverseteams.com\/de\/#website"},"primaryImageOfPage":{"@id":"https:\/\/www.inverseteams.com\/de\/produkt\/parka-sc204-c-basket\/#primaryimage"},"image":{"@id":"https:\/\/www.inverseteams.com\/de\/produkt\/parka-sc204-c-basket\/#primaryimage"},"thumbnailUrl":"https:\/\/www.inverseteams.com\/wp-content\/uploads\/INVERSE-PARKA-SC204-C-1.jpg","datePublished":"2025-11-14T13:22:50+00:00","dateModified":"2025-11-14T13:40:08+00:00","description":"In 2 Farben erh\u00e4ltlich: Schwarz und Navy Blau. Das Vereinswappen kann gestickt oder in DTF gedruckt werden. Dieser Parka hat einen mittigen Doppelschieber-Rei\u00dfverschluss und einen Kinnschutz. Es verf\u00fcgt \u00fcber zwei Au\u00dfentaschen mit Rei\u00dfverschluss. Die feste Kapuze mit Schirm sch\u00fctzt Sie vor Wind, K\u00e4lte und Regen. Der Au\u00dfenstoff besteht aus 100 % Polyester-Taft. Dieses technische Gewebe ist wasserabweisend. Die Innenpolsterung speichert die K\u00f6rperw\u00e4rme und bietet Ihnen unvergleichlichen Komfort.","breadcrumb":{"@id":"https:\/\/www.inverseteams.com\/de\/produkt\/parka-sc204-c-basket\/#breadcrumb"},"inLanguage":"de","potentialAction":[{"@type":"ReadAction","target":["https:\/\/www.inverseteams.com\/de\/produkt\/parka-sc204-c-basket\/"]}]},{"@type":"ImageObject","inLanguage":"de","@id":"https:\/\/www.inverseteams.com\/de\/produkt\/parka-sc204-c-basket\/#primaryimage","url":"https:\/\/www.inverseteams.com\/wp-content\/uploads\/INVERSE-PARKA-SC204-C-1.jpg","contentUrl":"https:\/\/www.inverseteams.com\/wp-content\/uploads\/INVERSE-PARKA-SC204-C-1.jpg","width":1500,"height":1612},{"@type":"BreadcrumbList","@id":"https:\/\/www.inverseteams.com\/de\/produkt\/parka-sc204-c-basket\/#breadcrumb","itemListElement":[{"@type":"ListItem","position":1,"name":"Portada","item":"https:\/\/www.inverseteams.com\/de\/"},{"@type":"ListItem","position":2,"name":"Speichern","item":"https:\/\/www.inverseteams.com\/de\/speichern\/"},{"@type":"ListItem","position":3,"name":"Parka SC204-C"}]},{"@type":"WebSite","@id":"https:\/\/www.inverseteams.com\/de\/#website","url":"https:\/\/www.inverseteams.com\/de\/","name":"Inverseteams","description":"Tu marca de ropa deportiva personalizada","publisher":{"@id":"https:\/\/www.inverseteams.com\/de\/#organization"},"potentialAction":[{"@type":"SearchAction","target":{"@type":"EntryPoint","urlTemplate":"https:\/\/www.inverseteams.com\/de\/?s={search_term_string}"},"query-input":{"@type":"PropertyValueSpecification","valueRequired":true,"valueName":"search_term_string"}}],"inLanguage":"de"},{"@type":"Organization","@id":"https:\/\/www.inverseteams.com\/de\/#organization","name":"Inverse Teams","url":"https:\/\/www.inverseteams.com\/de\/","logo":{"@type":"ImageObject","inLanguage":"de","@id":"https:\/\/www.inverseteams.com\/de\/#\/schema\/logo\/image\/","url":"https:\/\/www.inverseteams.com\/wp-content\/uploads\/2021\/03\/logo-inverse-teams.png","contentUrl":"https:\/\/www.inverseteams.com\/wp-content\/uploads\/2021\/03\/logo-inverse-teams.png","width":294,"height":99,"caption":"Inverse Teams"},"image":{"@id":"https:\/\/www.inverseteams.com\/de\/#\/schema\/logo\/image\/"},"sameAs":["https:\/\/www.facebook.com\/inverseteams","http:\/\/instagram.com\/inverseteams","https:\/\/www.linkedin.com\/company\/inverse-cirosport-s-l-?trk=job_view_topcard_company_name","http:\/\/www.pinterest.com\/inverseteams\/","http:\/\/www.youtube.com\/user\/inverseteams?feature=watch"]}]}},"_links":{"self":[{"href":"https:\/\/www.inverseteams.com\/de\/wp-json\/wp\/v2\/product\/275897","targetHints":{"allow":["GET"]}}],"collection":[{"href":"https:\/\/www.inverseteams.com\/de\/wp-json\/wp\/v2\/product"}],"about":[{"href":"https:\/\/www.inverseteams.com\/de\/wp-json\/wp\/v2\/types\/product"}],"replies":[{"embeddable":true,"href":"https:\/\/www.inverseteams.com\/de\/wp-json\/wp\/v2\/comments?post=275897"}],"wp:featuredmedia":[{"embeddable":true,"href":"https:\/\/www.inverseteams.com\/de\/wp-json\/wp\/v2\/media\/275830"}],"wp:attachment":[{"href":"https:\/\/www.inverseteams.com\/de\/wp-json\/wp\/v2\/media?parent=275897"}],"wp:term":[{"taxonomy":"product_brand","embeddable":true,"href":"https:\/\/www.inverseteams.com\/de\/wp-json\/wp\/v2\/product_brand?post=275897"},{"taxonomy":"product_cat","embeddable":true,"href":"https:\/\/www.inverseteams.com\/de\/wp-json\/wp\/v2\/product_cat?post=275897"},{"taxonomy":"product_tag","embeddable":true,"href":"https:\/\/www.inverseteams.com\/de\/wp-json\/wp\/v2\/product_tag?post=275897"},{"taxonomy":"custom_category","embeddable":true,"href":"https:\/\/www.inverseteams.com\/de\/wp-json\/wp\/v2\/custom_category?post=275897"},{"taxonomy":"range","embeddable":true,"href":"https:\/\/www.inverseteams.com\/de\/wp-json\/wp\/v2\/range?post=275897"}],"curies":[{"name":"wp","href":"https:\/\/api.w.org\/{rel}","templated":true}]}}