{"id":275890,"date":"2025-11-14T13:06:25","date_gmt":"2025-11-14T13:06:25","guid":{"rendered":"https:\/\/www.inverseteams.com\/?post_type=product&#038;p=275890"},"modified":"2025-11-14T13:20:17","modified_gmt":"2025-11-14T13:20:17","slug":"softshell-sc220-c-basket","status":"publish","type":"product","link":"https:\/\/www.inverseteams.com\/de\/produkt\/softshell-sc220-c-basket\/","title":{"rendered":"Softshell SC220-C"},"content":{"rendered":"<p>Erh\u00e4ltlich in 4 Farben: Schwarz, Rot, Navy Blau und Royal Blau. Das Vereinswappen kann mit DTF oder Stickerei hinzugef\u00fcgt werden.<br \/>\nDiese Softshelljacke besteht aus 2 Lagen. Die Innenseite aus Microfleece f\u00fchlt sich sehr angenehm an und h\u00e4lt sch\u00f6n warm. Die Au\u00dfenschicht ist wasserabweisend und winddicht.<br \/>\nEs hat 2 Seitentaschen und eine weitere auf der Brust. Alle Taschen sind mit Rei\u00dfverschl\u00fcssen verschlie\u00dfbar. Die \u00c4rmelb\u00fcndchen lassen sich per Klettverschluss verstellen und die Taillenweite l\u00e4sst sich dank elastischer Kordeln regulieren.<br \/>\nDieses Softdhell \u200b\u200beignet sich perfekt zum Kampf gegen das raue Winterwetter.<\/p>\n","protected":false},"excerpt":{"rendered":"<p>Erh\u00e4ltlich in 4 Farben: Schwarz, Rot, Navy Blau und Royal Blau. Das Vereinswappen kann mit DTF oder Stickerei hinzugef\u00fcgt werden.<br \/>\nDiese Softshelljacke besteht aus 2 Lagen. Die Innenseite aus Microfleece f\u00fchlt sich sehr angenehm an und h\u00e4lt sch\u00f6n warm. Die Au\u00dfenschicht ist wasserabweisend und winddicht.<br \/>\nEs hat 2 Seitentaschen und eine weitere auf der Brust. Alle Taschen sind mit Rei\u00dfverschl\u00fcssen verschlie\u00dfbar. Die \u00c4rmelb\u00fcndchen lassen sich per Klettverschluss verstellen und die Taillenweite l\u00e4sst sich dank elastischer Kordeln regulieren.<br \/>\nDieses Softdhell \u200b\u200beignet sich perfekt zum Kampf gegen das raue Winterwetter.<\/p>\n","protected":false},"featured_media":275870,"comment_status":"closed","ping_status":"closed","template":"","meta":{"_acf_changed":false},"product_brand":[],"product_cat":[11218],"product_tag":[],"custom_category":[15161,20147],"range":[15156],"class_list":{"0":"post-275890","1":"product","2":"type-product","3":"status-publish","4":"has-post-thumbnail","6":"product_cat-uncategorized-de","7":"pa_climatologia-frio-de","8":"pa_climatologia-lluvia-de","9":"pa_climatologia-viento-de","10":"pa_deporte-basketball-de","11":"pa_genero-unisex-de","12":"pa_genero-infantil-de","13":"pa_patronaje-casual-de","14":"pa_tipo-de-prenda-chaqueta-de","15":"custom_category-mannschaftssport","16":"custom_category-basketball","17":"range-jacken","19":"first","20":"instock","21":"product-type-custom"},"acf":[],"yoast_head":"<!-- This site is optimized with the Yoast SEO plugin v27.5 - https:\/\/yoast.com\/product\/yoast-seo-wordpress\/ -->\n<title>Softshell SC220-C | Inverseteams<\/title>\n<meta name=\"description\" content=\"Erh\u00e4ltlich in 4 Farben: Schwarz, Rot, Navy Blau und Royal Blau. Das Vereinswappen kann mit DTF oder Stickerei hinzugef\u00fcgt werden. Diese Softshelljacke besteht aus 2 Lagen. Die Innenseite aus Microfleece f\u00fchlt sich sehr angenehm an und h\u00e4lt sch\u00f6n warm. Die Au\u00dfenschicht ist wasserabweisend und winddicht. Es hat 2 Seitentaschen und eine weitere auf der Brust. Alle Taschen sind mit Rei\u00dfverschl\u00fcssen verschlie\u00dfbar. Die \u00c4rmelb\u00fcndchen lassen sich per Klettverschluss verstellen und die Taillenweite l\u00e4sst sich dank elastischer Kordeln regulieren. Dieses Softdhell \u200b\u200beignet sich perfekt zum Kampf gegen das raue Winterwetter.\" \/>\n<meta name=\"robots\" content=\"index, follow, max-snippet:-1, max-image-preview:large, max-video-preview:-1\" \/>\n<link rel=\"canonical\" href=\"https:\/\/www.inverseteams.com\/de\/produkt\/softshell-sc220-c-basket\/\" \/>\n<meta property=\"og:locale\" content=\"de_DE\" \/>\n<meta property=\"og:type\" content=\"article\" \/>\n<meta property=\"og:title\" content=\"Softshell SC220-C | Inverseteams\" \/>\n<meta property=\"og:description\" content=\"Erh\u00e4ltlich in 4 Farben: Schwarz, Rot, Navy Blau und Royal Blau. Das Vereinswappen kann mit DTF oder Stickerei hinzugef\u00fcgt werden. Diese Softshelljacke besteht aus 2 Lagen. Die Innenseite aus Microfleece f\u00fchlt sich sehr angenehm an und h\u00e4lt sch\u00f6n warm. Die Au\u00dfenschicht ist wasserabweisend und winddicht. Es hat 2 Seitentaschen und eine weitere auf der Brust. Alle Taschen sind mit Rei\u00dfverschl\u00fcssen verschlie\u00dfbar. Die \u00c4rmelb\u00fcndchen lassen sich per Klettverschluss verstellen und die Taillenweite l\u00e4sst sich dank elastischer Kordeln regulieren. Dieses Softdhell \u200b\u200beignet sich perfekt zum Kampf gegen das raue Winterwetter.\" \/>\n<meta property=\"og:url\" content=\"https:\/\/www.inverseteams.com\/de\/produkt\/softshell-sc220-c-basket\/\" \/>\n<meta property=\"og:site_name\" content=\"Inverseteams\" \/>\n<meta property=\"article:publisher\" content=\"https:\/\/www.facebook.com\/inverseteams\" \/>\n<meta property=\"article:modified_time\" content=\"2025-11-14T13:20:17+00:00\" \/>\n<meta property=\"og:image\" content=\"https:\/\/www.inverseteams.com\/wp-content\/uploads\/INVERSE-SOFTSHELL-SC220-C-1.jpg\" \/>\n\t<meta property=\"og:image:width\" content=\"1500\" \/>\n\t<meta property=\"og:image:height\" content=\"1612\" \/>\n\t<meta property=\"og:image:type\" content=\"image\/jpeg\" \/>\n<meta name=\"twitter:card\" content=\"summary_large_image\" \/>\n<meta name=\"twitter:label1\" content=\"Gesch\u00e4tzte Lesezeit\" \/>\n\t<meta name=\"twitter:data1\" content=\"1\u00a0Minute\" \/>\n<script type=\"application\/ld+json\" class=\"yoast-schema-graph\">{\"@context\":\"https:\\\/\\\/schema.org\",\"@graph\":[{\"@type\":\"WebPage\",\"@id\":\"https:\\\/\\\/www.inverseteams.com\\\/de\\\/produkt\\\/softshell-sc220-c-basket\\\/\",\"url\":\"https:\\\/\\\/www.inverseteams.com\\\/de\\\/produkt\\\/softshell-sc220-c-basket\\\/\",\"name\":\"Softshell SC220-C | Inverseteams\",\"isPartOf\":{\"@id\":\"https:\\\/\\\/www.inverseteams.com\\\/de\\\/#website\"},\"primaryImageOfPage\":{\"@id\":\"https:\\\/\\\/www.inverseteams.com\\\/de\\\/produkt\\\/softshell-sc220-c-basket\\\/#primaryimage\"},\"image\":{\"@id\":\"https:\\\/\\\/www.inverseteams.com\\\/de\\\/produkt\\\/softshell-sc220-c-basket\\\/#primaryimage\"},\"thumbnailUrl\":\"https:\\\/\\\/www.inverseteams.com\\\/wp-content\\\/uploads\\\/INVERSE-SOFTSHELL-SC220-C-1.jpg\",\"datePublished\":\"2025-11-14T13:06:25+00:00\",\"dateModified\":\"2025-11-14T13:20:17+00:00\",\"description\":\"Erh\u00e4ltlich in 4 Farben: Schwarz, Rot, Navy Blau und Royal Blau. Das Vereinswappen kann mit DTF oder Stickerei hinzugef\u00fcgt werden. Diese Softshelljacke besteht aus 2 Lagen. Die Innenseite aus Microfleece f\u00fchlt sich sehr angenehm an und h\u00e4lt sch\u00f6n warm. Die Au\u00dfenschicht ist wasserabweisend und winddicht. Es hat 2 Seitentaschen und eine weitere auf der Brust. Alle Taschen sind mit Rei\u00dfverschl\u00fcssen verschlie\u00dfbar. Die \u00c4rmelb\u00fcndchen lassen sich per Klettverschluss verstellen und die Taillenweite l\u00e4sst sich dank elastischer Kordeln regulieren. Dieses Softdhell \u200b\u200beignet sich perfekt zum Kampf gegen das raue Winterwetter.\",\"breadcrumb\":{\"@id\":\"https:\\\/\\\/www.inverseteams.com\\\/de\\\/produkt\\\/softshell-sc220-c-basket\\\/#breadcrumb\"},\"inLanguage\":\"de\",\"potentialAction\":[{\"@type\":\"ReadAction\",\"target\":[\"https:\\\/\\\/www.inverseteams.com\\\/de\\\/produkt\\\/softshell-sc220-c-basket\\\/\"]}]},{\"@type\":\"ImageObject\",\"inLanguage\":\"de\",\"@id\":\"https:\\\/\\\/www.inverseteams.com\\\/de\\\/produkt\\\/softshell-sc220-c-basket\\\/#primaryimage\",\"url\":\"https:\\\/\\\/www.inverseteams.com\\\/wp-content\\\/uploads\\\/INVERSE-SOFTSHELL-SC220-C-1.jpg\",\"contentUrl\":\"https:\\\/\\\/www.inverseteams.com\\\/wp-content\\\/uploads\\\/INVERSE-SOFTSHELL-SC220-C-1.jpg\",\"width\":1500,\"height\":1612},{\"@type\":\"BreadcrumbList\",\"@id\":\"https:\\\/\\\/www.inverseteams.com\\\/de\\\/produkt\\\/softshell-sc220-c-basket\\\/#breadcrumb\",\"itemListElement\":[{\"@type\":\"ListItem\",\"position\":1,\"name\":\"Portada\",\"item\":\"https:\\\/\\\/www.inverseteams.com\\\/de\\\/\"},{\"@type\":\"ListItem\",\"position\":2,\"name\":\"Speichern\",\"item\":\"https:\\\/\\\/www.inverseteams.com\\\/de\\\/speichern\\\/\"},{\"@type\":\"ListItem\",\"position\":3,\"name\":\"Softshell SC220-C\"}]},{\"@type\":\"WebSite\",\"@id\":\"https:\\\/\\\/www.inverseteams.com\\\/de\\\/#website\",\"url\":\"https:\\\/\\\/www.inverseteams.com\\\/de\\\/\",\"name\":\"Inverseteams\",\"description\":\"Tu marca de ropa deportiva personalizada\",\"publisher\":{\"@id\":\"https:\\\/\\\/www.inverseteams.com\\\/de\\\/#organization\"},\"potentialAction\":[{\"@type\":\"SearchAction\",\"target\":{\"@type\":\"EntryPoint\",\"urlTemplate\":\"https:\\\/\\\/www.inverseteams.com\\\/de\\\/?s={search_term_string}\"},\"query-input\":{\"@type\":\"PropertyValueSpecification\",\"valueRequired\":true,\"valueName\":\"search_term_string\"}}],\"inLanguage\":\"de\"},{\"@type\":\"Organization\",\"@id\":\"https:\\\/\\\/www.inverseteams.com\\\/de\\\/#organization\",\"name\":\"Inverse Teams\",\"url\":\"https:\\\/\\\/www.inverseteams.com\\\/de\\\/\",\"logo\":{\"@type\":\"ImageObject\",\"inLanguage\":\"de\",\"@id\":\"https:\\\/\\\/www.inverseteams.com\\\/de\\\/#\\\/schema\\\/logo\\\/image\\\/\",\"url\":\"https:\\\/\\\/www.inverseteams.com\\\/wp-content\\\/uploads\\\/2021\\\/03\\\/logo-inverse-teams.png\",\"contentUrl\":\"https:\\\/\\\/www.inverseteams.com\\\/wp-content\\\/uploads\\\/2021\\\/03\\\/logo-inverse-teams.png\",\"width\":294,\"height\":99,\"caption\":\"Inverse Teams\"},\"image\":{\"@id\":\"https:\\\/\\\/www.inverseteams.com\\\/de\\\/#\\\/schema\\\/logo\\\/image\\\/\"},\"sameAs\":[\"https:\\\/\\\/www.facebook.com\\\/inverseteams\",\"http:\\\/\\\/instagram.com\\\/inverseteams\",\"https:\\\/\\\/www.linkedin.com\\\/company\\\/inverse-cirosport-s-l-?trk=job_view_topcard_company_name\",\"http:\\\/\\\/www.pinterest.com\\\/inverseteams\\\/\",\"http:\\\/\\\/www.youtube.com\\\/user\\\/inverseteams?feature=watch\"]}]}<\/script>\n<!-- \/ Yoast SEO plugin. -->","yoast_head_json":{"title":"Softshell SC220-C | Inverseteams","description":"Erh\u00e4ltlich in 4 Farben: Schwarz, Rot, Navy Blau und Royal Blau. Das Vereinswappen kann mit DTF oder Stickerei hinzugef\u00fcgt werden. Diese Softshelljacke besteht aus 2 Lagen. Die Innenseite aus Microfleece f\u00fchlt sich sehr angenehm an und h\u00e4lt sch\u00f6n warm. Die Au\u00dfenschicht ist wasserabweisend und winddicht. Es hat 2 Seitentaschen und eine weitere auf der Brust. Alle Taschen sind mit Rei\u00dfverschl\u00fcssen verschlie\u00dfbar. Die \u00c4rmelb\u00fcndchen lassen sich per Klettverschluss verstellen und die Taillenweite l\u00e4sst sich dank elastischer Kordeln regulieren. Dieses Softdhell \u200b\u200beignet sich perfekt zum Kampf gegen das raue Winterwetter.","robots":{"index":"index","follow":"follow","max-snippet":"max-snippet:-1","max-image-preview":"max-image-preview:large","max-video-preview":"max-video-preview:-1"},"canonical":"https:\/\/www.inverseteams.com\/de\/produkt\/softshell-sc220-c-basket\/","og_locale":"de_DE","og_type":"article","og_title":"Softshell SC220-C | Inverseteams","og_description":"Erh\u00e4ltlich in 4 Farben: Schwarz, Rot, Navy Blau und Royal Blau. Das Vereinswappen kann mit DTF oder Stickerei hinzugef\u00fcgt werden. Diese Softshelljacke besteht aus 2 Lagen. Die Innenseite aus Microfleece f\u00fchlt sich sehr angenehm an und h\u00e4lt sch\u00f6n warm. Die Au\u00dfenschicht ist wasserabweisend und winddicht. Es hat 2 Seitentaschen und eine weitere auf der Brust. Alle Taschen sind mit Rei\u00dfverschl\u00fcssen verschlie\u00dfbar. Die \u00c4rmelb\u00fcndchen lassen sich per Klettverschluss verstellen und die Taillenweite l\u00e4sst sich dank elastischer Kordeln regulieren. Dieses Softdhell \u200b\u200beignet sich perfekt zum Kampf gegen das raue Winterwetter.","og_url":"https:\/\/www.inverseteams.com\/de\/produkt\/softshell-sc220-c-basket\/","og_site_name":"Inverseteams","article_publisher":"https:\/\/www.facebook.com\/inverseteams","article_modified_time":"2025-11-14T13:20:17+00:00","og_image":[{"width":1500,"height":1612,"url":"https:\/\/www.inverseteams.com\/wp-content\/uploads\/INVERSE-SOFTSHELL-SC220-C-1.jpg","type":"image\/jpeg"}],"twitter_card":"summary_large_image","twitter_misc":{"Gesch\u00e4tzte Lesezeit":"1\u00a0Minute"},"schema":{"@context":"https:\/\/schema.org","@graph":[{"@type":"WebPage","@id":"https:\/\/www.inverseteams.com\/de\/produkt\/softshell-sc220-c-basket\/","url":"https:\/\/www.inverseteams.com\/de\/produkt\/softshell-sc220-c-basket\/","name":"Softshell SC220-C | Inverseteams","isPartOf":{"@id":"https:\/\/www.inverseteams.com\/de\/#website"},"primaryImageOfPage":{"@id":"https:\/\/www.inverseteams.com\/de\/produkt\/softshell-sc220-c-basket\/#primaryimage"},"image":{"@id":"https:\/\/www.inverseteams.com\/de\/produkt\/softshell-sc220-c-basket\/#primaryimage"},"thumbnailUrl":"https:\/\/www.inverseteams.com\/wp-content\/uploads\/INVERSE-SOFTSHELL-SC220-C-1.jpg","datePublished":"2025-11-14T13:06:25+00:00","dateModified":"2025-11-14T13:20:17+00:00","description":"Erh\u00e4ltlich in 4 Farben: Schwarz, Rot, Navy Blau und Royal Blau. Das Vereinswappen kann mit DTF oder Stickerei hinzugef\u00fcgt werden. Diese Softshelljacke besteht aus 2 Lagen. Die Innenseite aus Microfleece f\u00fchlt sich sehr angenehm an und h\u00e4lt sch\u00f6n warm. Die Au\u00dfenschicht ist wasserabweisend und winddicht. Es hat 2 Seitentaschen und eine weitere auf der Brust. Alle Taschen sind mit Rei\u00dfverschl\u00fcssen verschlie\u00dfbar. Die \u00c4rmelb\u00fcndchen lassen sich per Klettverschluss verstellen und die Taillenweite l\u00e4sst sich dank elastischer Kordeln regulieren. Dieses Softdhell \u200b\u200beignet sich perfekt zum Kampf gegen das raue Winterwetter.","breadcrumb":{"@id":"https:\/\/www.inverseteams.com\/de\/produkt\/softshell-sc220-c-basket\/#breadcrumb"},"inLanguage":"de","potentialAction":[{"@type":"ReadAction","target":["https:\/\/www.inverseteams.com\/de\/produkt\/softshell-sc220-c-basket\/"]}]},{"@type":"ImageObject","inLanguage":"de","@id":"https:\/\/www.inverseteams.com\/de\/produkt\/softshell-sc220-c-basket\/#primaryimage","url":"https:\/\/www.inverseteams.com\/wp-content\/uploads\/INVERSE-SOFTSHELL-SC220-C-1.jpg","contentUrl":"https:\/\/www.inverseteams.com\/wp-content\/uploads\/INVERSE-SOFTSHELL-SC220-C-1.jpg","width":1500,"height":1612},{"@type":"BreadcrumbList","@id":"https:\/\/www.inverseteams.com\/de\/produkt\/softshell-sc220-c-basket\/#breadcrumb","itemListElement":[{"@type":"ListItem","position":1,"name":"Portada","item":"https:\/\/www.inverseteams.com\/de\/"},{"@type":"ListItem","position":2,"name":"Speichern","item":"https:\/\/www.inverseteams.com\/de\/speichern\/"},{"@type":"ListItem","position":3,"name":"Softshell SC220-C"}]},{"@type":"WebSite","@id":"https:\/\/www.inverseteams.com\/de\/#website","url":"https:\/\/www.inverseteams.com\/de\/","name":"Inverseteams","description":"Tu marca de ropa deportiva personalizada","publisher":{"@id":"https:\/\/www.inverseteams.com\/de\/#organization"},"potentialAction":[{"@type":"SearchAction","target":{"@type":"EntryPoint","urlTemplate":"https:\/\/www.inverseteams.com\/de\/?s={search_term_string}"},"query-input":{"@type":"PropertyValueSpecification","valueRequired":true,"valueName":"search_term_string"}}],"inLanguage":"de"},{"@type":"Organization","@id":"https:\/\/www.inverseteams.com\/de\/#organization","name":"Inverse Teams","url":"https:\/\/www.inverseteams.com\/de\/","logo":{"@type":"ImageObject","inLanguage":"de","@id":"https:\/\/www.inverseteams.com\/de\/#\/schema\/logo\/image\/","url":"https:\/\/www.inverseteams.com\/wp-content\/uploads\/2021\/03\/logo-inverse-teams.png","contentUrl":"https:\/\/www.inverseteams.com\/wp-content\/uploads\/2021\/03\/logo-inverse-teams.png","width":294,"height":99,"caption":"Inverse Teams"},"image":{"@id":"https:\/\/www.inverseteams.com\/de\/#\/schema\/logo\/image\/"},"sameAs":["https:\/\/www.facebook.com\/inverseteams","http:\/\/instagram.com\/inverseteams","https:\/\/www.linkedin.com\/company\/inverse-cirosport-s-l-?trk=job_view_topcard_company_name","http:\/\/www.pinterest.com\/inverseteams\/","http:\/\/www.youtube.com\/user\/inverseteams?feature=watch"]}]}},"_links":{"self":[{"href":"https:\/\/www.inverseteams.com\/de\/wp-json\/wp\/v2\/product\/275890","targetHints":{"allow":["GET"]}}],"collection":[{"href":"https:\/\/www.inverseteams.com\/de\/wp-json\/wp\/v2\/product"}],"about":[{"href":"https:\/\/www.inverseteams.com\/de\/wp-json\/wp\/v2\/types\/product"}],"replies":[{"embeddable":true,"href":"https:\/\/www.inverseteams.com\/de\/wp-json\/wp\/v2\/comments?post=275890"}],"wp:featuredmedia":[{"embeddable":true,"href":"https:\/\/www.inverseteams.com\/de\/wp-json\/wp\/v2\/media\/275870"}],"wp:attachment":[{"href":"https:\/\/www.inverseteams.com\/de\/wp-json\/wp\/v2\/media?parent=275890"}],"wp:term":[{"taxonomy":"product_brand","embeddable":true,"href":"https:\/\/www.inverseteams.com\/de\/wp-json\/wp\/v2\/product_brand?post=275890"},{"taxonomy":"product_cat","embeddable":true,"href":"https:\/\/www.inverseteams.com\/de\/wp-json\/wp\/v2\/product_cat?post=275890"},{"taxonomy":"product_tag","embeddable":true,"href":"https:\/\/www.inverseteams.com\/de\/wp-json\/wp\/v2\/product_tag?post=275890"},{"taxonomy":"custom_category","embeddable":true,"href":"https:\/\/www.inverseteams.com\/de\/wp-json\/wp\/v2\/custom_category?post=275890"},{"taxonomy":"range","embeddable":true,"href":"https:\/\/www.inverseteams.com\/de\/wp-json\/wp\/v2\/range?post=275890"}],"curies":[{"name":"wp","href":"https:\/\/api.w.org\/{rel}","templated":true}]}}