{"id":275725,"date":"2025-11-14T09:34:52","date_gmt":"2025-11-14T09:34:52","guid":{"rendered":"https:\/\/www.inverseteams.com\/?post_type=product&#038;p=275725"},"modified":"2025-11-14T09:55:55","modified_gmt":"2025-11-14T09:55:55","slug":"hoody-sc64-s-basket","status":"publish","type":"product","link":"https:\/\/www.inverseteams.com\/de\/produkt\/hoody-sc64-s-basket\/","title":{"rendered":"Hoody SC64-S"},"content":{"rendered":"<p>Sweatshirt aus HORIZON-Stoff mit geb\u00fcrsteter Innenseite, die die K\u00f6rperw\u00e4rme speichert. Der Stoff ist mit der COOLCOMFORT-Beschichtung behandelt, die daf\u00fcr sorgt, dass der Schwei\u00df leicht nach au\u00dfen abgeleitet wird, die Haut trocken und k\u00fchl bleibt und hohen Tragekomfort garantiert. Die Kapuze ist mit einem Kordelzug ausgestattet, sodass Sie sie an Ihren Kopf anpassen k\u00f6nnen. Im Frontbereich verf\u00fcgt es \u00fcber eine ger\u00e4umige Tasche. An den \u00c4rmelenden und in der Taille befindet sich jeweils ein Gummizug, damit sich das Sweatshirt optimal an deinen K\u00f6rper anpasst.<br \/>\nDie Front kann individuell gestaltet werden. Der Rest des Sweatshirts wird schwarz, rot, Navy Blau oder Royal Blau sein.<\/p>\n","protected":false},"excerpt":{"rendered":"<p>Sweatshirt aus HORIZON-Stoff mit geb\u00fcrsteter Innenseite, die die K\u00f6rperw\u00e4rme speichert. Der Stoff ist mit der COOLCOMFORT-Beschichtung behandelt, die daf\u00fcr sorgt, dass der Schwei\u00df leicht nach au\u00dfen abgeleitet wird, die Haut trocken und k\u00fchl bleibt und hohen Tragekomfort garantiert. Die Kapuze ist mit einem Kordelzug ausgestattet, sodass Sie sie an Ihren Kopf anpassen k\u00f6nnen. Im Frontbereich verf\u00fcgt es \u00fcber eine ger\u00e4umige Tasche. An den \u00c4rmelenden und in der Taille befindet sich jeweils ein Gummizug, damit sich das Sweatshirt optimal an deinen K\u00f6rper anpasst.<br \/>\nDie Front kann individuell gestaltet werden. Der Rest des Sweatshirts wird schwarz, rot, Navy Blau oder Royal Blau sein.<\/p>\n","protected":false},"featured_media":275539,"comment_status":"closed","ping_status":"closed","template":"","meta":{"_acf_changed":false},"product_brand":[],"product_cat":[11218],"product_tag":[],"custom_category":[15161,20147],"range":[15146],"class_list":{"0":"post-275725","1":"product","2":"type-product","3":"status-publish","4":"has-post-thumbnail","6":"product_cat-uncategorized-de","7":"pa_climatologia-viento-de","8":"pa_climatologia-temperatura-templada-de","9":"pa_climatologia-frio-de","10":"pa_deporte-basketball-de","11":"pa_genero-infantil-de","12":"pa_genero-hombre-de","13":"pa_genero-mujer-de","14":"pa_patronaje-regular-de","15":"pa_tipo-de-prenda-sudadera-de","16":"custom_category-mannschaftssport","17":"custom_category-basketball","18":"range-travel","20":"first","21":"instock","22":"product-type-custom"},"acf":[],"yoast_head":"<!-- This site is optimized with the Yoast SEO plugin v27.5 - https:\/\/yoast.com\/product\/yoast-seo-wordpress\/ -->\n<title>Hoody SC64-S | Inverseteams<\/title>\n<meta name=\"description\" content=\"Sweatshirt aus HORIZON-Stoff mit geb\u00fcrsteter Innenseite, die die K\u00f6rperw\u00e4rme speichert. Der Stoff ist mit der COOLCOMFORT-Beschichtung behandelt, die daf\u00fcr sorgt, dass der Schwei\u00df leicht nach au\u00dfen abgeleitet wird, die Haut trocken und k\u00fchl bleibt und hohen Tragekomfort garantiert. Die Kapuze ist mit einem Kordelzug ausgestattet, sodass Sie sie an Ihren Kopf anpassen k\u00f6nnen. Im Frontbereich verf\u00fcgt es \u00fcber eine ger\u00e4umige Tasche. An den \u00c4rmelenden und in der Taille befindet sich jeweils ein Gummizug, damit sich das Sweatshirt optimal an deinen K\u00f6rper anpasst. Die Front kann individuell gestaltet werden. Der Rest des Sweatshirts wird schwarz, rot, Navy Blau oder Royal Blau sein.\" \/>\n<meta name=\"robots\" content=\"index, follow, max-snippet:-1, max-image-preview:large, max-video-preview:-1\" \/>\n<link rel=\"canonical\" href=\"https:\/\/www.inverseteams.com\/de\/produkt\/hoody-sc64-s-basket\/\" \/>\n<meta property=\"og:locale\" content=\"de_DE\" \/>\n<meta property=\"og:type\" content=\"article\" \/>\n<meta property=\"og:title\" content=\"Hoody SC64-S | Inverseteams\" \/>\n<meta property=\"og:description\" content=\"Sweatshirt aus HORIZON-Stoff mit geb\u00fcrsteter Innenseite, die die K\u00f6rperw\u00e4rme speichert. Der Stoff ist mit der COOLCOMFORT-Beschichtung behandelt, die daf\u00fcr sorgt, dass der Schwei\u00df leicht nach au\u00dfen abgeleitet wird, die Haut trocken und k\u00fchl bleibt und hohen Tragekomfort garantiert. Die Kapuze ist mit einem Kordelzug ausgestattet, sodass Sie sie an Ihren Kopf anpassen k\u00f6nnen. Im Frontbereich verf\u00fcgt es \u00fcber eine ger\u00e4umige Tasche. An den \u00c4rmelenden und in der Taille befindet sich jeweils ein Gummizug, damit sich das Sweatshirt optimal an deinen K\u00f6rper anpasst. Die Front kann individuell gestaltet werden. Der Rest des Sweatshirts wird schwarz, rot, Navy Blau oder Royal Blau sein.\" \/>\n<meta property=\"og:url\" content=\"https:\/\/www.inverseteams.com\/de\/produkt\/hoody-sc64-s-basket\/\" \/>\n<meta property=\"og:site_name\" content=\"Inverseteams\" \/>\n<meta property=\"article:publisher\" content=\"https:\/\/www.facebook.com\/inverseteams\" \/>\n<meta property=\"article:modified_time\" content=\"2025-11-14T09:55:55+00:00\" \/>\n<meta property=\"og:image\" content=\"https:\/\/www.inverseteams.com\/wp-content\/uploads\/INVERSE-BASKET-PASEO-SC64-S-1.jpg\" \/>\n\t<meta property=\"og:image:width\" content=\"1500\" \/>\n\t<meta property=\"og:image:height\" content=\"1612\" \/>\n\t<meta property=\"og:image:type\" content=\"image\/jpeg\" \/>\n<meta name=\"twitter:card\" content=\"summary_large_image\" \/>\n<meta name=\"twitter:label1\" content=\"Gesch\u00e4tzte Lesezeit\" \/>\n\t<meta name=\"twitter:data1\" content=\"1\u00a0Minute\" \/>\n<script type=\"application\/ld+json\" class=\"yoast-schema-graph\">{\"@context\":\"https:\\\/\\\/schema.org\",\"@graph\":[{\"@type\":\"WebPage\",\"@id\":\"https:\\\/\\\/www.inverseteams.com\\\/de\\\/produkt\\\/hoody-sc64-s-basket\\\/\",\"url\":\"https:\\\/\\\/www.inverseteams.com\\\/de\\\/produkt\\\/hoody-sc64-s-basket\\\/\",\"name\":\"Hoody SC64-S | Inverseteams\",\"isPartOf\":{\"@id\":\"https:\\\/\\\/www.inverseteams.com\\\/de\\\/#website\"},\"primaryImageOfPage\":{\"@id\":\"https:\\\/\\\/www.inverseteams.com\\\/de\\\/produkt\\\/hoody-sc64-s-basket\\\/#primaryimage\"},\"image\":{\"@id\":\"https:\\\/\\\/www.inverseteams.com\\\/de\\\/produkt\\\/hoody-sc64-s-basket\\\/#primaryimage\"},\"thumbnailUrl\":\"https:\\\/\\\/www.inverseteams.com\\\/wp-content\\\/uploads\\\/INVERSE-BASKET-PASEO-SC64-S-1.jpg\",\"datePublished\":\"2025-11-14T09:34:52+00:00\",\"dateModified\":\"2025-11-14T09:55:55+00:00\",\"description\":\"Sweatshirt aus HORIZON-Stoff mit geb\u00fcrsteter Innenseite, die die K\u00f6rperw\u00e4rme speichert. Der Stoff ist mit der COOLCOMFORT-Beschichtung behandelt, die daf\u00fcr sorgt, dass der Schwei\u00df leicht nach au\u00dfen abgeleitet wird, die Haut trocken und k\u00fchl bleibt und hohen Tragekomfort garantiert. Die Kapuze ist mit einem Kordelzug ausgestattet, sodass Sie sie an Ihren Kopf anpassen k\u00f6nnen. Im Frontbereich verf\u00fcgt es \u00fcber eine ger\u00e4umige Tasche. An den \u00c4rmelenden und in der Taille befindet sich jeweils ein Gummizug, damit sich das Sweatshirt optimal an deinen K\u00f6rper anpasst. Die Front kann individuell gestaltet werden. Der Rest des Sweatshirts wird schwarz, rot, Navy Blau oder Royal Blau sein.\",\"breadcrumb\":{\"@id\":\"https:\\\/\\\/www.inverseteams.com\\\/de\\\/produkt\\\/hoody-sc64-s-basket\\\/#breadcrumb\"},\"inLanguage\":\"de\",\"potentialAction\":[{\"@type\":\"ReadAction\",\"target\":[\"https:\\\/\\\/www.inverseteams.com\\\/de\\\/produkt\\\/hoody-sc64-s-basket\\\/\"]}]},{\"@type\":\"ImageObject\",\"inLanguage\":\"de\",\"@id\":\"https:\\\/\\\/www.inverseteams.com\\\/de\\\/produkt\\\/hoody-sc64-s-basket\\\/#primaryimage\",\"url\":\"https:\\\/\\\/www.inverseteams.com\\\/wp-content\\\/uploads\\\/INVERSE-BASKET-PASEO-SC64-S-1.jpg\",\"contentUrl\":\"https:\\\/\\\/www.inverseteams.com\\\/wp-content\\\/uploads\\\/INVERSE-BASKET-PASEO-SC64-S-1.jpg\",\"width\":1500,\"height\":1612},{\"@type\":\"BreadcrumbList\",\"@id\":\"https:\\\/\\\/www.inverseteams.com\\\/de\\\/produkt\\\/hoody-sc64-s-basket\\\/#breadcrumb\",\"itemListElement\":[{\"@type\":\"ListItem\",\"position\":1,\"name\":\"Portada\",\"item\":\"https:\\\/\\\/www.inverseteams.com\\\/de\\\/\"},{\"@type\":\"ListItem\",\"position\":2,\"name\":\"Speichern\",\"item\":\"https:\\\/\\\/www.inverseteams.com\\\/de\\\/speichern\\\/\"},{\"@type\":\"ListItem\",\"position\":3,\"name\":\"Hoody SC64-S\"}]},{\"@type\":\"WebSite\",\"@id\":\"https:\\\/\\\/www.inverseteams.com\\\/de\\\/#website\",\"url\":\"https:\\\/\\\/www.inverseteams.com\\\/de\\\/\",\"name\":\"Inverseteams\",\"description\":\"Tu marca de ropa deportiva personalizada\",\"publisher\":{\"@id\":\"https:\\\/\\\/www.inverseteams.com\\\/de\\\/#organization\"},\"potentialAction\":[{\"@type\":\"SearchAction\",\"target\":{\"@type\":\"EntryPoint\",\"urlTemplate\":\"https:\\\/\\\/www.inverseteams.com\\\/de\\\/?s={search_term_string}\"},\"query-input\":{\"@type\":\"PropertyValueSpecification\",\"valueRequired\":true,\"valueName\":\"search_term_string\"}}],\"inLanguage\":\"de\"},{\"@type\":\"Organization\",\"@id\":\"https:\\\/\\\/www.inverseteams.com\\\/de\\\/#organization\",\"name\":\"Inverse Teams\",\"url\":\"https:\\\/\\\/www.inverseteams.com\\\/de\\\/\",\"logo\":{\"@type\":\"ImageObject\",\"inLanguage\":\"de\",\"@id\":\"https:\\\/\\\/www.inverseteams.com\\\/de\\\/#\\\/schema\\\/logo\\\/image\\\/\",\"url\":\"https:\\\/\\\/www.inverseteams.com\\\/wp-content\\\/uploads\\\/2021\\\/03\\\/logo-inverse-teams.png\",\"contentUrl\":\"https:\\\/\\\/www.inverseteams.com\\\/wp-content\\\/uploads\\\/2021\\\/03\\\/logo-inverse-teams.png\",\"width\":294,\"height\":99,\"caption\":\"Inverse Teams\"},\"image\":{\"@id\":\"https:\\\/\\\/www.inverseteams.com\\\/de\\\/#\\\/schema\\\/logo\\\/image\\\/\"},\"sameAs\":[\"https:\\\/\\\/www.facebook.com\\\/inverseteams\",\"http:\\\/\\\/instagram.com\\\/inverseteams\",\"https:\\\/\\\/www.linkedin.com\\\/company\\\/inverse-cirosport-s-l-?trk=job_view_topcard_company_name\",\"http:\\\/\\\/www.pinterest.com\\\/inverseteams\\\/\",\"http:\\\/\\\/www.youtube.com\\\/user\\\/inverseteams?feature=watch\"]}]}<\/script>\n<!-- \/ Yoast SEO plugin. -->","yoast_head_json":{"title":"Hoody SC64-S | Inverseteams","description":"Sweatshirt aus HORIZON-Stoff mit geb\u00fcrsteter Innenseite, die die K\u00f6rperw\u00e4rme speichert. Der Stoff ist mit der COOLCOMFORT-Beschichtung behandelt, die daf\u00fcr sorgt, dass der Schwei\u00df leicht nach au\u00dfen abgeleitet wird, die Haut trocken und k\u00fchl bleibt und hohen Tragekomfort garantiert. Die Kapuze ist mit einem Kordelzug ausgestattet, sodass Sie sie an Ihren Kopf anpassen k\u00f6nnen. Im Frontbereich verf\u00fcgt es \u00fcber eine ger\u00e4umige Tasche. An den \u00c4rmelenden und in der Taille befindet sich jeweils ein Gummizug, damit sich das Sweatshirt optimal an deinen K\u00f6rper anpasst. Die Front kann individuell gestaltet werden. Der Rest des Sweatshirts wird schwarz, rot, Navy Blau oder Royal Blau sein.","robots":{"index":"index","follow":"follow","max-snippet":"max-snippet:-1","max-image-preview":"max-image-preview:large","max-video-preview":"max-video-preview:-1"},"canonical":"https:\/\/www.inverseteams.com\/de\/produkt\/hoody-sc64-s-basket\/","og_locale":"de_DE","og_type":"article","og_title":"Hoody SC64-S | Inverseteams","og_description":"Sweatshirt aus HORIZON-Stoff mit geb\u00fcrsteter Innenseite, die die K\u00f6rperw\u00e4rme speichert. Der Stoff ist mit der COOLCOMFORT-Beschichtung behandelt, die daf\u00fcr sorgt, dass der Schwei\u00df leicht nach au\u00dfen abgeleitet wird, die Haut trocken und k\u00fchl bleibt und hohen Tragekomfort garantiert. Die Kapuze ist mit einem Kordelzug ausgestattet, sodass Sie sie an Ihren Kopf anpassen k\u00f6nnen. Im Frontbereich verf\u00fcgt es \u00fcber eine ger\u00e4umige Tasche. An den \u00c4rmelenden und in der Taille befindet sich jeweils ein Gummizug, damit sich das Sweatshirt optimal an deinen K\u00f6rper anpasst. Die Front kann individuell gestaltet werden. Der Rest des Sweatshirts wird schwarz, rot, Navy Blau oder Royal Blau sein.","og_url":"https:\/\/www.inverseteams.com\/de\/produkt\/hoody-sc64-s-basket\/","og_site_name":"Inverseteams","article_publisher":"https:\/\/www.facebook.com\/inverseteams","article_modified_time":"2025-11-14T09:55:55+00:00","og_image":[{"width":1500,"height":1612,"url":"https:\/\/www.inverseteams.com\/wp-content\/uploads\/INVERSE-BASKET-PASEO-SC64-S-1.jpg","type":"image\/jpeg"}],"twitter_card":"summary_large_image","twitter_misc":{"Gesch\u00e4tzte Lesezeit":"1\u00a0Minute"},"schema":{"@context":"https:\/\/schema.org","@graph":[{"@type":"WebPage","@id":"https:\/\/www.inverseteams.com\/de\/produkt\/hoody-sc64-s-basket\/","url":"https:\/\/www.inverseteams.com\/de\/produkt\/hoody-sc64-s-basket\/","name":"Hoody SC64-S | Inverseteams","isPartOf":{"@id":"https:\/\/www.inverseteams.com\/de\/#website"},"primaryImageOfPage":{"@id":"https:\/\/www.inverseteams.com\/de\/produkt\/hoody-sc64-s-basket\/#primaryimage"},"image":{"@id":"https:\/\/www.inverseteams.com\/de\/produkt\/hoody-sc64-s-basket\/#primaryimage"},"thumbnailUrl":"https:\/\/www.inverseteams.com\/wp-content\/uploads\/INVERSE-BASKET-PASEO-SC64-S-1.jpg","datePublished":"2025-11-14T09:34:52+00:00","dateModified":"2025-11-14T09:55:55+00:00","description":"Sweatshirt aus HORIZON-Stoff mit geb\u00fcrsteter Innenseite, die die K\u00f6rperw\u00e4rme speichert. Der Stoff ist mit der COOLCOMFORT-Beschichtung behandelt, die daf\u00fcr sorgt, dass der Schwei\u00df leicht nach au\u00dfen abgeleitet wird, die Haut trocken und k\u00fchl bleibt und hohen Tragekomfort garantiert. Die Kapuze ist mit einem Kordelzug ausgestattet, sodass Sie sie an Ihren Kopf anpassen k\u00f6nnen. Im Frontbereich verf\u00fcgt es \u00fcber eine ger\u00e4umige Tasche. An den \u00c4rmelenden und in der Taille befindet sich jeweils ein Gummizug, damit sich das Sweatshirt optimal an deinen K\u00f6rper anpasst. Die Front kann individuell gestaltet werden. Der Rest des Sweatshirts wird schwarz, rot, Navy Blau oder Royal Blau sein.","breadcrumb":{"@id":"https:\/\/www.inverseteams.com\/de\/produkt\/hoody-sc64-s-basket\/#breadcrumb"},"inLanguage":"de","potentialAction":[{"@type":"ReadAction","target":["https:\/\/www.inverseteams.com\/de\/produkt\/hoody-sc64-s-basket\/"]}]},{"@type":"ImageObject","inLanguage":"de","@id":"https:\/\/www.inverseteams.com\/de\/produkt\/hoody-sc64-s-basket\/#primaryimage","url":"https:\/\/www.inverseteams.com\/wp-content\/uploads\/INVERSE-BASKET-PASEO-SC64-S-1.jpg","contentUrl":"https:\/\/www.inverseteams.com\/wp-content\/uploads\/INVERSE-BASKET-PASEO-SC64-S-1.jpg","width":1500,"height":1612},{"@type":"BreadcrumbList","@id":"https:\/\/www.inverseteams.com\/de\/produkt\/hoody-sc64-s-basket\/#breadcrumb","itemListElement":[{"@type":"ListItem","position":1,"name":"Portada","item":"https:\/\/www.inverseteams.com\/de\/"},{"@type":"ListItem","position":2,"name":"Speichern","item":"https:\/\/www.inverseteams.com\/de\/speichern\/"},{"@type":"ListItem","position":3,"name":"Hoody SC64-S"}]},{"@type":"WebSite","@id":"https:\/\/www.inverseteams.com\/de\/#website","url":"https:\/\/www.inverseteams.com\/de\/","name":"Inverseteams","description":"Tu marca de ropa deportiva personalizada","publisher":{"@id":"https:\/\/www.inverseteams.com\/de\/#organization"},"potentialAction":[{"@type":"SearchAction","target":{"@type":"EntryPoint","urlTemplate":"https:\/\/www.inverseteams.com\/de\/?s={search_term_string}"},"query-input":{"@type":"PropertyValueSpecification","valueRequired":true,"valueName":"search_term_string"}}],"inLanguage":"de"},{"@type":"Organization","@id":"https:\/\/www.inverseteams.com\/de\/#organization","name":"Inverse Teams","url":"https:\/\/www.inverseteams.com\/de\/","logo":{"@type":"ImageObject","inLanguage":"de","@id":"https:\/\/www.inverseteams.com\/de\/#\/schema\/logo\/image\/","url":"https:\/\/www.inverseteams.com\/wp-content\/uploads\/2021\/03\/logo-inverse-teams.png","contentUrl":"https:\/\/www.inverseteams.com\/wp-content\/uploads\/2021\/03\/logo-inverse-teams.png","width":294,"height":99,"caption":"Inverse Teams"},"image":{"@id":"https:\/\/www.inverseteams.com\/de\/#\/schema\/logo\/image\/"},"sameAs":["https:\/\/www.facebook.com\/inverseteams","http:\/\/instagram.com\/inverseteams","https:\/\/www.linkedin.com\/company\/inverse-cirosport-s-l-?trk=job_view_topcard_company_name","http:\/\/www.pinterest.com\/inverseteams\/","http:\/\/www.youtube.com\/user\/inverseteams?feature=watch"]}]}},"_links":{"self":[{"href":"https:\/\/www.inverseteams.com\/de\/wp-json\/wp\/v2\/product\/275725","targetHints":{"allow":["GET"]}}],"collection":[{"href":"https:\/\/www.inverseteams.com\/de\/wp-json\/wp\/v2\/product"}],"about":[{"href":"https:\/\/www.inverseteams.com\/de\/wp-json\/wp\/v2\/types\/product"}],"replies":[{"embeddable":true,"href":"https:\/\/www.inverseteams.com\/de\/wp-json\/wp\/v2\/comments?post=275725"}],"wp:featuredmedia":[{"embeddable":true,"href":"https:\/\/www.inverseteams.com\/de\/wp-json\/wp\/v2\/media\/275539"}],"wp:attachment":[{"href":"https:\/\/www.inverseteams.com\/de\/wp-json\/wp\/v2\/media?parent=275725"}],"wp:term":[{"taxonomy":"product_brand","embeddable":true,"href":"https:\/\/www.inverseteams.com\/de\/wp-json\/wp\/v2\/product_brand?post=275725"},{"taxonomy":"product_cat","embeddable":true,"href":"https:\/\/www.inverseteams.com\/de\/wp-json\/wp\/v2\/product_cat?post=275725"},{"taxonomy":"product_tag","embeddable":true,"href":"https:\/\/www.inverseteams.com\/de\/wp-json\/wp\/v2\/product_tag?post=275725"},{"taxonomy":"custom_category","embeddable":true,"href":"https:\/\/www.inverseteams.com\/de\/wp-json\/wp\/v2\/custom_category?post=275725"},{"taxonomy":"range","embeddable":true,"href":"https:\/\/www.inverseteams.com\/de\/wp-json\/wp\/v2\/range?post=275725"}],"curies":[{"name":"wp","href":"https:\/\/api.w.org\/{rel}","templated":true}]}}