{"id":275471,"date":"2025-11-13T08:35:28","date_gmt":"2025-11-13T08:35:28","guid":{"rendered":"https:\/\/www.inverseteams.com\/?post_type=product&#038;p=275471"},"modified":"2025-11-13T09:17:34","modified_gmt":"2025-11-13T09:17:34","slug":"wendetrikot-2way","status":"publish","type":"product","link":"https:\/\/www.inverseteams.com\/de\/produkt\/wendetrikot-2way\/","title":{"rendered":"Wendetrikot 2WAY"},"content":{"rendered":"<p>Wendbares T-Shirt, beidseitig 100 % personalisierbar durch Sublimation. Die Stoffe wurden strategisch ausgew\u00e4hlt und positioniert, sodass die Sublimation auf keiner Seite durchscheint. Sie sind au\u00dferdem hoch atmungsaktiv und leicht.<br \/>\nEs ist mit versteckten, sauberen und leichten N\u00e4hten versehen, die dem Kleidungsst\u00fcck optisch eine au\u00dfergew\u00f6hnliche Qualit\u00e4t verleihen und zudem ein Scheuern verhindern.<\/p>\n","protected":false},"excerpt":{"rendered":"<p>Wendbares T-Shirt, beidseitig 100 % personalisierbar durch Sublimation. Die Stoffe wurden strategisch ausgew\u00e4hlt und positioniert, sodass die Sublimation auf keiner Seite durchscheint. Sie sind au\u00dferdem hoch atmungsaktiv und leicht.<br \/>\nEs ist mit versteckten, sauberen und leichten N\u00e4hten versehen, die dem Kleidungsst\u00fcck optisch eine au\u00dfergew\u00f6hnliche Qualit\u00e4t verleihen und zudem ein Scheuern verhindern.<\/p>\n","protected":false},"featured_media":275431,"comment_status":"closed","ping_status":"closed","template":"","meta":{"_acf_changed":false},"product_brand":[],"product_cat":[11218],"product_tag":[],"custom_category":[20147,15161],"range":[15141],"class_list":{"0":"post-275471","1":"product","2":"type-product","3":"status-publish","4":"has-post-thumbnail","6":"product_cat-uncategorized-de","7":"pa_climatologia-temperatura-templada-de","8":"pa_climatologia-calor-de","9":"pa_deporte-basketball-de","10":"pa_genero-hombre-de","11":"pa_genero-mujer-de","12":"pa_genero-infantil-de","13":"pa_patronaje-regular-de","14":"pa_tipo-de-prenda-camiseta-de","15":"custom_category-basketball","16":"custom_category-mannschaftssport","17":"range-train","19":"first","20":"instock","21":"product-type-custom"},"acf":[],"yoast_head":"<!-- This site is optimized with the Yoast SEO plugin v27.5 - https:\/\/yoast.com\/product\/yoast-seo-wordpress\/ -->\n<title>Wendetrikot 2WAY | Inverseteams<\/title>\n<meta name=\"description\" content=\"Wendbares T-Shirt, beidseitig 100 % personalisierbar durch Sublimation. Die Stoffe wurden strategisch ausgew\u00e4hlt und positioniert, sodass die Sublimation auf keiner Seite durchscheint. Sie sind au\u00dferdem hoch atmungsaktiv und leicht. Es ist mit versteckten, sauberen und leichten N\u00e4hten versehen, die dem Kleidungsst\u00fcck optisch eine au\u00dfergew\u00f6hnliche Qualit\u00e4t verleihen und zudem ein Scheuern verhindern.\" \/>\n<meta name=\"robots\" content=\"index, follow, max-snippet:-1, max-image-preview:large, max-video-preview:-1\" \/>\n<link rel=\"canonical\" href=\"https:\/\/www.inverseteams.com\/de\/produkt\/wendetrikot-2way\/\" \/>\n<meta property=\"og:locale\" content=\"de_DE\" \/>\n<meta property=\"og:type\" content=\"article\" \/>\n<meta property=\"og:title\" content=\"Wendetrikot 2WAY | Inverseteams\" \/>\n<meta property=\"og:description\" content=\"Wendbares T-Shirt, beidseitig 100 % personalisierbar durch Sublimation. Die Stoffe wurden strategisch ausgew\u00e4hlt und positioniert, sodass die Sublimation auf keiner Seite durchscheint. Sie sind au\u00dferdem hoch atmungsaktiv und leicht. Es ist mit versteckten, sauberen und leichten N\u00e4hten versehen, die dem Kleidungsst\u00fcck optisch eine au\u00dfergew\u00f6hnliche Qualit\u00e4t verleihen und zudem ein Scheuern verhindern.\" \/>\n<meta property=\"og:url\" content=\"https:\/\/www.inverseteams.com\/de\/produkt\/wendetrikot-2way\/\" \/>\n<meta property=\"og:site_name\" content=\"Inverseteams\" \/>\n<meta property=\"article:publisher\" content=\"https:\/\/www.facebook.com\/inverseteams\" \/>\n<meta property=\"article:modified_time\" content=\"2025-11-13T09:17:34+00:00\" \/>\n<meta property=\"og:image\" content=\"https:\/\/www.inverseteams.com\/wp-content\/uploads\/INVERSE-BASKET-REVERSIBLE-SB41-S-1.jpg\" \/>\n\t<meta property=\"og:image:width\" content=\"1500\" \/>\n\t<meta property=\"og:image:height\" content=\"1612\" \/>\n\t<meta property=\"og:image:type\" content=\"image\/jpeg\" \/>\n<meta name=\"twitter:card\" content=\"summary_large_image\" \/>\n<meta name=\"twitter:label1\" content=\"Gesch\u00e4tzte Lesezeit\" \/>\n\t<meta name=\"twitter:data1\" content=\"1\u00a0Minute\" \/>\n<script type=\"application\/ld+json\" class=\"yoast-schema-graph\">{\"@context\":\"https:\\\/\\\/schema.org\",\"@graph\":[{\"@type\":\"WebPage\",\"@id\":\"https:\\\/\\\/www.inverseteams.com\\\/de\\\/produkt\\\/wendetrikot-2way\\\/\",\"url\":\"https:\\\/\\\/www.inverseteams.com\\\/de\\\/produkt\\\/wendetrikot-2way\\\/\",\"name\":\"Wendetrikot 2WAY | Inverseteams\",\"isPartOf\":{\"@id\":\"https:\\\/\\\/www.inverseteams.com\\\/de\\\/#website\"},\"primaryImageOfPage\":{\"@id\":\"https:\\\/\\\/www.inverseteams.com\\\/de\\\/produkt\\\/wendetrikot-2way\\\/#primaryimage\"},\"image\":{\"@id\":\"https:\\\/\\\/www.inverseteams.com\\\/de\\\/produkt\\\/wendetrikot-2way\\\/#primaryimage\"},\"thumbnailUrl\":\"https:\\\/\\\/www.inverseteams.com\\\/wp-content\\\/uploads\\\/INVERSE-BASKET-REVERSIBLE-SB41-S-1.jpg\",\"datePublished\":\"2025-11-13T08:35:28+00:00\",\"dateModified\":\"2025-11-13T09:17:34+00:00\",\"description\":\"Wendbares T-Shirt, beidseitig 100 % personalisierbar durch Sublimation. Die Stoffe wurden strategisch ausgew\u00e4hlt und positioniert, sodass die Sublimation auf keiner Seite durchscheint. Sie sind au\u00dferdem hoch atmungsaktiv und leicht. Es ist mit versteckten, sauberen und leichten N\u00e4hten versehen, die dem Kleidungsst\u00fcck optisch eine au\u00dfergew\u00f6hnliche Qualit\u00e4t verleihen und zudem ein Scheuern verhindern.\",\"breadcrumb\":{\"@id\":\"https:\\\/\\\/www.inverseteams.com\\\/de\\\/produkt\\\/wendetrikot-2way\\\/#breadcrumb\"},\"inLanguage\":\"de\",\"potentialAction\":[{\"@type\":\"ReadAction\",\"target\":[\"https:\\\/\\\/www.inverseteams.com\\\/de\\\/produkt\\\/wendetrikot-2way\\\/\"]}]},{\"@type\":\"ImageObject\",\"inLanguage\":\"de\",\"@id\":\"https:\\\/\\\/www.inverseteams.com\\\/de\\\/produkt\\\/wendetrikot-2way\\\/#primaryimage\",\"url\":\"https:\\\/\\\/www.inverseteams.com\\\/wp-content\\\/uploads\\\/INVERSE-BASKET-REVERSIBLE-SB41-S-1.jpg\",\"contentUrl\":\"https:\\\/\\\/www.inverseteams.com\\\/wp-content\\\/uploads\\\/INVERSE-BASKET-REVERSIBLE-SB41-S-1.jpg\",\"width\":1500,\"height\":1612},{\"@type\":\"BreadcrumbList\",\"@id\":\"https:\\\/\\\/www.inverseteams.com\\\/de\\\/produkt\\\/wendetrikot-2way\\\/#breadcrumb\",\"itemListElement\":[{\"@type\":\"ListItem\",\"position\":1,\"name\":\"Portada\",\"item\":\"https:\\\/\\\/www.inverseteams.com\\\/de\\\/\"},{\"@type\":\"ListItem\",\"position\":2,\"name\":\"Speichern\",\"item\":\"https:\\\/\\\/www.inverseteams.com\\\/de\\\/speichern\\\/\"},{\"@type\":\"ListItem\",\"position\":3,\"name\":\"Wendetrikot 2WAY\"}]},{\"@type\":\"WebSite\",\"@id\":\"https:\\\/\\\/www.inverseteams.com\\\/de\\\/#website\",\"url\":\"https:\\\/\\\/www.inverseteams.com\\\/de\\\/\",\"name\":\"Inverseteams\",\"description\":\"Tu marca de ropa deportiva personalizada\",\"publisher\":{\"@id\":\"https:\\\/\\\/www.inverseteams.com\\\/de\\\/#organization\"},\"potentialAction\":[{\"@type\":\"SearchAction\",\"target\":{\"@type\":\"EntryPoint\",\"urlTemplate\":\"https:\\\/\\\/www.inverseteams.com\\\/de\\\/?s={search_term_string}\"},\"query-input\":{\"@type\":\"PropertyValueSpecification\",\"valueRequired\":true,\"valueName\":\"search_term_string\"}}],\"inLanguage\":\"de\"},{\"@type\":\"Organization\",\"@id\":\"https:\\\/\\\/www.inverseteams.com\\\/de\\\/#organization\",\"name\":\"Inverse Teams\",\"url\":\"https:\\\/\\\/www.inverseteams.com\\\/de\\\/\",\"logo\":{\"@type\":\"ImageObject\",\"inLanguage\":\"de\",\"@id\":\"https:\\\/\\\/www.inverseteams.com\\\/de\\\/#\\\/schema\\\/logo\\\/image\\\/\",\"url\":\"https:\\\/\\\/www.inverseteams.com\\\/wp-content\\\/uploads\\\/2021\\\/03\\\/logo-inverse-teams.png\",\"contentUrl\":\"https:\\\/\\\/www.inverseteams.com\\\/wp-content\\\/uploads\\\/2021\\\/03\\\/logo-inverse-teams.png\",\"width\":294,\"height\":99,\"caption\":\"Inverse Teams\"},\"image\":{\"@id\":\"https:\\\/\\\/www.inverseteams.com\\\/de\\\/#\\\/schema\\\/logo\\\/image\\\/\"},\"sameAs\":[\"https:\\\/\\\/www.facebook.com\\\/inverseteams\",\"http:\\\/\\\/instagram.com\\\/inverseteams\",\"https:\\\/\\\/www.linkedin.com\\\/company\\\/inverse-cirosport-s-l-?trk=job_view_topcard_company_name\",\"http:\\\/\\\/www.pinterest.com\\\/inverseteams\\\/\",\"http:\\\/\\\/www.youtube.com\\\/user\\\/inverseteams?feature=watch\"]}]}<\/script>\n<!-- \/ Yoast SEO plugin. -->","yoast_head_json":{"title":"Wendetrikot 2WAY | Inverseteams","description":"Wendbares T-Shirt, beidseitig 100 % personalisierbar durch Sublimation. Die Stoffe wurden strategisch ausgew\u00e4hlt und positioniert, sodass die Sublimation auf keiner Seite durchscheint. Sie sind au\u00dferdem hoch atmungsaktiv und leicht. Es ist mit versteckten, sauberen und leichten N\u00e4hten versehen, die dem Kleidungsst\u00fcck optisch eine au\u00dfergew\u00f6hnliche Qualit\u00e4t verleihen und zudem ein Scheuern verhindern.","robots":{"index":"index","follow":"follow","max-snippet":"max-snippet:-1","max-image-preview":"max-image-preview:large","max-video-preview":"max-video-preview:-1"},"canonical":"https:\/\/www.inverseteams.com\/de\/produkt\/wendetrikot-2way\/","og_locale":"de_DE","og_type":"article","og_title":"Wendetrikot 2WAY | Inverseteams","og_description":"Wendbares T-Shirt, beidseitig 100 % personalisierbar durch Sublimation. Die Stoffe wurden strategisch ausgew\u00e4hlt und positioniert, sodass die Sublimation auf keiner Seite durchscheint. Sie sind au\u00dferdem hoch atmungsaktiv und leicht. Es ist mit versteckten, sauberen und leichten N\u00e4hten versehen, die dem Kleidungsst\u00fcck optisch eine au\u00dfergew\u00f6hnliche Qualit\u00e4t verleihen und zudem ein Scheuern verhindern.","og_url":"https:\/\/www.inverseteams.com\/de\/produkt\/wendetrikot-2way\/","og_site_name":"Inverseteams","article_publisher":"https:\/\/www.facebook.com\/inverseteams","article_modified_time":"2025-11-13T09:17:34+00:00","og_image":[{"width":1500,"height":1612,"url":"https:\/\/www.inverseteams.com\/wp-content\/uploads\/INVERSE-BASKET-REVERSIBLE-SB41-S-1.jpg","type":"image\/jpeg"}],"twitter_card":"summary_large_image","twitter_misc":{"Gesch\u00e4tzte Lesezeit":"1\u00a0Minute"},"schema":{"@context":"https:\/\/schema.org","@graph":[{"@type":"WebPage","@id":"https:\/\/www.inverseteams.com\/de\/produkt\/wendetrikot-2way\/","url":"https:\/\/www.inverseteams.com\/de\/produkt\/wendetrikot-2way\/","name":"Wendetrikot 2WAY | Inverseteams","isPartOf":{"@id":"https:\/\/www.inverseteams.com\/de\/#website"},"primaryImageOfPage":{"@id":"https:\/\/www.inverseteams.com\/de\/produkt\/wendetrikot-2way\/#primaryimage"},"image":{"@id":"https:\/\/www.inverseteams.com\/de\/produkt\/wendetrikot-2way\/#primaryimage"},"thumbnailUrl":"https:\/\/www.inverseteams.com\/wp-content\/uploads\/INVERSE-BASKET-REVERSIBLE-SB41-S-1.jpg","datePublished":"2025-11-13T08:35:28+00:00","dateModified":"2025-11-13T09:17:34+00:00","description":"Wendbares T-Shirt, beidseitig 100 % personalisierbar durch Sublimation. Die Stoffe wurden strategisch ausgew\u00e4hlt und positioniert, sodass die Sublimation auf keiner Seite durchscheint. Sie sind au\u00dferdem hoch atmungsaktiv und leicht. Es ist mit versteckten, sauberen und leichten N\u00e4hten versehen, die dem Kleidungsst\u00fcck optisch eine au\u00dfergew\u00f6hnliche Qualit\u00e4t verleihen und zudem ein Scheuern verhindern.","breadcrumb":{"@id":"https:\/\/www.inverseteams.com\/de\/produkt\/wendetrikot-2way\/#breadcrumb"},"inLanguage":"de","potentialAction":[{"@type":"ReadAction","target":["https:\/\/www.inverseteams.com\/de\/produkt\/wendetrikot-2way\/"]}]},{"@type":"ImageObject","inLanguage":"de","@id":"https:\/\/www.inverseteams.com\/de\/produkt\/wendetrikot-2way\/#primaryimage","url":"https:\/\/www.inverseteams.com\/wp-content\/uploads\/INVERSE-BASKET-REVERSIBLE-SB41-S-1.jpg","contentUrl":"https:\/\/www.inverseteams.com\/wp-content\/uploads\/INVERSE-BASKET-REVERSIBLE-SB41-S-1.jpg","width":1500,"height":1612},{"@type":"BreadcrumbList","@id":"https:\/\/www.inverseteams.com\/de\/produkt\/wendetrikot-2way\/#breadcrumb","itemListElement":[{"@type":"ListItem","position":1,"name":"Portada","item":"https:\/\/www.inverseteams.com\/de\/"},{"@type":"ListItem","position":2,"name":"Speichern","item":"https:\/\/www.inverseteams.com\/de\/speichern\/"},{"@type":"ListItem","position":3,"name":"Wendetrikot 2WAY"}]},{"@type":"WebSite","@id":"https:\/\/www.inverseteams.com\/de\/#website","url":"https:\/\/www.inverseteams.com\/de\/","name":"Inverseteams","description":"Tu marca de ropa deportiva personalizada","publisher":{"@id":"https:\/\/www.inverseteams.com\/de\/#organization"},"potentialAction":[{"@type":"SearchAction","target":{"@type":"EntryPoint","urlTemplate":"https:\/\/www.inverseteams.com\/de\/?s={search_term_string}"},"query-input":{"@type":"PropertyValueSpecification","valueRequired":true,"valueName":"search_term_string"}}],"inLanguage":"de"},{"@type":"Organization","@id":"https:\/\/www.inverseteams.com\/de\/#organization","name":"Inverse Teams","url":"https:\/\/www.inverseteams.com\/de\/","logo":{"@type":"ImageObject","inLanguage":"de","@id":"https:\/\/www.inverseteams.com\/de\/#\/schema\/logo\/image\/","url":"https:\/\/www.inverseteams.com\/wp-content\/uploads\/2021\/03\/logo-inverse-teams.png","contentUrl":"https:\/\/www.inverseteams.com\/wp-content\/uploads\/2021\/03\/logo-inverse-teams.png","width":294,"height":99,"caption":"Inverse Teams"},"image":{"@id":"https:\/\/www.inverseteams.com\/de\/#\/schema\/logo\/image\/"},"sameAs":["https:\/\/www.facebook.com\/inverseteams","http:\/\/instagram.com\/inverseteams","https:\/\/www.linkedin.com\/company\/inverse-cirosport-s-l-?trk=job_view_topcard_company_name","http:\/\/www.pinterest.com\/inverseteams\/","http:\/\/www.youtube.com\/user\/inverseteams?feature=watch"]}]}},"_links":{"self":[{"href":"https:\/\/www.inverseteams.com\/de\/wp-json\/wp\/v2\/product\/275471","targetHints":{"allow":["GET"]}}],"collection":[{"href":"https:\/\/www.inverseteams.com\/de\/wp-json\/wp\/v2\/product"}],"about":[{"href":"https:\/\/www.inverseteams.com\/de\/wp-json\/wp\/v2\/types\/product"}],"replies":[{"embeddable":true,"href":"https:\/\/www.inverseteams.com\/de\/wp-json\/wp\/v2\/comments?post=275471"}],"wp:featuredmedia":[{"embeddable":true,"href":"https:\/\/www.inverseteams.com\/de\/wp-json\/wp\/v2\/media\/275431"}],"wp:attachment":[{"href":"https:\/\/www.inverseteams.com\/de\/wp-json\/wp\/v2\/media?parent=275471"}],"wp:term":[{"taxonomy":"product_brand","embeddable":true,"href":"https:\/\/www.inverseteams.com\/de\/wp-json\/wp\/v2\/product_brand?post=275471"},{"taxonomy":"product_cat","embeddable":true,"href":"https:\/\/www.inverseteams.com\/de\/wp-json\/wp\/v2\/product_cat?post=275471"},{"taxonomy":"product_tag","embeddable":true,"href":"https:\/\/www.inverseteams.com\/de\/wp-json\/wp\/v2\/product_tag?post=275471"},{"taxonomy":"custom_category","embeddable":true,"href":"https:\/\/www.inverseteams.com\/de\/wp-json\/wp\/v2\/custom_category?post=275471"},{"taxonomy":"range","embeddable":true,"href":"https:\/\/www.inverseteams.com\/de\/wp-json\/wp\/v2\/range?post=275471"}],"curies":[{"name":"wp","href":"https:\/\/api.w.org\/{rel}","templated":true}]}}