{"id":275288,"date":"2025-11-12T13:27:24","date_gmt":"2025-11-12T13:27:24","guid":{"rendered":"https:\/\/www.inverseteams.com\/?post_type=product&#038;p=275288"},"modified":"2025-11-12T16:32:27","modified_gmt":"2025-11-12T16:32:27","slug":"trikot-elit-sb20-s","status":"publish","type":"product","link":"https:\/\/www.inverseteams.com\/de\/produkt\/trikot-elit-sb20-s\/","title":{"rendered":"Trikot ELIT SB20-S"},"content":{"rendered":"<p>DUALFLOW-Technologie. Hergestellt aus zwei Stoffen, die die K\u00f6rpertemperatur intelligent regulieren. Die Stoffe sind mit einer COOLCOMFORT-Ausr\u00fcstung versehen, die Schwei\u00df optimal nach au\u00dfen ableitet und so f\u00fcr ein trockenes und k\u00fchles Hautgef\u00fchl sorgt. Dadurch wird maximaler Tragekomfort w\u00e4hrend des gesamten Spiels gew\u00e4hrleistet.<br \/>\nDer Schnitt dieses Basketballtrikots ist speziell darauf ausgelegt, hervorragende Bewegungsfreiheit und eine ergonomische Passform zu bieten, die die Leistung optimiert. Dar\u00fcber hinaus verf\u00fcgt die Innenseite des Halses \u00fcber eine sehr weiche Nahtabdeckung, die jegliche Art von Reibung oder Unbehagen bei k\u00f6rperlicher Bet\u00e4tigung verhindert.<br \/>\n100 % personalisiert mit der Sublimationstechnik. Dies garantiert eine un\u00fcbertroffene Farbbest\u00e4ndigkeit und Haltbarkeit. Die f\u00fcr die Sublimation verwendeten Tinten sind \u00f6kologisch und entsprechen dem OEKO-TEX\u00ae ECO PASSPORT-Standard, der bescheinigt, dass sie umweltfreundlich und gesundheitlich unbedenklich sind.<\/p>\n","protected":false},"excerpt":{"rendered":"<p>DUALFLOW-Technologie. Hergestellt aus zwei Stoffen, die die K\u00f6rpertemperatur intelligent regulieren. Die Stoffe sind mit einer COOLCOMFORT-Ausr\u00fcstung versehen, die Schwei\u00df optimal nach au\u00dfen ableitet und so f\u00fcr ein trockenes und k\u00fchles Hautgef\u00fchl sorgt. Dadurch wird maximaler Tragekomfort w\u00e4hrend des gesamten Spiels gew\u00e4hrleistet.<br \/>\nDer Schnitt dieses Basketballtrikots ist speziell darauf ausgelegt, hervorragende Bewegungsfreiheit und eine ergonomische Passform zu bieten, die die Leistung optimiert. Dar\u00fcber hinaus verf\u00fcgt die Innenseite des Halses \u00fcber eine sehr weiche Nahtabdeckung, die jegliche Art von Reibung oder Unbehagen bei k\u00f6rperlicher Bet\u00e4tigung verhindert.<br \/>\n100 % personalisiert mit der Sublimationstechnik. Dies garantiert eine un\u00fcbertroffene Farbbest\u00e4ndigkeit und Haltbarkeit. Die f\u00fcr die Sublimation verwendeten Tinten sind \u00f6kologisch und entsprechen dem OEKO-TEX\u00ae ECO PASSPORT-Standard, der bescheinigt, dass sie umweltfreundlich und gesundheitlich unbedenklich sind.<\/p>\n","protected":false},"featured_media":275259,"comment_status":"closed","ping_status":"closed","template":"","meta":{"_acf_changed":false},"product_brand":[],"product_cat":[3230],"product_tag":[],"custom_category":[15161,20147],"range":[15136],"class_list":{"0":"post-275288","1":"product","2":"type-product","3":"status-publish","4":"has-post-thumbnail","6":"product_cat-cyclisme-fr","7":"pa_climatologia-temperatura-templada-de","8":"pa_climatologia-calor-de","9":"pa_deporte-basketball-de","10":"pa_genero-mujer-de","11":"pa_genero-infantil-de","12":"pa_genero-hombre-de","13":"pa_patronaje-regular-de","14":"pa_tipo-de-prenda-camiseta-de","15":"custom_category-mannschaftssport","16":"custom_category-basketball","17":"range-competition","19":"first","20":"instock","21":"product-type-custom"},"acf":[],"yoast_head":"<!-- This site is optimized with the Yoast SEO plugin v27.5 - https:\/\/yoast.com\/product\/yoast-seo-wordpress\/ -->\n<title>Trikot ELIT SB20-S | Inverseteams<\/title>\n<meta name=\"description\" content=\"DUALFLOW-Technologie. Hergestellt aus zwei Stoffen, die die K\u00f6rpertemperatur intelligent regulieren. Die Stoffe sind mit einer COOLCOMFORT-Ausr\u00fcstung versehen, die Schwei\u00df optimal nach au\u00dfen ableitet und so f\u00fcr ein trockenes und k\u00fchles Hautgef\u00fchl sorgt. Dadurch wird maximaler Tragekomfort w\u00e4hrend des gesamten Spiels gew\u00e4hrleistet. Der Schnitt dieses Basketballtrikots ist speziell darauf ausgelegt, hervorragende Bewegungsfreiheit und eine ergonomische Passform zu bieten, die die Leistung optimiert. Dar\u00fcber hinaus verf\u00fcgt die Innenseite des Halses \u00fcber eine sehr weiche Nahtabdeckung, die jegliche Art von Reibung oder Unbehagen bei k\u00f6rperlicher Bet\u00e4tigung verhindert. 100 % personalisiert mit der Sublimationstechnik. Dies garantiert eine un\u00fcbertroffene Farbbest\u00e4ndigkeit und Haltbarkeit. Die f\u00fcr die Sublimation verwendeten Tinten sind \u00f6kologisch und entsprechen dem OEKO-TEX\u00ae ECO PASSPORT-Standard, der bescheinigt, dass sie umweltfreundlich und gesundheitlich unbedenklich sind.\" \/>\n<meta name=\"robots\" content=\"index, follow, max-snippet:-1, max-image-preview:large, max-video-preview:-1\" \/>\n<link rel=\"canonical\" href=\"https:\/\/www.inverseteams.com\/de\/produkt\/trikot-elit-sb20-s\/\" \/>\n<meta property=\"og:locale\" content=\"de_DE\" \/>\n<meta property=\"og:type\" content=\"article\" \/>\n<meta property=\"og:title\" content=\"Trikot ELIT SB20-S | Inverseteams\" \/>\n<meta property=\"og:description\" content=\"DUALFLOW-Technologie. Hergestellt aus zwei Stoffen, die die K\u00f6rpertemperatur intelligent regulieren. Die Stoffe sind mit einer COOLCOMFORT-Ausr\u00fcstung versehen, die Schwei\u00df optimal nach au\u00dfen ableitet und so f\u00fcr ein trockenes und k\u00fchles Hautgef\u00fchl sorgt. Dadurch wird maximaler Tragekomfort w\u00e4hrend des gesamten Spiels gew\u00e4hrleistet. Der Schnitt dieses Basketballtrikots ist speziell darauf ausgelegt, hervorragende Bewegungsfreiheit und eine ergonomische Passform zu bieten, die die Leistung optimiert. Dar\u00fcber hinaus verf\u00fcgt die Innenseite des Halses \u00fcber eine sehr weiche Nahtabdeckung, die jegliche Art von Reibung oder Unbehagen bei k\u00f6rperlicher Bet\u00e4tigung verhindert. 100 % personalisiert mit der Sublimationstechnik. Dies garantiert eine un\u00fcbertroffene Farbbest\u00e4ndigkeit und Haltbarkeit. Die f\u00fcr die Sublimation verwendeten Tinten sind \u00f6kologisch und entsprechen dem OEKO-TEX\u00ae ECO PASSPORT-Standard, der bescheinigt, dass sie umweltfreundlich und gesundheitlich unbedenklich sind.\" \/>\n<meta property=\"og:url\" content=\"https:\/\/www.inverseteams.com\/de\/produkt\/trikot-elit-sb20-s\/\" \/>\n<meta property=\"og:site_name\" content=\"Inverseteams\" \/>\n<meta property=\"article:publisher\" content=\"https:\/\/www.facebook.com\/inverseteams\" \/>\n<meta property=\"article:modified_time\" content=\"2025-11-12T16:32:27+00:00\" \/>\n<meta property=\"og:image\" content=\"https:\/\/www.inverseteams.com\/wp-content\/uploads\/INVERSE-BASKET-ELIT-SB20-S-1-1.jpg\" \/>\n\t<meta property=\"og:image:width\" content=\"1500\" \/>\n\t<meta property=\"og:image:height\" content=\"1612\" \/>\n\t<meta property=\"og:image:type\" content=\"image\/jpeg\" \/>\n<meta name=\"twitter:card\" content=\"summary_large_image\" \/>\n<meta name=\"twitter:label1\" content=\"Gesch\u00e4tzte Lesezeit\" \/>\n\t<meta name=\"twitter:data1\" content=\"1\u00a0Minute\" \/>\n<script type=\"application\/ld+json\" class=\"yoast-schema-graph\">{\"@context\":\"https:\\\/\\\/schema.org\",\"@graph\":[{\"@type\":\"WebPage\",\"@id\":\"https:\\\/\\\/www.inverseteams.com\\\/de\\\/produkt\\\/trikot-elit-sb20-s\\\/\",\"url\":\"https:\\\/\\\/www.inverseteams.com\\\/de\\\/produkt\\\/trikot-elit-sb20-s\\\/\",\"name\":\"Trikot ELIT SB20-S | Inverseteams\",\"isPartOf\":{\"@id\":\"https:\\\/\\\/www.inverseteams.com\\\/de\\\/#website\"},\"primaryImageOfPage\":{\"@id\":\"https:\\\/\\\/www.inverseteams.com\\\/de\\\/produkt\\\/trikot-elit-sb20-s\\\/#primaryimage\"},\"image\":{\"@id\":\"https:\\\/\\\/www.inverseteams.com\\\/de\\\/produkt\\\/trikot-elit-sb20-s\\\/#primaryimage\"},\"thumbnailUrl\":\"https:\\\/\\\/www.inverseteams.com\\\/wp-content\\\/uploads\\\/INVERSE-BASKET-ELIT-SB20-S-1-1.jpg\",\"datePublished\":\"2025-11-12T13:27:24+00:00\",\"dateModified\":\"2025-11-12T16:32:27+00:00\",\"description\":\"DUALFLOW-Technologie. Hergestellt aus zwei Stoffen, die die K\u00f6rpertemperatur intelligent regulieren. Die Stoffe sind mit einer COOLCOMFORT-Ausr\u00fcstung versehen, die Schwei\u00df optimal nach au\u00dfen ableitet und so f\u00fcr ein trockenes und k\u00fchles Hautgef\u00fchl sorgt. Dadurch wird maximaler Tragekomfort w\u00e4hrend des gesamten Spiels gew\u00e4hrleistet. Der Schnitt dieses Basketballtrikots ist speziell darauf ausgelegt, hervorragende Bewegungsfreiheit und eine ergonomische Passform zu bieten, die die Leistung optimiert. Dar\u00fcber hinaus verf\u00fcgt die Innenseite des Halses \u00fcber eine sehr weiche Nahtabdeckung, die jegliche Art von Reibung oder Unbehagen bei k\u00f6rperlicher Bet\u00e4tigung verhindert. 100 % personalisiert mit der Sublimationstechnik. Dies garantiert eine un\u00fcbertroffene Farbbest\u00e4ndigkeit und Haltbarkeit. Die f\u00fcr die Sublimation verwendeten Tinten sind \u00f6kologisch und entsprechen dem OEKO-TEX\u00ae ECO PASSPORT-Standard, der bescheinigt, dass sie umweltfreundlich und gesundheitlich unbedenklich sind.\",\"breadcrumb\":{\"@id\":\"https:\\\/\\\/www.inverseteams.com\\\/de\\\/produkt\\\/trikot-elit-sb20-s\\\/#breadcrumb\"},\"inLanguage\":\"de\",\"potentialAction\":[{\"@type\":\"ReadAction\",\"target\":[\"https:\\\/\\\/www.inverseteams.com\\\/de\\\/produkt\\\/trikot-elit-sb20-s\\\/\"]}]},{\"@type\":\"ImageObject\",\"inLanguage\":\"de\",\"@id\":\"https:\\\/\\\/www.inverseteams.com\\\/de\\\/produkt\\\/trikot-elit-sb20-s\\\/#primaryimage\",\"url\":\"https:\\\/\\\/www.inverseteams.com\\\/wp-content\\\/uploads\\\/INVERSE-BASKET-ELIT-SB20-S-1-1.jpg\",\"contentUrl\":\"https:\\\/\\\/www.inverseteams.com\\\/wp-content\\\/uploads\\\/INVERSE-BASKET-ELIT-SB20-S-1-1.jpg\",\"width\":1500,\"height\":1612},{\"@type\":\"BreadcrumbList\",\"@id\":\"https:\\\/\\\/www.inverseteams.com\\\/de\\\/produkt\\\/trikot-elit-sb20-s\\\/#breadcrumb\",\"itemListElement\":[{\"@type\":\"ListItem\",\"position\":1,\"name\":\"Portada\",\"item\":\"https:\\\/\\\/www.inverseteams.com\\\/de\\\/\"},{\"@type\":\"ListItem\",\"position\":2,\"name\":\"Speichern\",\"item\":\"https:\\\/\\\/www.inverseteams.com\\\/de\\\/speichern\\\/\"},{\"@type\":\"ListItem\",\"position\":3,\"name\":\"Trikot ELIT SB20-S\"}]},{\"@type\":\"WebSite\",\"@id\":\"https:\\\/\\\/www.inverseteams.com\\\/de\\\/#website\",\"url\":\"https:\\\/\\\/www.inverseteams.com\\\/de\\\/\",\"name\":\"Inverseteams\",\"description\":\"Tu marca de ropa deportiva personalizada\",\"publisher\":{\"@id\":\"https:\\\/\\\/www.inverseteams.com\\\/de\\\/#organization\"},\"potentialAction\":[{\"@type\":\"SearchAction\",\"target\":{\"@type\":\"EntryPoint\",\"urlTemplate\":\"https:\\\/\\\/www.inverseteams.com\\\/de\\\/?s={search_term_string}\"},\"query-input\":{\"@type\":\"PropertyValueSpecification\",\"valueRequired\":true,\"valueName\":\"search_term_string\"}}],\"inLanguage\":\"de\"},{\"@type\":\"Organization\",\"@id\":\"https:\\\/\\\/www.inverseteams.com\\\/de\\\/#organization\",\"name\":\"Inverse Teams\",\"url\":\"https:\\\/\\\/www.inverseteams.com\\\/de\\\/\",\"logo\":{\"@type\":\"ImageObject\",\"inLanguage\":\"de\",\"@id\":\"https:\\\/\\\/www.inverseteams.com\\\/de\\\/#\\\/schema\\\/logo\\\/image\\\/\",\"url\":\"https:\\\/\\\/www.inverseteams.com\\\/wp-content\\\/uploads\\\/2021\\\/03\\\/logo-inverse-teams.png\",\"contentUrl\":\"https:\\\/\\\/www.inverseteams.com\\\/wp-content\\\/uploads\\\/2021\\\/03\\\/logo-inverse-teams.png\",\"width\":294,\"height\":99,\"caption\":\"Inverse Teams\"},\"image\":{\"@id\":\"https:\\\/\\\/www.inverseteams.com\\\/de\\\/#\\\/schema\\\/logo\\\/image\\\/\"},\"sameAs\":[\"https:\\\/\\\/www.facebook.com\\\/inverseteams\",\"http:\\\/\\\/instagram.com\\\/inverseteams\",\"https:\\\/\\\/www.linkedin.com\\\/company\\\/inverse-cirosport-s-l-?trk=job_view_topcard_company_name\",\"http:\\\/\\\/www.pinterest.com\\\/inverseteams\\\/\",\"http:\\\/\\\/www.youtube.com\\\/user\\\/inverseteams?feature=watch\"]}]}<\/script>\n<!-- \/ Yoast SEO plugin. -->","yoast_head_json":{"title":"Trikot ELIT SB20-S | Inverseteams","description":"DUALFLOW-Technologie. Hergestellt aus zwei Stoffen, die die K\u00f6rpertemperatur intelligent regulieren. Die Stoffe sind mit einer COOLCOMFORT-Ausr\u00fcstung versehen, die Schwei\u00df optimal nach au\u00dfen ableitet und so f\u00fcr ein trockenes und k\u00fchles Hautgef\u00fchl sorgt. Dadurch wird maximaler Tragekomfort w\u00e4hrend des gesamten Spiels gew\u00e4hrleistet. Der Schnitt dieses Basketballtrikots ist speziell darauf ausgelegt, hervorragende Bewegungsfreiheit und eine ergonomische Passform zu bieten, die die Leistung optimiert. Dar\u00fcber hinaus verf\u00fcgt die Innenseite des Halses \u00fcber eine sehr weiche Nahtabdeckung, die jegliche Art von Reibung oder Unbehagen bei k\u00f6rperlicher Bet\u00e4tigung verhindert. 100 % personalisiert mit der Sublimationstechnik. Dies garantiert eine un\u00fcbertroffene Farbbest\u00e4ndigkeit und Haltbarkeit. Die f\u00fcr die Sublimation verwendeten Tinten sind \u00f6kologisch und entsprechen dem OEKO-TEX\u00ae ECO PASSPORT-Standard, der bescheinigt, dass sie umweltfreundlich und gesundheitlich unbedenklich sind.","robots":{"index":"index","follow":"follow","max-snippet":"max-snippet:-1","max-image-preview":"max-image-preview:large","max-video-preview":"max-video-preview:-1"},"canonical":"https:\/\/www.inverseteams.com\/de\/produkt\/trikot-elit-sb20-s\/","og_locale":"de_DE","og_type":"article","og_title":"Trikot ELIT SB20-S | Inverseteams","og_description":"DUALFLOW-Technologie. Hergestellt aus zwei Stoffen, die die K\u00f6rpertemperatur intelligent regulieren. Die Stoffe sind mit einer COOLCOMFORT-Ausr\u00fcstung versehen, die Schwei\u00df optimal nach au\u00dfen ableitet und so f\u00fcr ein trockenes und k\u00fchles Hautgef\u00fchl sorgt. Dadurch wird maximaler Tragekomfort w\u00e4hrend des gesamten Spiels gew\u00e4hrleistet. Der Schnitt dieses Basketballtrikots ist speziell darauf ausgelegt, hervorragende Bewegungsfreiheit und eine ergonomische Passform zu bieten, die die Leistung optimiert. Dar\u00fcber hinaus verf\u00fcgt die Innenseite des Halses \u00fcber eine sehr weiche Nahtabdeckung, die jegliche Art von Reibung oder Unbehagen bei k\u00f6rperlicher Bet\u00e4tigung verhindert. 100 % personalisiert mit der Sublimationstechnik. Dies garantiert eine un\u00fcbertroffene Farbbest\u00e4ndigkeit und Haltbarkeit. Die f\u00fcr die Sublimation verwendeten Tinten sind \u00f6kologisch und entsprechen dem OEKO-TEX\u00ae ECO PASSPORT-Standard, der bescheinigt, dass sie umweltfreundlich und gesundheitlich unbedenklich sind.","og_url":"https:\/\/www.inverseteams.com\/de\/produkt\/trikot-elit-sb20-s\/","og_site_name":"Inverseteams","article_publisher":"https:\/\/www.facebook.com\/inverseteams","article_modified_time":"2025-11-12T16:32:27+00:00","og_image":[{"width":1500,"height":1612,"url":"https:\/\/www.inverseteams.com\/wp-content\/uploads\/INVERSE-BASKET-ELIT-SB20-S-1-1.jpg","type":"image\/jpeg"}],"twitter_card":"summary_large_image","twitter_misc":{"Gesch\u00e4tzte Lesezeit":"1\u00a0Minute"},"schema":{"@context":"https:\/\/schema.org","@graph":[{"@type":"WebPage","@id":"https:\/\/www.inverseteams.com\/de\/produkt\/trikot-elit-sb20-s\/","url":"https:\/\/www.inverseteams.com\/de\/produkt\/trikot-elit-sb20-s\/","name":"Trikot ELIT SB20-S | Inverseteams","isPartOf":{"@id":"https:\/\/www.inverseteams.com\/de\/#website"},"primaryImageOfPage":{"@id":"https:\/\/www.inverseteams.com\/de\/produkt\/trikot-elit-sb20-s\/#primaryimage"},"image":{"@id":"https:\/\/www.inverseteams.com\/de\/produkt\/trikot-elit-sb20-s\/#primaryimage"},"thumbnailUrl":"https:\/\/www.inverseteams.com\/wp-content\/uploads\/INVERSE-BASKET-ELIT-SB20-S-1-1.jpg","datePublished":"2025-11-12T13:27:24+00:00","dateModified":"2025-11-12T16:32:27+00:00","description":"DUALFLOW-Technologie. Hergestellt aus zwei Stoffen, die die K\u00f6rpertemperatur intelligent regulieren. Die Stoffe sind mit einer COOLCOMFORT-Ausr\u00fcstung versehen, die Schwei\u00df optimal nach au\u00dfen ableitet und so f\u00fcr ein trockenes und k\u00fchles Hautgef\u00fchl sorgt. Dadurch wird maximaler Tragekomfort w\u00e4hrend des gesamten Spiels gew\u00e4hrleistet. Der Schnitt dieses Basketballtrikots ist speziell darauf ausgelegt, hervorragende Bewegungsfreiheit und eine ergonomische Passform zu bieten, die die Leistung optimiert. Dar\u00fcber hinaus verf\u00fcgt die Innenseite des Halses \u00fcber eine sehr weiche Nahtabdeckung, die jegliche Art von Reibung oder Unbehagen bei k\u00f6rperlicher Bet\u00e4tigung verhindert. 100 % personalisiert mit der Sublimationstechnik. Dies garantiert eine un\u00fcbertroffene Farbbest\u00e4ndigkeit und Haltbarkeit. Die f\u00fcr die Sublimation verwendeten Tinten sind \u00f6kologisch und entsprechen dem OEKO-TEX\u00ae ECO PASSPORT-Standard, der bescheinigt, dass sie umweltfreundlich und gesundheitlich unbedenklich sind.","breadcrumb":{"@id":"https:\/\/www.inverseteams.com\/de\/produkt\/trikot-elit-sb20-s\/#breadcrumb"},"inLanguage":"de","potentialAction":[{"@type":"ReadAction","target":["https:\/\/www.inverseteams.com\/de\/produkt\/trikot-elit-sb20-s\/"]}]},{"@type":"ImageObject","inLanguage":"de","@id":"https:\/\/www.inverseteams.com\/de\/produkt\/trikot-elit-sb20-s\/#primaryimage","url":"https:\/\/www.inverseteams.com\/wp-content\/uploads\/INVERSE-BASKET-ELIT-SB20-S-1-1.jpg","contentUrl":"https:\/\/www.inverseteams.com\/wp-content\/uploads\/INVERSE-BASKET-ELIT-SB20-S-1-1.jpg","width":1500,"height":1612},{"@type":"BreadcrumbList","@id":"https:\/\/www.inverseteams.com\/de\/produkt\/trikot-elit-sb20-s\/#breadcrumb","itemListElement":[{"@type":"ListItem","position":1,"name":"Portada","item":"https:\/\/www.inverseteams.com\/de\/"},{"@type":"ListItem","position":2,"name":"Speichern","item":"https:\/\/www.inverseteams.com\/de\/speichern\/"},{"@type":"ListItem","position":3,"name":"Trikot ELIT SB20-S"}]},{"@type":"WebSite","@id":"https:\/\/www.inverseteams.com\/de\/#website","url":"https:\/\/www.inverseteams.com\/de\/","name":"Inverseteams","description":"Tu marca de ropa deportiva personalizada","publisher":{"@id":"https:\/\/www.inverseteams.com\/de\/#organization"},"potentialAction":[{"@type":"SearchAction","target":{"@type":"EntryPoint","urlTemplate":"https:\/\/www.inverseteams.com\/de\/?s={search_term_string}"},"query-input":{"@type":"PropertyValueSpecification","valueRequired":true,"valueName":"search_term_string"}}],"inLanguage":"de"},{"@type":"Organization","@id":"https:\/\/www.inverseteams.com\/de\/#organization","name":"Inverse Teams","url":"https:\/\/www.inverseteams.com\/de\/","logo":{"@type":"ImageObject","inLanguage":"de","@id":"https:\/\/www.inverseteams.com\/de\/#\/schema\/logo\/image\/","url":"https:\/\/www.inverseteams.com\/wp-content\/uploads\/2021\/03\/logo-inverse-teams.png","contentUrl":"https:\/\/www.inverseteams.com\/wp-content\/uploads\/2021\/03\/logo-inverse-teams.png","width":294,"height":99,"caption":"Inverse Teams"},"image":{"@id":"https:\/\/www.inverseteams.com\/de\/#\/schema\/logo\/image\/"},"sameAs":["https:\/\/www.facebook.com\/inverseteams","http:\/\/instagram.com\/inverseteams","https:\/\/www.linkedin.com\/company\/inverse-cirosport-s-l-?trk=job_view_topcard_company_name","http:\/\/www.pinterest.com\/inverseteams\/","http:\/\/www.youtube.com\/user\/inverseteams?feature=watch"]}]}},"_links":{"self":[{"href":"https:\/\/www.inverseteams.com\/de\/wp-json\/wp\/v2\/product\/275288","targetHints":{"allow":["GET"]}}],"collection":[{"href":"https:\/\/www.inverseteams.com\/de\/wp-json\/wp\/v2\/product"}],"about":[{"href":"https:\/\/www.inverseteams.com\/de\/wp-json\/wp\/v2\/types\/product"}],"replies":[{"embeddable":true,"href":"https:\/\/www.inverseteams.com\/de\/wp-json\/wp\/v2\/comments?post=275288"}],"wp:featuredmedia":[{"embeddable":true,"href":"https:\/\/www.inverseteams.com\/de\/wp-json\/wp\/v2\/media\/275259"}],"wp:attachment":[{"href":"https:\/\/www.inverseteams.com\/de\/wp-json\/wp\/v2\/media?parent=275288"}],"wp:term":[{"taxonomy":"product_brand","embeddable":true,"href":"https:\/\/www.inverseteams.com\/de\/wp-json\/wp\/v2\/product_brand?post=275288"},{"taxonomy":"product_cat","embeddable":true,"href":"https:\/\/www.inverseteams.com\/de\/wp-json\/wp\/v2\/product_cat?post=275288"},{"taxonomy":"product_tag","embeddable":true,"href":"https:\/\/www.inverseteams.com\/de\/wp-json\/wp\/v2\/product_tag?post=275288"},{"taxonomy":"custom_category","embeddable":true,"href":"https:\/\/www.inverseteams.com\/de\/wp-json\/wp\/v2\/custom_category?post=275288"},{"taxonomy":"range","embeddable":true,"href":"https:\/\/www.inverseteams.com\/de\/wp-json\/wp\/v2\/range?post=275288"}],"curies":[{"name":"wp","href":"https:\/\/api.w.org\/{rel}","templated":true}]}}