{"id":271406,"date":"2025-10-17T08:29:29","date_gmt":"2025-10-17T08:29:29","guid":{"rendered":"https:\/\/www.inverseteams.com\/product\/neckwarmer-pure-ederra-marine\/"},"modified":"2026-02-20T11:55:14","modified_gmt":"2026-02-20T10:55:14","slug":"neckwarmer-pure-ederra-marine","status":"publish","type":"product","link":"https:\/\/www.inverseteams.com\/de\/produkt\/neckwarmer-pure-ederra-marine\/","title":{"rendered":"Tubular EDERRA MARINE"},"content":{"rendered":"<p>Ideal f\u00fcr den t\u00e4glichen Gebrauch und f\u00fcr den Sport. Der Stoff, aus dem es besteht, zeichnet sich durch seine Elastizit\u00e4t und die Innenb\u00fcrste aus, die f\u00fcr W\u00e4rme und einen weichen Griff sorgt. Dieses Winter-Schlauchshirt bietet hohen Komfort, da es eine gute Atmungsaktivit\u00e4t garantiert und Schwei\u00df absorbiert, um die Haut trocken zu halten.<\/p>\n","protected":false},"excerpt":{"rendered":"<p>Ideal f\u00fcr den t\u00e4glichen Gebrauch und f\u00fcr den Sport. Der Stoff, aus dem es besteht, zeichnet sich durch seine Elastizit\u00e4t und die Innenb\u00fcrste aus, die f\u00fcr W\u00e4rme und einen weichen Griff sorgt. Dieses Winter-Schlauchshirt bietet hohen Komfort, da es eine gute Atmungsaktivit\u00e4t garantiert und Schwei\u00df absorbiert, um die Haut trocken zu halten.<\/p>\n","protected":false},"featured_media":271468,"comment_status":"closed","ping_status":"closed","template":"","meta":{"_acf_changed":false},"product_brand":[],"product_cat":[11184,11153,11190,11195],"product_tag":[],"custom_category":[],"range":[],"class_list":{"0":"post-271406","1":"product","2":"type-product","3":"status-publish","4":"has-post-thumbnail","6":"product_cat-rohrenformig","7":"product_cat-b2b-de","8":"product_cat-radsportbekleidung","9":"product_cat-sportliches-zubehor","10":"pa_climatologia-frio-de","11":"pa_deporte-running-de","12":"pa_deporte-casual-de","13":"pa_deporte-ocr-de","14":"pa_deporte-ciclismo-de","15":"pa_deporte-trail-de","16":"pa_genero-infantil-de","17":"pa_genero-hombre-de","18":"pa_genero-mujer-de","19":"pa_talla-unica-de","20":"pa_tipo-de-prenda-cubrecuello-de","22":"first","23":"instock","24":"taxable","25":"shipping-taxable","26":"purchasable","27":"product-type-simple"},"acf":[],"yoast_head":"<!-- This site is optimized with the Yoast SEO plugin v27.3 - https:\/\/yoast.com\/product\/yoast-seo-wordpress\/ -->\n<title>Neckwarmer PURE EDERRA MARINE<\/title>\n<meta name=\"description\" content=\"Ideal f\u00fcr den t\u00e4glichen Gebrauch und f\u00fcr den Sport. Der Stoff, aus dem es besteht, zeichnet sich durch seine Elastizit\u00e4t und die Innenb\u00fcrste aus, die f\u00fcr W\u00e4rme und einen weichen Griff sorgt. Dieses Winter-Schlauchshirt bietet hohen Komfort, da es eine gute Atmungsaktivit\u00e4t garantiert und Schwei\u00df absorbiert, um die Haut trocken zu halten.\" \/>\n<meta name=\"robots\" content=\"index, follow, max-snippet:-1, max-image-preview:large, max-video-preview:-1\" \/>\n<link rel=\"canonical\" href=\"https:\/\/www.inverseteams.com\/de\/produkt\/neckwarmer-pure-ederra-marine\/\" \/>\n<meta property=\"og:locale\" content=\"de_DE\" \/>\n<meta property=\"og:type\" content=\"article\" \/>\n<meta property=\"og:title\" content=\"Neckwarmer PURE EDERRA MARINE\" \/>\n<meta property=\"og:description\" content=\"Ideal f\u00fcr den t\u00e4glichen Gebrauch und f\u00fcr den Sport. Der Stoff, aus dem es besteht, zeichnet sich durch seine Elastizit\u00e4t und die Innenb\u00fcrste aus, die f\u00fcr W\u00e4rme und einen weichen Griff sorgt. Dieses Winter-Schlauchshirt bietet hohen Komfort, da es eine gute Atmungsaktivit\u00e4t garantiert und Schwei\u00df absorbiert, um die Haut trocken zu halten.\" \/>\n<meta property=\"og:url\" content=\"https:\/\/www.inverseteams.com\/de\/produkt\/neckwarmer-pure-ederra-marine\/\" \/>\n<meta property=\"og:site_name\" content=\"Inverseteams\" \/>\n<meta property=\"article:publisher\" content=\"https:\/\/www.facebook.com\/inverseteams\" \/>\n<meta property=\"article:modified_time\" content=\"2026-02-20T10:55:14+00:00\" \/>\n<meta property=\"og:image\" content=\"https:\/\/www.inverseteams.com\/wp-content\/uploads\/INVERSE-TUBULAR-PURE-EDERRA-MARINE-001.jpg\" \/>\n\t<meta property=\"og:image:width\" content=\"1500\" \/>\n\t<meta property=\"og:image:height\" content=\"1612\" \/>\n\t<meta property=\"og:image:type\" content=\"image\/jpeg\" \/>\n<meta name=\"twitter:card\" content=\"summary_large_image\" \/>\n<meta name=\"twitter:label1\" content=\"Gesch\u00e4tzte Lesezeit\" \/>\n\t<meta name=\"twitter:data1\" content=\"1\u00a0Minute\" \/>\n<script type=\"application\/ld+json\" class=\"yoast-schema-graph\">{\"@context\":\"https:\\\/\\\/schema.org\",\"@graph\":[{\"@type\":\"WebPage\",\"@id\":\"https:\\\/\\\/www.inverseteams.com\\\/de\\\/produkt\\\/neckwarmer-pure-ederra-marine\\\/\",\"url\":\"https:\\\/\\\/www.inverseteams.com\\\/de\\\/produkt\\\/neckwarmer-pure-ederra-marine\\\/\",\"name\":\"Neckwarmer PURE EDERRA MARINE\",\"isPartOf\":{\"@id\":\"https:\\\/\\\/www.inverseteams.com\\\/de\\\/#website\"},\"primaryImageOfPage\":{\"@id\":\"https:\\\/\\\/www.inverseteams.com\\\/de\\\/produkt\\\/neckwarmer-pure-ederra-marine\\\/#primaryimage\"},\"image\":{\"@id\":\"https:\\\/\\\/www.inverseteams.com\\\/de\\\/produkt\\\/neckwarmer-pure-ederra-marine\\\/#primaryimage\"},\"thumbnailUrl\":\"https:\\\/\\\/www.inverseteams.com\\\/wp-content\\\/uploads\\\/INVERSE-TUBULAR-PURE-EDERRA-MARINE-001.jpg\",\"datePublished\":\"2025-10-17T08:29:29+00:00\",\"dateModified\":\"2026-02-20T10:55:14+00:00\",\"description\":\"Ideal f\u00fcr den t\u00e4glichen Gebrauch und f\u00fcr den Sport. Der Stoff, aus dem es besteht, zeichnet sich durch seine Elastizit\u00e4t und die Innenb\u00fcrste aus, die f\u00fcr W\u00e4rme und einen weichen Griff sorgt. Dieses Winter-Schlauchshirt bietet hohen Komfort, da es eine gute Atmungsaktivit\u00e4t garantiert und Schwei\u00df absorbiert, um die Haut trocken zu halten.\",\"breadcrumb\":{\"@id\":\"https:\\\/\\\/www.inverseteams.com\\\/de\\\/produkt\\\/neckwarmer-pure-ederra-marine\\\/#breadcrumb\"},\"inLanguage\":\"de\",\"potentialAction\":[{\"@type\":\"ReadAction\",\"target\":[\"https:\\\/\\\/www.inverseteams.com\\\/de\\\/produkt\\\/neckwarmer-pure-ederra-marine\\\/\"]}]},{\"@type\":\"ImageObject\",\"inLanguage\":\"de\",\"@id\":\"https:\\\/\\\/www.inverseteams.com\\\/de\\\/produkt\\\/neckwarmer-pure-ederra-marine\\\/#primaryimage\",\"url\":\"https:\\\/\\\/www.inverseteams.com\\\/wp-content\\\/uploads\\\/INVERSE-TUBULAR-PURE-EDERRA-MARINE-001.jpg\",\"contentUrl\":\"https:\\\/\\\/www.inverseteams.com\\\/wp-content\\\/uploads\\\/INVERSE-TUBULAR-PURE-EDERRA-MARINE-001.jpg\",\"width\":1500,\"height\":1612},{\"@type\":\"BreadcrumbList\",\"@id\":\"https:\\\/\\\/www.inverseteams.com\\\/de\\\/produkt\\\/neckwarmer-pure-ederra-marine\\\/#breadcrumb\",\"itemListElement\":[{\"@type\":\"ListItem\",\"position\":1,\"name\":\"Portada\",\"item\":\"https:\\\/\\\/www.inverseteams.com\\\/de\\\/\"},{\"@type\":\"ListItem\",\"position\":2,\"name\":\"Speichern\",\"item\":\"https:\\\/\\\/www.inverseteams.com\\\/de\\\/speichern\\\/\"},{\"@type\":\"ListItem\",\"position\":3,\"name\":\"Tubular EDERRA MARINE\"}]},{\"@type\":\"WebSite\",\"@id\":\"https:\\\/\\\/www.inverseteams.com\\\/de\\\/#website\",\"url\":\"https:\\\/\\\/www.inverseteams.com\\\/de\\\/\",\"name\":\"Inverseteams\",\"description\":\"Tu marca de ropa deportiva personalizada\",\"publisher\":{\"@id\":\"https:\\\/\\\/www.inverseteams.com\\\/de\\\/#organization\"},\"potentialAction\":[{\"@type\":\"SearchAction\",\"target\":{\"@type\":\"EntryPoint\",\"urlTemplate\":\"https:\\\/\\\/www.inverseteams.com\\\/de\\\/?s={search_term_string}\"},\"query-input\":{\"@type\":\"PropertyValueSpecification\",\"valueRequired\":true,\"valueName\":\"search_term_string\"}}],\"inLanguage\":\"de\"},{\"@type\":\"Organization\",\"@id\":\"https:\\\/\\\/www.inverseteams.com\\\/de\\\/#organization\",\"name\":\"Inverse Teams\",\"url\":\"https:\\\/\\\/www.inverseteams.com\\\/de\\\/\",\"logo\":{\"@type\":\"ImageObject\",\"inLanguage\":\"de\",\"@id\":\"https:\\\/\\\/www.inverseteams.com\\\/de\\\/#\\\/schema\\\/logo\\\/image\\\/\",\"url\":\"https:\\\/\\\/www.inverseteams.com\\\/wp-content\\\/uploads\\\/2021\\\/03\\\/logo-inverse-teams.png\",\"contentUrl\":\"https:\\\/\\\/www.inverseteams.com\\\/wp-content\\\/uploads\\\/2021\\\/03\\\/logo-inverse-teams.png\",\"width\":294,\"height\":99,\"caption\":\"Inverse Teams\"},\"image\":{\"@id\":\"https:\\\/\\\/www.inverseteams.com\\\/de\\\/#\\\/schema\\\/logo\\\/image\\\/\"},\"sameAs\":[\"https:\\\/\\\/www.facebook.com\\\/inverseteams\",\"http:\\\/\\\/instagram.com\\\/inverseteams\",\"https:\\\/\\\/www.linkedin.com\\\/company\\\/inverse-cirosport-s-l-?trk=job_view_topcard_company_name\",\"http:\\\/\\\/www.pinterest.com\\\/inverseteams\\\/\",\"http:\\\/\\\/www.youtube.com\\\/user\\\/inverseteams?feature=watch\"]}]}<\/script>\n<!-- \/ Yoast SEO plugin. -->","yoast_head_json":{"title":"Neckwarmer PURE EDERRA MARINE","description":"Ideal f\u00fcr den t\u00e4glichen Gebrauch und f\u00fcr den Sport. Der Stoff, aus dem es besteht, zeichnet sich durch seine Elastizit\u00e4t und die Innenb\u00fcrste aus, die f\u00fcr W\u00e4rme und einen weichen Griff sorgt. Dieses Winter-Schlauchshirt bietet hohen Komfort, da es eine gute Atmungsaktivit\u00e4t garantiert und Schwei\u00df absorbiert, um die Haut trocken zu halten.","robots":{"index":"index","follow":"follow","max-snippet":"max-snippet:-1","max-image-preview":"max-image-preview:large","max-video-preview":"max-video-preview:-1"},"canonical":"https:\/\/www.inverseteams.com\/de\/produkt\/neckwarmer-pure-ederra-marine\/","og_locale":"de_DE","og_type":"article","og_title":"Neckwarmer PURE EDERRA MARINE","og_description":"Ideal f\u00fcr den t\u00e4glichen Gebrauch und f\u00fcr den Sport. Der Stoff, aus dem es besteht, zeichnet sich durch seine Elastizit\u00e4t und die Innenb\u00fcrste aus, die f\u00fcr W\u00e4rme und einen weichen Griff sorgt. Dieses Winter-Schlauchshirt bietet hohen Komfort, da es eine gute Atmungsaktivit\u00e4t garantiert und Schwei\u00df absorbiert, um die Haut trocken zu halten.","og_url":"https:\/\/www.inverseteams.com\/de\/produkt\/neckwarmer-pure-ederra-marine\/","og_site_name":"Inverseteams","article_publisher":"https:\/\/www.facebook.com\/inverseteams","article_modified_time":"2026-02-20T10:55:14+00:00","og_image":[{"width":1500,"height":1612,"url":"https:\/\/www.inverseteams.com\/wp-content\/uploads\/INVERSE-TUBULAR-PURE-EDERRA-MARINE-001.jpg","type":"image\/jpeg"}],"twitter_card":"summary_large_image","twitter_misc":{"Gesch\u00e4tzte Lesezeit":"1\u00a0Minute"},"schema":{"@context":"https:\/\/schema.org","@graph":[{"@type":"WebPage","@id":"https:\/\/www.inverseteams.com\/de\/produkt\/neckwarmer-pure-ederra-marine\/","url":"https:\/\/www.inverseteams.com\/de\/produkt\/neckwarmer-pure-ederra-marine\/","name":"Neckwarmer PURE EDERRA MARINE","isPartOf":{"@id":"https:\/\/www.inverseteams.com\/de\/#website"},"primaryImageOfPage":{"@id":"https:\/\/www.inverseteams.com\/de\/produkt\/neckwarmer-pure-ederra-marine\/#primaryimage"},"image":{"@id":"https:\/\/www.inverseteams.com\/de\/produkt\/neckwarmer-pure-ederra-marine\/#primaryimage"},"thumbnailUrl":"https:\/\/www.inverseteams.com\/wp-content\/uploads\/INVERSE-TUBULAR-PURE-EDERRA-MARINE-001.jpg","datePublished":"2025-10-17T08:29:29+00:00","dateModified":"2026-02-20T10:55:14+00:00","description":"Ideal f\u00fcr den t\u00e4glichen Gebrauch und f\u00fcr den Sport. Der Stoff, aus dem es besteht, zeichnet sich durch seine Elastizit\u00e4t und die Innenb\u00fcrste aus, die f\u00fcr W\u00e4rme und einen weichen Griff sorgt. Dieses Winter-Schlauchshirt bietet hohen Komfort, da es eine gute Atmungsaktivit\u00e4t garantiert und Schwei\u00df absorbiert, um die Haut trocken zu halten.","breadcrumb":{"@id":"https:\/\/www.inverseteams.com\/de\/produkt\/neckwarmer-pure-ederra-marine\/#breadcrumb"},"inLanguage":"de","potentialAction":[{"@type":"ReadAction","target":["https:\/\/www.inverseteams.com\/de\/produkt\/neckwarmer-pure-ederra-marine\/"]}]},{"@type":"ImageObject","inLanguage":"de","@id":"https:\/\/www.inverseteams.com\/de\/produkt\/neckwarmer-pure-ederra-marine\/#primaryimage","url":"https:\/\/www.inverseteams.com\/wp-content\/uploads\/INVERSE-TUBULAR-PURE-EDERRA-MARINE-001.jpg","contentUrl":"https:\/\/www.inverseteams.com\/wp-content\/uploads\/INVERSE-TUBULAR-PURE-EDERRA-MARINE-001.jpg","width":1500,"height":1612},{"@type":"BreadcrumbList","@id":"https:\/\/www.inverseteams.com\/de\/produkt\/neckwarmer-pure-ederra-marine\/#breadcrumb","itemListElement":[{"@type":"ListItem","position":1,"name":"Portada","item":"https:\/\/www.inverseteams.com\/de\/"},{"@type":"ListItem","position":2,"name":"Speichern","item":"https:\/\/www.inverseteams.com\/de\/speichern\/"},{"@type":"ListItem","position":3,"name":"Tubular EDERRA MARINE"}]},{"@type":"WebSite","@id":"https:\/\/www.inverseteams.com\/de\/#website","url":"https:\/\/www.inverseteams.com\/de\/","name":"Inverseteams","description":"Tu marca de ropa deportiva personalizada","publisher":{"@id":"https:\/\/www.inverseteams.com\/de\/#organization"},"potentialAction":[{"@type":"SearchAction","target":{"@type":"EntryPoint","urlTemplate":"https:\/\/www.inverseteams.com\/de\/?s={search_term_string}"},"query-input":{"@type":"PropertyValueSpecification","valueRequired":true,"valueName":"search_term_string"}}],"inLanguage":"de"},{"@type":"Organization","@id":"https:\/\/www.inverseteams.com\/de\/#organization","name":"Inverse Teams","url":"https:\/\/www.inverseteams.com\/de\/","logo":{"@type":"ImageObject","inLanguage":"de","@id":"https:\/\/www.inverseteams.com\/de\/#\/schema\/logo\/image\/","url":"https:\/\/www.inverseteams.com\/wp-content\/uploads\/2021\/03\/logo-inverse-teams.png","contentUrl":"https:\/\/www.inverseteams.com\/wp-content\/uploads\/2021\/03\/logo-inverse-teams.png","width":294,"height":99,"caption":"Inverse Teams"},"image":{"@id":"https:\/\/www.inverseteams.com\/de\/#\/schema\/logo\/image\/"},"sameAs":["https:\/\/www.facebook.com\/inverseteams","http:\/\/instagram.com\/inverseteams","https:\/\/www.linkedin.com\/company\/inverse-cirosport-s-l-?trk=job_view_topcard_company_name","http:\/\/www.pinterest.com\/inverseteams\/","http:\/\/www.youtube.com\/user\/inverseteams?feature=watch"]}]}},"_links":{"self":[{"href":"https:\/\/www.inverseteams.com\/de\/wp-json\/wp\/v2\/product\/271406","targetHints":{"allow":["GET"]}}],"collection":[{"href":"https:\/\/www.inverseteams.com\/de\/wp-json\/wp\/v2\/product"}],"about":[{"href":"https:\/\/www.inverseteams.com\/de\/wp-json\/wp\/v2\/types\/product"}],"replies":[{"embeddable":true,"href":"https:\/\/www.inverseteams.com\/de\/wp-json\/wp\/v2\/comments?post=271406"}],"wp:featuredmedia":[{"embeddable":true,"href":"https:\/\/www.inverseteams.com\/de\/wp-json\/wp\/v2\/media\/271468"}],"wp:attachment":[{"href":"https:\/\/www.inverseteams.com\/de\/wp-json\/wp\/v2\/media?parent=271406"}],"wp:term":[{"taxonomy":"product_brand","embeddable":true,"href":"https:\/\/www.inverseteams.com\/de\/wp-json\/wp\/v2\/product_brand?post=271406"},{"taxonomy":"product_cat","embeddable":true,"href":"https:\/\/www.inverseteams.com\/de\/wp-json\/wp\/v2\/product_cat?post=271406"},{"taxonomy":"product_tag","embeddable":true,"href":"https:\/\/www.inverseteams.com\/de\/wp-json\/wp\/v2\/product_tag?post=271406"},{"taxonomy":"custom_category","embeddable":true,"href":"https:\/\/www.inverseteams.com\/de\/wp-json\/wp\/v2\/custom_category?post=271406"},{"taxonomy":"range","embeddable":true,"href":"https:\/\/www.inverseteams.com\/de\/wp-json\/wp\/v2\/range?post=271406"}],"curies":[{"name":"wp","href":"https:\/\/api.w.org\/{rel}","templated":true}]}}