{"id":271405,"date":"2025-10-17T08:29:29","date_gmt":"2025-10-17T08:29:29","guid":{"rendered":"https:\/\/www.inverseteams.com\/product\/unterziehmuetze-pure-ima\/"},"modified":"2026-02-20T11:55:14","modified_gmt":"2026-02-20T10:55:14","slug":"unterziehmuetze-pure-ima","status":"publish","type":"product","link":"https:\/\/www.inverseteams.com\/de\/produkt\/unterziehmuetze-pure-ima\/","title":{"rendered":"Unterziehm\u00fctze PURE IMA"},"content":{"rendered":"<p>Die Unterziehm\u00fctze ist ein leichtes, verstellbares Accessoire zum Schutz von Kopf und Ohren vor niedrigen Temperaturen.<br \/>\nHergestellt aus SUPERROUBAIX-Material, das angenehm warm auf der Haut liegt, hochelastisch ist und hervorragende Atmungsaktivit\u00e4t bietet. Der elastische Bund sorgt f\u00fcr perfekte Anpassungsf\u00e4higkeit und einen bequemen und sicheren Sitz.<br \/>\nDie Unterziehm\u00fctze passt sich perfekt dem Kopf an, da das Material nicht auftr\u00e4gt.<\/p>\n","protected":false},"excerpt":{"rendered":"<p>Die Unterziehm\u00fctze ist ein leichtes, verstellbares Accessoire zum Schutz von Kopf und Ohren vor niedrigen Temperaturen.<br \/>\nHergestellt aus SUPERROUBAIX-Material, das angenehm warm auf der Haut liegt, hochelastisch ist und hervorragende Atmungsaktivit\u00e4t bietet. Der elastische Bund sorgt f\u00fcr perfekte Anpassungsf\u00e4higkeit und einen bequemen und sicheren Sitz.<br \/>\nDie Unterziehm\u00fctze passt sich perfekt dem Kopf an, da das Material nicht auftr\u00e4gt.<\/p>\n","protected":false},"featured_media":270510,"comment_status":"closed","ping_status":"closed","template":"","meta":{"_acf_changed":false},"product_brand":[],"product_cat":[11153,11190,11195],"product_tag":[],"custom_category":[],"range":[],"class_list":{"0":"post-271405","1":"product","2":"type-product","3":"status-publish","4":"has-post-thumbnail","6":"product_cat-b2b-de","7":"product_cat-radsportbekleidung","8":"product_cat-sportliches-zubehor","9":"pa_climatologia-frio-de","10":"pa_deporte-ciclismo-de","11":"pa_genero-infantil-de","12":"pa_genero-hombre-de","13":"pa_genero-mujer-de","14":"pa_talla-unica-de","15":"pa_tipo-de-prenda-unterziehmuetze","17":"first","18":"instock","19":"taxable","20":"shipping-taxable","21":"purchasable","22":"product-type-simple"},"acf":[],"yoast_head":"<!-- This site is optimized with the Yoast SEO plugin v27.3 - https:\/\/yoast.com\/product\/yoast-seo-wordpress\/ -->\n<title>Unterziehm\u00fctze PURE IMA<\/title>\n<meta name=\"description\" content=\"Die Unterziehm\u00fctze ist ein leichtes, verstellbares Accessoire zum Schutz von Kopf und Ohren vor niedrigen Temperaturen. Hergestellt aus SUPERROUBAIX-Material, das angenehm warm auf der Haut liegt, hochelastisch ist und hervorragende Atmungsaktivit\u00e4t bietet. Der elastische Bund sorgt f\u00fcr perfekte Anpassungsf\u00e4higkeit und einen bequemen und sicheren Sitz. Die Unterziehm\u00fctze passt sich perfekt dem Kopf an, da das Material nicht auftr\u00e4gt.\" \/>\n<meta name=\"robots\" content=\"index, follow, max-snippet:-1, max-image-preview:large, max-video-preview:-1\" \/>\n<link rel=\"canonical\" href=\"https:\/\/www.inverseteams.com\/de\/produkt\/unterziehmuetze-pure-ima\/\" \/>\n<meta property=\"og:locale\" content=\"de_DE\" \/>\n<meta property=\"og:type\" content=\"article\" \/>\n<meta property=\"og:title\" content=\"Unterziehm\u00fctze PURE IMA\" \/>\n<meta property=\"og:description\" content=\"Die Unterziehm\u00fctze ist ein leichtes, verstellbares Accessoire zum Schutz von Kopf und Ohren vor niedrigen Temperaturen. Hergestellt aus SUPERROUBAIX-Material, das angenehm warm auf der Haut liegt, hochelastisch ist und hervorragende Atmungsaktivit\u00e4t bietet. Der elastische Bund sorgt f\u00fcr perfekte Anpassungsf\u00e4higkeit und einen bequemen und sicheren Sitz. Die Unterziehm\u00fctze passt sich perfekt dem Kopf an, da das Material nicht auftr\u00e4gt.\" \/>\n<meta property=\"og:url\" content=\"https:\/\/www.inverseteams.com\/de\/produkt\/unterziehmuetze-pure-ima\/\" \/>\n<meta property=\"og:site_name\" content=\"Inverseteams\" \/>\n<meta property=\"article:publisher\" content=\"https:\/\/www.facebook.com\/inverseteams\" \/>\n<meta property=\"article:modified_time\" content=\"2026-02-20T10:55:14+00:00\" \/>\n<meta property=\"og:image\" content=\"https:\/\/www.inverseteams.com\/wp-content\/uploads\/INVERSE-SOTOCASCO-PURE-IMA-BLACK-001.jpg\" \/>\n\t<meta property=\"og:image:width\" content=\"1500\" \/>\n\t<meta property=\"og:image:height\" content=\"1612\" \/>\n\t<meta property=\"og:image:type\" content=\"image\/jpeg\" \/>\n<meta name=\"twitter:card\" content=\"summary_large_image\" \/>\n<meta name=\"twitter:label1\" content=\"Gesch\u00e4tzte Lesezeit\" \/>\n\t<meta name=\"twitter:data1\" content=\"1\u00a0Minute\" \/>\n<script type=\"application\/ld+json\" class=\"yoast-schema-graph\">{\"@context\":\"https:\\\/\\\/schema.org\",\"@graph\":[{\"@type\":\"WebPage\",\"@id\":\"https:\\\/\\\/www.inverseteams.com\\\/de\\\/produkt\\\/unterziehmuetze-pure-ima\\\/\",\"url\":\"https:\\\/\\\/www.inverseteams.com\\\/de\\\/produkt\\\/unterziehmuetze-pure-ima\\\/\",\"name\":\"Unterziehm\u00fctze PURE IMA\",\"isPartOf\":{\"@id\":\"https:\\\/\\\/www.inverseteams.com\\\/de\\\/#website\"},\"primaryImageOfPage\":{\"@id\":\"https:\\\/\\\/www.inverseteams.com\\\/de\\\/produkt\\\/unterziehmuetze-pure-ima\\\/#primaryimage\"},\"image\":{\"@id\":\"https:\\\/\\\/www.inverseteams.com\\\/de\\\/produkt\\\/unterziehmuetze-pure-ima\\\/#primaryimage\"},\"thumbnailUrl\":\"https:\\\/\\\/www.inverseteams.com\\\/wp-content\\\/uploads\\\/INVERSE-SOTOCASCO-PURE-IMA-BLACK-001.jpg\",\"datePublished\":\"2025-10-17T08:29:29+00:00\",\"dateModified\":\"2026-02-20T10:55:14+00:00\",\"description\":\"Die Unterziehm\u00fctze ist ein leichtes, verstellbares Accessoire zum Schutz von Kopf und Ohren vor niedrigen Temperaturen. Hergestellt aus SUPERROUBAIX-Material, das angenehm warm auf der Haut liegt, hochelastisch ist und hervorragende Atmungsaktivit\u00e4t bietet. Der elastische Bund sorgt f\u00fcr perfekte Anpassungsf\u00e4higkeit und einen bequemen und sicheren Sitz. Die Unterziehm\u00fctze passt sich perfekt dem Kopf an, da das Material nicht auftr\u00e4gt.\",\"breadcrumb\":{\"@id\":\"https:\\\/\\\/www.inverseteams.com\\\/de\\\/produkt\\\/unterziehmuetze-pure-ima\\\/#breadcrumb\"},\"inLanguage\":\"de\",\"potentialAction\":[{\"@type\":\"ReadAction\",\"target\":[\"https:\\\/\\\/www.inverseteams.com\\\/de\\\/produkt\\\/unterziehmuetze-pure-ima\\\/\"]}]},{\"@type\":\"ImageObject\",\"inLanguage\":\"de\",\"@id\":\"https:\\\/\\\/www.inverseteams.com\\\/de\\\/produkt\\\/unterziehmuetze-pure-ima\\\/#primaryimage\",\"url\":\"https:\\\/\\\/www.inverseteams.com\\\/wp-content\\\/uploads\\\/INVERSE-SOTOCASCO-PURE-IMA-BLACK-001.jpg\",\"contentUrl\":\"https:\\\/\\\/www.inverseteams.com\\\/wp-content\\\/uploads\\\/INVERSE-SOTOCASCO-PURE-IMA-BLACK-001.jpg\",\"width\":1500,\"height\":1612},{\"@type\":\"BreadcrumbList\",\"@id\":\"https:\\\/\\\/www.inverseteams.com\\\/de\\\/produkt\\\/unterziehmuetze-pure-ima\\\/#breadcrumb\",\"itemListElement\":[{\"@type\":\"ListItem\",\"position\":1,\"name\":\"Portada\",\"item\":\"https:\\\/\\\/www.inverseteams.com\\\/de\\\/\"},{\"@type\":\"ListItem\",\"position\":2,\"name\":\"Speichern\",\"item\":\"https:\\\/\\\/www.inverseteams.com\\\/de\\\/speichern\\\/\"},{\"@type\":\"ListItem\",\"position\":3,\"name\":\"Unterziehm\u00fctze PURE IMA\"}]},{\"@type\":\"WebSite\",\"@id\":\"https:\\\/\\\/www.inverseteams.com\\\/de\\\/#website\",\"url\":\"https:\\\/\\\/www.inverseteams.com\\\/de\\\/\",\"name\":\"Inverseteams\",\"description\":\"Tu marca de ropa deportiva personalizada\",\"publisher\":{\"@id\":\"https:\\\/\\\/www.inverseteams.com\\\/de\\\/#organization\"},\"potentialAction\":[{\"@type\":\"SearchAction\",\"target\":{\"@type\":\"EntryPoint\",\"urlTemplate\":\"https:\\\/\\\/www.inverseteams.com\\\/de\\\/?s={search_term_string}\"},\"query-input\":{\"@type\":\"PropertyValueSpecification\",\"valueRequired\":true,\"valueName\":\"search_term_string\"}}],\"inLanguage\":\"de\"},{\"@type\":\"Organization\",\"@id\":\"https:\\\/\\\/www.inverseteams.com\\\/de\\\/#organization\",\"name\":\"Inverse Teams\",\"url\":\"https:\\\/\\\/www.inverseteams.com\\\/de\\\/\",\"logo\":{\"@type\":\"ImageObject\",\"inLanguage\":\"de\",\"@id\":\"https:\\\/\\\/www.inverseteams.com\\\/de\\\/#\\\/schema\\\/logo\\\/image\\\/\",\"url\":\"https:\\\/\\\/www.inverseteams.com\\\/wp-content\\\/uploads\\\/2021\\\/03\\\/logo-inverse-teams.png\",\"contentUrl\":\"https:\\\/\\\/www.inverseteams.com\\\/wp-content\\\/uploads\\\/2021\\\/03\\\/logo-inverse-teams.png\",\"width\":294,\"height\":99,\"caption\":\"Inverse Teams\"},\"image\":{\"@id\":\"https:\\\/\\\/www.inverseteams.com\\\/de\\\/#\\\/schema\\\/logo\\\/image\\\/\"},\"sameAs\":[\"https:\\\/\\\/www.facebook.com\\\/inverseteams\",\"http:\\\/\\\/instagram.com\\\/inverseteams\",\"https:\\\/\\\/www.linkedin.com\\\/company\\\/inverse-cirosport-s-l-?trk=job_view_topcard_company_name\",\"http:\\\/\\\/www.pinterest.com\\\/inverseteams\\\/\",\"http:\\\/\\\/www.youtube.com\\\/user\\\/inverseteams?feature=watch\"]}]}<\/script>\n<!-- \/ Yoast SEO plugin. -->","yoast_head_json":{"title":"Unterziehm\u00fctze PURE IMA","description":"Die Unterziehm\u00fctze ist ein leichtes, verstellbares Accessoire zum Schutz von Kopf und Ohren vor niedrigen Temperaturen. Hergestellt aus SUPERROUBAIX-Material, das angenehm warm auf der Haut liegt, hochelastisch ist und hervorragende Atmungsaktivit\u00e4t bietet. Der elastische Bund sorgt f\u00fcr perfekte Anpassungsf\u00e4higkeit und einen bequemen und sicheren Sitz. Die Unterziehm\u00fctze passt sich perfekt dem Kopf an, da das Material nicht auftr\u00e4gt.","robots":{"index":"index","follow":"follow","max-snippet":"max-snippet:-1","max-image-preview":"max-image-preview:large","max-video-preview":"max-video-preview:-1"},"canonical":"https:\/\/www.inverseteams.com\/de\/produkt\/unterziehmuetze-pure-ima\/","og_locale":"de_DE","og_type":"article","og_title":"Unterziehm\u00fctze PURE IMA","og_description":"Die Unterziehm\u00fctze ist ein leichtes, verstellbares Accessoire zum Schutz von Kopf und Ohren vor niedrigen Temperaturen. Hergestellt aus SUPERROUBAIX-Material, das angenehm warm auf der Haut liegt, hochelastisch ist und hervorragende Atmungsaktivit\u00e4t bietet. Der elastische Bund sorgt f\u00fcr perfekte Anpassungsf\u00e4higkeit und einen bequemen und sicheren Sitz. Die Unterziehm\u00fctze passt sich perfekt dem Kopf an, da das Material nicht auftr\u00e4gt.","og_url":"https:\/\/www.inverseteams.com\/de\/produkt\/unterziehmuetze-pure-ima\/","og_site_name":"Inverseteams","article_publisher":"https:\/\/www.facebook.com\/inverseteams","article_modified_time":"2026-02-20T10:55:14+00:00","og_image":[{"width":1500,"height":1612,"url":"https:\/\/www.inverseteams.com\/wp-content\/uploads\/INVERSE-SOTOCASCO-PURE-IMA-BLACK-001.jpg","type":"image\/jpeg"}],"twitter_card":"summary_large_image","twitter_misc":{"Gesch\u00e4tzte Lesezeit":"1\u00a0Minute"},"schema":{"@context":"https:\/\/schema.org","@graph":[{"@type":"WebPage","@id":"https:\/\/www.inverseteams.com\/de\/produkt\/unterziehmuetze-pure-ima\/","url":"https:\/\/www.inverseteams.com\/de\/produkt\/unterziehmuetze-pure-ima\/","name":"Unterziehm\u00fctze PURE IMA","isPartOf":{"@id":"https:\/\/www.inverseteams.com\/de\/#website"},"primaryImageOfPage":{"@id":"https:\/\/www.inverseteams.com\/de\/produkt\/unterziehmuetze-pure-ima\/#primaryimage"},"image":{"@id":"https:\/\/www.inverseteams.com\/de\/produkt\/unterziehmuetze-pure-ima\/#primaryimage"},"thumbnailUrl":"https:\/\/www.inverseteams.com\/wp-content\/uploads\/INVERSE-SOTOCASCO-PURE-IMA-BLACK-001.jpg","datePublished":"2025-10-17T08:29:29+00:00","dateModified":"2026-02-20T10:55:14+00:00","description":"Die Unterziehm\u00fctze ist ein leichtes, verstellbares Accessoire zum Schutz von Kopf und Ohren vor niedrigen Temperaturen. Hergestellt aus SUPERROUBAIX-Material, das angenehm warm auf der Haut liegt, hochelastisch ist und hervorragende Atmungsaktivit\u00e4t bietet. Der elastische Bund sorgt f\u00fcr perfekte Anpassungsf\u00e4higkeit und einen bequemen und sicheren Sitz. Die Unterziehm\u00fctze passt sich perfekt dem Kopf an, da das Material nicht auftr\u00e4gt.","breadcrumb":{"@id":"https:\/\/www.inverseteams.com\/de\/produkt\/unterziehmuetze-pure-ima\/#breadcrumb"},"inLanguage":"de","potentialAction":[{"@type":"ReadAction","target":["https:\/\/www.inverseteams.com\/de\/produkt\/unterziehmuetze-pure-ima\/"]}]},{"@type":"ImageObject","inLanguage":"de","@id":"https:\/\/www.inverseteams.com\/de\/produkt\/unterziehmuetze-pure-ima\/#primaryimage","url":"https:\/\/www.inverseteams.com\/wp-content\/uploads\/INVERSE-SOTOCASCO-PURE-IMA-BLACK-001.jpg","contentUrl":"https:\/\/www.inverseteams.com\/wp-content\/uploads\/INVERSE-SOTOCASCO-PURE-IMA-BLACK-001.jpg","width":1500,"height":1612},{"@type":"BreadcrumbList","@id":"https:\/\/www.inverseteams.com\/de\/produkt\/unterziehmuetze-pure-ima\/#breadcrumb","itemListElement":[{"@type":"ListItem","position":1,"name":"Portada","item":"https:\/\/www.inverseteams.com\/de\/"},{"@type":"ListItem","position":2,"name":"Speichern","item":"https:\/\/www.inverseteams.com\/de\/speichern\/"},{"@type":"ListItem","position":3,"name":"Unterziehm\u00fctze PURE IMA"}]},{"@type":"WebSite","@id":"https:\/\/www.inverseteams.com\/de\/#website","url":"https:\/\/www.inverseteams.com\/de\/","name":"Inverseteams","description":"Tu marca de ropa deportiva personalizada","publisher":{"@id":"https:\/\/www.inverseteams.com\/de\/#organization"},"potentialAction":[{"@type":"SearchAction","target":{"@type":"EntryPoint","urlTemplate":"https:\/\/www.inverseteams.com\/de\/?s={search_term_string}"},"query-input":{"@type":"PropertyValueSpecification","valueRequired":true,"valueName":"search_term_string"}}],"inLanguage":"de"},{"@type":"Organization","@id":"https:\/\/www.inverseteams.com\/de\/#organization","name":"Inverse Teams","url":"https:\/\/www.inverseteams.com\/de\/","logo":{"@type":"ImageObject","inLanguage":"de","@id":"https:\/\/www.inverseteams.com\/de\/#\/schema\/logo\/image\/","url":"https:\/\/www.inverseteams.com\/wp-content\/uploads\/2021\/03\/logo-inverse-teams.png","contentUrl":"https:\/\/www.inverseteams.com\/wp-content\/uploads\/2021\/03\/logo-inverse-teams.png","width":294,"height":99,"caption":"Inverse Teams"},"image":{"@id":"https:\/\/www.inverseteams.com\/de\/#\/schema\/logo\/image\/"},"sameAs":["https:\/\/www.facebook.com\/inverseteams","http:\/\/instagram.com\/inverseteams","https:\/\/www.linkedin.com\/company\/inverse-cirosport-s-l-?trk=job_view_topcard_company_name","http:\/\/www.pinterest.com\/inverseteams\/","http:\/\/www.youtube.com\/user\/inverseteams?feature=watch"]}]}},"_links":{"self":[{"href":"https:\/\/www.inverseteams.com\/de\/wp-json\/wp\/v2\/product\/271405","targetHints":{"allow":["GET"]}}],"collection":[{"href":"https:\/\/www.inverseteams.com\/de\/wp-json\/wp\/v2\/product"}],"about":[{"href":"https:\/\/www.inverseteams.com\/de\/wp-json\/wp\/v2\/types\/product"}],"replies":[{"embeddable":true,"href":"https:\/\/www.inverseteams.com\/de\/wp-json\/wp\/v2\/comments?post=271405"}],"wp:featuredmedia":[{"embeddable":true,"href":"https:\/\/www.inverseteams.com\/de\/wp-json\/wp\/v2\/media\/270510"}],"wp:attachment":[{"href":"https:\/\/www.inverseteams.com\/de\/wp-json\/wp\/v2\/media?parent=271405"}],"wp:term":[{"taxonomy":"product_brand","embeddable":true,"href":"https:\/\/www.inverseteams.com\/de\/wp-json\/wp\/v2\/product_brand?post=271405"},{"taxonomy":"product_cat","embeddable":true,"href":"https:\/\/www.inverseteams.com\/de\/wp-json\/wp\/v2\/product_cat?post=271405"},{"taxonomy":"product_tag","embeddable":true,"href":"https:\/\/www.inverseteams.com\/de\/wp-json\/wp\/v2\/product_tag?post=271405"},{"taxonomy":"custom_category","embeddable":true,"href":"https:\/\/www.inverseteams.com\/de\/wp-json\/wp\/v2\/custom_category?post=271405"},{"taxonomy":"range","embeddable":true,"href":"https:\/\/www.inverseteams.com\/de\/wp-json\/wp\/v2\/range?post=271405"}],"curies":[{"name":"wp","href":"https:\/\/api.w.org\/{rel}","templated":true}]}}