{"id":269646,"date":"2025-10-03T15:50:12","date_gmt":"2025-10-03T15:50:12","guid":{"rendered":"https:\/\/www.inverseteams.com\/?post_type=product&#038;p=269646"},"modified":"2026-02-20T11:55:51","modified_gmt":"2026-02-20T10:55:51","slug":"socken-essenz-cuba-safari","status":"publish","type":"product","link":"https:\/\/www.inverseteams.com\/de\/produkt\/socken-essenz-cuba-safari\/","title":{"rendered":"Socken ESSENZ CUBA SAFARI"},"content":{"rendered":"<p>Hergestellt aus antibakteriellem Garn. Sie garantieren eine gute Aufnahme und schnelle Ableitung des Schwei\u00dfes. Durch die Garnstruktur sitzt die Socke sehr gut und verhindert ein Verrutschen des Fu\u00dfes im Sportschuh.<br \/>\nDiese Socken haben einen mittleren Schnitt (22 cm) und zeichnen sich durch eine verst\u00e4rkte Spitze und Ferse aus, um Schutz und Komfort zu erh\u00f6hen.<\/p>\n","protected":false},"excerpt":{"rendered":"<p>Hergestellt aus antibakteriellem Garn. Sie garantieren eine gute Aufnahme und schnelle Ableitung des Schwei\u00dfes. Durch die Garnstruktur sitzt die Socke sehr gut und verhindert ein Verrutschen des Fu\u00dfes im Sportschuh.<br \/>\nDiese Socken haben einen mittleren Schnitt (22 cm) und zeichnen sich durch eine verst\u00e4rkte Spitze und Ferse aus, um Schutz und Komfort zu erh\u00f6hen.<\/p>\n","protected":false},"featured_media":271294,"comment_status":"closed","ping_status":"closed","template":"","meta":{"_acf_changed":false},"product_brand":[],"product_cat":[11153,11190,11182,11195],"product_tag":[],"custom_category":[],"range":[],"class_list":{"0":"post-269646","1":"product","2":"type-product","3":"status-publish","4":"has-post-thumbnail","6":"product_cat-b2b-de","7":"product_cat-radsportbekleidung","8":"product_cat-socken","9":"product_cat-sportliches-zubehor","10":"pa_climatologia-temperatura-templada-de","11":"pa_climatologia-calor-de","12":"pa_deporte-ciclismo-de","13":"pa_deporte-trail-de","14":"pa_deporte-running-de","15":"pa_deporte-casual-de","16":"pa_deporte-ocr-de","17":"pa_genero-infantil-de","18":"pa_genero-hombre-de","19":"pa_genero-mujer-de","20":"pa_talla-s-m-de","21":"pa_talla-l-xl-de","22":"pa_tipo-de-prenda-calcetin-de","24":"first","25":"outofstock","26":"taxable","27":"shipping-taxable","28":"purchasable","29":"product-type-variable","30":"has-default-attributes"},"acf":[],"yoast_head":"<!-- This site is optimized with the Yoast SEO plugin v27.3 - https:\/\/yoast.com\/product\/yoast-seo-wordpress\/ -->\n<title>Socken ESSENZ CUBA SAFARI<\/title>\n<meta name=\"description\" content=\"Hergestellt aus antibakteriellem Garn. Sie garantieren eine gute Aufnahme und schnelle Ableitung des Schwei\u00dfes. Durch die Garnstruktur sitzt die Socke sehr gut und verhindert ein Verrutschen des Fu\u00dfes im Sportschuh. Diese Socken haben einen mittleren Schnitt (22 cm) und zeichnen sich durch eine verst\u00e4rkte Spitze und Ferse aus, um Schutz und Komfort zu erh\u00f6hen.\" \/>\n<meta name=\"robots\" content=\"index, follow, max-snippet:-1, max-image-preview:large, max-video-preview:-1\" \/>\n<link rel=\"canonical\" href=\"https:\/\/www.inverseteams.com\/de\/produkt\/socken-essenz-cuba-safari\/\" \/>\n<meta property=\"og:locale\" content=\"de_DE\" \/>\n<meta property=\"og:type\" content=\"article\" \/>\n<meta property=\"og:title\" content=\"Socken ESSENZ CUBA SAFARI\" \/>\n<meta property=\"og:description\" content=\"Hergestellt aus antibakteriellem Garn. Sie garantieren eine gute Aufnahme und schnelle Ableitung des Schwei\u00dfes. Durch die Garnstruktur sitzt die Socke sehr gut und verhindert ein Verrutschen des Fu\u00dfes im Sportschuh. Diese Socken haben einen mittleren Schnitt (22 cm) und zeichnen sich durch eine verst\u00e4rkte Spitze und Ferse aus, um Schutz und Komfort zu erh\u00f6hen.\" \/>\n<meta property=\"og:url\" content=\"https:\/\/www.inverseteams.com\/de\/produkt\/socken-essenz-cuba-safari\/\" \/>\n<meta property=\"og:site_name\" content=\"Inverseteams\" \/>\n<meta property=\"article:publisher\" content=\"https:\/\/www.facebook.com\/inverseteams\" \/>\n<meta property=\"article:modified_time\" content=\"2026-02-20T10:55:51+00:00\" \/>\n<meta property=\"og:image\" content=\"https:\/\/www.inverseteams.com\/wp-content\/uploads\/INVERSE-CALCETINES-ESSENZ-CUBA-SAFARI-001.jpg\" \/>\n\t<meta property=\"og:image:width\" content=\"1500\" \/>\n\t<meta property=\"og:image:height\" content=\"1612\" \/>\n\t<meta property=\"og:image:type\" content=\"image\/jpeg\" \/>\n<meta name=\"twitter:card\" content=\"summary_large_image\" \/>\n<meta name=\"twitter:label1\" content=\"Gesch\u00e4tzte Lesezeit\" \/>\n\t<meta name=\"twitter:data1\" content=\"1\u00a0Minute\" \/>\n<script type=\"application\/ld+json\" class=\"yoast-schema-graph\">{\"@context\":\"https:\\\/\\\/schema.org\",\"@graph\":[{\"@type\":\"WebPage\",\"@id\":\"https:\\\/\\\/www.inverseteams.com\\\/de\\\/produkt\\\/socken-essenz-cuba-safari\\\/\",\"url\":\"https:\\\/\\\/www.inverseteams.com\\\/de\\\/produkt\\\/socken-essenz-cuba-safari\\\/\",\"name\":\"Socken ESSENZ CUBA SAFARI\",\"isPartOf\":{\"@id\":\"https:\\\/\\\/www.inverseteams.com\\\/de\\\/#website\"},\"primaryImageOfPage\":{\"@id\":\"https:\\\/\\\/www.inverseteams.com\\\/de\\\/produkt\\\/socken-essenz-cuba-safari\\\/#primaryimage\"},\"image\":{\"@id\":\"https:\\\/\\\/www.inverseteams.com\\\/de\\\/produkt\\\/socken-essenz-cuba-safari\\\/#primaryimage\"},\"thumbnailUrl\":\"https:\\\/\\\/www.inverseteams.com\\\/wp-content\\\/uploads\\\/INVERSE-CALCETINES-ESSENZ-CUBA-SAFARI-001.jpg\",\"datePublished\":\"2025-10-03T15:50:12+00:00\",\"dateModified\":\"2026-02-20T10:55:51+00:00\",\"description\":\"Hergestellt aus antibakteriellem Garn. Sie garantieren eine gute Aufnahme und schnelle Ableitung des Schwei\u00dfes. Durch die Garnstruktur sitzt die Socke sehr gut und verhindert ein Verrutschen des Fu\u00dfes im Sportschuh. Diese Socken haben einen mittleren Schnitt (22 cm) und zeichnen sich durch eine verst\u00e4rkte Spitze und Ferse aus, um Schutz und Komfort zu erh\u00f6hen.\",\"breadcrumb\":{\"@id\":\"https:\\\/\\\/www.inverseteams.com\\\/de\\\/produkt\\\/socken-essenz-cuba-safari\\\/#breadcrumb\"},\"inLanguage\":\"de\",\"potentialAction\":[{\"@type\":\"ReadAction\",\"target\":[\"https:\\\/\\\/www.inverseteams.com\\\/de\\\/produkt\\\/socken-essenz-cuba-safari\\\/\"]}]},{\"@type\":\"ImageObject\",\"inLanguage\":\"de\",\"@id\":\"https:\\\/\\\/www.inverseteams.com\\\/de\\\/produkt\\\/socken-essenz-cuba-safari\\\/#primaryimage\",\"url\":\"https:\\\/\\\/www.inverseteams.com\\\/wp-content\\\/uploads\\\/INVERSE-CALCETINES-ESSENZ-CUBA-SAFARI-001.jpg\",\"contentUrl\":\"https:\\\/\\\/www.inverseteams.com\\\/wp-content\\\/uploads\\\/INVERSE-CALCETINES-ESSENZ-CUBA-SAFARI-001.jpg\",\"width\":1500,\"height\":1612},{\"@type\":\"BreadcrumbList\",\"@id\":\"https:\\\/\\\/www.inverseteams.com\\\/de\\\/produkt\\\/socken-essenz-cuba-safari\\\/#breadcrumb\",\"itemListElement\":[{\"@type\":\"ListItem\",\"position\":1,\"name\":\"Portada\",\"item\":\"https:\\\/\\\/www.inverseteams.com\\\/de\\\/\"},{\"@type\":\"ListItem\",\"position\":2,\"name\":\"Speichern\",\"item\":\"https:\\\/\\\/www.inverseteams.com\\\/de\\\/speichern\\\/\"},{\"@type\":\"ListItem\",\"position\":3,\"name\":\"Socken ESSENZ CUBA SAFARI\"}]},{\"@type\":\"WebSite\",\"@id\":\"https:\\\/\\\/www.inverseteams.com\\\/de\\\/#website\",\"url\":\"https:\\\/\\\/www.inverseteams.com\\\/de\\\/\",\"name\":\"Inverseteams\",\"description\":\"Tu marca de ropa deportiva personalizada\",\"publisher\":{\"@id\":\"https:\\\/\\\/www.inverseteams.com\\\/de\\\/#organization\"},\"potentialAction\":[{\"@type\":\"SearchAction\",\"target\":{\"@type\":\"EntryPoint\",\"urlTemplate\":\"https:\\\/\\\/www.inverseteams.com\\\/de\\\/?s={search_term_string}\"},\"query-input\":{\"@type\":\"PropertyValueSpecification\",\"valueRequired\":true,\"valueName\":\"search_term_string\"}}],\"inLanguage\":\"de\"},{\"@type\":\"Organization\",\"@id\":\"https:\\\/\\\/www.inverseteams.com\\\/de\\\/#organization\",\"name\":\"Inverse Teams\",\"url\":\"https:\\\/\\\/www.inverseteams.com\\\/de\\\/\",\"logo\":{\"@type\":\"ImageObject\",\"inLanguage\":\"de\",\"@id\":\"https:\\\/\\\/www.inverseteams.com\\\/de\\\/#\\\/schema\\\/logo\\\/image\\\/\",\"url\":\"https:\\\/\\\/www.inverseteams.com\\\/wp-content\\\/uploads\\\/2021\\\/03\\\/logo-inverse-teams.png\",\"contentUrl\":\"https:\\\/\\\/www.inverseteams.com\\\/wp-content\\\/uploads\\\/2021\\\/03\\\/logo-inverse-teams.png\",\"width\":294,\"height\":99,\"caption\":\"Inverse Teams\"},\"image\":{\"@id\":\"https:\\\/\\\/www.inverseteams.com\\\/de\\\/#\\\/schema\\\/logo\\\/image\\\/\"},\"sameAs\":[\"https:\\\/\\\/www.facebook.com\\\/inverseteams\",\"http:\\\/\\\/instagram.com\\\/inverseteams\",\"https:\\\/\\\/www.linkedin.com\\\/company\\\/inverse-cirosport-s-l-?trk=job_view_topcard_company_name\",\"http:\\\/\\\/www.pinterest.com\\\/inverseteams\\\/\",\"http:\\\/\\\/www.youtube.com\\\/user\\\/inverseteams?feature=watch\"]}]}<\/script>\n<!-- \/ Yoast SEO plugin. -->","yoast_head_json":{"title":"Socken ESSENZ CUBA SAFARI","description":"Hergestellt aus antibakteriellem Garn. Sie garantieren eine gute Aufnahme und schnelle Ableitung des Schwei\u00dfes. Durch die Garnstruktur sitzt die Socke sehr gut und verhindert ein Verrutschen des Fu\u00dfes im Sportschuh. Diese Socken haben einen mittleren Schnitt (22 cm) und zeichnen sich durch eine verst\u00e4rkte Spitze und Ferse aus, um Schutz und Komfort zu erh\u00f6hen.","robots":{"index":"index","follow":"follow","max-snippet":"max-snippet:-1","max-image-preview":"max-image-preview:large","max-video-preview":"max-video-preview:-1"},"canonical":"https:\/\/www.inverseteams.com\/de\/produkt\/socken-essenz-cuba-safari\/","og_locale":"de_DE","og_type":"article","og_title":"Socken ESSENZ CUBA SAFARI","og_description":"Hergestellt aus antibakteriellem Garn. Sie garantieren eine gute Aufnahme und schnelle Ableitung des Schwei\u00dfes. Durch die Garnstruktur sitzt die Socke sehr gut und verhindert ein Verrutschen des Fu\u00dfes im Sportschuh. Diese Socken haben einen mittleren Schnitt (22 cm) und zeichnen sich durch eine verst\u00e4rkte Spitze und Ferse aus, um Schutz und Komfort zu erh\u00f6hen.","og_url":"https:\/\/www.inverseteams.com\/de\/produkt\/socken-essenz-cuba-safari\/","og_site_name":"Inverseteams","article_publisher":"https:\/\/www.facebook.com\/inverseteams","article_modified_time":"2026-02-20T10:55:51+00:00","og_image":[{"width":1500,"height":1612,"url":"https:\/\/www.inverseteams.com\/wp-content\/uploads\/INVERSE-CALCETINES-ESSENZ-CUBA-SAFARI-001.jpg","type":"image\/jpeg"}],"twitter_card":"summary_large_image","twitter_misc":{"Gesch\u00e4tzte Lesezeit":"1\u00a0Minute"},"schema":{"@context":"https:\/\/schema.org","@graph":[{"@type":"WebPage","@id":"https:\/\/www.inverseteams.com\/de\/produkt\/socken-essenz-cuba-safari\/","url":"https:\/\/www.inverseteams.com\/de\/produkt\/socken-essenz-cuba-safari\/","name":"Socken ESSENZ CUBA SAFARI","isPartOf":{"@id":"https:\/\/www.inverseteams.com\/de\/#website"},"primaryImageOfPage":{"@id":"https:\/\/www.inverseteams.com\/de\/produkt\/socken-essenz-cuba-safari\/#primaryimage"},"image":{"@id":"https:\/\/www.inverseteams.com\/de\/produkt\/socken-essenz-cuba-safari\/#primaryimage"},"thumbnailUrl":"https:\/\/www.inverseteams.com\/wp-content\/uploads\/INVERSE-CALCETINES-ESSENZ-CUBA-SAFARI-001.jpg","datePublished":"2025-10-03T15:50:12+00:00","dateModified":"2026-02-20T10:55:51+00:00","description":"Hergestellt aus antibakteriellem Garn. Sie garantieren eine gute Aufnahme und schnelle Ableitung des Schwei\u00dfes. Durch die Garnstruktur sitzt die Socke sehr gut und verhindert ein Verrutschen des Fu\u00dfes im Sportschuh. Diese Socken haben einen mittleren Schnitt (22 cm) und zeichnen sich durch eine verst\u00e4rkte Spitze und Ferse aus, um Schutz und Komfort zu erh\u00f6hen.","breadcrumb":{"@id":"https:\/\/www.inverseteams.com\/de\/produkt\/socken-essenz-cuba-safari\/#breadcrumb"},"inLanguage":"de","potentialAction":[{"@type":"ReadAction","target":["https:\/\/www.inverseteams.com\/de\/produkt\/socken-essenz-cuba-safari\/"]}]},{"@type":"ImageObject","inLanguage":"de","@id":"https:\/\/www.inverseteams.com\/de\/produkt\/socken-essenz-cuba-safari\/#primaryimage","url":"https:\/\/www.inverseteams.com\/wp-content\/uploads\/INVERSE-CALCETINES-ESSENZ-CUBA-SAFARI-001.jpg","contentUrl":"https:\/\/www.inverseteams.com\/wp-content\/uploads\/INVERSE-CALCETINES-ESSENZ-CUBA-SAFARI-001.jpg","width":1500,"height":1612},{"@type":"BreadcrumbList","@id":"https:\/\/www.inverseteams.com\/de\/produkt\/socken-essenz-cuba-safari\/#breadcrumb","itemListElement":[{"@type":"ListItem","position":1,"name":"Portada","item":"https:\/\/www.inverseteams.com\/de\/"},{"@type":"ListItem","position":2,"name":"Speichern","item":"https:\/\/www.inverseteams.com\/de\/speichern\/"},{"@type":"ListItem","position":3,"name":"Socken ESSENZ CUBA SAFARI"}]},{"@type":"WebSite","@id":"https:\/\/www.inverseteams.com\/de\/#website","url":"https:\/\/www.inverseteams.com\/de\/","name":"Inverseteams","description":"Tu marca de ropa deportiva personalizada","publisher":{"@id":"https:\/\/www.inverseteams.com\/de\/#organization"},"potentialAction":[{"@type":"SearchAction","target":{"@type":"EntryPoint","urlTemplate":"https:\/\/www.inverseteams.com\/de\/?s={search_term_string}"},"query-input":{"@type":"PropertyValueSpecification","valueRequired":true,"valueName":"search_term_string"}}],"inLanguage":"de"},{"@type":"Organization","@id":"https:\/\/www.inverseteams.com\/de\/#organization","name":"Inverse Teams","url":"https:\/\/www.inverseteams.com\/de\/","logo":{"@type":"ImageObject","inLanguage":"de","@id":"https:\/\/www.inverseteams.com\/de\/#\/schema\/logo\/image\/","url":"https:\/\/www.inverseteams.com\/wp-content\/uploads\/2021\/03\/logo-inverse-teams.png","contentUrl":"https:\/\/www.inverseteams.com\/wp-content\/uploads\/2021\/03\/logo-inverse-teams.png","width":294,"height":99,"caption":"Inverse Teams"},"image":{"@id":"https:\/\/www.inverseteams.com\/de\/#\/schema\/logo\/image\/"},"sameAs":["https:\/\/www.facebook.com\/inverseteams","http:\/\/instagram.com\/inverseteams","https:\/\/www.linkedin.com\/company\/inverse-cirosport-s-l-?trk=job_view_topcard_company_name","http:\/\/www.pinterest.com\/inverseteams\/","http:\/\/www.youtube.com\/user\/inverseteams?feature=watch"]}]}},"_links":{"self":[{"href":"https:\/\/www.inverseteams.com\/de\/wp-json\/wp\/v2\/product\/269646","targetHints":{"allow":["GET"]}}],"collection":[{"href":"https:\/\/www.inverseteams.com\/de\/wp-json\/wp\/v2\/product"}],"about":[{"href":"https:\/\/www.inverseteams.com\/de\/wp-json\/wp\/v2\/types\/product"}],"replies":[{"embeddable":true,"href":"https:\/\/www.inverseteams.com\/de\/wp-json\/wp\/v2\/comments?post=269646"}],"wp:featuredmedia":[{"embeddable":true,"href":"https:\/\/www.inverseteams.com\/de\/wp-json\/wp\/v2\/media\/271294"}],"wp:attachment":[{"href":"https:\/\/www.inverseteams.com\/de\/wp-json\/wp\/v2\/media?parent=269646"}],"wp:term":[{"taxonomy":"product_brand","embeddable":true,"href":"https:\/\/www.inverseteams.com\/de\/wp-json\/wp\/v2\/product_brand?post=269646"},{"taxonomy":"product_cat","embeddable":true,"href":"https:\/\/www.inverseteams.com\/de\/wp-json\/wp\/v2\/product_cat?post=269646"},{"taxonomy":"product_tag","embeddable":true,"href":"https:\/\/www.inverseteams.com\/de\/wp-json\/wp\/v2\/product_tag?post=269646"},{"taxonomy":"custom_category","embeddable":true,"href":"https:\/\/www.inverseteams.com\/de\/wp-json\/wp\/v2\/custom_category?post=269646"},{"taxonomy":"range","embeddable":true,"href":"https:\/\/www.inverseteams.com\/de\/wp-json\/wp\/v2\/range?post=269646"}],"curies":[{"name":"wp","href":"https:\/\/api.w.org\/{rel}","templated":true}]}}