{"id":269636,"date":"2025-10-03T15:47:23","date_gmt":"2025-10-03T15:47:23","guid":{"rendered":"https:\/\/www.inverseteams.com\/?post_type=product&#038;p=269636"},"modified":"2026-02-20T11:55:51","modified_gmt":"2026-02-20T10:55:51","slug":"base-layer-essenz-nevada-unisex","status":"publish","type":"product","link":"https:\/\/www.inverseteams.com\/de\/produkt\/base-layer-essenz-nevada-unisex\/","title":{"rendered":"Base layer ESSENZ NEVADA (UNISEX)"},"content":{"rendered":"<p>Unisex-Thermounterhemd, leicht, atmungsaktiv und \u00e4u\u00dferst anpassungsf\u00e4hig. Es f\u00fchlt sich wie eine zweite Haut an und ist dank seiner thermischen Eigenschaften ideal f\u00fcr kalte Tage.<br \/>\nAus weichem, dehnbarem Material gefertigt, bietet es eine perfekte Passform. Der anatomische Schnitt und der Rundhalsausschnitt sorgen f\u00fcr hohen Tragekomfort. Die nahtlose Verarbeitung verhindert Reibung und verbessert die Bewegungsfreiheit.<br \/>\nIdeal als erste Schicht bei niedrigen Temperaturen.<\/p>\n","protected":false},"excerpt":{"rendered":"<p>Unisex-Thermounterhemd, leicht, atmungsaktiv und \u00e4u\u00dferst anpassungsf\u00e4hig. Es f\u00fchlt sich wie eine zweite Haut an und ist dank seiner thermischen Eigenschaften ideal f\u00fcr kalte Tage.<br \/>\nAus weichem, dehnbarem Material gefertigt, bietet es eine perfekte Passform. Der anatomische Schnitt und der Rundhalsausschnitt sorgen f\u00fcr hohen Tragekomfort. Die nahtlose Verarbeitung verhindert Reibung und verbessert die Bewegungsfreiheit.<br \/>\nIdeal als erste Schicht bei niedrigen Temperaturen.<\/p>\n","protected":false},"featured_media":272154,"comment_status":"closed","ping_status":"closed","template":"","meta":{"_acf_changed":false},"product_brand":[],"product_cat":[11153,11190,11501],"product_tag":[],"custom_category":[],"range":[],"class_list":{"0":"post-269636","1":"product","2":"type-product","3":"status-publish","4":"has-post-thumbnail","6":"product_cat-b2b-de","7":"product_cat-radsportbekleidung","8":"product_cat-radfahrweste","9":"pa_climatologia-frio-de","10":"pa_deporte-ciclismo-de","11":"pa_genero-hombre-de","12":"pa_genero-mujer-de","13":"pa_patronaje-fit-de","14":"pa_talla-m-l-de","15":"pa_talla-xl-xxl-de","16":"pa_talla-xs-s-de","17":"pa_tipo-de-prenda-camiseta-interior-de","19":"first","20":"instock","21":"taxable","22":"shipping-taxable","23":"purchasable","24":"product-type-variable"},"acf":[],"yoast_head":"<!-- This site is optimized with the Yoast SEO plugin v27.3 - https:\/\/yoast.com\/product\/yoast-seo-wordpress\/ -->\n<title>Base layer ESSENZ NEVADA (UNISEX)<\/title>\n<meta name=\"description\" content=\"Unisex-Thermounterhemd, leicht, atmungsaktiv und \u00e4u\u00dferst anpassungsf\u00e4hig. Es f\u00fchlt sich wie eine zweite Haut an und ist dank seiner thermischen Eigenschaften ideal f\u00fcr kalte Tage. Aus weichem, dehnbarem Material gefertigt, bietet es eine perfekte Passform. Der anatomische Schnitt und der Rundhalsausschnitt sorgen f\u00fcr hohen Tragekomfort. Die nahtlose Verarbeitung verhindert Reibung und verbessert die Bewegungsfreiheit. Ideal als erste Schicht bei niedrigen Temperaturen.\" \/>\n<meta name=\"robots\" content=\"index, follow, max-snippet:-1, max-image-preview:large, max-video-preview:-1\" \/>\n<link rel=\"canonical\" href=\"https:\/\/www.inverseteams.com\/de\/produkt\/base-layer-essenz-nevada-unisex\/\" \/>\n<meta property=\"og:locale\" content=\"de_DE\" \/>\n<meta property=\"og:type\" content=\"article\" \/>\n<meta property=\"og:title\" content=\"Base layer ESSENZ NEVADA (UNISEX)\" \/>\n<meta property=\"og:description\" content=\"Unisex-Thermounterhemd, leicht, atmungsaktiv und \u00e4u\u00dferst anpassungsf\u00e4hig. Es f\u00fchlt sich wie eine zweite Haut an und ist dank seiner thermischen Eigenschaften ideal f\u00fcr kalte Tage. Aus weichem, dehnbarem Material gefertigt, bietet es eine perfekte Passform. Der anatomische Schnitt und der Rundhalsausschnitt sorgen f\u00fcr hohen Tragekomfort. Die nahtlose Verarbeitung verhindert Reibung und verbessert die Bewegungsfreiheit. Ideal als erste Schicht bei niedrigen Temperaturen.\" \/>\n<meta property=\"og:url\" content=\"https:\/\/www.inverseteams.com\/de\/produkt\/base-layer-essenz-nevada-unisex\/\" \/>\n<meta property=\"og:site_name\" content=\"Inverseteams\" \/>\n<meta property=\"article:publisher\" content=\"https:\/\/www.facebook.com\/inverseteams\" \/>\n<meta property=\"article:modified_time\" content=\"2026-02-20T10:55:51+00:00\" \/>\n<meta property=\"og:image\" content=\"https:\/\/www.inverseteams.com\/wp-content\/uploads\/INVERSE-CAMISETA-INTERIOR-UNISEX-ESSENZ-NEVADA-001.jpg\" \/>\n\t<meta property=\"og:image:width\" content=\"1500\" \/>\n\t<meta property=\"og:image:height\" content=\"1612\" \/>\n\t<meta property=\"og:image:type\" content=\"image\/jpeg\" \/>\n<meta name=\"twitter:card\" content=\"summary_large_image\" \/>\n<meta name=\"twitter:label1\" content=\"Gesch\u00e4tzte Lesezeit\" \/>\n\t<meta name=\"twitter:data1\" content=\"1\u00a0Minute\" \/>\n<script type=\"application\/ld+json\" class=\"yoast-schema-graph\">{\"@context\":\"https:\\\/\\\/schema.org\",\"@graph\":[{\"@type\":\"WebPage\",\"@id\":\"https:\\\/\\\/www.inverseteams.com\\\/de\\\/produkt\\\/base-layer-essenz-nevada-unisex\\\/\",\"url\":\"https:\\\/\\\/www.inverseteams.com\\\/de\\\/produkt\\\/base-layer-essenz-nevada-unisex\\\/\",\"name\":\"Base layer ESSENZ NEVADA (UNISEX)\",\"isPartOf\":{\"@id\":\"https:\\\/\\\/www.inverseteams.com\\\/de\\\/#website\"},\"primaryImageOfPage\":{\"@id\":\"https:\\\/\\\/www.inverseteams.com\\\/de\\\/produkt\\\/base-layer-essenz-nevada-unisex\\\/#primaryimage\"},\"image\":{\"@id\":\"https:\\\/\\\/www.inverseteams.com\\\/de\\\/produkt\\\/base-layer-essenz-nevada-unisex\\\/#primaryimage\"},\"thumbnailUrl\":\"https:\\\/\\\/www.inverseteams.com\\\/wp-content\\\/uploads\\\/INVERSE-CAMISETA-INTERIOR-UNISEX-ESSENZ-NEVADA-001.jpg\",\"datePublished\":\"2025-10-03T15:47:23+00:00\",\"dateModified\":\"2026-02-20T10:55:51+00:00\",\"description\":\"Unisex-Thermounterhemd, leicht, atmungsaktiv und \u00e4u\u00dferst anpassungsf\u00e4hig. Es f\u00fchlt sich wie eine zweite Haut an und ist dank seiner thermischen Eigenschaften ideal f\u00fcr kalte Tage. Aus weichem, dehnbarem Material gefertigt, bietet es eine perfekte Passform. Der anatomische Schnitt und der Rundhalsausschnitt sorgen f\u00fcr hohen Tragekomfort. Die nahtlose Verarbeitung verhindert Reibung und verbessert die Bewegungsfreiheit. Ideal als erste Schicht bei niedrigen Temperaturen.\",\"breadcrumb\":{\"@id\":\"https:\\\/\\\/www.inverseteams.com\\\/de\\\/produkt\\\/base-layer-essenz-nevada-unisex\\\/#breadcrumb\"},\"inLanguage\":\"de\",\"potentialAction\":[{\"@type\":\"ReadAction\",\"target\":[\"https:\\\/\\\/www.inverseteams.com\\\/de\\\/produkt\\\/base-layer-essenz-nevada-unisex\\\/\"]}]},{\"@type\":\"ImageObject\",\"inLanguage\":\"de\",\"@id\":\"https:\\\/\\\/www.inverseteams.com\\\/de\\\/produkt\\\/base-layer-essenz-nevada-unisex\\\/#primaryimage\",\"url\":\"https:\\\/\\\/www.inverseteams.com\\\/wp-content\\\/uploads\\\/INVERSE-CAMISETA-INTERIOR-UNISEX-ESSENZ-NEVADA-001.jpg\",\"contentUrl\":\"https:\\\/\\\/www.inverseteams.com\\\/wp-content\\\/uploads\\\/INVERSE-CAMISETA-INTERIOR-UNISEX-ESSENZ-NEVADA-001.jpg\",\"width\":1500,\"height\":1612},{\"@type\":\"BreadcrumbList\",\"@id\":\"https:\\\/\\\/www.inverseteams.com\\\/de\\\/produkt\\\/base-layer-essenz-nevada-unisex\\\/#breadcrumb\",\"itemListElement\":[{\"@type\":\"ListItem\",\"position\":1,\"name\":\"Portada\",\"item\":\"https:\\\/\\\/www.inverseteams.com\\\/de\\\/\"},{\"@type\":\"ListItem\",\"position\":2,\"name\":\"Speichern\",\"item\":\"https:\\\/\\\/www.inverseteams.com\\\/de\\\/speichern\\\/\"},{\"@type\":\"ListItem\",\"position\":3,\"name\":\"Base layer ESSENZ NEVADA (UNISEX)\"}]},{\"@type\":\"WebSite\",\"@id\":\"https:\\\/\\\/www.inverseteams.com\\\/de\\\/#website\",\"url\":\"https:\\\/\\\/www.inverseteams.com\\\/de\\\/\",\"name\":\"Inverseteams\",\"description\":\"Tu marca de ropa deportiva personalizada\",\"publisher\":{\"@id\":\"https:\\\/\\\/www.inverseteams.com\\\/de\\\/#organization\"},\"potentialAction\":[{\"@type\":\"SearchAction\",\"target\":{\"@type\":\"EntryPoint\",\"urlTemplate\":\"https:\\\/\\\/www.inverseteams.com\\\/de\\\/?s={search_term_string}\"},\"query-input\":{\"@type\":\"PropertyValueSpecification\",\"valueRequired\":true,\"valueName\":\"search_term_string\"}}],\"inLanguage\":\"de\"},{\"@type\":\"Organization\",\"@id\":\"https:\\\/\\\/www.inverseteams.com\\\/de\\\/#organization\",\"name\":\"Inverse Teams\",\"url\":\"https:\\\/\\\/www.inverseteams.com\\\/de\\\/\",\"logo\":{\"@type\":\"ImageObject\",\"inLanguage\":\"de\",\"@id\":\"https:\\\/\\\/www.inverseteams.com\\\/de\\\/#\\\/schema\\\/logo\\\/image\\\/\",\"url\":\"https:\\\/\\\/www.inverseteams.com\\\/wp-content\\\/uploads\\\/2021\\\/03\\\/logo-inverse-teams.png\",\"contentUrl\":\"https:\\\/\\\/www.inverseteams.com\\\/wp-content\\\/uploads\\\/2021\\\/03\\\/logo-inverse-teams.png\",\"width\":294,\"height\":99,\"caption\":\"Inverse Teams\"},\"image\":{\"@id\":\"https:\\\/\\\/www.inverseteams.com\\\/de\\\/#\\\/schema\\\/logo\\\/image\\\/\"},\"sameAs\":[\"https:\\\/\\\/www.facebook.com\\\/inverseteams\",\"http:\\\/\\\/instagram.com\\\/inverseteams\",\"https:\\\/\\\/www.linkedin.com\\\/company\\\/inverse-cirosport-s-l-?trk=job_view_topcard_company_name\",\"http:\\\/\\\/www.pinterest.com\\\/inverseteams\\\/\",\"http:\\\/\\\/www.youtube.com\\\/user\\\/inverseteams?feature=watch\"]}]}<\/script>\n<!-- \/ Yoast SEO plugin. -->","yoast_head_json":{"title":"Base layer ESSENZ NEVADA (UNISEX)","description":"Unisex-Thermounterhemd, leicht, atmungsaktiv und \u00e4u\u00dferst anpassungsf\u00e4hig. Es f\u00fchlt sich wie eine zweite Haut an und ist dank seiner thermischen Eigenschaften ideal f\u00fcr kalte Tage. Aus weichem, dehnbarem Material gefertigt, bietet es eine perfekte Passform. Der anatomische Schnitt und der Rundhalsausschnitt sorgen f\u00fcr hohen Tragekomfort. Die nahtlose Verarbeitung verhindert Reibung und verbessert die Bewegungsfreiheit. Ideal als erste Schicht bei niedrigen Temperaturen.","robots":{"index":"index","follow":"follow","max-snippet":"max-snippet:-1","max-image-preview":"max-image-preview:large","max-video-preview":"max-video-preview:-1"},"canonical":"https:\/\/www.inverseteams.com\/de\/produkt\/base-layer-essenz-nevada-unisex\/","og_locale":"de_DE","og_type":"article","og_title":"Base layer ESSENZ NEVADA (UNISEX)","og_description":"Unisex-Thermounterhemd, leicht, atmungsaktiv und \u00e4u\u00dferst anpassungsf\u00e4hig. Es f\u00fchlt sich wie eine zweite Haut an und ist dank seiner thermischen Eigenschaften ideal f\u00fcr kalte Tage. Aus weichem, dehnbarem Material gefertigt, bietet es eine perfekte Passform. Der anatomische Schnitt und der Rundhalsausschnitt sorgen f\u00fcr hohen Tragekomfort. Die nahtlose Verarbeitung verhindert Reibung und verbessert die Bewegungsfreiheit. Ideal als erste Schicht bei niedrigen Temperaturen.","og_url":"https:\/\/www.inverseteams.com\/de\/produkt\/base-layer-essenz-nevada-unisex\/","og_site_name":"Inverseteams","article_publisher":"https:\/\/www.facebook.com\/inverseteams","article_modified_time":"2026-02-20T10:55:51+00:00","og_image":[{"width":1500,"height":1612,"url":"https:\/\/www.inverseteams.com\/wp-content\/uploads\/INVERSE-CAMISETA-INTERIOR-UNISEX-ESSENZ-NEVADA-001.jpg","type":"image\/jpeg"}],"twitter_card":"summary_large_image","twitter_misc":{"Gesch\u00e4tzte Lesezeit":"1\u00a0Minute"},"schema":{"@context":"https:\/\/schema.org","@graph":[{"@type":"WebPage","@id":"https:\/\/www.inverseteams.com\/de\/produkt\/base-layer-essenz-nevada-unisex\/","url":"https:\/\/www.inverseteams.com\/de\/produkt\/base-layer-essenz-nevada-unisex\/","name":"Base layer ESSENZ NEVADA (UNISEX)","isPartOf":{"@id":"https:\/\/www.inverseteams.com\/de\/#website"},"primaryImageOfPage":{"@id":"https:\/\/www.inverseteams.com\/de\/produkt\/base-layer-essenz-nevada-unisex\/#primaryimage"},"image":{"@id":"https:\/\/www.inverseteams.com\/de\/produkt\/base-layer-essenz-nevada-unisex\/#primaryimage"},"thumbnailUrl":"https:\/\/www.inverseteams.com\/wp-content\/uploads\/INVERSE-CAMISETA-INTERIOR-UNISEX-ESSENZ-NEVADA-001.jpg","datePublished":"2025-10-03T15:47:23+00:00","dateModified":"2026-02-20T10:55:51+00:00","description":"Unisex-Thermounterhemd, leicht, atmungsaktiv und \u00e4u\u00dferst anpassungsf\u00e4hig. Es f\u00fchlt sich wie eine zweite Haut an und ist dank seiner thermischen Eigenschaften ideal f\u00fcr kalte Tage. Aus weichem, dehnbarem Material gefertigt, bietet es eine perfekte Passform. Der anatomische Schnitt und der Rundhalsausschnitt sorgen f\u00fcr hohen Tragekomfort. Die nahtlose Verarbeitung verhindert Reibung und verbessert die Bewegungsfreiheit. Ideal als erste Schicht bei niedrigen Temperaturen.","breadcrumb":{"@id":"https:\/\/www.inverseteams.com\/de\/produkt\/base-layer-essenz-nevada-unisex\/#breadcrumb"},"inLanguage":"de","potentialAction":[{"@type":"ReadAction","target":["https:\/\/www.inverseteams.com\/de\/produkt\/base-layer-essenz-nevada-unisex\/"]}]},{"@type":"ImageObject","inLanguage":"de","@id":"https:\/\/www.inverseteams.com\/de\/produkt\/base-layer-essenz-nevada-unisex\/#primaryimage","url":"https:\/\/www.inverseteams.com\/wp-content\/uploads\/INVERSE-CAMISETA-INTERIOR-UNISEX-ESSENZ-NEVADA-001.jpg","contentUrl":"https:\/\/www.inverseteams.com\/wp-content\/uploads\/INVERSE-CAMISETA-INTERIOR-UNISEX-ESSENZ-NEVADA-001.jpg","width":1500,"height":1612},{"@type":"BreadcrumbList","@id":"https:\/\/www.inverseteams.com\/de\/produkt\/base-layer-essenz-nevada-unisex\/#breadcrumb","itemListElement":[{"@type":"ListItem","position":1,"name":"Portada","item":"https:\/\/www.inverseteams.com\/de\/"},{"@type":"ListItem","position":2,"name":"Speichern","item":"https:\/\/www.inverseteams.com\/de\/speichern\/"},{"@type":"ListItem","position":3,"name":"Base layer ESSENZ NEVADA (UNISEX)"}]},{"@type":"WebSite","@id":"https:\/\/www.inverseteams.com\/de\/#website","url":"https:\/\/www.inverseteams.com\/de\/","name":"Inverseteams","description":"Tu marca de ropa deportiva personalizada","publisher":{"@id":"https:\/\/www.inverseteams.com\/de\/#organization"},"potentialAction":[{"@type":"SearchAction","target":{"@type":"EntryPoint","urlTemplate":"https:\/\/www.inverseteams.com\/de\/?s={search_term_string}"},"query-input":{"@type":"PropertyValueSpecification","valueRequired":true,"valueName":"search_term_string"}}],"inLanguage":"de"},{"@type":"Organization","@id":"https:\/\/www.inverseteams.com\/de\/#organization","name":"Inverse Teams","url":"https:\/\/www.inverseteams.com\/de\/","logo":{"@type":"ImageObject","inLanguage":"de","@id":"https:\/\/www.inverseteams.com\/de\/#\/schema\/logo\/image\/","url":"https:\/\/www.inverseteams.com\/wp-content\/uploads\/2021\/03\/logo-inverse-teams.png","contentUrl":"https:\/\/www.inverseteams.com\/wp-content\/uploads\/2021\/03\/logo-inverse-teams.png","width":294,"height":99,"caption":"Inverse Teams"},"image":{"@id":"https:\/\/www.inverseteams.com\/de\/#\/schema\/logo\/image\/"},"sameAs":["https:\/\/www.facebook.com\/inverseteams","http:\/\/instagram.com\/inverseteams","https:\/\/www.linkedin.com\/company\/inverse-cirosport-s-l-?trk=job_view_topcard_company_name","http:\/\/www.pinterest.com\/inverseteams\/","http:\/\/www.youtube.com\/user\/inverseteams?feature=watch"]}]}},"_links":{"self":[{"href":"https:\/\/www.inverseteams.com\/de\/wp-json\/wp\/v2\/product\/269636","targetHints":{"allow":["GET"]}}],"collection":[{"href":"https:\/\/www.inverseteams.com\/de\/wp-json\/wp\/v2\/product"}],"about":[{"href":"https:\/\/www.inverseteams.com\/de\/wp-json\/wp\/v2\/types\/product"}],"replies":[{"embeddable":true,"href":"https:\/\/www.inverseteams.com\/de\/wp-json\/wp\/v2\/comments?post=269636"}],"wp:featuredmedia":[{"embeddable":true,"href":"https:\/\/www.inverseteams.com\/de\/wp-json\/wp\/v2\/media\/272154"}],"wp:attachment":[{"href":"https:\/\/www.inverseteams.com\/de\/wp-json\/wp\/v2\/media?parent=269636"}],"wp:term":[{"taxonomy":"product_brand","embeddable":true,"href":"https:\/\/www.inverseteams.com\/de\/wp-json\/wp\/v2\/product_brand?post=269636"},{"taxonomy":"product_cat","embeddable":true,"href":"https:\/\/www.inverseteams.com\/de\/wp-json\/wp\/v2\/product_cat?post=269636"},{"taxonomy":"product_tag","embeddable":true,"href":"https:\/\/www.inverseteams.com\/de\/wp-json\/wp\/v2\/product_tag?post=269636"},{"taxonomy":"custom_category","embeddable":true,"href":"https:\/\/www.inverseteams.com\/de\/wp-json\/wp\/v2\/custom_category?post=269636"},{"taxonomy":"range","embeddable":true,"href":"https:\/\/www.inverseteams.com\/de\/wp-json\/wp\/v2\/range?post=269636"}],"curies":[{"name":"wp","href":"https:\/\/api.w.org\/{rel}","templated":true}]}}