{"id":269582,"date":"2025-10-03T15:31:23","date_gmt":"2025-10-03T15:31:23","guid":{"rendered":"https:\/\/www.inverseteams.com\/?post_type=product&#038;p=269582"},"modified":"2026-03-15T11:59:05","modified_gmt":"2026-03-15T10:59:05","slug":"radjacke-xpert-aero-herren","status":"publish","type":"product","link":"https:\/\/www.inverseteams.com\/de\/produkt\/radjacke-xpert-aero-herren\/","title":{"rendered":"Radjacke XPERT AERO (HERREN)"},"content":{"rendered":"<p data-start=\"6244\" data-end=\"6536\">Die XPERT AERO Herren-Radjacke vereint Regenschutz, ultraleichtes Gewicht und aerodynamisches Design und ist der perfekte Begleiter f\u00fcr Stra\u00dfenrad, Gravel und Hochleistungstraining.<br \/>\nHergestellt aus <strong data-start=\"6554\" data-end=\"6590\">75 g VELIUM mikropor\u00f6ser Membran<\/strong> mit wasserabweisender Beschichtung, bietet diese Jacke eine <strong data-start=\"6651\" data-end=\"6676\">10.000 mm Wassers\u00e4ule<\/strong>, sodass du auch bei extremen Bedingungen trocken bleibst. Das AEROSHELL-Gewebe, ultraleicht und elastisch, l\u00e4sst sich leicht zusammenfalten und in den Trikottaschen verstauen \u2013 ideal f\u00fcr lange Fahrten oder pl\u00f6tzliche Wetterumschw\u00fcnge.<br \/>\nDas minimalistische Design mit reduzierten N\u00e4hten passt sowohl \u00fcber Sommertrikots als auch Winterjacken und sorgt f\u00fcr eine aerodynamische Passform ohne Bewegungseinschr\u00e4nkung. Der <strong data-start=\"7093\" data-end=\"7136\">YKK Doppelzug-Rei\u00dfverschluss mit Magnet<\/strong> kann von oben oder unten ge\u00f6ffnet werden und garantiert einen perfekten, einstellbaren Verschluss.<br \/>\nB\u00fcndchen und Saum mit elastischem Rand und Silikon sorgen f\u00fcr sicheren, komfortablen Sitz und verhindern das Eindringen von Luft oder Wasser beim Fahren.<br \/>\n<strong>Die XPERT AERO ist eine ultraleichte, kompakte und leistungsstarke Radjacke, ideal f\u00fcr Radfahrer, die wasserfeste, transportfreundliche und aerodynamische Jacken suchen, um bei jedem Wetter frei zu fahren.<\/strong><\/p>\n","protected":false},"excerpt":{"rendered":"<p>Die XPERT AERO Herren-Radjacke vereint Regenschutz, ultraleichtes Gewicht und aerodynamisches Design und ist der perfekte Begleiter f\u00fcr Stra\u00dfenrad, Gravel und Hochleistungstraining.<br \/>\nHergestellt aus <strong data-start=\"6554\" data-end=\"6590\">75 g VELIUM mikropor\u00f6ser Membran<\/strong> mit wasserabweisender Beschichtung, bietet diese Jacke eine <strong data-start=\"6651\" data-end=\"6676\">10.000 mm Wassers\u00e4ule<\/strong>, sodass du auch bei extremen Bedingungen trocken bleibst. Das AEROSHELL-Gewebe, ultraleicht und elastisch, l\u00e4sst sich leicht zusammenfalten und in den Trikottaschen verstauen \u2013 ideal f\u00fcr lange Fahrten oder pl\u00f6tzliche Wetterumschw\u00fcnge.<br \/>\nDas minimalistische Design mit reduzierten N\u00e4hten passt sowohl \u00fcber Sommertrikots als auch Winterjacken und sorgt f\u00fcr eine aerodynamische Passform ohne Bewegungseinschr\u00e4nkung. Der <strong data-start=\"7093\" data-end=\"7136\">YKK Doppelzug-Rei\u00dfverschluss mit Magnet<\/strong> kann von oben oder unten ge\u00f6ffnet werden und garantiert einen perfekten, einstellbaren Verschluss.<br \/>\nB\u00fcndchen und Saum mit elastischem Rand und Silikon sorgen f\u00fcr sicheren, komfortablen Sitz und verhindern das Eindringen von Luft oder Wasser beim Fahren.<br \/>\n<strong>Die XPERT AERO ist eine ultraleichte, kompakte und leistungsstarke Radjacke, ideal f\u00fcr Radfahrer, die wasserfeste, transportfreundliche und aerodynamische Jacken suchen, um bei jedem Wetter frei zu fahren.<\/strong><\/p>\n","protected":false},"featured_media":280242,"comment_status":"closed","ping_status":"closed","template":"","meta":{"_acf_changed":false},"product_brand":[],"product_cat":[11153,11190,11258,11159],"product_tag":[],"custom_category":[],"range":[],"class_list":{"0":"post-269582","1":"product","2":"type-product","3":"status-publish","4":"has-post-thumbnail","6":"product_cat-b2b-de","7":"product_cat-radsportbekleidung","8":"product_cat-gravel-de","9":"product_cat-radjacken","10":"pa_climatologia-frio-de","11":"pa_climatologia-viento-de","12":"pa_climatologia-lluvia-de","13":"pa_deporte-ciclismo-de","14":"pa_genero-hombre-de","15":"pa_patronaje-regular-de","16":"pa_talla-s-de","17":"pa_talla-m-de","18":"pa_talla-l-de","19":"pa_talla-xl-de","20":"pa_talla-xxl-de","21":"pa_tipo-de-prenda-impermeable-de","23":"first","24":"outofstock","25":"taxable","26":"shipping-taxable","27":"purchasable","28":"product-type-variable","29":"has-default-attributes"},"acf":[],"yoast_head":"<!-- This site is optimized with the Yoast SEO plugin v27.3 - https:\/\/yoast.com\/product\/yoast-seo-wordpress\/ -->\n<title>Radjacke XPERT AERO (HERREN)<\/title>\n<meta name=\"description\" content=\"Die XPERT AERO Herren-Radjacke vereint Regenschutz, ultraleichtes Gewicht und aerodynamisches Design und ist der perfekte Begleiter f\u00fcr Stra\u00dfenrad, Gravel und Hochleistungstraining. Hergestellt aus 75 g VELIUM mikropor\u00f6ser Membran mit wasserabweisender Beschichtung, bietet diese Jacke eine 10.000 mm Wassers\u00e4ule, sodass du auch bei extremen Bedingungen trocken bleibst. Das AEROSHELL-Gewebe, ultraleicht und elastisch, l\u00e4sst sich leicht zusammenfalten und in den Trikottaschen verstauen \u2013 ideal f\u00fcr lange Fahrten oder pl\u00f6tzliche Wetterumschw\u00fcnge. Das minimalistische Design mit reduzierten N\u00e4hten passt sowohl \u00fcber Sommertrikots als auch Winterjacken und sorgt f\u00fcr eine aerodynamische Passform ohne Bewegungseinschr\u00e4nkung. Der YKK Doppelzug-Rei\u00dfverschluss mit Magnet kann von oben oder unten ge\u00f6ffnet werden und garantiert einen perfekten, einstellbaren Verschluss. B\u00fcndchen und Saum mit elastischem Rand und Silikon sorgen f\u00fcr sicheren, komfortablen Sitz und verhindern das Eindringen von Luft oder Wasser beim Fahren. Die XPERT AERO ist eine ultraleichte, kompakte und leistungsstarke Radjacke, ideal f\u00fcr Radfahrer, die wasserfeste, transportfreundliche und aerodynamische Jacken suchen, um bei jedem Wetter frei zu fahren.\" \/>\n<meta name=\"robots\" content=\"index, follow, max-snippet:-1, max-image-preview:large, max-video-preview:-1\" \/>\n<link rel=\"canonical\" href=\"https:\/\/www.inverseteams.com\/de\/produkt\/radjacke-xpert-aero-herren\/\" \/>\n<meta property=\"og:locale\" content=\"de_DE\" \/>\n<meta property=\"og:type\" content=\"article\" \/>\n<meta property=\"og:title\" content=\"Radjacke XPERT AERO (HERREN)\" \/>\n<meta property=\"og:description\" content=\"Die XPERT AERO Herren-Radjacke vereint Regenschutz, ultraleichtes Gewicht und aerodynamisches Design und ist der perfekte Begleiter f\u00fcr Stra\u00dfenrad, Gravel und Hochleistungstraining. Hergestellt aus 75 g VELIUM mikropor\u00f6ser Membran mit wasserabweisender Beschichtung, bietet diese Jacke eine 10.000 mm Wassers\u00e4ule, sodass du auch bei extremen Bedingungen trocken bleibst. Das AEROSHELL-Gewebe, ultraleicht und elastisch, l\u00e4sst sich leicht zusammenfalten und in den Trikottaschen verstauen \u2013 ideal f\u00fcr lange Fahrten oder pl\u00f6tzliche Wetterumschw\u00fcnge. Das minimalistische Design mit reduzierten N\u00e4hten passt sowohl \u00fcber Sommertrikots als auch Winterjacken und sorgt f\u00fcr eine aerodynamische Passform ohne Bewegungseinschr\u00e4nkung. Der YKK Doppelzug-Rei\u00dfverschluss mit Magnet kann von oben oder unten ge\u00f6ffnet werden und garantiert einen perfekten, einstellbaren Verschluss. B\u00fcndchen und Saum mit elastischem Rand und Silikon sorgen f\u00fcr sicheren, komfortablen Sitz und verhindern das Eindringen von Luft oder Wasser beim Fahren. Die XPERT AERO ist eine ultraleichte, kompakte und leistungsstarke Radjacke, ideal f\u00fcr Radfahrer, die wasserfeste, transportfreundliche und aerodynamische Jacken suchen, um bei jedem Wetter frei zu fahren.\" \/>\n<meta property=\"og:url\" content=\"https:\/\/www.inverseteams.com\/de\/produkt\/radjacke-xpert-aero-herren\/\" \/>\n<meta property=\"og:site_name\" content=\"Inverseteams\" \/>\n<meta property=\"article:publisher\" content=\"https:\/\/www.facebook.com\/inverseteams\" \/>\n<meta property=\"article:modified_time\" content=\"2026-03-15T10:59:05+00:00\" \/>\n<meta property=\"og:image\" content=\"https:\/\/www.inverseteams.com\/wp-content\/uploads\/INVERSE-CICLISMO-HOMBRE-IMPERMEABLE-XPERT-AERO-BLACK-001.jpg\" \/>\n\t<meta property=\"og:image:width\" content=\"1500\" \/>\n\t<meta property=\"og:image:height\" content=\"1612\" \/>\n\t<meta property=\"og:image:type\" content=\"image\/jpeg\" \/>\n<meta name=\"twitter:card\" content=\"summary_large_image\" \/>\n<meta name=\"twitter:label1\" content=\"Gesch\u00e4tzte Lesezeit\" \/>\n\t<meta name=\"twitter:data1\" content=\"1\u00a0Minute\" \/>\n<script type=\"application\/ld+json\" class=\"yoast-schema-graph\">{\"@context\":\"https:\\\/\\\/schema.org\",\"@graph\":[{\"@type\":\"WebPage\",\"@id\":\"https:\\\/\\\/www.inverseteams.com\\\/de\\\/produkt\\\/radjacke-xpert-aero-herren\\\/\",\"url\":\"https:\\\/\\\/www.inverseteams.com\\\/de\\\/produkt\\\/radjacke-xpert-aero-herren\\\/\",\"name\":\"Radjacke XPERT AERO (HERREN)\",\"isPartOf\":{\"@id\":\"https:\\\/\\\/www.inverseteams.com\\\/de\\\/#website\"},\"primaryImageOfPage\":{\"@id\":\"https:\\\/\\\/www.inverseteams.com\\\/de\\\/produkt\\\/radjacke-xpert-aero-herren\\\/#primaryimage\"},\"image\":{\"@id\":\"https:\\\/\\\/www.inverseteams.com\\\/de\\\/produkt\\\/radjacke-xpert-aero-herren\\\/#primaryimage\"},\"thumbnailUrl\":\"https:\\\/\\\/www.inverseteams.com\\\/wp-content\\\/uploads\\\/INVERSE-CICLISMO-HOMBRE-IMPERMEABLE-XPERT-AERO-BLACK-001.jpg\",\"datePublished\":\"2025-10-03T15:31:23+00:00\",\"dateModified\":\"2026-03-15T10:59:05+00:00\",\"description\":\"Die XPERT AERO Herren-Radjacke vereint Regenschutz, ultraleichtes Gewicht und aerodynamisches Design und ist der perfekte Begleiter f\u00fcr Stra\u00dfenrad, Gravel und Hochleistungstraining. Hergestellt aus 75 g VELIUM mikropor\u00f6ser Membran mit wasserabweisender Beschichtung, bietet diese Jacke eine 10.000 mm Wassers\u00e4ule, sodass du auch bei extremen Bedingungen trocken bleibst. Das AEROSHELL-Gewebe, ultraleicht und elastisch, l\u00e4sst sich leicht zusammenfalten und in den Trikottaschen verstauen \u2013 ideal f\u00fcr lange Fahrten oder pl\u00f6tzliche Wetterumschw\u00fcnge. Das minimalistische Design mit reduzierten N\u00e4hten passt sowohl \u00fcber Sommertrikots als auch Winterjacken und sorgt f\u00fcr eine aerodynamische Passform ohne Bewegungseinschr\u00e4nkung. Der YKK Doppelzug-Rei\u00dfverschluss mit Magnet kann von oben oder unten ge\u00f6ffnet werden und garantiert einen perfekten, einstellbaren Verschluss. B\u00fcndchen und Saum mit elastischem Rand und Silikon sorgen f\u00fcr sicheren, komfortablen Sitz und verhindern das Eindringen von Luft oder Wasser beim Fahren. Die XPERT AERO ist eine ultraleichte, kompakte und leistungsstarke Radjacke, ideal f\u00fcr Radfahrer, die wasserfeste, transportfreundliche und aerodynamische Jacken suchen, um bei jedem Wetter frei zu fahren.\",\"breadcrumb\":{\"@id\":\"https:\\\/\\\/www.inverseteams.com\\\/de\\\/produkt\\\/radjacke-xpert-aero-herren\\\/#breadcrumb\"},\"inLanguage\":\"de\",\"potentialAction\":[{\"@type\":\"ReadAction\",\"target\":[\"https:\\\/\\\/www.inverseteams.com\\\/de\\\/produkt\\\/radjacke-xpert-aero-herren\\\/\"]}]},{\"@type\":\"ImageObject\",\"inLanguage\":\"de\",\"@id\":\"https:\\\/\\\/www.inverseteams.com\\\/de\\\/produkt\\\/radjacke-xpert-aero-herren\\\/#primaryimage\",\"url\":\"https:\\\/\\\/www.inverseteams.com\\\/wp-content\\\/uploads\\\/INVERSE-CICLISMO-HOMBRE-IMPERMEABLE-XPERT-AERO-BLACK-001.jpg\",\"contentUrl\":\"https:\\\/\\\/www.inverseteams.com\\\/wp-content\\\/uploads\\\/INVERSE-CICLISMO-HOMBRE-IMPERMEABLE-XPERT-AERO-BLACK-001.jpg\",\"width\":1500,\"height\":1612},{\"@type\":\"BreadcrumbList\",\"@id\":\"https:\\\/\\\/www.inverseteams.com\\\/de\\\/produkt\\\/radjacke-xpert-aero-herren\\\/#breadcrumb\",\"itemListElement\":[{\"@type\":\"ListItem\",\"position\":1,\"name\":\"Portada\",\"item\":\"https:\\\/\\\/www.inverseteams.com\\\/de\\\/\"},{\"@type\":\"ListItem\",\"position\":2,\"name\":\"Speichern\",\"item\":\"https:\\\/\\\/www.inverseteams.com\\\/de\\\/speichern\\\/\"},{\"@type\":\"ListItem\",\"position\":3,\"name\":\"Radjacke XPERT AERO (HERREN)\"}]},{\"@type\":\"WebSite\",\"@id\":\"https:\\\/\\\/www.inverseteams.com\\\/de\\\/#website\",\"url\":\"https:\\\/\\\/www.inverseteams.com\\\/de\\\/\",\"name\":\"Inverseteams\",\"description\":\"Tu marca de ropa deportiva personalizada\",\"publisher\":{\"@id\":\"https:\\\/\\\/www.inverseteams.com\\\/de\\\/#organization\"},\"potentialAction\":[{\"@type\":\"SearchAction\",\"target\":{\"@type\":\"EntryPoint\",\"urlTemplate\":\"https:\\\/\\\/www.inverseteams.com\\\/de\\\/?s={search_term_string}\"},\"query-input\":{\"@type\":\"PropertyValueSpecification\",\"valueRequired\":true,\"valueName\":\"search_term_string\"}}],\"inLanguage\":\"de\"},{\"@type\":\"Organization\",\"@id\":\"https:\\\/\\\/www.inverseteams.com\\\/de\\\/#organization\",\"name\":\"Inverse Teams\",\"url\":\"https:\\\/\\\/www.inverseteams.com\\\/de\\\/\",\"logo\":{\"@type\":\"ImageObject\",\"inLanguage\":\"de\",\"@id\":\"https:\\\/\\\/www.inverseteams.com\\\/de\\\/#\\\/schema\\\/logo\\\/image\\\/\",\"url\":\"https:\\\/\\\/www.inverseteams.com\\\/wp-content\\\/uploads\\\/2021\\\/03\\\/logo-inverse-teams.png\",\"contentUrl\":\"https:\\\/\\\/www.inverseteams.com\\\/wp-content\\\/uploads\\\/2021\\\/03\\\/logo-inverse-teams.png\",\"width\":294,\"height\":99,\"caption\":\"Inverse Teams\"},\"image\":{\"@id\":\"https:\\\/\\\/www.inverseteams.com\\\/de\\\/#\\\/schema\\\/logo\\\/image\\\/\"},\"sameAs\":[\"https:\\\/\\\/www.facebook.com\\\/inverseteams\",\"http:\\\/\\\/instagram.com\\\/inverseteams\",\"https:\\\/\\\/www.linkedin.com\\\/company\\\/inverse-cirosport-s-l-?trk=job_view_topcard_company_name\",\"http:\\\/\\\/www.pinterest.com\\\/inverseteams\\\/\",\"http:\\\/\\\/www.youtube.com\\\/user\\\/inverseteams?feature=watch\"]}]}<\/script>\n<!-- \/ Yoast SEO plugin. -->","yoast_head_json":{"title":"Radjacke XPERT AERO (HERREN)","description":"Die XPERT AERO Herren-Radjacke vereint Regenschutz, ultraleichtes Gewicht und aerodynamisches Design und ist der perfekte Begleiter f\u00fcr Stra\u00dfenrad, Gravel und Hochleistungstraining. Hergestellt aus 75 g VELIUM mikropor\u00f6ser Membran mit wasserabweisender Beschichtung, bietet diese Jacke eine 10.000 mm Wassers\u00e4ule, sodass du auch bei extremen Bedingungen trocken bleibst. Das AEROSHELL-Gewebe, ultraleicht und elastisch, l\u00e4sst sich leicht zusammenfalten und in den Trikottaschen verstauen \u2013 ideal f\u00fcr lange Fahrten oder pl\u00f6tzliche Wetterumschw\u00fcnge. Das minimalistische Design mit reduzierten N\u00e4hten passt sowohl \u00fcber Sommertrikots als auch Winterjacken und sorgt f\u00fcr eine aerodynamische Passform ohne Bewegungseinschr\u00e4nkung. Der YKK Doppelzug-Rei\u00dfverschluss mit Magnet kann von oben oder unten ge\u00f6ffnet werden und garantiert einen perfekten, einstellbaren Verschluss. B\u00fcndchen und Saum mit elastischem Rand und Silikon sorgen f\u00fcr sicheren, komfortablen Sitz und verhindern das Eindringen von Luft oder Wasser beim Fahren. Die XPERT AERO ist eine ultraleichte, kompakte und leistungsstarke Radjacke, ideal f\u00fcr Radfahrer, die wasserfeste, transportfreundliche und aerodynamische Jacken suchen, um bei jedem Wetter frei zu fahren.","robots":{"index":"index","follow":"follow","max-snippet":"max-snippet:-1","max-image-preview":"max-image-preview:large","max-video-preview":"max-video-preview:-1"},"canonical":"https:\/\/www.inverseteams.com\/de\/produkt\/radjacke-xpert-aero-herren\/","og_locale":"de_DE","og_type":"article","og_title":"Radjacke XPERT AERO (HERREN)","og_description":"Die XPERT AERO Herren-Radjacke vereint Regenschutz, ultraleichtes Gewicht und aerodynamisches Design und ist der perfekte Begleiter f\u00fcr Stra\u00dfenrad, Gravel und Hochleistungstraining. Hergestellt aus 75 g VELIUM mikropor\u00f6ser Membran mit wasserabweisender Beschichtung, bietet diese Jacke eine 10.000 mm Wassers\u00e4ule, sodass du auch bei extremen Bedingungen trocken bleibst. Das AEROSHELL-Gewebe, ultraleicht und elastisch, l\u00e4sst sich leicht zusammenfalten und in den Trikottaschen verstauen \u2013 ideal f\u00fcr lange Fahrten oder pl\u00f6tzliche Wetterumschw\u00fcnge. Das minimalistische Design mit reduzierten N\u00e4hten passt sowohl \u00fcber Sommertrikots als auch Winterjacken und sorgt f\u00fcr eine aerodynamische Passform ohne Bewegungseinschr\u00e4nkung. Der YKK Doppelzug-Rei\u00dfverschluss mit Magnet kann von oben oder unten ge\u00f6ffnet werden und garantiert einen perfekten, einstellbaren Verschluss. B\u00fcndchen und Saum mit elastischem Rand und Silikon sorgen f\u00fcr sicheren, komfortablen Sitz und verhindern das Eindringen von Luft oder Wasser beim Fahren. Die XPERT AERO ist eine ultraleichte, kompakte und leistungsstarke Radjacke, ideal f\u00fcr Radfahrer, die wasserfeste, transportfreundliche und aerodynamische Jacken suchen, um bei jedem Wetter frei zu fahren.","og_url":"https:\/\/www.inverseteams.com\/de\/produkt\/radjacke-xpert-aero-herren\/","og_site_name":"Inverseteams","article_publisher":"https:\/\/www.facebook.com\/inverseteams","article_modified_time":"2026-03-15T10:59:05+00:00","og_image":[{"width":1500,"height":1612,"url":"https:\/\/www.inverseteams.com\/wp-content\/uploads\/INVERSE-CICLISMO-HOMBRE-IMPERMEABLE-XPERT-AERO-BLACK-001.jpg","type":"image\/jpeg"}],"twitter_card":"summary_large_image","twitter_misc":{"Gesch\u00e4tzte Lesezeit":"1\u00a0Minute"},"schema":{"@context":"https:\/\/schema.org","@graph":[{"@type":"WebPage","@id":"https:\/\/www.inverseteams.com\/de\/produkt\/radjacke-xpert-aero-herren\/","url":"https:\/\/www.inverseteams.com\/de\/produkt\/radjacke-xpert-aero-herren\/","name":"Radjacke XPERT AERO (HERREN)","isPartOf":{"@id":"https:\/\/www.inverseteams.com\/de\/#website"},"primaryImageOfPage":{"@id":"https:\/\/www.inverseteams.com\/de\/produkt\/radjacke-xpert-aero-herren\/#primaryimage"},"image":{"@id":"https:\/\/www.inverseteams.com\/de\/produkt\/radjacke-xpert-aero-herren\/#primaryimage"},"thumbnailUrl":"https:\/\/www.inverseteams.com\/wp-content\/uploads\/INVERSE-CICLISMO-HOMBRE-IMPERMEABLE-XPERT-AERO-BLACK-001.jpg","datePublished":"2025-10-03T15:31:23+00:00","dateModified":"2026-03-15T10:59:05+00:00","description":"Die XPERT AERO Herren-Radjacke vereint Regenschutz, ultraleichtes Gewicht und aerodynamisches Design und ist der perfekte Begleiter f\u00fcr Stra\u00dfenrad, Gravel und Hochleistungstraining. Hergestellt aus 75 g VELIUM mikropor\u00f6ser Membran mit wasserabweisender Beschichtung, bietet diese Jacke eine 10.000 mm Wassers\u00e4ule, sodass du auch bei extremen Bedingungen trocken bleibst. Das AEROSHELL-Gewebe, ultraleicht und elastisch, l\u00e4sst sich leicht zusammenfalten und in den Trikottaschen verstauen \u2013 ideal f\u00fcr lange Fahrten oder pl\u00f6tzliche Wetterumschw\u00fcnge. Das minimalistische Design mit reduzierten N\u00e4hten passt sowohl \u00fcber Sommertrikots als auch Winterjacken und sorgt f\u00fcr eine aerodynamische Passform ohne Bewegungseinschr\u00e4nkung. Der YKK Doppelzug-Rei\u00dfverschluss mit Magnet kann von oben oder unten ge\u00f6ffnet werden und garantiert einen perfekten, einstellbaren Verschluss. B\u00fcndchen und Saum mit elastischem Rand und Silikon sorgen f\u00fcr sicheren, komfortablen Sitz und verhindern das Eindringen von Luft oder Wasser beim Fahren. Die XPERT AERO ist eine ultraleichte, kompakte und leistungsstarke Radjacke, ideal f\u00fcr Radfahrer, die wasserfeste, transportfreundliche und aerodynamische Jacken suchen, um bei jedem Wetter frei zu fahren.","breadcrumb":{"@id":"https:\/\/www.inverseteams.com\/de\/produkt\/radjacke-xpert-aero-herren\/#breadcrumb"},"inLanguage":"de","potentialAction":[{"@type":"ReadAction","target":["https:\/\/www.inverseteams.com\/de\/produkt\/radjacke-xpert-aero-herren\/"]}]},{"@type":"ImageObject","inLanguage":"de","@id":"https:\/\/www.inverseteams.com\/de\/produkt\/radjacke-xpert-aero-herren\/#primaryimage","url":"https:\/\/www.inverseteams.com\/wp-content\/uploads\/INVERSE-CICLISMO-HOMBRE-IMPERMEABLE-XPERT-AERO-BLACK-001.jpg","contentUrl":"https:\/\/www.inverseteams.com\/wp-content\/uploads\/INVERSE-CICLISMO-HOMBRE-IMPERMEABLE-XPERT-AERO-BLACK-001.jpg","width":1500,"height":1612},{"@type":"BreadcrumbList","@id":"https:\/\/www.inverseteams.com\/de\/produkt\/radjacke-xpert-aero-herren\/#breadcrumb","itemListElement":[{"@type":"ListItem","position":1,"name":"Portada","item":"https:\/\/www.inverseteams.com\/de\/"},{"@type":"ListItem","position":2,"name":"Speichern","item":"https:\/\/www.inverseteams.com\/de\/speichern\/"},{"@type":"ListItem","position":3,"name":"Radjacke XPERT AERO (HERREN)"}]},{"@type":"WebSite","@id":"https:\/\/www.inverseteams.com\/de\/#website","url":"https:\/\/www.inverseteams.com\/de\/","name":"Inverseteams","description":"Tu marca de ropa deportiva personalizada","publisher":{"@id":"https:\/\/www.inverseteams.com\/de\/#organization"},"potentialAction":[{"@type":"SearchAction","target":{"@type":"EntryPoint","urlTemplate":"https:\/\/www.inverseteams.com\/de\/?s={search_term_string}"},"query-input":{"@type":"PropertyValueSpecification","valueRequired":true,"valueName":"search_term_string"}}],"inLanguage":"de"},{"@type":"Organization","@id":"https:\/\/www.inverseteams.com\/de\/#organization","name":"Inverse Teams","url":"https:\/\/www.inverseteams.com\/de\/","logo":{"@type":"ImageObject","inLanguage":"de","@id":"https:\/\/www.inverseteams.com\/de\/#\/schema\/logo\/image\/","url":"https:\/\/www.inverseteams.com\/wp-content\/uploads\/2021\/03\/logo-inverse-teams.png","contentUrl":"https:\/\/www.inverseteams.com\/wp-content\/uploads\/2021\/03\/logo-inverse-teams.png","width":294,"height":99,"caption":"Inverse Teams"},"image":{"@id":"https:\/\/www.inverseteams.com\/de\/#\/schema\/logo\/image\/"},"sameAs":["https:\/\/www.facebook.com\/inverseteams","http:\/\/instagram.com\/inverseteams","https:\/\/www.linkedin.com\/company\/inverse-cirosport-s-l-?trk=job_view_topcard_company_name","http:\/\/www.pinterest.com\/inverseteams\/","http:\/\/www.youtube.com\/user\/inverseteams?feature=watch"]}]}},"_links":{"self":[{"href":"https:\/\/www.inverseteams.com\/de\/wp-json\/wp\/v2\/product\/269582","targetHints":{"allow":["GET"]}}],"collection":[{"href":"https:\/\/www.inverseteams.com\/de\/wp-json\/wp\/v2\/product"}],"about":[{"href":"https:\/\/www.inverseteams.com\/de\/wp-json\/wp\/v2\/types\/product"}],"replies":[{"embeddable":true,"href":"https:\/\/www.inverseteams.com\/de\/wp-json\/wp\/v2\/comments?post=269582"}],"wp:featuredmedia":[{"embeddable":true,"href":"https:\/\/www.inverseteams.com\/de\/wp-json\/wp\/v2\/media\/280242"}],"wp:attachment":[{"href":"https:\/\/www.inverseteams.com\/de\/wp-json\/wp\/v2\/media?parent=269582"}],"wp:term":[{"taxonomy":"product_brand","embeddable":true,"href":"https:\/\/www.inverseteams.com\/de\/wp-json\/wp\/v2\/product_brand?post=269582"},{"taxonomy":"product_cat","embeddable":true,"href":"https:\/\/www.inverseteams.com\/de\/wp-json\/wp\/v2\/product_cat?post=269582"},{"taxonomy":"product_tag","embeddable":true,"href":"https:\/\/www.inverseteams.com\/de\/wp-json\/wp\/v2\/product_tag?post=269582"},{"taxonomy":"custom_category","embeddable":true,"href":"https:\/\/www.inverseteams.com\/de\/wp-json\/wp\/v2\/custom_category?post=269582"},{"taxonomy":"range","embeddable":true,"href":"https:\/\/www.inverseteams.com\/de\/wp-json\/wp\/v2\/range?post=269582"}],"curies":[{"name":"wp","href":"https:\/\/api.w.org\/{rel}","templated":true}]}}