{"id":269564,"date":"2025-10-03T15:26:33","date_gmt":"2025-10-03T15:26:33","guid":{"rendered":"https:\/\/www.inverseteams.com\/?post_type=product&#038;p=269564"},"modified":"2026-02-20T11:55:48","modified_gmt":"2026-02-20T10:55:48","slug":"membran-radjacke-pure-helios-black-herren","status":"publish","type":"product","link":"https:\/\/www.inverseteams.com\/de\/produkt\/membran-radjacke-pure-helios-black-herren\/","title":{"rendered":"Membran-Radjacke PURE HELIOS BLACK (HERREN)"},"content":{"rendered":"<p>Herren-Thermojacke mit innovativem Design f\u00fcr verbesserte Aerodynamik auf dem Rad bei widrigen Wetterbedingungen.<br \/>\nHergestellt aus HydroLayer-X-Gewebe mit Trilaminat-Struktur und einer Zwischenmembran, die vor Wind und Regen sch\u00fctzt. Das Unterarmgewebe ist atmungsaktiv, w\u00e4hrend die Seiten und Unterarme aus wasserdichtem und hochelastischem Material bestehen.<br \/>\nZu den Neuheiten dieser Saison geh\u00f6ren eine neue lasergeschnittene B\u00fcndchenform f\u00fcr eine perfekte Passform, ein innovativer wasserdichter (SBS) durchgehender Doppel-Magnetrei\u00dfverschluss, ein Textilband auf der R\u00fcckseite, das gleichzeitig als Aufh\u00e4nger dient, und eine R\u00fccken\u00f6ffnung f\u00fcr verbesserte Atmungsaktivit\u00e4t und K\u00f6rperergonomie.<br \/>\nDer obere Teil verf\u00fcgt \u00fcber eine doppelte Innentasche mit integriertem Sitzpolster und Mesh-Gewebe.<br \/>\nDar\u00fcber hinaus verf\u00fcgt sie \u00fcber drei gro\u00dfe Taschen im Lendenbereich und eine seitliche Mesh-Tasche.<\/p>\n","protected":false},"excerpt":{"rendered":"<p>Herren-Thermojacke mit innovativem Design f\u00fcr verbesserte Aerodynamik auf dem Rad bei widrigen Wetterbedingungen.<br \/>\nHergestellt aus HydroLayer-X-Gewebe mit Trilaminat-Struktur und einer Zwischenmembran, die vor Wind und Regen sch\u00fctzt. Das Unterarmgewebe ist atmungsaktiv, w\u00e4hrend die Seiten und Unterarme aus wasserdichtem und hochelastischem Material bestehen.<br \/>\nZu den Neuheiten dieser Saison geh\u00f6ren eine neue lasergeschnittene B\u00fcndchenform f\u00fcr eine perfekte Passform, ein innovativer wasserdichter (SBS) durchgehender Doppel-Magnetrei\u00dfverschluss, ein Textilband auf der R\u00fcckseite, das gleichzeitig als Aufh\u00e4nger dient, und eine R\u00fccken\u00f6ffnung f\u00fcr verbesserte Atmungsaktivit\u00e4t und K\u00f6rperergonomie.<br \/>\nDer obere Teil verf\u00fcgt \u00fcber eine doppelte Innentasche mit integriertem Sitzpolster und Mesh-Gewebe.<br \/>\nDar\u00fcber hinaus verf\u00fcgt sie \u00fcber drei gro\u00dfe Taschen im Lendenbereich und eine seitliche Mesh-Tasche.<\/p>\n","protected":false},"featured_media":270025,"comment_status":"closed","ping_status":"closed","template":"","meta":{"_acf_changed":false},"product_brand":[],"product_cat":[11153,11190,11159],"product_tag":[],"custom_category":[],"range":[],"class_list":{"0":"post-269564","1":"product","2":"type-product","3":"status-publish","4":"has-post-thumbnail","6":"product_cat-b2b-de","7":"product_cat-radsportbekleidung","8":"product_cat-radjacken","9":"pa_climatologia-viento-de","10":"pa_climatologia-frio-de","11":"pa_climatologia-lluvia-de","12":"pa_deporte-ciclismo-de","13":"pa_genero-hombre-de","14":"pa_patronaje-fit-de","15":"pa_talla-s-de","16":"pa_talla-m-de","17":"pa_talla-l-de","18":"pa_talla-xl-de","19":"pa_talla-xxl-de","20":"pa_tipo-de-prenda-chaqueta-de","22":"first","23":"instock","24":"taxable","25":"shipping-taxable","26":"purchasable","27":"product-type-variable","28":"has-default-attributes"},"acf":[],"yoast_head":"<!-- This site is optimized with the Yoast SEO plugin v27.3 - https:\/\/yoast.com\/product\/yoast-seo-wordpress\/ -->\n<title>Membran-Radjacke PURE HELIOS BLACK (HERREN)<\/title>\n<meta name=\"description\" content=\"Herren-Thermojacke mit innovativem Design f\u00fcr verbesserte Aerodynamik auf dem Rad bei widrigen Wetterbedingungen. Hergestellt aus HydroLayer-X-Gewebe mit Trilaminat-Struktur und einer Zwischenmembran, die vor Wind und Regen sch\u00fctzt. Das Unterarmgewebe ist atmungsaktiv, w\u00e4hrend die Seiten und Unterarme aus wasserdichtem und hochelastischem Material bestehen. Zu den Neuheiten dieser Saison geh\u00f6ren eine neue lasergeschnittene B\u00fcndchenform f\u00fcr eine perfekte Passform, ein innovativer wasserdichter (SBS) durchgehender Doppel-Magnetrei\u00dfverschluss, ein Textilband auf der R\u00fcckseite, das gleichzeitig als Aufh\u00e4nger dient, und eine R\u00fccken\u00f6ffnung f\u00fcr verbesserte Atmungsaktivit\u00e4t und K\u00f6rperergonomie. Der obere Teil verf\u00fcgt \u00fcber eine doppelte Innentasche mit integriertem Sitzpolster und Mesh-Gewebe. Dar\u00fcber hinaus verf\u00fcgt sie \u00fcber drei gro\u00dfe Taschen im Lendenbereich und eine seitliche Mesh-Tasche.\" \/>\n<meta name=\"robots\" content=\"index, follow, max-snippet:-1, max-image-preview:large, max-video-preview:-1\" \/>\n<link rel=\"canonical\" href=\"https:\/\/www.inverseteams.com\/de\/produkt\/membran-radjacke-pure-helios-black-herren\/\" \/>\n<meta property=\"og:locale\" content=\"de_DE\" \/>\n<meta property=\"og:type\" content=\"article\" \/>\n<meta property=\"og:title\" content=\"Membran-Radjacke PURE HELIOS BLACK (HERREN)\" \/>\n<meta property=\"og:description\" content=\"Herren-Thermojacke mit innovativem Design f\u00fcr verbesserte Aerodynamik auf dem Rad bei widrigen Wetterbedingungen. Hergestellt aus HydroLayer-X-Gewebe mit Trilaminat-Struktur und einer Zwischenmembran, die vor Wind und Regen sch\u00fctzt. Das Unterarmgewebe ist atmungsaktiv, w\u00e4hrend die Seiten und Unterarme aus wasserdichtem und hochelastischem Material bestehen. Zu den Neuheiten dieser Saison geh\u00f6ren eine neue lasergeschnittene B\u00fcndchenform f\u00fcr eine perfekte Passform, ein innovativer wasserdichter (SBS) durchgehender Doppel-Magnetrei\u00dfverschluss, ein Textilband auf der R\u00fcckseite, das gleichzeitig als Aufh\u00e4nger dient, und eine R\u00fccken\u00f6ffnung f\u00fcr verbesserte Atmungsaktivit\u00e4t und K\u00f6rperergonomie. Der obere Teil verf\u00fcgt \u00fcber eine doppelte Innentasche mit integriertem Sitzpolster und Mesh-Gewebe. Dar\u00fcber hinaus verf\u00fcgt sie \u00fcber drei gro\u00dfe Taschen im Lendenbereich und eine seitliche Mesh-Tasche.\" \/>\n<meta property=\"og:url\" content=\"https:\/\/www.inverseteams.com\/de\/produkt\/membran-radjacke-pure-helios-black-herren\/\" \/>\n<meta property=\"og:site_name\" content=\"Inverseteams\" \/>\n<meta property=\"article:publisher\" content=\"https:\/\/www.facebook.com\/inverseteams\" \/>\n<meta property=\"article:modified_time\" content=\"2026-02-20T10:55:48+00:00\" \/>\n<meta property=\"og:image\" content=\"https:\/\/www.inverseteams.com\/wp-content\/uploads\/INVERSE-CHAQUETA-PURE-HELIOS-BLACK-001.jpg\" \/>\n\t<meta property=\"og:image:width\" content=\"1500\" \/>\n\t<meta property=\"og:image:height\" content=\"1612\" \/>\n\t<meta property=\"og:image:type\" content=\"image\/jpeg\" \/>\n<meta name=\"twitter:card\" content=\"summary_large_image\" \/>\n<meta name=\"twitter:label1\" content=\"Gesch\u00e4tzte Lesezeit\" \/>\n\t<meta name=\"twitter:data1\" content=\"1\u00a0Minute\" \/>\n<script type=\"application\/ld+json\" class=\"yoast-schema-graph\">{\"@context\":\"https:\\\/\\\/schema.org\",\"@graph\":[{\"@type\":\"WebPage\",\"@id\":\"https:\\\/\\\/www.inverseteams.com\\\/de\\\/produkt\\\/membran-radjacke-pure-helios-black-herren\\\/\",\"url\":\"https:\\\/\\\/www.inverseteams.com\\\/de\\\/produkt\\\/membran-radjacke-pure-helios-black-herren\\\/\",\"name\":\"Membran-Radjacke PURE HELIOS BLACK (HERREN)\",\"isPartOf\":{\"@id\":\"https:\\\/\\\/www.inverseteams.com\\\/de\\\/#website\"},\"primaryImageOfPage\":{\"@id\":\"https:\\\/\\\/www.inverseteams.com\\\/de\\\/produkt\\\/membran-radjacke-pure-helios-black-herren\\\/#primaryimage\"},\"image\":{\"@id\":\"https:\\\/\\\/www.inverseteams.com\\\/de\\\/produkt\\\/membran-radjacke-pure-helios-black-herren\\\/#primaryimage\"},\"thumbnailUrl\":\"https:\\\/\\\/www.inverseteams.com\\\/wp-content\\\/uploads\\\/INVERSE-CHAQUETA-PURE-HELIOS-BLACK-001.jpg\",\"datePublished\":\"2025-10-03T15:26:33+00:00\",\"dateModified\":\"2026-02-20T10:55:48+00:00\",\"description\":\"Herren-Thermojacke mit innovativem Design f\u00fcr verbesserte Aerodynamik auf dem Rad bei widrigen Wetterbedingungen. Hergestellt aus HydroLayer-X-Gewebe mit Trilaminat-Struktur und einer Zwischenmembran, die vor Wind und Regen sch\u00fctzt. Das Unterarmgewebe ist atmungsaktiv, w\u00e4hrend die Seiten und Unterarme aus wasserdichtem und hochelastischem Material bestehen. Zu den Neuheiten dieser Saison geh\u00f6ren eine neue lasergeschnittene B\u00fcndchenform f\u00fcr eine perfekte Passform, ein innovativer wasserdichter (SBS) durchgehender Doppel-Magnetrei\u00dfverschluss, ein Textilband auf der R\u00fcckseite, das gleichzeitig als Aufh\u00e4nger dient, und eine R\u00fccken\u00f6ffnung f\u00fcr verbesserte Atmungsaktivit\u00e4t und K\u00f6rperergonomie. Der obere Teil verf\u00fcgt \u00fcber eine doppelte Innentasche mit integriertem Sitzpolster und Mesh-Gewebe. Dar\u00fcber hinaus verf\u00fcgt sie \u00fcber drei gro\u00dfe Taschen im Lendenbereich und eine seitliche Mesh-Tasche.\",\"breadcrumb\":{\"@id\":\"https:\\\/\\\/www.inverseteams.com\\\/de\\\/produkt\\\/membran-radjacke-pure-helios-black-herren\\\/#breadcrumb\"},\"inLanguage\":\"de\",\"potentialAction\":[{\"@type\":\"ReadAction\",\"target\":[\"https:\\\/\\\/www.inverseteams.com\\\/de\\\/produkt\\\/membran-radjacke-pure-helios-black-herren\\\/\"]}]},{\"@type\":\"ImageObject\",\"inLanguage\":\"de\",\"@id\":\"https:\\\/\\\/www.inverseteams.com\\\/de\\\/produkt\\\/membran-radjacke-pure-helios-black-herren\\\/#primaryimage\",\"url\":\"https:\\\/\\\/www.inverseteams.com\\\/wp-content\\\/uploads\\\/INVERSE-CHAQUETA-PURE-HELIOS-BLACK-001.jpg\",\"contentUrl\":\"https:\\\/\\\/www.inverseteams.com\\\/wp-content\\\/uploads\\\/INVERSE-CHAQUETA-PURE-HELIOS-BLACK-001.jpg\",\"width\":1500,\"height\":1612,\"caption\":\"chaqueta ciclismo negra inverse\"},{\"@type\":\"BreadcrumbList\",\"@id\":\"https:\\\/\\\/www.inverseteams.com\\\/de\\\/produkt\\\/membran-radjacke-pure-helios-black-herren\\\/#breadcrumb\",\"itemListElement\":[{\"@type\":\"ListItem\",\"position\":1,\"name\":\"Portada\",\"item\":\"https:\\\/\\\/www.inverseteams.com\\\/de\\\/\"},{\"@type\":\"ListItem\",\"position\":2,\"name\":\"Speichern\",\"item\":\"https:\\\/\\\/www.inverseteams.com\\\/de\\\/speichern\\\/\"},{\"@type\":\"ListItem\",\"position\":3,\"name\":\"Membran-Radjacke PURE HELIOS BLACK (HERREN)\"}]},{\"@type\":\"WebSite\",\"@id\":\"https:\\\/\\\/www.inverseteams.com\\\/de\\\/#website\",\"url\":\"https:\\\/\\\/www.inverseteams.com\\\/de\\\/\",\"name\":\"Inverseteams\",\"description\":\"Tu marca de ropa deportiva personalizada\",\"publisher\":{\"@id\":\"https:\\\/\\\/www.inverseteams.com\\\/de\\\/#organization\"},\"potentialAction\":[{\"@type\":\"SearchAction\",\"target\":{\"@type\":\"EntryPoint\",\"urlTemplate\":\"https:\\\/\\\/www.inverseteams.com\\\/de\\\/?s={search_term_string}\"},\"query-input\":{\"@type\":\"PropertyValueSpecification\",\"valueRequired\":true,\"valueName\":\"search_term_string\"}}],\"inLanguage\":\"de\"},{\"@type\":\"Organization\",\"@id\":\"https:\\\/\\\/www.inverseteams.com\\\/de\\\/#organization\",\"name\":\"Inverse Teams\",\"url\":\"https:\\\/\\\/www.inverseteams.com\\\/de\\\/\",\"logo\":{\"@type\":\"ImageObject\",\"inLanguage\":\"de\",\"@id\":\"https:\\\/\\\/www.inverseteams.com\\\/de\\\/#\\\/schema\\\/logo\\\/image\\\/\",\"url\":\"http:\\\/\\\/www.inverseteams.com\\\/wp-content\\\/uploads\\\/2021\\\/03\\\/logo-inverse-teams.png\",\"contentUrl\":\"http:\\\/\\\/www.inverseteams.com\\\/wp-content\\\/uploads\\\/2021\\\/03\\\/logo-inverse-teams.png\",\"width\":294,\"height\":99,\"caption\":\"Inverse Teams\"},\"image\":{\"@id\":\"https:\\\/\\\/www.inverseteams.com\\\/de\\\/#\\\/schema\\\/logo\\\/image\\\/\"},\"sameAs\":[\"https:\\\/\\\/www.facebook.com\\\/inverseteams\",\"http:\\\/\\\/instagram.com\\\/inverseteams\",\"https:\\\/\\\/www.linkedin.com\\\/company\\\/inverse-cirosport-s-l-?trk=job_view_topcard_company_name\",\"http:\\\/\\\/www.pinterest.com\\\/inverseteams\\\/\",\"http:\\\/\\\/www.youtube.com\\\/user\\\/inverseteams?feature=watch\"]}]}<\/script>\n<!-- \/ Yoast SEO plugin. -->","yoast_head_json":{"title":"Membran-Radjacke PURE HELIOS BLACK (HERREN)","description":"Herren-Thermojacke mit innovativem Design f\u00fcr verbesserte Aerodynamik auf dem Rad bei widrigen Wetterbedingungen. Hergestellt aus HydroLayer-X-Gewebe mit Trilaminat-Struktur und einer Zwischenmembran, die vor Wind und Regen sch\u00fctzt. Das Unterarmgewebe ist atmungsaktiv, w\u00e4hrend die Seiten und Unterarme aus wasserdichtem und hochelastischem Material bestehen. Zu den Neuheiten dieser Saison geh\u00f6ren eine neue lasergeschnittene B\u00fcndchenform f\u00fcr eine perfekte Passform, ein innovativer wasserdichter (SBS) durchgehender Doppel-Magnetrei\u00dfverschluss, ein Textilband auf der R\u00fcckseite, das gleichzeitig als Aufh\u00e4nger dient, und eine R\u00fccken\u00f6ffnung f\u00fcr verbesserte Atmungsaktivit\u00e4t und K\u00f6rperergonomie. Der obere Teil verf\u00fcgt \u00fcber eine doppelte Innentasche mit integriertem Sitzpolster und Mesh-Gewebe. Dar\u00fcber hinaus verf\u00fcgt sie \u00fcber drei gro\u00dfe Taschen im Lendenbereich und eine seitliche Mesh-Tasche.","robots":{"index":"index","follow":"follow","max-snippet":"max-snippet:-1","max-image-preview":"max-image-preview:large","max-video-preview":"max-video-preview:-1"},"canonical":"https:\/\/www.inverseteams.com\/de\/produkt\/membran-radjacke-pure-helios-black-herren\/","og_locale":"de_DE","og_type":"article","og_title":"Membran-Radjacke PURE HELIOS BLACK (HERREN)","og_description":"Herren-Thermojacke mit innovativem Design f\u00fcr verbesserte Aerodynamik auf dem Rad bei widrigen Wetterbedingungen. Hergestellt aus HydroLayer-X-Gewebe mit Trilaminat-Struktur und einer Zwischenmembran, die vor Wind und Regen sch\u00fctzt. Das Unterarmgewebe ist atmungsaktiv, w\u00e4hrend die Seiten und Unterarme aus wasserdichtem und hochelastischem Material bestehen. Zu den Neuheiten dieser Saison geh\u00f6ren eine neue lasergeschnittene B\u00fcndchenform f\u00fcr eine perfekte Passform, ein innovativer wasserdichter (SBS) durchgehender Doppel-Magnetrei\u00dfverschluss, ein Textilband auf der R\u00fcckseite, das gleichzeitig als Aufh\u00e4nger dient, und eine R\u00fccken\u00f6ffnung f\u00fcr verbesserte Atmungsaktivit\u00e4t und K\u00f6rperergonomie. Der obere Teil verf\u00fcgt \u00fcber eine doppelte Innentasche mit integriertem Sitzpolster und Mesh-Gewebe. Dar\u00fcber hinaus verf\u00fcgt sie \u00fcber drei gro\u00dfe Taschen im Lendenbereich und eine seitliche Mesh-Tasche.","og_url":"https:\/\/www.inverseteams.com\/de\/produkt\/membran-radjacke-pure-helios-black-herren\/","og_site_name":"Inverseteams","article_publisher":"https:\/\/www.facebook.com\/inverseteams","article_modified_time":"2026-02-20T10:55:48+00:00","og_image":[{"width":1500,"height":1612,"url":"https:\/\/www.inverseteams.com\/wp-content\/uploads\/INVERSE-CHAQUETA-PURE-HELIOS-BLACK-001.jpg","type":"image\/jpeg"}],"twitter_card":"summary_large_image","twitter_misc":{"Gesch\u00e4tzte Lesezeit":"1\u00a0Minute"},"schema":{"@context":"https:\/\/schema.org","@graph":[{"@type":"WebPage","@id":"https:\/\/www.inverseteams.com\/de\/produkt\/membran-radjacke-pure-helios-black-herren\/","url":"https:\/\/www.inverseteams.com\/de\/produkt\/membran-radjacke-pure-helios-black-herren\/","name":"Membran-Radjacke PURE HELIOS BLACK (HERREN)","isPartOf":{"@id":"https:\/\/www.inverseteams.com\/de\/#website"},"primaryImageOfPage":{"@id":"https:\/\/www.inverseteams.com\/de\/produkt\/membran-radjacke-pure-helios-black-herren\/#primaryimage"},"image":{"@id":"https:\/\/www.inverseteams.com\/de\/produkt\/membran-radjacke-pure-helios-black-herren\/#primaryimage"},"thumbnailUrl":"https:\/\/www.inverseteams.com\/wp-content\/uploads\/INVERSE-CHAQUETA-PURE-HELIOS-BLACK-001.jpg","datePublished":"2025-10-03T15:26:33+00:00","dateModified":"2026-02-20T10:55:48+00:00","description":"Herren-Thermojacke mit innovativem Design f\u00fcr verbesserte Aerodynamik auf dem Rad bei widrigen Wetterbedingungen. Hergestellt aus HydroLayer-X-Gewebe mit Trilaminat-Struktur und einer Zwischenmembran, die vor Wind und Regen sch\u00fctzt. Das Unterarmgewebe ist atmungsaktiv, w\u00e4hrend die Seiten und Unterarme aus wasserdichtem und hochelastischem Material bestehen. Zu den Neuheiten dieser Saison geh\u00f6ren eine neue lasergeschnittene B\u00fcndchenform f\u00fcr eine perfekte Passform, ein innovativer wasserdichter (SBS) durchgehender Doppel-Magnetrei\u00dfverschluss, ein Textilband auf der R\u00fcckseite, das gleichzeitig als Aufh\u00e4nger dient, und eine R\u00fccken\u00f6ffnung f\u00fcr verbesserte Atmungsaktivit\u00e4t und K\u00f6rperergonomie. Der obere Teil verf\u00fcgt \u00fcber eine doppelte Innentasche mit integriertem Sitzpolster und Mesh-Gewebe. Dar\u00fcber hinaus verf\u00fcgt sie \u00fcber drei gro\u00dfe Taschen im Lendenbereich und eine seitliche Mesh-Tasche.","breadcrumb":{"@id":"https:\/\/www.inverseteams.com\/de\/produkt\/membran-radjacke-pure-helios-black-herren\/#breadcrumb"},"inLanguage":"de","potentialAction":[{"@type":"ReadAction","target":["https:\/\/www.inverseteams.com\/de\/produkt\/membran-radjacke-pure-helios-black-herren\/"]}]},{"@type":"ImageObject","inLanguage":"de","@id":"https:\/\/www.inverseteams.com\/de\/produkt\/membran-radjacke-pure-helios-black-herren\/#primaryimage","url":"https:\/\/www.inverseteams.com\/wp-content\/uploads\/INVERSE-CHAQUETA-PURE-HELIOS-BLACK-001.jpg","contentUrl":"https:\/\/www.inverseteams.com\/wp-content\/uploads\/INVERSE-CHAQUETA-PURE-HELIOS-BLACK-001.jpg","width":1500,"height":1612,"caption":"chaqueta ciclismo negra inverse"},{"@type":"BreadcrumbList","@id":"https:\/\/www.inverseteams.com\/de\/produkt\/membran-radjacke-pure-helios-black-herren\/#breadcrumb","itemListElement":[{"@type":"ListItem","position":1,"name":"Portada","item":"https:\/\/www.inverseteams.com\/de\/"},{"@type":"ListItem","position":2,"name":"Speichern","item":"https:\/\/www.inverseteams.com\/de\/speichern\/"},{"@type":"ListItem","position":3,"name":"Membran-Radjacke PURE HELIOS BLACK (HERREN)"}]},{"@type":"WebSite","@id":"https:\/\/www.inverseteams.com\/de\/#website","url":"https:\/\/www.inverseteams.com\/de\/","name":"Inverseteams","description":"Tu marca de ropa deportiva personalizada","publisher":{"@id":"https:\/\/www.inverseteams.com\/de\/#organization"},"potentialAction":[{"@type":"SearchAction","target":{"@type":"EntryPoint","urlTemplate":"https:\/\/www.inverseteams.com\/de\/?s={search_term_string}"},"query-input":{"@type":"PropertyValueSpecification","valueRequired":true,"valueName":"search_term_string"}}],"inLanguage":"de"},{"@type":"Organization","@id":"https:\/\/www.inverseteams.com\/de\/#organization","name":"Inverse Teams","url":"https:\/\/www.inverseteams.com\/de\/","logo":{"@type":"ImageObject","inLanguage":"de","@id":"https:\/\/www.inverseteams.com\/de\/#\/schema\/logo\/image\/","url":"https:\/\/www.inverseteams.com\/wp-content\/uploads\/2021\/03\/logo-inverse-teams.png","contentUrl":"https:\/\/www.inverseteams.com\/wp-content\/uploads\/2021\/03\/logo-inverse-teams.png","width":294,"height":99,"caption":"Inverse Teams"},"image":{"@id":"https:\/\/www.inverseteams.com\/de\/#\/schema\/logo\/image\/"},"sameAs":["https:\/\/www.facebook.com\/inverseteams","http:\/\/instagram.com\/inverseteams","https:\/\/www.linkedin.com\/company\/inverse-cirosport-s-l-?trk=job_view_topcard_company_name","http:\/\/www.pinterest.com\/inverseteams\/","http:\/\/www.youtube.com\/user\/inverseteams?feature=watch"]}]}},"_links":{"self":[{"href":"https:\/\/www.inverseteams.com\/de\/wp-json\/wp\/v2\/product\/269564","targetHints":{"allow":["GET"]}}],"collection":[{"href":"https:\/\/www.inverseteams.com\/de\/wp-json\/wp\/v2\/product"}],"about":[{"href":"https:\/\/www.inverseteams.com\/de\/wp-json\/wp\/v2\/types\/product"}],"replies":[{"embeddable":true,"href":"https:\/\/www.inverseteams.com\/de\/wp-json\/wp\/v2\/comments?post=269564"}],"wp:featuredmedia":[{"embeddable":true,"href":"https:\/\/www.inverseteams.com\/de\/wp-json\/wp\/v2\/media\/270025"}],"wp:attachment":[{"href":"https:\/\/www.inverseteams.com\/de\/wp-json\/wp\/v2\/media?parent=269564"}],"wp:term":[{"taxonomy":"product_brand","embeddable":true,"href":"https:\/\/www.inverseteams.com\/de\/wp-json\/wp\/v2\/product_brand?post=269564"},{"taxonomy":"product_cat","embeddable":true,"href":"https:\/\/www.inverseteams.com\/de\/wp-json\/wp\/v2\/product_cat?post=269564"},{"taxonomy":"product_tag","embeddable":true,"href":"https:\/\/www.inverseteams.com\/de\/wp-json\/wp\/v2\/product_tag?post=269564"},{"taxonomy":"custom_category","embeddable":true,"href":"https:\/\/www.inverseteams.com\/de\/wp-json\/wp\/v2\/custom_category?post=269564"},{"taxonomy":"range","embeddable":true,"href":"https:\/\/www.inverseteams.com\/de\/wp-json\/wp\/v2\/range?post=269564"}],"curies":[{"name":"wp","href":"https:\/\/api.w.org\/{rel}","templated":true}]}}