{"id":269546,"date":"2025-10-03T15:21:38","date_gmt":"2025-10-03T15:21:38","guid":{"rendered":"https:\/\/www.inverseteams.com\/?post_type=product&#038;p=269546"},"modified":"2026-02-20T11:55:47","modified_gmt":"2026-02-20T10:55:47","slug":"wendeweste-pure-tech-wine-black-damen","status":"publish","type":"product","link":"https:\/\/www.inverseteams.com\/de\/produkt\/wendeweste-pure-tech-wine-black-damen\/","title":{"rendered":"Wendeweste PURE TECH WINE\/BLACK (DAMEN)"},"content":{"rendered":"<p>Das Inverse-Entwicklungsteam hat diese innovative Wende-Radweste entwickelt, um Ihre Designs zu vervielfachen und den Neid der Gruppe zu erregen.<br \/>\nDank seines bidirektionalen Membrangewebes sind seine Eigenschaften auf beiden Seiten gleich. Es ist sehr leicht, wind- und wasserdicht. Ideal f\u00fcr Abfahrten und Tage mit wechselndem Wetter.<br \/>\nDer halbe R\u00fccken besteht aus einem Mesh-Gewebe, um die Atmungsaktivit\u00e4t zu erh\u00f6hen. Da es so d\u00fcnn und leicht ist, k\u00f6nnen Sie es problemlos in der Trikottasche verstauen, wenn Sie es nicht ben\u00f6tigen. Es verf\u00fcgt \u00fcber einen durchgehenden Rei\u00dfverschluss mit Anti-Pull-System, mit dem Sie die Bel\u00fcftung w\u00e4hrend des Trainings regulieren k\u00f6nnen.<br \/>\nDie Arml\u00f6cher sind mit einem elastischen Besatz versehen, um die Weste an den K\u00f6rper anzupassen, das Eindringen von Luft zu verhindern und die Aerodynamik zu erh\u00f6hen. Im Lendenbereich verf\u00fcgt es \u00fcber 2 \u00d6ffnungen, sodass Sie schnell und einfach auf die Taschen des Radtrikots zugreifen k\u00f6nnen.<br \/>\nIn der Taille befindet sich ein Gummiband mit rutschfestem Silikongriff auf der Innenseite, damit das Trikot gut am K\u00f6rper anliegt. Es verf\u00fcgt au\u00dferdem \u00fcber einen reflektierenden Besatz, um Ihre Sicherheit im Stra\u00dfenverkehr zu erh\u00f6hen. Genie\u00dfen Sie das Radfahren ohne Sorgen.<\/p>\n","protected":false},"excerpt":{"rendered":"<p>Das Inverse-Entwicklungsteam hat diese innovative Wende-Radweste entwickelt, um Ihre Designs zu vervielfachen und den Neid der Gruppe zu erregen.<br \/>\nDank seines bidirektionalen Membrangewebes sind seine Eigenschaften auf beiden Seiten gleich. Es ist sehr leicht, wind- und wasserdicht. Ideal f\u00fcr Abfahrten und Tage mit wechselndem Wetter.<br \/>\nDer halbe R\u00fccken besteht aus einem Mesh-Gewebe, um die Atmungsaktivit\u00e4t zu erh\u00f6hen. Da es so d\u00fcnn und leicht ist, k\u00f6nnen Sie es problemlos in der Trikottasche verstauen, wenn Sie es nicht ben\u00f6tigen. Es verf\u00fcgt \u00fcber einen durchgehenden Rei\u00dfverschluss mit Anti-Pull-System, mit dem Sie die Bel\u00fcftung w\u00e4hrend des Trainings regulieren k\u00f6nnen.<br \/>\nDie Arml\u00f6cher sind mit einem elastischen Besatz versehen, um die Weste an den K\u00f6rper anzupassen, das Eindringen von Luft zu verhindern und die Aerodynamik zu erh\u00f6hen. Im Lendenbereich verf\u00fcgt es \u00fcber 2 \u00d6ffnungen, sodass Sie schnell und einfach auf die Taschen des Radtrikots zugreifen k\u00f6nnen.<br \/>\nIn der Taille befindet sich ein Gummiband mit rutschfestem Silikongriff auf der Innenseite, damit das Trikot gut am K\u00f6rper anliegt. Es verf\u00fcgt au\u00dferdem \u00fcber einen reflektierenden Besatz, um Ihre Sicherheit im Stra\u00dfenverkehr zu erh\u00f6hen. Genie\u00dfen Sie das Radfahren ohne Sorgen.<\/p>\n","protected":false},"featured_media":270852,"comment_status":"closed","ping_status":"closed","template":"","meta":{"_acf_changed":false},"product_brand":[],"product_cat":[11153,11190,11160],"product_tag":[],"custom_category":[],"range":[],"class_list":{"0":"post-269546","1":"product","2":"type-product","3":"status-publish","4":"has-post-thumbnail","6":"product_cat-b2b-de","7":"product_cat-radsportbekleidung","8":"product_cat-radwesten","9":"pa_climatologia-lluvia-de","10":"pa_climatologia-viento-de","11":"pa_climatologia-temperatura-templada-de","12":"pa_deporte-ciclismo-de","13":"pa_genero-mujer-de","14":"pa_patronaje-regular-de","15":"pa_talla-xs-de","16":"pa_talla-s-de","17":"pa_talla-m-de","18":"pa_talla-l-de","19":"pa_talla-xl-de","20":"pa_tipo-de-prenda-chaleco-de","22":"first","23":"instock","24":"taxable","25":"shipping-taxable","26":"purchasable","27":"product-type-variable","28":"has-default-attributes"},"acf":[],"yoast_head":"<!-- This site is optimized with the Yoast SEO plugin v27.3 - https:\/\/yoast.com\/product\/yoast-seo-wordpress\/ -->\n<title>Wendeweste PURE TECH WINE\/BLACK (DAMEN)<\/title>\n<meta name=\"description\" content=\"Das Inverse-Entwicklungsteam hat diese innovative Wende-Radweste entwickelt, um Ihre Designs zu vervielfachen und den Neid der Gruppe zu erregen. Dank seines bidirektionalen Membrangewebes sind seine Eigenschaften auf beiden Seiten gleich. Es ist sehr leicht, wind- und wasserdicht. Ideal f\u00fcr Abfahrten und Tage mit wechselndem Wetter. Der halbe R\u00fccken besteht aus einem Mesh-Gewebe, um die Atmungsaktivit\u00e4t zu erh\u00f6hen. Da es so d\u00fcnn und leicht ist, k\u00f6nnen Sie es problemlos in der Trikottasche verstauen, wenn Sie es nicht ben\u00f6tigen. Es verf\u00fcgt \u00fcber einen durchgehenden Rei\u00dfverschluss mit Anti-Pull-System, mit dem Sie die Bel\u00fcftung w\u00e4hrend des Trainings regulieren k\u00f6nnen. Die Arml\u00f6cher sind mit einem elastischen Besatz versehen, um die Weste an den K\u00f6rper anzupassen, das Eindringen von Luft zu verhindern und die Aerodynamik zu erh\u00f6hen. Im Lendenbereich verf\u00fcgt es \u00fcber 2 \u00d6ffnungen, sodass Sie schnell und einfach auf die Taschen des Radtrikots zugreifen k\u00f6nnen. In der Taille befindet sich ein Gummiband mit rutschfestem Silikongriff auf der Innenseite, damit das Trikot gut am K\u00f6rper anliegt. Es verf\u00fcgt au\u00dferdem \u00fcber einen reflektierenden Besatz, um Ihre Sicherheit im Stra\u00dfenverkehr zu erh\u00f6hen. Genie\u00dfen Sie das Radfahren ohne Sorgen.\" \/>\n<meta name=\"robots\" content=\"index, follow, max-snippet:-1, max-image-preview:large, max-video-preview:-1\" \/>\n<link rel=\"canonical\" href=\"https:\/\/www.inverseteams.com\/de\/produkt\/wendeweste-pure-tech-wine-black-damen\/\" \/>\n<meta property=\"og:locale\" content=\"de_DE\" \/>\n<meta property=\"og:type\" content=\"article\" \/>\n<meta property=\"og:title\" content=\"Wendeweste PURE TECH WINE\/BLACK (DAMEN)\" \/>\n<meta property=\"og:description\" content=\"Das Inverse-Entwicklungsteam hat diese innovative Wende-Radweste entwickelt, um Ihre Designs zu vervielfachen und den Neid der Gruppe zu erregen. Dank seines bidirektionalen Membrangewebes sind seine Eigenschaften auf beiden Seiten gleich. Es ist sehr leicht, wind- und wasserdicht. Ideal f\u00fcr Abfahrten und Tage mit wechselndem Wetter. Der halbe R\u00fccken besteht aus einem Mesh-Gewebe, um die Atmungsaktivit\u00e4t zu erh\u00f6hen. Da es so d\u00fcnn und leicht ist, k\u00f6nnen Sie es problemlos in der Trikottasche verstauen, wenn Sie es nicht ben\u00f6tigen. Es verf\u00fcgt \u00fcber einen durchgehenden Rei\u00dfverschluss mit Anti-Pull-System, mit dem Sie die Bel\u00fcftung w\u00e4hrend des Trainings regulieren k\u00f6nnen. Die Arml\u00f6cher sind mit einem elastischen Besatz versehen, um die Weste an den K\u00f6rper anzupassen, das Eindringen von Luft zu verhindern und die Aerodynamik zu erh\u00f6hen. Im Lendenbereich verf\u00fcgt es \u00fcber 2 \u00d6ffnungen, sodass Sie schnell und einfach auf die Taschen des Radtrikots zugreifen k\u00f6nnen. In der Taille befindet sich ein Gummiband mit rutschfestem Silikongriff auf der Innenseite, damit das Trikot gut am K\u00f6rper anliegt. Es verf\u00fcgt au\u00dferdem \u00fcber einen reflektierenden Besatz, um Ihre Sicherheit im Stra\u00dfenverkehr zu erh\u00f6hen. Genie\u00dfen Sie das Radfahren ohne Sorgen.\" \/>\n<meta property=\"og:url\" content=\"https:\/\/www.inverseteams.com\/de\/produkt\/wendeweste-pure-tech-wine-black-damen\/\" \/>\n<meta property=\"og:site_name\" content=\"Inverseteams\" \/>\n<meta property=\"article:publisher\" content=\"https:\/\/www.facebook.com\/inverseteams\" \/>\n<meta property=\"article:modified_time\" content=\"2026-02-20T10:55:47+00:00\" \/>\n<meta property=\"og:image\" content=\"https:\/\/www.inverseteams.com\/wp-content\/uploads\/INVERSE-CHALECO-MUJER-PURE-TECH-WINEBLACK-001.jpg\" \/>\n\t<meta property=\"og:image:width\" content=\"1500\" \/>\n\t<meta property=\"og:image:height\" content=\"1612\" \/>\n\t<meta property=\"og:image:type\" content=\"image\/jpeg\" \/>\n<meta name=\"twitter:card\" content=\"summary_large_image\" \/>\n<meta name=\"twitter:label1\" content=\"Gesch\u00e4tzte Lesezeit\" \/>\n\t<meta name=\"twitter:data1\" content=\"2\u00a0Minute\" \/>\n<script type=\"application\/ld+json\" class=\"yoast-schema-graph\">{\"@context\":\"https:\\\/\\\/schema.org\",\"@graph\":[{\"@type\":\"WebPage\",\"@id\":\"https:\\\/\\\/www.inverseteams.com\\\/de\\\/produkt\\\/wendeweste-pure-tech-wine-black-damen\\\/\",\"url\":\"https:\\\/\\\/www.inverseteams.com\\\/de\\\/produkt\\\/wendeweste-pure-tech-wine-black-damen\\\/\",\"name\":\"Wendeweste PURE TECH WINE\\\/BLACK (DAMEN)\",\"isPartOf\":{\"@id\":\"https:\\\/\\\/www.inverseteams.com\\\/de\\\/#website\"},\"primaryImageOfPage\":{\"@id\":\"https:\\\/\\\/www.inverseteams.com\\\/de\\\/produkt\\\/wendeweste-pure-tech-wine-black-damen\\\/#primaryimage\"},\"image\":{\"@id\":\"https:\\\/\\\/www.inverseteams.com\\\/de\\\/produkt\\\/wendeweste-pure-tech-wine-black-damen\\\/#primaryimage\"},\"thumbnailUrl\":\"https:\\\/\\\/www.inverseteams.com\\\/wp-content\\\/uploads\\\/INVERSE-CHALECO-MUJER-PURE-TECH-WINEBLACK-001.jpg\",\"datePublished\":\"2025-10-03T15:21:38+00:00\",\"dateModified\":\"2026-02-20T10:55:47+00:00\",\"description\":\"Das Inverse-Entwicklungsteam hat diese innovative Wende-Radweste entwickelt, um Ihre Designs zu vervielfachen und den Neid der Gruppe zu erregen. Dank seines bidirektionalen Membrangewebes sind seine Eigenschaften auf beiden Seiten gleich. Es ist sehr leicht, wind- und wasserdicht. Ideal f\u00fcr Abfahrten und Tage mit wechselndem Wetter. Der halbe R\u00fccken besteht aus einem Mesh-Gewebe, um die Atmungsaktivit\u00e4t zu erh\u00f6hen. Da es so d\u00fcnn und leicht ist, k\u00f6nnen Sie es problemlos in der Trikottasche verstauen, wenn Sie es nicht ben\u00f6tigen. Es verf\u00fcgt \u00fcber einen durchgehenden Rei\u00dfverschluss mit Anti-Pull-System, mit dem Sie die Bel\u00fcftung w\u00e4hrend des Trainings regulieren k\u00f6nnen. Die Arml\u00f6cher sind mit einem elastischen Besatz versehen, um die Weste an den K\u00f6rper anzupassen, das Eindringen von Luft zu verhindern und die Aerodynamik zu erh\u00f6hen. Im Lendenbereich verf\u00fcgt es \u00fcber 2 \u00d6ffnungen, sodass Sie schnell und einfach auf die Taschen des Radtrikots zugreifen k\u00f6nnen. In der Taille befindet sich ein Gummiband mit rutschfestem Silikongriff auf der Innenseite, damit das Trikot gut am K\u00f6rper anliegt. Es verf\u00fcgt au\u00dferdem \u00fcber einen reflektierenden Besatz, um Ihre Sicherheit im Stra\u00dfenverkehr zu erh\u00f6hen. Genie\u00dfen Sie das Radfahren ohne Sorgen.\",\"breadcrumb\":{\"@id\":\"https:\\\/\\\/www.inverseteams.com\\\/de\\\/produkt\\\/wendeweste-pure-tech-wine-black-damen\\\/#breadcrumb\"},\"inLanguage\":\"de\",\"potentialAction\":[{\"@type\":\"ReadAction\",\"target\":[\"https:\\\/\\\/www.inverseteams.com\\\/de\\\/produkt\\\/wendeweste-pure-tech-wine-black-damen\\\/\"]}]},{\"@type\":\"ImageObject\",\"inLanguage\":\"de\",\"@id\":\"https:\\\/\\\/www.inverseteams.com\\\/de\\\/produkt\\\/wendeweste-pure-tech-wine-black-damen\\\/#primaryimage\",\"url\":\"https:\\\/\\\/www.inverseteams.com\\\/wp-content\\\/uploads\\\/INVERSE-CHALECO-MUJER-PURE-TECH-WINEBLACK-001.jpg\",\"contentUrl\":\"https:\\\/\\\/www.inverseteams.com\\\/wp-content\\\/uploads\\\/INVERSE-CHALECO-MUJER-PURE-TECH-WINEBLACK-001.jpg\",\"width\":1500,\"height\":1612},{\"@type\":\"BreadcrumbList\",\"@id\":\"https:\\\/\\\/www.inverseteams.com\\\/de\\\/produkt\\\/wendeweste-pure-tech-wine-black-damen\\\/#breadcrumb\",\"itemListElement\":[{\"@type\":\"ListItem\",\"position\":1,\"name\":\"Portada\",\"item\":\"https:\\\/\\\/www.inverseteams.com\\\/de\\\/\"},{\"@type\":\"ListItem\",\"position\":2,\"name\":\"Speichern\",\"item\":\"https:\\\/\\\/www.inverseteams.com\\\/de\\\/speichern\\\/\"},{\"@type\":\"ListItem\",\"position\":3,\"name\":\"Wendeweste PURE TECH WINE\\\/BLACK (DAMEN)\"}]},{\"@type\":\"WebSite\",\"@id\":\"https:\\\/\\\/www.inverseteams.com\\\/de\\\/#website\",\"url\":\"https:\\\/\\\/www.inverseteams.com\\\/de\\\/\",\"name\":\"Inverseteams\",\"description\":\"Tu marca de ropa deportiva personalizada\",\"publisher\":{\"@id\":\"https:\\\/\\\/www.inverseteams.com\\\/de\\\/#organization\"},\"potentialAction\":[{\"@type\":\"SearchAction\",\"target\":{\"@type\":\"EntryPoint\",\"urlTemplate\":\"https:\\\/\\\/www.inverseteams.com\\\/de\\\/?s={search_term_string}\"},\"query-input\":{\"@type\":\"PropertyValueSpecification\",\"valueRequired\":true,\"valueName\":\"search_term_string\"}}],\"inLanguage\":\"de\"},{\"@type\":\"Organization\",\"@id\":\"https:\\\/\\\/www.inverseteams.com\\\/de\\\/#organization\",\"name\":\"Inverse Teams\",\"url\":\"https:\\\/\\\/www.inverseteams.com\\\/de\\\/\",\"logo\":{\"@type\":\"ImageObject\",\"inLanguage\":\"de\",\"@id\":\"https:\\\/\\\/www.inverseteams.com\\\/de\\\/#\\\/schema\\\/logo\\\/image\\\/\",\"url\":\"http:\\\/\\\/www.inverseteams.com\\\/wp-content\\\/uploads\\\/2021\\\/03\\\/logo-inverse-teams.png\",\"contentUrl\":\"http:\\\/\\\/www.inverseteams.com\\\/wp-content\\\/uploads\\\/2021\\\/03\\\/logo-inverse-teams.png\",\"width\":294,\"height\":99,\"caption\":\"Inverse Teams\"},\"image\":{\"@id\":\"https:\\\/\\\/www.inverseteams.com\\\/de\\\/#\\\/schema\\\/logo\\\/image\\\/\"},\"sameAs\":[\"https:\\\/\\\/www.facebook.com\\\/inverseteams\",\"http:\\\/\\\/instagram.com\\\/inverseteams\",\"https:\\\/\\\/www.linkedin.com\\\/company\\\/inverse-cirosport-s-l-?trk=job_view_topcard_company_name\",\"http:\\\/\\\/www.pinterest.com\\\/inverseteams\\\/\",\"http:\\\/\\\/www.youtube.com\\\/user\\\/inverseteams?feature=watch\"]}]}<\/script>\n<!-- \/ Yoast SEO plugin. -->","yoast_head_json":{"title":"Wendeweste PURE TECH WINE\/BLACK (DAMEN)","description":"Das Inverse-Entwicklungsteam hat diese innovative Wende-Radweste entwickelt, um Ihre Designs zu vervielfachen und den Neid der Gruppe zu erregen. Dank seines bidirektionalen Membrangewebes sind seine Eigenschaften auf beiden Seiten gleich. Es ist sehr leicht, wind- und wasserdicht. Ideal f\u00fcr Abfahrten und Tage mit wechselndem Wetter. Der halbe R\u00fccken besteht aus einem Mesh-Gewebe, um die Atmungsaktivit\u00e4t zu erh\u00f6hen. Da es so d\u00fcnn und leicht ist, k\u00f6nnen Sie es problemlos in der Trikottasche verstauen, wenn Sie es nicht ben\u00f6tigen. Es verf\u00fcgt \u00fcber einen durchgehenden Rei\u00dfverschluss mit Anti-Pull-System, mit dem Sie die Bel\u00fcftung w\u00e4hrend des Trainings regulieren k\u00f6nnen. Die Arml\u00f6cher sind mit einem elastischen Besatz versehen, um die Weste an den K\u00f6rper anzupassen, das Eindringen von Luft zu verhindern und die Aerodynamik zu erh\u00f6hen. Im Lendenbereich verf\u00fcgt es \u00fcber 2 \u00d6ffnungen, sodass Sie schnell und einfach auf die Taschen des Radtrikots zugreifen k\u00f6nnen. In der Taille befindet sich ein Gummiband mit rutschfestem Silikongriff auf der Innenseite, damit das Trikot gut am K\u00f6rper anliegt. Es verf\u00fcgt au\u00dferdem \u00fcber einen reflektierenden Besatz, um Ihre Sicherheit im Stra\u00dfenverkehr zu erh\u00f6hen. Genie\u00dfen Sie das Radfahren ohne Sorgen.","robots":{"index":"index","follow":"follow","max-snippet":"max-snippet:-1","max-image-preview":"max-image-preview:large","max-video-preview":"max-video-preview:-1"},"canonical":"https:\/\/www.inverseteams.com\/de\/produkt\/wendeweste-pure-tech-wine-black-damen\/","og_locale":"de_DE","og_type":"article","og_title":"Wendeweste PURE TECH WINE\/BLACK (DAMEN)","og_description":"Das Inverse-Entwicklungsteam hat diese innovative Wende-Radweste entwickelt, um Ihre Designs zu vervielfachen und den Neid der Gruppe zu erregen. Dank seines bidirektionalen Membrangewebes sind seine Eigenschaften auf beiden Seiten gleich. Es ist sehr leicht, wind- und wasserdicht. Ideal f\u00fcr Abfahrten und Tage mit wechselndem Wetter. Der halbe R\u00fccken besteht aus einem Mesh-Gewebe, um die Atmungsaktivit\u00e4t zu erh\u00f6hen. Da es so d\u00fcnn und leicht ist, k\u00f6nnen Sie es problemlos in der Trikottasche verstauen, wenn Sie es nicht ben\u00f6tigen. Es verf\u00fcgt \u00fcber einen durchgehenden Rei\u00dfverschluss mit Anti-Pull-System, mit dem Sie die Bel\u00fcftung w\u00e4hrend des Trainings regulieren k\u00f6nnen. Die Arml\u00f6cher sind mit einem elastischen Besatz versehen, um die Weste an den K\u00f6rper anzupassen, das Eindringen von Luft zu verhindern und die Aerodynamik zu erh\u00f6hen. Im Lendenbereich verf\u00fcgt es \u00fcber 2 \u00d6ffnungen, sodass Sie schnell und einfach auf die Taschen des Radtrikots zugreifen k\u00f6nnen. In der Taille befindet sich ein Gummiband mit rutschfestem Silikongriff auf der Innenseite, damit das Trikot gut am K\u00f6rper anliegt. Es verf\u00fcgt au\u00dferdem \u00fcber einen reflektierenden Besatz, um Ihre Sicherheit im Stra\u00dfenverkehr zu erh\u00f6hen. Genie\u00dfen Sie das Radfahren ohne Sorgen.","og_url":"https:\/\/www.inverseteams.com\/de\/produkt\/wendeweste-pure-tech-wine-black-damen\/","og_site_name":"Inverseteams","article_publisher":"https:\/\/www.facebook.com\/inverseteams","article_modified_time":"2026-02-20T10:55:47+00:00","og_image":[{"width":1500,"height":1612,"url":"https:\/\/www.inverseteams.com\/wp-content\/uploads\/INVERSE-CHALECO-MUJER-PURE-TECH-WINEBLACK-001.jpg","type":"image\/jpeg"}],"twitter_card":"summary_large_image","twitter_misc":{"Gesch\u00e4tzte Lesezeit":"2\u00a0Minute"},"schema":{"@context":"https:\/\/schema.org","@graph":[{"@type":"WebPage","@id":"https:\/\/www.inverseteams.com\/de\/produkt\/wendeweste-pure-tech-wine-black-damen\/","url":"https:\/\/www.inverseteams.com\/de\/produkt\/wendeweste-pure-tech-wine-black-damen\/","name":"Wendeweste PURE TECH WINE\/BLACK (DAMEN)","isPartOf":{"@id":"https:\/\/www.inverseteams.com\/de\/#website"},"primaryImageOfPage":{"@id":"https:\/\/www.inverseteams.com\/de\/produkt\/wendeweste-pure-tech-wine-black-damen\/#primaryimage"},"image":{"@id":"https:\/\/www.inverseteams.com\/de\/produkt\/wendeweste-pure-tech-wine-black-damen\/#primaryimage"},"thumbnailUrl":"https:\/\/www.inverseteams.com\/wp-content\/uploads\/INVERSE-CHALECO-MUJER-PURE-TECH-WINEBLACK-001.jpg","datePublished":"2025-10-03T15:21:38+00:00","dateModified":"2026-02-20T10:55:47+00:00","description":"Das Inverse-Entwicklungsteam hat diese innovative Wende-Radweste entwickelt, um Ihre Designs zu vervielfachen und den Neid der Gruppe zu erregen. Dank seines bidirektionalen Membrangewebes sind seine Eigenschaften auf beiden Seiten gleich. Es ist sehr leicht, wind- und wasserdicht. Ideal f\u00fcr Abfahrten und Tage mit wechselndem Wetter. Der halbe R\u00fccken besteht aus einem Mesh-Gewebe, um die Atmungsaktivit\u00e4t zu erh\u00f6hen. Da es so d\u00fcnn und leicht ist, k\u00f6nnen Sie es problemlos in der Trikottasche verstauen, wenn Sie es nicht ben\u00f6tigen. Es verf\u00fcgt \u00fcber einen durchgehenden Rei\u00dfverschluss mit Anti-Pull-System, mit dem Sie die Bel\u00fcftung w\u00e4hrend des Trainings regulieren k\u00f6nnen. Die Arml\u00f6cher sind mit einem elastischen Besatz versehen, um die Weste an den K\u00f6rper anzupassen, das Eindringen von Luft zu verhindern und die Aerodynamik zu erh\u00f6hen. Im Lendenbereich verf\u00fcgt es \u00fcber 2 \u00d6ffnungen, sodass Sie schnell und einfach auf die Taschen des Radtrikots zugreifen k\u00f6nnen. In der Taille befindet sich ein Gummiband mit rutschfestem Silikongriff auf der Innenseite, damit das Trikot gut am K\u00f6rper anliegt. Es verf\u00fcgt au\u00dferdem \u00fcber einen reflektierenden Besatz, um Ihre Sicherheit im Stra\u00dfenverkehr zu erh\u00f6hen. Genie\u00dfen Sie das Radfahren ohne Sorgen.","breadcrumb":{"@id":"https:\/\/www.inverseteams.com\/de\/produkt\/wendeweste-pure-tech-wine-black-damen\/#breadcrumb"},"inLanguage":"de","potentialAction":[{"@type":"ReadAction","target":["https:\/\/www.inverseteams.com\/de\/produkt\/wendeweste-pure-tech-wine-black-damen\/"]}]},{"@type":"ImageObject","inLanguage":"de","@id":"https:\/\/www.inverseteams.com\/de\/produkt\/wendeweste-pure-tech-wine-black-damen\/#primaryimage","url":"https:\/\/www.inverseteams.com\/wp-content\/uploads\/INVERSE-CHALECO-MUJER-PURE-TECH-WINEBLACK-001.jpg","contentUrl":"https:\/\/www.inverseteams.com\/wp-content\/uploads\/INVERSE-CHALECO-MUJER-PURE-TECH-WINEBLACK-001.jpg","width":1500,"height":1612},{"@type":"BreadcrumbList","@id":"https:\/\/www.inverseteams.com\/de\/produkt\/wendeweste-pure-tech-wine-black-damen\/#breadcrumb","itemListElement":[{"@type":"ListItem","position":1,"name":"Portada","item":"https:\/\/www.inverseteams.com\/de\/"},{"@type":"ListItem","position":2,"name":"Speichern","item":"https:\/\/www.inverseteams.com\/de\/speichern\/"},{"@type":"ListItem","position":3,"name":"Wendeweste PURE TECH WINE\/BLACK (DAMEN)"}]},{"@type":"WebSite","@id":"https:\/\/www.inverseteams.com\/de\/#website","url":"https:\/\/www.inverseteams.com\/de\/","name":"Inverseteams","description":"Tu marca de ropa deportiva personalizada","publisher":{"@id":"https:\/\/www.inverseteams.com\/de\/#organization"},"potentialAction":[{"@type":"SearchAction","target":{"@type":"EntryPoint","urlTemplate":"https:\/\/www.inverseteams.com\/de\/?s={search_term_string}"},"query-input":{"@type":"PropertyValueSpecification","valueRequired":true,"valueName":"search_term_string"}}],"inLanguage":"de"},{"@type":"Organization","@id":"https:\/\/www.inverseteams.com\/de\/#organization","name":"Inverse Teams","url":"https:\/\/www.inverseteams.com\/de\/","logo":{"@type":"ImageObject","inLanguage":"de","@id":"https:\/\/www.inverseteams.com\/de\/#\/schema\/logo\/image\/","url":"https:\/\/www.inverseteams.com\/wp-content\/uploads\/2021\/03\/logo-inverse-teams.png","contentUrl":"https:\/\/www.inverseteams.com\/wp-content\/uploads\/2021\/03\/logo-inverse-teams.png","width":294,"height":99,"caption":"Inverse Teams"},"image":{"@id":"https:\/\/www.inverseteams.com\/de\/#\/schema\/logo\/image\/"},"sameAs":["https:\/\/www.facebook.com\/inverseteams","http:\/\/instagram.com\/inverseteams","https:\/\/www.linkedin.com\/company\/inverse-cirosport-s-l-?trk=job_view_topcard_company_name","http:\/\/www.pinterest.com\/inverseteams\/","http:\/\/www.youtube.com\/user\/inverseteams?feature=watch"]}]}},"_links":{"self":[{"href":"https:\/\/www.inverseteams.com\/de\/wp-json\/wp\/v2\/product\/269546","targetHints":{"allow":["GET"]}}],"collection":[{"href":"https:\/\/www.inverseteams.com\/de\/wp-json\/wp\/v2\/product"}],"about":[{"href":"https:\/\/www.inverseteams.com\/de\/wp-json\/wp\/v2\/types\/product"}],"replies":[{"embeddable":true,"href":"https:\/\/www.inverseteams.com\/de\/wp-json\/wp\/v2\/comments?post=269546"}],"wp:featuredmedia":[{"embeddable":true,"href":"https:\/\/www.inverseteams.com\/de\/wp-json\/wp\/v2\/media\/270852"}],"wp:attachment":[{"href":"https:\/\/www.inverseteams.com\/de\/wp-json\/wp\/v2\/media?parent=269546"}],"wp:term":[{"taxonomy":"product_brand","embeddable":true,"href":"https:\/\/www.inverseteams.com\/de\/wp-json\/wp\/v2\/product_brand?post=269546"},{"taxonomy":"product_cat","embeddable":true,"href":"https:\/\/www.inverseteams.com\/de\/wp-json\/wp\/v2\/product_cat?post=269546"},{"taxonomy":"product_tag","embeddable":true,"href":"https:\/\/www.inverseteams.com\/de\/wp-json\/wp\/v2\/product_tag?post=269546"},{"taxonomy":"custom_category","embeddable":true,"href":"https:\/\/www.inverseteams.com\/de\/wp-json\/wp\/v2\/custom_category?post=269546"},{"taxonomy":"range","embeddable":true,"href":"https:\/\/www.inverseteams.com\/de\/wp-json\/wp\/v2\/range?post=269546"}],"curies":[{"name":"wp","href":"https:\/\/api.w.org\/{rel}","templated":true}]}}