{"id":269484,"date":"2025-10-03T15:04:43","date_gmt":"2025-10-03T15:04:43","guid":{"rendered":"https:\/\/www.inverseteams.com\/?post_type=product&#038;p=269484"},"modified":"2026-02-20T11:55:45","modified_gmt":"2026-02-20T10:55:45","slug":"langarm-radtrikot-motion-dark-brown-herren","status":"publish","type":"product","link":"https:\/\/www.inverseteams.com\/de\/produkt\/langarm-radtrikot-motion-dark-brown-herren\/","title":{"rendered":"Langarm Radtrikot MOTION DARK BROWN (HERREN)"},"content":{"rendered":"<p>Herren-Thermo-Radtrikot f\u00fcr Komfort und Leistung bei niedrigen Temperaturen.<br \/>\nVorderseite und Kragen bestehen aus dem warmen und weichen SUPERROUBAIX-Thermogewebe. Unter den Achseln befinden sich CYCLON-Gewebeeins\u00e4tze mit offener Struktur f\u00fcr mehr Atmungsaktivit\u00e4t.<br \/>\nDer anatomisch geformte, hohe Kragen sorgt f\u00fcr eine perfekte Passform. Die lasergeschnittenen, flachgen\u00e4hten B\u00fcndchen mit \u201eX\u201c-Gewebeeins\u00e4tzen (HORUS) umschlie\u00dfen die Handgelenke l\u00fcckenlos und erm\u00f6glichen so das Tragen von Handschuhen ohne Reibung.<br \/>\nEs verf\u00fcgt \u00fcber drei R\u00fcckentaschen mit ISP-Sicherheitssystem. Dank des speziellen Silikongummis sitzt es perfekt in der Taille.<\/p>\n","protected":false},"excerpt":{"rendered":"<p>Herren-Thermo-Radtrikot f\u00fcr Komfort und Leistung bei niedrigen Temperaturen.<br \/>\nVorderseite und Kragen bestehen aus dem warmen und weichen SUPERROUBAIX-Thermogewebe. Unter den Achseln befinden sich CYCLON-Gewebeeins\u00e4tze mit offener Struktur f\u00fcr mehr Atmungsaktivit\u00e4t.<br \/>\nDer anatomisch geformte, hohe Kragen sorgt f\u00fcr eine perfekte Passform. Die lasergeschnittenen, flachgen\u00e4hten B\u00fcndchen mit \u201eX\u201c-Gewebeeins\u00e4tzen (HORUS) umschlie\u00dfen die Handgelenke l\u00fcckenlos und erm\u00f6glichen so das Tragen von Handschuhen ohne Reibung.<br \/>\nEs verf\u00fcgt \u00fcber drei R\u00fcckentaschen mit ISP-Sicherheitssystem. Dank des speziellen Silikongummis sitzt es perfekt in der Taille.<\/p>\n","protected":false},"featured_media":270270,"comment_status":"closed","ping_status":"closed","template":"","meta":{"_acf_changed":false},"product_brand":[],"product_cat":[11152,11153,11190],"product_tag":[],"custom_category":[],"range":[],"class_list":{"0":"post-269484","1":"product","2":"type-product","3":"status-publish","4":"has-post-thumbnail","6":"product_cat-radtrikots","7":"product_cat-b2b-de","8":"product_cat-radsportbekleidung","9":"pa_climatologia-frio-de","10":"pa_deporte-ciclismo-de","11":"pa_genero-hombre-de","12":"pa_patronaje-fit-de","13":"pa_talla-s-de","14":"pa_talla-m-de","15":"pa_talla-l-de","16":"pa_talla-xl-de","17":"pa_talla-xxl-de","18":"pa_tipo-de-prenda-maillot-manga-larga-de","20":"first","21":"instock","22":"taxable","23":"shipping-taxable","24":"purchasable","25":"product-type-variable","26":"has-default-attributes"},"acf":[],"yoast_head":"<!-- This site is optimized with the Yoast SEO plugin v27.3 - https:\/\/yoast.com\/product\/yoast-seo-wordpress\/ -->\n<title>Langarm Radtrikot MOTION DARK BROWN (HERREN)<\/title>\n<meta name=\"description\" content=\"Herren-Thermo-Radtrikot f\u00fcr Komfort und Leistung bei niedrigen Temperaturen. Vorderseite und Kragen bestehen aus dem warmen und weichen SUPERROUBAIX-Thermogewebe. Unter den Achseln befinden sich CYCLON-Gewebeeins\u00e4tze mit offener Struktur f\u00fcr mehr Atmungsaktivit\u00e4t. Der anatomisch geformte, hohe Kragen sorgt f\u00fcr eine perfekte Passform. Die lasergeschnittenen, flachgen\u00e4hten B\u00fcndchen mit \u201eX\u201c-Gewebeeins\u00e4tzen (HORUS) umschlie\u00dfen die Handgelenke l\u00fcckenlos und erm\u00f6glichen so das Tragen von Handschuhen ohne Reibung. Es verf\u00fcgt \u00fcber drei R\u00fcckentaschen mit ISP-Sicherheitssystem. Dank des speziellen Silikongummis sitzt es perfekt in der Taille.\" \/>\n<meta name=\"robots\" content=\"index, follow, max-snippet:-1, max-image-preview:large, max-video-preview:-1\" \/>\n<link rel=\"canonical\" href=\"https:\/\/www.inverseteams.com\/de\/produkt\/langarm-radtrikot-motion-dark-brown-herren\/\" \/>\n<meta property=\"og:locale\" content=\"de_DE\" \/>\n<meta property=\"og:type\" content=\"article\" \/>\n<meta property=\"og:title\" content=\"Langarm Radtrikot MOTION DARK BROWN (HERREN)\" \/>\n<meta property=\"og:description\" content=\"Herren-Thermo-Radtrikot f\u00fcr Komfort und Leistung bei niedrigen Temperaturen. Vorderseite und Kragen bestehen aus dem warmen und weichen SUPERROUBAIX-Thermogewebe. Unter den Achseln befinden sich CYCLON-Gewebeeins\u00e4tze mit offener Struktur f\u00fcr mehr Atmungsaktivit\u00e4t. Der anatomisch geformte, hohe Kragen sorgt f\u00fcr eine perfekte Passform. Die lasergeschnittenen, flachgen\u00e4hten B\u00fcndchen mit \u201eX\u201c-Gewebeeins\u00e4tzen (HORUS) umschlie\u00dfen die Handgelenke l\u00fcckenlos und erm\u00f6glichen so das Tragen von Handschuhen ohne Reibung. Es verf\u00fcgt \u00fcber drei R\u00fcckentaschen mit ISP-Sicherheitssystem. Dank des speziellen Silikongummis sitzt es perfekt in der Taille.\" \/>\n<meta property=\"og:url\" content=\"https:\/\/www.inverseteams.com\/de\/produkt\/langarm-radtrikot-motion-dark-brown-herren\/\" \/>\n<meta property=\"og:site_name\" content=\"Inverseteams\" \/>\n<meta property=\"article:publisher\" content=\"https:\/\/www.facebook.com\/inverseteams\" \/>\n<meta property=\"article:modified_time\" content=\"2026-02-20T10:55:45+00:00\" \/>\n<meta property=\"og:image\" content=\"https:\/\/www.inverseteams.com\/wp-content\/uploads\/INVERSE-MOTION-MAILLOT-SLIM-DARKBROWN-001.jpg\" \/>\n\t<meta property=\"og:image:width\" content=\"1500\" \/>\n\t<meta property=\"og:image:height\" content=\"1612\" \/>\n\t<meta property=\"og:image:type\" content=\"image\/jpeg\" \/>\n<meta name=\"twitter:card\" content=\"summary_large_image\" \/>\n<meta name=\"twitter:label1\" content=\"Gesch\u00e4tzte Lesezeit\" \/>\n\t<meta name=\"twitter:data1\" content=\"1\u00a0Minute\" \/>\n<script type=\"application\/ld+json\" class=\"yoast-schema-graph\">{\"@context\":\"https:\\\/\\\/schema.org\",\"@graph\":[{\"@type\":\"WebPage\",\"@id\":\"https:\\\/\\\/www.inverseteams.com\\\/de\\\/produkt\\\/langarm-radtrikot-motion-dark-brown-herren\\\/\",\"url\":\"https:\\\/\\\/www.inverseteams.com\\\/de\\\/produkt\\\/langarm-radtrikot-motion-dark-brown-herren\\\/\",\"name\":\"Langarm Radtrikot MOTION DARK BROWN (HERREN)\",\"isPartOf\":{\"@id\":\"https:\\\/\\\/www.inverseteams.com\\\/de\\\/#website\"},\"primaryImageOfPage\":{\"@id\":\"https:\\\/\\\/www.inverseteams.com\\\/de\\\/produkt\\\/langarm-radtrikot-motion-dark-brown-herren\\\/#primaryimage\"},\"image\":{\"@id\":\"https:\\\/\\\/www.inverseteams.com\\\/de\\\/produkt\\\/langarm-radtrikot-motion-dark-brown-herren\\\/#primaryimage\"},\"thumbnailUrl\":\"https:\\\/\\\/www.inverseteams.com\\\/wp-content\\\/uploads\\\/INVERSE-MOTION-MAILLOT-SLIM-DARKBROWN-001.jpg\",\"datePublished\":\"2025-10-03T15:04:43+00:00\",\"dateModified\":\"2026-02-20T10:55:45+00:00\",\"description\":\"Herren-Thermo-Radtrikot f\u00fcr Komfort und Leistung bei niedrigen Temperaturen. Vorderseite und Kragen bestehen aus dem warmen und weichen SUPERROUBAIX-Thermogewebe. Unter den Achseln befinden sich CYCLON-Gewebeeins\u00e4tze mit offener Struktur f\u00fcr mehr Atmungsaktivit\u00e4t. Der anatomisch geformte, hohe Kragen sorgt f\u00fcr eine perfekte Passform. Die lasergeschnittenen, flachgen\u00e4hten B\u00fcndchen mit \u201eX\u201c-Gewebeeins\u00e4tzen (HORUS) umschlie\u00dfen die Handgelenke l\u00fcckenlos und erm\u00f6glichen so das Tragen von Handschuhen ohne Reibung. Es verf\u00fcgt \u00fcber drei R\u00fcckentaschen mit ISP-Sicherheitssystem. Dank des speziellen Silikongummis sitzt es perfekt in der Taille.\",\"breadcrumb\":{\"@id\":\"https:\\\/\\\/www.inverseteams.com\\\/de\\\/produkt\\\/langarm-radtrikot-motion-dark-brown-herren\\\/#breadcrumb\"},\"inLanguage\":\"de\",\"potentialAction\":[{\"@type\":\"ReadAction\",\"target\":[\"https:\\\/\\\/www.inverseteams.com\\\/de\\\/produkt\\\/langarm-radtrikot-motion-dark-brown-herren\\\/\"]}]},{\"@type\":\"ImageObject\",\"inLanguage\":\"de\",\"@id\":\"https:\\\/\\\/www.inverseteams.com\\\/de\\\/produkt\\\/langarm-radtrikot-motion-dark-brown-herren\\\/#primaryimage\",\"url\":\"https:\\\/\\\/www.inverseteams.com\\\/wp-content\\\/uploads\\\/INVERSE-MOTION-MAILLOT-SLIM-DARKBROWN-001.jpg\",\"contentUrl\":\"https:\\\/\\\/www.inverseteams.com\\\/wp-content\\\/uploads\\\/INVERSE-MOTION-MAILLOT-SLIM-DARKBROWN-001.jpg\",\"width\":1500,\"height\":1612,\"caption\":\"maillot ciclista manga larga inverse\"},{\"@type\":\"BreadcrumbList\",\"@id\":\"https:\\\/\\\/www.inverseteams.com\\\/de\\\/produkt\\\/langarm-radtrikot-motion-dark-brown-herren\\\/#breadcrumb\",\"itemListElement\":[{\"@type\":\"ListItem\",\"position\":1,\"name\":\"Portada\",\"item\":\"https:\\\/\\\/www.inverseteams.com\\\/de\\\/\"},{\"@type\":\"ListItem\",\"position\":2,\"name\":\"Speichern\",\"item\":\"https:\\\/\\\/www.inverseteams.com\\\/de\\\/speichern\\\/\"},{\"@type\":\"ListItem\",\"position\":3,\"name\":\"Langarm Radtrikot MOTION DARK BROWN (HERREN)\"}]},{\"@type\":\"WebSite\",\"@id\":\"https:\\\/\\\/www.inverseteams.com\\\/de\\\/#website\",\"url\":\"https:\\\/\\\/www.inverseteams.com\\\/de\\\/\",\"name\":\"Inverseteams\",\"description\":\"Tu marca de ropa deportiva personalizada\",\"publisher\":{\"@id\":\"https:\\\/\\\/www.inverseteams.com\\\/de\\\/#organization\"},\"potentialAction\":[{\"@type\":\"SearchAction\",\"target\":{\"@type\":\"EntryPoint\",\"urlTemplate\":\"https:\\\/\\\/www.inverseteams.com\\\/de\\\/?s={search_term_string}\"},\"query-input\":{\"@type\":\"PropertyValueSpecification\",\"valueRequired\":true,\"valueName\":\"search_term_string\"}}],\"inLanguage\":\"de\"},{\"@type\":\"Organization\",\"@id\":\"https:\\\/\\\/www.inverseteams.com\\\/de\\\/#organization\",\"name\":\"Inverse Teams\",\"url\":\"https:\\\/\\\/www.inverseteams.com\\\/de\\\/\",\"logo\":{\"@type\":\"ImageObject\",\"inLanguage\":\"de\",\"@id\":\"https:\\\/\\\/www.inverseteams.com\\\/de\\\/#\\\/schema\\\/logo\\\/image\\\/\",\"url\":\"http:\\\/\\\/www.inverseteams.com\\\/wp-content\\\/uploads\\\/2021\\\/03\\\/logo-inverse-teams.png\",\"contentUrl\":\"http:\\\/\\\/www.inverseteams.com\\\/wp-content\\\/uploads\\\/2021\\\/03\\\/logo-inverse-teams.png\",\"width\":294,\"height\":99,\"caption\":\"Inverse Teams\"},\"image\":{\"@id\":\"https:\\\/\\\/www.inverseteams.com\\\/de\\\/#\\\/schema\\\/logo\\\/image\\\/\"},\"sameAs\":[\"https:\\\/\\\/www.facebook.com\\\/inverseteams\",\"http:\\\/\\\/instagram.com\\\/inverseteams\",\"https:\\\/\\\/www.linkedin.com\\\/company\\\/inverse-cirosport-s-l-?trk=job_view_topcard_company_name\",\"http:\\\/\\\/www.pinterest.com\\\/inverseteams\\\/\",\"http:\\\/\\\/www.youtube.com\\\/user\\\/inverseteams?feature=watch\"]}]}<\/script>\n<!-- \/ Yoast SEO plugin. -->","yoast_head_json":{"title":"Langarm Radtrikot MOTION DARK BROWN (HERREN)","description":"Herren-Thermo-Radtrikot f\u00fcr Komfort und Leistung bei niedrigen Temperaturen. Vorderseite und Kragen bestehen aus dem warmen und weichen SUPERROUBAIX-Thermogewebe. Unter den Achseln befinden sich CYCLON-Gewebeeins\u00e4tze mit offener Struktur f\u00fcr mehr Atmungsaktivit\u00e4t. Der anatomisch geformte, hohe Kragen sorgt f\u00fcr eine perfekte Passform. Die lasergeschnittenen, flachgen\u00e4hten B\u00fcndchen mit \u201eX\u201c-Gewebeeins\u00e4tzen (HORUS) umschlie\u00dfen die Handgelenke l\u00fcckenlos und erm\u00f6glichen so das Tragen von Handschuhen ohne Reibung. Es verf\u00fcgt \u00fcber drei R\u00fcckentaschen mit ISP-Sicherheitssystem. Dank des speziellen Silikongummis sitzt es perfekt in der Taille.","robots":{"index":"index","follow":"follow","max-snippet":"max-snippet:-1","max-image-preview":"max-image-preview:large","max-video-preview":"max-video-preview:-1"},"canonical":"https:\/\/www.inverseteams.com\/de\/produkt\/langarm-radtrikot-motion-dark-brown-herren\/","og_locale":"de_DE","og_type":"article","og_title":"Langarm Radtrikot MOTION DARK BROWN (HERREN)","og_description":"Herren-Thermo-Radtrikot f\u00fcr Komfort und Leistung bei niedrigen Temperaturen. Vorderseite und Kragen bestehen aus dem warmen und weichen SUPERROUBAIX-Thermogewebe. Unter den Achseln befinden sich CYCLON-Gewebeeins\u00e4tze mit offener Struktur f\u00fcr mehr Atmungsaktivit\u00e4t. Der anatomisch geformte, hohe Kragen sorgt f\u00fcr eine perfekte Passform. Die lasergeschnittenen, flachgen\u00e4hten B\u00fcndchen mit \u201eX\u201c-Gewebeeins\u00e4tzen (HORUS) umschlie\u00dfen die Handgelenke l\u00fcckenlos und erm\u00f6glichen so das Tragen von Handschuhen ohne Reibung. Es verf\u00fcgt \u00fcber drei R\u00fcckentaschen mit ISP-Sicherheitssystem. Dank des speziellen Silikongummis sitzt es perfekt in der Taille.","og_url":"https:\/\/www.inverseteams.com\/de\/produkt\/langarm-radtrikot-motion-dark-brown-herren\/","og_site_name":"Inverseteams","article_publisher":"https:\/\/www.facebook.com\/inverseteams","article_modified_time":"2026-02-20T10:55:45+00:00","og_image":[{"width":1500,"height":1612,"url":"https:\/\/www.inverseteams.com\/wp-content\/uploads\/INVERSE-MOTION-MAILLOT-SLIM-DARKBROWN-001.jpg","type":"image\/jpeg"}],"twitter_card":"summary_large_image","twitter_misc":{"Gesch\u00e4tzte Lesezeit":"1\u00a0Minute"},"schema":{"@context":"https:\/\/schema.org","@graph":[{"@type":"WebPage","@id":"https:\/\/www.inverseteams.com\/de\/produkt\/langarm-radtrikot-motion-dark-brown-herren\/","url":"https:\/\/www.inverseteams.com\/de\/produkt\/langarm-radtrikot-motion-dark-brown-herren\/","name":"Langarm Radtrikot MOTION DARK BROWN (HERREN)","isPartOf":{"@id":"https:\/\/www.inverseteams.com\/de\/#website"},"primaryImageOfPage":{"@id":"https:\/\/www.inverseteams.com\/de\/produkt\/langarm-radtrikot-motion-dark-brown-herren\/#primaryimage"},"image":{"@id":"https:\/\/www.inverseteams.com\/de\/produkt\/langarm-radtrikot-motion-dark-brown-herren\/#primaryimage"},"thumbnailUrl":"https:\/\/www.inverseteams.com\/wp-content\/uploads\/INVERSE-MOTION-MAILLOT-SLIM-DARKBROWN-001.jpg","datePublished":"2025-10-03T15:04:43+00:00","dateModified":"2026-02-20T10:55:45+00:00","description":"Herren-Thermo-Radtrikot f\u00fcr Komfort und Leistung bei niedrigen Temperaturen. Vorderseite und Kragen bestehen aus dem warmen und weichen SUPERROUBAIX-Thermogewebe. Unter den Achseln befinden sich CYCLON-Gewebeeins\u00e4tze mit offener Struktur f\u00fcr mehr Atmungsaktivit\u00e4t. Der anatomisch geformte, hohe Kragen sorgt f\u00fcr eine perfekte Passform. Die lasergeschnittenen, flachgen\u00e4hten B\u00fcndchen mit \u201eX\u201c-Gewebeeins\u00e4tzen (HORUS) umschlie\u00dfen die Handgelenke l\u00fcckenlos und erm\u00f6glichen so das Tragen von Handschuhen ohne Reibung. Es verf\u00fcgt \u00fcber drei R\u00fcckentaschen mit ISP-Sicherheitssystem. Dank des speziellen Silikongummis sitzt es perfekt in der Taille.","breadcrumb":{"@id":"https:\/\/www.inverseteams.com\/de\/produkt\/langarm-radtrikot-motion-dark-brown-herren\/#breadcrumb"},"inLanguage":"de","potentialAction":[{"@type":"ReadAction","target":["https:\/\/www.inverseteams.com\/de\/produkt\/langarm-radtrikot-motion-dark-brown-herren\/"]}]},{"@type":"ImageObject","inLanguage":"de","@id":"https:\/\/www.inverseteams.com\/de\/produkt\/langarm-radtrikot-motion-dark-brown-herren\/#primaryimage","url":"https:\/\/www.inverseteams.com\/wp-content\/uploads\/INVERSE-MOTION-MAILLOT-SLIM-DARKBROWN-001.jpg","contentUrl":"https:\/\/www.inverseteams.com\/wp-content\/uploads\/INVERSE-MOTION-MAILLOT-SLIM-DARKBROWN-001.jpg","width":1500,"height":1612,"caption":"maillot ciclista manga larga inverse"},{"@type":"BreadcrumbList","@id":"https:\/\/www.inverseteams.com\/de\/produkt\/langarm-radtrikot-motion-dark-brown-herren\/#breadcrumb","itemListElement":[{"@type":"ListItem","position":1,"name":"Portada","item":"https:\/\/www.inverseteams.com\/de\/"},{"@type":"ListItem","position":2,"name":"Speichern","item":"https:\/\/www.inverseteams.com\/de\/speichern\/"},{"@type":"ListItem","position":3,"name":"Langarm Radtrikot MOTION DARK BROWN (HERREN)"}]},{"@type":"WebSite","@id":"https:\/\/www.inverseteams.com\/de\/#website","url":"https:\/\/www.inverseteams.com\/de\/","name":"Inverseteams","description":"Tu marca de ropa deportiva personalizada","publisher":{"@id":"https:\/\/www.inverseteams.com\/de\/#organization"},"potentialAction":[{"@type":"SearchAction","target":{"@type":"EntryPoint","urlTemplate":"https:\/\/www.inverseteams.com\/de\/?s={search_term_string}"},"query-input":{"@type":"PropertyValueSpecification","valueRequired":true,"valueName":"search_term_string"}}],"inLanguage":"de"},{"@type":"Organization","@id":"https:\/\/www.inverseteams.com\/de\/#organization","name":"Inverse Teams","url":"https:\/\/www.inverseteams.com\/de\/","logo":{"@type":"ImageObject","inLanguage":"de","@id":"https:\/\/www.inverseteams.com\/de\/#\/schema\/logo\/image\/","url":"https:\/\/www.inverseteams.com\/wp-content\/uploads\/2021\/03\/logo-inverse-teams.png","contentUrl":"https:\/\/www.inverseteams.com\/wp-content\/uploads\/2021\/03\/logo-inverse-teams.png","width":294,"height":99,"caption":"Inverse Teams"},"image":{"@id":"https:\/\/www.inverseteams.com\/de\/#\/schema\/logo\/image\/"},"sameAs":["https:\/\/www.facebook.com\/inverseteams","http:\/\/instagram.com\/inverseteams","https:\/\/www.linkedin.com\/company\/inverse-cirosport-s-l-?trk=job_view_topcard_company_name","http:\/\/www.pinterest.com\/inverseteams\/","http:\/\/www.youtube.com\/user\/inverseteams?feature=watch"]}]}},"_links":{"self":[{"href":"https:\/\/www.inverseteams.com\/de\/wp-json\/wp\/v2\/product\/269484","targetHints":{"allow":["GET"]}}],"collection":[{"href":"https:\/\/www.inverseteams.com\/de\/wp-json\/wp\/v2\/product"}],"about":[{"href":"https:\/\/www.inverseteams.com\/de\/wp-json\/wp\/v2\/types\/product"}],"replies":[{"embeddable":true,"href":"https:\/\/www.inverseteams.com\/de\/wp-json\/wp\/v2\/comments?post=269484"}],"wp:featuredmedia":[{"embeddable":true,"href":"https:\/\/www.inverseteams.com\/de\/wp-json\/wp\/v2\/media\/270270"}],"wp:attachment":[{"href":"https:\/\/www.inverseteams.com\/de\/wp-json\/wp\/v2\/media?parent=269484"}],"wp:term":[{"taxonomy":"product_brand","embeddable":true,"href":"https:\/\/www.inverseteams.com\/de\/wp-json\/wp\/v2\/product_brand?post=269484"},{"taxonomy":"product_cat","embeddable":true,"href":"https:\/\/www.inverseteams.com\/de\/wp-json\/wp\/v2\/product_cat?post=269484"},{"taxonomy":"product_tag","embeddable":true,"href":"https:\/\/www.inverseteams.com\/de\/wp-json\/wp\/v2\/product_tag?post=269484"},{"taxonomy":"custom_category","embeddable":true,"href":"https:\/\/www.inverseteams.com\/de\/wp-json\/wp\/v2\/custom_category?post=269484"},{"taxonomy":"range","embeddable":true,"href":"https:\/\/www.inverseteams.com\/de\/wp-json\/wp\/v2\/range?post=269484"}],"curies":[{"name":"wp","href":"https:\/\/api.w.org\/{rel}","templated":true}]}}