{"id":269194,"date":"2025-10-03T14:15:57","date_gmt":"2025-10-03T14:15:57","guid":{"rendered":"https:\/\/www.inverseteams.com\/?post_type=product&#038;p=269194"},"modified":"2026-03-15T15:22:41","modified_gmt":"2026-03-15T14:22:41","slug":"radweste-essenz-eclipse-unisex","status":"publish","type":"product","link":"https:\/\/www.inverseteams.com\/de\/produkt\/radweste-essenz-eclipse-unisex\/","title":{"rendered":"Radweste ESSENZ ECLIPSE (UNISEX)"},"content":{"rendered":"<p data-start=\"5239\" data-end=\"5527\">Die ESSENZ ECLIPSE Radweste wurde entwickelt, um Schutz, Leichtigkeit und Vielseitigkeit zu bieten und ist die perfekte Erg\u00e4nzung f\u00fcr Stra\u00dfenradfahren, Gravel-Touren und Training bei wechselhaftem Wetter.<br \/>\nDiese ultraleichte winddichte und wasserabweisende Fahrradweste ist sehr kompakt und l\u00e4sst sich <strong data-start=\"5629\" data-end=\"5670\">einfach in der Trikottasche verstauen<\/strong>, wenn sie nicht ben\u00f6tigt wird. Sie sch\u00fctzt zuverl\u00e4ssig vor Wind und pl\u00f6tzlichen Temperaturwechseln w\u00e4hrend der Fahrt.<br \/>\nDer R\u00fcckenbereich besteht aus <strong data-start=\"5820\" data-end=\"5850\">atmungsaktivem Mesh-Gewebe<\/strong>, das die Bel\u00fcftung verbessert und den Schwei\u00dftransport unterst\u00fctzt, sodass der K\u00f6rper auch bei intensiven Anstrengungen trocken bleibt.<br \/>\nF\u00fcr zus\u00e4tzlichen Komfort verf\u00fcgt die Weste \u00fcber <strong data-start=\"6036\" data-end=\"6071\">zwei \u00d6ffnungen im Lendenbereich<\/strong>, die einen schnellen Zugriff auf die Trikottaschen erm\u00f6glichen, ohne die Weste \u00f6ffnen zu m\u00fcssen.<br \/>\nDer <strong data-start=\"6174\" data-end=\"6210\">elastische Saum mit Silikon-Grip<\/strong> sorgt f\u00fcr einen stabilen Sitz w\u00e4hrend des Fahrens. Zus\u00e4tzlich verbessert ein <strong data-start=\"6288\" data-end=\"6314\">reflektierendes Detail<\/strong> die Sichtbarkeit bei schlechten Lichtverh\u00e4ltnissen.<br \/>\nDer <strong data-start=\"6372\" data-end=\"6407\">YKK Magnet-Doppelrei\u00dfverschluss<\/strong> kann von oben oder unten ge\u00f6ffnet werden und erm\u00f6glicht eine einfache Bel\u00fcftung. Mit einer <strong data-start=\"6499\" data-end=\"6528\">Wassers\u00e4ule von 10.000 mm<\/strong> bietet die ESSENZ ECLIPSE zuverl\u00e4ssigen Schutz vor leichtem Regen und Wind.<br \/>\n<strong>Die ESSENZ ECLIPSE Radweste ist ideal f\u00fcr Radfahrer, die eine leichte, kompakte und funktionale Fahrradweste suchen, perfekt f\u00fcr lange Fahrten und wechselhafte Wetterbedingungen.<\/strong><\/p>\n","protected":false},"excerpt":{"rendered":"<p>Die ESSENZ ECLIPSE Radweste wurde entwickelt, um Schutz, Leichtigkeit und Vielseitigkeit zu bieten und ist die perfekte Erg\u00e4nzung f\u00fcr Stra\u00dfenradfahren, Gravel-Touren und Training bei wechselhaftem Wetter.<br \/>\nDiese ultraleichte winddichte und wasserabweisende Fahrradweste ist sehr kompakt und l\u00e4sst sich <strong data-start=\"5629\" data-end=\"5670\">einfach in der Trikottasche verstauen<\/strong>, wenn sie nicht ben\u00f6tigt wird. Sie sch\u00fctzt zuverl\u00e4ssig vor Wind und pl\u00f6tzlichen Temperaturwechseln w\u00e4hrend der Fahrt.<br \/>\nDer R\u00fcckenbereich besteht aus <strong data-start=\"5820\" data-end=\"5850\">atmungsaktivem Mesh-Gewebe<\/strong>, das die Bel\u00fcftung verbessert und den Schwei\u00dftransport unterst\u00fctzt, sodass der K\u00f6rper auch bei intensiven Anstrengungen trocken bleibt.<br \/>\nF\u00fcr zus\u00e4tzlichen Komfort verf\u00fcgt die Weste \u00fcber <strong data-start=\"6036\" data-end=\"6071\">zwei \u00d6ffnungen im Lendenbereich<\/strong>, die einen schnellen Zugriff auf die Trikottaschen erm\u00f6glichen, ohne die Weste \u00f6ffnen zu m\u00fcssen.<br \/>\nDer <strong data-start=\"6174\" data-end=\"6210\">elastische Saum mit Silikon-Grip<\/strong> sorgt f\u00fcr einen stabilen Sitz w\u00e4hrend des Fahrens. Zus\u00e4tzlich verbessert ein <strong data-start=\"6288\" data-end=\"6314\">reflektierendes Detail<\/strong> die Sichtbarkeit bei schlechten Lichtverh\u00e4ltnissen.<br \/>\nDer <strong data-start=\"6372\" data-end=\"6407\">YKK Magnet-Doppelrei\u00dfverschluss<\/strong> kann von oben oder unten ge\u00f6ffnet werden und erm\u00f6glicht eine einfache Bel\u00fcftung. Mit einer <strong data-start=\"6499\" data-end=\"6528\">Wassers\u00e4ule von 10.000 mm<\/strong> bietet die ESSENZ ECLIPSE zuverl\u00e4ssigen Schutz vor leichtem Regen und Wind.<br \/>\n<strong>Die ESSENZ ECLIPSE Radweste ist ideal f\u00fcr Radfahrer, die eine leichte, kompakte und funktionale Fahrradweste suchen, perfekt f\u00fcr lange Fahrten und wechselhafte Wetterbedingungen.<\/strong><\/p>\n","protected":false},"featured_media":280559,"comment_status":"closed","ping_status":"closed","template":"","meta":{"_acf_changed":false},"product_brand":[],"product_cat":[11153,11190,11160,11258],"product_tag":[],"custom_category":[],"range":[],"class_list":{"0":"post-269194","1":"product","2":"type-product","3":"status-publish","4":"has-post-thumbnail","6":"product_cat-b2b-de","7":"product_cat-radsportbekleidung","8":"product_cat-radwesten","9":"product_cat-gravel-de","10":"pa_climatologia-lluvia-de","11":"pa_climatologia-viento-de","12":"pa_climatologia-temperatura-templada-de","13":"pa_deporte-ciclismo-de","14":"pa_genero-hombre-de","15":"pa_genero-mujer-de","16":"pa_patronaje-regular-de","17":"pa_talla-xs-de","18":"pa_talla-s-de","19":"pa_talla-m-de","20":"pa_talla-l-de","21":"pa_talla-xl-de","22":"pa_talla-xxl-de","23":"pa_tipo-de-prenda-chaleco-de","25":"first","26":"instock","27":"taxable","28":"shipping-taxable","29":"purchasable","30":"product-type-variable","31":"has-default-attributes"},"acf":[],"yoast_head":"<!-- This site is optimized with the Yoast SEO plugin v27.3 - https:\/\/yoast.com\/product\/yoast-seo-wordpress\/ -->\n<title>Radweste ESSENZ ECLIPSE (UNISEX)<\/title>\n<meta name=\"description\" content=\"Die ESSENZ ECLIPSE Radweste wurde entwickelt, um Schutz, Leichtigkeit und Vielseitigkeit zu bieten und ist die perfekte Erg\u00e4nzung f\u00fcr Stra\u00dfenradfahren, Gravel-Touren und Training bei wechselhaftem Wetter. Diese ultraleichte winddichte und wasserabweisende Fahrradweste ist sehr kompakt und l\u00e4sst sich einfach in der Trikottasche verstauen, wenn sie nicht ben\u00f6tigt wird. Sie sch\u00fctzt zuverl\u00e4ssig vor Wind und pl\u00f6tzlichen Temperaturwechseln w\u00e4hrend der Fahrt. Der R\u00fcckenbereich besteht aus atmungsaktivem Mesh-Gewebe, das die Bel\u00fcftung verbessert und den Schwei\u00dftransport unterst\u00fctzt, sodass der K\u00f6rper auch bei intensiven Anstrengungen trocken bleibt. F\u00fcr zus\u00e4tzlichen Komfort verf\u00fcgt die Weste \u00fcber zwei \u00d6ffnungen im Lendenbereich, die einen schnellen Zugriff auf die Trikottaschen erm\u00f6glichen, ohne die Weste \u00f6ffnen zu m\u00fcssen. Der elastische Saum mit Silikon-Grip sorgt f\u00fcr einen stabilen Sitz w\u00e4hrend des Fahrens. Zus\u00e4tzlich verbessert ein reflektierendes Detail die Sichtbarkeit bei schlechten Lichtverh\u00e4ltnissen. Der YKK Magnet-Doppelrei\u00dfverschluss kann von oben oder unten ge\u00f6ffnet werden und erm\u00f6glicht eine einfache Bel\u00fcftung. Mit einer Wassers\u00e4ule von 10.000 mm bietet die ESSENZ ECLIPSE zuverl\u00e4ssigen Schutz vor leichtem Regen und Wind. Die ESSENZ ECLIPSE Radweste ist ideal f\u00fcr Radfahrer, die eine leichte, kompakte und funktionale Fahrradweste suchen, perfekt f\u00fcr lange Fahrten und wechselhafte Wetterbedingungen.\" \/>\n<meta name=\"robots\" content=\"index, follow, max-snippet:-1, max-image-preview:large, max-video-preview:-1\" \/>\n<link rel=\"canonical\" href=\"https:\/\/www.inverseteams.com\/de\/produkt\/radweste-essenz-eclipse-unisex\/\" \/>\n<meta property=\"og:locale\" content=\"de_DE\" \/>\n<meta property=\"og:type\" content=\"article\" \/>\n<meta property=\"og:title\" content=\"Radweste ESSENZ ECLIPSE (UNISEX)\" \/>\n<meta property=\"og:description\" content=\"Die ESSENZ ECLIPSE Radweste wurde entwickelt, um Schutz, Leichtigkeit und Vielseitigkeit zu bieten und ist die perfekte Erg\u00e4nzung f\u00fcr Stra\u00dfenradfahren, Gravel-Touren und Training bei wechselhaftem Wetter. Diese ultraleichte winddichte und wasserabweisende Fahrradweste ist sehr kompakt und l\u00e4sst sich einfach in der Trikottasche verstauen, wenn sie nicht ben\u00f6tigt wird. Sie sch\u00fctzt zuverl\u00e4ssig vor Wind und pl\u00f6tzlichen Temperaturwechseln w\u00e4hrend der Fahrt. Der R\u00fcckenbereich besteht aus atmungsaktivem Mesh-Gewebe, das die Bel\u00fcftung verbessert und den Schwei\u00dftransport unterst\u00fctzt, sodass der K\u00f6rper auch bei intensiven Anstrengungen trocken bleibt. F\u00fcr zus\u00e4tzlichen Komfort verf\u00fcgt die Weste \u00fcber zwei \u00d6ffnungen im Lendenbereich, die einen schnellen Zugriff auf die Trikottaschen erm\u00f6glichen, ohne die Weste \u00f6ffnen zu m\u00fcssen. Der elastische Saum mit Silikon-Grip sorgt f\u00fcr einen stabilen Sitz w\u00e4hrend des Fahrens. Zus\u00e4tzlich verbessert ein reflektierendes Detail die Sichtbarkeit bei schlechten Lichtverh\u00e4ltnissen. Der YKK Magnet-Doppelrei\u00dfverschluss kann von oben oder unten ge\u00f6ffnet werden und erm\u00f6glicht eine einfache Bel\u00fcftung. Mit einer Wassers\u00e4ule von 10.000 mm bietet die ESSENZ ECLIPSE zuverl\u00e4ssigen Schutz vor leichtem Regen und Wind. Die ESSENZ ECLIPSE Radweste ist ideal f\u00fcr Radfahrer, die eine leichte, kompakte und funktionale Fahrradweste suchen, perfekt f\u00fcr lange Fahrten und wechselhafte Wetterbedingungen.\" \/>\n<meta property=\"og:url\" content=\"https:\/\/www.inverseteams.com\/de\/produkt\/radweste-essenz-eclipse-unisex\/\" \/>\n<meta property=\"og:site_name\" content=\"Inverseteams\" \/>\n<meta property=\"article:publisher\" content=\"https:\/\/www.facebook.com\/inverseteams\" \/>\n<meta property=\"article:modified_time\" content=\"2026-03-15T14:22:41+00:00\" \/>\n<meta property=\"og:image\" content=\"https:\/\/www.inverseteams.com\/wp-content\/uploads\/INVERSE-UNISEX-CHALECO-ESSENZ-ECLIPSE-001.jpg\" \/>\n\t<meta property=\"og:image:width\" content=\"1500\" \/>\n\t<meta property=\"og:image:height\" content=\"1612\" \/>\n\t<meta property=\"og:image:type\" content=\"image\/jpeg\" \/>\n<meta name=\"twitter:card\" content=\"summary_large_image\" \/>\n<meta name=\"twitter:label1\" content=\"Gesch\u00e4tzte Lesezeit\" \/>\n\t<meta name=\"twitter:data1\" content=\"2\u00a0Minute\" \/>\n<script type=\"application\/ld+json\" class=\"yoast-schema-graph\">{\"@context\":\"https:\\\/\\\/schema.org\",\"@graph\":[{\"@type\":\"WebPage\",\"@id\":\"https:\\\/\\\/www.inverseteams.com\\\/de\\\/produkt\\\/radweste-essenz-eclipse-unisex\\\/\",\"url\":\"https:\\\/\\\/www.inverseteams.com\\\/de\\\/produkt\\\/radweste-essenz-eclipse-unisex\\\/\",\"name\":\"Radweste ESSENZ ECLIPSE (UNISEX)\",\"isPartOf\":{\"@id\":\"https:\\\/\\\/www.inverseteams.com\\\/de\\\/#website\"},\"primaryImageOfPage\":{\"@id\":\"https:\\\/\\\/www.inverseteams.com\\\/de\\\/produkt\\\/radweste-essenz-eclipse-unisex\\\/#primaryimage\"},\"image\":{\"@id\":\"https:\\\/\\\/www.inverseteams.com\\\/de\\\/produkt\\\/radweste-essenz-eclipse-unisex\\\/#primaryimage\"},\"thumbnailUrl\":\"https:\\\/\\\/www.inverseteams.com\\\/wp-content\\\/uploads\\\/INVERSE-UNISEX-CHALECO-ESSENZ-ECLIPSE-001.jpg\",\"datePublished\":\"2025-10-03T14:15:57+00:00\",\"dateModified\":\"2026-03-15T14:22:41+00:00\",\"description\":\"Die ESSENZ ECLIPSE Radweste wurde entwickelt, um Schutz, Leichtigkeit und Vielseitigkeit zu bieten und ist die perfekte Erg\u00e4nzung f\u00fcr Stra\u00dfenradfahren, Gravel-Touren und Training bei wechselhaftem Wetter. Diese ultraleichte winddichte und wasserabweisende Fahrradweste ist sehr kompakt und l\u00e4sst sich einfach in der Trikottasche verstauen, wenn sie nicht ben\u00f6tigt wird. Sie sch\u00fctzt zuverl\u00e4ssig vor Wind und pl\u00f6tzlichen Temperaturwechseln w\u00e4hrend der Fahrt. Der R\u00fcckenbereich besteht aus atmungsaktivem Mesh-Gewebe, das die Bel\u00fcftung verbessert und den Schwei\u00dftransport unterst\u00fctzt, sodass der K\u00f6rper auch bei intensiven Anstrengungen trocken bleibt. F\u00fcr zus\u00e4tzlichen Komfort verf\u00fcgt die Weste \u00fcber zwei \u00d6ffnungen im Lendenbereich, die einen schnellen Zugriff auf die Trikottaschen erm\u00f6glichen, ohne die Weste \u00f6ffnen zu m\u00fcssen. Der elastische Saum mit Silikon-Grip sorgt f\u00fcr einen stabilen Sitz w\u00e4hrend des Fahrens. Zus\u00e4tzlich verbessert ein reflektierendes Detail die Sichtbarkeit bei schlechten Lichtverh\u00e4ltnissen. Der YKK Magnet-Doppelrei\u00dfverschluss kann von oben oder unten ge\u00f6ffnet werden und erm\u00f6glicht eine einfache Bel\u00fcftung. Mit einer Wassers\u00e4ule von 10.000 mm bietet die ESSENZ ECLIPSE zuverl\u00e4ssigen Schutz vor leichtem Regen und Wind. Die ESSENZ ECLIPSE Radweste ist ideal f\u00fcr Radfahrer, die eine leichte, kompakte und funktionale Fahrradweste suchen, perfekt f\u00fcr lange Fahrten und wechselhafte Wetterbedingungen.\",\"breadcrumb\":{\"@id\":\"https:\\\/\\\/www.inverseteams.com\\\/de\\\/produkt\\\/radweste-essenz-eclipse-unisex\\\/#breadcrumb\"},\"inLanguage\":\"de\",\"potentialAction\":[{\"@type\":\"ReadAction\",\"target\":[\"https:\\\/\\\/www.inverseteams.com\\\/de\\\/produkt\\\/radweste-essenz-eclipse-unisex\\\/\"]}]},{\"@type\":\"ImageObject\",\"inLanguage\":\"de\",\"@id\":\"https:\\\/\\\/www.inverseteams.com\\\/de\\\/produkt\\\/radweste-essenz-eclipse-unisex\\\/#primaryimage\",\"url\":\"https:\\\/\\\/www.inverseteams.com\\\/wp-content\\\/uploads\\\/INVERSE-UNISEX-CHALECO-ESSENZ-ECLIPSE-001.jpg\",\"contentUrl\":\"https:\\\/\\\/www.inverseteams.com\\\/wp-content\\\/uploads\\\/INVERSE-UNISEX-CHALECO-ESSENZ-ECLIPSE-001.jpg\",\"width\":1500,\"height\":1612},{\"@type\":\"BreadcrumbList\",\"@id\":\"https:\\\/\\\/www.inverseteams.com\\\/de\\\/produkt\\\/radweste-essenz-eclipse-unisex\\\/#breadcrumb\",\"itemListElement\":[{\"@type\":\"ListItem\",\"position\":1,\"name\":\"Portada\",\"item\":\"https:\\\/\\\/www.inverseteams.com\\\/de\\\/\"},{\"@type\":\"ListItem\",\"position\":2,\"name\":\"Speichern\",\"item\":\"https:\\\/\\\/www.inverseteams.com\\\/de\\\/speichern\\\/\"},{\"@type\":\"ListItem\",\"position\":3,\"name\":\"Radweste ESSENZ ECLIPSE (UNISEX)\"}]},{\"@type\":\"WebSite\",\"@id\":\"https:\\\/\\\/www.inverseteams.com\\\/de\\\/#website\",\"url\":\"https:\\\/\\\/www.inverseteams.com\\\/de\\\/\",\"name\":\"Inverseteams\",\"description\":\"Tu marca de ropa deportiva personalizada\",\"publisher\":{\"@id\":\"https:\\\/\\\/www.inverseteams.com\\\/de\\\/#organization\"},\"potentialAction\":[{\"@type\":\"SearchAction\",\"target\":{\"@type\":\"EntryPoint\",\"urlTemplate\":\"https:\\\/\\\/www.inverseteams.com\\\/de\\\/?s={search_term_string}\"},\"query-input\":{\"@type\":\"PropertyValueSpecification\",\"valueRequired\":true,\"valueName\":\"search_term_string\"}}],\"inLanguage\":\"de\"},{\"@type\":\"Organization\",\"@id\":\"https:\\\/\\\/www.inverseteams.com\\\/de\\\/#organization\",\"name\":\"Inverse Teams\",\"url\":\"https:\\\/\\\/www.inverseteams.com\\\/de\\\/\",\"logo\":{\"@type\":\"ImageObject\",\"inLanguage\":\"de\",\"@id\":\"https:\\\/\\\/www.inverseteams.com\\\/de\\\/#\\\/schema\\\/logo\\\/image\\\/\",\"url\":\"http:\\\/\\\/www.inverseteams.com\\\/wp-content\\\/uploads\\\/2021\\\/03\\\/logo-inverse-teams.png\",\"contentUrl\":\"http:\\\/\\\/www.inverseteams.com\\\/wp-content\\\/uploads\\\/2021\\\/03\\\/logo-inverse-teams.png\",\"width\":294,\"height\":99,\"caption\":\"Inverse Teams\"},\"image\":{\"@id\":\"https:\\\/\\\/www.inverseteams.com\\\/de\\\/#\\\/schema\\\/logo\\\/image\\\/\"},\"sameAs\":[\"https:\\\/\\\/www.facebook.com\\\/inverseteams\",\"http:\\\/\\\/instagram.com\\\/inverseteams\",\"https:\\\/\\\/www.linkedin.com\\\/company\\\/inverse-cirosport-s-l-?trk=job_view_topcard_company_name\",\"http:\\\/\\\/www.pinterest.com\\\/inverseteams\\\/\",\"http:\\\/\\\/www.youtube.com\\\/user\\\/inverseteams?feature=watch\"]}]}<\/script>\n<!-- \/ Yoast SEO plugin. -->","yoast_head_json":{"title":"Radweste ESSENZ ECLIPSE (UNISEX)","description":"Die ESSENZ ECLIPSE Radweste wurde entwickelt, um Schutz, Leichtigkeit und Vielseitigkeit zu bieten und ist die perfekte Erg\u00e4nzung f\u00fcr Stra\u00dfenradfahren, Gravel-Touren und Training bei wechselhaftem Wetter. Diese ultraleichte winddichte und wasserabweisende Fahrradweste ist sehr kompakt und l\u00e4sst sich einfach in der Trikottasche verstauen, wenn sie nicht ben\u00f6tigt wird. Sie sch\u00fctzt zuverl\u00e4ssig vor Wind und pl\u00f6tzlichen Temperaturwechseln w\u00e4hrend der Fahrt. Der R\u00fcckenbereich besteht aus atmungsaktivem Mesh-Gewebe, das die Bel\u00fcftung verbessert und den Schwei\u00dftransport unterst\u00fctzt, sodass der K\u00f6rper auch bei intensiven Anstrengungen trocken bleibt. F\u00fcr zus\u00e4tzlichen Komfort verf\u00fcgt die Weste \u00fcber zwei \u00d6ffnungen im Lendenbereich, die einen schnellen Zugriff auf die Trikottaschen erm\u00f6glichen, ohne die Weste \u00f6ffnen zu m\u00fcssen. Der elastische Saum mit Silikon-Grip sorgt f\u00fcr einen stabilen Sitz w\u00e4hrend des Fahrens. Zus\u00e4tzlich verbessert ein reflektierendes Detail die Sichtbarkeit bei schlechten Lichtverh\u00e4ltnissen. Der YKK Magnet-Doppelrei\u00dfverschluss kann von oben oder unten ge\u00f6ffnet werden und erm\u00f6glicht eine einfache Bel\u00fcftung. Mit einer Wassers\u00e4ule von 10.000 mm bietet die ESSENZ ECLIPSE zuverl\u00e4ssigen Schutz vor leichtem Regen und Wind. Die ESSENZ ECLIPSE Radweste ist ideal f\u00fcr Radfahrer, die eine leichte, kompakte und funktionale Fahrradweste suchen, perfekt f\u00fcr lange Fahrten und wechselhafte Wetterbedingungen.","robots":{"index":"index","follow":"follow","max-snippet":"max-snippet:-1","max-image-preview":"max-image-preview:large","max-video-preview":"max-video-preview:-1"},"canonical":"https:\/\/www.inverseteams.com\/de\/produkt\/radweste-essenz-eclipse-unisex\/","og_locale":"de_DE","og_type":"article","og_title":"Radweste ESSENZ ECLIPSE (UNISEX)","og_description":"Die ESSENZ ECLIPSE Radweste wurde entwickelt, um Schutz, Leichtigkeit und Vielseitigkeit zu bieten und ist die perfekte Erg\u00e4nzung f\u00fcr Stra\u00dfenradfahren, Gravel-Touren und Training bei wechselhaftem Wetter. Diese ultraleichte winddichte und wasserabweisende Fahrradweste ist sehr kompakt und l\u00e4sst sich einfach in der Trikottasche verstauen, wenn sie nicht ben\u00f6tigt wird. Sie sch\u00fctzt zuverl\u00e4ssig vor Wind und pl\u00f6tzlichen Temperaturwechseln w\u00e4hrend der Fahrt. Der R\u00fcckenbereich besteht aus atmungsaktivem Mesh-Gewebe, das die Bel\u00fcftung verbessert und den Schwei\u00dftransport unterst\u00fctzt, sodass der K\u00f6rper auch bei intensiven Anstrengungen trocken bleibt. F\u00fcr zus\u00e4tzlichen Komfort verf\u00fcgt die Weste \u00fcber zwei \u00d6ffnungen im Lendenbereich, die einen schnellen Zugriff auf die Trikottaschen erm\u00f6glichen, ohne die Weste \u00f6ffnen zu m\u00fcssen. Der elastische Saum mit Silikon-Grip sorgt f\u00fcr einen stabilen Sitz w\u00e4hrend des Fahrens. Zus\u00e4tzlich verbessert ein reflektierendes Detail die Sichtbarkeit bei schlechten Lichtverh\u00e4ltnissen. Der YKK Magnet-Doppelrei\u00dfverschluss kann von oben oder unten ge\u00f6ffnet werden und erm\u00f6glicht eine einfache Bel\u00fcftung. Mit einer Wassers\u00e4ule von 10.000 mm bietet die ESSENZ ECLIPSE zuverl\u00e4ssigen Schutz vor leichtem Regen und Wind. Die ESSENZ ECLIPSE Radweste ist ideal f\u00fcr Radfahrer, die eine leichte, kompakte und funktionale Fahrradweste suchen, perfekt f\u00fcr lange Fahrten und wechselhafte Wetterbedingungen.","og_url":"https:\/\/www.inverseteams.com\/de\/produkt\/radweste-essenz-eclipse-unisex\/","og_site_name":"Inverseteams","article_publisher":"https:\/\/www.facebook.com\/inverseteams","article_modified_time":"2026-03-15T14:22:41+00:00","og_image":[{"width":1500,"height":1612,"url":"https:\/\/www.inverseteams.com\/wp-content\/uploads\/INVERSE-UNISEX-CHALECO-ESSENZ-ECLIPSE-001.jpg","type":"image\/jpeg"}],"twitter_card":"summary_large_image","twitter_misc":{"Gesch\u00e4tzte Lesezeit":"2\u00a0Minute"},"schema":{"@context":"https:\/\/schema.org","@graph":[{"@type":"WebPage","@id":"https:\/\/www.inverseteams.com\/de\/produkt\/radweste-essenz-eclipse-unisex\/","url":"https:\/\/www.inverseteams.com\/de\/produkt\/radweste-essenz-eclipse-unisex\/","name":"Radweste ESSENZ ECLIPSE (UNISEX)","isPartOf":{"@id":"https:\/\/www.inverseteams.com\/de\/#website"},"primaryImageOfPage":{"@id":"https:\/\/www.inverseteams.com\/de\/produkt\/radweste-essenz-eclipse-unisex\/#primaryimage"},"image":{"@id":"https:\/\/www.inverseteams.com\/de\/produkt\/radweste-essenz-eclipse-unisex\/#primaryimage"},"thumbnailUrl":"https:\/\/www.inverseteams.com\/wp-content\/uploads\/INVERSE-UNISEX-CHALECO-ESSENZ-ECLIPSE-001.jpg","datePublished":"2025-10-03T14:15:57+00:00","dateModified":"2026-03-15T14:22:41+00:00","description":"Die ESSENZ ECLIPSE Radweste wurde entwickelt, um Schutz, Leichtigkeit und Vielseitigkeit zu bieten und ist die perfekte Erg\u00e4nzung f\u00fcr Stra\u00dfenradfahren, Gravel-Touren und Training bei wechselhaftem Wetter. Diese ultraleichte winddichte und wasserabweisende Fahrradweste ist sehr kompakt und l\u00e4sst sich einfach in der Trikottasche verstauen, wenn sie nicht ben\u00f6tigt wird. Sie sch\u00fctzt zuverl\u00e4ssig vor Wind und pl\u00f6tzlichen Temperaturwechseln w\u00e4hrend der Fahrt. Der R\u00fcckenbereich besteht aus atmungsaktivem Mesh-Gewebe, das die Bel\u00fcftung verbessert und den Schwei\u00dftransport unterst\u00fctzt, sodass der K\u00f6rper auch bei intensiven Anstrengungen trocken bleibt. F\u00fcr zus\u00e4tzlichen Komfort verf\u00fcgt die Weste \u00fcber zwei \u00d6ffnungen im Lendenbereich, die einen schnellen Zugriff auf die Trikottaschen erm\u00f6glichen, ohne die Weste \u00f6ffnen zu m\u00fcssen. Der elastische Saum mit Silikon-Grip sorgt f\u00fcr einen stabilen Sitz w\u00e4hrend des Fahrens. Zus\u00e4tzlich verbessert ein reflektierendes Detail die Sichtbarkeit bei schlechten Lichtverh\u00e4ltnissen. Der YKK Magnet-Doppelrei\u00dfverschluss kann von oben oder unten ge\u00f6ffnet werden und erm\u00f6glicht eine einfache Bel\u00fcftung. Mit einer Wassers\u00e4ule von 10.000 mm bietet die ESSENZ ECLIPSE zuverl\u00e4ssigen Schutz vor leichtem Regen und Wind. Die ESSENZ ECLIPSE Radweste ist ideal f\u00fcr Radfahrer, die eine leichte, kompakte und funktionale Fahrradweste suchen, perfekt f\u00fcr lange Fahrten und wechselhafte Wetterbedingungen.","breadcrumb":{"@id":"https:\/\/www.inverseteams.com\/de\/produkt\/radweste-essenz-eclipse-unisex\/#breadcrumb"},"inLanguage":"de","potentialAction":[{"@type":"ReadAction","target":["https:\/\/www.inverseteams.com\/de\/produkt\/radweste-essenz-eclipse-unisex\/"]}]},{"@type":"ImageObject","inLanguage":"de","@id":"https:\/\/www.inverseteams.com\/de\/produkt\/radweste-essenz-eclipse-unisex\/#primaryimage","url":"https:\/\/www.inverseteams.com\/wp-content\/uploads\/INVERSE-UNISEX-CHALECO-ESSENZ-ECLIPSE-001.jpg","contentUrl":"https:\/\/www.inverseteams.com\/wp-content\/uploads\/INVERSE-UNISEX-CHALECO-ESSENZ-ECLIPSE-001.jpg","width":1500,"height":1612},{"@type":"BreadcrumbList","@id":"https:\/\/www.inverseteams.com\/de\/produkt\/radweste-essenz-eclipse-unisex\/#breadcrumb","itemListElement":[{"@type":"ListItem","position":1,"name":"Portada","item":"https:\/\/www.inverseteams.com\/de\/"},{"@type":"ListItem","position":2,"name":"Speichern","item":"https:\/\/www.inverseteams.com\/de\/speichern\/"},{"@type":"ListItem","position":3,"name":"Radweste ESSENZ ECLIPSE (UNISEX)"}]},{"@type":"WebSite","@id":"https:\/\/www.inverseteams.com\/de\/#website","url":"https:\/\/www.inverseteams.com\/de\/","name":"Inverseteams","description":"Tu marca de ropa deportiva personalizada","publisher":{"@id":"https:\/\/www.inverseteams.com\/de\/#organization"},"potentialAction":[{"@type":"SearchAction","target":{"@type":"EntryPoint","urlTemplate":"https:\/\/www.inverseteams.com\/de\/?s={search_term_string}"},"query-input":{"@type":"PropertyValueSpecification","valueRequired":true,"valueName":"search_term_string"}}],"inLanguage":"de"},{"@type":"Organization","@id":"https:\/\/www.inverseteams.com\/de\/#organization","name":"Inverse Teams","url":"https:\/\/www.inverseteams.com\/de\/","logo":{"@type":"ImageObject","inLanguage":"de","@id":"https:\/\/www.inverseteams.com\/de\/#\/schema\/logo\/image\/","url":"https:\/\/www.inverseteams.com\/wp-content\/uploads\/2021\/03\/logo-inverse-teams.png","contentUrl":"https:\/\/www.inverseteams.com\/wp-content\/uploads\/2021\/03\/logo-inverse-teams.png","width":294,"height":99,"caption":"Inverse Teams"},"image":{"@id":"https:\/\/www.inverseteams.com\/de\/#\/schema\/logo\/image\/"},"sameAs":["https:\/\/www.facebook.com\/inverseteams","http:\/\/instagram.com\/inverseteams","https:\/\/www.linkedin.com\/company\/inverse-cirosport-s-l-?trk=job_view_topcard_company_name","http:\/\/www.pinterest.com\/inverseteams\/","http:\/\/www.youtube.com\/user\/inverseteams?feature=watch"]}]}},"_links":{"self":[{"href":"https:\/\/www.inverseteams.com\/de\/wp-json\/wp\/v2\/product\/269194","targetHints":{"allow":["GET"]}}],"collection":[{"href":"https:\/\/www.inverseteams.com\/de\/wp-json\/wp\/v2\/product"}],"about":[{"href":"https:\/\/www.inverseteams.com\/de\/wp-json\/wp\/v2\/types\/product"}],"replies":[{"embeddable":true,"href":"https:\/\/www.inverseteams.com\/de\/wp-json\/wp\/v2\/comments?post=269194"}],"wp:featuredmedia":[{"embeddable":true,"href":"https:\/\/www.inverseteams.com\/de\/wp-json\/wp\/v2\/media\/280559"}],"wp:attachment":[{"href":"https:\/\/www.inverseteams.com\/de\/wp-json\/wp\/v2\/media?parent=269194"}],"wp:term":[{"taxonomy":"product_brand","embeddable":true,"href":"https:\/\/www.inverseteams.com\/de\/wp-json\/wp\/v2\/product_brand?post=269194"},{"taxonomy":"product_cat","embeddable":true,"href":"https:\/\/www.inverseteams.com\/de\/wp-json\/wp\/v2\/product_cat?post=269194"},{"taxonomy":"product_tag","embeddable":true,"href":"https:\/\/www.inverseteams.com\/de\/wp-json\/wp\/v2\/product_tag?post=269194"},{"taxonomy":"custom_category","embeddable":true,"href":"https:\/\/www.inverseteams.com\/de\/wp-json\/wp\/v2\/custom_category?post=269194"},{"taxonomy":"range","embeddable":true,"href":"https:\/\/www.inverseteams.com\/de\/wp-json\/wp\/v2\/range?post=269194"}],"curies":[{"name":"wp","href":"https:\/\/api.w.org\/{rel}","templated":true}]}}