{"id":268853,"date":"2025-10-03T07:21:51","date_gmt":"2025-10-03T07:21:51","guid":{"rendered":"https:\/\/www.inverseteams.com\/?post_type=product&#038;p=268853"},"modified":"2026-02-20T11:55:33","modified_gmt":"2026-02-20T10:55:33","slug":"langarm-radtrikot-outter-boston-herren","status":"publish","type":"product","link":"https:\/\/www.inverseteams.com\/de\/produkt\/langarm-radtrikot-outter-boston-herren\/","title":{"rendered":"Langarm Radtrikot OUTTER BOSTON (HERREN)"},"content":{"rendered":"<p>Herrentrikot mit entspannter Passform. Ein vielseitiges Kleidungsst\u00fcck, ideal f\u00fcr Radtouren und Freizeit. Hergestellt aus SCUBA-Gewebe mit grau meliertem Neopren-Effekt. Unterarme und \u00c4rmel bestehen aus SUPERROUBAIX-Thermogewebe. Es verf\u00fcgt \u00fcber einen kurzen Brustrei\u00dfverschluss mit Anti-Zug-System, darunter ein Unterhemd mit elastischem Besatz und w\u00e4rmeregulierender HeiQ Smart Temp\u2122-Ausr\u00fcstung. Dieses Teil bedeckt nur den Brustbereich.<br \/>\nSilikonbeschichteter Saum f\u00fcr eine bequeme, lockere Passform. Schaumstoffb\u00fcndchen mit weichem Griff und Flatlock-N\u00e4hten f\u00fcr mehr Anpassungsf\u00e4higkeit.<br \/>\nEine R\u00fcckentasche mit Rei\u00dfverschluss und Vinyl-Branding sorgen f\u00fcr einen l\u00e4ssigen Look.<\/p>\n","protected":false},"excerpt":{"rendered":"<p>Herrentrikot mit entspannter Passform. Ein vielseitiges Kleidungsst\u00fcck, ideal f\u00fcr Radtouren und Freizeit. Hergestellt aus SCUBA-Gewebe mit grau meliertem Neopren-Effekt. Unterarme und \u00c4rmel bestehen aus SUPERROUBAIX-Thermogewebe. Es verf\u00fcgt \u00fcber einen kurzen Brustrei\u00dfverschluss mit Anti-Zug-System, darunter ein Unterhemd mit elastischem Besatz und w\u00e4rmeregulierender HeiQ Smart Temp\u2122-Ausr\u00fcstung. Dieses Teil bedeckt nur den Brustbereich.<br \/>\nSilikonbeschichteter Saum f\u00fcr eine bequeme, lockere Passform. Schaumstoffb\u00fcndchen mit weichem Griff und Flatlock-N\u00e4hten f\u00fcr mehr Anpassungsf\u00e4higkeit.<br \/>\nEine R\u00fcckentasche mit Rei\u00dfverschluss und Vinyl-Branding sorgen f\u00fcr einen l\u00e4ssigen Look.<\/p>\n","protected":false},"featured_media":268762,"comment_status":"closed","ping_status":"closed","template":"","meta":{"_acf_changed":false},"product_brand":[],"product_cat":[11152,11153,11190,11258],"product_tag":[],"custom_category":[],"range":[],"class_list":{"0":"post-268853","1":"product","2":"type-product","3":"status-publish","4":"has-post-thumbnail","6":"product_cat-radtrikots","7":"product_cat-b2b-de","8":"product_cat-radsportbekleidung","9":"product_cat-gravel-de","10":"pa_climatologia-frio-de","11":"pa_deporte-ciclismo-de","12":"pa_genero-hombre-de","13":"pa_patronaje-casual-de","14":"pa_talla-s-de","15":"pa_talla-m-de","16":"pa_talla-l-de","17":"pa_talla-xl-de","18":"pa_talla-xxl-de","19":"pa_tipo-de-prenda-maillot-manga-larga-de","21":"first","22":"instock","23":"taxable","24":"shipping-taxable","25":"purchasable","26":"product-type-variable","27":"has-default-attributes"},"acf":[],"yoast_head":"<!-- This site is optimized with the Yoast SEO plugin v27.2 - https:\/\/yoast.com\/product\/yoast-seo-wordpress\/ -->\n<title>Langarm Radtrikot OUTTER BOSTON (HERREN)<\/title>\n<meta name=\"description\" content=\"Herrentrikot mit entspannter Passform. Ein vielseitiges Kleidungsst\u00fcck, ideal f\u00fcr Radtouren und Freizeit. Hergestellt aus SCUBA-Gewebe mit grau meliertem Neopren-Effekt. Unterarme und \u00c4rmel bestehen aus SUPERROUBAIX-Thermogewebe. Es verf\u00fcgt \u00fcber einen kurzen Brustrei\u00dfverschluss mit Anti-Zug-System, darunter ein Unterhemd mit elastischem Besatz und w\u00e4rmeregulierender HeiQ Smart Temp\u2122-Ausr\u00fcstung. Dieses Teil bedeckt nur den Brustbereich. Silikonbeschichteter Saum f\u00fcr eine bequeme, lockere Passform. Schaumstoffb\u00fcndchen mit weichem Griff und Flatlock-N\u00e4hten f\u00fcr mehr Anpassungsf\u00e4higkeit. Eine R\u00fcckentasche mit Rei\u00dfverschluss und Vinyl-Branding sorgen f\u00fcr einen l\u00e4ssigen Look.\" \/>\n<meta name=\"robots\" content=\"index, follow, max-snippet:-1, max-image-preview:large, max-video-preview:-1\" \/>\n<link rel=\"canonical\" href=\"https:\/\/www.inverseteams.com\/de\/produkt\/langarm-radtrikot-outter-boston-herren\/\" \/>\n<meta property=\"og:locale\" content=\"de_DE\" \/>\n<meta property=\"og:type\" content=\"article\" \/>\n<meta property=\"og:title\" content=\"Langarm Radtrikot OUTTER BOSTON (HERREN)\" \/>\n<meta property=\"og:description\" content=\"Herrentrikot mit entspannter Passform. Ein vielseitiges Kleidungsst\u00fcck, ideal f\u00fcr Radtouren und Freizeit. Hergestellt aus SCUBA-Gewebe mit grau meliertem Neopren-Effekt. Unterarme und \u00c4rmel bestehen aus SUPERROUBAIX-Thermogewebe. Es verf\u00fcgt \u00fcber einen kurzen Brustrei\u00dfverschluss mit Anti-Zug-System, darunter ein Unterhemd mit elastischem Besatz und w\u00e4rmeregulierender HeiQ Smart Temp\u2122-Ausr\u00fcstung. Dieses Teil bedeckt nur den Brustbereich. Silikonbeschichteter Saum f\u00fcr eine bequeme, lockere Passform. Schaumstoffb\u00fcndchen mit weichem Griff und Flatlock-N\u00e4hten f\u00fcr mehr Anpassungsf\u00e4higkeit. Eine R\u00fcckentasche mit Rei\u00dfverschluss und Vinyl-Branding sorgen f\u00fcr einen l\u00e4ssigen Look.\" \/>\n<meta property=\"og:url\" content=\"https:\/\/www.inverseteams.com\/de\/produkt\/langarm-radtrikot-outter-boston-herren\/\" \/>\n<meta property=\"og:site_name\" content=\"Inverseteams\" \/>\n<meta property=\"article:publisher\" content=\"https:\/\/www.facebook.com\/inverseteams\" \/>\n<meta property=\"article:modified_time\" content=\"2026-02-20T10:55:33+00:00\" \/>\n<meta property=\"og:image\" content=\"https:\/\/www.inverseteams.com\/wp-content\/uploads\/INVERSE-OUTTER-MAILLOT-BOSTON-001.jpg\" \/>\n\t<meta property=\"og:image:width\" content=\"1500\" \/>\n\t<meta property=\"og:image:height\" content=\"1612\" \/>\n\t<meta property=\"og:image:type\" content=\"image\/jpeg\" \/>\n<meta name=\"twitter:card\" content=\"summary_large_image\" \/>\n<meta name=\"twitter:label1\" content=\"Gesch\u00e4tzte Lesezeit\" \/>\n\t<meta name=\"twitter:data1\" content=\"1\u00a0Minute\" \/>\n<script type=\"application\/ld+json\" class=\"yoast-schema-graph\">{\"@context\":\"https:\/\/schema.org\",\"@graph\":[{\"@type\":\"WebPage\",\"@id\":\"https:\/\/www.inverseteams.com\/de\/produkt\/langarm-radtrikot-outter-boston-herren\/\",\"url\":\"https:\/\/www.inverseteams.com\/de\/produkt\/langarm-radtrikot-outter-boston-herren\/\",\"name\":\"Langarm Radtrikot OUTTER BOSTON (HERREN)\",\"isPartOf\":{\"@id\":\"https:\/\/www.inverseteams.com\/de\/#website\"},\"primaryImageOfPage\":{\"@id\":\"https:\/\/www.inverseteams.com\/de\/produkt\/langarm-radtrikot-outter-boston-herren\/#primaryimage\"},\"image\":{\"@id\":\"https:\/\/www.inverseteams.com\/de\/produkt\/langarm-radtrikot-outter-boston-herren\/#primaryimage\"},\"thumbnailUrl\":\"https:\/\/www.inverseteams.com\/wp-content\/uploads\/INVERSE-OUTTER-MAILLOT-BOSTON-001.jpg\",\"datePublished\":\"2025-10-03T07:21:51+00:00\",\"dateModified\":\"2026-02-20T10:55:33+00:00\",\"description\":\"Herrentrikot mit entspannter Passform. Ein vielseitiges Kleidungsst\u00fcck, ideal f\u00fcr Radtouren und Freizeit. Hergestellt aus SCUBA-Gewebe mit grau meliertem Neopren-Effekt. Unterarme und \u00c4rmel bestehen aus SUPERROUBAIX-Thermogewebe. Es verf\u00fcgt \u00fcber einen kurzen Brustrei\u00dfverschluss mit Anti-Zug-System, darunter ein Unterhemd mit elastischem Besatz und w\u00e4rmeregulierender HeiQ Smart Temp\u2122-Ausr\u00fcstung. Dieses Teil bedeckt nur den Brustbereich. Silikonbeschichteter Saum f\u00fcr eine bequeme, lockere Passform. Schaumstoffb\u00fcndchen mit weichem Griff und Flatlock-N\u00e4hten f\u00fcr mehr Anpassungsf\u00e4higkeit. Eine R\u00fcckentasche mit Rei\u00dfverschluss und Vinyl-Branding sorgen f\u00fcr einen l\u00e4ssigen Look.\",\"breadcrumb\":{\"@id\":\"https:\/\/www.inverseteams.com\/de\/produkt\/langarm-radtrikot-outter-boston-herren\/#breadcrumb\"},\"inLanguage\":\"de\",\"potentialAction\":[{\"@type\":\"ReadAction\",\"target\":[\"https:\/\/www.inverseteams.com\/de\/produkt\/langarm-radtrikot-outter-boston-herren\/\"]}]},{\"@type\":\"ImageObject\",\"inLanguage\":\"de\",\"@id\":\"https:\/\/www.inverseteams.com\/de\/produkt\/langarm-radtrikot-outter-boston-herren\/#primaryimage\",\"url\":\"https:\/\/www.inverseteams.com\/wp-content\/uploads\/INVERSE-OUTTER-MAILLOT-BOSTON-001.jpg\",\"contentUrl\":\"https:\/\/www.inverseteams.com\/wp-content\/uploads\/INVERSE-OUTTER-MAILLOT-BOSTON-001.jpg\",\"width\":1500,\"height\":1612},{\"@type\":\"BreadcrumbList\",\"@id\":\"https:\/\/www.inverseteams.com\/de\/produkt\/langarm-radtrikot-outter-boston-herren\/#breadcrumb\",\"itemListElement\":[{\"@type\":\"ListItem\",\"position\":1,\"name\":\"Portada\",\"item\":\"https:\/\/www.inverseteams.com\/de\/\"},{\"@type\":\"ListItem\",\"position\":2,\"name\":\"Speichern\",\"item\":\"https:\/\/www.inverseteams.com\/de\/speichern\/\"},{\"@type\":\"ListItem\",\"position\":3,\"name\":\"Langarm Radtrikot OUTTER BOSTON (HERREN)\"}]},{\"@type\":\"WebSite\",\"@id\":\"https:\/\/www.inverseteams.com\/de\/#website\",\"url\":\"https:\/\/www.inverseteams.com\/de\/\",\"name\":\"Inverseteams\",\"description\":\"Tu marca de ropa deportiva personalizada\",\"publisher\":{\"@id\":\"https:\/\/www.inverseteams.com\/de\/#organization\"},\"potentialAction\":[{\"@type\":\"SearchAction\",\"target\":{\"@type\":\"EntryPoint\",\"urlTemplate\":\"https:\/\/www.inverseteams.com\/de\/?s={search_term_string}\"},\"query-input\":{\"@type\":\"PropertyValueSpecification\",\"valueRequired\":true,\"valueName\":\"search_term_string\"}}],\"inLanguage\":\"de\"},{\"@type\":\"Organization\",\"@id\":\"https:\/\/www.inverseteams.com\/de\/#organization\",\"name\":\"Inverse Teams\",\"url\":\"https:\/\/www.inverseteams.com\/de\/\",\"logo\":{\"@type\":\"ImageObject\",\"inLanguage\":\"de\",\"@id\":\"https:\/\/www.inverseteams.com\/de\/#\/schema\/logo\/image\/\",\"url\":\"https:\/\/www.inverseteams.com\/wp-content\/uploads\/2021\/03\/logo-inverse-teams.png\",\"contentUrl\":\"https:\/\/www.inverseteams.com\/wp-content\/uploads\/2021\/03\/logo-inverse-teams.png\",\"width\":294,\"height\":99,\"caption\":\"Inverse Teams\"},\"image\":{\"@id\":\"https:\/\/www.inverseteams.com\/de\/#\/schema\/logo\/image\/\"},\"sameAs\":[\"https:\/\/www.facebook.com\/inverseteams\",\"http:\/\/instagram.com\/inverseteams\",\"https:\/\/www.linkedin.com\/company\/inverse-cirosport-s-l-?trk=job_view_topcard_company_name\",\"http:\/\/www.pinterest.com\/inverseteams\/\",\"http:\/\/www.youtube.com\/user\/inverseteams?feature=watch\"]}]}<\/script>\n<!-- \/ Yoast SEO plugin. -->","yoast_head_json":{"title":"Langarm Radtrikot OUTTER BOSTON (HERREN)","description":"Herrentrikot mit entspannter Passform. Ein vielseitiges Kleidungsst\u00fcck, ideal f\u00fcr Radtouren und Freizeit. Hergestellt aus SCUBA-Gewebe mit grau meliertem Neopren-Effekt. Unterarme und \u00c4rmel bestehen aus SUPERROUBAIX-Thermogewebe. Es verf\u00fcgt \u00fcber einen kurzen Brustrei\u00dfverschluss mit Anti-Zug-System, darunter ein Unterhemd mit elastischem Besatz und w\u00e4rmeregulierender HeiQ Smart Temp\u2122-Ausr\u00fcstung. Dieses Teil bedeckt nur den Brustbereich. Silikonbeschichteter Saum f\u00fcr eine bequeme, lockere Passform. Schaumstoffb\u00fcndchen mit weichem Griff und Flatlock-N\u00e4hten f\u00fcr mehr Anpassungsf\u00e4higkeit. Eine R\u00fcckentasche mit Rei\u00dfverschluss und Vinyl-Branding sorgen f\u00fcr einen l\u00e4ssigen Look.","robots":{"index":"index","follow":"follow","max-snippet":"max-snippet:-1","max-image-preview":"max-image-preview:large","max-video-preview":"max-video-preview:-1"},"canonical":"https:\/\/www.inverseteams.com\/de\/produkt\/langarm-radtrikot-outter-boston-herren\/","og_locale":"de_DE","og_type":"article","og_title":"Langarm Radtrikot OUTTER BOSTON (HERREN)","og_description":"Herrentrikot mit entspannter Passform. Ein vielseitiges Kleidungsst\u00fcck, ideal f\u00fcr Radtouren und Freizeit. Hergestellt aus SCUBA-Gewebe mit grau meliertem Neopren-Effekt. Unterarme und \u00c4rmel bestehen aus SUPERROUBAIX-Thermogewebe. Es verf\u00fcgt \u00fcber einen kurzen Brustrei\u00dfverschluss mit Anti-Zug-System, darunter ein Unterhemd mit elastischem Besatz und w\u00e4rmeregulierender HeiQ Smart Temp\u2122-Ausr\u00fcstung. Dieses Teil bedeckt nur den Brustbereich. Silikonbeschichteter Saum f\u00fcr eine bequeme, lockere Passform. Schaumstoffb\u00fcndchen mit weichem Griff und Flatlock-N\u00e4hten f\u00fcr mehr Anpassungsf\u00e4higkeit. Eine R\u00fcckentasche mit Rei\u00dfverschluss und Vinyl-Branding sorgen f\u00fcr einen l\u00e4ssigen Look.","og_url":"https:\/\/www.inverseteams.com\/de\/produkt\/langarm-radtrikot-outter-boston-herren\/","og_site_name":"Inverseteams","article_publisher":"https:\/\/www.facebook.com\/inverseteams","article_modified_time":"2026-02-20T10:55:33+00:00","og_image":[{"width":1500,"height":1612,"url":"https:\/\/www.inverseteams.com\/wp-content\/uploads\/INVERSE-OUTTER-MAILLOT-BOSTON-001.jpg","type":"image\/jpeg"}],"twitter_card":"summary_large_image","twitter_misc":{"Gesch\u00e4tzte Lesezeit":"1\u00a0Minute"},"schema":{"@context":"https:\/\/schema.org","@graph":[{"@type":"WebPage","@id":"https:\/\/www.inverseteams.com\/de\/produkt\/langarm-radtrikot-outter-boston-herren\/","url":"https:\/\/www.inverseteams.com\/de\/produkt\/langarm-radtrikot-outter-boston-herren\/","name":"Langarm Radtrikot OUTTER BOSTON (HERREN)","isPartOf":{"@id":"https:\/\/www.inverseteams.com\/de\/#website"},"primaryImageOfPage":{"@id":"https:\/\/www.inverseteams.com\/de\/produkt\/langarm-radtrikot-outter-boston-herren\/#primaryimage"},"image":{"@id":"https:\/\/www.inverseteams.com\/de\/produkt\/langarm-radtrikot-outter-boston-herren\/#primaryimage"},"thumbnailUrl":"https:\/\/www.inverseteams.com\/wp-content\/uploads\/INVERSE-OUTTER-MAILLOT-BOSTON-001.jpg","datePublished":"2025-10-03T07:21:51+00:00","dateModified":"2026-02-20T10:55:33+00:00","description":"Herrentrikot mit entspannter Passform. Ein vielseitiges Kleidungsst\u00fcck, ideal f\u00fcr Radtouren und Freizeit. Hergestellt aus SCUBA-Gewebe mit grau meliertem Neopren-Effekt. Unterarme und \u00c4rmel bestehen aus SUPERROUBAIX-Thermogewebe. Es verf\u00fcgt \u00fcber einen kurzen Brustrei\u00dfverschluss mit Anti-Zug-System, darunter ein Unterhemd mit elastischem Besatz und w\u00e4rmeregulierender HeiQ Smart Temp\u2122-Ausr\u00fcstung. Dieses Teil bedeckt nur den Brustbereich. Silikonbeschichteter Saum f\u00fcr eine bequeme, lockere Passform. Schaumstoffb\u00fcndchen mit weichem Griff und Flatlock-N\u00e4hten f\u00fcr mehr Anpassungsf\u00e4higkeit. Eine R\u00fcckentasche mit Rei\u00dfverschluss und Vinyl-Branding sorgen f\u00fcr einen l\u00e4ssigen Look.","breadcrumb":{"@id":"https:\/\/www.inverseteams.com\/de\/produkt\/langarm-radtrikot-outter-boston-herren\/#breadcrumb"},"inLanguage":"de","potentialAction":[{"@type":"ReadAction","target":["https:\/\/www.inverseteams.com\/de\/produkt\/langarm-radtrikot-outter-boston-herren\/"]}]},{"@type":"ImageObject","inLanguage":"de","@id":"https:\/\/www.inverseteams.com\/de\/produkt\/langarm-radtrikot-outter-boston-herren\/#primaryimage","url":"https:\/\/www.inverseteams.com\/wp-content\/uploads\/INVERSE-OUTTER-MAILLOT-BOSTON-001.jpg","contentUrl":"https:\/\/www.inverseteams.com\/wp-content\/uploads\/INVERSE-OUTTER-MAILLOT-BOSTON-001.jpg","width":1500,"height":1612},{"@type":"BreadcrumbList","@id":"https:\/\/www.inverseteams.com\/de\/produkt\/langarm-radtrikot-outter-boston-herren\/#breadcrumb","itemListElement":[{"@type":"ListItem","position":1,"name":"Portada","item":"https:\/\/www.inverseteams.com\/de\/"},{"@type":"ListItem","position":2,"name":"Speichern","item":"https:\/\/www.inverseteams.com\/de\/speichern\/"},{"@type":"ListItem","position":3,"name":"Langarm Radtrikot OUTTER BOSTON (HERREN)"}]},{"@type":"WebSite","@id":"https:\/\/www.inverseteams.com\/de\/#website","url":"https:\/\/www.inverseteams.com\/de\/","name":"Inverseteams","description":"Tu marca de ropa deportiva personalizada","publisher":{"@id":"https:\/\/www.inverseteams.com\/de\/#organization"},"potentialAction":[{"@type":"SearchAction","target":{"@type":"EntryPoint","urlTemplate":"https:\/\/www.inverseteams.com\/de\/?s={search_term_string}"},"query-input":{"@type":"PropertyValueSpecification","valueRequired":true,"valueName":"search_term_string"}}],"inLanguage":"de"},{"@type":"Organization","@id":"https:\/\/www.inverseteams.com\/de\/#organization","name":"Inverse Teams","url":"https:\/\/www.inverseteams.com\/de\/","logo":{"@type":"ImageObject","inLanguage":"de","@id":"https:\/\/www.inverseteams.com\/de\/#\/schema\/logo\/image\/","url":"https:\/\/www.inverseteams.com\/wp-content\/uploads\/2021\/03\/logo-inverse-teams.png","contentUrl":"https:\/\/www.inverseteams.com\/wp-content\/uploads\/2021\/03\/logo-inverse-teams.png","width":294,"height":99,"caption":"Inverse Teams"},"image":{"@id":"https:\/\/www.inverseteams.com\/de\/#\/schema\/logo\/image\/"},"sameAs":["https:\/\/www.facebook.com\/inverseteams","http:\/\/instagram.com\/inverseteams","https:\/\/www.linkedin.com\/company\/inverse-cirosport-s-l-?trk=job_view_topcard_company_name","http:\/\/www.pinterest.com\/inverseteams\/","http:\/\/www.youtube.com\/user\/inverseteams?feature=watch"]}]}},"_links":{"self":[{"href":"https:\/\/www.inverseteams.com\/de\/wp-json\/wp\/v2\/product\/268853","targetHints":{"allow":["GET"]}}],"collection":[{"href":"https:\/\/www.inverseteams.com\/de\/wp-json\/wp\/v2\/product"}],"about":[{"href":"https:\/\/www.inverseteams.com\/de\/wp-json\/wp\/v2\/types\/product"}],"replies":[{"embeddable":true,"href":"https:\/\/www.inverseteams.com\/de\/wp-json\/wp\/v2\/comments?post=268853"}],"wp:featuredmedia":[{"embeddable":true,"href":"https:\/\/www.inverseteams.com\/de\/wp-json\/wp\/v2\/media\/268762"}],"wp:attachment":[{"href":"https:\/\/www.inverseteams.com\/de\/wp-json\/wp\/v2\/media?parent=268853"}],"wp:term":[{"taxonomy":"product_brand","embeddable":true,"href":"https:\/\/www.inverseteams.com\/de\/wp-json\/wp\/v2\/product_brand?post=268853"},{"taxonomy":"product_cat","embeddable":true,"href":"https:\/\/www.inverseteams.com\/de\/wp-json\/wp\/v2\/product_cat?post=268853"},{"taxonomy":"product_tag","embeddable":true,"href":"https:\/\/www.inverseteams.com\/de\/wp-json\/wp\/v2\/product_tag?post=268853"},{"taxonomy":"custom_category","embeddable":true,"href":"https:\/\/www.inverseteams.com\/de\/wp-json\/wp\/v2\/custom_category?post=268853"},{"taxonomy":"range","embeddable":true,"href":"https:\/\/www.inverseteams.com\/de\/wp-json\/wp\/v2\/range?post=268853"}],"curies":[{"name":"wp","href":"https:\/\/api.w.org\/{rel}","templated":true}]}}