{"id":268847,"date":"2025-10-03T07:20:05","date_gmt":"2025-10-03T07:20:05","guid":{"rendered":"https:\/\/www.inverseteams.com\/?post_type=product&#038;p=268847"},"modified":"2026-02-20T11:55:33","modified_gmt":"2026-02-20T10:55:33","slug":"langarm-radtrikot-outter-alaska-herren","status":"publish","type":"product","link":"https:\/\/www.inverseteams.com\/de\/produkt\/langarm-radtrikot-outter-alaska-herren\/","title":{"rendered":"Langarm Radtrikot OUTTER ALASKA (HERREN)"},"content":{"rendered":"<p>Herren-Radtrikot mit entspannter Passform. Es bietet maximale Vielseitigkeit auf jedem Terrain. Es ist bequem und strapazierf\u00e4hig \u2013 perfekt f\u00fcr Berg- und Stra\u00dfenfahrten.<br \/>\nVorderseite und \u00c4rmel bestehen aus SUPERROUBAIX-Thermogewebe, w\u00e4hrend Achseln, Unter\u00e4rmel und R\u00fcckseite aus CYCLON-Gewebe bestehen, das die Atmungsaktivit\u00e4t f\u00f6rdert.<br \/>\nDer hohe Kragen ist anatomisch geformt. B\u00fcndchen und Saum sind f\u00fcr eine bessere Passform mit elastischem Besatz und Silikon versehen.<br \/>\nEs verf\u00fcgt \u00fcber zwei R\u00fcckentaschen mit elastischem Besatz und Silikonbesatz, eine Mesh-Seitentasche mit gleichem Besatz und eine zus\u00e4tzliche Mesh-Brusttasche mit elastischem Besatz und einfachem Zugriff.<\/p>\n","protected":false},"excerpt":{"rendered":"<p>Herren-Radtrikot mit entspannter Passform. Es bietet maximale Vielseitigkeit auf jedem Terrain. Es ist bequem und strapazierf\u00e4hig \u2013 perfekt f\u00fcr Berg- und Stra\u00dfenfahrten.<br \/>\nVorderseite und \u00c4rmel bestehen aus SUPERROUBAIX-Thermogewebe, w\u00e4hrend Achseln, Unter\u00e4rmel und R\u00fcckseite aus CYCLON-Gewebe bestehen, das die Atmungsaktivit\u00e4t f\u00f6rdert.<br \/>\nDer hohe Kragen ist anatomisch geformt. B\u00fcndchen und Saum sind f\u00fcr eine bessere Passform mit elastischem Besatz und Silikon versehen.<br \/>\nEs verf\u00fcgt \u00fcber zwei R\u00fcckentaschen mit elastischem Besatz und Silikonbesatz, eine Mesh-Seitentasche mit gleichem Besatz und eine zus\u00e4tzliche Mesh-Brusttasche mit elastischem Besatz und einfachem Zugriff.<\/p>\n","protected":false},"featured_media":268732,"comment_status":"closed","ping_status":"closed","template":"","meta":{"_acf_changed":false},"product_brand":[],"product_cat":[11152,11153,11190,11258],"product_tag":[],"custom_category":[],"range":[],"class_list":{"0":"post-268847","1":"product","2":"type-product","3":"status-publish","4":"has-post-thumbnail","6":"product_cat-radtrikots","7":"product_cat-b2b-de","8":"product_cat-radsportbekleidung","9":"product_cat-gravel-de","10":"pa_climatologia-frio-de","11":"pa_deporte-ciclismo-de","12":"pa_genero-hombre-de","13":"pa_patronaje-casual-de","14":"pa_talla-xxl-de","15":"pa_talla-s-de","16":"pa_talla-m-de","17":"pa_talla-l-de","18":"pa_talla-xl-de","19":"pa_tipo-de-prenda-maillot-manga-larga-de","21":"first","22":"outofstock","23":"taxable","24":"shipping-taxable","25":"purchasable","26":"product-type-variable","27":"has-default-attributes"},"acf":[],"yoast_head":"<!-- This site is optimized with the Yoast SEO plugin v27.2 - https:\/\/yoast.com\/product\/yoast-seo-wordpress\/ -->\n<title>Langarm Radtrikot OUTTER ALASKA (HERREN)<\/title>\n<meta name=\"description\" content=\"Herren-Radtrikot mit entspannter Passform. Es bietet maximale Vielseitigkeit auf jedem Terrain. Es ist bequem und strapazierf\u00e4hig \u2013 perfekt f\u00fcr Berg- und Stra\u00dfenfahrten. Vorderseite und \u00c4rmel bestehen aus SUPERROUBAIX-Thermogewebe, w\u00e4hrend Achseln, Unter\u00e4rmel und R\u00fcckseite aus CYCLON-Gewebe bestehen, das die Atmungsaktivit\u00e4t f\u00f6rdert. Der hohe Kragen ist anatomisch geformt. B\u00fcndchen und Saum sind f\u00fcr eine bessere Passform mit elastischem Besatz und Silikon versehen. Es verf\u00fcgt \u00fcber zwei R\u00fcckentaschen mit elastischem Besatz und Silikonbesatz, eine Mesh-Seitentasche mit gleichem Besatz und eine zus\u00e4tzliche Mesh-Brusttasche mit elastischem Besatz und einfachem Zugriff.\" \/>\n<meta name=\"robots\" content=\"index, follow, max-snippet:-1, max-image-preview:large, max-video-preview:-1\" \/>\n<link rel=\"canonical\" href=\"https:\/\/www.inverseteams.com\/de\/produkt\/langarm-radtrikot-outter-alaska-herren\/\" \/>\n<meta property=\"og:locale\" content=\"de_DE\" \/>\n<meta property=\"og:type\" content=\"article\" \/>\n<meta property=\"og:title\" content=\"Langarm Radtrikot OUTTER ALASKA (HERREN)\" \/>\n<meta property=\"og:description\" content=\"Herren-Radtrikot mit entspannter Passform. Es bietet maximale Vielseitigkeit auf jedem Terrain. Es ist bequem und strapazierf\u00e4hig \u2013 perfekt f\u00fcr Berg- und Stra\u00dfenfahrten. Vorderseite und \u00c4rmel bestehen aus SUPERROUBAIX-Thermogewebe, w\u00e4hrend Achseln, Unter\u00e4rmel und R\u00fcckseite aus CYCLON-Gewebe bestehen, das die Atmungsaktivit\u00e4t f\u00f6rdert. Der hohe Kragen ist anatomisch geformt. B\u00fcndchen und Saum sind f\u00fcr eine bessere Passform mit elastischem Besatz und Silikon versehen. Es verf\u00fcgt \u00fcber zwei R\u00fcckentaschen mit elastischem Besatz und Silikonbesatz, eine Mesh-Seitentasche mit gleichem Besatz und eine zus\u00e4tzliche Mesh-Brusttasche mit elastischem Besatz und einfachem Zugriff.\" \/>\n<meta property=\"og:url\" content=\"https:\/\/www.inverseteams.com\/de\/produkt\/langarm-radtrikot-outter-alaska-herren\/\" \/>\n<meta property=\"og:site_name\" content=\"Inverseteams\" \/>\n<meta property=\"article:publisher\" content=\"https:\/\/www.facebook.com\/inverseteams\" \/>\n<meta property=\"article:modified_time\" content=\"2026-02-20T10:55:33+00:00\" \/>\n<meta property=\"og:image\" content=\"https:\/\/www.inverseteams.com\/wp-content\/uploads\/INVERSE-OUTTER-MAILLOT-ALASKA-001.jpg\" \/>\n\t<meta property=\"og:image:width\" content=\"1500\" \/>\n\t<meta property=\"og:image:height\" content=\"1612\" \/>\n\t<meta property=\"og:image:type\" content=\"image\/jpeg\" \/>\n<meta name=\"twitter:card\" content=\"summary_large_image\" \/>\n<meta name=\"twitter:label1\" content=\"Gesch\u00e4tzte Lesezeit\" \/>\n\t<meta name=\"twitter:data1\" content=\"1\u00a0Minute\" \/>\n<script type=\"application\/ld+json\" class=\"yoast-schema-graph\">{\"@context\":\"https:\/\/schema.org\",\"@graph\":[{\"@type\":\"WebPage\",\"@id\":\"https:\/\/www.inverseteams.com\/de\/produkt\/langarm-radtrikot-outter-alaska-herren\/\",\"url\":\"https:\/\/www.inverseteams.com\/de\/produkt\/langarm-radtrikot-outter-alaska-herren\/\",\"name\":\"Langarm Radtrikot OUTTER ALASKA (HERREN)\",\"isPartOf\":{\"@id\":\"https:\/\/www.inverseteams.com\/de\/#website\"},\"primaryImageOfPage\":{\"@id\":\"https:\/\/www.inverseteams.com\/de\/produkt\/langarm-radtrikot-outter-alaska-herren\/#primaryimage\"},\"image\":{\"@id\":\"https:\/\/www.inverseteams.com\/de\/produkt\/langarm-radtrikot-outter-alaska-herren\/#primaryimage\"},\"thumbnailUrl\":\"https:\/\/www.inverseteams.com\/wp-content\/uploads\/INVERSE-OUTTER-MAILLOT-ALASKA-001.jpg\",\"datePublished\":\"2025-10-03T07:20:05+00:00\",\"dateModified\":\"2026-02-20T10:55:33+00:00\",\"description\":\"Herren-Radtrikot mit entspannter Passform. Es bietet maximale Vielseitigkeit auf jedem Terrain. Es ist bequem und strapazierf\u00e4hig \u2013 perfekt f\u00fcr Berg- und Stra\u00dfenfahrten. Vorderseite und \u00c4rmel bestehen aus SUPERROUBAIX-Thermogewebe, w\u00e4hrend Achseln, Unter\u00e4rmel und R\u00fcckseite aus CYCLON-Gewebe bestehen, das die Atmungsaktivit\u00e4t f\u00f6rdert. Der hohe Kragen ist anatomisch geformt. B\u00fcndchen und Saum sind f\u00fcr eine bessere Passform mit elastischem Besatz und Silikon versehen. Es verf\u00fcgt \u00fcber zwei R\u00fcckentaschen mit elastischem Besatz und Silikonbesatz, eine Mesh-Seitentasche mit gleichem Besatz und eine zus\u00e4tzliche Mesh-Brusttasche mit elastischem Besatz und einfachem Zugriff.\",\"breadcrumb\":{\"@id\":\"https:\/\/www.inverseteams.com\/de\/produkt\/langarm-radtrikot-outter-alaska-herren\/#breadcrumb\"},\"inLanguage\":\"de\",\"potentialAction\":[{\"@type\":\"ReadAction\",\"target\":[\"https:\/\/www.inverseteams.com\/de\/produkt\/langarm-radtrikot-outter-alaska-herren\/\"]}]},{\"@type\":\"ImageObject\",\"inLanguage\":\"de\",\"@id\":\"https:\/\/www.inverseteams.com\/de\/produkt\/langarm-radtrikot-outter-alaska-herren\/#primaryimage\",\"url\":\"https:\/\/www.inverseteams.com\/wp-content\/uploads\/INVERSE-OUTTER-MAILLOT-ALASKA-001.jpg\",\"contentUrl\":\"https:\/\/www.inverseteams.com\/wp-content\/uploads\/INVERSE-OUTTER-MAILLOT-ALASKA-001.jpg\",\"width\":1500,\"height\":1612},{\"@type\":\"BreadcrumbList\",\"@id\":\"https:\/\/www.inverseteams.com\/de\/produkt\/langarm-radtrikot-outter-alaska-herren\/#breadcrumb\",\"itemListElement\":[{\"@type\":\"ListItem\",\"position\":1,\"name\":\"Portada\",\"item\":\"https:\/\/www.inverseteams.com\/de\/\"},{\"@type\":\"ListItem\",\"position\":2,\"name\":\"Speichern\",\"item\":\"https:\/\/www.inverseteams.com\/de\/speichern\/\"},{\"@type\":\"ListItem\",\"position\":3,\"name\":\"Langarm Radtrikot OUTTER ALASKA (HERREN)\"}]},{\"@type\":\"WebSite\",\"@id\":\"https:\/\/www.inverseteams.com\/de\/#website\",\"url\":\"https:\/\/www.inverseteams.com\/de\/\",\"name\":\"Inverseteams\",\"description\":\"Tu marca de ropa deportiva personalizada\",\"publisher\":{\"@id\":\"https:\/\/www.inverseteams.com\/de\/#organization\"},\"potentialAction\":[{\"@type\":\"SearchAction\",\"target\":{\"@type\":\"EntryPoint\",\"urlTemplate\":\"https:\/\/www.inverseteams.com\/de\/?s={search_term_string}\"},\"query-input\":{\"@type\":\"PropertyValueSpecification\",\"valueRequired\":true,\"valueName\":\"search_term_string\"}}],\"inLanguage\":\"de\"},{\"@type\":\"Organization\",\"@id\":\"https:\/\/www.inverseteams.com\/de\/#organization\",\"name\":\"Inverse Teams\",\"url\":\"https:\/\/www.inverseteams.com\/de\/\",\"logo\":{\"@type\":\"ImageObject\",\"inLanguage\":\"de\",\"@id\":\"https:\/\/www.inverseteams.com\/de\/#\/schema\/logo\/image\/\",\"url\":\"https:\/\/www.inverseteams.com\/wp-content\/uploads\/2021\/03\/logo-inverse-teams.png\",\"contentUrl\":\"https:\/\/www.inverseteams.com\/wp-content\/uploads\/2021\/03\/logo-inverse-teams.png\",\"width\":294,\"height\":99,\"caption\":\"Inverse Teams\"},\"image\":{\"@id\":\"https:\/\/www.inverseteams.com\/de\/#\/schema\/logo\/image\/\"},\"sameAs\":[\"https:\/\/www.facebook.com\/inverseteams\",\"http:\/\/instagram.com\/inverseteams\",\"https:\/\/www.linkedin.com\/company\/inverse-cirosport-s-l-?trk=job_view_topcard_company_name\",\"http:\/\/www.pinterest.com\/inverseteams\/\",\"http:\/\/www.youtube.com\/user\/inverseteams?feature=watch\"]}]}<\/script>\n<!-- \/ Yoast SEO plugin. -->","yoast_head_json":{"title":"Langarm Radtrikot OUTTER ALASKA (HERREN)","description":"Herren-Radtrikot mit entspannter Passform. Es bietet maximale Vielseitigkeit auf jedem Terrain. Es ist bequem und strapazierf\u00e4hig \u2013 perfekt f\u00fcr Berg- und Stra\u00dfenfahrten. Vorderseite und \u00c4rmel bestehen aus SUPERROUBAIX-Thermogewebe, w\u00e4hrend Achseln, Unter\u00e4rmel und R\u00fcckseite aus CYCLON-Gewebe bestehen, das die Atmungsaktivit\u00e4t f\u00f6rdert. Der hohe Kragen ist anatomisch geformt. B\u00fcndchen und Saum sind f\u00fcr eine bessere Passform mit elastischem Besatz und Silikon versehen. Es verf\u00fcgt \u00fcber zwei R\u00fcckentaschen mit elastischem Besatz und Silikonbesatz, eine Mesh-Seitentasche mit gleichem Besatz und eine zus\u00e4tzliche Mesh-Brusttasche mit elastischem Besatz und einfachem Zugriff.","robots":{"index":"index","follow":"follow","max-snippet":"max-snippet:-1","max-image-preview":"max-image-preview:large","max-video-preview":"max-video-preview:-1"},"canonical":"https:\/\/www.inverseteams.com\/de\/produkt\/langarm-radtrikot-outter-alaska-herren\/","og_locale":"de_DE","og_type":"article","og_title":"Langarm Radtrikot OUTTER ALASKA (HERREN)","og_description":"Herren-Radtrikot mit entspannter Passform. Es bietet maximale Vielseitigkeit auf jedem Terrain. Es ist bequem und strapazierf\u00e4hig \u2013 perfekt f\u00fcr Berg- und Stra\u00dfenfahrten. Vorderseite und \u00c4rmel bestehen aus SUPERROUBAIX-Thermogewebe, w\u00e4hrend Achseln, Unter\u00e4rmel und R\u00fcckseite aus CYCLON-Gewebe bestehen, das die Atmungsaktivit\u00e4t f\u00f6rdert. Der hohe Kragen ist anatomisch geformt. B\u00fcndchen und Saum sind f\u00fcr eine bessere Passform mit elastischem Besatz und Silikon versehen. Es verf\u00fcgt \u00fcber zwei R\u00fcckentaschen mit elastischem Besatz und Silikonbesatz, eine Mesh-Seitentasche mit gleichem Besatz und eine zus\u00e4tzliche Mesh-Brusttasche mit elastischem Besatz und einfachem Zugriff.","og_url":"https:\/\/www.inverseteams.com\/de\/produkt\/langarm-radtrikot-outter-alaska-herren\/","og_site_name":"Inverseteams","article_publisher":"https:\/\/www.facebook.com\/inverseteams","article_modified_time":"2026-02-20T10:55:33+00:00","og_image":[{"width":1500,"height":1612,"url":"https:\/\/www.inverseteams.com\/wp-content\/uploads\/INVERSE-OUTTER-MAILLOT-ALASKA-001.jpg","type":"image\/jpeg"}],"twitter_card":"summary_large_image","twitter_misc":{"Gesch\u00e4tzte Lesezeit":"1\u00a0Minute"},"schema":{"@context":"https:\/\/schema.org","@graph":[{"@type":"WebPage","@id":"https:\/\/www.inverseteams.com\/de\/produkt\/langarm-radtrikot-outter-alaska-herren\/","url":"https:\/\/www.inverseteams.com\/de\/produkt\/langarm-radtrikot-outter-alaska-herren\/","name":"Langarm Radtrikot OUTTER ALASKA (HERREN)","isPartOf":{"@id":"https:\/\/www.inverseteams.com\/de\/#website"},"primaryImageOfPage":{"@id":"https:\/\/www.inverseteams.com\/de\/produkt\/langarm-radtrikot-outter-alaska-herren\/#primaryimage"},"image":{"@id":"https:\/\/www.inverseteams.com\/de\/produkt\/langarm-radtrikot-outter-alaska-herren\/#primaryimage"},"thumbnailUrl":"https:\/\/www.inverseteams.com\/wp-content\/uploads\/INVERSE-OUTTER-MAILLOT-ALASKA-001.jpg","datePublished":"2025-10-03T07:20:05+00:00","dateModified":"2026-02-20T10:55:33+00:00","description":"Herren-Radtrikot mit entspannter Passform. Es bietet maximale Vielseitigkeit auf jedem Terrain. Es ist bequem und strapazierf\u00e4hig \u2013 perfekt f\u00fcr Berg- und Stra\u00dfenfahrten. Vorderseite und \u00c4rmel bestehen aus SUPERROUBAIX-Thermogewebe, w\u00e4hrend Achseln, Unter\u00e4rmel und R\u00fcckseite aus CYCLON-Gewebe bestehen, das die Atmungsaktivit\u00e4t f\u00f6rdert. Der hohe Kragen ist anatomisch geformt. B\u00fcndchen und Saum sind f\u00fcr eine bessere Passform mit elastischem Besatz und Silikon versehen. Es verf\u00fcgt \u00fcber zwei R\u00fcckentaschen mit elastischem Besatz und Silikonbesatz, eine Mesh-Seitentasche mit gleichem Besatz und eine zus\u00e4tzliche Mesh-Brusttasche mit elastischem Besatz und einfachem Zugriff.","breadcrumb":{"@id":"https:\/\/www.inverseteams.com\/de\/produkt\/langarm-radtrikot-outter-alaska-herren\/#breadcrumb"},"inLanguage":"de","potentialAction":[{"@type":"ReadAction","target":["https:\/\/www.inverseteams.com\/de\/produkt\/langarm-radtrikot-outter-alaska-herren\/"]}]},{"@type":"ImageObject","inLanguage":"de","@id":"https:\/\/www.inverseteams.com\/de\/produkt\/langarm-radtrikot-outter-alaska-herren\/#primaryimage","url":"https:\/\/www.inverseteams.com\/wp-content\/uploads\/INVERSE-OUTTER-MAILLOT-ALASKA-001.jpg","contentUrl":"https:\/\/www.inverseteams.com\/wp-content\/uploads\/INVERSE-OUTTER-MAILLOT-ALASKA-001.jpg","width":1500,"height":1612},{"@type":"BreadcrumbList","@id":"https:\/\/www.inverseteams.com\/de\/produkt\/langarm-radtrikot-outter-alaska-herren\/#breadcrumb","itemListElement":[{"@type":"ListItem","position":1,"name":"Portada","item":"https:\/\/www.inverseteams.com\/de\/"},{"@type":"ListItem","position":2,"name":"Speichern","item":"https:\/\/www.inverseteams.com\/de\/speichern\/"},{"@type":"ListItem","position":3,"name":"Langarm Radtrikot OUTTER ALASKA (HERREN)"}]},{"@type":"WebSite","@id":"https:\/\/www.inverseteams.com\/de\/#website","url":"https:\/\/www.inverseteams.com\/de\/","name":"Inverseteams","description":"Tu marca de ropa deportiva personalizada","publisher":{"@id":"https:\/\/www.inverseteams.com\/de\/#organization"},"potentialAction":[{"@type":"SearchAction","target":{"@type":"EntryPoint","urlTemplate":"https:\/\/www.inverseteams.com\/de\/?s={search_term_string}"},"query-input":{"@type":"PropertyValueSpecification","valueRequired":true,"valueName":"search_term_string"}}],"inLanguage":"de"},{"@type":"Organization","@id":"https:\/\/www.inverseteams.com\/de\/#organization","name":"Inverse Teams","url":"https:\/\/www.inverseteams.com\/de\/","logo":{"@type":"ImageObject","inLanguage":"de","@id":"https:\/\/www.inverseteams.com\/de\/#\/schema\/logo\/image\/","url":"https:\/\/www.inverseteams.com\/wp-content\/uploads\/2021\/03\/logo-inverse-teams.png","contentUrl":"https:\/\/www.inverseteams.com\/wp-content\/uploads\/2021\/03\/logo-inverse-teams.png","width":294,"height":99,"caption":"Inverse Teams"},"image":{"@id":"https:\/\/www.inverseteams.com\/de\/#\/schema\/logo\/image\/"},"sameAs":["https:\/\/www.facebook.com\/inverseteams","http:\/\/instagram.com\/inverseteams","https:\/\/www.linkedin.com\/company\/inverse-cirosport-s-l-?trk=job_view_topcard_company_name","http:\/\/www.pinterest.com\/inverseteams\/","http:\/\/www.youtube.com\/user\/inverseteams?feature=watch"]}]}},"_links":{"self":[{"href":"https:\/\/www.inverseteams.com\/de\/wp-json\/wp\/v2\/product\/268847","targetHints":{"allow":["GET"]}}],"collection":[{"href":"https:\/\/www.inverseteams.com\/de\/wp-json\/wp\/v2\/product"}],"about":[{"href":"https:\/\/www.inverseteams.com\/de\/wp-json\/wp\/v2\/types\/product"}],"replies":[{"embeddable":true,"href":"https:\/\/www.inverseteams.com\/de\/wp-json\/wp\/v2\/comments?post=268847"}],"wp:featuredmedia":[{"embeddable":true,"href":"https:\/\/www.inverseteams.com\/de\/wp-json\/wp\/v2\/media\/268732"}],"wp:attachment":[{"href":"https:\/\/www.inverseteams.com\/de\/wp-json\/wp\/v2\/media?parent=268847"}],"wp:term":[{"taxonomy":"product_brand","embeddable":true,"href":"https:\/\/www.inverseteams.com\/de\/wp-json\/wp\/v2\/product_brand?post=268847"},{"taxonomy":"product_cat","embeddable":true,"href":"https:\/\/www.inverseteams.com\/de\/wp-json\/wp\/v2\/product_cat?post=268847"},{"taxonomy":"product_tag","embeddable":true,"href":"https:\/\/www.inverseteams.com\/de\/wp-json\/wp\/v2\/product_tag?post=268847"},{"taxonomy":"custom_category","embeddable":true,"href":"https:\/\/www.inverseteams.com\/de\/wp-json\/wp\/v2\/custom_category?post=268847"},{"taxonomy":"range","embeddable":true,"href":"https:\/\/www.inverseteams.com\/de\/wp-json\/wp\/v2\/range?post=268847"}],"curies":[{"name":"wp","href":"https:\/\/api.w.org\/{rel}","templated":true}]}}