{"id":268841,"date":"2025-10-03T07:18:16","date_gmt":"2025-10-03T07:18:16","guid":{"rendered":"https:\/\/www.inverseteams.com\/?post_type=product&#038;p=268841"},"modified":"2026-02-20T11:55:32","modified_gmt":"2026-02-20T10:55:32","slug":"cargo-radhose-outter-alaska-kaki-herren","status":"publish","type":"product","link":"https:\/\/www.inverseteams.com\/de\/produkt\/cargo-radhose-outter-alaska-kaki-herren\/","title":{"rendered":"Cargo Radhose OUTTER ALASKA KAKI (HERREN)"},"content":{"rendered":"<p>Die Hosen haben 4 Netztaschen. Eine auf jeder Seite und zwei im Lendenbereich, um alle Ihre Sachen w\u00e4hrend des Trainings zu verstauen.<br \/>\nAu\u00dfergew\u00f6hnliche High-End-Radhose, ideal, um der K\u00e4lte zu trotzen und das Radfahren im Winter zu genie\u00dfen. Das SUPERROUBAIX-Gewebe, aus dem es besteht, speichert die K\u00f6rperw\u00e4rme und sorgt f\u00fcr die notwendige Muskelkompression, um Erm\u00fcdungserscheinungen zu verz\u00f6gern. Seine Elastizit\u00e4t erm\u00f6glicht Ihnen gro\u00dfe Bewegungsfreiheit. Die Eins\u00e4tze der Radhose sind so konzipiert, dass sie sich perfekt an unterschiedliche Tretpositionen anpassen. Sie werden keine Beschwerden bemerken.<br \/>\nDie Schaumstoff-Schultergurte mit hinterer Verst\u00e4rkung verteilen das Gewicht richtig, um Verletzungen zu vermeiden, sodass Sie stundenlang Freude am Radfahren haben.<br \/>\nAm Ende der Beine befindet sich ein Gummiband mit einem hypoallergenen Silikongriff im Inneren. Dadurch bleibt das Kleidungsst\u00fcck sicher am Bein befestigt. Im hinteren Bereich befindet sich ein reflektierendes Detail, das Ihre Sicherheit erh\u00f6ht, da es das Licht von Fahrzeugen reflektiert.<br \/>\nAusgestattet mit dem GHIAIA Sitzpolster mit elastischer Schnittstelle, bestehend aus 2 Dichten, die sich an Ihre Anatomie und Ihren Tretstil anpassen.<br \/>\nDie neuen Inverse-Cargohosen sind perfekt, um Gravel, bikepacking und Natur zu genie\u00dfen.<\/p>\n","protected":false},"excerpt":{"rendered":"<p>Die Hosen haben 4 Netztaschen. Eine auf jeder Seite und zwei im Lendenbereich, um alle Ihre Sachen w\u00e4hrend des Trainings zu verstauen.<br \/>\nAu\u00dfergew\u00f6hnliche High-End-Radhose, ideal, um der K\u00e4lte zu trotzen und das Radfahren im Winter zu genie\u00dfen. Das SUPERROUBAIX-Gewebe, aus dem es besteht, speichert die K\u00f6rperw\u00e4rme und sorgt f\u00fcr die notwendige Muskelkompression, um Erm\u00fcdungserscheinungen zu verz\u00f6gern. Seine Elastizit\u00e4t erm\u00f6glicht Ihnen gro\u00dfe Bewegungsfreiheit. Die Eins\u00e4tze der Radhose sind so konzipiert, dass sie sich perfekt an unterschiedliche Tretpositionen anpassen. Sie werden keine Beschwerden bemerken.<br \/>\nDie Schaumstoff-Schultergurte mit hinterer Verst\u00e4rkung verteilen das Gewicht richtig, um Verletzungen zu vermeiden, sodass Sie stundenlang Freude am Radfahren haben.<br \/>\nAm Ende der Beine befindet sich ein Gummiband mit einem hypoallergenen Silikongriff im Inneren. Dadurch bleibt das Kleidungsst\u00fcck sicher am Bein befestigt. Im hinteren Bereich befindet sich ein reflektierendes Detail, das Ihre Sicherheit erh\u00f6ht, da es das Licht von Fahrzeugen reflektiert.<br \/>\nAusgestattet mit dem GHIAIA Sitzpolster mit elastischer Schnittstelle, bestehend aus 2 Dichten, die sich an Ihre Anatomie und Ihren Tretstil anpassen.<br \/>\nDie neuen Inverse-Cargohosen sind perfekt, um Gravel, bikepacking und Natur zu genie\u00dfen.<\/p>\n","protected":false},"featured_media":268702,"comment_status":"closed","ping_status":"closed","template":"","meta":{"_acf_changed":false},"product_brand":[],"product_cat":[11153,11171,11190,11258,11172],"product_tag":[],"custom_category":[],"range":[],"class_list":{"0":"post-268841","1":"product","2":"type-product","3":"status-publish","4":"has-post-thumbnail","6":"product_cat-b2b-de","7":"product_cat-radsport-shorts","8":"product_cat-radsportbekleidung","9":"product_cat-gravel-de","10":"product_cat-lange-radhosen","11":"pa_climatologia-frio-de","12":"pa_deporte-ciclismo-de","13":"pa_genero-hombre-de","14":"pa_patronaje-fit-de","15":"pa_talla-s-de","16":"pa_talla-m-de","17":"pa_talla-l-de","18":"pa_talla-xl-de","19":"pa_talla-xxl-de","20":"pa_tipo-de-prenda-lange-radhose","22":"first","23":"instock","24":"taxable","25":"shipping-taxable","26":"purchasable","27":"product-type-variable","28":"has-default-attributes"},"acf":[],"yoast_head":"<!-- This site is optimized with the Yoast SEO plugin v27.3 - https:\/\/yoast.com\/product\/yoast-seo-wordpress\/ -->\n<title>Cargo Radhose OUTTER ALASKA KAKI (HERREN)<\/title>\n<meta name=\"description\" content=\"Die Hosen haben 4 Netztaschen. Eine auf jeder Seite und zwei im Lendenbereich, um alle Ihre Sachen w\u00e4hrend des Trainings zu verstauen. Au\u00dfergew\u00f6hnliche High-End-Radhose, ideal, um der K\u00e4lte zu trotzen und das Radfahren im Winter zu genie\u00dfen. Das SUPERROUBAIX-Gewebe, aus dem es besteht, speichert die K\u00f6rperw\u00e4rme und sorgt f\u00fcr die notwendige Muskelkompression, um Erm\u00fcdungserscheinungen zu verz\u00f6gern. Seine Elastizit\u00e4t erm\u00f6glicht Ihnen gro\u00dfe Bewegungsfreiheit. Die Eins\u00e4tze der Radhose sind so konzipiert, dass sie sich perfekt an unterschiedliche Tretpositionen anpassen. Sie werden keine Beschwerden bemerken. Die Schaumstoff-Schultergurte mit hinterer Verst\u00e4rkung verteilen das Gewicht richtig, um Verletzungen zu vermeiden, sodass Sie stundenlang Freude am Radfahren haben. Am Ende der Beine befindet sich ein Gummiband mit einem hypoallergenen Silikongriff im Inneren. Dadurch bleibt das Kleidungsst\u00fcck sicher am Bein befestigt. Im hinteren Bereich befindet sich ein reflektierendes Detail, das Ihre Sicherheit erh\u00f6ht, da es das Licht von Fahrzeugen reflektiert. Ausgestattet mit dem GHIAIA Sitzpolster mit elastischer Schnittstelle, bestehend aus 2 Dichten, die sich an Ihre Anatomie und Ihren Tretstil anpassen. Die neuen Inverse-Cargohosen sind perfekt, um Gravel, bikepacking und Natur zu genie\u00dfen.\" \/>\n<meta name=\"robots\" content=\"index, follow, max-snippet:-1, max-image-preview:large, max-video-preview:-1\" \/>\n<link rel=\"canonical\" href=\"https:\/\/www.inverseteams.com\/de\/produkt\/cargo-radhose-outter-alaska-kaki-herren\/\" \/>\n<meta property=\"og:locale\" content=\"de_DE\" \/>\n<meta property=\"og:type\" content=\"article\" \/>\n<meta property=\"og:title\" content=\"Cargo Radhose OUTTER ALASKA KAKI (HERREN)\" \/>\n<meta property=\"og:description\" content=\"Die Hosen haben 4 Netztaschen. Eine auf jeder Seite und zwei im Lendenbereich, um alle Ihre Sachen w\u00e4hrend des Trainings zu verstauen. Au\u00dfergew\u00f6hnliche High-End-Radhose, ideal, um der K\u00e4lte zu trotzen und das Radfahren im Winter zu genie\u00dfen. Das SUPERROUBAIX-Gewebe, aus dem es besteht, speichert die K\u00f6rperw\u00e4rme und sorgt f\u00fcr die notwendige Muskelkompression, um Erm\u00fcdungserscheinungen zu verz\u00f6gern. Seine Elastizit\u00e4t erm\u00f6glicht Ihnen gro\u00dfe Bewegungsfreiheit. Die Eins\u00e4tze der Radhose sind so konzipiert, dass sie sich perfekt an unterschiedliche Tretpositionen anpassen. Sie werden keine Beschwerden bemerken. Die Schaumstoff-Schultergurte mit hinterer Verst\u00e4rkung verteilen das Gewicht richtig, um Verletzungen zu vermeiden, sodass Sie stundenlang Freude am Radfahren haben. Am Ende der Beine befindet sich ein Gummiband mit einem hypoallergenen Silikongriff im Inneren. Dadurch bleibt das Kleidungsst\u00fcck sicher am Bein befestigt. Im hinteren Bereich befindet sich ein reflektierendes Detail, das Ihre Sicherheit erh\u00f6ht, da es das Licht von Fahrzeugen reflektiert. Ausgestattet mit dem GHIAIA Sitzpolster mit elastischer Schnittstelle, bestehend aus 2 Dichten, die sich an Ihre Anatomie und Ihren Tretstil anpassen. Die neuen Inverse-Cargohosen sind perfekt, um Gravel, bikepacking und Natur zu genie\u00dfen.\" \/>\n<meta property=\"og:url\" content=\"https:\/\/www.inverseteams.com\/de\/produkt\/cargo-radhose-outter-alaska-kaki-herren\/\" \/>\n<meta property=\"og:site_name\" content=\"Inverseteams\" \/>\n<meta property=\"article:publisher\" content=\"https:\/\/www.facebook.com\/inverseteams\" \/>\n<meta property=\"article:modified_time\" content=\"2026-02-20T10:55:32+00:00\" \/>\n<meta property=\"og:image\" content=\"https:\/\/www.inverseteams.com\/wp-content\/uploads\/INVERSE-OUTTER-CULOTTE-ALASKA-KAKI-001.jpg\" \/>\n\t<meta property=\"og:image:width\" content=\"1500\" \/>\n\t<meta property=\"og:image:height\" content=\"1612\" \/>\n\t<meta property=\"og:image:type\" content=\"image\/jpeg\" \/>\n<meta name=\"twitter:card\" content=\"summary_large_image\" \/>\n<meta name=\"twitter:label1\" content=\"Gesch\u00e4tzte Lesezeit\" \/>\n\t<meta name=\"twitter:data1\" content=\"2\u00a0Minute\" \/>\n<script type=\"application\/ld+json\" class=\"yoast-schema-graph\">{\"@context\":\"https:\\\/\\\/schema.org\",\"@graph\":[{\"@type\":\"WebPage\",\"@id\":\"https:\\\/\\\/www.inverseteams.com\\\/de\\\/produkt\\\/cargo-radhose-outter-alaska-kaki-herren\\\/\",\"url\":\"https:\\\/\\\/www.inverseteams.com\\\/de\\\/produkt\\\/cargo-radhose-outter-alaska-kaki-herren\\\/\",\"name\":\"Cargo Radhose OUTTER ALASKA KAKI (HERREN)\",\"isPartOf\":{\"@id\":\"https:\\\/\\\/www.inverseteams.com\\\/de\\\/#website\"},\"primaryImageOfPage\":{\"@id\":\"https:\\\/\\\/www.inverseteams.com\\\/de\\\/produkt\\\/cargo-radhose-outter-alaska-kaki-herren\\\/#primaryimage\"},\"image\":{\"@id\":\"https:\\\/\\\/www.inverseteams.com\\\/de\\\/produkt\\\/cargo-radhose-outter-alaska-kaki-herren\\\/#primaryimage\"},\"thumbnailUrl\":\"https:\\\/\\\/www.inverseteams.com\\\/wp-content\\\/uploads\\\/INVERSE-OUTTER-CULOTTE-ALASKA-KAKI-001.jpg\",\"datePublished\":\"2025-10-03T07:18:16+00:00\",\"dateModified\":\"2026-02-20T10:55:32+00:00\",\"description\":\"Die Hosen haben 4 Netztaschen. Eine auf jeder Seite und zwei im Lendenbereich, um alle Ihre Sachen w\u00e4hrend des Trainings zu verstauen. Au\u00dfergew\u00f6hnliche High-End-Radhose, ideal, um der K\u00e4lte zu trotzen und das Radfahren im Winter zu genie\u00dfen. Das SUPERROUBAIX-Gewebe, aus dem es besteht, speichert die K\u00f6rperw\u00e4rme und sorgt f\u00fcr die notwendige Muskelkompression, um Erm\u00fcdungserscheinungen zu verz\u00f6gern. Seine Elastizit\u00e4t erm\u00f6glicht Ihnen gro\u00dfe Bewegungsfreiheit. Die Eins\u00e4tze der Radhose sind so konzipiert, dass sie sich perfekt an unterschiedliche Tretpositionen anpassen. Sie werden keine Beschwerden bemerken. Die Schaumstoff-Schultergurte mit hinterer Verst\u00e4rkung verteilen das Gewicht richtig, um Verletzungen zu vermeiden, sodass Sie stundenlang Freude am Radfahren haben. Am Ende der Beine befindet sich ein Gummiband mit einem hypoallergenen Silikongriff im Inneren. Dadurch bleibt das Kleidungsst\u00fcck sicher am Bein befestigt. Im hinteren Bereich befindet sich ein reflektierendes Detail, das Ihre Sicherheit erh\u00f6ht, da es das Licht von Fahrzeugen reflektiert. Ausgestattet mit dem GHIAIA Sitzpolster mit elastischer Schnittstelle, bestehend aus 2 Dichten, die sich an Ihre Anatomie und Ihren Tretstil anpassen. Die neuen Inverse-Cargohosen sind perfekt, um Gravel, bikepacking und Natur zu genie\u00dfen.\",\"breadcrumb\":{\"@id\":\"https:\\\/\\\/www.inverseteams.com\\\/de\\\/produkt\\\/cargo-radhose-outter-alaska-kaki-herren\\\/#breadcrumb\"},\"inLanguage\":\"de\",\"potentialAction\":[{\"@type\":\"ReadAction\",\"target\":[\"https:\\\/\\\/www.inverseteams.com\\\/de\\\/produkt\\\/cargo-radhose-outter-alaska-kaki-herren\\\/\"]}]},{\"@type\":\"ImageObject\",\"inLanguage\":\"de\",\"@id\":\"https:\\\/\\\/www.inverseteams.com\\\/de\\\/produkt\\\/cargo-radhose-outter-alaska-kaki-herren\\\/#primaryimage\",\"url\":\"https:\\\/\\\/www.inverseteams.com\\\/wp-content\\\/uploads\\\/INVERSE-OUTTER-CULOTTE-ALASKA-KAKI-001.jpg\",\"contentUrl\":\"https:\\\/\\\/www.inverseteams.com\\\/wp-content\\\/uploads\\\/INVERSE-OUTTER-CULOTTE-ALASKA-KAKI-001.jpg\",\"width\":1500,\"height\":1612},{\"@type\":\"BreadcrumbList\",\"@id\":\"https:\\\/\\\/www.inverseteams.com\\\/de\\\/produkt\\\/cargo-radhose-outter-alaska-kaki-herren\\\/#breadcrumb\",\"itemListElement\":[{\"@type\":\"ListItem\",\"position\":1,\"name\":\"Portada\",\"item\":\"https:\\\/\\\/www.inverseteams.com\\\/de\\\/\"},{\"@type\":\"ListItem\",\"position\":2,\"name\":\"Speichern\",\"item\":\"https:\\\/\\\/www.inverseteams.com\\\/de\\\/speichern\\\/\"},{\"@type\":\"ListItem\",\"position\":3,\"name\":\"Cargo Radhose OUTTER ALASKA KAKI (HERREN)\"}]},{\"@type\":\"WebSite\",\"@id\":\"https:\\\/\\\/www.inverseteams.com\\\/de\\\/#website\",\"url\":\"https:\\\/\\\/www.inverseteams.com\\\/de\\\/\",\"name\":\"Inverseteams\",\"description\":\"Tu marca de ropa deportiva personalizada\",\"publisher\":{\"@id\":\"https:\\\/\\\/www.inverseteams.com\\\/de\\\/#organization\"},\"potentialAction\":[{\"@type\":\"SearchAction\",\"target\":{\"@type\":\"EntryPoint\",\"urlTemplate\":\"https:\\\/\\\/www.inverseteams.com\\\/de\\\/?s={search_term_string}\"},\"query-input\":{\"@type\":\"PropertyValueSpecification\",\"valueRequired\":true,\"valueName\":\"search_term_string\"}}],\"inLanguage\":\"de\"},{\"@type\":\"Organization\",\"@id\":\"https:\\\/\\\/www.inverseteams.com\\\/de\\\/#organization\",\"name\":\"Inverse Teams\",\"url\":\"https:\\\/\\\/www.inverseteams.com\\\/de\\\/\",\"logo\":{\"@type\":\"ImageObject\",\"inLanguage\":\"de\",\"@id\":\"https:\\\/\\\/www.inverseteams.com\\\/de\\\/#\\\/schema\\\/logo\\\/image\\\/\",\"url\":\"http:\\\/\\\/www.inverseteams.com\\\/wp-content\\\/uploads\\\/2021\\\/03\\\/logo-inverse-teams.png\",\"contentUrl\":\"http:\\\/\\\/www.inverseteams.com\\\/wp-content\\\/uploads\\\/2021\\\/03\\\/logo-inverse-teams.png\",\"width\":294,\"height\":99,\"caption\":\"Inverse Teams\"},\"image\":{\"@id\":\"https:\\\/\\\/www.inverseteams.com\\\/de\\\/#\\\/schema\\\/logo\\\/image\\\/\"},\"sameAs\":[\"https:\\\/\\\/www.facebook.com\\\/inverseteams\",\"http:\\\/\\\/instagram.com\\\/inverseteams\",\"https:\\\/\\\/www.linkedin.com\\\/company\\\/inverse-cirosport-s-l-?trk=job_view_topcard_company_name\",\"http:\\\/\\\/www.pinterest.com\\\/inverseteams\\\/\",\"http:\\\/\\\/www.youtube.com\\\/user\\\/inverseteams?feature=watch\"]}]}<\/script>\n<!-- \/ Yoast SEO plugin. -->","yoast_head_json":{"title":"Cargo Radhose OUTTER ALASKA KAKI (HERREN)","description":"Die Hosen haben 4 Netztaschen. Eine auf jeder Seite und zwei im Lendenbereich, um alle Ihre Sachen w\u00e4hrend des Trainings zu verstauen. Au\u00dfergew\u00f6hnliche High-End-Radhose, ideal, um der K\u00e4lte zu trotzen und das Radfahren im Winter zu genie\u00dfen. Das SUPERROUBAIX-Gewebe, aus dem es besteht, speichert die K\u00f6rperw\u00e4rme und sorgt f\u00fcr die notwendige Muskelkompression, um Erm\u00fcdungserscheinungen zu verz\u00f6gern. Seine Elastizit\u00e4t erm\u00f6glicht Ihnen gro\u00dfe Bewegungsfreiheit. Die Eins\u00e4tze der Radhose sind so konzipiert, dass sie sich perfekt an unterschiedliche Tretpositionen anpassen. Sie werden keine Beschwerden bemerken. Die Schaumstoff-Schultergurte mit hinterer Verst\u00e4rkung verteilen das Gewicht richtig, um Verletzungen zu vermeiden, sodass Sie stundenlang Freude am Radfahren haben. Am Ende der Beine befindet sich ein Gummiband mit einem hypoallergenen Silikongriff im Inneren. Dadurch bleibt das Kleidungsst\u00fcck sicher am Bein befestigt. Im hinteren Bereich befindet sich ein reflektierendes Detail, das Ihre Sicherheit erh\u00f6ht, da es das Licht von Fahrzeugen reflektiert. Ausgestattet mit dem GHIAIA Sitzpolster mit elastischer Schnittstelle, bestehend aus 2 Dichten, die sich an Ihre Anatomie und Ihren Tretstil anpassen. Die neuen Inverse-Cargohosen sind perfekt, um Gravel, bikepacking und Natur zu genie\u00dfen.","robots":{"index":"index","follow":"follow","max-snippet":"max-snippet:-1","max-image-preview":"max-image-preview:large","max-video-preview":"max-video-preview:-1"},"canonical":"https:\/\/www.inverseteams.com\/de\/produkt\/cargo-radhose-outter-alaska-kaki-herren\/","og_locale":"de_DE","og_type":"article","og_title":"Cargo Radhose OUTTER ALASKA KAKI (HERREN)","og_description":"Die Hosen haben 4 Netztaschen. Eine auf jeder Seite und zwei im Lendenbereich, um alle Ihre Sachen w\u00e4hrend des Trainings zu verstauen. Au\u00dfergew\u00f6hnliche High-End-Radhose, ideal, um der K\u00e4lte zu trotzen und das Radfahren im Winter zu genie\u00dfen. Das SUPERROUBAIX-Gewebe, aus dem es besteht, speichert die K\u00f6rperw\u00e4rme und sorgt f\u00fcr die notwendige Muskelkompression, um Erm\u00fcdungserscheinungen zu verz\u00f6gern. Seine Elastizit\u00e4t erm\u00f6glicht Ihnen gro\u00dfe Bewegungsfreiheit. Die Eins\u00e4tze der Radhose sind so konzipiert, dass sie sich perfekt an unterschiedliche Tretpositionen anpassen. Sie werden keine Beschwerden bemerken. Die Schaumstoff-Schultergurte mit hinterer Verst\u00e4rkung verteilen das Gewicht richtig, um Verletzungen zu vermeiden, sodass Sie stundenlang Freude am Radfahren haben. Am Ende der Beine befindet sich ein Gummiband mit einem hypoallergenen Silikongriff im Inneren. Dadurch bleibt das Kleidungsst\u00fcck sicher am Bein befestigt. Im hinteren Bereich befindet sich ein reflektierendes Detail, das Ihre Sicherheit erh\u00f6ht, da es das Licht von Fahrzeugen reflektiert. Ausgestattet mit dem GHIAIA Sitzpolster mit elastischer Schnittstelle, bestehend aus 2 Dichten, die sich an Ihre Anatomie und Ihren Tretstil anpassen. Die neuen Inverse-Cargohosen sind perfekt, um Gravel, bikepacking und Natur zu genie\u00dfen.","og_url":"https:\/\/www.inverseteams.com\/de\/produkt\/cargo-radhose-outter-alaska-kaki-herren\/","og_site_name":"Inverseteams","article_publisher":"https:\/\/www.facebook.com\/inverseteams","article_modified_time":"2026-02-20T10:55:32+00:00","og_image":[{"width":1500,"height":1612,"url":"https:\/\/www.inverseteams.com\/wp-content\/uploads\/INVERSE-OUTTER-CULOTTE-ALASKA-KAKI-001.jpg","type":"image\/jpeg"}],"twitter_card":"summary_large_image","twitter_misc":{"Gesch\u00e4tzte Lesezeit":"2\u00a0Minute"},"schema":{"@context":"https:\/\/schema.org","@graph":[{"@type":"WebPage","@id":"https:\/\/www.inverseteams.com\/de\/produkt\/cargo-radhose-outter-alaska-kaki-herren\/","url":"https:\/\/www.inverseteams.com\/de\/produkt\/cargo-radhose-outter-alaska-kaki-herren\/","name":"Cargo Radhose OUTTER ALASKA KAKI (HERREN)","isPartOf":{"@id":"https:\/\/www.inverseteams.com\/de\/#website"},"primaryImageOfPage":{"@id":"https:\/\/www.inverseteams.com\/de\/produkt\/cargo-radhose-outter-alaska-kaki-herren\/#primaryimage"},"image":{"@id":"https:\/\/www.inverseteams.com\/de\/produkt\/cargo-radhose-outter-alaska-kaki-herren\/#primaryimage"},"thumbnailUrl":"https:\/\/www.inverseteams.com\/wp-content\/uploads\/INVERSE-OUTTER-CULOTTE-ALASKA-KAKI-001.jpg","datePublished":"2025-10-03T07:18:16+00:00","dateModified":"2026-02-20T10:55:32+00:00","description":"Die Hosen haben 4 Netztaschen. Eine auf jeder Seite und zwei im Lendenbereich, um alle Ihre Sachen w\u00e4hrend des Trainings zu verstauen. Au\u00dfergew\u00f6hnliche High-End-Radhose, ideal, um der K\u00e4lte zu trotzen und das Radfahren im Winter zu genie\u00dfen. Das SUPERROUBAIX-Gewebe, aus dem es besteht, speichert die K\u00f6rperw\u00e4rme und sorgt f\u00fcr die notwendige Muskelkompression, um Erm\u00fcdungserscheinungen zu verz\u00f6gern. Seine Elastizit\u00e4t erm\u00f6glicht Ihnen gro\u00dfe Bewegungsfreiheit. Die Eins\u00e4tze der Radhose sind so konzipiert, dass sie sich perfekt an unterschiedliche Tretpositionen anpassen. Sie werden keine Beschwerden bemerken. Die Schaumstoff-Schultergurte mit hinterer Verst\u00e4rkung verteilen das Gewicht richtig, um Verletzungen zu vermeiden, sodass Sie stundenlang Freude am Radfahren haben. Am Ende der Beine befindet sich ein Gummiband mit einem hypoallergenen Silikongriff im Inneren. Dadurch bleibt das Kleidungsst\u00fcck sicher am Bein befestigt. Im hinteren Bereich befindet sich ein reflektierendes Detail, das Ihre Sicherheit erh\u00f6ht, da es das Licht von Fahrzeugen reflektiert. Ausgestattet mit dem GHIAIA Sitzpolster mit elastischer Schnittstelle, bestehend aus 2 Dichten, die sich an Ihre Anatomie und Ihren Tretstil anpassen. Die neuen Inverse-Cargohosen sind perfekt, um Gravel, bikepacking und Natur zu genie\u00dfen.","breadcrumb":{"@id":"https:\/\/www.inverseteams.com\/de\/produkt\/cargo-radhose-outter-alaska-kaki-herren\/#breadcrumb"},"inLanguage":"de","potentialAction":[{"@type":"ReadAction","target":["https:\/\/www.inverseteams.com\/de\/produkt\/cargo-radhose-outter-alaska-kaki-herren\/"]}]},{"@type":"ImageObject","inLanguage":"de","@id":"https:\/\/www.inverseteams.com\/de\/produkt\/cargo-radhose-outter-alaska-kaki-herren\/#primaryimage","url":"https:\/\/www.inverseteams.com\/wp-content\/uploads\/INVERSE-OUTTER-CULOTTE-ALASKA-KAKI-001.jpg","contentUrl":"https:\/\/www.inverseteams.com\/wp-content\/uploads\/INVERSE-OUTTER-CULOTTE-ALASKA-KAKI-001.jpg","width":1500,"height":1612},{"@type":"BreadcrumbList","@id":"https:\/\/www.inverseteams.com\/de\/produkt\/cargo-radhose-outter-alaska-kaki-herren\/#breadcrumb","itemListElement":[{"@type":"ListItem","position":1,"name":"Portada","item":"https:\/\/www.inverseteams.com\/de\/"},{"@type":"ListItem","position":2,"name":"Speichern","item":"https:\/\/www.inverseteams.com\/de\/speichern\/"},{"@type":"ListItem","position":3,"name":"Cargo Radhose OUTTER ALASKA KAKI (HERREN)"}]},{"@type":"WebSite","@id":"https:\/\/www.inverseteams.com\/de\/#website","url":"https:\/\/www.inverseteams.com\/de\/","name":"Inverseteams","description":"Tu marca de ropa deportiva personalizada","publisher":{"@id":"https:\/\/www.inverseteams.com\/de\/#organization"},"potentialAction":[{"@type":"SearchAction","target":{"@type":"EntryPoint","urlTemplate":"https:\/\/www.inverseteams.com\/de\/?s={search_term_string}"},"query-input":{"@type":"PropertyValueSpecification","valueRequired":true,"valueName":"search_term_string"}}],"inLanguage":"de"},{"@type":"Organization","@id":"https:\/\/www.inverseteams.com\/de\/#organization","name":"Inverse Teams","url":"https:\/\/www.inverseteams.com\/de\/","logo":{"@type":"ImageObject","inLanguage":"de","@id":"https:\/\/www.inverseteams.com\/de\/#\/schema\/logo\/image\/","url":"https:\/\/www.inverseteams.com\/wp-content\/uploads\/2021\/03\/logo-inverse-teams.png","contentUrl":"https:\/\/www.inverseteams.com\/wp-content\/uploads\/2021\/03\/logo-inverse-teams.png","width":294,"height":99,"caption":"Inverse Teams"},"image":{"@id":"https:\/\/www.inverseteams.com\/de\/#\/schema\/logo\/image\/"},"sameAs":["https:\/\/www.facebook.com\/inverseteams","http:\/\/instagram.com\/inverseteams","https:\/\/www.linkedin.com\/company\/inverse-cirosport-s-l-?trk=job_view_topcard_company_name","http:\/\/www.pinterest.com\/inverseteams\/","http:\/\/www.youtube.com\/user\/inverseteams?feature=watch"]}]}},"_links":{"self":[{"href":"https:\/\/www.inverseteams.com\/de\/wp-json\/wp\/v2\/product\/268841","targetHints":{"allow":["GET"]}}],"collection":[{"href":"https:\/\/www.inverseteams.com\/de\/wp-json\/wp\/v2\/product"}],"about":[{"href":"https:\/\/www.inverseteams.com\/de\/wp-json\/wp\/v2\/types\/product"}],"replies":[{"embeddable":true,"href":"https:\/\/www.inverseteams.com\/de\/wp-json\/wp\/v2\/comments?post=268841"}],"wp:featuredmedia":[{"embeddable":true,"href":"https:\/\/www.inverseteams.com\/de\/wp-json\/wp\/v2\/media\/268702"}],"wp:attachment":[{"href":"https:\/\/www.inverseteams.com\/de\/wp-json\/wp\/v2\/media?parent=268841"}],"wp:term":[{"taxonomy":"product_brand","embeddable":true,"href":"https:\/\/www.inverseteams.com\/de\/wp-json\/wp\/v2\/product_brand?post=268841"},{"taxonomy":"product_cat","embeddable":true,"href":"https:\/\/www.inverseteams.com\/de\/wp-json\/wp\/v2\/product_cat?post=268841"},{"taxonomy":"product_tag","embeddable":true,"href":"https:\/\/www.inverseteams.com\/de\/wp-json\/wp\/v2\/product_tag?post=268841"},{"taxonomy":"custom_category","embeddable":true,"href":"https:\/\/www.inverseteams.com\/de\/wp-json\/wp\/v2\/custom_category?post=268841"},{"taxonomy":"range","embeddable":true,"href":"https:\/\/www.inverseteams.com\/de\/wp-json\/wp\/v2\/range?post=268841"}],"curies":[{"name":"wp","href":"https:\/\/api.w.org\/{rel}","templated":true}]}}