{"id":268808,"date":"2025-10-03T06:26:38","date_gmt":"2025-10-03T06:26:38","guid":{"rendered":"https:\/\/www.inverseteams.com\/?post_type=product&#038;p=268808"},"modified":"2026-02-20T11:55:31","modified_gmt":"2026-02-20T10:55:31","slug":"radjacke-outter-artik-black-herren","status":"publish","type":"product","link":"https:\/\/www.inverseteams.com\/de\/produkt\/radjacke-outter-artik-black-herren\/","title":{"rendered":"Radjacke OUTTER ARTIK BLACK (HERREN)"},"content":{"rendered":"<p>Herrenjacke im Regular-Fit zum Schutz vor K\u00e4lte. Ein vielseitiges Kleidungsst\u00fcck, ideal f\u00fcr Sport und Stadtbummel.<br \/>\nGestepptes PrimaLoft\u00ae-Gewebe an Vorder- und R\u00fcckenpartie sorgt f\u00fcr hervorragende W\u00e4rmeisolierung, w\u00e4hrend die RIPSTOP-Au\u00dfenschicht wasserabweisend ist. Der silikonbeschichtete Saum sorgt f\u00fcr einen bequemen Sitz, und die lasergeschnittenen B\u00fcndchen bieten eine k\u00f6rpernahe Passform. Die \u00c4rmel mit Flatlock-N\u00e4hten und wasserdichtem Material verbessern die Anpassungsf\u00e4higkeit und Isolierung.<br \/>\nSie verf\u00fcgt \u00fcber zwei Seitentaschen mit magnetischen Rei\u00dfverschl\u00fcssen, darunter zwei Mesh-Innentaschen mit elastischem Besatz. Au\u00dferdem hat sie eine Rei\u00dfverschlusstasche hinten mit l\u00e4ssigem Vinyl-Branding.<\/p>\n","protected":false},"excerpt":{"rendered":"<p>Herrenjacke im Regular-Fit zum Schutz vor K\u00e4lte. Ein vielseitiges Kleidungsst\u00fcck, ideal f\u00fcr Sport und Stadtbummel.<br \/>\nGestepptes PrimaLoft\u00ae-Gewebe an Vorder- und R\u00fcckenpartie sorgt f\u00fcr hervorragende W\u00e4rmeisolierung, w\u00e4hrend die RIPSTOP-Au\u00dfenschicht wasserabweisend ist. Der silikonbeschichtete Saum sorgt f\u00fcr einen bequemen Sitz, und die lasergeschnittenen B\u00fcndchen bieten eine k\u00f6rpernahe Passform. Die \u00c4rmel mit Flatlock-N\u00e4hten und wasserdichtem Material verbessern die Anpassungsf\u00e4higkeit und Isolierung.<br \/>\nSie verf\u00fcgt \u00fcber zwei Seitentaschen mit magnetischen Rei\u00dfverschl\u00fcssen, darunter zwei Mesh-Innentaschen mit elastischem Besatz. Au\u00dferdem hat sie eine Rei\u00dfverschlusstasche hinten mit l\u00e4ssigem Vinyl-Branding.<\/p>\n","protected":false},"featured_media":268677,"comment_status":"closed","ping_status":"closed","template":"","meta":{"_acf_changed":false},"product_brand":[],"product_cat":[11153,11190,11258,11159],"product_tag":[],"custom_category":[],"range":[],"class_list":{"0":"post-268808","1":"product","2":"type-product","3":"status-publish","4":"has-post-thumbnail","6":"product_cat-b2b-de","7":"product_cat-radsportbekleidung","8":"product_cat-gravel-de","9":"product_cat-radjacken","10":"pa_climatologia-lluvia-de","11":"pa_climatologia-frio-de","12":"pa_climatologia-viento-de","13":"pa_deporte-ciclismo-de","14":"pa_genero-hombre-de","15":"pa_patronaje-regular-de","16":"pa_talla-l-de","17":"pa_talla-xl-de","18":"pa_talla-xxl-de","19":"pa_talla-s-de","20":"pa_talla-m-de","21":"pa_tipo-de-prenda-chaqueta-de","23":"first","24":"instock","25":"taxable","26":"shipping-taxable","27":"purchasable","28":"product-type-variable","29":"has-default-attributes"},"acf":[],"yoast_head":"<!-- This site is optimized with the Yoast SEO plugin v27.3 - https:\/\/yoast.com\/product\/yoast-seo-wordpress\/ -->\n<title>Radjacke OUTTER ARTIK BLACK (HERREN)<\/title>\n<meta name=\"description\" content=\"Herrenjacke im Regular-Fit zum Schutz vor K\u00e4lte. Ein vielseitiges Kleidungsst\u00fcck, ideal f\u00fcr Sport und Stadtbummel. Gestepptes PrimaLoft\u00ae-Gewebe an Vorder- und R\u00fcckenpartie sorgt f\u00fcr hervorragende W\u00e4rmeisolierung, w\u00e4hrend die RIPSTOP-Au\u00dfenschicht wasserabweisend ist. Der silikonbeschichtete Saum sorgt f\u00fcr einen bequemen Sitz, und die lasergeschnittenen B\u00fcndchen bieten eine k\u00f6rpernahe Passform. Die \u00c4rmel mit Flatlock-N\u00e4hten und wasserdichtem Material verbessern die Anpassungsf\u00e4higkeit und Isolierung. Sie verf\u00fcgt \u00fcber zwei Seitentaschen mit magnetischen Rei\u00dfverschl\u00fcssen, darunter zwei Mesh-Innentaschen mit elastischem Besatz. Au\u00dferdem hat sie eine Rei\u00dfverschlusstasche hinten mit l\u00e4ssigem Vinyl-Branding.\" \/>\n<meta name=\"robots\" content=\"index, follow, max-snippet:-1, max-image-preview:large, max-video-preview:-1\" \/>\n<link rel=\"canonical\" href=\"https:\/\/www.inverseteams.com\/de\/produkt\/radjacke-outter-artik-black-herren\/\" \/>\n<meta property=\"og:locale\" content=\"de_DE\" \/>\n<meta property=\"og:type\" content=\"article\" \/>\n<meta property=\"og:title\" content=\"Radjacke OUTTER ARTIK BLACK (HERREN)\" \/>\n<meta property=\"og:description\" content=\"Herrenjacke im Regular-Fit zum Schutz vor K\u00e4lte. Ein vielseitiges Kleidungsst\u00fcck, ideal f\u00fcr Sport und Stadtbummel. Gestepptes PrimaLoft\u00ae-Gewebe an Vorder- und R\u00fcckenpartie sorgt f\u00fcr hervorragende W\u00e4rmeisolierung, w\u00e4hrend die RIPSTOP-Au\u00dfenschicht wasserabweisend ist. Der silikonbeschichtete Saum sorgt f\u00fcr einen bequemen Sitz, und die lasergeschnittenen B\u00fcndchen bieten eine k\u00f6rpernahe Passform. Die \u00c4rmel mit Flatlock-N\u00e4hten und wasserdichtem Material verbessern die Anpassungsf\u00e4higkeit und Isolierung. Sie verf\u00fcgt \u00fcber zwei Seitentaschen mit magnetischen Rei\u00dfverschl\u00fcssen, darunter zwei Mesh-Innentaschen mit elastischem Besatz. Au\u00dferdem hat sie eine Rei\u00dfverschlusstasche hinten mit l\u00e4ssigem Vinyl-Branding.\" \/>\n<meta property=\"og:url\" content=\"https:\/\/www.inverseteams.com\/de\/produkt\/radjacke-outter-artik-black-herren\/\" \/>\n<meta property=\"og:site_name\" content=\"Inverseteams\" \/>\n<meta property=\"article:publisher\" content=\"https:\/\/www.facebook.com\/inverseteams\" \/>\n<meta property=\"article:modified_time\" content=\"2026-02-20T10:55:31+00:00\" \/>\n<meta property=\"og:image\" content=\"https:\/\/www.inverseteams.com\/wp-content\/uploads\/INVERSE-OUTTER-CHAQUETA-ARTIK-001.jpg\" \/>\n\t<meta property=\"og:image:width\" content=\"1500\" \/>\n\t<meta property=\"og:image:height\" content=\"1612\" \/>\n\t<meta property=\"og:image:type\" content=\"image\/jpeg\" \/>\n<meta name=\"twitter:card\" content=\"summary_large_image\" \/>\n<meta name=\"twitter:label1\" content=\"Gesch\u00e4tzte Lesezeit\" \/>\n\t<meta name=\"twitter:data1\" content=\"1\u00a0Minute\" \/>\n<script type=\"application\/ld+json\" class=\"yoast-schema-graph\">{\"@context\":\"https:\\\/\\\/schema.org\",\"@graph\":[{\"@type\":\"WebPage\",\"@id\":\"https:\\\/\\\/www.inverseteams.com\\\/de\\\/produkt\\\/radjacke-outter-artik-black-herren\\\/\",\"url\":\"https:\\\/\\\/www.inverseteams.com\\\/de\\\/produkt\\\/radjacke-outter-artik-black-herren\\\/\",\"name\":\"Radjacke OUTTER ARTIK BLACK (HERREN)\",\"isPartOf\":{\"@id\":\"https:\\\/\\\/www.inverseteams.com\\\/de\\\/#website\"},\"primaryImageOfPage\":{\"@id\":\"https:\\\/\\\/www.inverseteams.com\\\/de\\\/produkt\\\/radjacke-outter-artik-black-herren\\\/#primaryimage\"},\"image\":{\"@id\":\"https:\\\/\\\/www.inverseteams.com\\\/de\\\/produkt\\\/radjacke-outter-artik-black-herren\\\/#primaryimage\"},\"thumbnailUrl\":\"https:\\\/\\\/www.inverseteams.com\\\/wp-content\\\/uploads\\\/INVERSE-OUTTER-CHAQUETA-ARTIK-001.jpg\",\"datePublished\":\"2025-10-03T06:26:38+00:00\",\"dateModified\":\"2026-02-20T10:55:31+00:00\",\"description\":\"Herrenjacke im Regular-Fit zum Schutz vor K\u00e4lte. Ein vielseitiges Kleidungsst\u00fcck, ideal f\u00fcr Sport und Stadtbummel. Gestepptes PrimaLoft\u00ae-Gewebe an Vorder- und R\u00fcckenpartie sorgt f\u00fcr hervorragende W\u00e4rmeisolierung, w\u00e4hrend die RIPSTOP-Au\u00dfenschicht wasserabweisend ist. Der silikonbeschichtete Saum sorgt f\u00fcr einen bequemen Sitz, und die lasergeschnittenen B\u00fcndchen bieten eine k\u00f6rpernahe Passform. Die \u00c4rmel mit Flatlock-N\u00e4hten und wasserdichtem Material verbessern die Anpassungsf\u00e4higkeit und Isolierung. Sie verf\u00fcgt \u00fcber zwei Seitentaschen mit magnetischen Rei\u00dfverschl\u00fcssen, darunter zwei Mesh-Innentaschen mit elastischem Besatz. Au\u00dferdem hat sie eine Rei\u00dfverschlusstasche hinten mit l\u00e4ssigem Vinyl-Branding.\",\"breadcrumb\":{\"@id\":\"https:\\\/\\\/www.inverseteams.com\\\/de\\\/produkt\\\/radjacke-outter-artik-black-herren\\\/#breadcrumb\"},\"inLanguage\":\"de\",\"potentialAction\":[{\"@type\":\"ReadAction\",\"target\":[\"https:\\\/\\\/www.inverseteams.com\\\/de\\\/produkt\\\/radjacke-outter-artik-black-herren\\\/\"]}]},{\"@type\":\"ImageObject\",\"inLanguage\":\"de\",\"@id\":\"https:\\\/\\\/www.inverseteams.com\\\/de\\\/produkt\\\/radjacke-outter-artik-black-herren\\\/#primaryimage\",\"url\":\"https:\\\/\\\/www.inverseteams.com\\\/wp-content\\\/uploads\\\/INVERSE-OUTTER-CHAQUETA-ARTIK-001.jpg\",\"contentUrl\":\"https:\\\/\\\/www.inverseteams.com\\\/wp-content\\\/uploads\\\/INVERSE-OUTTER-CHAQUETA-ARTIK-001.jpg\",\"width\":1500,\"height\":1612},{\"@type\":\"BreadcrumbList\",\"@id\":\"https:\\\/\\\/www.inverseteams.com\\\/de\\\/produkt\\\/radjacke-outter-artik-black-herren\\\/#breadcrumb\",\"itemListElement\":[{\"@type\":\"ListItem\",\"position\":1,\"name\":\"Portada\",\"item\":\"https:\\\/\\\/www.inverseteams.com\\\/de\\\/\"},{\"@type\":\"ListItem\",\"position\":2,\"name\":\"Speichern\",\"item\":\"https:\\\/\\\/www.inverseteams.com\\\/de\\\/speichern\\\/\"},{\"@type\":\"ListItem\",\"position\":3,\"name\":\"Radjacke OUTTER ARTIK BLACK (HERREN)\"}]},{\"@type\":\"WebSite\",\"@id\":\"https:\\\/\\\/www.inverseteams.com\\\/de\\\/#website\",\"url\":\"https:\\\/\\\/www.inverseteams.com\\\/de\\\/\",\"name\":\"Inverseteams\",\"description\":\"Tu marca de ropa deportiva personalizada\",\"publisher\":{\"@id\":\"https:\\\/\\\/www.inverseteams.com\\\/de\\\/#organization\"},\"potentialAction\":[{\"@type\":\"SearchAction\",\"target\":{\"@type\":\"EntryPoint\",\"urlTemplate\":\"https:\\\/\\\/www.inverseteams.com\\\/de\\\/?s={search_term_string}\"},\"query-input\":{\"@type\":\"PropertyValueSpecification\",\"valueRequired\":true,\"valueName\":\"search_term_string\"}}],\"inLanguage\":\"de\"},{\"@type\":\"Organization\",\"@id\":\"https:\\\/\\\/www.inverseteams.com\\\/de\\\/#organization\",\"name\":\"Inverse Teams\",\"url\":\"https:\\\/\\\/www.inverseteams.com\\\/de\\\/\",\"logo\":{\"@type\":\"ImageObject\",\"inLanguage\":\"de\",\"@id\":\"https:\\\/\\\/www.inverseteams.com\\\/de\\\/#\\\/schema\\\/logo\\\/image\\\/\",\"url\":\"http:\\\/\\\/www.inverseteams.com\\\/wp-content\\\/uploads\\\/2021\\\/03\\\/logo-inverse-teams.png\",\"contentUrl\":\"http:\\\/\\\/www.inverseteams.com\\\/wp-content\\\/uploads\\\/2021\\\/03\\\/logo-inverse-teams.png\",\"width\":294,\"height\":99,\"caption\":\"Inverse Teams\"},\"image\":{\"@id\":\"https:\\\/\\\/www.inverseteams.com\\\/de\\\/#\\\/schema\\\/logo\\\/image\\\/\"},\"sameAs\":[\"https:\\\/\\\/www.facebook.com\\\/inverseteams\",\"http:\\\/\\\/instagram.com\\\/inverseteams\",\"https:\\\/\\\/www.linkedin.com\\\/company\\\/inverse-cirosport-s-l-?trk=job_view_topcard_company_name\",\"http:\\\/\\\/www.pinterest.com\\\/inverseteams\\\/\",\"http:\\\/\\\/www.youtube.com\\\/user\\\/inverseteams?feature=watch\"]}]}<\/script>\n<!-- \/ Yoast SEO plugin. -->","yoast_head_json":{"title":"Radjacke OUTTER ARTIK BLACK (HERREN)","description":"Herrenjacke im Regular-Fit zum Schutz vor K\u00e4lte. Ein vielseitiges Kleidungsst\u00fcck, ideal f\u00fcr Sport und Stadtbummel. Gestepptes PrimaLoft\u00ae-Gewebe an Vorder- und R\u00fcckenpartie sorgt f\u00fcr hervorragende W\u00e4rmeisolierung, w\u00e4hrend die RIPSTOP-Au\u00dfenschicht wasserabweisend ist. Der silikonbeschichtete Saum sorgt f\u00fcr einen bequemen Sitz, und die lasergeschnittenen B\u00fcndchen bieten eine k\u00f6rpernahe Passform. Die \u00c4rmel mit Flatlock-N\u00e4hten und wasserdichtem Material verbessern die Anpassungsf\u00e4higkeit und Isolierung. Sie verf\u00fcgt \u00fcber zwei Seitentaschen mit magnetischen Rei\u00dfverschl\u00fcssen, darunter zwei Mesh-Innentaschen mit elastischem Besatz. Au\u00dferdem hat sie eine Rei\u00dfverschlusstasche hinten mit l\u00e4ssigem Vinyl-Branding.","robots":{"index":"index","follow":"follow","max-snippet":"max-snippet:-1","max-image-preview":"max-image-preview:large","max-video-preview":"max-video-preview:-1"},"canonical":"https:\/\/www.inverseteams.com\/de\/produkt\/radjacke-outter-artik-black-herren\/","og_locale":"de_DE","og_type":"article","og_title":"Radjacke OUTTER ARTIK BLACK (HERREN)","og_description":"Herrenjacke im Regular-Fit zum Schutz vor K\u00e4lte. Ein vielseitiges Kleidungsst\u00fcck, ideal f\u00fcr Sport und Stadtbummel. Gestepptes PrimaLoft\u00ae-Gewebe an Vorder- und R\u00fcckenpartie sorgt f\u00fcr hervorragende W\u00e4rmeisolierung, w\u00e4hrend die RIPSTOP-Au\u00dfenschicht wasserabweisend ist. Der silikonbeschichtete Saum sorgt f\u00fcr einen bequemen Sitz, und die lasergeschnittenen B\u00fcndchen bieten eine k\u00f6rpernahe Passform. Die \u00c4rmel mit Flatlock-N\u00e4hten und wasserdichtem Material verbessern die Anpassungsf\u00e4higkeit und Isolierung. Sie verf\u00fcgt \u00fcber zwei Seitentaschen mit magnetischen Rei\u00dfverschl\u00fcssen, darunter zwei Mesh-Innentaschen mit elastischem Besatz. Au\u00dferdem hat sie eine Rei\u00dfverschlusstasche hinten mit l\u00e4ssigem Vinyl-Branding.","og_url":"https:\/\/www.inverseteams.com\/de\/produkt\/radjacke-outter-artik-black-herren\/","og_site_name":"Inverseteams","article_publisher":"https:\/\/www.facebook.com\/inverseteams","article_modified_time":"2026-02-20T10:55:31+00:00","og_image":[{"width":1500,"height":1612,"url":"https:\/\/www.inverseteams.com\/wp-content\/uploads\/INVERSE-OUTTER-CHAQUETA-ARTIK-001.jpg","type":"image\/jpeg"}],"twitter_card":"summary_large_image","twitter_misc":{"Gesch\u00e4tzte Lesezeit":"1\u00a0Minute"},"schema":{"@context":"https:\/\/schema.org","@graph":[{"@type":"WebPage","@id":"https:\/\/www.inverseteams.com\/de\/produkt\/radjacke-outter-artik-black-herren\/","url":"https:\/\/www.inverseteams.com\/de\/produkt\/radjacke-outter-artik-black-herren\/","name":"Radjacke OUTTER ARTIK BLACK (HERREN)","isPartOf":{"@id":"https:\/\/www.inverseteams.com\/de\/#website"},"primaryImageOfPage":{"@id":"https:\/\/www.inverseteams.com\/de\/produkt\/radjacke-outter-artik-black-herren\/#primaryimage"},"image":{"@id":"https:\/\/www.inverseteams.com\/de\/produkt\/radjacke-outter-artik-black-herren\/#primaryimage"},"thumbnailUrl":"https:\/\/www.inverseteams.com\/wp-content\/uploads\/INVERSE-OUTTER-CHAQUETA-ARTIK-001.jpg","datePublished":"2025-10-03T06:26:38+00:00","dateModified":"2026-02-20T10:55:31+00:00","description":"Herrenjacke im Regular-Fit zum Schutz vor K\u00e4lte. Ein vielseitiges Kleidungsst\u00fcck, ideal f\u00fcr Sport und Stadtbummel. Gestepptes PrimaLoft\u00ae-Gewebe an Vorder- und R\u00fcckenpartie sorgt f\u00fcr hervorragende W\u00e4rmeisolierung, w\u00e4hrend die RIPSTOP-Au\u00dfenschicht wasserabweisend ist. Der silikonbeschichtete Saum sorgt f\u00fcr einen bequemen Sitz, und die lasergeschnittenen B\u00fcndchen bieten eine k\u00f6rpernahe Passform. Die \u00c4rmel mit Flatlock-N\u00e4hten und wasserdichtem Material verbessern die Anpassungsf\u00e4higkeit und Isolierung. Sie verf\u00fcgt \u00fcber zwei Seitentaschen mit magnetischen Rei\u00dfverschl\u00fcssen, darunter zwei Mesh-Innentaschen mit elastischem Besatz. Au\u00dferdem hat sie eine Rei\u00dfverschlusstasche hinten mit l\u00e4ssigem Vinyl-Branding.","breadcrumb":{"@id":"https:\/\/www.inverseteams.com\/de\/produkt\/radjacke-outter-artik-black-herren\/#breadcrumb"},"inLanguage":"de","potentialAction":[{"@type":"ReadAction","target":["https:\/\/www.inverseteams.com\/de\/produkt\/radjacke-outter-artik-black-herren\/"]}]},{"@type":"ImageObject","inLanguage":"de","@id":"https:\/\/www.inverseteams.com\/de\/produkt\/radjacke-outter-artik-black-herren\/#primaryimage","url":"https:\/\/www.inverseteams.com\/wp-content\/uploads\/INVERSE-OUTTER-CHAQUETA-ARTIK-001.jpg","contentUrl":"https:\/\/www.inverseteams.com\/wp-content\/uploads\/INVERSE-OUTTER-CHAQUETA-ARTIK-001.jpg","width":1500,"height":1612},{"@type":"BreadcrumbList","@id":"https:\/\/www.inverseteams.com\/de\/produkt\/radjacke-outter-artik-black-herren\/#breadcrumb","itemListElement":[{"@type":"ListItem","position":1,"name":"Portada","item":"https:\/\/www.inverseteams.com\/de\/"},{"@type":"ListItem","position":2,"name":"Speichern","item":"https:\/\/www.inverseteams.com\/de\/speichern\/"},{"@type":"ListItem","position":3,"name":"Radjacke OUTTER ARTIK BLACK (HERREN)"}]},{"@type":"WebSite","@id":"https:\/\/www.inverseteams.com\/de\/#website","url":"https:\/\/www.inverseteams.com\/de\/","name":"Inverseteams","description":"Tu marca de ropa deportiva personalizada","publisher":{"@id":"https:\/\/www.inverseteams.com\/de\/#organization"},"potentialAction":[{"@type":"SearchAction","target":{"@type":"EntryPoint","urlTemplate":"https:\/\/www.inverseteams.com\/de\/?s={search_term_string}"},"query-input":{"@type":"PropertyValueSpecification","valueRequired":true,"valueName":"search_term_string"}}],"inLanguage":"de"},{"@type":"Organization","@id":"https:\/\/www.inverseteams.com\/de\/#organization","name":"Inverse Teams","url":"https:\/\/www.inverseteams.com\/de\/","logo":{"@type":"ImageObject","inLanguage":"de","@id":"https:\/\/www.inverseteams.com\/de\/#\/schema\/logo\/image\/","url":"https:\/\/www.inverseteams.com\/wp-content\/uploads\/2021\/03\/logo-inverse-teams.png","contentUrl":"https:\/\/www.inverseteams.com\/wp-content\/uploads\/2021\/03\/logo-inverse-teams.png","width":294,"height":99,"caption":"Inverse Teams"},"image":{"@id":"https:\/\/www.inverseteams.com\/de\/#\/schema\/logo\/image\/"},"sameAs":["https:\/\/www.facebook.com\/inverseteams","http:\/\/instagram.com\/inverseteams","https:\/\/www.linkedin.com\/company\/inverse-cirosport-s-l-?trk=job_view_topcard_company_name","http:\/\/www.pinterest.com\/inverseteams\/","http:\/\/www.youtube.com\/user\/inverseteams?feature=watch"]}]}},"_links":{"self":[{"href":"https:\/\/www.inverseteams.com\/de\/wp-json\/wp\/v2\/product\/268808","targetHints":{"allow":["GET"]}}],"collection":[{"href":"https:\/\/www.inverseteams.com\/de\/wp-json\/wp\/v2\/product"}],"about":[{"href":"https:\/\/www.inverseteams.com\/de\/wp-json\/wp\/v2\/types\/product"}],"replies":[{"embeddable":true,"href":"https:\/\/www.inverseteams.com\/de\/wp-json\/wp\/v2\/comments?post=268808"}],"wp:featuredmedia":[{"embeddable":true,"href":"https:\/\/www.inverseteams.com\/de\/wp-json\/wp\/v2\/media\/268677"}],"wp:attachment":[{"href":"https:\/\/www.inverseteams.com\/de\/wp-json\/wp\/v2\/media?parent=268808"}],"wp:term":[{"taxonomy":"product_brand","embeddable":true,"href":"https:\/\/www.inverseteams.com\/de\/wp-json\/wp\/v2\/product_brand?post=268808"},{"taxonomy":"product_cat","embeddable":true,"href":"https:\/\/www.inverseteams.com\/de\/wp-json\/wp\/v2\/product_cat?post=268808"},{"taxonomy":"product_tag","embeddable":true,"href":"https:\/\/www.inverseteams.com\/de\/wp-json\/wp\/v2\/product_tag?post=268808"},{"taxonomy":"custom_category","embeddable":true,"href":"https:\/\/www.inverseteams.com\/de\/wp-json\/wp\/v2\/custom_category?post=268808"},{"taxonomy":"range","embeddable":true,"href":"https:\/\/www.inverseteams.com\/de\/wp-json\/wp\/v2\/range?post=268808"}],"curies":[{"name":"wp","href":"https:\/\/api.w.org\/{rel}","templated":true}]}}