{"id":268802,"date":"2025-10-03T06:25:44","date_gmt":"2025-10-03T06:25:44","guid":{"rendered":"https:\/\/www.inverseteams.com\/?post_type=product&#038;p=268802"},"modified":"2026-02-20T11:55:31","modified_gmt":"2026-02-20T10:55:31","slug":"wendeweste-outter-artik-camel-black-herren","status":"publish","type":"product","link":"https:\/\/www.inverseteams.com\/de\/produkt\/wendeweste-outter-artik-camel-black-herren\/","title":{"rendered":"Wendeweste OUTTER ARTIK CAMEL\/BLACK (HERREN)"},"content":{"rendered":"<p>Sehr leichte, wind- und wasserdichte Wendeweste f\u00fcr Herren, unverzichtbar f\u00fcr die Freizeit an wechselhaften Tagen. Ein vielseitiges Kleidungsst\u00fcck, ideal f\u00fcr Radtouren und Freizeit.<br \/>\nIm oberen Bereich sorgt das gesteppte PrimaLoft\u00ae-Gewebe f\u00fcr hervorragende W\u00e4rmeisolierung, w\u00e4hrend die RIPSTOP-Au\u00dfenschicht wasserabweisend ist.<br \/>\nDie Weste ist mit einer Zwei-Wege-Membran ausgestattet, sodass die Eigenschaften auf beiden Seiten gleich sind. Der Lendenbereich besteht aus Mesh-Gewebe f\u00fcr erh\u00f6hte Atmungsaktivit\u00e4t und ist mit reflektierenden Paspeln versehen. Zwei \u00d6ffnungen im Lendenbereich erm\u00f6glichen schnellen und einfachen Zugriff auf die Trikottaschen.<br \/>\nDer durchgehende Rei\u00dfverschluss mit Anti-Zug-System und Doppelschieber erm\u00f6glicht das \u00d6ffnen in beide Richtungen. Der Unterarmbereich ist mit einer elastischen Paspel versehen, die sich dem K\u00f6rper anpasst, Lufteintritt verhindert und so die Aerodynamik verbessert. Der Bund ist mit einem Gummiband mit rutschfester Silikonbeschichtung an der Innenseite versehen, damit die Weste eng am K\u00f6rper anliegt.<\/p>\n","protected":false},"excerpt":{"rendered":"<p>Sehr leichte, wind- und wasserdichte Wendeweste f\u00fcr Herren, unverzichtbar f\u00fcr die Freizeit an wechselhaften Tagen. Ein vielseitiges Kleidungsst\u00fcck, ideal f\u00fcr Radtouren und Freizeit.<br \/>\nIm oberen Bereich sorgt das gesteppte PrimaLoft\u00ae-Gewebe f\u00fcr hervorragende W\u00e4rmeisolierung, w\u00e4hrend die RIPSTOP-Au\u00dfenschicht wasserabweisend ist.<br \/>\nDie Weste ist mit einer Zwei-Wege-Membran ausgestattet, sodass die Eigenschaften auf beiden Seiten gleich sind. Der Lendenbereich besteht aus Mesh-Gewebe f\u00fcr erh\u00f6hte Atmungsaktivit\u00e4t und ist mit reflektierenden Paspeln versehen. Zwei \u00d6ffnungen im Lendenbereich erm\u00f6glichen schnellen und einfachen Zugriff auf die Trikottaschen.<br \/>\nDer durchgehende Rei\u00dfverschluss mit Anti-Zug-System und Doppelschieber erm\u00f6glicht das \u00d6ffnen in beide Richtungen. Der Unterarmbereich ist mit einer elastischen Paspel versehen, die sich dem K\u00f6rper anpasst, Lufteintritt verhindert und so die Aerodynamik verbessert. Der Bund ist mit einem Gummiband mit rutschfester Silikonbeschichtung an der Innenseite versehen, damit die Weste eng am K\u00f6rper anliegt.<\/p>\n","protected":false},"featured_media":268652,"comment_status":"closed","ping_status":"closed","template":"","meta":{"_acf_changed":false},"product_brand":[],"product_cat":[11153,11190,11160,11258],"product_tag":[],"custom_category":[],"range":[],"class_list":{"0":"post-268802","1":"product","2":"type-product","3":"status-publish","4":"has-post-thumbnail","6":"product_cat-b2b-de","7":"product_cat-radsportbekleidung","8":"product_cat-radwesten","9":"product_cat-gravel-de","10":"pa_climatologia-lluvia-de","11":"pa_climatologia-frio-de","12":"pa_climatologia-viento-de","13":"pa_deporte-ciclismo-de","14":"pa_genero-hombre-de","15":"pa_patronaje-regular-de","16":"pa_talla-s-de","17":"pa_talla-m-de","18":"pa_talla-l-de","19":"pa_talla-xl-de","20":"pa_talla-xxl-de","21":"pa_tipo-de-prenda-chaleco-de","23":"first","24":"instock","25":"taxable","26":"shipping-taxable","27":"purchasable","28":"product-type-variable","29":"has-default-attributes"},"acf":[],"yoast_head":"<!-- This site is optimized with the Yoast SEO plugin v27.3 - https:\/\/yoast.com\/product\/yoast-seo-wordpress\/ -->\n<title>Wendeweste OUTTER ARTIK CAMEL\/BLACK (HERREN)<\/title>\n<meta name=\"description\" content=\"Sehr leichte, wind- und wasserdichte Wendeweste f\u00fcr Herren, unverzichtbar f\u00fcr die Freizeit an wechselhaften Tagen. Ein vielseitiges Kleidungsst\u00fcck, ideal f\u00fcr Radtouren und Freizeit. Im oberen Bereich sorgt das gesteppte PrimaLoft\u00ae-Gewebe f\u00fcr hervorragende W\u00e4rmeisolierung, w\u00e4hrend die RIPSTOP-Au\u00dfenschicht wasserabweisend ist. Die Weste ist mit einer Zwei-Wege-Membran ausgestattet, sodass die Eigenschaften auf beiden Seiten gleich sind. Der Lendenbereich besteht aus Mesh-Gewebe f\u00fcr erh\u00f6hte Atmungsaktivit\u00e4t und ist mit reflektierenden Paspeln versehen. Zwei \u00d6ffnungen im Lendenbereich erm\u00f6glichen schnellen und einfachen Zugriff auf die Trikottaschen. Der durchgehende Rei\u00dfverschluss mit Anti-Zug-System und Doppelschieber erm\u00f6glicht das \u00d6ffnen in beide Richtungen. Der Unterarmbereich ist mit einer elastischen Paspel versehen, die sich dem K\u00f6rper anpasst, Lufteintritt verhindert und so die Aerodynamik verbessert. Der Bund ist mit einem Gummiband mit rutschfester Silikonbeschichtung an der Innenseite versehen, damit die Weste eng am K\u00f6rper anliegt.\" \/>\n<meta name=\"robots\" content=\"index, follow, max-snippet:-1, max-image-preview:large, max-video-preview:-1\" \/>\n<link rel=\"canonical\" href=\"https:\/\/www.inverseteams.com\/de\/produkt\/wendeweste-outter-artik-camel-black-herren\/\" \/>\n<meta property=\"og:locale\" content=\"de_DE\" \/>\n<meta property=\"og:type\" content=\"article\" \/>\n<meta property=\"og:title\" content=\"Wendeweste OUTTER ARTIK CAMEL\/BLACK (HERREN)\" \/>\n<meta property=\"og:description\" content=\"Sehr leichte, wind- und wasserdichte Wendeweste f\u00fcr Herren, unverzichtbar f\u00fcr die Freizeit an wechselhaften Tagen. Ein vielseitiges Kleidungsst\u00fcck, ideal f\u00fcr Radtouren und Freizeit. Im oberen Bereich sorgt das gesteppte PrimaLoft\u00ae-Gewebe f\u00fcr hervorragende W\u00e4rmeisolierung, w\u00e4hrend die RIPSTOP-Au\u00dfenschicht wasserabweisend ist. Die Weste ist mit einer Zwei-Wege-Membran ausgestattet, sodass die Eigenschaften auf beiden Seiten gleich sind. Der Lendenbereich besteht aus Mesh-Gewebe f\u00fcr erh\u00f6hte Atmungsaktivit\u00e4t und ist mit reflektierenden Paspeln versehen. Zwei \u00d6ffnungen im Lendenbereich erm\u00f6glichen schnellen und einfachen Zugriff auf die Trikottaschen. Der durchgehende Rei\u00dfverschluss mit Anti-Zug-System und Doppelschieber erm\u00f6glicht das \u00d6ffnen in beide Richtungen. Der Unterarmbereich ist mit einer elastischen Paspel versehen, die sich dem K\u00f6rper anpasst, Lufteintritt verhindert und so die Aerodynamik verbessert. Der Bund ist mit einem Gummiband mit rutschfester Silikonbeschichtung an der Innenseite versehen, damit die Weste eng am K\u00f6rper anliegt.\" \/>\n<meta property=\"og:url\" content=\"https:\/\/www.inverseteams.com\/de\/produkt\/wendeweste-outter-artik-camel-black-herren\/\" \/>\n<meta property=\"og:site_name\" content=\"Inverseteams\" \/>\n<meta property=\"article:publisher\" content=\"https:\/\/www.facebook.com\/inverseteams\" \/>\n<meta property=\"article:modified_time\" content=\"2026-02-20T10:55:31+00:00\" \/>\n<meta property=\"og:image\" content=\"https:\/\/www.inverseteams.com\/wp-content\/uploads\/INVERSE-OUTTER-CHALECO-REVERSIBLE-ARTIK-001.jpg\" \/>\n\t<meta property=\"og:image:width\" content=\"1500\" \/>\n\t<meta property=\"og:image:height\" content=\"1612\" \/>\n\t<meta property=\"og:image:type\" content=\"image\/jpeg\" \/>\n<meta name=\"twitter:card\" content=\"summary_large_image\" \/>\n<meta name=\"twitter:label1\" content=\"Gesch\u00e4tzte Lesezeit\" \/>\n\t<meta name=\"twitter:data1\" content=\"1\u00a0Minute\" \/>\n<script type=\"application\/ld+json\" class=\"yoast-schema-graph\">{\"@context\":\"https:\\\/\\\/schema.org\",\"@graph\":[{\"@type\":\"WebPage\",\"@id\":\"https:\\\/\\\/www.inverseteams.com\\\/de\\\/produkt\\\/wendeweste-outter-artik-camel-black-herren\\\/\",\"url\":\"https:\\\/\\\/www.inverseteams.com\\\/de\\\/produkt\\\/wendeweste-outter-artik-camel-black-herren\\\/\",\"name\":\"Wendeweste OUTTER ARTIK CAMEL\\\/BLACK (HERREN)\",\"isPartOf\":{\"@id\":\"https:\\\/\\\/www.inverseteams.com\\\/de\\\/#website\"},\"primaryImageOfPage\":{\"@id\":\"https:\\\/\\\/www.inverseteams.com\\\/de\\\/produkt\\\/wendeweste-outter-artik-camel-black-herren\\\/#primaryimage\"},\"image\":{\"@id\":\"https:\\\/\\\/www.inverseteams.com\\\/de\\\/produkt\\\/wendeweste-outter-artik-camel-black-herren\\\/#primaryimage\"},\"thumbnailUrl\":\"https:\\\/\\\/www.inverseteams.com\\\/wp-content\\\/uploads\\\/INVERSE-OUTTER-CHALECO-REVERSIBLE-ARTIK-001.jpg\",\"datePublished\":\"2025-10-03T06:25:44+00:00\",\"dateModified\":\"2026-02-20T10:55:31+00:00\",\"description\":\"Sehr leichte, wind- und wasserdichte Wendeweste f\u00fcr Herren, unverzichtbar f\u00fcr die Freizeit an wechselhaften Tagen. Ein vielseitiges Kleidungsst\u00fcck, ideal f\u00fcr Radtouren und Freizeit. Im oberen Bereich sorgt das gesteppte PrimaLoft\u00ae-Gewebe f\u00fcr hervorragende W\u00e4rmeisolierung, w\u00e4hrend die RIPSTOP-Au\u00dfenschicht wasserabweisend ist. Die Weste ist mit einer Zwei-Wege-Membran ausgestattet, sodass die Eigenschaften auf beiden Seiten gleich sind. Der Lendenbereich besteht aus Mesh-Gewebe f\u00fcr erh\u00f6hte Atmungsaktivit\u00e4t und ist mit reflektierenden Paspeln versehen. Zwei \u00d6ffnungen im Lendenbereich erm\u00f6glichen schnellen und einfachen Zugriff auf die Trikottaschen. Der durchgehende Rei\u00dfverschluss mit Anti-Zug-System und Doppelschieber erm\u00f6glicht das \u00d6ffnen in beide Richtungen. Der Unterarmbereich ist mit einer elastischen Paspel versehen, die sich dem K\u00f6rper anpasst, Lufteintritt verhindert und so die Aerodynamik verbessert. Der Bund ist mit einem Gummiband mit rutschfester Silikonbeschichtung an der Innenseite versehen, damit die Weste eng am K\u00f6rper anliegt.\",\"breadcrumb\":{\"@id\":\"https:\\\/\\\/www.inverseteams.com\\\/de\\\/produkt\\\/wendeweste-outter-artik-camel-black-herren\\\/#breadcrumb\"},\"inLanguage\":\"de\",\"potentialAction\":[{\"@type\":\"ReadAction\",\"target\":[\"https:\\\/\\\/www.inverseteams.com\\\/de\\\/produkt\\\/wendeweste-outter-artik-camel-black-herren\\\/\"]}]},{\"@type\":\"ImageObject\",\"inLanguage\":\"de\",\"@id\":\"https:\\\/\\\/www.inverseteams.com\\\/de\\\/produkt\\\/wendeweste-outter-artik-camel-black-herren\\\/#primaryimage\",\"url\":\"https:\\\/\\\/www.inverseteams.com\\\/wp-content\\\/uploads\\\/INVERSE-OUTTER-CHALECO-REVERSIBLE-ARTIK-001.jpg\",\"contentUrl\":\"https:\\\/\\\/www.inverseteams.com\\\/wp-content\\\/uploads\\\/INVERSE-OUTTER-CHALECO-REVERSIBLE-ARTIK-001.jpg\",\"width\":1500,\"height\":1612},{\"@type\":\"BreadcrumbList\",\"@id\":\"https:\\\/\\\/www.inverseteams.com\\\/de\\\/produkt\\\/wendeweste-outter-artik-camel-black-herren\\\/#breadcrumb\",\"itemListElement\":[{\"@type\":\"ListItem\",\"position\":1,\"name\":\"Portada\",\"item\":\"https:\\\/\\\/www.inverseteams.com\\\/de\\\/\"},{\"@type\":\"ListItem\",\"position\":2,\"name\":\"Speichern\",\"item\":\"https:\\\/\\\/www.inverseteams.com\\\/de\\\/speichern\\\/\"},{\"@type\":\"ListItem\",\"position\":3,\"name\":\"Wendeweste OUTTER ARTIK CAMEL\\\/BLACK (HERREN)\"}]},{\"@type\":\"WebSite\",\"@id\":\"https:\\\/\\\/www.inverseteams.com\\\/de\\\/#website\",\"url\":\"https:\\\/\\\/www.inverseteams.com\\\/de\\\/\",\"name\":\"Inverseteams\",\"description\":\"Tu marca de ropa deportiva personalizada\",\"publisher\":{\"@id\":\"https:\\\/\\\/www.inverseteams.com\\\/de\\\/#organization\"},\"potentialAction\":[{\"@type\":\"SearchAction\",\"target\":{\"@type\":\"EntryPoint\",\"urlTemplate\":\"https:\\\/\\\/www.inverseteams.com\\\/de\\\/?s={search_term_string}\"},\"query-input\":{\"@type\":\"PropertyValueSpecification\",\"valueRequired\":true,\"valueName\":\"search_term_string\"}}],\"inLanguage\":\"de\"},{\"@type\":\"Organization\",\"@id\":\"https:\\\/\\\/www.inverseteams.com\\\/de\\\/#organization\",\"name\":\"Inverse Teams\",\"url\":\"https:\\\/\\\/www.inverseteams.com\\\/de\\\/\",\"logo\":{\"@type\":\"ImageObject\",\"inLanguage\":\"de\",\"@id\":\"https:\\\/\\\/www.inverseteams.com\\\/de\\\/#\\\/schema\\\/logo\\\/image\\\/\",\"url\":\"https:\\\/\\\/www.inverseteams.com\\\/wp-content\\\/uploads\\\/2021\\\/03\\\/logo-inverse-teams.png\",\"contentUrl\":\"https:\\\/\\\/www.inverseteams.com\\\/wp-content\\\/uploads\\\/2021\\\/03\\\/logo-inverse-teams.png\",\"width\":294,\"height\":99,\"caption\":\"Inverse Teams\"},\"image\":{\"@id\":\"https:\\\/\\\/www.inverseteams.com\\\/de\\\/#\\\/schema\\\/logo\\\/image\\\/\"},\"sameAs\":[\"https:\\\/\\\/www.facebook.com\\\/inverseteams\",\"http:\\\/\\\/instagram.com\\\/inverseteams\",\"https:\\\/\\\/www.linkedin.com\\\/company\\\/inverse-cirosport-s-l-?trk=job_view_topcard_company_name\",\"http:\\\/\\\/www.pinterest.com\\\/inverseteams\\\/\",\"http:\\\/\\\/www.youtube.com\\\/user\\\/inverseteams?feature=watch\"]}]}<\/script>\n<!-- \/ Yoast SEO plugin. -->","yoast_head_json":{"title":"Wendeweste OUTTER ARTIK CAMEL\/BLACK (HERREN)","description":"Sehr leichte, wind- und wasserdichte Wendeweste f\u00fcr Herren, unverzichtbar f\u00fcr die Freizeit an wechselhaften Tagen. Ein vielseitiges Kleidungsst\u00fcck, ideal f\u00fcr Radtouren und Freizeit. Im oberen Bereich sorgt das gesteppte PrimaLoft\u00ae-Gewebe f\u00fcr hervorragende W\u00e4rmeisolierung, w\u00e4hrend die RIPSTOP-Au\u00dfenschicht wasserabweisend ist. Die Weste ist mit einer Zwei-Wege-Membran ausgestattet, sodass die Eigenschaften auf beiden Seiten gleich sind. Der Lendenbereich besteht aus Mesh-Gewebe f\u00fcr erh\u00f6hte Atmungsaktivit\u00e4t und ist mit reflektierenden Paspeln versehen. Zwei \u00d6ffnungen im Lendenbereich erm\u00f6glichen schnellen und einfachen Zugriff auf die Trikottaschen. Der durchgehende Rei\u00dfverschluss mit Anti-Zug-System und Doppelschieber erm\u00f6glicht das \u00d6ffnen in beide Richtungen. Der Unterarmbereich ist mit einer elastischen Paspel versehen, die sich dem K\u00f6rper anpasst, Lufteintritt verhindert und so die Aerodynamik verbessert. Der Bund ist mit einem Gummiband mit rutschfester Silikonbeschichtung an der Innenseite versehen, damit die Weste eng am K\u00f6rper anliegt.","robots":{"index":"index","follow":"follow","max-snippet":"max-snippet:-1","max-image-preview":"max-image-preview:large","max-video-preview":"max-video-preview:-1"},"canonical":"https:\/\/www.inverseteams.com\/de\/produkt\/wendeweste-outter-artik-camel-black-herren\/","og_locale":"de_DE","og_type":"article","og_title":"Wendeweste OUTTER ARTIK CAMEL\/BLACK (HERREN)","og_description":"Sehr leichte, wind- und wasserdichte Wendeweste f\u00fcr Herren, unverzichtbar f\u00fcr die Freizeit an wechselhaften Tagen. Ein vielseitiges Kleidungsst\u00fcck, ideal f\u00fcr Radtouren und Freizeit. Im oberen Bereich sorgt das gesteppte PrimaLoft\u00ae-Gewebe f\u00fcr hervorragende W\u00e4rmeisolierung, w\u00e4hrend die RIPSTOP-Au\u00dfenschicht wasserabweisend ist. Die Weste ist mit einer Zwei-Wege-Membran ausgestattet, sodass die Eigenschaften auf beiden Seiten gleich sind. Der Lendenbereich besteht aus Mesh-Gewebe f\u00fcr erh\u00f6hte Atmungsaktivit\u00e4t und ist mit reflektierenden Paspeln versehen. Zwei \u00d6ffnungen im Lendenbereich erm\u00f6glichen schnellen und einfachen Zugriff auf die Trikottaschen. Der durchgehende Rei\u00dfverschluss mit Anti-Zug-System und Doppelschieber erm\u00f6glicht das \u00d6ffnen in beide Richtungen. Der Unterarmbereich ist mit einer elastischen Paspel versehen, die sich dem K\u00f6rper anpasst, Lufteintritt verhindert und so die Aerodynamik verbessert. Der Bund ist mit einem Gummiband mit rutschfester Silikonbeschichtung an der Innenseite versehen, damit die Weste eng am K\u00f6rper anliegt.","og_url":"https:\/\/www.inverseteams.com\/de\/produkt\/wendeweste-outter-artik-camel-black-herren\/","og_site_name":"Inverseteams","article_publisher":"https:\/\/www.facebook.com\/inverseteams","article_modified_time":"2026-02-20T10:55:31+00:00","og_image":[{"width":1500,"height":1612,"url":"https:\/\/www.inverseteams.com\/wp-content\/uploads\/INVERSE-OUTTER-CHALECO-REVERSIBLE-ARTIK-001.jpg","type":"image\/jpeg"}],"twitter_card":"summary_large_image","twitter_misc":{"Gesch\u00e4tzte Lesezeit":"1\u00a0Minute"},"schema":{"@context":"https:\/\/schema.org","@graph":[{"@type":"WebPage","@id":"https:\/\/www.inverseteams.com\/de\/produkt\/wendeweste-outter-artik-camel-black-herren\/","url":"https:\/\/www.inverseteams.com\/de\/produkt\/wendeweste-outter-artik-camel-black-herren\/","name":"Wendeweste OUTTER ARTIK CAMEL\/BLACK (HERREN)","isPartOf":{"@id":"https:\/\/www.inverseteams.com\/de\/#website"},"primaryImageOfPage":{"@id":"https:\/\/www.inverseteams.com\/de\/produkt\/wendeweste-outter-artik-camel-black-herren\/#primaryimage"},"image":{"@id":"https:\/\/www.inverseteams.com\/de\/produkt\/wendeweste-outter-artik-camel-black-herren\/#primaryimage"},"thumbnailUrl":"https:\/\/www.inverseteams.com\/wp-content\/uploads\/INVERSE-OUTTER-CHALECO-REVERSIBLE-ARTIK-001.jpg","datePublished":"2025-10-03T06:25:44+00:00","dateModified":"2026-02-20T10:55:31+00:00","description":"Sehr leichte, wind- und wasserdichte Wendeweste f\u00fcr Herren, unverzichtbar f\u00fcr die Freizeit an wechselhaften Tagen. Ein vielseitiges Kleidungsst\u00fcck, ideal f\u00fcr Radtouren und Freizeit. Im oberen Bereich sorgt das gesteppte PrimaLoft\u00ae-Gewebe f\u00fcr hervorragende W\u00e4rmeisolierung, w\u00e4hrend die RIPSTOP-Au\u00dfenschicht wasserabweisend ist. Die Weste ist mit einer Zwei-Wege-Membran ausgestattet, sodass die Eigenschaften auf beiden Seiten gleich sind. Der Lendenbereich besteht aus Mesh-Gewebe f\u00fcr erh\u00f6hte Atmungsaktivit\u00e4t und ist mit reflektierenden Paspeln versehen. Zwei \u00d6ffnungen im Lendenbereich erm\u00f6glichen schnellen und einfachen Zugriff auf die Trikottaschen. Der durchgehende Rei\u00dfverschluss mit Anti-Zug-System und Doppelschieber erm\u00f6glicht das \u00d6ffnen in beide Richtungen. Der Unterarmbereich ist mit einer elastischen Paspel versehen, die sich dem K\u00f6rper anpasst, Lufteintritt verhindert und so die Aerodynamik verbessert. Der Bund ist mit einem Gummiband mit rutschfester Silikonbeschichtung an der Innenseite versehen, damit die Weste eng am K\u00f6rper anliegt.","breadcrumb":{"@id":"https:\/\/www.inverseteams.com\/de\/produkt\/wendeweste-outter-artik-camel-black-herren\/#breadcrumb"},"inLanguage":"de","potentialAction":[{"@type":"ReadAction","target":["https:\/\/www.inverseteams.com\/de\/produkt\/wendeweste-outter-artik-camel-black-herren\/"]}]},{"@type":"ImageObject","inLanguage":"de","@id":"https:\/\/www.inverseteams.com\/de\/produkt\/wendeweste-outter-artik-camel-black-herren\/#primaryimage","url":"https:\/\/www.inverseteams.com\/wp-content\/uploads\/INVERSE-OUTTER-CHALECO-REVERSIBLE-ARTIK-001.jpg","contentUrl":"https:\/\/www.inverseteams.com\/wp-content\/uploads\/INVERSE-OUTTER-CHALECO-REVERSIBLE-ARTIK-001.jpg","width":1500,"height":1612},{"@type":"BreadcrumbList","@id":"https:\/\/www.inverseteams.com\/de\/produkt\/wendeweste-outter-artik-camel-black-herren\/#breadcrumb","itemListElement":[{"@type":"ListItem","position":1,"name":"Portada","item":"https:\/\/www.inverseteams.com\/de\/"},{"@type":"ListItem","position":2,"name":"Speichern","item":"https:\/\/www.inverseteams.com\/de\/speichern\/"},{"@type":"ListItem","position":3,"name":"Wendeweste OUTTER ARTIK CAMEL\/BLACK (HERREN)"}]},{"@type":"WebSite","@id":"https:\/\/www.inverseteams.com\/de\/#website","url":"https:\/\/www.inverseteams.com\/de\/","name":"Inverseteams","description":"Tu marca de ropa deportiva personalizada","publisher":{"@id":"https:\/\/www.inverseteams.com\/de\/#organization"},"potentialAction":[{"@type":"SearchAction","target":{"@type":"EntryPoint","urlTemplate":"https:\/\/www.inverseteams.com\/de\/?s={search_term_string}"},"query-input":{"@type":"PropertyValueSpecification","valueRequired":true,"valueName":"search_term_string"}}],"inLanguage":"de"},{"@type":"Organization","@id":"https:\/\/www.inverseteams.com\/de\/#organization","name":"Inverse Teams","url":"https:\/\/www.inverseteams.com\/de\/","logo":{"@type":"ImageObject","inLanguage":"de","@id":"https:\/\/www.inverseteams.com\/de\/#\/schema\/logo\/image\/","url":"https:\/\/www.inverseteams.com\/wp-content\/uploads\/2021\/03\/logo-inverse-teams.png","contentUrl":"https:\/\/www.inverseteams.com\/wp-content\/uploads\/2021\/03\/logo-inverse-teams.png","width":294,"height":99,"caption":"Inverse Teams"},"image":{"@id":"https:\/\/www.inverseteams.com\/de\/#\/schema\/logo\/image\/"},"sameAs":["https:\/\/www.facebook.com\/inverseteams","http:\/\/instagram.com\/inverseteams","https:\/\/www.linkedin.com\/company\/inverse-cirosport-s-l-?trk=job_view_topcard_company_name","http:\/\/www.pinterest.com\/inverseteams\/","http:\/\/www.youtube.com\/user\/inverseteams?feature=watch"]}]}},"_links":{"self":[{"href":"https:\/\/www.inverseteams.com\/de\/wp-json\/wp\/v2\/product\/268802","targetHints":{"allow":["GET"]}}],"collection":[{"href":"https:\/\/www.inverseteams.com\/de\/wp-json\/wp\/v2\/product"}],"about":[{"href":"https:\/\/www.inverseteams.com\/de\/wp-json\/wp\/v2\/types\/product"}],"replies":[{"embeddable":true,"href":"https:\/\/www.inverseteams.com\/de\/wp-json\/wp\/v2\/comments?post=268802"}],"wp:featuredmedia":[{"embeddable":true,"href":"https:\/\/www.inverseteams.com\/de\/wp-json\/wp\/v2\/media\/268652"}],"wp:attachment":[{"href":"https:\/\/www.inverseteams.com\/de\/wp-json\/wp\/v2\/media?parent=268802"}],"wp:term":[{"taxonomy":"product_brand","embeddable":true,"href":"https:\/\/www.inverseteams.com\/de\/wp-json\/wp\/v2\/product_brand?post=268802"},{"taxonomy":"product_cat","embeddable":true,"href":"https:\/\/www.inverseteams.com\/de\/wp-json\/wp\/v2\/product_cat?post=268802"},{"taxonomy":"product_tag","embeddable":true,"href":"https:\/\/www.inverseteams.com\/de\/wp-json\/wp\/v2\/product_tag?post=268802"},{"taxonomy":"custom_category","embeddable":true,"href":"https:\/\/www.inverseteams.com\/de\/wp-json\/wp\/v2\/custom_category?post=268802"},{"taxonomy":"range","embeddable":true,"href":"https:\/\/www.inverseteams.com\/de\/wp-json\/wp\/v2\/range?post=268802"}],"curies":[{"name":"wp","href":"https:\/\/api.w.org\/{rel}","templated":true}]}}