{"id":263025,"date":"2025-06-21T10:49:26","date_gmt":"2025-06-21T10:49:41","guid":{"rendered":"https:\/\/www.inverseteams.com\/?post_type=product&#038;p=263025"},"modified":"2025-06-21T11:11:28","modified_gmt":"2025-06-21T11:11:28","slug":"kurzarm-trailrunning-shirt-summit-damen","status":"publish","type":"product","link":"https:\/\/www.inverseteams.com\/de\/produkt\/kurzarm-trailrunning-shirt-summit-damen\/","title":{"rendered":"Kurzarm Trailrunning Shirt SUMMIT (DAMEN)"},"content":{"rendered":"<p>Sehr leichtes technisches T-Shirt, ideal f\u00fcr Wettkampf und Training. Es zeichnet sich durch seine hohe Widerstandsf\u00e4higkeit und Schwei\u00dfkapazit\u00e4t aus. Sein Stoff hat eine hohe Trocknungskapazit\u00e4t und h\u00e4lt Ihren K\u00f6rper trocken.<br \/>\nEs verf\u00fcgt \u00fcber einen kurzen Rei\u00dfverschluss auf der Brust, sodass Sie die Bel\u00fcftung w\u00e4hrend des Rennens regulieren k\u00f6nnen. Auf beiden Seiten finden Sie eine Gittertasche zur bequemen Aufbewahrung von Gels und N\u00e4hrstoffriegeln.<br \/>\nDie antibakteriellen Eigenschaften und der weiche Griff machen dieses Kleidungsst\u00fcck ideal f\u00fcr lange Trainingseinheiten. Genie\u00dfen Sie Outdoor-Sport, egal wie hei\u00df es wird.<\/p>\n","protected":false},"excerpt":{"rendered":"<p>Sehr leichtes technisches T-Shirt, ideal f\u00fcr Wettkampf und Training. Es zeichnet sich durch seine hohe Widerstandsf\u00e4higkeit und Schwei\u00dfkapazit\u00e4t aus. Sein Stoff hat eine hohe Trocknungskapazit\u00e4t und h\u00e4lt Ihren K\u00f6rper trocken.<br \/>\nEs verf\u00fcgt \u00fcber einen kurzen Rei\u00dfverschluss auf der Brust, sodass Sie die Bel\u00fcftung w\u00e4hrend des Rennens regulieren k\u00f6nnen. Auf beiden Seiten finden Sie eine Gittertasche zur bequemen Aufbewahrung von Gels und N\u00e4hrstoffriegeln.<br \/>\nDie antibakteriellen Eigenschaften und der weiche Griff machen dieses Kleidungsst\u00fcck ideal f\u00fcr lange Trainingseinheiten. Genie\u00dfen Sie Outdoor-Sport, egal wie hei\u00df es wird.<\/p>\n","protected":false},"featured_media":261998,"comment_status":"closed","ping_status":"closed","template":"","meta":{"_acf_changed":false},"product_brand":[],"product_cat":[11262,11264],"product_tag":[],"custom_category":[],"range":[],"class_list":{"0":"post-263025","1":"product","2":"type-product","3":"status-publish","4":"has-post-thumbnail","6":"product_cat-t-shirt-trail-de","7":"product_cat-trail-running-de","8":"pa_climatologia-calor-de","9":"pa_deporte-trail-de","10":"pa_genero-mujer-de","11":"pa_patronaje-regular-de","12":"pa_talla-s-de","13":"pa_talla-m-de","14":"pa_talla-l-de","15":"pa_talla-xl-de","16":"pa_talla-xxl-de","17":"pa_talla-xs-de","18":"pa_tipo-de-prenda-camiseta-trail-de","20":"first","21":"instock","22":"taxable","23":"shipping-taxable","24":"purchasable","25":"product-type-variable"},"acf":[],"yoast_head":"<!-- This site is optimized with the Yoast SEO plugin v27.3 - https:\/\/yoast.com\/product\/yoast-seo-wordpress\/ -->\n<title>Kurzarm Trailrunning Shirt SUMMIT (DAMEN)<\/title>\n<meta name=\"description\" content=\"Sehr leichtes technisches T-Shirt, ideal f\u00fcr Wettkampf und Training. Es zeichnet sich durch seine hohe Strapazierf\u00e4higkeit und Atmungsaktivit\u00e4t aus.\" \/>\n<meta name=\"robots\" content=\"index, follow, max-snippet:-1, max-image-preview:large, max-video-preview:-1\" \/>\n<link rel=\"canonical\" href=\"https:\/\/www.inverseteams.com\/de\/produkt\/kurzarm-trailrunning-shirt-summit-damen\/\" \/>\n<meta property=\"og:locale\" content=\"de_DE\" \/>\n<meta property=\"og:type\" content=\"article\" \/>\n<meta property=\"og:title\" content=\"Kurzarm Trailrunning Shirt SUMMIT (DAMEN)\" \/>\n<meta property=\"og:description\" content=\"Sehr leichtes technisches T-Shirt, ideal f\u00fcr Wettkampf und Training. Es zeichnet sich durch seine hohe Strapazierf\u00e4higkeit und Atmungsaktivit\u00e4t aus.\" \/>\n<meta property=\"og:url\" content=\"https:\/\/www.inverseteams.com\/de\/produkt\/kurzarm-trailrunning-shirt-summit-damen\/\" \/>\n<meta property=\"og:site_name\" content=\"Inverseteams\" \/>\n<meta property=\"article:publisher\" content=\"https:\/\/www.facebook.com\/inverseteams\" \/>\n<meta property=\"article:modified_time\" content=\"2025-06-21T11:11:28+00:00\" \/>\n<meta property=\"og:image\" content=\"https:\/\/www.inverseteams.com\/wp-content\/uploads\/INVERSE-CAMISETA-RUNNING-MUJER-SUMMIT-001.jpg\" \/>\n\t<meta property=\"og:image:width\" content=\"1500\" \/>\n\t<meta property=\"og:image:height\" content=\"1612\" \/>\n\t<meta property=\"og:image:type\" content=\"image\/jpeg\" \/>\n<meta name=\"twitter:card\" content=\"summary_large_image\" \/>\n<meta name=\"twitter:label1\" content=\"Gesch\u00e4tzte Lesezeit\" \/>\n\t<meta name=\"twitter:data1\" content=\"1\u00a0Minute\" \/>\n<script type=\"application\/ld+json\" class=\"yoast-schema-graph\">{\"@context\":\"https:\\\/\\\/schema.org\",\"@graph\":[{\"@type\":\"WebPage\",\"@id\":\"https:\\\/\\\/www.inverseteams.com\\\/de\\\/produkt\\\/kurzarm-trailrunning-shirt-summit-damen\\\/\",\"url\":\"https:\\\/\\\/www.inverseteams.com\\\/de\\\/produkt\\\/kurzarm-trailrunning-shirt-summit-damen\\\/\",\"name\":\"Kurzarm Trailrunning Shirt SUMMIT (DAMEN)\",\"isPartOf\":{\"@id\":\"https:\\\/\\\/www.inverseteams.com\\\/de\\\/#website\"},\"primaryImageOfPage\":{\"@id\":\"https:\\\/\\\/www.inverseteams.com\\\/de\\\/produkt\\\/kurzarm-trailrunning-shirt-summit-damen\\\/#primaryimage\"},\"image\":{\"@id\":\"https:\\\/\\\/www.inverseteams.com\\\/de\\\/produkt\\\/kurzarm-trailrunning-shirt-summit-damen\\\/#primaryimage\"},\"thumbnailUrl\":\"https:\\\/\\\/www.inverseteams.com\\\/wp-content\\\/uploads\\\/INVERSE-CAMISETA-RUNNING-MUJER-SUMMIT-001.jpg\",\"datePublished\":\"2025-06-21T10:49:41+00:00\",\"dateModified\":\"2025-06-21T11:11:28+00:00\",\"description\":\"Sehr leichtes technisches T-Shirt, ideal f\u00fcr Wettkampf und Training. Es zeichnet sich durch seine hohe Strapazierf\u00e4higkeit und Atmungsaktivit\u00e4t aus.\",\"breadcrumb\":{\"@id\":\"https:\\\/\\\/www.inverseteams.com\\\/de\\\/produkt\\\/kurzarm-trailrunning-shirt-summit-damen\\\/#breadcrumb\"},\"inLanguage\":\"de\",\"potentialAction\":[{\"@type\":\"ReadAction\",\"target\":[\"https:\\\/\\\/www.inverseteams.com\\\/de\\\/produkt\\\/kurzarm-trailrunning-shirt-summit-damen\\\/\"]}]},{\"@type\":\"ImageObject\",\"inLanguage\":\"de\",\"@id\":\"https:\\\/\\\/www.inverseteams.com\\\/de\\\/produkt\\\/kurzarm-trailrunning-shirt-summit-damen\\\/#primaryimage\",\"url\":\"https:\\\/\\\/www.inverseteams.com\\\/wp-content\\\/uploads\\\/INVERSE-CAMISETA-RUNNING-MUJER-SUMMIT-001.jpg\",\"contentUrl\":\"https:\\\/\\\/www.inverseteams.com\\\/wp-content\\\/uploads\\\/INVERSE-CAMISETA-RUNNING-MUJER-SUMMIT-001.jpg\",\"width\":1500,\"height\":1612},{\"@type\":\"BreadcrumbList\",\"@id\":\"https:\\\/\\\/www.inverseteams.com\\\/de\\\/produkt\\\/kurzarm-trailrunning-shirt-summit-damen\\\/#breadcrumb\",\"itemListElement\":[{\"@type\":\"ListItem\",\"position\":1,\"name\":\"Portada\",\"item\":\"https:\\\/\\\/www.inverseteams.com\\\/de\\\/\"},{\"@type\":\"ListItem\",\"position\":2,\"name\":\"Speichern\",\"item\":\"https:\\\/\\\/www.inverseteams.com\\\/de\\\/speichern\\\/\"},{\"@type\":\"ListItem\",\"position\":3,\"name\":\"Kurzarm Trailrunning Shirt SUMMIT (DAMEN)\"}]},{\"@type\":\"WebSite\",\"@id\":\"https:\\\/\\\/www.inverseteams.com\\\/de\\\/#website\",\"url\":\"https:\\\/\\\/www.inverseteams.com\\\/de\\\/\",\"name\":\"Inverseteams\",\"description\":\"Tu marca de ropa deportiva personalizada\",\"publisher\":{\"@id\":\"https:\\\/\\\/www.inverseteams.com\\\/de\\\/#organization\"},\"potentialAction\":[{\"@type\":\"SearchAction\",\"target\":{\"@type\":\"EntryPoint\",\"urlTemplate\":\"https:\\\/\\\/www.inverseteams.com\\\/de\\\/?s={search_term_string}\"},\"query-input\":{\"@type\":\"PropertyValueSpecification\",\"valueRequired\":true,\"valueName\":\"search_term_string\"}}],\"inLanguage\":\"de\"},{\"@type\":\"Organization\",\"@id\":\"https:\\\/\\\/www.inverseteams.com\\\/de\\\/#organization\",\"name\":\"Inverse Teams\",\"url\":\"https:\\\/\\\/www.inverseteams.com\\\/de\\\/\",\"logo\":{\"@type\":\"ImageObject\",\"inLanguage\":\"de\",\"@id\":\"https:\\\/\\\/www.inverseteams.com\\\/de\\\/#\\\/schema\\\/logo\\\/image\\\/\",\"url\":\"https:\\\/\\\/www.inverseteams.com\\\/wp-content\\\/uploads\\\/2021\\\/03\\\/logo-inverse-teams.png\",\"contentUrl\":\"https:\\\/\\\/www.inverseteams.com\\\/wp-content\\\/uploads\\\/2021\\\/03\\\/logo-inverse-teams.png\",\"width\":294,\"height\":99,\"caption\":\"Inverse Teams\"},\"image\":{\"@id\":\"https:\\\/\\\/www.inverseteams.com\\\/de\\\/#\\\/schema\\\/logo\\\/image\\\/\"},\"sameAs\":[\"https:\\\/\\\/www.facebook.com\\\/inverseteams\",\"http:\\\/\\\/instagram.com\\\/inverseteams\",\"https:\\\/\\\/www.linkedin.com\\\/company\\\/inverse-cirosport-s-l-?trk=job_view_topcard_company_name\",\"http:\\\/\\\/www.pinterest.com\\\/inverseteams\\\/\",\"http:\\\/\\\/www.youtube.com\\\/user\\\/inverseteams?feature=watch\"]}]}<\/script>\n<!-- \/ Yoast SEO plugin. -->","yoast_head_json":{"title":"Kurzarm Trailrunning Shirt SUMMIT (DAMEN)","description":"Sehr leichtes technisches T-Shirt, ideal f\u00fcr Wettkampf und Training. Es zeichnet sich durch seine hohe Strapazierf\u00e4higkeit und Atmungsaktivit\u00e4t aus.","robots":{"index":"index","follow":"follow","max-snippet":"max-snippet:-1","max-image-preview":"max-image-preview:large","max-video-preview":"max-video-preview:-1"},"canonical":"https:\/\/www.inverseteams.com\/de\/produkt\/kurzarm-trailrunning-shirt-summit-damen\/","og_locale":"de_DE","og_type":"article","og_title":"Kurzarm Trailrunning Shirt SUMMIT (DAMEN)","og_description":"Sehr leichtes technisches T-Shirt, ideal f\u00fcr Wettkampf und Training. Es zeichnet sich durch seine hohe Strapazierf\u00e4higkeit und Atmungsaktivit\u00e4t aus.","og_url":"https:\/\/www.inverseteams.com\/de\/produkt\/kurzarm-trailrunning-shirt-summit-damen\/","og_site_name":"Inverseteams","article_publisher":"https:\/\/www.facebook.com\/inverseteams","article_modified_time":"2025-06-21T11:11:28+00:00","og_image":[{"width":1500,"height":1612,"url":"https:\/\/www.inverseteams.com\/wp-content\/uploads\/INVERSE-CAMISETA-RUNNING-MUJER-SUMMIT-001.jpg","type":"image\/jpeg"}],"twitter_card":"summary_large_image","twitter_misc":{"Gesch\u00e4tzte Lesezeit":"1\u00a0Minute"},"schema":{"@context":"https:\/\/schema.org","@graph":[{"@type":"WebPage","@id":"https:\/\/www.inverseteams.com\/de\/produkt\/kurzarm-trailrunning-shirt-summit-damen\/","url":"https:\/\/www.inverseteams.com\/de\/produkt\/kurzarm-trailrunning-shirt-summit-damen\/","name":"Kurzarm Trailrunning Shirt SUMMIT (DAMEN)","isPartOf":{"@id":"https:\/\/www.inverseteams.com\/de\/#website"},"primaryImageOfPage":{"@id":"https:\/\/www.inverseteams.com\/de\/produkt\/kurzarm-trailrunning-shirt-summit-damen\/#primaryimage"},"image":{"@id":"https:\/\/www.inverseteams.com\/de\/produkt\/kurzarm-trailrunning-shirt-summit-damen\/#primaryimage"},"thumbnailUrl":"https:\/\/www.inverseteams.com\/wp-content\/uploads\/INVERSE-CAMISETA-RUNNING-MUJER-SUMMIT-001.jpg","datePublished":"2025-06-21T10:49:41+00:00","dateModified":"2025-06-21T11:11:28+00:00","description":"Sehr leichtes technisches T-Shirt, ideal f\u00fcr Wettkampf und Training. Es zeichnet sich durch seine hohe Strapazierf\u00e4higkeit und Atmungsaktivit\u00e4t aus.","breadcrumb":{"@id":"https:\/\/www.inverseteams.com\/de\/produkt\/kurzarm-trailrunning-shirt-summit-damen\/#breadcrumb"},"inLanguage":"de","potentialAction":[{"@type":"ReadAction","target":["https:\/\/www.inverseteams.com\/de\/produkt\/kurzarm-trailrunning-shirt-summit-damen\/"]}]},{"@type":"ImageObject","inLanguage":"de","@id":"https:\/\/www.inverseteams.com\/de\/produkt\/kurzarm-trailrunning-shirt-summit-damen\/#primaryimage","url":"https:\/\/www.inverseteams.com\/wp-content\/uploads\/INVERSE-CAMISETA-RUNNING-MUJER-SUMMIT-001.jpg","contentUrl":"https:\/\/www.inverseteams.com\/wp-content\/uploads\/INVERSE-CAMISETA-RUNNING-MUJER-SUMMIT-001.jpg","width":1500,"height":1612},{"@type":"BreadcrumbList","@id":"https:\/\/www.inverseteams.com\/de\/produkt\/kurzarm-trailrunning-shirt-summit-damen\/#breadcrumb","itemListElement":[{"@type":"ListItem","position":1,"name":"Portada","item":"https:\/\/www.inverseteams.com\/de\/"},{"@type":"ListItem","position":2,"name":"Speichern","item":"https:\/\/www.inverseteams.com\/de\/speichern\/"},{"@type":"ListItem","position":3,"name":"Kurzarm Trailrunning Shirt SUMMIT (DAMEN)"}]},{"@type":"WebSite","@id":"https:\/\/www.inverseteams.com\/de\/#website","url":"https:\/\/www.inverseteams.com\/de\/","name":"Inverseteams","description":"Tu marca de ropa deportiva personalizada","publisher":{"@id":"https:\/\/www.inverseteams.com\/de\/#organization"},"potentialAction":[{"@type":"SearchAction","target":{"@type":"EntryPoint","urlTemplate":"https:\/\/www.inverseteams.com\/de\/?s={search_term_string}"},"query-input":{"@type":"PropertyValueSpecification","valueRequired":true,"valueName":"search_term_string"}}],"inLanguage":"de"},{"@type":"Organization","@id":"https:\/\/www.inverseteams.com\/de\/#organization","name":"Inverse Teams","url":"https:\/\/www.inverseteams.com\/de\/","logo":{"@type":"ImageObject","inLanguage":"de","@id":"https:\/\/www.inverseteams.com\/de\/#\/schema\/logo\/image\/","url":"https:\/\/www.inverseteams.com\/wp-content\/uploads\/2021\/03\/logo-inverse-teams.png","contentUrl":"https:\/\/www.inverseteams.com\/wp-content\/uploads\/2021\/03\/logo-inverse-teams.png","width":294,"height":99,"caption":"Inverse Teams"},"image":{"@id":"https:\/\/www.inverseteams.com\/de\/#\/schema\/logo\/image\/"},"sameAs":["https:\/\/www.facebook.com\/inverseteams","http:\/\/instagram.com\/inverseteams","https:\/\/www.linkedin.com\/company\/inverse-cirosport-s-l-?trk=job_view_topcard_company_name","http:\/\/www.pinterest.com\/inverseteams\/","http:\/\/www.youtube.com\/user\/inverseteams?feature=watch"]}]}},"_links":{"self":[{"href":"https:\/\/www.inverseteams.com\/de\/wp-json\/wp\/v2\/product\/263025","targetHints":{"allow":["GET"]}}],"collection":[{"href":"https:\/\/www.inverseteams.com\/de\/wp-json\/wp\/v2\/product"}],"about":[{"href":"https:\/\/www.inverseteams.com\/de\/wp-json\/wp\/v2\/types\/product"}],"replies":[{"embeddable":true,"href":"https:\/\/www.inverseteams.com\/de\/wp-json\/wp\/v2\/comments?post=263025"}],"wp:featuredmedia":[{"embeddable":true,"href":"https:\/\/www.inverseteams.com\/de\/wp-json\/wp\/v2\/media\/261998"}],"wp:attachment":[{"href":"https:\/\/www.inverseteams.com\/de\/wp-json\/wp\/v2\/media?parent=263025"}],"wp:term":[{"taxonomy":"product_brand","embeddable":true,"href":"https:\/\/www.inverseteams.com\/de\/wp-json\/wp\/v2\/product_brand?post=263025"},{"taxonomy":"product_cat","embeddable":true,"href":"https:\/\/www.inverseteams.com\/de\/wp-json\/wp\/v2\/product_cat?post=263025"},{"taxonomy":"product_tag","embeddable":true,"href":"https:\/\/www.inverseteams.com\/de\/wp-json\/wp\/v2\/product_tag?post=263025"},{"taxonomy":"custom_category","embeddable":true,"href":"https:\/\/www.inverseteams.com\/de\/wp-json\/wp\/v2\/custom_category?post=263025"},{"taxonomy":"range","embeddable":true,"href":"https:\/\/www.inverseteams.com\/de\/wp-json\/wp\/v2\/range?post=263025"}],"curies":[{"name":"wp","href":"https:\/\/api.w.org\/{rel}","templated":true}]}}