{"id":248123,"date":"2025-03-07T08:18:54","date_gmt":"2025-03-07T10:46:24","guid":{"rendered":"https:\/\/www.inverseteams.com\/?post_type=product&#038;p=248123"},"modified":"2025-03-14T15:36:02","modified_gmt":"2025-03-14T15:36:02","slug":"sporttasche-53l","status":"publish","type":"product","link":"https:\/\/www.inverseteams.com\/de\/produkt\/sporttasche-53l\/","title":{"rendered":"Sporttasche 53L SC84-C"},"content":{"rendered":"<p>Erh\u00e4ltlich in 4 Farben: Schwarz, Rot, Navy Blau und Royal Blau. Das Vereinswappen ist in DTF gedruckt.<br \/>\nDiese Sporttasche mit gro\u00dfem Fassungsverm\u00f6gen verf\u00fcgt \u00fcber einen doppelten Tragegriff und einen langen verstellbaren Schultergurt. An der Unterseite befindet sich ein Schuhfach mit herausnehmbarem Fach.<br \/>\nAuf einer Seite befindet sich eine Tasche mit Rei\u00dfverschluss und der Boden ist mit Nieten zum Schutz versehen. Sein Stoff ist wasserabweisend und hat ein Fassungsverm\u00f6gen von 53\u00a0Litern.<\/p>\n","protected":false},"excerpt":{"rendered":"<p>Erh\u00e4ltlich in 4 Farben: Schwarz, Rot, Navy Blau und Royal Blau. Das Vereinswappen ist in DTF gedruckt.<br \/>\nDiese Sporttasche mit gro\u00dfem Fassungsverm\u00f6gen verf\u00fcgt \u00fcber einen doppelten Tragegriff und einen langen verstellbaren Schultergurt. An der Unterseite befindet sich ein Schuhfach mit herausnehmbarem Fach.<br \/>\nAuf einer Seite befindet sich eine Tasche mit Rei\u00dfverschluss und der Boden ist mit Nieten zum Schutz versehen. Sein Stoff ist wasserabweisend und hat ein Fassungsverm\u00f6gen von 53\u00a0Litern.<\/p>\n","protected":false},"featured_media":247176,"comment_status":"closed","ping_status":"closed","template":"","meta":{"_acf_changed":false},"product_brand":[],"product_cat":[11218],"product_tag":[],"custom_category":[15161,15164],"range":[15151],"class_list":{"0":"post-248123","1":"product","2":"type-product","3":"status-publish","4":"has-post-thumbnail","6":"product_cat-uncategorized-de","7":"pa_genero-unisex-de","8":"pa_tipo-de-prenda-mochila-de","9":"custom_category-mannschaftssport","10":"custom_category-fussball","11":"range-accessoires-de","13":"first","14":"instock","15":"product-type-custom"},"acf":[],"yoast_head":"<!-- This site is optimized with the Yoast SEO plugin v27.3 - https:\/\/yoast.com\/product\/yoast-seo-wordpress\/ -->\n<title>Sporttasche 53L SC84-C | Inverseteams<\/title>\n<meta name=\"description\" content=\"Erh\u00e4ltlich in 4 Farben: Schwarz, Rot, Navy Blau und Royal Blau. Das Vereinswappen ist in DTF gedruckt. Diese Sporttasche mit gro\u00dfem Fassungsverm\u00f6gen verf\u00fcgt \u00fcber einen doppelten Tragegriff und einen langen verstellbaren Schultergurt. An der Unterseite befindet sich ein Schuhfach mit herausnehmbarem Fach. Auf einer Seite befindet sich eine Tasche mit Rei\u00dfverschluss und der Boden ist mit Nieten zum Schutz versehen. Sein Stoff ist wasserabweisend und hat ein Fassungsverm\u00f6gen von 53\u00a0Litern.\" \/>\n<meta name=\"robots\" content=\"index, follow, max-snippet:-1, max-image-preview:large, max-video-preview:-1\" \/>\n<link rel=\"canonical\" href=\"https:\/\/www.inverseteams.com\/de\/produkt\/sporttasche-53l\/\" \/>\n<meta property=\"og:locale\" content=\"de_DE\" \/>\n<meta property=\"og:type\" content=\"article\" \/>\n<meta property=\"og:title\" content=\"Sporttasche 53L SC84-C | Inverseteams\" \/>\n<meta property=\"og:description\" content=\"Erh\u00e4ltlich in 4 Farben: Schwarz, Rot, Navy Blau und Royal Blau. Das Vereinswappen ist in DTF gedruckt. Diese Sporttasche mit gro\u00dfem Fassungsverm\u00f6gen verf\u00fcgt \u00fcber einen doppelten Tragegriff und einen langen verstellbaren Schultergurt. An der Unterseite befindet sich ein Schuhfach mit herausnehmbarem Fach. Auf einer Seite befindet sich eine Tasche mit Rei\u00dfverschluss und der Boden ist mit Nieten zum Schutz versehen. Sein Stoff ist wasserabweisend und hat ein Fassungsverm\u00f6gen von 53\u00a0Litern.\" \/>\n<meta property=\"og:url\" content=\"https:\/\/www.inverseteams.com\/de\/produkt\/sporttasche-53l\/\" \/>\n<meta property=\"og:site_name\" content=\"Inverseteams\" \/>\n<meta property=\"article:publisher\" content=\"https:\/\/www.facebook.com\/inverseteams\" \/>\n<meta property=\"article:modified_time\" content=\"2025-03-14T15:36:02+00:00\" \/>\n<meta property=\"og:image\" content=\"https:\/\/www.inverseteams.com\/wp-content\/uploads\/BOLSA-DEPORTE-53L-1.jpg\" \/>\n\t<meta property=\"og:image:width\" content=\"1500\" \/>\n\t<meta property=\"og:image:height\" content=\"1612\" \/>\n\t<meta property=\"og:image:type\" content=\"image\/jpeg\" \/>\n<meta name=\"twitter:card\" content=\"summary_large_image\" \/>\n<meta name=\"twitter:label1\" content=\"Gesch\u00e4tzte Lesezeit\" \/>\n\t<meta name=\"twitter:data1\" content=\"1\u00a0Minute\" \/>\n<script type=\"application\/ld+json\" class=\"yoast-schema-graph\">{\"@context\":\"https:\\\/\\\/schema.org\",\"@graph\":[{\"@type\":\"WebPage\",\"@id\":\"https:\\\/\\\/www.inverseteams.com\\\/de\\\/produkt\\\/sporttasche-53l\\\/\",\"url\":\"https:\\\/\\\/www.inverseteams.com\\\/de\\\/produkt\\\/sporttasche-53l\\\/\",\"name\":\"Sporttasche 53L SC84-C | Inverseteams\",\"isPartOf\":{\"@id\":\"https:\\\/\\\/www.inverseteams.com\\\/de\\\/#website\"},\"primaryImageOfPage\":{\"@id\":\"https:\\\/\\\/www.inverseteams.com\\\/de\\\/produkt\\\/sporttasche-53l\\\/#primaryimage\"},\"image\":{\"@id\":\"https:\\\/\\\/www.inverseteams.com\\\/de\\\/produkt\\\/sporttasche-53l\\\/#primaryimage\"},\"thumbnailUrl\":\"https:\\\/\\\/www.inverseteams.com\\\/wp-content\\\/uploads\\\/BOLSA-DEPORTE-53L-1.jpg\",\"datePublished\":\"2025-03-07T10:46:24+00:00\",\"dateModified\":\"2025-03-14T15:36:02+00:00\",\"description\":\"Erh\u00e4ltlich in 4 Farben: Schwarz, Rot, Navy Blau und Royal Blau. Das Vereinswappen ist in DTF gedruckt. Diese Sporttasche mit gro\u00dfem Fassungsverm\u00f6gen verf\u00fcgt \u00fcber einen doppelten Tragegriff und einen langen verstellbaren Schultergurt. An der Unterseite befindet sich ein Schuhfach mit herausnehmbarem Fach. Auf einer Seite befindet sich eine Tasche mit Rei\u00dfverschluss und der Boden ist mit Nieten zum Schutz versehen. Sein Stoff ist wasserabweisend und hat ein Fassungsverm\u00f6gen von 53\u00a0Litern.\",\"breadcrumb\":{\"@id\":\"https:\\\/\\\/www.inverseteams.com\\\/de\\\/produkt\\\/sporttasche-53l\\\/#breadcrumb\"},\"inLanguage\":\"de\",\"potentialAction\":[{\"@type\":\"ReadAction\",\"target\":[\"https:\\\/\\\/www.inverseteams.com\\\/de\\\/produkt\\\/sporttasche-53l\\\/\"]}]},{\"@type\":\"ImageObject\",\"inLanguage\":\"de\",\"@id\":\"https:\\\/\\\/www.inverseteams.com\\\/de\\\/produkt\\\/sporttasche-53l\\\/#primaryimage\",\"url\":\"https:\\\/\\\/www.inverseteams.com\\\/wp-content\\\/uploads\\\/BOLSA-DEPORTE-53L-1.jpg\",\"contentUrl\":\"https:\\\/\\\/www.inverseteams.com\\\/wp-content\\\/uploads\\\/BOLSA-DEPORTE-53L-1.jpg\",\"width\":1500,\"height\":1612},{\"@type\":\"BreadcrumbList\",\"@id\":\"https:\\\/\\\/www.inverseteams.com\\\/de\\\/produkt\\\/sporttasche-53l\\\/#breadcrumb\",\"itemListElement\":[{\"@type\":\"ListItem\",\"position\":1,\"name\":\"Portada\",\"item\":\"https:\\\/\\\/www.inverseteams.com\\\/de\\\/\"},{\"@type\":\"ListItem\",\"position\":2,\"name\":\"Speichern\",\"item\":\"https:\\\/\\\/www.inverseteams.com\\\/de\\\/speichern\\\/\"},{\"@type\":\"ListItem\",\"position\":3,\"name\":\"Sporttasche 53L SC84-C\"}]},{\"@type\":\"WebSite\",\"@id\":\"https:\\\/\\\/www.inverseteams.com\\\/de\\\/#website\",\"url\":\"https:\\\/\\\/www.inverseteams.com\\\/de\\\/\",\"name\":\"Inverseteams\",\"description\":\"Tu marca de ropa deportiva personalizada\",\"publisher\":{\"@id\":\"https:\\\/\\\/www.inverseteams.com\\\/de\\\/#organization\"},\"potentialAction\":[{\"@type\":\"SearchAction\",\"target\":{\"@type\":\"EntryPoint\",\"urlTemplate\":\"https:\\\/\\\/www.inverseteams.com\\\/de\\\/?s={search_term_string}\"},\"query-input\":{\"@type\":\"PropertyValueSpecification\",\"valueRequired\":true,\"valueName\":\"search_term_string\"}}],\"inLanguage\":\"de\"},{\"@type\":\"Organization\",\"@id\":\"https:\\\/\\\/www.inverseteams.com\\\/de\\\/#organization\",\"name\":\"Inverse Teams\",\"url\":\"https:\\\/\\\/www.inverseteams.com\\\/de\\\/\",\"logo\":{\"@type\":\"ImageObject\",\"inLanguage\":\"de\",\"@id\":\"https:\\\/\\\/www.inverseteams.com\\\/de\\\/#\\\/schema\\\/logo\\\/image\\\/\",\"url\":\"http:\\\/\\\/www.inverseteams.com\\\/wp-content\\\/uploads\\\/2021\\\/03\\\/logo-inverse-teams.png\",\"contentUrl\":\"http:\\\/\\\/www.inverseteams.com\\\/wp-content\\\/uploads\\\/2021\\\/03\\\/logo-inverse-teams.png\",\"width\":294,\"height\":99,\"caption\":\"Inverse Teams\"},\"image\":{\"@id\":\"https:\\\/\\\/www.inverseteams.com\\\/de\\\/#\\\/schema\\\/logo\\\/image\\\/\"},\"sameAs\":[\"https:\\\/\\\/www.facebook.com\\\/inverseteams\",\"http:\\\/\\\/instagram.com\\\/inverseteams\",\"https:\\\/\\\/www.linkedin.com\\\/company\\\/inverse-cirosport-s-l-?trk=job_view_topcard_company_name\",\"http:\\\/\\\/www.pinterest.com\\\/inverseteams\\\/\",\"http:\\\/\\\/www.youtube.com\\\/user\\\/inverseteams?feature=watch\"]}]}<\/script>\n<!-- \/ Yoast SEO plugin. -->","yoast_head_json":{"title":"Sporttasche 53L SC84-C | Inverseteams","description":"Erh\u00e4ltlich in 4 Farben: Schwarz, Rot, Navy Blau und Royal Blau. Das Vereinswappen ist in DTF gedruckt. Diese Sporttasche mit gro\u00dfem Fassungsverm\u00f6gen verf\u00fcgt \u00fcber einen doppelten Tragegriff und einen langen verstellbaren Schultergurt. An der Unterseite befindet sich ein Schuhfach mit herausnehmbarem Fach. Auf einer Seite befindet sich eine Tasche mit Rei\u00dfverschluss und der Boden ist mit Nieten zum Schutz versehen. Sein Stoff ist wasserabweisend und hat ein Fassungsverm\u00f6gen von 53\u00a0Litern.","robots":{"index":"index","follow":"follow","max-snippet":"max-snippet:-1","max-image-preview":"max-image-preview:large","max-video-preview":"max-video-preview:-1"},"canonical":"https:\/\/www.inverseteams.com\/de\/produkt\/sporttasche-53l\/","og_locale":"de_DE","og_type":"article","og_title":"Sporttasche 53L SC84-C | Inverseteams","og_description":"Erh\u00e4ltlich in 4 Farben: Schwarz, Rot, Navy Blau und Royal Blau. Das Vereinswappen ist in DTF gedruckt. Diese Sporttasche mit gro\u00dfem Fassungsverm\u00f6gen verf\u00fcgt \u00fcber einen doppelten Tragegriff und einen langen verstellbaren Schultergurt. An der Unterseite befindet sich ein Schuhfach mit herausnehmbarem Fach. Auf einer Seite befindet sich eine Tasche mit Rei\u00dfverschluss und der Boden ist mit Nieten zum Schutz versehen. Sein Stoff ist wasserabweisend und hat ein Fassungsverm\u00f6gen von 53\u00a0Litern.","og_url":"https:\/\/www.inverseteams.com\/de\/produkt\/sporttasche-53l\/","og_site_name":"Inverseteams","article_publisher":"https:\/\/www.facebook.com\/inverseteams","article_modified_time":"2025-03-14T15:36:02+00:00","og_image":[{"width":1500,"height":1612,"url":"https:\/\/www.inverseteams.com\/wp-content\/uploads\/BOLSA-DEPORTE-53L-1.jpg","type":"image\/jpeg"}],"twitter_card":"summary_large_image","twitter_misc":{"Gesch\u00e4tzte Lesezeit":"1\u00a0Minute"},"schema":{"@context":"https:\/\/schema.org","@graph":[{"@type":"WebPage","@id":"https:\/\/www.inverseteams.com\/de\/produkt\/sporttasche-53l\/","url":"https:\/\/www.inverseteams.com\/de\/produkt\/sporttasche-53l\/","name":"Sporttasche 53L SC84-C | Inverseteams","isPartOf":{"@id":"https:\/\/www.inverseteams.com\/de\/#website"},"primaryImageOfPage":{"@id":"https:\/\/www.inverseteams.com\/de\/produkt\/sporttasche-53l\/#primaryimage"},"image":{"@id":"https:\/\/www.inverseteams.com\/de\/produkt\/sporttasche-53l\/#primaryimage"},"thumbnailUrl":"https:\/\/www.inverseteams.com\/wp-content\/uploads\/BOLSA-DEPORTE-53L-1.jpg","datePublished":"2025-03-07T10:46:24+00:00","dateModified":"2025-03-14T15:36:02+00:00","description":"Erh\u00e4ltlich in 4 Farben: Schwarz, Rot, Navy Blau und Royal Blau. Das Vereinswappen ist in DTF gedruckt. Diese Sporttasche mit gro\u00dfem Fassungsverm\u00f6gen verf\u00fcgt \u00fcber einen doppelten Tragegriff und einen langen verstellbaren Schultergurt. An der Unterseite befindet sich ein Schuhfach mit herausnehmbarem Fach. Auf einer Seite befindet sich eine Tasche mit Rei\u00dfverschluss und der Boden ist mit Nieten zum Schutz versehen. Sein Stoff ist wasserabweisend und hat ein Fassungsverm\u00f6gen von 53\u00a0Litern.","breadcrumb":{"@id":"https:\/\/www.inverseteams.com\/de\/produkt\/sporttasche-53l\/#breadcrumb"},"inLanguage":"de","potentialAction":[{"@type":"ReadAction","target":["https:\/\/www.inverseteams.com\/de\/produkt\/sporttasche-53l\/"]}]},{"@type":"ImageObject","inLanguage":"de","@id":"https:\/\/www.inverseteams.com\/de\/produkt\/sporttasche-53l\/#primaryimage","url":"https:\/\/www.inverseteams.com\/wp-content\/uploads\/BOLSA-DEPORTE-53L-1.jpg","contentUrl":"https:\/\/www.inverseteams.com\/wp-content\/uploads\/BOLSA-DEPORTE-53L-1.jpg","width":1500,"height":1612},{"@type":"BreadcrumbList","@id":"https:\/\/www.inverseteams.com\/de\/produkt\/sporttasche-53l\/#breadcrumb","itemListElement":[{"@type":"ListItem","position":1,"name":"Portada","item":"https:\/\/www.inverseteams.com\/de\/"},{"@type":"ListItem","position":2,"name":"Speichern","item":"https:\/\/www.inverseteams.com\/de\/speichern\/"},{"@type":"ListItem","position":3,"name":"Sporttasche 53L SC84-C"}]},{"@type":"WebSite","@id":"https:\/\/www.inverseteams.com\/de\/#website","url":"https:\/\/www.inverseteams.com\/de\/","name":"Inverseteams","description":"Tu marca de ropa deportiva personalizada","publisher":{"@id":"https:\/\/www.inverseteams.com\/de\/#organization"},"potentialAction":[{"@type":"SearchAction","target":{"@type":"EntryPoint","urlTemplate":"https:\/\/www.inverseteams.com\/de\/?s={search_term_string}"},"query-input":{"@type":"PropertyValueSpecification","valueRequired":true,"valueName":"search_term_string"}}],"inLanguage":"de"},{"@type":"Organization","@id":"https:\/\/www.inverseteams.com\/de\/#organization","name":"Inverse Teams","url":"https:\/\/www.inverseteams.com\/de\/","logo":{"@type":"ImageObject","inLanguage":"de","@id":"https:\/\/www.inverseteams.com\/de\/#\/schema\/logo\/image\/","url":"https:\/\/www.inverseteams.com\/wp-content\/uploads\/2021\/03\/logo-inverse-teams.png","contentUrl":"https:\/\/www.inverseteams.com\/wp-content\/uploads\/2021\/03\/logo-inverse-teams.png","width":294,"height":99,"caption":"Inverse Teams"},"image":{"@id":"https:\/\/www.inverseteams.com\/de\/#\/schema\/logo\/image\/"},"sameAs":["https:\/\/www.facebook.com\/inverseteams","http:\/\/instagram.com\/inverseteams","https:\/\/www.linkedin.com\/company\/inverse-cirosport-s-l-?trk=job_view_topcard_company_name","http:\/\/www.pinterest.com\/inverseteams\/","http:\/\/www.youtube.com\/user\/inverseteams?feature=watch"]}]}},"_links":{"self":[{"href":"https:\/\/www.inverseteams.com\/de\/wp-json\/wp\/v2\/product\/248123","targetHints":{"allow":["GET"]}}],"collection":[{"href":"https:\/\/www.inverseteams.com\/de\/wp-json\/wp\/v2\/product"}],"about":[{"href":"https:\/\/www.inverseteams.com\/de\/wp-json\/wp\/v2\/types\/product"}],"replies":[{"embeddable":true,"href":"https:\/\/www.inverseteams.com\/de\/wp-json\/wp\/v2\/comments?post=248123"}],"wp:featuredmedia":[{"embeddable":true,"href":"https:\/\/www.inverseteams.com\/de\/wp-json\/wp\/v2\/media\/247176"}],"wp:attachment":[{"href":"https:\/\/www.inverseteams.com\/de\/wp-json\/wp\/v2\/media?parent=248123"}],"wp:term":[{"taxonomy":"product_brand","embeddable":true,"href":"https:\/\/www.inverseteams.com\/de\/wp-json\/wp\/v2\/product_brand?post=248123"},{"taxonomy":"product_cat","embeddable":true,"href":"https:\/\/www.inverseteams.com\/de\/wp-json\/wp\/v2\/product_cat?post=248123"},{"taxonomy":"product_tag","embeddable":true,"href":"https:\/\/www.inverseteams.com\/de\/wp-json\/wp\/v2\/product_tag?post=248123"},{"taxonomy":"custom_category","embeddable":true,"href":"https:\/\/www.inverseteams.com\/de\/wp-json\/wp\/v2\/custom_category?post=248123"},{"taxonomy":"range","embeddable":true,"href":"https:\/\/www.inverseteams.com\/de\/wp-json\/wp\/v2\/range?post=248123"}],"curies":[{"name":"wp","href":"https:\/\/api.w.org\/{rel}","templated":true}]}}