{"id":248122,"date":"2025-03-07T08:18:54","date_gmt":"2025-03-07T10:46:24","guid":{"rendered":"https:\/\/www.inverseteams.com\/?post_type=product&#038;p=248122"},"modified":"2025-03-14T15:36:04","modified_gmt":"2025-03-14T15:36:04","slug":"rucksack-30l","status":"publish","type":"product","link":"https:\/\/www.inverseteams.com\/de\/produkt\/rucksack-30l\/","title":{"rendered":"Rucksack 30L SC88-C"},"content":{"rendered":"<p>Erh\u00e4ltlich in 4 Farben: Schwarz, Rot, Navy Blau und Royal Blau. Das Vereinswappen ist in DTF gedruckt.<br \/>\nDieser ergonomisch geformte Sportrucksack verf\u00fcgt \u00fcber einen doppelt verst\u00e4rkten Schultergurt und eine spezielle Handschlaufe. Die R\u00fcckseite ist gepolstert und verf\u00fcgt \u00fcber eine Fronttasche mit Bel\u00fcftungsnetz, die sich ideal zur Aufbewahrung von Schuhen eignet.<br \/>\nDie Haupttasche verf\u00fcgt \u00fcber einen doppelten Rei\u00dfverschluss und eine Au\u00dfentasche vorne. Sein Gewebe ist wasserabweisend und hat ein Fassungsverm\u00f6gen von 30l.<\/p>\n","protected":false},"excerpt":{"rendered":"<p>Erh\u00e4ltlich in 4 Farben: Schwarz, Rot, Navy Blau und Royal Blau. Das Vereinswappen ist in DTF gedruckt.<br \/>\nDieser ergonomisch geformte Sportrucksack verf\u00fcgt \u00fcber einen doppelt verst\u00e4rkten Schultergurt und eine spezielle Handschlaufe. Die R\u00fcckseite ist gepolstert und verf\u00fcgt \u00fcber eine Fronttasche mit Bel\u00fcftungsnetz, die sich ideal zur Aufbewahrung von Schuhen eignet.<br \/>\nDie Haupttasche verf\u00fcgt \u00fcber einen doppelten Rei\u00dfverschluss und eine Au\u00dfentasche vorne. Sein Gewebe ist wasserabweisend und hat ein Fassungsverm\u00f6gen von 30l.<\/p>\n","protected":false},"featured_media":247421,"comment_status":"closed","ping_status":"closed","template":"","meta":{"_acf_changed":false},"product_brand":[],"product_cat":[11218],"product_tag":[],"custom_category":[15161,15164],"range":[15151],"class_list":{"0":"post-248122","1":"product","2":"type-product","3":"status-publish","4":"has-post-thumbnail","6":"product_cat-uncategorized-de","7":"pa_genero-unisex-de","8":"pa_tipo-de-prenda-mochila-de","9":"custom_category-mannschaftssport","10":"custom_category-fussball","11":"range-accessoires-de","13":"first","14":"instock","15":"product-type-custom"},"acf":[],"yoast_head":"<!-- This site is optimized with the Yoast SEO plugin v27.3 - https:\/\/yoast.com\/product\/yoast-seo-wordpress\/ -->\n<title>Rucksack 30L SC88-C | Inverseteams<\/title>\n<meta name=\"description\" content=\"Erh\u00e4ltlich in 4 Farben: Schwarz, Rot, Navy Blau und Royal Blau. Das Vereinswappen ist in DTF gedruckt. Dieser ergonomisch geformte Sportrucksack verf\u00fcgt \u00fcber einen doppelt verst\u00e4rkten Schultergurt und eine spezielle Handschlaufe. Die R\u00fcckseite ist gepolstert und verf\u00fcgt \u00fcber eine Fronttasche mit Bel\u00fcftungsnetz, die sich ideal zur Aufbewahrung von Schuhen eignet. Die Haupttasche verf\u00fcgt \u00fcber einen doppelten Rei\u00dfverschluss und eine Au\u00dfentasche vorne. Sein Gewebe ist wasserabweisend und hat ein Fassungsverm\u00f6gen von 30l.\" \/>\n<meta name=\"robots\" content=\"index, follow, max-snippet:-1, max-image-preview:large, max-video-preview:-1\" \/>\n<link rel=\"canonical\" href=\"https:\/\/www.inverseteams.com\/de\/produkt\/rucksack-30l\/\" \/>\n<meta property=\"og:locale\" content=\"de_DE\" \/>\n<meta property=\"og:type\" content=\"article\" \/>\n<meta property=\"og:title\" content=\"Rucksack 30L SC88-C | Inverseteams\" \/>\n<meta property=\"og:description\" content=\"Erh\u00e4ltlich in 4 Farben: Schwarz, Rot, Navy Blau und Royal Blau. Das Vereinswappen ist in DTF gedruckt. Dieser ergonomisch geformte Sportrucksack verf\u00fcgt \u00fcber einen doppelt verst\u00e4rkten Schultergurt und eine spezielle Handschlaufe. Die R\u00fcckseite ist gepolstert und verf\u00fcgt \u00fcber eine Fronttasche mit Bel\u00fcftungsnetz, die sich ideal zur Aufbewahrung von Schuhen eignet. Die Haupttasche verf\u00fcgt \u00fcber einen doppelten Rei\u00dfverschluss und eine Au\u00dfentasche vorne. Sein Gewebe ist wasserabweisend und hat ein Fassungsverm\u00f6gen von 30l.\" \/>\n<meta property=\"og:url\" content=\"https:\/\/www.inverseteams.com\/de\/produkt\/rucksack-30l\/\" \/>\n<meta property=\"og:site_name\" content=\"Inverseteams\" \/>\n<meta property=\"article:publisher\" content=\"https:\/\/www.facebook.com\/inverseteams\" \/>\n<meta property=\"article:modified_time\" content=\"2025-03-14T15:36:04+00:00\" \/>\n<meta property=\"og:image\" content=\"https:\/\/www.inverseteams.com\/wp-content\/uploads\/MOCHILA-30L-1.jpg\" \/>\n\t<meta property=\"og:image:width\" content=\"1500\" \/>\n\t<meta property=\"og:image:height\" content=\"1612\" \/>\n\t<meta property=\"og:image:type\" content=\"image\/jpeg\" \/>\n<meta name=\"twitter:card\" content=\"summary_large_image\" \/>\n<meta name=\"twitter:label1\" content=\"Gesch\u00e4tzte Lesezeit\" \/>\n\t<meta name=\"twitter:data1\" content=\"1\u00a0Minute\" \/>\n<script type=\"application\/ld+json\" class=\"yoast-schema-graph\">{\"@context\":\"https:\\\/\\\/schema.org\",\"@graph\":[{\"@type\":\"WebPage\",\"@id\":\"https:\\\/\\\/www.inverseteams.com\\\/de\\\/produkt\\\/rucksack-30l\\\/\",\"url\":\"https:\\\/\\\/www.inverseteams.com\\\/de\\\/produkt\\\/rucksack-30l\\\/\",\"name\":\"Rucksack 30L SC88-C | Inverseteams\",\"isPartOf\":{\"@id\":\"https:\\\/\\\/www.inverseteams.com\\\/de\\\/#website\"},\"primaryImageOfPage\":{\"@id\":\"https:\\\/\\\/www.inverseteams.com\\\/de\\\/produkt\\\/rucksack-30l\\\/#primaryimage\"},\"image\":{\"@id\":\"https:\\\/\\\/www.inverseteams.com\\\/de\\\/produkt\\\/rucksack-30l\\\/#primaryimage\"},\"thumbnailUrl\":\"https:\\\/\\\/www.inverseteams.com\\\/wp-content\\\/uploads\\\/MOCHILA-30L-1.jpg\",\"datePublished\":\"2025-03-07T10:46:24+00:00\",\"dateModified\":\"2025-03-14T15:36:04+00:00\",\"description\":\"Erh\u00e4ltlich in 4 Farben: Schwarz, Rot, Navy Blau und Royal Blau. Das Vereinswappen ist in DTF gedruckt. Dieser ergonomisch geformte Sportrucksack verf\u00fcgt \u00fcber einen doppelt verst\u00e4rkten Schultergurt und eine spezielle Handschlaufe. Die R\u00fcckseite ist gepolstert und verf\u00fcgt \u00fcber eine Fronttasche mit Bel\u00fcftungsnetz, die sich ideal zur Aufbewahrung von Schuhen eignet. Die Haupttasche verf\u00fcgt \u00fcber einen doppelten Rei\u00dfverschluss und eine Au\u00dfentasche vorne. Sein Gewebe ist wasserabweisend und hat ein Fassungsverm\u00f6gen von 30l.\",\"breadcrumb\":{\"@id\":\"https:\\\/\\\/www.inverseteams.com\\\/de\\\/produkt\\\/rucksack-30l\\\/#breadcrumb\"},\"inLanguage\":\"de\",\"potentialAction\":[{\"@type\":\"ReadAction\",\"target\":[\"https:\\\/\\\/www.inverseteams.com\\\/de\\\/produkt\\\/rucksack-30l\\\/\"]}]},{\"@type\":\"ImageObject\",\"inLanguage\":\"de\",\"@id\":\"https:\\\/\\\/www.inverseteams.com\\\/de\\\/produkt\\\/rucksack-30l\\\/#primaryimage\",\"url\":\"https:\\\/\\\/www.inverseteams.com\\\/wp-content\\\/uploads\\\/MOCHILA-30L-1.jpg\",\"contentUrl\":\"https:\\\/\\\/www.inverseteams.com\\\/wp-content\\\/uploads\\\/MOCHILA-30L-1.jpg\",\"width\":1500,\"height\":1612},{\"@type\":\"BreadcrumbList\",\"@id\":\"https:\\\/\\\/www.inverseteams.com\\\/de\\\/produkt\\\/rucksack-30l\\\/#breadcrumb\",\"itemListElement\":[{\"@type\":\"ListItem\",\"position\":1,\"name\":\"Portada\",\"item\":\"https:\\\/\\\/www.inverseteams.com\\\/de\\\/\"},{\"@type\":\"ListItem\",\"position\":2,\"name\":\"Speichern\",\"item\":\"https:\\\/\\\/www.inverseteams.com\\\/de\\\/speichern\\\/\"},{\"@type\":\"ListItem\",\"position\":3,\"name\":\"Rucksack 30L SC88-C\"}]},{\"@type\":\"WebSite\",\"@id\":\"https:\\\/\\\/www.inverseteams.com\\\/de\\\/#website\",\"url\":\"https:\\\/\\\/www.inverseteams.com\\\/de\\\/\",\"name\":\"Inverseteams\",\"description\":\"Tu marca de ropa deportiva personalizada\",\"publisher\":{\"@id\":\"https:\\\/\\\/www.inverseteams.com\\\/de\\\/#organization\"},\"potentialAction\":[{\"@type\":\"SearchAction\",\"target\":{\"@type\":\"EntryPoint\",\"urlTemplate\":\"https:\\\/\\\/www.inverseteams.com\\\/de\\\/?s={search_term_string}\"},\"query-input\":{\"@type\":\"PropertyValueSpecification\",\"valueRequired\":true,\"valueName\":\"search_term_string\"}}],\"inLanguage\":\"de\"},{\"@type\":\"Organization\",\"@id\":\"https:\\\/\\\/www.inverseteams.com\\\/de\\\/#organization\",\"name\":\"Inverse Teams\",\"url\":\"https:\\\/\\\/www.inverseteams.com\\\/de\\\/\",\"logo\":{\"@type\":\"ImageObject\",\"inLanguage\":\"de\",\"@id\":\"https:\\\/\\\/www.inverseteams.com\\\/de\\\/#\\\/schema\\\/logo\\\/image\\\/\",\"url\":\"http:\\\/\\\/www.inverseteams.com\\\/wp-content\\\/uploads\\\/2021\\\/03\\\/logo-inverse-teams.png\",\"contentUrl\":\"http:\\\/\\\/www.inverseteams.com\\\/wp-content\\\/uploads\\\/2021\\\/03\\\/logo-inverse-teams.png\",\"width\":294,\"height\":99,\"caption\":\"Inverse Teams\"},\"image\":{\"@id\":\"https:\\\/\\\/www.inverseteams.com\\\/de\\\/#\\\/schema\\\/logo\\\/image\\\/\"},\"sameAs\":[\"https:\\\/\\\/www.facebook.com\\\/inverseteams\",\"http:\\\/\\\/instagram.com\\\/inverseteams\",\"https:\\\/\\\/www.linkedin.com\\\/company\\\/inverse-cirosport-s-l-?trk=job_view_topcard_company_name\",\"http:\\\/\\\/www.pinterest.com\\\/inverseteams\\\/\",\"http:\\\/\\\/www.youtube.com\\\/user\\\/inverseteams?feature=watch\"]}]}<\/script>\n<!-- \/ Yoast SEO plugin. -->","yoast_head_json":{"title":"Rucksack 30L SC88-C | Inverseteams","description":"Erh\u00e4ltlich in 4 Farben: Schwarz, Rot, Navy Blau und Royal Blau. Das Vereinswappen ist in DTF gedruckt. Dieser ergonomisch geformte Sportrucksack verf\u00fcgt \u00fcber einen doppelt verst\u00e4rkten Schultergurt und eine spezielle Handschlaufe. Die R\u00fcckseite ist gepolstert und verf\u00fcgt \u00fcber eine Fronttasche mit Bel\u00fcftungsnetz, die sich ideal zur Aufbewahrung von Schuhen eignet. Die Haupttasche verf\u00fcgt \u00fcber einen doppelten Rei\u00dfverschluss und eine Au\u00dfentasche vorne. Sein Gewebe ist wasserabweisend und hat ein Fassungsverm\u00f6gen von 30l.","robots":{"index":"index","follow":"follow","max-snippet":"max-snippet:-1","max-image-preview":"max-image-preview:large","max-video-preview":"max-video-preview:-1"},"canonical":"https:\/\/www.inverseteams.com\/de\/produkt\/rucksack-30l\/","og_locale":"de_DE","og_type":"article","og_title":"Rucksack 30L SC88-C | Inverseteams","og_description":"Erh\u00e4ltlich in 4 Farben: Schwarz, Rot, Navy Blau und Royal Blau. Das Vereinswappen ist in DTF gedruckt. Dieser ergonomisch geformte Sportrucksack verf\u00fcgt \u00fcber einen doppelt verst\u00e4rkten Schultergurt und eine spezielle Handschlaufe. Die R\u00fcckseite ist gepolstert und verf\u00fcgt \u00fcber eine Fronttasche mit Bel\u00fcftungsnetz, die sich ideal zur Aufbewahrung von Schuhen eignet. Die Haupttasche verf\u00fcgt \u00fcber einen doppelten Rei\u00dfverschluss und eine Au\u00dfentasche vorne. Sein Gewebe ist wasserabweisend und hat ein Fassungsverm\u00f6gen von 30l.","og_url":"https:\/\/www.inverseteams.com\/de\/produkt\/rucksack-30l\/","og_site_name":"Inverseteams","article_publisher":"https:\/\/www.facebook.com\/inverseteams","article_modified_time":"2025-03-14T15:36:04+00:00","og_image":[{"width":1500,"height":1612,"url":"https:\/\/www.inverseteams.com\/wp-content\/uploads\/MOCHILA-30L-1.jpg","type":"image\/jpeg"}],"twitter_card":"summary_large_image","twitter_misc":{"Gesch\u00e4tzte Lesezeit":"1\u00a0Minute"},"schema":{"@context":"https:\/\/schema.org","@graph":[{"@type":"WebPage","@id":"https:\/\/www.inverseteams.com\/de\/produkt\/rucksack-30l\/","url":"https:\/\/www.inverseteams.com\/de\/produkt\/rucksack-30l\/","name":"Rucksack 30L SC88-C | Inverseteams","isPartOf":{"@id":"https:\/\/www.inverseteams.com\/de\/#website"},"primaryImageOfPage":{"@id":"https:\/\/www.inverseteams.com\/de\/produkt\/rucksack-30l\/#primaryimage"},"image":{"@id":"https:\/\/www.inverseteams.com\/de\/produkt\/rucksack-30l\/#primaryimage"},"thumbnailUrl":"https:\/\/www.inverseteams.com\/wp-content\/uploads\/MOCHILA-30L-1.jpg","datePublished":"2025-03-07T10:46:24+00:00","dateModified":"2025-03-14T15:36:04+00:00","description":"Erh\u00e4ltlich in 4 Farben: Schwarz, Rot, Navy Blau und Royal Blau. Das Vereinswappen ist in DTF gedruckt. Dieser ergonomisch geformte Sportrucksack verf\u00fcgt \u00fcber einen doppelt verst\u00e4rkten Schultergurt und eine spezielle Handschlaufe. Die R\u00fcckseite ist gepolstert und verf\u00fcgt \u00fcber eine Fronttasche mit Bel\u00fcftungsnetz, die sich ideal zur Aufbewahrung von Schuhen eignet. Die Haupttasche verf\u00fcgt \u00fcber einen doppelten Rei\u00dfverschluss und eine Au\u00dfentasche vorne. Sein Gewebe ist wasserabweisend und hat ein Fassungsverm\u00f6gen von 30l.","breadcrumb":{"@id":"https:\/\/www.inverseteams.com\/de\/produkt\/rucksack-30l\/#breadcrumb"},"inLanguage":"de","potentialAction":[{"@type":"ReadAction","target":["https:\/\/www.inverseteams.com\/de\/produkt\/rucksack-30l\/"]}]},{"@type":"ImageObject","inLanguage":"de","@id":"https:\/\/www.inverseteams.com\/de\/produkt\/rucksack-30l\/#primaryimage","url":"https:\/\/www.inverseteams.com\/wp-content\/uploads\/MOCHILA-30L-1.jpg","contentUrl":"https:\/\/www.inverseteams.com\/wp-content\/uploads\/MOCHILA-30L-1.jpg","width":1500,"height":1612},{"@type":"BreadcrumbList","@id":"https:\/\/www.inverseteams.com\/de\/produkt\/rucksack-30l\/#breadcrumb","itemListElement":[{"@type":"ListItem","position":1,"name":"Portada","item":"https:\/\/www.inverseteams.com\/de\/"},{"@type":"ListItem","position":2,"name":"Speichern","item":"https:\/\/www.inverseteams.com\/de\/speichern\/"},{"@type":"ListItem","position":3,"name":"Rucksack 30L SC88-C"}]},{"@type":"WebSite","@id":"https:\/\/www.inverseteams.com\/de\/#website","url":"https:\/\/www.inverseteams.com\/de\/","name":"Inverseteams","description":"Tu marca de ropa deportiva personalizada","publisher":{"@id":"https:\/\/www.inverseteams.com\/de\/#organization"},"potentialAction":[{"@type":"SearchAction","target":{"@type":"EntryPoint","urlTemplate":"https:\/\/www.inverseteams.com\/de\/?s={search_term_string}"},"query-input":{"@type":"PropertyValueSpecification","valueRequired":true,"valueName":"search_term_string"}}],"inLanguage":"de"},{"@type":"Organization","@id":"https:\/\/www.inverseteams.com\/de\/#organization","name":"Inverse Teams","url":"https:\/\/www.inverseteams.com\/de\/","logo":{"@type":"ImageObject","inLanguage":"de","@id":"https:\/\/www.inverseteams.com\/de\/#\/schema\/logo\/image\/","url":"https:\/\/www.inverseteams.com\/wp-content\/uploads\/2021\/03\/logo-inverse-teams.png","contentUrl":"https:\/\/www.inverseteams.com\/wp-content\/uploads\/2021\/03\/logo-inverse-teams.png","width":294,"height":99,"caption":"Inverse Teams"},"image":{"@id":"https:\/\/www.inverseteams.com\/de\/#\/schema\/logo\/image\/"},"sameAs":["https:\/\/www.facebook.com\/inverseteams","http:\/\/instagram.com\/inverseteams","https:\/\/www.linkedin.com\/company\/inverse-cirosport-s-l-?trk=job_view_topcard_company_name","http:\/\/www.pinterest.com\/inverseteams\/","http:\/\/www.youtube.com\/user\/inverseteams?feature=watch"]}]}},"_links":{"self":[{"href":"https:\/\/www.inverseteams.com\/de\/wp-json\/wp\/v2\/product\/248122","targetHints":{"allow":["GET"]}}],"collection":[{"href":"https:\/\/www.inverseteams.com\/de\/wp-json\/wp\/v2\/product"}],"about":[{"href":"https:\/\/www.inverseteams.com\/de\/wp-json\/wp\/v2\/types\/product"}],"replies":[{"embeddable":true,"href":"https:\/\/www.inverseteams.com\/de\/wp-json\/wp\/v2\/comments?post=248122"}],"wp:featuredmedia":[{"embeddable":true,"href":"https:\/\/www.inverseteams.com\/de\/wp-json\/wp\/v2\/media\/247421"}],"wp:attachment":[{"href":"https:\/\/www.inverseteams.com\/de\/wp-json\/wp\/v2\/media?parent=248122"}],"wp:term":[{"taxonomy":"product_brand","embeddable":true,"href":"https:\/\/www.inverseteams.com\/de\/wp-json\/wp\/v2\/product_brand?post=248122"},{"taxonomy":"product_cat","embeddable":true,"href":"https:\/\/www.inverseteams.com\/de\/wp-json\/wp\/v2\/product_cat?post=248122"},{"taxonomy":"product_tag","embeddable":true,"href":"https:\/\/www.inverseteams.com\/de\/wp-json\/wp\/v2\/product_tag?post=248122"},{"taxonomy":"custom_category","embeddable":true,"href":"https:\/\/www.inverseteams.com\/de\/wp-json\/wp\/v2\/custom_category?post=248122"},{"taxonomy":"range","embeddable":true,"href":"https:\/\/www.inverseteams.com\/de\/wp-json\/wp\/v2\/range?post=248122"}],"curies":[{"name":"wp","href":"https:\/\/api.w.org\/{rel}","templated":true}]}}