{"id":248113,"date":"2025-03-07T08:16:25","date_gmt":"2025-03-07T10:44:16","guid":{"rendered":"https:\/\/www.inverseteams.com\/?post_type=product&#038;p=248113"},"modified":"2025-03-14T14:59:59","modified_gmt":"2025-03-14T14:59:59","slug":"technische-socken-sc80","status":"publish","type":"product","link":"https:\/\/www.inverseteams.com\/de\/produkt\/technische-socken-sc80\/","title":{"rendered":"Technische Socken SC80-S"},"content":{"rendered":"<p>Erh\u00e4ltlich in 7 Farben: Schwarz, Rot, Navy Blau, Royal Blau, Wei\u00df, Gr\u00fcn und Gelb.<br \/>\nDiese Funktionsstr\u00fcmpfe sorgen f\u00fcr die n\u00f6tige Kompression ohne zu dr\u00fccken oder zu st\u00f6ren. F\u00fcr absoluten Tragekomfort verf\u00fcgen sie au\u00dferdem \u00fcber Verst\u00e4rkungen am Spann und Kn\u00f6chel. Die Fu\u00dfsohle ist mit einem gewellten Faden verbunden, der eine h\u00f6here D\u00e4mpfung gew\u00e4hrleistet.<br \/>\n85 % Polyamid und 15 % Elasthan. Sie sind elastisch und verf\u00fcgen \u00fcber ein hohes R\u00fcckstellverm\u00f6gen.<br \/>\nDiese technischen Fu\u00dfballsocken sind perfekt, um sowohl im Training als auch im Spiel H\u00f6chstleistungen zu erzielen.<\/p>\n","protected":false},"excerpt":{"rendered":"<p>Erh\u00e4ltlich in 7 Farben: Schwarz, Rot, Navy Blau, Royal Blau, Wei\u00df, Gr\u00fcn und Gelb.<br \/>\nDiese Funktionsstr\u00fcmpfe sorgen f\u00fcr die n\u00f6tige Kompression ohne zu dr\u00fccken oder zu st\u00f6ren. F\u00fcr absoluten Tragekomfort verf\u00fcgen sie au\u00dferdem \u00fcber Verst\u00e4rkungen am Spann und Kn\u00f6chel. Die Fu\u00dfsohle ist mit einem gewellten Faden verbunden, der eine h\u00f6here D\u00e4mpfung gew\u00e4hrleistet.<br \/>\n85 % Polyamid und 15 % Elasthan. Sie sind elastisch und verf\u00fcgen \u00fcber ein hohes R\u00fcckstellverm\u00f6gen.<br \/>\nDiese technischen Fu\u00dfballsocken sind perfekt, um sowohl im Training als auch im Spiel H\u00f6chstleistungen zu erzielen.<\/p>\n","protected":false},"featured_media":247396,"comment_status":"closed","ping_status":"closed","template":"","meta":{"_acf_changed":false},"product_brand":[],"product_cat":[11218],"product_tag":[],"custom_category":[15161,15164],"range":[15136,15151],"class_list":{"0":"post-248113","1":"product","2":"type-product","3":"status-publish","4":"has-post-thumbnail","6":"product_cat-uncategorized-de","7":"pa_climatologia-frio-de","8":"pa_climatologia-temperatura-templada-de","9":"pa_climatologia-calor-de","10":"pa_genero-unisex-de","11":"pa_tipo-de-prenda-calcetin-de","12":"custom_category-mannschaftssport","13":"custom_category-fussball","14":"range-competition","15":"range-accessoires-de","17":"first","18":"instock","19":"product-type-custom"},"acf":[],"yoast_head":"<!-- This site is optimized with the Yoast SEO plugin v27.5 - https:\/\/yoast.com\/product\/yoast-seo-wordpress\/ -->\n<title>Technische Socken SC80-S | Inverseteams<\/title>\n<meta name=\"description\" content=\"Erh\u00e4ltlich in 7 Farben: Schwarz, Rot, Navy Blau, Royal Blau, Wei\u00df, Gr\u00fcn und Gelb. Diese Funktionsstr\u00fcmpfe sorgen f\u00fcr die n\u00f6tige Kompression ohne zu dr\u00fccken oder zu st\u00f6ren. F\u00fcr absoluten Tragekomfort verf\u00fcgen sie au\u00dferdem \u00fcber Verst\u00e4rkungen am Spann und Kn\u00f6chel. Die Fu\u00dfsohle ist mit einem gewellten Faden verbunden, der eine h\u00f6here D\u00e4mpfung gew\u00e4hrleistet. 85 % Polyamid und 15 % Elasthan. Sie sind elastisch und verf\u00fcgen \u00fcber ein hohes R\u00fcckstellverm\u00f6gen. Diese technischen Fu\u00dfballsocken sind perfekt, um sowohl im Training als auch im Spiel H\u00f6chstleistungen zu erzielen.\" \/>\n<meta name=\"robots\" content=\"index, follow, max-snippet:-1, max-image-preview:large, max-video-preview:-1\" \/>\n<link rel=\"canonical\" href=\"https:\/\/www.inverseteams.com\/de\/produkt\/technische-socken-sc80\/\" \/>\n<meta property=\"og:locale\" content=\"de_DE\" \/>\n<meta property=\"og:type\" content=\"article\" \/>\n<meta property=\"og:title\" content=\"Technische Socken SC80-S | Inverseteams\" \/>\n<meta property=\"og:description\" content=\"Erh\u00e4ltlich in 7 Farben: Schwarz, Rot, Navy Blau, Royal Blau, Wei\u00df, Gr\u00fcn und Gelb. Diese Funktionsstr\u00fcmpfe sorgen f\u00fcr die n\u00f6tige Kompression ohne zu dr\u00fccken oder zu st\u00f6ren. F\u00fcr absoluten Tragekomfort verf\u00fcgen sie au\u00dferdem \u00fcber Verst\u00e4rkungen am Spann und Kn\u00f6chel. Die Fu\u00dfsohle ist mit einem gewellten Faden verbunden, der eine h\u00f6here D\u00e4mpfung gew\u00e4hrleistet. 85 % Polyamid und 15 % Elasthan. Sie sind elastisch und verf\u00fcgen \u00fcber ein hohes R\u00fcckstellverm\u00f6gen. Diese technischen Fu\u00dfballsocken sind perfekt, um sowohl im Training als auch im Spiel H\u00f6chstleistungen zu erzielen.\" \/>\n<meta property=\"og:url\" content=\"https:\/\/www.inverseteams.com\/de\/produkt\/technische-socken-sc80\/\" \/>\n<meta property=\"og:site_name\" content=\"Inverseteams\" \/>\n<meta property=\"article:publisher\" content=\"https:\/\/www.facebook.com\/inverseteams\" \/>\n<meta property=\"article:modified_time\" content=\"2025-03-14T14:59:59+00:00\" \/>\n<meta property=\"og:image\" content=\"https:\/\/www.inverseteams.com\/wp-content\/uploads\/MEDIAS-TECNICAS-FUTBOL-SC80-1.jpg\" \/>\n\t<meta property=\"og:image:width\" content=\"1500\" \/>\n\t<meta property=\"og:image:height\" content=\"1612\" \/>\n\t<meta property=\"og:image:type\" content=\"image\/jpeg\" \/>\n<meta name=\"twitter:card\" content=\"summary_large_image\" \/>\n<meta name=\"twitter:label1\" content=\"Gesch\u00e4tzte Lesezeit\" \/>\n\t<meta name=\"twitter:data1\" content=\"1\u00a0Minute\" \/>\n<script type=\"application\/ld+json\" class=\"yoast-schema-graph\">{\"@context\":\"https:\\\/\\\/schema.org\",\"@graph\":[{\"@type\":\"WebPage\",\"@id\":\"https:\\\/\\\/www.inverseteams.com\\\/de\\\/produkt\\\/technische-socken-sc80\\\/\",\"url\":\"https:\\\/\\\/www.inverseteams.com\\\/de\\\/produkt\\\/technische-socken-sc80\\\/\",\"name\":\"Technische Socken SC80-S | Inverseteams\",\"isPartOf\":{\"@id\":\"https:\\\/\\\/www.inverseteams.com\\\/de\\\/#website\"},\"primaryImageOfPage\":{\"@id\":\"https:\\\/\\\/www.inverseteams.com\\\/de\\\/produkt\\\/technische-socken-sc80\\\/#primaryimage\"},\"image\":{\"@id\":\"https:\\\/\\\/www.inverseteams.com\\\/de\\\/produkt\\\/technische-socken-sc80\\\/#primaryimage\"},\"thumbnailUrl\":\"https:\\\/\\\/www.inverseteams.com\\\/wp-content\\\/uploads\\\/MEDIAS-TECNICAS-FUTBOL-SC80-1.jpg\",\"datePublished\":\"2025-03-07T10:44:16+00:00\",\"dateModified\":\"2025-03-14T14:59:59+00:00\",\"description\":\"Erh\u00e4ltlich in 7 Farben: Schwarz, Rot, Navy Blau, Royal Blau, Wei\u00df, Gr\u00fcn und Gelb. Diese Funktionsstr\u00fcmpfe sorgen f\u00fcr die n\u00f6tige Kompression ohne zu dr\u00fccken oder zu st\u00f6ren. F\u00fcr absoluten Tragekomfort verf\u00fcgen sie au\u00dferdem \u00fcber Verst\u00e4rkungen am Spann und Kn\u00f6chel. Die Fu\u00dfsohle ist mit einem gewellten Faden verbunden, der eine h\u00f6here D\u00e4mpfung gew\u00e4hrleistet. 85 % Polyamid und 15 % Elasthan. Sie sind elastisch und verf\u00fcgen \u00fcber ein hohes R\u00fcckstellverm\u00f6gen. Diese technischen Fu\u00dfballsocken sind perfekt, um sowohl im Training als auch im Spiel H\u00f6chstleistungen zu erzielen.\",\"breadcrumb\":{\"@id\":\"https:\\\/\\\/www.inverseteams.com\\\/de\\\/produkt\\\/technische-socken-sc80\\\/#breadcrumb\"},\"inLanguage\":\"de\",\"potentialAction\":[{\"@type\":\"ReadAction\",\"target\":[\"https:\\\/\\\/www.inverseteams.com\\\/de\\\/produkt\\\/technische-socken-sc80\\\/\"]}]},{\"@type\":\"ImageObject\",\"inLanguage\":\"de\",\"@id\":\"https:\\\/\\\/www.inverseteams.com\\\/de\\\/produkt\\\/technische-socken-sc80\\\/#primaryimage\",\"url\":\"https:\\\/\\\/www.inverseteams.com\\\/wp-content\\\/uploads\\\/MEDIAS-TECNICAS-FUTBOL-SC80-1.jpg\",\"contentUrl\":\"https:\\\/\\\/www.inverseteams.com\\\/wp-content\\\/uploads\\\/MEDIAS-TECNICAS-FUTBOL-SC80-1.jpg\",\"width\":1500,\"height\":1612},{\"@type\":\"BreadcrumbList\",\"@id\":\"https:\\\/\\\/www.inverseteams.com\\\/de\\\/produkt\\\/technische-socken-sc80\\\/#breadcrumb\",\"itemListElement\":[{\"@type\":\"ListItem\",\"position\":1,\"name\":\"Portada\",\"item\":\"https:\\\/\\\/www.inverseteams.com\\\/de\\\/\"},{\"@type\":\"ListItem\",\"position\":2,\"name\":\"Speichern\",\"item\":\"https:\\\/\\\/www.inverseteams.com\\\/de\\\/speichern\\\/\"},{\"@type\":\"ListItem\",\"position\":3,\"name\":\"Technische Socken SC80-S\"}]},{\"@type\":\"WebSite\",\"@id\":\"https:\\\/\\\/www.inverseteams.com\\\/de\\\/#website\",\"url\":\"https:\\\/\\\/www.inverseteams.com\\\/de\\\/\",\"name\":\"Inverseteams\",\"description\":\"Tu marca de ropa deportiva personalizada\",\"publisher\":{\"@id\":\"https:\\\/\\\/www.inverseteams.com\\\/de\\\/#organization\"},\"potentialAction\":[{\"@type\":\"SearchAction\",\"target\":{\"@type\":\"EntryPoint\",\"urlTemplate\":\"https:\\\/\\\/www.inverseteams.com\\\/de\\\/?s={search_term_string}\"},\"query-input\":{\"@type\":\"PropertyValueSpecification\",\"valueRequired\":true,\"valueName\":\"search_term_string\"}}],\"inLanguage\":\"de\"},{\"@type\":\"Organization\",\"@id\":\"https:\\\/\\\/www.inverseteams.com\\\/de\\\/#organization\",\"name\":\"Inverse Teams\",\"url\":\"https:\\\/\\\/www.inverseteams.com\\\/de\\\/\",\"logo\":{\"@type\":\"ImageObject\",\"inLanguage\":\"de\",\"@id\":\"https:\\\/\\\/www.inverseteams.com\\\/de\\\/#\\\/schema\\\/logo\\\/image\\\/\",\"url\":\"https:\\\/\\\/www.inverseteams.com\\\/wp-content\\\/uploads\\\/2021\\\/03\\\/logo-inverse-teams.png\",\"contentUrl\":\"https:\\\/\\\/www.inverseteams.com\\\/wp-content\\\/uploads\\\/2021\\\/03\\\/logo-inverse-teams.png\",\"width\":294,\"height\":99,\"caption\":\"Inverse Teams\"},\"image\":{\"@id\":\"https:\\\/\\\/www.inverseteams.com\\\/de\\\/#\\\/schema\\\/logo\\\/image\\\/\"},\"sameAs\":[\"https:\\\/\\\/www.facebook.com\\\/inverseteams\",\"http:\\\/\\\/instagram.com\\\/inverseteams\",\"https:\\\/\\\/www.linkedin.com\\\/company\\\/inverse-cirosport-s-l-?trk=job_view_topcard_company_name\",\"http:\\\/\\\/www.pinterest.com\\\/inverseteams\\\/\",\"http:\\\/\\\/www.youtube.com\\\/user\\\/inverseteams?feature=watch\"]}]}<\/script>\n<!-- \/ Yoast SEO plugin. -->","yoast_head_json":{"title":"Technische Socken SC80-S | Inverseteams","description":"Erh\u00e4ltlich in 7 Farben: Schwarz, Rot, Navy Blau, Royal Blau, Wei\u00df, Gr\u00fcn und Gelb. Diese Funktionsstr\u00fcmpfe sorgen f\u00fcr die n\u00f6tige Kompression ohne zu dr\u00fccken oder zu st\u00f6ren. F\u00fcr absoluten Tragekomfort verf\u00fcgen sie au\u00dferdem \u00fcber Verst\u00e4rkungen am Spann und Kn\u00f6chel. Die Fu\u00dfsohle ist mit einem gewellten Faden verbunden, der eine h\u00f6here D\u00e4mpfung gew\u00e4hrleistet. 85 % Polyamid und 15 % Elasthan. Sie sind elastisch und verf\u00fcgen \u00fcber ein hohes R\u00fcckstellverm\u00f6gen. Diese technischen Fu\u00dfballsocken sind perfekt, um sowohl im Training als auch im Spiel H\u00f6chstleistungen zu erzielen.","robots":{"index":"index","follow":"follow","max-snippet":"max-snippet:-1","max-image-preview":"max-image-preview:large","max-video-preview":"max-video-preview:-1"},"canonical":"https:\/\/www.inverseteams.com\/de\/produkt\/technische-socken-sc80\/","og_locale":"de_DE","og_type":"article","og_title":"Technische Socken SC80-S | Inverseteams","og_description":"Erh\u00e4ltlich in 7 Farben: Schwarz, Rot, Navy Blau, Royal Blau, Wei\u00df, Gr\u00fcn und Gelb. Diese Funktionsstr\u00fcmpfe sorgen f\u00fcr die n\u00f6tige Kompression ohne zu dr\u00fccken oder zu st\u00f6ren. F\u00fcr absoluten Tragekomfort verf\u00fcgen sie au\u00dferdem \u00fcber Verst\u00e4rkungen am Spann und Kn\u00f6chel. Die Fu\u00dfsohle ist mit einem gewellten Faden verbunden, der eine h\u00f6here D\u00e4mpfung gew\u00e4hrleistet. 85 % Polyamid und 15 % Elasthan. Sie sind elastisch und verf\u00fcgen \u00fcber ein hohes R\u00fcckstellverm\u00f6gen. Diese technischen Fu\u00dfballsocken sind perfekt, um sowohl im Training als auch im Spiel H\u00f6chstleistungen zu erzielen.","og_url":"https:\/\/www.inverseteams.com\/de\/produkt\/technische-socken-sc80\/","og_site_name":"Inverseteams","article_publisher":"https:\/\/www.facebook.com\/inverseteams","article_modified_time":"2025-03-14T14:59:59+00:00","og_image":[{"width":1500,"height":1612,"url":"https:\/\/www.inverseteams.com\/wp-content\/uploads\/MEDIAS-TECNICAS-FUTBOL-SC80-1.jpg","type":"image\/jpeg"}],"twitter_card":"summary_large_image","twitter_misc":{"Gesch\u00e4tzte Lesezeit":"1\u00a0Minute"},"schema":{"@context":"https:\/\/schema.org","@graph":[{"@type":"WebPage","@id":"https:\/\/www.inverseteams.com\/de\/produkt\/technische-socken-sc80\/","url":"https:\/\/www.inverseteams.com\/de\/produkt\/technische-socken-sc80\/","name":"Technische Socken SC80-S | Inverseteams","isPartOf":{"@id":"https:\/\/www.inverseteams.com\/de\/#website"},"primaryImageOfPage":{"@id":"https:\/\/www.inverseteams.com\/de\/produkt\/technische-socken-sc80\/#primaryimage"},"image":{"@id":"https:\/\/www.inverseteams.com\/de\/produkt\/technische-socken-sc80\/#primaryimage"},"thumbnailUrl":"https:\/\/www.inverseteams.com\/wp-content\/uploads\/MEDIAS-TECNICAS-FUTBOL-SC80-1.jpg","datePublished":"2025-03-07T10:44:16+00:00","dateModified":"2025-03-14T14:59:59+00:00","description":"Erh\u00e4ltlich in 7 Farben: Schwarz, Rot, Navy Blau, Royal Blau, Wei\u00df, Gr\u00fcn und Gelb. Diese Funktionsstr\u00fcmpfe sorgen f\u00fcr die n\u00f6tige Kompression ohne zu dr\u00fccken oder zu st\u00f6ren. F\u00fcr absoluten Tragekomfort verf\u00fcgen sie au\u00dferdem \u00fcber Verst\u00e4rkungen am Spann und Kn\u00f6chel. Die Fu\u00dfsohle ist mit einem gewellten Faden verbunden, der eine h\u00f6here D\u00e4mpfung gew\u00e4hrleistet. 85 % Polyamid und 15 % Elasthan. Sie sind elastisch und verf\u00fcgen \u00fcber ein hohes R\u00fcckstellverm\u00f6gen. Diese technischen Fu\u00dfballsocken sind perfekt, um sowohl im Training als auch im Spiel H\u00f6chstleistungen zu erzielen.","breadcrumb":{"@id":"https:\/\/www.inverseteams.com\/de\/produkt\/technische-socken-sc80\/#breadcrumb"},"inLanguage":"de","potentialAction":[{"@type":"ReadAction","target":["https:\/\/www.inverseteams.com\/de\/produkt\/technische-socken-sc80\/"]}]},{"@type":"ImageObject","inLanguage":"de","@id":"https:\/\/www.inverseteams.com\/de\/produkt\/technische-socken-sc80\/#primaryimage","url":"https:\/\/www.inverseteams.com\/wp-content\/uploads\/MEDIAS-TECNICAS-FUTBOL-SC80-1.jpg","contentUrl":"https:\/\/www.inverseteams.com\/wp-content\/uploads\/MEDIAS-TECNICAS-FUTBOL-SC80-1.jpg","width":1500,"height":1612},{"@type":"BreadcrumbList","@id":"https:\/\/www.inverseteams.com\/de\/produkt\/technische-socken-sc80\/#breadcrumb","itemListElement":[{"@type":"ListItem","position":1,"name":"Portada","item":"https:\/\/www.inverseteams.com\/de\/"},{"@type":"ListItem","position":2,"name":"Speichern","item":"https:\/\/www.inverseteams.com\/de\/speichern\/"},{"@type":"ListItem","position":3,"name":"Technische Socken SC80-S"}]},{"@type":"WebSite","@id":"https:\/\/www.inverseteams.com\/de\/#website","url":"https:\/\/www.inverseteams.com\/de\/","name":"Inverseteams","description":"Tu marca de ropa deportiva personalizada","publisher":{"@id":"https:\/\/www.inverseteams.com\/de\/#organization"},"potentialAction":[{"@type":"SearchAction","target":{"@type":"EntryPoint","urlTemplate":"https:\/\/www.inverseteams.com\/de\/?s={search_term_string}"},"query-input":{"@type":"PropertyValueSpecification","valueRequired":true,"valueName":"search_term_string"}}],"inLanguage":"de"},{"@type":"Organization","@id":"https:\/\/www.inverseteams.com\/de\/#organization","name":"Inverse Teams","url":"https:\/\/www.inverseteams.com\/de\/","logo":{"@type":"ImageObject","inLanguage":"de","@id":"https:\/\/www.inverseteams.com\/de\/#\/schema\/logo\/image\/","url":"https:\/\/www.inverseteams.com\/wp-content\/uploads\/2021\/03\/logo-inverse-teams.png","contentUrl":"https:\/\/www.inverseteams.com\/wp-content\/uploads\/2021\/03\/logo-inverse-teams.png","width":294,"height":99,"caption":"Inverse Teams"},"image":{"@id":"https:\/\/www.inverseteams.com\/de\/#\/schema\/logo\/image\/"},"sameAs":["https:\/\/www.facebook.com\/inverseteams","http:\/\/instagram.com\/inverseteams","https:\/\/www.linkedin.com\/company\/inverse-cirosport-s-l-?trk=job_view_topcard_company_name","http:\/\/www.pinterest.com\/inverseteams\/","http:\/\/www.youtube.com\/user\/inverseteams?feature=watch"]}]}},"_links":{"self":[{"href":"https:\/\/www.inverseteams.com\/de\/wp-json\/wp\/v2\/product\/248113","targetHints":{"allow":["GET"]}}],"collection":[{"href":"https:\/\/www.inverseteams.com\/de\/wp-json\/wp\/v2\/product"}],"about":[{"href":"https:\/\/www.inverseteams.com\/de\/wp-json\/wp\/v2\/types\/product"}],"replies":[{"embeddable":true,"href":"https:\/\/www.inverseteams.com\/de\/wp-json\/wp\/v2\/comments?post=248113"}],"wp:featuredmedia":[{"embeddable":true,"href":"https:\/\/www.inverseteams.com\/de\/wp-json\/wp\/v2\/media\/247396"}],"wp:attachment":[{"href":"https:\/\/www.inverseteams.com\/de\/wp-json\/wp\/v2\/media?parent=248113"}],"wp:term":[{"taxonomy":"product_brand","embeddable":true,"href":"https:\/\/www.inverseteams.com\/de\/wp-json\/wp\/v2\/product_brand?post=248113"},{"taxonomy":"product_cat","embeddable":true,"href":"https:\/\/www.inverseteams.com\/de\/wp-json\/wp\/v2\/product_cat?post=248113"},{"taxonomy":"product_tag","embeddable":true,"href":"https:\/\/www.inverseteams.com\/de\/wp-json\/wp\/v2\/product_tag?post=248113"},{"taxonomy":"custom_category","embeddable":true,"href":"https:\/\/www.inverseteams.com\/de\/wp-json\/wp\/v2\/custom_category?post=248113"},{"taxonomy":"range","embeddable":true,"href":"https:\/\/www.inverseteams.com\/de\/wp-json\/wp\/v2\/range?post=248113"}],"curies":[{"name":"wp","href":"https:\/\/api.w.org\/{rel}","templated":true}]}}