{"id":248097,"date":"2025-03-07T08:12:31","date_gmt":"2025-03-07T10:40:03","guid":{"rendered":"https:\/\/www.inverseteams.com\/?post_type=product&#038;p=248097"},"modified":"2025-03-19T16:20:47","modified_gmt":"2025-03-19T16:20:47","slug":"trikot-sf40","status":"publish","type":"product","link":"https:\/\/www.inverseteams.com\/de\/produkt\/trikot-sf40\/","title":{"rendered":"Trikot SF40-C"},"content":{"rendered":"<p>Erh\u00e4ltlich in 6 Farben: Schwarz, Wei\u00df, Rot, Navy Blau, Royal Balu und Gr\u00fcn. Das Vereinswappen ist in DTF gedruckt<br \/>\nHergestellt aus einem strapazierf\u00e4higen Interlock-Stoff mit einer weichen und sehr angenehmen Haptik. Es garantiert absoluten Komfort w\u00e4hrend des gesamten Trainings, da es f\u00fcr gute Atmungsaktivit\u00e4t sorgt. Bei k\u00f6rperlicher Anstrengung bleibt die Haut trocken und k\u00fchl.<br \/>\nDer Schnitt dieses Fu\u00dfballtrikots ist speziell darauf ausgelegt, hervorragende Bewegungsfreiheit und eine ergonomische Passform zu bieten, die die Leistung optimiert. Dar\u00fcber hinaus verf\u00fcgt die Innenseite des Rundhalsausschnitts \u00fcber eine sehr weiche Nahtabdeckung, die jegliche Art von Reibung oder Unbehagen verhindert.<\/p>\n","protected":false},"excerpt":{"rendered":"<p>Erh\u00e4ltlich in 6 Farben: Schwarz, Wei\u00df, Rot, Navy Blau, Royal Balu und Gr\u00fcn. Das Vereinswappen ist in DTF gedruckt<br \/>\nHergestellt aus einem strapazierf\u00e4higen Interlock-Stoff mit einer weichen und sehr angenehmen Haptik. Es garantiert absoluten Komfort w\u00e4hrend des gesamten Trainings, da es f\u00fcr gute Atmungsaktivit\u00e4t sorgt. Bei k\u00f6rperlicher Anstrengung bleibt die Haut trocken und k\u00fchl.<br \/>\nDer Schnitt dieses Fu\u00dfballtrikots ist speziell darauf ausgelegt, hervorragende Bewegungsfreiheit und eine ergonomische Passform zu bieten, die die Leistung optimiert. Dar\u00fcber hinaus verf\u00fcgt die Innenseite des Rundhalsausschnitts \u00fcber eine sehr weiche Nahtabdeckung, die jegliche Art von Reibung oder Unbehagen verhindert.<\/p>\n","protected":false},"featured_media":247080,"comment_status":"closed","ping_status":"open","template":"","meta":{"_acf_changed":false},"product_brand":[],"product_cat":[11218],"product_tag":[],"custom_category":[15161,15164],"range":[15141],"class_list":{"0":"post-248097","1":"product","2":"type-product","3":"status-publish","4":"has-post-thumbnail","6":"product_cat-uncategorized-de","7":"pa_climatologia-temperatura-templada-de","8":"pa_climatologia-calor-de","9":"pa_genero-infantil-de","10":"pa_genero-unisex-de","11":"pa_patronaje-regular-de","12":"pa_tipo-de-prenda-camiseta-de","13":"custom_category-mannschaftssport","14":"custom_category-fussball","15":"range-train","17":"first","18":"instock","19":"product-type-custom"},"acf":[],"yoast_head":"<!-- This site is optimized with the Yoast SEO plugin v27.3 - https:\/\/yoast.com\/product\/yoast-seo-wordpress\/ -->\n<title>Trikot SF40-C | Inverseteams<\/title>\n<meta name=\"description\" content=\"Erh\u00e4ltlich in 6 Farben: Schwarz, Wei\u00df, Rot, Navy Blau, Royal Balu und Gr\u00fcn. Das Vereinswappen ist in DTF gedruckt Hergestellt aus einem strapazierf\u00e4higen Interlock-Stoff mit einer weichen und sehr angenehmen Haptik. Es garantiert absoluten Komfort w\u00e4hrend des gesamten Trainings, da es f\u00fcr gute Atmungsaktivit\u00e4t sorgt. Bei k\u00f6rperlicher Anstrengung bleibt die Haut trocken und k\u00fchl. Der Schnitt dieses Fu\u00dfballtrikots ist speziell darauf ausgelegt, hervorragende Bewegungsfreiheit und eine ergonomische Passform zu bieten, die die Leistung optimiert. Dar\u00fcber hinaus verf\u00fcgt die Innenseite des Rundhalsausschnitts \u00fcber eine sehr weiche Nahtabdeckung, die jegliche Art von Reibung oder Unbehagen verhindert.\" \/>\n<meta name=\"robots\" content=\"index, follow, max-snippet:-1, max-image-preview:large, max-video-preview:-1\" \/>\n<link rel=\"canonical\" href=\"https:\/\/www.inverseteams.com\/de\/produkt\/trikot-sf40\/\" \/>\n<meta property=\"og:locale\" content=\"de_DE\" \/>\n<meta property=\"og:type\" content=\"article\" \/>\n<meta property=\"og:title\" content=\"Trikot SF40-C | Inverseteams\" \/>\n<meta property=\"og:description\" content=\"Erh\u00e4ltlich in 6 Farben: Schwarz, Wei\u00df, Rot, Navy Blau, Royal Balu und Gr\u00fcn. Das Vereinswappen ist in DTF gedruckt Hergestellt aus einem strapazierf\u00e4higen Interlock-Stoff mit einer weichen und sehr angenehmen Haptik. Es garantiert absoluten Komfort w\u00e4hrend des gesamten Trainings, da es f\u00fcr gute Atmungsaktivit\u00e4t sorgt. Bei k\u00f6rperlicher Anstrengung bleibt die Haut trocken und k\u00fchl. Der Schnitt dieses Fu\u00dfballtrikots ist speziell darauf ausgelegt, hervorragende Bewegungsfreiheit und eine ergonomische Passform zu bieten, die die Leistung optimiert. Dar\u00fcber hinaus verf\u00fcgt die Innenseite des Rundhalsausschnitts \u00fcber eine sehr weiche Nahtabdeckung, die jegliche Art von Reibung oder Unbehagen verhindert.\" \/>\n<meta property=\"og:url\" content=\"https:\/\/www.inverseteams.com\/de\/produkt\/trikot-sf40\/\" \/>\n<meta property=\"og:site_name\" content=\"Inverseteams\" \/>\n<meta property=\"article:publisher\" content=\"https:\/\/www.facebook.com\/inverseteams\" \/>\n<meta property=\"article:modified_time\" content=\"2025-03-19T16:20:47+00:00\" \/>\n<meta property=\"og:image\" content=\"https:\/\/www.inverseteams.com\/wp-content\/uploads\/CAMISETA-ENTRENO-FUTBOL-SF40-1.jpg\" \/>\n\t<meta property=\"og:image:width\" content=\"1500\" \/>\n\t<meta property=\"og:image:height\" content=\"1612\" \/>\n\t<meta property=\"og:image:type\" content=\"image\/jpeg\" \/>\n<meta name=\"twitter:card\" content=\"summary_large_image\" \/>\n<meta name=\"twitter:label1\" content=\"Gesch\u00e4tzte Lesezeit\" \/>\n\t<meta name=\"twitter:data1\" content=\"1\u00a0Minute\" \/>\n<script type=\"application\/ld+json\" class=\"yoast-schema-graph\">{\"@context\":\"https:\\\/\\\/schema.org\",\"@graph\":[{\"@type\":\"WebPage\",\"@id\":\"https:\\\/\\\/www.inverseteams.com\\\/de\\\/produkt\\\/trikot-sf40\\\/\",\"url\":\"https:\\\/\\\/www.inverseteams.com\\\/de\\\/produkt\\\/trikot-sf40\\\/\",\"name\":\"Trikot SF40-C | Inverseteams\",\"isPartOf\":{\"@id\":\"https:\\\/\\\/www.inverseteams.com\\\/de\\\/#website\"},\"primaryImageOfPage\":{\"@id\":\"https:\\\/\\\/www.inverseteams.com\\\/de\\\/produkt\\\/trikot-sf40\\\/#primaryimage\"},\"image\":{\"@id\":\"https:\\\/\\\/www.inverseteams.com\\\/de\\\/produkt\\\/trikot-sf40\\\/#primaryimage\"},\"thumbnailUrl\":\"https:\\\/\\\/www.inverseteams.com\\\/wp-content\\\/uploads\\\/CAMISETA-ENTRENO-FUTBOL-SF40-1.jpg\",\"datePublished\":\"2025-03-07T10:40:03+00:00\",\"dateModified\":\"2025-03-19T16:20:47+00:00\",\"description\":\"Erh\u00e4ltlich in 6 Farben: Schwarz, Wei\u00df, Rot, Navy Blau, Royal Balu und Gr\u00fcn. Das Vereinswappen ist in DTF gedruckt Hergestellt aus einem strapazierf\u00e4higen Interlock-Stoff mit einer weichen und sehr angenehmen Haptik. Es garantiert absoluten Komfort w\u00e4hrend des gesamten Trainings, da es f\u00fcr gute Atmungsaktivit\u00e4t sorgt. Bei k\u00f6rperlicher Anstrengung bleibt die Haut trocken und k\u00fchl. Der Schnitt dieses Fu\u00dfballtrikots ist speziell darauf ausgelegt, hervorragende Bewegungsfreiheit und eine ergonomische Passform zu bieten, die die Leistung optimiert. Dar\u00fcber hinaus verf\u00fcgt die Innenseite des Rundhalsausschnitts \u00fcber eine sehr weiche Nahtabdeckung, die jegliche Art von Reibung oder Unbehagen verhindert.\",\"breadcrumb\":{\"@id\":\"https:\\\/\\\/www.inverseteams.com\\\/de\\\/produkt\\\/trikot-sf40\\\/#breadcrumb\"},\"inLanguage\":\"de\",\"potentialAction\":[{\"@type\":\"ReadAction\",\"target\":[\"https:\\\/\\\/www.inverseteams.com\\\/de\\\/produkt\\\/trikot-sf40\\\/\"]}]},{\"@type\":\"ImageObject\",\"inLanguage\":\"de\",\"@id\":\"https:\\\/\\\/www.inverseteams.com\\\/de\\\/produkt\\\/trikot-sf40\\\/#primaryimage\",\"url\":\"https:\\\/\\\/www.inverseteams.com\\\/wp-content\\\/uploads\\\/CAMISETA-ENTRENO-FUTBOL-SF40-1.jpg\",\"contentUrl\":\"https:\\\/\\\/www.inverseteams.com\\\/wp-content\\\/uploads\\\/CAMISETA-ENTRENO-FUTBOL-SF40-1.jpg\",\"width\":1500,\"height\":1612},{\"@type\":\"BreadcrumbList\",\"@id\":\"https:\\\/\\\/www.inverseteams.com\\\/de\\\/produkt\\\/trikot-sf40\\\/#breadcrumb\",\"itemListElement\":[{\"@type\":\"ListItem\",\"position\":1,\"name\":\"Portada\",\"item\":\"https:\\\/\\\/www.inverseteams.com\\\/de\\\/\"},{\"@type\":\"ListItem\",\"position\":2,\"name\":\"Speichern\",\"item\":\"https:\\\/\\\/www.inverseteams.com\\\/de\\\/speichern\\\/\"},{\"@type\":\"ListItem\",\"position\":3,\"name\":\"Trikot SF40-C\"}]},{\"@type\":\"WebSite\",\"@id\":\"https:\\\/\\\/www.inverseteams.com\\\/de\\\/#website\",\"url\":\"https:\\\/\\\/www.inverseteams.com\\\/de\\\/\",\"name\":\"Inverseteams\",\"description\":\"Tu marca de ropa deportiva personalizada\",\"publisher\":{\"@id\":\"https:\\\/\\\/www.inverseteams.com\\\/de\\\/#organization\"},\"potentialAction\":[{\"@type\":\"SearchAction\",\"target\":{\"@type\":\"EntryPoint\",\"urlTemplate\":\"https:\\\/\\\/www.inverseteams.com\\\/de\\\/?s={search_term_string}\"},\"query-input\":{\"@type\":\"PropertyValueSpecification\",\"valueRequired\":true,\"valueName\":\"search_term_string\"}}],\"inLanguage\":\"de\"},{\"@type\":\"Organization\",\"@id\":\"https:\\\/\\\/www.inverseteams.com\\\/de\\\/#organization\",\"name\":\"Inverse Teams\",\"url\":\"https:\\\/\\\/www.inverseteams.com\\\/de\\\/\",\"logo\":{\"@type\":\"ImageObject\",\"inLanguage\":\"de\",\"@id\":\"https:\\\/\\\/www.inverseteams.com\\\/de\\\/#\\\/schema\\\/logo\\\/image\\\/\",\"url\":\"http:\\\/\\\/www.inverseteams.com\\\/wp-content\\\/uploads\\\/2021\\\/03\\\/logo-inverse-teams.png\",\"contentUrl\":\"http:\\\/\\\/www.inverseteams.com\\\/wp-content\\\/uploads\\\/2021\\\/03\\\/logo-inverse-teams.png\",\"width\":294,\"height\":99,\"caption\":\"Inverse Teams\"},\"image\":{\"@id\":\"https:\\\/\\\/www.inverseteams.com\\\/de\\\/#\\\/schema\\\/logo\\\/image\\\/\"},\"sameAs\":[\"https:\\\/\\\/www.facebook.com\\\/inverseteams\",\"http:\\\/\\\/instagram.com\\\/inverseteams\",\"https:\\\/\\\/www.linkedin.com\\\/company\\\/inverse-cirosport-s-l-?trk=job_view_topcard_company_name\",\"http:\\\/\\\/www.pinterest.com\\\/inverseteams\\\/\",\"http:\\\/\\\/www.youtube.com\\\/user\\\/inverseteams?feature=watch\"]}]}<\/script>\n<!-- \/ Yoast SEO plugin. -->","yoast_head_json":{"title":"Trikot SF40-C | Inverseteams","description":"Erh\u00e4ltlich in 6 Farben: Schwarz, Wei\u00df, Rot, Navy Blau, Royal Balu und Gr\u00fcn. Das Vereinswappen ist in DTF gedruckt Hergestellt aus einem strapazierf\u00e4higen Interlock-Stoff mit einer weichen und sehr angenehmen Haptik. Es garantiert absoluten Komfort w\u00e4hrend des gesamten Trainings, da es f\u00fcr gute Atmungsaktivit\u00e4t sorgt. Bei k\u00f6rperlicher Anstrengung bleibt die Haut trocken und k\u00fchl. Der Schnitt dieses Fu\u00dfballtrikots ist speziell darauf ausgelegt, hervorragende Bewegungsfreiheit und eine ergonomische Passform zu bieten, die die Leistung optimiert. Dar\u00fcber hinaus verf\u00fcgt die Innenseite des Rundhalsausschnitts \u00fcber eine sehr weiche Nahtabdeckung, die jegliche Art von Reibung oder Unbehagen verhindert.","robots":{"index":"index","follow":"follow","max-snippet":"max-snippet:-1","max-image-preview":"max-image-preview:large","max-video-preview":"max-video-preview:-1"},"canonical":"https:\/\/www.inverseteams.com\/de\/produkt\/trikot-sf40\/","og_locale":"de_DE","og_type":"article","og_title":"Trikot SF40-C | Inverseteams","og_description":"Erh\u00e4ltlich in 6 Farben: Schwarz, Wei\u00df, Rot, Navy Blau, Royal Balu und Gr\u00fcn. Das Vereinswappen ist in DTF gedruckt Hergestellt aus einem strapazierf\u00e4higen Interlock-Stoff mit einer weichen und sehr angenehmen Haptik. Es garantiert absoluten Komfort w\u00e4hrend des gesamten Trainings, da es f\u00fcr gute Atmungsaktivit\u00e4t sorgt. Bei k\u00f6rperlicher Anstrengung bleibt die Haut trocken und k\u00fchl. Der Schnitt dieses Fu\u00dfballtrikots ist speziell darauf ausgelegt, hervorragende Bewegungsfreiheit und eine ergonomische Passform zu bieten, die die Leistung optimiert. Dar\u00fcber hinaus verf\u00fcgt die Innenseite des Rundhalsausschnitts \u00fcber eine sehr weiche Nahtabdeckung, die jegliche Art von Reibung oder Unbehagen verhindert.","og_url":"https:\/\/www.inverseteams.com\/de\/produkt\/trikot-sf40\/","og_site_name":"Inverseteams","article_publisher":"https:\/\/www.facebook.com\/inverseteams","article_modified_time":"2025-03-19T16:20:47+00:00","og_image":[{"width":1500,"height":1612,"url":"https:\/\/www.inverseteams.com\/wp-content\/uploads\/CAMISETA-ENTRENO-FUTBOL-SF40-1.jpg","type":"image\/jpeg"}],"twitter_card":"summary_large_image","twitter_misc":{"Gesch\u00e4tzte Lesezeit":"1\u00a0Minute"},"schema":{"@context":"https:\/\/schema.org","@graph":[{"@type":"WebPage","@id":"https:\/\/www.inverseteams.com\/de\/produkt\/trikot-sf40\/","url":"https:\/\/www.inverseteams.com\/de\/produkt\/trikot-sf40\/","name":"Trikot SF40-C | Inverseteams","isPartOf":{"@id":"https:\/\/www.inverseteams.com\/de\/#website"},"primaryImageOfPage":{"@id":"https:\/\/www.inverseteams.com\/de\/produkt\/trikot-sf40\/#primaryimage"},"image":{"@id":"https:\/\/www.inverseteams.com\/de\/produkt\/trikot-sf40\/#primaryimage"},"thumbnailUrl":"https:\/\/www.inverseteams.com\/wp-content\/uploads\/CAMISETA-ENTRENO-FUTBOL-SF40-1.jpg","datePublished":"2025-03-07T10:40:03+00:00","dateModified":"2025-03-19T16:20:47+00:00","description":"Erh\u00e4ltlich in 6 Farben: Schwarz, Wei\u00df, Rot, Navy Blau, Royal Balu und Gr\u00fcn. Das Vereinswappen ist in DTF gedruckt Hergestellt aus einem strapazierf\u00e4higen Interlock-Stoff mit einer weichen und sehr angenehmen Haptik. Es garantiert absoluten Komfort w\u00e4hrend des gesamten Trainings, da es f\u00fcr gute Atmungsaktivit\u00e4t sorgt. Bei k\u00f6rperlicher Anstrengung bleibt die Haut trocken und k\u00fchl. Der Schnitt dieses Fu\u00dfballtrikots ist speziell darauf ausgelegt, hervorragende Bewegungsfreiheit und eine ergonomische Passform zu bieten, die die Leistung optimiert. Dar\u00fcber hinaus verf\u00fcgt die Innenseite des Rundhalsausschnitts \u00fcber eine sehr weiche Nahtabdeckung, die jegliche Art von Reibung oder Unbehagen verhindert.","breadcrumb":{"@id":"https:\/\/www.inverseteams.com\/de\/produkt\/trikot-sf40\/#breadcrumb"},"inLanguage":"de","potentialAction":[{"@type":"ReadAction","target":["https:\/\/www.inverseteams.com\/de\/produkt\/trikot-sf40\/"]}]},{"@type":"ImageObject","inLanguage":"de","@id":"https:\/\/www.inverseteams.com\/de\/produkt\/trikot-sf40\/#primaryimage","url":"https:\/\/www.inverseteams.com\/wp-content\/uploads\/CAMISETA-ENTRENO-FUTBOL-SF40-1.jpg","contentUrl":"https:\/\/www.inverseteams.com\/wp-content\/uploads\/CAMISETA-ENTRENO-FUTBOL-SF40-1.jpg","width":1500,"height":1612},{"@type":"BreadcrumbList","@id":"https:\/\/www.inverseteams.com\/de\/produkt\/trikot-sf40\/#breadcrumb","itemListElement":[{"@type":"ListItem","position":1,"name":"Portada","item":"https:\/\/www.inverseteams.com\/de\/"},{"@type":"ListItem","position":2,"name":"Speichern","item":"https:\/\/www.inverseteams.com\/de\/speichern\/"},{"@type":"ListItem","position":3,"name":"Trikot SF40-C"}]},{"@type":"WebSite","@id":"https:\/\/www.inverseteams.com\/de\/#website","url":"https:\/\/www.inverseteams.com\/de\/","name":"Inverseteams","description":"Tu marca de ropa deportiva personalizada","publisher":{"@id":"https:\/\/www.inverseteams.com\/de\/#organization"},"potentialAction":[{"@type":"SearchAction","target":{"@type":"EntryPoint","urlTemplate":"https:\/\/www.inverseteams.com\/de\/?s={search_term_string}"},"query-input":{"@type":"PropertyValueSpecification","valueRequired":true,"valueName":"search_term_string"}}],"inLanguage":"de"},{"@type":"Organization","@id":"https:\/\/www.inverseteams.com\/de\/#organization","name":"Inverse Teams","url":"https:\/\/www.inverseteams.com\/de\/","logo":{"@type":"ImageObject","inLanguage":"de","@id":"https:\/\/www.inverseteams.com\/de\/#\/schema\/logo\/image\/","url":"https:\/\/www.inverseteams.com\/wp-content\/uploads\/2021\/03\/logo-inverse-teams.png","contentUrl":"https:\/\/www.inverseteams.com\/wp-content\/uploads\/2021\/03\/logo-inverse-teams.png","width":294,"height":99,"caption":"Inverse Teams"},"image":{"@id":"https:\/\/www.inverseteams.com\/de\/#\/schema\/logo\/image\/"},"sameAs":["https:\/\/www.facebook.com\/inverseteams","http:\/\/instagram.com\/inverseteams","https:\/\/www.linkedin.com\/company\/inverse-cirosport-s-l-?trk=job_view_topcard_company_name","http:\/\/www.pinterest.com\/inverseteams\/","http:\/\/www.youtube.com\/user\/inverseteams?feature=watch"]}]}},"_links":{"self":[{"href":"https:\/\/www.inverseteams.com\/de\/wp-json\/wp\/v2\/product\/248097","targetHints":{"allow":["GET"]}}],"collection":[{"href":"https:\/\/www.inverseteams.com\/de\/wp-json\/wp\/v2\/product"}],"about":[{"href":"https:\/\/www.inverseteams.com\/de\/wp-json\/wp\/v2\/types\/product"}],"replies":[{"embeddable":true,"href":"https:\/\/www.inverseteams.com\/de\/wp-json\/wp\/v2\/comments?post=248097"}],"wp:featuredmedia":[{"embeddable":true,"href":"https:\/\/www.inverseteams.com\/de\/wp-json\/wp\/v2\/media\/247080"}],"wp:attachment":[{"href":"https:\/\/www.inverseteams.com\/de\/wp-json\/wp\/v2\/media?parent=248097"}],"wp:term":[{"taxonomy":"product_brand","embeddable":true,"href":"https:\/\/www.inverseteams.com\/de\/wp-json\/wp\/v2\/product_brand?post=248097"},{"taxonomy":"product_cat","embeddable":true,"href":"https:\/\/www.inverseteams.com\/de\/wp-json\/wp\/v2\/product_cat?post=248097"},{"taxonomy":"product_tag","embeddable":true,"href":"https:\/\/www.inverseteams.com\/de\/wp-json\/wp\/v2\/product_tag?post=248097"},{"taxonomy":"custom_category","embeddable":true,"href":"https:\/\/www.inverseteams.com\/de\/wp-json\/wp\/v2\/custom_category?post=248097"},{"taxonomy":"range","embeddable":true,"href":"https:\/\/www.inverseteams.com\/de\/wp-json\/wp\/v2\/range?post=248097"}],"curies":[{"name":"wp","href":"https:\/\/api.w.org\/{rel}","templated":true}]}}