{"id":248096,"date":"2025-03-07T08:12:31","date_gmt":"2025-03-07T10:40:03","guid":{"rendered":"https:\/\/www.inverseteams.com\/?post_type=product&#038;p=248096"},"modified":"2025-03-18T14:09:41","modified_gmt":"2025-03-18T14:09:41","slug":"shorts-sf23","status":"publish","type":"product","link":"https:\/\/www.inverseteams.com\/de\/produkt\/shorts-sf23\/","title":{"rendered":"Shorts SF23-S"},"content":{"rendered":"<p>Hergestellt aus einem strapazierf\u00e4higen Multifilamentgewebe mit weicher und sehr angenehmer Haptik. Der Stoff ist mit der COOLCOMFORT-Beschichtung behandelt, die f\u00fcr eine einfache Schwei\u00dfableitung nach au\u00dfen sorgt, die Haut trocken und k\u00fchl h\u00e4lt und w\u00e4hrend des gesamten Spiels hohen Tragekomfort garantiert.<br \/>\nDer Schnitt dieser Fu\u00dfballshorts ist speziell darauf ausgelegt, hervorragende Bewegungsfreiheit zu bieten. Es verf\u00fcgt \u00fcber eine \u00d6ffnung an den Seiten, sodass Sie Ihr Bein bewegen k\u00f6nnen, ohne einen Widerstand zu sp\u00fcren.<br \/>\nDer Bund ist mit einem Gummiband versehen, das sich optimal an den K\u00f6rper anpasst, ohne zu st\u00f6ren. Es verf\u00fcgt au\u00dferdem \u00fcber einen Kordelzug, um die Passform dem Geschmack des Spielers anzupassen.<br \/>\n100 % personalisiert mit der Sublimationstechnik. Dies garantiert eine un\u00fcbertroffene Farbbest\u00e4ndigkeit und Haltbarkeit. Die f\u00fcr die Sublimation verwendeten Tinten sind \u00f6kologisch und entsprechen dem OEKO-TEX\u00ae ECO PASSPORT-Standard, der bescheinigt, dass sie umweltfreundlich und gesundheitlich unbedenklich sind.<\/p>\n","protected":false},"excerpt":{"rendered":"<p>Hergestellt aus einem strapazierf\u00e4higen Multifilamentgewebe mit weicher und sehr angenehmer Haptik. Der Stoff ist mit der COOLCOMFORT-Beschichtung behandelt, die f\u00fcr eine einfache Schwei\u00dfableitung nach au\u00dfen sorgt, die Haut trocken und k\u00fchl h\u00e4lt und w\u00e4hrend des gesamten Spiels hohen Tragekomfort garantiert.<br \/>\nDer Schnitt dieser Fu\u00dfballshorts ist speziell darauf ausgelegt, hervorragende Bewegungsfreiheit zu bieten. Es verf\u00fcgt \u00fcber eine \u00d6ffnung an den Seiten, sodass Sie Ihr Bein bewegen k\u00f6nnen, ohne einen Widerstand zu sp\u00fcren.<br \/>\nDer Bund ist mit einem Gummiband versehen, das sich optimal an den K\u00f6rper anpasst, ohne zu st\u00f6ren. Es verf\u00fcgt au\u00dferdem \u00fcber einen Kordelzug, um die Passform dem Geschmack des Spielers anzupassen.<br \/>\n100 % personalisiert mit der Sublimationstechnik. Dies garantiert eine un\u00fcbertroffene Farbbest\u00e4ndigkeit und Haltbarkeit. Die f\u00fcr die Sublimation verwendeten Tinten sind \u00f6kologisch und entsprechen dem OEKO-TEX\u00ae ECO PASSPORT-Standard, der bescheinigt, dass sie umweltfreundlich und gesundheitlich unbedenklich sind.<\/p>\n","protected":false},"featured_media":247035,"comment_status":"closed","ping_status":"open","template":"","meta":{"_acf_changed":false},"product_brand":[],"product_cat":[11218],"product_tag":[],"custom_category":[15161,15164],"range":[15136],"class_list":{"0":"post-248096","1":"product","2":"type-product","3":"status-publish","4":"has-post-thumbnail","6":"product_cat-uncategorized-de","7":"pa_climatologia-calor-de","8":"pa_climatologia-temperatura-templada-de","9":"pa_genero-infantil-de","10":"pa_genero-hombre-de","11":"pa_genero-mujer-de","12":"pa_patronaje-regular-de","13":"pa_tipo-de-prenda-pantalon-corto-de","14":"custom_category-mannschaftssport","15":"custom_category-fussball","16":"range-competition","18":"first","19":"instock","20":"product-type-custom"},"acf":[],"yoast_head":"<!-- This site is optimized with the Yoast SEO plugin v27.3 - https:\/\/yoast.com\/product\/yoast-seo-wordpress\/ -->\n<title>Shorts SF23-S | Inverseteams<\/title>\n<meta name=\"description\" content=\"Hergestellt aus einem strapazierf\u00e4higen Multifilamentgewebe mit weicher und sehr angenehmer Haptik. Der Stoff ist mit der COOLCOMFORT-Beschichtung behandelt, die f\u00fcr eine einfache Schwei\u00dfableitung nach au\u00dfen sorgt, die Haut trocken und k\u00fchl h\u00e4lt und w\u00e4hrend des gesamten Spiels hohen Tragekomfort garantiert. Der Schnitt dieser Fu\u00dfballshorts ist speziell darauf ausgelegt, hervorragende Bewegungsfreiheit zu bieten. Es verf\u00fcgt \u00fcber eine \u00d6ffnung an den Seiten, sodass Sie Ihr Bein bewegen k\u00f6nnen, ohne einen Widerstand zu sp\u00fcren. Der Bund ist mit einem Gummiband versehen, das sich optimal an den K\u00f6rper anpasst, ohne zu st\u00f6ren. Es verf\u00fcgt au\u00dferdem \u00fcber einen Kordelzug, um die Passform dem Geschmack des Spielers anzupassen. 100 % personalisiert mit der Sublimationstechnik. Dies garantiert eine un\u00fcbertroffene Farbbest\u00e4ndigkeit und Haltbarkeit. Die f\u00fcr die Sublimation verwendeten Tinten sind \u00f6kologisch und entsprechen dem OEKO-TEX\u00ae ECO PASSPORT-Standard, der bescheinigt, dass sie umweltfreundlich und gesundheitlich unbedenklich sind.\" \/>\n<meta name=\"robots\" content=\"index, follow, max-snippet:-1, max-image-preview:large, max-video-preview:-1\" \/>\n<link rel=\"canonical\" href=\"https:\/\/www.inverseteams.com\/de\/produkt\/shorts-sf23\/\" \/>\n<meta property=\"og:locale\" content=\"de_DE\" \/>\n<meta property=\"og:type\" content=\"article\" \/>\n<meta property=\"og:title\" content=\"Shorts SF23-S | Inverseteams\" \/>\n<meta property=\"og:description\" content=\"Hergestellt aus einem strapazierf\u00e4higen Multifilamentgewebe mit weicher und sehr angenehmer Haptik. Der Stoff ist mit der COOLCOMFORT-Beschichtung behandelt, die f\u00fcr eine einfache Schwei\u00dfableitung nach au\u00dfen sorgt, die Haut trocken und k\u00fchl h\u00e4lt und w\u00e4hrend des gesamten Spiels hohen Tragekomfort garantiert. Der Schnitt dieser Fu\u00dfballshorts ist speziell darauf ausgelegt, hervorragende Bewegungsfreiheit zu bieten. Es verf\u00fcgt \u00fcber eine \u00d6ffnung an den Seiten, sodass Sie Ihr Bein bewegen k\u00f6nnen, ohne einen Widerstand zu sp\u00fcren. Der Bund ist mit einem Gummiband versehen, das sich optimal an den K\u00f6rper anpasst, ohne zu st\u00f6ren. Es verf\u00fcgt au\u00dferdem \u00fcber einen Kordelzug, um die Passform dem Geschmack des Spielers anzupassen. 100 % personalisiert mit der Sublimationstechnik. Dies garantiert eine un\u00fcbertroffene Farbbest\u00e4ndigkeit und Haltbarkeit. Die f\u00fcr die Sublimation verwendeten Tinten sind \u00f6kologisch und entsprechen dem OEKO-TEX\u00ae ECO PASSPORT-Standard, der bescheinigt, dass sie umweltfreundlich und gesundheitlich unbedenklich sind.\" \/>\n<meta property=\"og:url\" content=\"https:\/\/www.inverseteams.com\/de\/produkt\/shorts-sf23\/\" \/>\n<meta property=\"og:site_name\" content=\"Inverseteams\" \/>\n<meta property=\"article:publisher\" content=\"https:\/\/www.facebook.com\/inverseteams\" \/>\n<meta property=\"article:modified_time\" content=\"2025-03-18T14:09:41+00:00\" \/>\n<meta property=\"og:image\" content=\"https:\/\/www.inverseteams.com\/wp-content\/uploads\/PANTALON-FUTBOL-SF21-1.jpg\" \/>\n\t<meta property=\"og:image:width\" content=\"1500\" \/>\n\t<meta property=\"og:image:height\" content=\"1612\" \/>\n\t<meta property=\"og:image:type\" content=\"image\/jpeg\" \/>\n<meta name=\"twitter:card\" content=\"summary_large_image\" \/>\n<meta name=\"twitter:label1\" content=\"Gesch\u00e4tzte Lesezeit\" \/>\n\t<meta name=\"twitter:data1\" content=\"1\u00a0Minute\" \/>\n<script type=\"application\/ld+json\" class=\"yoast-schema-graph\">{\"@context\":\"https:\\\/\\\/schema.org\",\"@graph\":[{\"@type\":\"WebPage\",\"@id\":\"https:\\\/\\\/www.inverseteams.com\\\/de\\\/produkt\\\/shorts-sf23\\\/\",\"url\":\"https:\\\/\\\/www.inverseteams.com\\\/de\\\/produkt\\\/shorts-sf23\\\/\",\"name\":\"Shorts SF23-S | Inverseteams\",\"isPartOf\":{\"@id\":\"https:\\\/\\\/www.inverseteams.com\\\/de\\\/#website\"},\"primaryImageOfPage\":{\"@id\":\"https:\\\/\\\/www.inverseteams.com\\\/de\\\/produkt\\\/shorts-sf23\\\/#primaryimage\"},\"image\":{\"@id\":\"https:\\\/\\\/www.inverseteams.com\\\/de\\\/produkt\\\/shorts-sf23\\\/#primaryimage\"},\"thumbnailUrl\":\"https:\\\/\\\/www.inverseteams.com\\\/wp-content\\\/uploads\\\/PANTALON-FUTBOL-SF21-1.jpg\",\"datePublished\":\"2025-03-07T10:40:03+00:00\",\"dateModified\":\"2025-03-18T14:09:41+00:00\",\"description\":\"Hergestellt aus einem strapazierf\u00e4higen Multifilamentgewebe mit weicher und sehr angenehmer Haptik. Der Stoff ist mit der COOLCOMFORT-Beschichtung behandelt, die f\u00fcr eine einfache Schwei\u00dfableitung nach au\u00dfen sorgt, die Haut trocken und k\u00fchl h\u00e4lt und w\u00e4hrend des gesamten Spiels hohen Tragekomfort garantiert. Der Schnitt dieser Fu\u00dfballshorts ist speziell darauf ausgelegt, hervorragende Bewegungsfreiheit zu bieten. Es verf\u00fcgt \u00fcber eine \u00d6ffnung an den Seiten, sodass Sie Ihr Bein bewegen k\u00f6nnen, ohne einen Widerstand zu sp\u00fcren. Der Bund ist mit einem Gummiband versehen, das sich optimal an den K\u00f6rper anpasst, ohne zu st\u00f6ren. Es verf\u00fcgt au\u00dferdem \u00fcber einen Kordelzug, um die Passform dem Geschmack des Spielers anzupassen. 100 % personalisiert mit der Sublimationstechnik. Dies garantiert eine un\u00fcbertroffene Farbbest\u00e4ndigkeit und Haltbarkeit. Die f\u00fcr die Sublimation verwendeten Tinten sind \u00f6kologisch und entsprechen dem OEKO-TEX\u00ae ECO PASSPORT-Standard, der bescheinigt, dass sie umweltfreundlich und gesundheitlich unbedenklich sind.\",\"breadcrumb\":{\"@id\":\"https:\\\/\\\/www.inverseteams.com\\\/de\\\/produkt\\\/shorts-sf23\\\/#breadcrumb\"},\"inLanguage\":\"de\",\"potentialAction\":[{\"@type\":\"ReadAction\",\"target\":[\"https:\\\/\\\/www.inverseteams.com\\\/de\\\/produkt\\\/shorts-sf23\\\/\"]}]},{\"@type\":\"ImageObject\",\"inLanguage\":\"de\",\"@id\":\"https:\\\/\\\/www.inverseteams.com\\\/de\\\/produkt\\\/shorts-sf23\\\/#primaryimage\",\"url\":\"https:\\\/\\\/www.inverseteams.com\\\/wp-content\\\/uploads\\\/PANTALON-FUTBOL-SF21-1.jpg\",\"contentUrl\":\"https:\\\/\\\/www.inverseteams.com\\\/wp-content\\\/uploads\\\/PANTALON-FUTBOL-SF21-1.jpg\",\"width\":1500,\"height\":1612},{\"@type\":\"BreadcrumbList\",\"@id\":\"https:\\\/\\\/www.inverseteams.com\\\/de\\\/produkt\\\/shorts-sf23\\\/#breadcrumb\",\"itemListElement\":[{\"@type\":\"ListItem\",\"position\":1,\"name\":\"Portada\",\"item\":\"https:\\\/\\\/www.inverseteams.com\\\/de\\\/\"},{\"@type\":\"ListItem\",\"position\":2,\"name\":\"Speichern\",\"item\":\"https:\\\/\\\/www.inverseteams.com\\\/de\\\/speichern\\\/\"},{\"@type\":\"ListItem\",\"position\":3,\"name\":\"Shorts SF23-S\"}]},{\"@type\":\"WebSite\",\"@id\":\"https:\\\/\\\/www.inverseteams.com\\\/de\\\/#website\",\"url\":\"https:\\\/\\\/www.inverseteams.com\\\/de\\\/\",\"name\":\"Inverseteams\",\"description\":\"Tu marca de ropa deportiva personalizada\",\"publisher\":{\"@id\":\"https:\\\/\\\/www.inverseteams.com\\\/de\\\/#organization\"},\"potentialAction\":[{\"@type\":\"SearchAction\",\"target\":{\"@type\":\"EntryPoint\",\"urlTemplate\":\"https:\\\/\\\/www.inverseteams.com\\\/de\\\/?s={search_term_string}\"},\"query-input\":{\"@type\":\"PropertyValueSpecification\",\"valueRequired\":true,\"valueName\":\"search_term_string\"}}],\"inLanguage\":\"de\"},{\"@type\":\"Organization\",\"@id\":\"https:\\\/\\\/www.inverseteams.com\\\/de\\\/#organization\",\"name\":\"Inverse Teams\",\"url\":\"https:\\\/\\\/www.inverseteams.com\\\/de\\\/\",\"logo\":{\"@type\":\"ImageObject\",\"inLanguage\":\"de\",\"@id\":\"https:\\\/\\\/www.inverseteams.com\\\/de\\\/#\\\/schema\\\/logo\\\/image\\\/\",\"url\":\"http:\\\/\\\/www.inverseteams.com\\\/wp-content\\\/uploads\\\/2021\\\/03\\\/logo-inverse-teams.png\",\"contentUrl\":\"http:\\\/\\\/www.inverseteams.com\\\/wp-content\\\/uploads\\\/2021\\\/03\\\/logo-inverse-teams.png\",\"width\":294,\"height\":99,\"caption\":\"Inverse Teams\"},\"image\":{\"@id\":\"https:\\\/\\\/www.inverseteams.com\\\/de\\\/#\\\/schema\\\/logo\\\/image\\\/\"},\"sameAs\":[\"https:\\\/\\\/www.facebook.com\\\/inverseteams\",\"http:\\\/\\\/instagram.com\\\/inverseteams\",\"https:\\\/\\\/www.linkedin.com\\\/company\\\/inverse-cirosport-s-l-?trk=job_view_topcard_company_name\",\"http:\\\/\\\/www.pinterest.com\\\/inverseteams\\\/\",\"http:\\\/\\\/www.youtube.com\\\/user\\\/inverseteams?feature=watch\"]}]}<\/script>\n<!-- \/ Yoast SEO plugin. -->","yoast_head_json":{"title":"Shorts SF23-S | Inverseteams","description":"Hergestellt aus einem strapazierf\u00e4higen Multifilamentgewebe mit weicher und sehr angenehmer Haptik. Der Stoff ist mit der COOLCOMFORT-Beschichtung behandelt, die f\u00fcr eine einfache Schwei\u00dfableitung nach au\u00dfen sorgt, die Haut trocken und k\u00fchl h\u00e4lt und w\u00e4hrend des gesamten Spiels hohen Tragekomfort garantiert. Der Schnitt dieser Fu\u00dfballshorts ist speziell darauf ausgelegt, hervorragende Bewegungsfreiheit zu bieten. Es verf\u00fcgt \u00fcber eine \u00d6ffnung an den Seiten, sodass Sie Ihr Bein bewegen k\u00f6nnen, ohne einen Widerstand zu sp\u00fcren. Der Bund ist mit einem Gummiband versehen, das sich optimal an den K\u00f6rper anpasst, ohne zu st\u00f6ren. Es verf\u00fcgt au\u00dferdem \u00fcber einen Kordelzug, um die Passform dem Geschmack des Spielers anzupassen. 100 % personalisiert mit der Sublimationstechnik. Dies garantiert eine un\u00fcbertroffene Farbbest\u00e4ndigkeit und Haltbarkeit. Die f\u00fcr die Sublimation verwendeten Tinten sind \u00f6kologisch und entsprechen dem OEKO-TEX\u00ae ECO PASSPORT-Standard, der bescheinigt, dass sie umweltfreundlich und gesundheitlich unbedenklich sind.","robots":{"index":"index","follow":"follow","max-snippet":"max-snippet:-1","max-image-preview":"max-image-preview:large","max-video-preview":"max-video-preview:-1"},"canonical":"https:\/\/www.inverseteams.com\/de\/produkt\/shorts-sf23\/","og_locale":"de_DE","og_type":"article","og_title":"Shorts SF23-S | Inverseteams","og_description":"Hergestellt aus einem strapazierf\u00e4higen Multifilamentgewebe mit weicher und sehr angenehmer Haptik. Der Stoff ist mit der COOLCOMFORT-Beschichtung behandelt, die f\u00fcr eine einfache Schwei\u00dfableitung nach au\u00dfen sorgt, die Haut trocken und k\u00fchl h\u00e4lt und w\u00e4hrend des gesamten Spiels hohen Tragekomfort garantiert. Der Schnitt dieser Fu\u00dfballshorts ist speziell darauf ausgelegt, hervorragende Bewegungsfreiheit zu bieten. Es verf\u00fcgt \u00fcber eine \u00d6ffnung an den Seiten, sodass Sie Ihr Bein bewegen k\u00f6nnen, ohne einen Widerstand zu sp\u00fcren. Der Bund ist mit einem Gummiband versehen, das sich optimal an den K\u00f6rper anpasst, ohne zu st\u00f6ren. Es verf\u00fcgt au\u00dferdem \u00fcber einen Kordelzug, um die Passform dem Geschmack des Spielers anzupassen. 100 % personalisiert mit der Sublimationstechnik. Dies garantiert eine un\u00fcbertroffene Farbbest\u00e4ndigkeit und Haltbarkeit. Die f\u00fcr die Sublimation verwendeten Tinten sind \u00f6kologisch und entsprechen dem OEKO-TEX\u00ae ECO PASSPORT-Standard, der bescheinigt, dass sie umweltfreundlich und gesundheitlich unbedenklich sind.","og_url":"https:\/\/www.inverseteams.com\/de\/produkt\/shorts-sf23\/","og_site_name":"Inverseteams","article_publisher":"https:\/\/www.facebook.com\/inverseteams","article_modified_time":"2025-03-18T14:09:41+00:00","og_image":[{"width":1500,"height":1612,"url":"https:\/\/www.inverseteams.com\/wp-content\/uploads\/PANTALON-FUTBOL-SF21-1.jpg","type":"image\/jpeg"}],"twitter_card":"summary_large_image","twitter_misc":{"Gesch\u00e4tzte Lesezeit":"1\u00a0Minute"},"schema":{"@context":"https:\/\/schema.org","@graph":[{"@type":"WebPage","@id":"https:\/\/www.inverseteams.com\/de\/produkt\/shorts-sf23\/","url":"https:\/\/www.inverseteams.com\/de\/produkt\/shorts-sf23\/","name":"Shorts SF23-S | Inverseteams","isPartOf":{"@id":"https:\/\/www.inverseteams.com\/de\/#website"},"primaryImageOfPage":{"@id":"https:\/\/www.inverseteams.com\/de\/produkt\/shorts-sf23\/#primaryimage"},"image":{"@id":"https:\/\/www.inverseteams.com\/de\/produkt\/shorts-sf23\/#primaryimage"},"thumbnailUrl":"https:\/\/www.inverseteams.com\/wp-content\/uploads\/PANTALON-FUTBOL-SF21-1.jpg","datePublished":"2025-03-07T10:40:03+00:00","dateModified":"2025-03-18T14:09:41+00:00","description":"Hergestellt aus einem strapazierf\u00e4higen Multifilamentgewebe mit weicher und sehr angenehmer Haptik. Der Stoff ist mit der COOLCOMFORT-Beschichtung behandelt, die f\u00fcr eine einfache Schwei\u00dfableitung nach au\u00dfen sorgt, die Haut trocken und k\u00fchl h\u00e4lt und w\u00e4hrend des gesamten Spiels hohen Tragekomfort garantiert. Der Schnitt dieser Fu\u00dfballshorts ist speziell darauf ausgelegt, hervorragende Bewegungsfreiheit zu bieten. Es verf\u00fcgt \u00fcber eine \u00d6ffnung an den Seiten, sodass Sie Ihr Bein bewegen k\u00f6nnen, ohne einen Widerstand zu sp\u00fcren. Der Bund ist mit einem Gummiband versehen, das sich optimal an den K\u00f6rper anpasst, ohne zu st\u00f6ren. Es verf\u00fcgt au\u00dferdem \u00fcber einen Kordelzug, um die Passform dem Geschmack des Spielers anzupassen. 100 % personalisiert mit der Sublimationstechnik. Dies garantiert eine un\u00fcbertroffene Farbbest\u00e4ndigkeit und Haltbarkeit. Die f\u00fcr die Sublimation verwendeten Tinten sind \u00f6kologisch und entsprechen dem OEKO-TEX\u00ae ECO PASSPORT-Standard, der bescheinigt, dass sie umweltfreundlich und gesundheitlich unbedenklich sind.","breadcrumb":{"@id":"https:\/\/www.inverseteams.com\/de\/produkt\/shorts-sf23\/#breadcrumb"},"inLanguage":"de","potentialAction":[{"@type":"ReadAction","target":["https:\/\/www.inverseteams.com\/de\/produkt\/shorts-sf23\/"]}]},{"@type":"ImageObject","inLanguage":"de","@id":"https:\/\/www.inverseteams.com\/de\/produkt\/shorts-sf23\/#primaryimage","url":"https:\/\/www.inverseteams.com\/wp-content\/uploads\/PANTALON-FUTBOL-SF21-1.jpg","contentUrl":"https:\/\/www.inverseteams.com\/wp-content\/uploads\/PANTALON-FUTBOL-SF21-1.jpg","width":1500,"height":1612},{"@type":"BreadcrumbList","@id":"https:\/\/www.inverseteams.com\/de\/produkt\/shorts-sf23\/#breadcrumb","itemListElement":[{"@type":"ListItem","position":1,"name":"Portada","item":"https:\/\/www.inverseteams.com\/de\/"},{"@type":"ListItem","position":2,"name":"Speichern","item":"https:\/\/www.inverseteams.com\/de\/speichern\/"},{"@type":"ListItem","position":3,"name":"Shorts SF23-S"}]},{"@type":"WebSite","@id":"https:\/\/www.inverseteams.com\/de\/#website","url":"https:\/\/www.inverseteams.com\/de\/","name":"Inverseteams","description":"Tu marca de ropa deportiva personalizada","publisher":{"@id":"https:\/\/www.inverseteams.com\/de\/#organization"},"potentialAction":[{"@type":"SearchAction","target":{"@type":"EntryPoint","urlTemplate":"https:\/\/www.inverseteams.com\/de\/?s={search_term_string}"},"query-input":{"@type":"PropertyValueSpecification","valueRequired":true,"valueName":"search_term_string"}}],"inLanguage":"de"},{"@type":"Organization","@id":"https:\/\/www.inverseteams.com\/de\/#organization","name":"Inverse Teams","url":"https:\/\/www.inverseteams.com\/de\/","logo":{"@type":"ImageObject","inLanguage":"de","@id":"https:\/\/www.inverseteams.com\/de\/#\/schema\/logo\/image\/","url":"https:\/\/www.inverseteams.com\/wp-content\/uploads\/2021\/03\/logo-inverse-teams.png","contentUrl":"https:\/\/www.inverseteams.com\/wp-content\/uploads\/2021\/03\/logo-inverse-teams.png","width":294,"height":99,"caption":"Inverse Teams"},"image":{"@id":"https:\/\/www.inverseteams.com\/de\/#\/schema\/logo\/image\/"},"sameAs":["https:\/\/www.facebook.com\/inverseteams","http:\/\/instagram.com\/inverseteams","https:\/\/www.linkedin.com\/company\/inverse-cirosport-s-l-?trk=job_view_topcard_company_name","http:\/\/www.pinterest.com\/inverseteams\/","http:\/\/www.youtube.com\/user\/inverseteams?feature=watch"]}]}},"_links":{"self":[{"href":"https:\/\/www.inverseteams.com\/de\/wp-json\/wp\/v2\/product\/248096","targetHints":{"allow":["GET"]}}],"collection":[{"href":"https:\/\/www.inverseteams.com\/de\/wp-json\/wp\/v2\/product"}],"about":[{"href":"https:\/\/www.inverseteams.com\/de\/wp-json\/wp\/v2\/types\/product"}],"replies":[{"embeddable":true,"href":"https:\/\/www.inverseteams.com\/de\/wp-json\/wp\/v2\/comments?post=248096"}],"wp:featuredmedia":[{"embeddable":true,"href":"https:\/\/www.inverseteams.com\/de\/wp-json\/wp\/v2\/media\/247035"}],"wp:attachment":[{"href":"https:\/\/www.inverseteams.com\/de\/wp-json\/wp\/v2\/media?parent=248096"}],"wp:term":[{"taxonomy":"product_brand","embeddable":true,"href":"https:\/\/www.inverseteams.com\/de\/wp-json\/wp\/v2\/product_brand?post=248096"},{"taxonomy":"product_cat","embeddable":true,"href":"https:\/\/www.inverseteams.com\/de\/wp-json\/wp\/v2\/product_cat?post=248096"},{"taxonomy":"product_tag","embeddable":true,"href":"https:\/\/www.inverseteams.com\/de\/wp-json\/wp\/v2\/product_tag?post=248096"},{"taxonomy":"custom_category","embeddable":true,"href":"https:\/\/www.inverseteams.com\/de\/wp-json\/wp\/v2\/custom_category?post=248096"},{"taxonomy":"range","embeddable":true,"href":"https:\/\/www.inverseteams.com\/de\/wp-json\/wp\/v2\/range?post=248096"}],"curies":[{"name":"wp","href":"https:\/\/api.w.org\/{rel}","templated":true}]}}