{"id":243448,"date":"2025-02-21T16:38:35","date_gmt":"2025-02-21T16:38:35","guid":{"rendered":"https:\/\/www.inverseteams.com\/?post_type=product&#038;p=243448"},"modified":"2025-02-21T17:05:39","modified_gmt":"2025-02-21T17:05:39","slug":"radhose-x-sauce-factory-team-2025-herren-damen","status":"publish","type":"product","link":"https:\/\/www.inverseteams.com\/de\/produkt\/radhose-x-sauce-factory-team-2025-herren-damen\/","title":{"rendered":"Radhose X-SAUCE FACTORY TEAM 2025 (HERREN &#8211; DAMEN)"},"content":{"rendered":"<p><strong>Lieferung in 7 Tagen.<\/strong><\/p>\n<p>Es ist ideal f\u00fcr Training und Wettkampf. Seine Elastizit\u00e4t und Leichtigkeit erm\u00f6glichen Ihnen gro\u00dfe Bewegungsfreiheit. Die Radshorts-Eins\u00e4tze sind so konzipiert, dass sie sich perfekt an die verschiedenen Positionen beim Radfahren anpassen. Sie werden keinen Widerstand bemerken. Mikroperforierte flache Tr\u00e4ger helfen Ihnen, Schwei\u00df abzuleiten und sich jederzeit frisch und trocken zu f\u00fchlen. Diese verteilen das Gewicht gleichm\u00e4\u00dfig, sodass Sie lange Radtouren problemlos genie\u00dfen k\u00f6nnen.<br \/>\nAm Ende der Beine befindet sich ein mikroperforiertes Gummiband mit einem hypoallergenen Silikongriff im Inneren. Dies verhindert, dass das Schwitzen zunimmt und h\u00e4lt das St\u00fcck sicher am Bein. Au\u00dfen verf\u00fcgt es \u00fcber 360\u00b0 reflektierende Linien, die Ihre Sicherheit erh\u00f6hen, da sie das Licht der Fahrzeuge reflektieren.<\/p>\n","protected":false},"excerpt":{"rendered":"<p><strong>Lieferung in 7 Tagen.<\/strong><\/p>\n<p>Es ist ideal f\u00fcr Training und Wettkampf. Seine Elastizit\u00e4t und Leichtigkeit erm\u00f6glichen Ihnen gro\u00dfe Bewegungsfreiheit. Die Radshorts-Eins\u00e4tze sind so konzipiert, dass sie sich perfekt an die verschiedenen Positionen beim Radfahren anpassen. Sie werden keinen Widerstand bemerken. Mikroperforierte flache Tr\u00e4ger helfen Ihnen, Schwei\u00df abzuleiten und sich jederzeit frisch und trocken zu f\u00fchlen. Diese verteilen das Gewicht gleichm\u00e4\u00dfig, sodass Sie lange Radtouren problemlos genie\u00dfen k\u00f6nnen.<br \/>\nAm Ende der Beine befindet sich ein mikroperforiertes Gummiband mit einem hypoallergenen Silikongriff im Inneren. Dies verhindert, dass das Schwitzen zunimmt und h\u00e4lt das St\u00fcck sicher am Bein. Au\u00dfen verf\u00fcgt es \u00fcber 360\u00b0 reflektierende Linien, die Ihre Sicherheit erh\u00f6hen, da sie das Licht der Fahrzeuge reflektieren.<\/p>\n","protected":false},"featured_media":243369,"comment_status":"closed","ping_status":"closed","template":"","meta":{"_acf_changed":false},"product_brand":[],"product_cat":[14990],"product_tag":[],"custom_category":[],"range":[],"class_list":{"0":"post-243448","1":"product","2":"type-product","3":"status-publish","4":"has-post-thumbnail","6":"product_cat-teams-de","7":"pa_climatologia-temperatura-templada-de","8":"pa_climatologia-calor-de","9":"pa_deporte-ciclismo-de","10":"pa_genero-mujer-de","11":"pa_genero-hombre-de","12":"pa_patronaje-fit-de","13":"pa_talla-xs-de","14":"pa_talla-xxxl-de","15":"pa_talla-s-de","16":"pa_talla-m-de","17":"pa_talla-l-de","18":"pa_talla-xl-de","19":"pa_talla-xxl-de","20":"pa_tipo-de-prenda-kurze-radhose","22":"first","23":"instock","24":"taxable","25":"shipping-taxable","26":"purchasable","27":"product-type-variable"},"acf":[],"yoast_head":"<!-- This site is optimized with the Yoast SEO plugin v27.5 - https:\/\/yoast.com\/product\/yoast-seo-wordpress\/ -->\n<title>Radhose X-SAUCE FACTORY TEAM | INVERSE<\/title>\n<meta name=\"description\" content=\"X-SAUCE FACTORY TEAM 2025 Radhose, perfekt f\u00fcr MTB und Rennradfahren. Hergestellt in Barcelona von Inverse. Schnittmuster f\u00fcr M\u00e4nner und Frauen.\" \/>\n<meta name=\"robots\" content=\"index, follow, max-snippet:-1, max-image-preview:large, max-video-preview:-1\" \/>\n<link rel=\"canonical\" href=\"https:\/\/www.inverseteams.com\/de\/produkt\/radhose-x-sauce-factory-team-2025-herren-damen\/\" \/>\n<meta property=\"og:locale\" content=\"de_DE\" \/>\n<meta property=\"og:type\" content=\"article\" \/>\n<meta property=\"og:title\" content=\"Radhose X-SAUCE FACTORY TEAM | INVERSE\" \/>\n<meta property=\"og:description\" content=\"X-SAUCE FACTORY TEAM 2025 Radhose, perfekt f\u00fcr MTB und Rennradfahren. Hergestellt in Barcelona von Inverse. Schnittmuster f\u00fcr M\u00e4nner und Frauen.\" \/>\n<meta property=\"og:url\" content=\"https:\/\/www.inverseteams.com\/de\/produkt\/radhose-x-sauce-factory-team-2025-herren-damen\/\" \/>\n<meta property=\"og:site_name\" content=\"Inverseteams\" \/>\n<meta property=\"article:publisher\" content=\"https:\/\/www.facebook.com\/inverseteams\" \/>\n<meta property=\"article:modified_time\" content=\"2025-02-21T17:05:39+00:00\" \/>\n<meta property=\"og:image\" content=\"https:\/\/www.inverseteams.com\/wp-content\/uploads\/CULOTTE-CICLISMO-X-SAUCE-FACTORY-TEAM-1.jpg\" \/>\n\t<meta property=\"og:image:width\" content=\"1500\" \/>\n\t<meta property=\"og:image:height\" content=\"1612\" \/>\n\t<meta property=\"og:image:type\" content=\"image\/jpeg\" \/>\n<meta name=\"twitter:card\" content=\"summary_large_image\" \/>\n<meta name=\"twitter:label1\" content=\"Gesch\u00e4tzte Lesezeit\" \/>\n\t<meta name=\"twitter:data1\" content=\"1\u00a0Minute\" \/>\n<script type=\"application\/ld+json\" class=\"yoast-schema-graph\">{\"@context\":\"https:\\\/\\\/schema.org\",\"@graph\":[{\"@type\":\"WebPage\",\"@id\":\"https:\\\/\\\/www.inverseteams.com\\\/de\\\/produkt\\\/radhose-x-sauce-factory-team-2025-herren-damen\\\/\",\"url\":\"https:\\\/\\\/www.inverseteams.com\\\/de\\\/produkt\\\/radhose-x-sauce-factory-team-2025-herren-damen\\\/\",\"name\":\"Radhose X-SAUCE FACTORY TEAM | INVERSE\",\"isPartOf\":{\"@id\":\"https:\\\/\\\/www.inverseteams.com\\\/de\\\/#website\"},\"primaryImageOfPage\":{\"@id\":\"https:\\\/\\\/www.inverseteams.com\\\/de\\\/produkt\\\/radhose-x-sauce-factory-team-2025-herren-damen\\\/#primaryimage\"},\"image\":{\"@id\":\"https:\\\/\\\/www.inverseteams.com\\\/de\\\/produkt\\\/radhose-x-sauce-factory-team-2025-herren-damen\\\/#primaryimage\"},\"thumbnailUrl\":\"https:\\\/\\\/www.inverseteams.com\\\/wp-content\\\/uploads\\\/CULOTTE-CICLISMO-X-SAUCE-FACTORY-TEAM-1.jpg\",\"datePublished\":\"2025-02-21T16:38:35+00:00\",\"dateModified\":\"2025-02-21T17:05:39+00:00\",\"description\":\"X-SAUCE FACTORY TEAM 2025 Radhose, perfekt f\u00fcr MTB und Rennradfahren. Hergestellt in Barcelona von Inverse. Schnittmuster f\u00fcr M\u00e4nner und Frauen.\",\"breadcrumb\":{\"@id\":\"https:\\\/\\\/www.inverseteams.com\\\/de\\\/produkt\\\/radhose-x-sauce-factory-team-2025-herren-damen\\\/#breadcrumb\"},\"inLanguage\":\"de\",\"potentialAction\":[{\"@type\":\"ReadAction\",\"target\":[\"https:\\\/\\\/www.inverseteams.com\\\/de\\\/produkt\\\/radhose-x-sauce-factory-team-2025-herren-damen\\\/\"]}]},{\"@type\":\"ImageObject\",\"inLanguage\":\"de\",\"@id\":\"https:\\\/\\\/www.inverseteams.com\\\/de\\\/produkt\\\/radhose-x-sauce-factory-team-2025-herren-damen\\\/#primaryimage\",\"url\":\"https:\\\/\\\/www.inverseteams.com\\\/wp-content\\\/uploads\\\/CULOTTE-CICLISMO-X-SAUCE-FACTORY-TEAM-1.jpg\",\"contentUrl\":\"https:\\\/\\\/www.inverseteams.com\\\/wp-content\\\/uploads\\\/CULOTTE-CICLISMO-X-SAUCE-FACTORY-TEAM-1.jpg\",\"width\":1500,\"height\":1612,\"caption\":\"culotte btt x-sauce\"},{\"@type\":\"BreadcrumbList\",\"@id\":\"https:\\\/\\\/www.inverseteams.com\\\/de\\\/produkt\\\/radhose-x-sauce-factory-team-2025-herren-damen\\\/#breadcrumb\",\"itemListElement\":[{\"@type\":\"ListItem\",\"position\":1,\"name\":\"Portada\",\"item\":\"https:\\\/\\\/www.inverseteams.com\\\/de\\\/\"},{\"@type\":\"ListItem\",\"position\":2,\"name\":\"Speichern\",\"item\":\"https:\\\/\\\/www.inverseteams.com\\\/de\\\/speichern\\\/\"},{\"@type\":\"ListItem\",\"position\":3,\"name\":\"Radhose X-SAUCE FACTORY TEAM 2025 (HERREN &#8211; DAMEN)\"}]},{\"@type\":\"WebSite\",\"@id\":\"https:\\\/\\\/www.inverseteams.com\\\/de\\\/#website\",\"url\":\"https:\\\/\\\/www.inverseteams.com\\\/de\\\/\",\"name\":\"Inverseteams\",\"description\":\"Tu marca de ropa deportiva personalizada\",\"publisher\":{\"@id\":\"https:\\\/\\\/www.inverseteams.com\\\/de\\\/#organization\"},\"potentialAction\":[{\"@type\":\"SearchAction\",\"target\":{\"@type\":\"EntryPoint\",\"urlTemplate\":\"https:\\\/\\\/www.inverseteams.com\\\/de\\\/?s={search_term_string}\"},\"query-input\":{\"@type\":\"PropertyValueSpecification\",\"valueRequired\":true,\"valueName\":\"search_term_string\"}}],\"inLanguage\":\"de\"},{\"@type\":\"Organization\",\"@id\":\"https:\\\/\\\/www.inverseteams.com\\\/de\\\/#organization\",\"name\":\"Inverse Teams\",\"url\":\"https:\\\/\\\/www.inverseteams.com\\\/de\\\/\",\"logo\":{\"@type\":\"ImageObject\",\"inLanguage\":\"de\",\"@id\":\"https:\\\/\\\/www.inverseteams.com\\\/de\\\/#\\\/schema\\\/logo\\\/image\\\/\",\"url\":\"https:\\\/\\\/www.inverseteams.com\\\/wp-content\\\/uploads\\\/2021\\\/03\\\/logo-inverse-teams.png\",\"contentUrl\":\"https:\\\/\\\/www.inverseteams.com\\\/wp-content\\\/uploads\\\/2021\\\/03\\\/logo-inverse-teams.png\",\"width\":294,\"height\":99,\"caption\":\"Inverse Teams\"},\"image\":{\"@id\":\"https:\\\/\\\/www.inverseteams.com\\\/de\\\/#\\\/schema\\\/logo\\\/image\\\/\"},\"sameAs\":[\"https:\\\/\\\/www.facebook.com\\\/inverseteams\",\"http:\\\/\\\/instagram.com\\\/inverseteams\",\"https:\\\/\\\/www.linkedin.com\\\/company\\\/inverse-cirosport-s-l-?trk=job_view_topcard_company_name\",\"http:\\\/\\\/www.pinterest.com\\\/inverseteams\\\/\",\"http:\\\/\\\/www.youtube.com\\\/user\\\/inverseteams?feature=watch\"]}]}<\/script>\n<!-- \/ Yoast SEO plugin. -->","yoast_head_json":{"title":"Radhose X-SAUCE FACTORY TEAM | INVERSE","description":"X-SAUCE FACTORY TEAM 2025 Radhose, perfekt f\u00fcr MTB und Rennradfahren. Hergestellt in Barcelona von Inverse. Schnittmuster f\u00fcr M\u00e4nner und Frauen.","robots":{"index":"index","follow":"follow","max-snippet":"max-snippet:-1","max-image-preview":"max-image-preview:large","max-video-preview":"max-video-preview:-1"},"canonical":"https:\/\/www.inverseteams.com\/de\/produkt\/radhose-x-sauce-factory-team-2025-herren-damen\/","og_locale":"de_DE","og_type":"article","og_title":"Radhose X-SAUCE FACTORY TEAM | INVERSE","og_description":"X-SAUCE FACTORY TEAM 2025 Radhose, perfekt f\u00fcr MTB und Rennradfahren. Hergestellt in Barcelona von Inverse. Schnittmuster f\u00fcr M\u00e4nner und Frauen.","og_url":"https:\/\/www.inverseteams.com\/de\/produkt\/radhose-x-sauce-factory-team-2025-herren-damen\/","og_site_name":"Inverseteams","article_publisher":"https:\/\/www.facebook.com\/inverseteams","article_modified_time":"2025-02-21T17:05:39+00:00","og_image":[{"width":1500,"height":1612,"url":"https:\/\/www.inverseteams.com\/wp-content\/uploads\/CULOTTE-CICLISMO-X-SAUCE-FACTORY-TEAM-1.jpg","type":"image\/jpeg"}],"twitter_card":"summary_large_image","twitter_misc":{"Gesch\u00e4tzte Lesezeit":"1\u00a0Minute"},"schema":{"@context":"https:\/\/schema.org","@graph":[{"@type":"WebPage","@id":"https:\/\/www.inverseteams.com\/de\/produkt\/radhose-x-sauce-factory-team-2025-herren-damen\/","url":"https:\/\/www.inverseteams.com\/de\/produkt\/radhose-x-sauce-factory-team-2025-herren-damen\/","name":"Radhose X-SAUCE FACTORY TEAM | INVERSE","isPartOf":{"@id":"https:\/\/www.inverseteams.com\/de\/#website"},"primaryImageOfPage":{"@id":"https:\/\/www.inverseteams.com\/de\/produkt\/radhose-x-sauce-factory-team-2025-herren-damen\/#primaryimage"},"image":{"@id":"https:\/\/www.inverseteams.com\/de\/produkt\/radhose-x-sauce-factory-team-2025-herren-damen\/#primaryimage"},"thumbnailUrl":"https:\/\/www.inverseteams.com\/wp-content\/uploads\/CULOTTE-CICLISMO-X-SAUCE-FACTORY-TEAM-1.jpg","datePublished":"2025-02-21T16:38:35+00:00","dateModified":"2025-02-21T17:05:39+00:00","description":"X-SAUCE FACTORY TEAM 2025 Radhose, perfekt f\u00fcr MTB und Rennradfahren. Hergestellt in Barcelona von Inverse. Schnittmuster f\u00fcr M\u00e4nner und Frauen.","breadcrumb":{"@id":"https:\/\/www.inverseteams.com\/de\/produkt\/radhose-x-sauce-factory-team-2025-herren-damen\/#breadcrumb"},"inLanguage":"de","potentialAction":[{"@type":"ReadAction","target":["https:\/\/www.inverseteams.com\/de\/produkt\/radhose-x-sauce-factory-team-2025-herren-damen\/"]}]},{"@type":"ImageObject","inLanguage":"de","@id":"https:\/\/www.inverseteams.com\/de\/produkt\/radhose-x-sauce-factory-team-2025-herren-damen\/#primaryimage","url":"https:\/\/www.inverseteams.com\/wp-content\/uploads\/CULOTTE-CICLISMO-X-SAUCE-FACTORY-TEAM-1.jpg","contentUrl":"https:\/\/www.inverseteams.com\/wp-content\/uploads\/CULOTTE-CICLISMO-X-SAUCE-FACTORY-TEAM-1.jpg","width":1500,"height":1612,"caption":"culotte btt x-sauce"},{"@type":"BreadcrumbList","@id":"https:\/\/www.inverseteams.com\/de\/produkt\/radhose-x-sauce-factory-team-2025-herren-damen\/#breadcrumb","itemListElement":[{"@type":"ListItem","position":1,"name":"Portada","item":"https:\/\/www.inverseteams.com\/de\/"},{"@type":"ListItem","position":2,"name":"Speichern","item":"https:\/\/www.inverseteams.com\/de\/speichern\/"},{"@type":"ListItem","position":3,"name":"Radhose X-SAUCE FACTORY TEAM 2025 (HERREN &#8211; DAMEN)"}]},{"@type":"WebSite","@id":"https:\/\/www.inverseteams.com\/de\/#website","url":"https:\/\/www.inverseteams.com\/de\/","name":"Inverseteams","description":"Tu marca de ropa deportiva personalizada","publisher":{"@id":"https:\/\/www.inverseteams.com\/de\/#organization"},"potentialAction":[{"@type":"SearchAction","target":{"@type":"EntryPoint","urlTemplate":"https:\/\/www.inverseteams.com\/de\/?s={search_term_string}"},"query-input":{"@type":"PropertyValueSpecification","valueRequired":true,"valueName":"search_term_string"}}],"inLanguage":"de"},{"@type":"Organization","@id":"https:\/\/www.inverseteams.com\/de\/#organization","name":"Inverse Teams","url":"https:\/\/www.inverseteams.com\/de\/","logo":{"@type":"ImageObject","inLanguage":"de","@id":"https:\/\/www.inverseteams.com\/de\/#\/schema\/logo\/image\/","url":"https:\/\/www.inverseteams.com\/wp-content\/uploads\/2021\/03\/logo-inverse-teams.png","contentUrl":"https:\/\/www.inverseteams.com\/wp-content\/uploads\/2021\/03\/logo-inverse-teams.png","width":294,"height":99,"caption":"Inverse Teams"},"image":{"@id":"https:\/\/www.inverseteams.com\/de\/#\/schema\/logo\/image\/"},"sameAs":["https:\/\/www.facebook.com\/inverseteams","http:\/\/instagram.com\/inverseteams","https:\/\/www.linkedin.com\/company\/inverse-cirosport-s-l-?trk=job_view_topcard_company_name","http:\/\/www.pinterest.com\/inverseteams\/","http:\/\/www.youtube.com\/user\/inverseteams?feature=watch"]}]}},"_links":{"self":[{"href":"https:\/\/www.inverseteams.com\/de\/wp-json\/wp\/v2\/product\/243448","targetHints":{"allow":["GET"]}}],"collection":[{"href":"https:\/\/www.inverseteams.com\/de\/wp-json\/wp\/v2\/product"}],"about":[{"href":"https:\/\/www.inverseteams.com\/de\/wp-json\/wp\/v2\/types\/product"}],"replies":[{"embeddable":true,"href":"https:\/\/www.inverseteams.com\/de\/wp-json\/wp\/v2\/comments?post=243448"}],"wp:featuredmedia":[{"embeddable":true,"href":"https:\/\/www.inverseteams.com\/de\/wp-json\/wp\/v2\/media\/243369"}],"wp:attachment":[{"href":"https:\/\/www.inverseteams.com\/de\/wp-json\/wp\/v2\/media?parent=243448"}],"wp:term":[{"taxonomy":"product_brand","embeddable":true,"href":"https:\/\/www.inverseteams.com\/de\/wp-json\/wp\/v2\/product_brand?post=243448"},{"taxonomy":"product_cat","embeddable":true,"href":"https:\/\/www.inverseteams.com\/de\/wp-json\/wp\/v2\/product_cat?post=243448"},{"taxonomy":"product_tag","embeddable":true,"href":"https:\/\/www.inverseteams.com\/de\/wp-json\/wp\/v2\/product_tag?post=243448"},{"taxonomy":"custom_category","embeddable":true,"href":"https:\/\/www.inverseteams.com\/de\/wp-json\/wp\/v2\/custom_category?post=243448"},{"taxonomy":"range","embeddable":true,"href":"https:\/\/www.inverseteams.com\/de\/wp-json\/wp\/v2\/range?post=243448"}],"curies":[{"name":"wp","href":"https:\/\/api.w.org\/{rel}","templated":true}]}}