{"id":243445,"date":"2025-02-21T16:38:34","date_gmt":"2025-02-21T16:38:34","guid":{"rendered":"https:\/\/www.inverseteams.com\/?post_type=product&#038;p=243445"},"modified":"2025-02-21T17:05:36","modified_gmt":"2025-02-21T17:05:36","slug":"radtrikot-x-sauce-factory-team-2025-herren-damen","status":"publish","type":"product","link":"https:\/\/www.inverseteams.com\/de\/produkt\/radtrikot-x-sauce-factory-team-2025-herren-damen\/","title":{"rendered":"Radtrikot X-SAUCE FACTORY TEAM 2025 (HERREN &#8211; DAMEN)"},"content":{"rendered":"<p><strong>Lieferung in 7 Tagen.<\/strong><\/p>\n<p>Leichtes technisches Trikot, das sich perfekt an den K\u00f6rper anpasst und Ihnen dank der Dual Comfort System-Behandlung des Stoffes das Radfahren an sonnigen Tagen erm\u00f6glicht, indem es die K\u00f6rpertemperatur reguliert. Dadurch wird eine \u00dcberhitzung der Haut vermieden und Sie k\u00f6nnen H\u00f6chstleistungen erbringen. Gleichzeitig kombiniert es verschiedene Technologien, sodass es immer in der idealen Position bleibt. Am Ende der \u00c4rmel befindet sich ein mikroperforiertes Gummiband mit hypoallergenem Silikongriff, damit sie immer fest am Arm bleiben. An der Taille befindet sich ein Besatz, der das Trikot an Ihren K\u00f6rper anpasst. Dazu geh\u00f6ren 360\u00b0 reflektierende Linien, die Ihre Sicherheit erh\u00f6hen, da sie das Licht der Fahrzeuge reflektieren. Im Lendenbereich sind 3 Taschen mit dem neuen Sicherheitssystem ISP \u2013 Inverse Safe Pocket \u2013 integriert, in denen Sie jeden Gegenstand aufbewahren k\u00f6nnen, ohne bef\u00fcrchten zu m\u00fcssen, ihn zu verlieren. Genie\u00dfen Sie das Radfahren ohne Sorgen. Die anatomische Form des Halses erm\u00f6glicht eine st\u00f6rungsfreie Anpassung an die Fahrposition und verhindert das Eindringen von Luft. Dar\u00fcber hinaus sorgt die Struktur seiner Stoffe f\u00fcr eine gute Windstr\u00f6mung, um die Aerodynamik zu erh\u00f6hen und alle Ihre Anstrengungen zu optimieren.<\/p>\n","protected":false},"excerpt":{"rendered":"<p><strong>Lieferung in 7 Tagen.<\/strong><\/p>\n<p>Leichtes technisches Trikot, das sich perfekt an den K\u00f6rper anpasst und Ihnen dank der Dual Comfort System-Behandlung des Stoffes das Radfahren an sonnigen Tagen erm\u00f6glicht, indem es die K\u00f6rpertemperatur reguliert. Dadurch wird eine \u00dcberhitzung der Haut vermieden und Sie k\u00f6nnen H\u00f6chstleistungen erbringen. Gleichzeitig kombiniert es verschiedene Technologien, sodass es immer in der idealen Position bleibt. Am Ende der \u00c4rmel befindet sich ein mikroperforiertes Gummiband mit hypoallergenem Silikongriff, damit sie immer fest am Arm bleiben. An der Taille befindet sich ein Besatz, der das Trikot an Ihren K\u00f6rper anpasst. Dazu geh\u00f6ren 360\u00b0 reflektierende Linien, die Ihre Sicherheit erh\u00f6hen, da sie das Licht der Fahrzeuge reflektieren. Im Lendenbereich sind 3 Taschen mit dem neuen Sicherheitssystem ISP \u2013 Inverse Safe Pocket \u2013 integriert, in denen Sie jeden Gegenstand aufbewahren k\u00f6nnen, ohne bef\u00fcrchten zu m\u00fcssen, ihn zu verlieren. Genie\u00dfen Sie das Radfahren ohne Sorgen. Die anatomische Form des Halses erm\u00f6glicht eine st\u00f6rungsfreie Anpassung an die Fahrposition und verhindert das Eindringen von Luft. Dar\u00fcber hinaus sorgt die Struktur seiner Stoffe f\u00fcr eine gute Windstr\u00f6mung, um die Aerodynamik zu erh\u00f6hen und alle Ihre Anstrengungen zu optimieren.<\/p>\n","protected":false},"featured_media":243339,"comment_status":"closed","ping_status":"closed","template":"","meta":{"_acf_changed":false},"product_brand":[],"product_cat":[14990],"product_tag":[],"custom_category":[],"range":[],"class_list":{"0":"post-243445","1":"product","2":"type-product","3":"status-publish","4":"has-post-thumbnail","6":"product_cat-teams-de","7":"pa_climatologia-calor-de","8":"pa_deporte-ciclismo-de","9":"pa_genero-mujer-de","10":"pa_genero-hombre-de","11":"pa_patronaje-regular-de","12":"pa_talla-s-de","13":"pa_talla-m-de","14":"pa_talla-l-de","15":"pa_talla-xl-de","16":"pa_talla-xxl-de","17":"pa_talla-xs-de","18":"pa_talla-xxxl-de","19":"pa_tipo-de-prenda-maillot-manga-corta-de","21":"first","22":"instock","23":"taxable","24":"shipping-taxable","25":"purchasable","26":"product-type-variable"},"acf":[],"yoast_head":"<!-- This site is optimized with the Yoast SEO plugin v27.5 - https:\/\/yoast.com\/product\/yoast-seo-wordpress\/ -->\n<title>Radtrikot X-SAUCE FACTORY TEAM | INVERSE<\/title>\n<meta name=\"description\" content=\"X-SAUCE FACTORY TEAM 2025 Radtrikot, perfekt f\u00fcr MTB und Stra\u00dfenradfahren. Hergestellt in Barcelona von Inverse. Schnittmuster f\u00fcr M\u00e4nner und Frauen.\" \/>\n<meta name=\"robots\" content=\"index, follow, max-snippet:-1, max-image-preview:large, max-video-preview:-1\" \/>\n<link rel=\"canonical\" href=\"https:\/\/www.inverseteams.com\/de\/produkt\/radtrikot-x-sauce-factory-team-2025-herren-damen\/\" \/>\n<meta property=\"og:locale\" content=\"de_DE\" \/>\n<meta property=\"og:type\" content=\"article\" \/>\n<meta property=\"og:title\" content=\"Radtrikot X-SAUCE FACTORY TEAM | INVERSE\" \/>\n<meta property=\"og:description\" content=\"X-SAUCE FACTORY TEAM 2025 Radtrikot, perfekt f\u00fcr MTB und Stra\u00dfenradfahren. Hergestellt in Barcelona von Inverse. Schnittmuster f\u00fcr M\u00e4nner und Frauen.\" \/>\n<meta property=\"og:url\" content=\"https:\/\/www.inverseteams.com\/de\/produkt\/radtrikot-x-sauce-factory-team-2025-herren-damen\/\" \/>\n<meta property=\"og:site_name\" content=\"Inverseteams\" \/>\n<meta property=\"article:publisher\" content=\"https:\/\/www.facebook.com\/inverseteams\" \/>\n<meta property=\"article:modified_time\" content=\"2025-02-21T17:05:36+00:00\" \/>\n<meta property=\"og:image\" content=\"https:\/\/www.inverseteams.com\/wp-content\/uploads\/MAILLOT-CICLISMO-X-SAUCE-FACTORY-TEAM-1.jpg\" \/>\n\t<meta property=\"og:image:width\" content=\"1500\" \/>\n\t<meta property=\"og:image:height\" content=\"1612\" \/>\n\t<meta property=\"og:image:type\" content=\"image\/jpeg\" \/>\n<meta name=\"twitter:card\" content=\"summary_large_image\" \/>\n<meta name=\"twitter:label1\" content=\"Gesch\u00e4tzte Lesezeit\" \/>\n\t<meta name=\"twitter:data1\" content=\"2\u00a0Minute\" \/>\n<script type=\"application\/ld+json\" class=\"yoast-schema-graph\">{\"@context\":\"https:\\\/\\\/schema.org\",\"@graph\":[{\"@type\":\"WebPage\",\"@id\":\"https:\\\/\\\/www.inverseteams.com\\\/de\\\/produkt\\\/radtrikot-x-sauce-factory-team-2025-herren-damen\\\/\",\"url\":\"https:\\\/\\\/www.inverseteams.com\\\/de\\\/produkt\\\/radtrikot-x-sauce-factory-team-2025-herren-damen\\\/\",\"name\":\"Radtrikot X-SAUCE FACTORY TEAM | INVERSE\",\"isPartOf\":{\"@id\":\"https:\\\/\\\/www.inverseteams.com\\\/de\\\/#website\"},\"primaryImageOfPage\":{\"@id\":\"https:\\\/\\\/www.inverseteams.com\\\/de\\\/produkt\\\/radtrikot-x-sauce-factory-team-2025-herren-damen\\\/#primaryimage\"},\"image\":{\"@id\":\"https:\\\/\\\/www.inverseteams.com\\\/de\\\/produkt\\\/radtrikot-x-sauce-factory-team-2025-herren-damen\\\/#primaryimage\"},\"thumbnailUrl\":\"https:\\\/\\\/www.inverseteams.com\\\/wp-content\\\/uploads\\\/MAILLOT-CICLISMO-X-SAUCE-FACTORY-TEAM-1.jpg\",\"datePublished\":\"2025-02-21T16:38:34+00:00\",\"dateModified\":\"2025-02-21T17:05:36+00:00\",\"description\":\"X-SAUCE FACTORY TEAM 2025 Radtrikot, perfekt f\u00fcr MTB und Stra\u00dfenradfahren. Hergestellt in Barcelona von Inverse. Schnittmuster f\u00fcr M\u00e4nner und Frauen.\",\"breadcrumb\":{\"@id\":\"https:\\\/\\\/www.inverseteams.com\\\/de\\\/produkt\\\/radtrikot-x-sauce-factory-team-2025-herren-damen\\\/#breadcrumb\"},\"inLanguage\":\"de\",\"potentialAction\":[{\"@type\":\"ReadAction\",\"target\":[\"https:\\\/\\\/www.inverseteams.com\\\/de\\\/produkt\\\/radtrikot-x-sauce-factory-team-2025-herren-damen\\\/\"]}]},{\"@type\":\"ImageObject\",\"inLanguage\":\"de\",\"@id\":\"https:\\\/\\\/www.inverseteams.com\\\/de\\\/produkt\\\/radtrikot-x-sauce-factory-team-2025-herren-damen\\\/#primaryimage\",\"url\":\"https:\\\/\\\/www.inverseteams.com\\\/wp-content\\\/uploads\\\/MAILLOT-CICLISMO-X-SAUCE-FACTORY-TEAM-1.jpg\",\"contentUrl\":\"https:\\\/\\\/www.inverseteams.com\\\/wp-content\\\/uploads\\\/MAILLOT-CICLISMO-X-SAUCE-FACTORY-TEAM-1.jpg\",\"width\":1500,\"height\":1612,\"caption\":\"MAILLOT MTB X-SAUCE\"},{\"@type\":\"BreadcrumbList\",\"@id\":\"https:\\\/\\\/www.inverseteams.com\\\/de\\\/produkt\\\/radtrikot-x-sauce-factory-team-2025-herren-damen\\\/#breadcrumb\",\"itemListElement\":[{\"@type\":\"ListItem\",\"position\":1,\"name\":\"Portada\",\"item\":\"https:\\\/\\\/www.inverseteams.com\\\/de\\\/\"},{\"@type\":\"ListItem\",\"position\":2,\"name\":\"Speichern\",\"item\":\"https:\\\/\\\/www.inverseteams.com\\\/de\\\/speichern\\\/\"},{\"@type\":\"ListItem\",\"position\":3,\"name\":\"Radtrikot X-SAUCE FACTORY TEAM 2025 (HERREN &#8211; DAMEN)\"}]},{\"@type\":\"WebSite\",\"@id\":\"https:\\\/\\\/www.inverseteams.com\\\/de\\\/#website\",\"url\":\"https:\\\/\\\/www.inverseteams.com\\\/de\\\/\",\"name\":\"Inverseteams\",\"description\":\"Tu marca de ropa deportiva personalizada\",\"publisher\":{\"@id\":\"https:\\\/\\\/www.inverseteams.com\\\/de\\\/#organization\"},\"potentialAction\":[{\"@type\":\"SearchAction\",\"target\":{\"@type\":\"EntryPoint\",\"urlTemplate\":\"https:\\\/\\\/www.inverseteams.com\\\/de\\\/?s={search_term_string}\"},\"query-input\":{\"@type\":\"PropertyValueSpecification\",\"valueRequired\":true,\"valueName\":\"search_term_string\"}}],\"inLanguage\":\"de\"},{\"@type\":\"Organization\",\"@id\":\"https:\\\/\\\/www.inverseteams.com\\\/de\\\/#organization\",\"name\":\"Inverse Teams\",\"url\":\"https:\\\/\\\/www.inverseteams.com\\\/de\\\/\",\"logo\":{\"@type\":\"ImageObject\",\"inLanguage\":\"de\",\"@id\":\"https:\\\/\\\/www.inverseteams.com\\\/de\\\/#\\\/schema\\\/logo\\\/image\\\/\",\"url\":\"https:\\\/\\\/www.inverseteams.com\\\/wp-content\\\/uploads\\\/2021\\\/03\\\/logo-inverse-teams.png\",\"contentUrl\":\"https:\\\/\\\/www.inverseteams.com\\\/wp-content\\\/uploads\\\/2021\\\/03\\\/logo-inverse-teams.png\",\"width\":294,\"height\":99,\"caption\":\"Inverse Teams\"},\"image\":{\"@id\":\"https:\\\/\\\/www.inverseteams.com\\\/de\\\/#\\\/schema\\\/logo\\\/image\\\/\"},\"sameAs\":[\"https:\\\/\\\/www.facebook.com\\\/inverseteams\",\"http:\\\/\\\/instagram.com\\\/inverseteams\",\"https:\\\/\\\/www.linkedin.com\\\/company\\\/inverse-cirosport-s-l-?trk=job_view_topcard_company_name\",\"http:\\\/\\\/www.pinterest.com\\\/inverseteams\\\/\",\"http:\\\/\\\/www.youtube.com\\\/user\\\/inverseteams?feature=watch\"]}]}<\/script>\n<!-- \/ Yoast SEO plugin. -->","yoast_head_json":{"title":"Radtrikot X-SAUCE FACTORY TEAM | INVERSE","description":"X-SAUCE FACTORY TEAM 2025 Radtrikot, perfekt f\u00fcr MTB und Stra\u00dfenradfahren. Hergestellt in Barcelona von Inverse. Schnittmuster f\u00fcr M\u00e4nner und Frauen.","robots":{"index":"index","follow":"follow","max-snippet":"max-snippet:-1","max-image-preview":"max-image-preview:large","max-video-preview":"max-video-preview:-1"},"canonical":"https:\/\/www.inverseteams.com\/de\/produkt\/radtrikot-x-sauce-factory-team-2025-herren-damen\/","og_locale":"de_DE","og_type":"article","og_title":"Radtrikot X-SAUCE FACTORY TEAM | INVERSE","og_description":"X-SAUCE FACTORY TEAM 2025 Radtrikot, perfekt f\u00fcr MTB und Stra\u00dfenradfahren. Hergestellt in Barcelona von Inverse. Schnittmuster f\u00fcr M\u00e4nner und Frauen.","og_url":"https:\/\/www.inverseteams.com\/de\/produkt\/radtrikot-x-sauce-factory-team-2025-herren-damen\/","og_site_name":"Inverseteams","article_publisher":"https:\/\/www.facebook.com\/inverseteams","article_modified_time":"2025-02-21T17:05:36+00:00","og_image":[{"width":1500,"height":1612,"url":"https:\/\/www.inverseteams.com\/wp-content\/uploads\/MAILLOT-CICLISMO-X-SAUCE-FACTORY-TEAM-1.jpg","type":"image\/jpeg"}],"twitter_card":"summary_large_image","twitter_misc":{"Gesch\u00e4tzte Lesezeit":"2\u00a0Minute"},"schema":{"@context":"https:\/\/schema.org","@graph":[{"@type":"WebPage","@id":"https:\/\/www.inverseteams.com\/de\/produkt\/radtrikot-x-sauce-factory-team-2025-herren-damen\/","url":"https:\/\/www.inverseteams.com\/de\/produkt\/radtrikot-x-sauce-factory-team-2025-herren-damen\/","name":"Radtrikot X-SAUCE FACTORY TEAM | INVERSE","isPartOf":{"@id":"https:\/\/www.inverseteams.com\/de\/#website"},"primaryImageOfPage":{"@id":"https:\/\/www.inverseteams.com\/de\/produkt\/radtrikot-x-sauce-factory-team-2025-herren-damen\/#primaryimage"},"image":{"@id":"https:\/\/www.inverseteams.com\/de\/produkt\/radtrikot-x-sauce-factory-team-2025-herren-damen\/#primaryimage"},"thumbnailUrl":"https:\/\/www.inverseteams.com\/wp-content\/uploads\/MAILLOT-CICLISMO-X-SAUCE-FACTORY-TEAM-1.jpg","datePublished":"2025-02-21T16:38:34+00:00","dateModified":"2025-02-21T17:05:36+00:00","description":"X-SAUCE FACTORY TEAM 2025 Radtrikot, perfekt f\u00fcr MTB und Stra\u00dfenradfahren. Hergestellt in Barcelona von Inverse. Schnittmuster f\u00fcr M\u00e4nner und Frauen.","breadcrumb":{"@id":"https:\/\/www.inverseteams.com\/de\/produkt\/radtrikot-x-sauce-factory-team-2025-herren-damen\/#breadcrumb"},"inLanguage":"de","potentialAction":[{"@type":"ReadAction","target":["https:\/\/www.inverseteams.com\/de\/produkt\/radtrikot-x-sauce-factory-team-2025-herren-damen\/"]}]},{"@type":"ImageObject","inLanguage":"de","@id":"https:\/\/www.inverseteams.com\/de\/produkt\/radtrikot-x-sauce-factory-team-2025-herren-damen\/#primaryimage","url":"https:\/\/www.inverseteams.com\/wp-content\/uploads\/MAILLOT-CICLISMO-X-SAUCE-FACTORY-TEAM-1.jpg","contentUrl":"https:\/\/www.inverseteams.com\/wp-content\/uploads\/MAILLOT-CICLISMO-X-SAUCE-FACTORY-TEAM-1.jpg","width":1500,"height":1612,"caption":"MAILLOT MTB X-SAUCE"},{"@type":"BreadcrumbList","@id":"https:\/\/www.inverseteams.com\/de\/produkt\/radtrikot-x-sauce-factory-team-2025-herren-damen\/#breadcrumb","itemListElement":[{"@type":"ListItem","position":1,"name":"Portada","item":"https:\/\/www.inverseteams.com\/de\/"},{"@type":"ListItem","position":2,"name":"Speichern","item":"https:\/\/www.inverseteams.com\/de\/speichern\/"},{"@type":"ListItem","position":3,"name":"Radtrikot X-SAUCE FACTORY TEAM 2025 (HERREN &#8211; DAMEN)"}]},{"@type":"WebSite","@id":"https:\/\/www.inverseteams.com\/de\/#website","url":"https:\/\/www.inverseteams.com\/de\/","name":"Inverseteams","description":"Tu marca de ropa deportiva personalizada","publisher":{"@id":"https:\/\/www.inverseteams.com\/de\/#organization"},"potentialAction":[{"@type":"SearchAction","target":{"@type":"EntryPoint","urlTemplate":"https:\/\/www.inverseteams.com\/de\/?s={search_term_string}"},"query-input":{"@type":"PropertyValueSpecification","valueRequired":true,"valueName":"search_term_string"}}],"inLanguage":"de"},{"@type":"Organization","@id":"https:\/\/www.inverseteams.com\/de\/#organization","name":"Inverse Teams","url":"https:\/\/www.inverseteams.com\/de\/","logo":{"@type":"ImageObject","inLanguage":"de","@id":"https:\/\/www.inverseteams.com\/de\/#\/schema\/logo\/image\/","url":"https:\/\/www.inverseteams.com\/wp-content\/uploads\/2021\/03\/logo-inverse-teams.png","contentUrl":"https:\/\/www.inverseteams.com\/wp-content\/uploads\/2021\/03\/logo-inverse-teams.png","width":294,"height":99,"caption":"Inverse Teams"},"image":{"@id":"https:\/\/www.inverseteams.com\/de\/#\/schema\/logo\/image\/"},"sameAs":["https:\/\/www.facebook.com\/inverseteams","http:\/\/instagram.com\/inverseteams","https:\/\/www.linkedin.com\/company\/inverse-cirosport-s-l-?trk=job_view_topcard_company_name","http:\/\/www.pinterest.com\/inverseteams\/","http:\/\/www.youtube.com\/user\/inverseteams?feature=watch"]}]}},"_links":{"self":[{"href":"https:\/\/www.inverseteams.com\/de\/wp-json\/wp\/v2\/product\/243445","targetHints":{"allow":["GET"]}}],"collection":[{"href":"https:\/\/www.inverseteams.com\/de\/wp-json\/wp\/v2\/product"}],"about":[{"href":"https:\/\/www.inverseteams.com\/de\/wp-json\/wp\/v2\/types\/product"}],"replies":[{"embeddable":true,"href":"https:\/\/www.inverseteams.com\/de\/wp-json\/wp\/v2\/comments?post=243445"}],"wp:featuredmedia":[{"embeddable":true,"href":"https:\/\/www.inverseteams.com\/de\/wp-json\/wp\/v2\/media\/243339"}],"wp:attachment":[{"href":"https:\/\/www.inverseteams.com\/de\/wp-json\/wp\/v2\/media?parent=243445"}],"wp:term":[{"taxonomy":"product_brand","embeddable":true,"href":"https:\/\/www.inverseteams.com\/de\/wp-json\/wp\/v2\/product_brand?post=243445"},{"taxonomy":"product_cat","embeddable":true,"href":"https:\/\/www.inverseteams.com\/de\/wp-json\/wp\/v2\/product_cat?post=243445"},{"taxonomy":"product_tag","embeddable":true,"href":"https:\/\/www.inverseteams.com\/de\/wp-json\/wp\/v2\/product_tag?post=243445"},{"taxonomy":"custom_category","embeddable":true,"href":"https:\/\/www.inverseteams.com\/de\/wp-json\/wp\/v2\/custom_category?post=243445"},{"taxonomy":"range","embeddable":true,"href":"https:\/\/www.inverseteams.com\/de\/wp-json\/wp\/v2\/range?post=243445"}],"curies":[{"name":"wp","href":"https:\/\/api.w.org\/{rel}","templated":true}]}}