{"id":238393,"date":"2025-01-27T17:12:34","date_gmt":"2025-01-27T21:46:55","guid":{"rendered":"https:\/\/www.inverseteams.com\/?post_type=product&#038;p=238393"},"modified":"2025-10-02T00:02:03","modified_gmt":"2025-10-02T00:02:03","slug":"sportsocken-sack-black","status":"publish","type":"product","link":"https:\/\/www.inverseteams.com\/de\/produkt\/sportsocken-sack-black\/","title":{"rendered":"Sportsocken SACK BLACK"},"content":{"rendered":"<p>Durch die offene Gewebestruktur entsteht eine \u00e4u\u00dferst atmungsaktive Socke. Die Struktur des Garns erm\u00f6glicht eine sehr gute Passform der Socke und verhindert ein Verrutschen des Fu\u00dfes im Sportschuh.<br \/>\nDiese Socken haben einen mittleren Schnitt (20 cm) und zeichnen sich durch eine verst\u00e4rkte Spitze und Ferse aus, um Schutz und Komfort zu erh\u00f6hen.<\/p>\n","protected":false},"excerpt":{"rendered":"<p>Durch die offene Gewebestruktur entsteht eine \u00e4u\u00dferst atmungsaktive Socke. Die Struktur des Garns erm\u00f6glicht eine sehr gute Passform der Socke und verhindert ein Verrutschen des Fu\u00dfes im Sportschuh.<br \/>\nDiese Socken haben einen mittleren Schnitt (20 cm) und zeichnen sich durch eine verst\u00e4rkte Spitze und Ferse aus, um Schutz und Komfort zu erh\u00f6hen.<\/p>\n","protected":false},"featured_media":237803,"comment_status":"closed","ping_status":"closed","template":"","meta":{"_acf_changed":false},"product_brand":[],"product_cat":[11153,11182,11195],"product_tag":[],"custom_category":[],"range":[],"class_list":{"0":"post-238393","1":"product","2":"type-product","3":"status-publish","4":"has-post-thumbnail","6":"product_cat-b2b-de","7":"product_cat-socken","8":"product_cat-sportliches-zubehor","9":"pa_climatologia-temperatura-templada-de","10":"pa_climatologia-calor-de","11":"pa_deporte-trail-de","12":"pa_deporte-running-de","13":"pa_deporte-casual-de","14":"pa_deporte-ocr-de","15":"pa_deporte-ciclismo-de","16":"pa_genero-infantil-de","17":"pa_genero-hombre-de","18":"pa_genero-mujer-de","19":"pa_talla-s-m-de","20":"pa_talla-l-xl-de","21":"pa_tipo-de-prenda-calcetin-de","23":"first","24":"outofstock","25":"taxable","26":"shipping-taxable","27":"product-type-variable","28":"has-default-attributes"},"acf":[],"yoast_head":"<!-- This site is optimized with the Yoast SEO plugin v27.3 - https:\/\/yoast.com\/product\/yoast-seo-wordpress\/ -->\n<title>Sportsocken SACK BLACK<\/title>\n<meta name=\"description\" content=\"Durch die offene Gewebestruktur entsteht eine \u00e4u\u00dferst atmungsaktive Socke. Die Struktur des Garns erm\u00f6glicht eine sehr gute Passform der Socke und verhindert ein Verrutschen des Fu\u00dfes im Sportschuh. Diese Socken haben einen mittleren Schnitt (20 cm) und zeichnen sich durch eine verst\u00e4rkte Spitze und Ferse aus, um Schutz und Komfort zu erh\u00f6hen.\" \/>\n<meta name=\"robots\" content=\"index, follow, max-snippet:-1, max-image-preview:large, max-video-preview:-1\" \/>\n<link rel=\"canonical\" href=\"https:\/\/www.inverseteams.com\/de\/produkt\/sportsocken-sack-black\/\" \/>\n<meta property=\"og:locale\" content=\"de_DE\" \/>\n<meta property=\"og:type\" content=\"article\" \/>\n<meta property=\"og:title\" content=\"Sportsocken SACK BLACK\" \/>\n<meta property=\"og:description\" content=\"Durch die offene Gewebestruktur entsteht eine \u00e4u\u00dferst atmungsaktive Socke. Die Struktur des Garns erm\u00f6glicht eine sehr gute Passform der Socke und verhindert ein Verrutschen des Fu\u00dfes im Sportschuh. Diese Socken haben einen mittleren Schnitt (20 cm) und zeichnen sich durch eine verst\u00e4rkte Spitze und Ferse aus, um Schutz und Komfort zu erh\u00f6hen.\" \/>\n<meta property=\"og:url\" content=\"https:\/\/www.inverseteams.com\/de\/produkt\/sportsocken-sack-black\/\" \/>\n<meta property=\"og:site_name\" content=\"Inverseteams\" \/>\n<meta property=\"article:publisher\" content=\"https:\/\/www.facebook.com\/inverseteams\" \/>\n<meta property=\"article:modified_time\" content=\"2025-10-02T00:02:03+00:00\" \/>\n<meta property=\"og:image\" content=\"https:\/\/www.inverseteams.com\/wp-content\/uploads\/CALCETINES-DEPORTIVOS-SACK-BLACK-1.jpg\" \/>\n\t<meta property=\"og:image:width\" content=\"1500\" \/>\n\t<meta property=\"og:image:height\" content=\"1612\" \/>\n\t<meta property=\"og:image:type\" content=\"image\/jpeg\" \/>\n<meta name=\"twitter:card\" content=\"summary_large_image\" \/>\n<meta name=\"twitter:label1\" content=\"Gesch\u00e4tzte Lesezeit\" \/>\n\t<meta name=\"twitter:data1\" content=\"1\u00a0Minute\" \/>\n<script type=\"application\/ld+json\" class=\"yoast-schema-graph\">{\"@context\":\"https:\\\/\\\/schema.org\",\"@graph\":[{\"@type\":\"WebPage\",\"@id\":\"https:\\\/\\\/www.inverseteams.com\\\/de\\\/produkt\\\/sportsocken-sack-black\\\/\",\"url\":\"https:\\\/\\\/www.inverseteams.com\\\/de\\\/produkt\\\/sportsocken-sack-black\\\/\",\"name\":\"Sportsocken SACK BLACK\",\"isPartOf\":{\"@id\":\"https:\\\/\\\/www.inverseteams.com\\\/de\\\/#website\"},\"primaryImageOfPage\":{\"@id\":\"https:\\\/\\\/www.inverseteams.com\\\/de\\\/produkt\\\/sportsocken-sack-black\\\/#primaryimage\"},\"image\":{\"@id\":\"https:\\\/\\\/www.inverseteams.com\\\/de\\\/produkt\\\/sportsocken-sack-black\\\/#primaryimage\"},\"thumbnailUrl\":\"https:\\\/\\\/www.inverseteams.com\\\/wp-content\\\/uploads\\\/CALCETINES-DEPORTIVOS-SACK-BLACK-1.jpg\",\"datePublished\":\"2025-01-27T21:46:55+00:00\",\"dateModified\":\"2025-10-02T00:02:03+00:00\",\"description\":\"Durch die offene Gewebestruktur entsteht eine \u00e4u\u00dferst atmungsaktive Socke. Die Struktur des Garns erm\u00f6glicht eine sehr gute Passform der Socke und verhindert ein Verrutschen des Fu\u00dfes im Sportschuh. Diese Socken haben einen mittleren Schnitt (20 cm) und zeichnen sich durch eine verst\u00e4rkte Spitze und Ferse aus, um Schutz und Komfort zu erh\u00f6hen.\",\"breadcrumb\":{\"@id\":\"https:\\\/\\\/www.inverseteams.com\\\/de\\\/produkt\\\/sportsocken-sack-black\\\/#breadcrumb\"},\"inLanguage\":\"de\",\"potentialAction\":[{\"@type\":\"ReadAction\",\"target\":[\"https:\\\/\\\/www.inverseteams.com\\\/de\\\/produkt\\\/sportsocken-sack-black\\\/\"]}]},{\"@type\":\"ImageObject\",\"inLanguage\":\"de\",\"@id\":\"https:\\\/\\\/www.inverseteams.com\\\/de\\\/produkt\\\/sportsocken-sack-black\\\/#primaryimage\",\"url\":\"https:\\\/\\\/www.inverseteams.com\\\/wp-content\\\/uploads\\\/CALCETINES-DEPORTIVOS-SACK-BLACK-1.jpg\",\"contentUrl\":\"https:\\\/\\\/www.inverseteams.com\\\/wp-content\\\/uploads\\\/CALCETINES-DEPORTIVOS-SACK-BLACK-1.jpg\",\"width\":1500,\"height\":1612},{\"@type\":\"BreadcrumbList\",\"@id\":\"https:\\\/\\\/www.inverseteams.com\\\/de\\\/produkt\\\/sportsocken-sack-black\\\/#breadcrumb\",\"itemListElement\":[{\"@type\":\"ListItem\",\"position\":1,\"name\":\"Portada\",\"item\":\"https:\\\/\\\/www.inverseteams.com\\\/de\\\/\"},{\"@type\":\"ListItem\",\"position\":2,\"name\":\"Speichern\",\"item\":\"https:\\\/\\\/www.inverseteams.com\\\/de\\\/speichern\\\/\"},{\"@type\":\"ListItem\",\"position\":3,\"name\":\"Sportsocken SACK BLACK\"}]},{\"@type\":\"WebSite\",\"@id\":\"https:\\\/\\\/www.inverseteams.com\\\/de\\\/#website\",\"url\":\"https:\\\/\\\/www.inverseteams.com\\\/de\\\/\",\"name\":\"Inverseteams\",\"description\":\"Tu marca de ropa deportiva personalizada\",\"publisher\":{\"@id\":\"https:\\\/\\\/www.inverseteams.com\\\/de\\\/#organization\"},\"potentialAction\":[{\"@type\":\"SearchAction\",\"target\":{\"@type\":\"EntryPoint\",\"urlTemplate\":\"https:\\\/\\\/www.inverseteams.com\\\/de\\\/?s={search_term_string}\"},\"query-input\":{\"@type\":\"PropertyValueSpecification\",\"valueRequired\":true,\"valueName\":\"search_term_string\"}}],\"inLanguage\":\"de\"},{\"@type\":\"Organization\",\"@id\":\"https:\\\/\\\/www.inverseteams.com\\\/de\\\/#organization\",\"name\":\"Inverse Teams\",\"url\":\"https:\\\/\\\/www.inverseteams.com\\\/de\\\/\",\"logo\":{\"@type\":\"ImageObject\",\"inLanguage\":\"de\",\"@id\":\"https:\\\/\\\/www.inverseteams.com\\\/de\\\/#\\\/schema\\\/logo\\\/image\\\/\",\"url\":\"http:\\\/\\\/www.inverseteams.com\\\/wp-content\\\/uploads\\\/2021\\\/03\\\/logo-inverse-teams.png\",\"contentUrl\":\"http:\\\/\\\/www.inverseteams.com\\\/wp-content\\\/uploads\\\/2021\\\/03\\\/logo-inverse-teams.png\",\"width\":294,\"height\":99,\"caption\":\"Inverse Teams\"},\"image\":{\"@id\":\"https:\\\/\\\/www.inverseteams.com\\\/de\\\/#\\\/schema\\\/logo\\\/image\\\/\"},\"sameAs\":[\"https:\\\/\\\/www.facebook.com\\\/inverseteams\",\"http:\\\/\\\/instagram.com\\\/inverseteams\",\"https:\\\/\\\/www.linkedin.com\\\/company\\\/inverse-cirosport-s-l-?trk=job_view_topcard_company_name\",\"http:\\\/\\\/www.pinterest.com\\\/inverseteams\\\/\",\"http:\\\/\\\/www.youtube.com\\\/user\\\/inverseteams?feature=watch\"]}]}<\/script>\n<!-- \/ Yoast SEO plugin. -->","yoast_head_json":{"title":"Sportsocken SACK BLACK","description":"Durch die offene Gewebestruktur entsteht eine \u00e4u\u00dferst atmungsaktive Socke. Die Struktur des Garns erm\u00f6glicht eine sehr gute Passform der Socke und verhindert ein Verrutschen des Fu\u00dfes im Sportschuh. Diese Socken haben einen mittleren Schnitt (20 cm) und zeichnen sich durch eine verst\u00e4rkte Spitze und Ferse aus, um Schutz und Komfort zu erh\u00f6hen.","robots":{"index":"index","follow":"follow","max-snippet":"max-snippet:-1","max-image-preview":"max-image-preview:large","max-video-preview":"max-video-preview:-1"},"canonical":"https:\/\/www.inverseteams.com\/de\/produkt\/sportsocken-sack-black\/","og_locale":"de_DE","og_type":"article","og_title":"Sportsocken SACK BLACK","og_description":"Durch die offene Gewebestruktur entsteht eine \u00e4u\u00dferst atmungsaktive Socke. Die Struktur des Garns erm\u00f6glicht eine sehr gute Passform der Socke und verhindert ein Verrutschen des Fu\u00dfes im Sportschuh. Diese Socken haben einen mittleren Schnitt (20 cm) und zeichnen sich durch eine verst\u00e4rkte Spitze und Ferse aus, um Schutz und Komfort zu erh\u00f6hen.","og_url":"https:\/\/www.inverseteams.com\/de\/produkt\/sportsocken-sack-black\/","og_site_name":"Inverseteams","article_publisher":"https:\/\/www.facebook.com\/inverseteams","article_modified_time":"2025-10-02T00:02:03+00:00","og_image":[{"width":1500,"height":1612,"url":"https:\/\/www.inverseteams.com\/wp-content\/uploads\/CALCETINES-DEPORTIVOS-SACK-BLACK-1.jpg","type":"image\/jpeg"}],"twitter_card":"summary_large_image","twitter_misc":{"Gesch\u00e4tzte Lesezeit":"1\u00a0Minute"},"schema":{"@context":"https:\/\/schema.org","@graph":[{"@type":"WebPage","@id":"https:\/\/www.inverseteams.com\/de\/produkt\/sportsocken-sack-black\/","url":"https:\/\/www.inverseteams.com\/de\/produkt\/sportsocken-sack-black\/","name":"Sportsocken SACK BLACK","isPartOf":{"@id":"https:\/\/www.inverseteams.com\/de\/#website"},"primaryImageOfPage":{"@id":"https:\/\/www.inverseteams.com\/de\/produkt\/sportsocken-sack-black\/#primaryimage"},"image":{"@id":"https:\/\/www.inverseteams.com\/de\/produkt\/sportsocken-sack-black\/#primaryimage"},"thumbnailUrl":"https:\/\/www.inverseteams.com\/wp-content\/uploads\/CALCETINES-DEPORTIVOS-SACK-BLACK-1.jpg","datePublished":"2025-01-27T21:46:55+00:00","dateModified":"2025-10-02T00:02:03+00:00","description":"Durch die offene Gewebestruktur entsteht eine \u00e4u\u00dferst atmungsaktive Socke. Die Struktur des Garns erm\u00f6glicht eine sehr gute Passform der Socke und verhindert ein Verrutschen des Fu\u00dfes im Sportschuh. Diese Socken haben einen mittleren Schnitt (20 cm) und zeichnen sich durch eine verst\u00e4rkte Spitze und Ferse aus, um Schutz und Komfort zu erh\u00f6hen.","breadcrumb":{"@id":"https:\/\/www.inverseteams.com\/de\/produkt\/sportsocken-sack-black\/#breadcrumb"},"inLanguage":"de","potentialAction":[{"@type":"ReadAction","target":["https:\/\/www.inverseteams.com\/de\/produkt\/sportsocken-sack-black\/"]}]},{"@type":"ImageObject","inLanguage":"de","@id":"https:\/\/www.inverseteams.com\/de\/produkt\/sportsocken-sack-black\/#primaryimage","url":"https:\/\/www.inverseteams.com\/wp-content\/uploads\/CALCETINES-DEPORTIVOS-SACK-BLACK-1.jpg","contentUrl":"https:\/\/www.inverseteams.com\/wp-content\/uploads\/CALCETINES-DEPORTIVOS-SACK-BLACK-1.jpg","width":1500,"height":1612},{"@type":"BreadcrumbList","@id":"https:\/\/www.inverseteams.com\/de\/produkt\/sportsocken-sack-black\/#breadcrumb","itemListElement":[{"@type":"ListItem","position":1,"name":"Portada","item":"https:\/\/www.inverseteams.com\/de\/"},{"@type":"ListItem","position":2,"name":"Speichern","item":"https:\/\/www.inverseteams.com\/de\/speichern\/"},{"@type":"ListItem","position":3,"name":"Sportsocken SACK BLACK"}]},{"@type":"WebSite","@id":"https:\/\/www.inverseteams.com\/de\/#website","url":"https:\/\/www.inverseteams.com\/de\/","name":"Inverseteams","description":"Tu marca de ropa deportiva personalizada","publisher":{"@id":"https:\/\/www.inverseteams.com\/de\/#organization"},"potentialAction":[{"@type":"SearchAction","target":{"@type":"EntryPoint","urlTemplate":"https:\/\/www.inverseteams.com\/de\/?s={search_term_string}"},"query-input":{"@type":"PropertyValueSpecification","valueRequired":true,"valueName":"search_term_string"}}],"inLanguage":"de"},{"@type":"Organization","@id":"https:\/\/www.inverseteams.com\/de\/#organization","name":"Inverse Teams","url":"https:\/\/www.inverseteams.com\/de\/","logo":{"@type":"ImageObject","inLanguage":"de","@id":"https:\/\/www.inverseteams.com\/de\/#\/schema\/logo\/image\/","url":"https:\/\/www.inverseteams.com\/wp-content\/uploads\/2021\/03\/logo-inverse-teams.png","contentUrl":"https:\/\/www.inverseteams.com\/wp-content\/uploads\/2021\/03\/logo-inverse-teams.png","width":294,"height":99,"caption":"Inverse Teams"},"image":{"@id":"https:\/\/www.inverseteams.com\/de\/#\/schema\/logo\/image\/"},"sameAs":["https:\/\/www.facebook.com\/inverseteams","http:\/\/instagram.com\/inverseteams","https:\/\/www.linkedin.com\/company\/inverse-cirosport-s-l-?trk=job_view_topcard_company_name","http:\/\/www.pinterest.com\/inverseteams\/","http:\/\/www.youtube.com\/user\/inverseteams?feature=watch"]}]}},"_links":{"self":[{"href":"https:\/\/www.inverseteams.com\/de\/wp-json\/wp\/v2\/product\/238393","targetHints":{"allow":["GET"]}}],"collection":[{"href":"https:\/\/www.inverseteams.com\/de\/wp-json\/wp\/v2\/product"}],"about":[{"href":"https:\/\/www.inverseteams.com\/de\/wp-json\/wp\/v2\/types\/product"}],"replies":[{"embeddable":true,"href":"https:\/\/www.inverseteams.com\/de\/wp-json\/wp\/v2\/comments?post=238393"}],"wp:featuredmedia":[{"embeddable":true,"href":"https:\/\/www.inverseteams.com\/de\/wp-json\/wp\/v2\/media\/237803"}],"wp:attachment":[{"href":"https:\/\/www.inverseteams.com\/de\/wp-json\/wp\/v2\/media?parent=238393"}],"wp:term":[{"taxonomy":"product_brand","embeddable":true,"href":"https:\/\/www.inverseteams.com\/de\/wp-json\/wp\/v2\/product_brand?post=238393"},{"taxonomy":"product_cat","embeddable":true,"href":"https:\/\/www.inverseteams.com\/de\/wp-json\/wp\/v2\/product_cat?post=238393"},{"taxonomy":"product_tag","embeddable":true,"href":"https:\/\/www.inverseteams.com\/de\/wp-json\/wp\/v2\/product_tag?post=238393"},{"taxonomy":"custom_category","embeddable":true,"href":"https:\/\/www.inverseteams.com\/de\/wp-json\/wp\/v2\/custom_category?post=238393"},{"taxonomy":"range","embeddable":true,"href":"https:\/\/www.inverseteams.com\/de\/wp-json\/wp\/v2\/range?post=238393"}],"curies":[{"name":"wp","href":"https:\/\/api.w.org\/{rel}","templated":true}]}}