{"id":238366,"date":"2025-01-27T17:01:11","date_gmt":"2025-01-27T21:39:08","guid":{"rendered":"https:\/\/www.inverseteams.com\/?post_type=product&#038;p=238366"},"modified":"2025-10-02T00:02:12","modified_gmt":"2025-10-02T00:02:12","slug":"sport-bh-eira-molo","status":"publish","type":"product","link":"https:\/\/www.inverseteams.com\/de\/produkt\/sport-bh-eira-molo\/","title":{"rendered":"Sport-BH EIRA MOLO"},"content":{"rendered":"<p>Die Vorderseite und die Seiten bestehen aus LYCRA REVOLUTION-Gewebe, sehr weich, elastisch und \u00e4u\u00dferst widerstandsf\u00e4hig. Im R\u00fcckenbereich wurde zur besseren Schwei\u00dfableitung ein St\u00fcck perforierter Stoff eingearbeitet. So bleibt Ihre Haut immer frisch und trocken.<br \/>\nF\u00fcr mehr Komfort beim Training ist der Ausschnitt leicht abgerundet. Die aus Polypropylen gefertigten Tr\u00e4ger sorgen f\u00fcr einen guten Halt des Oberteils, verhindern unbequeme Bewegungen und verteilen das Gewicht auf die Schultern.<br \/>\nEs ist mit einem bequemen elastischen Schaumstoffband versehen, das f\u00fcr guten Halt ohne Reibung sorgt.<\/p>\n","protected":false},"excerpt":{"rendered":"<p>Die Vorderseite und die Seiten bestehen aus LYCRA REVOLUTION-Gewebe, sehr weich, elastisch und \u00e4u\u00dferst widerstandsf\u00e4hig. Im R\u00fcckenbereich wurde zur besseren Schwei\u00dfableitung ein St\u00fcck perforierter Stoff eingearbeitet. So bleibt Ihre Haut immer frisch und trocken.<br \/>\nF\u00fcr mehr Komfort beim Training ist der Ausschnitt leicht abgerundet. Die aus Polypropylen gefertigten Tr\u00e4ger sorgen f\u00fcr einen guten Halt des Oberteils, verhindern unbequeme Bewegungen und verteilen das Gewicht auf die Schultern.<br \/>\nEs ist mit einem bequemen elastischen Schaumstoffband versehen, das f\u00fcr guten Halt ohne Reibung sorgt.<\/p>\n","protected":false},"featured_media":237776,"comment_status":"closed","ping_status":"closed","template":"","meta":{"_acf_changed":false},"product_brand":[],"product_cat":[11153,11190,11195],"product_tag":[],"custom_category":[],"range":[],"class_list":{"0":"post-238366","1":"product","2":"type-product","3":"status-publish","4":"has-post-thumbnail","6":"product_cat-b2b-de","7":"product_cat-radsportbekleidung","8":"product_cat-sportliches-zubehor","9":"pa_climatologia-temperatura-templada-de","10":"pa_climatologia-frio-de","11":"pa_climatologia-calor-de","12":"pa_deporte-gravel-de","13":"pa_deporte-ciclismo-de","14":"pa_deporte-trail-de","15":"pa_deporte-running-de","16":"pa_deporte-fitness-de","17":"pa_deporte-atletismo-de","18":"pa_deporte-crosstraining-de","19":"pa_genero-mujer-de","20":"pa_patronaje-fit-de","21":"pa_talla-xs-de","22":"pa_talla-s-de","23":"pa_talla-m-de","24":"pa_talla-l-de","25":"pa_talla-xl-de","26":"pa_tipo-de-prenda-top-de","28":"first","29":"outofstock","30":"taxable","31":"shipping-taxable","32":"product-type-variable","33":"has-default-attributes"},"acf":[],"yoast_head":"<!-- This site is optimized with the Yoast SEO plugin v27.3 - https:\/\/yoast.com\/product\/yoast-seo-wordpress\/ -->\n<title>Sport-BH EIRA MOLO<\/title>\n<meta name=\"description\" content=\"Die Vorderseite und die Seiten bestehen aus LYCRA REVOLUTION-Gewebe, sehr weich, elastisch und \u00e4u\u00dferst widerstandsf\u00e4hig. Im R\u00fcckenbereich wurde zur besseren Schwei\u00dfableitung ein St\u00fcck perforierter Stoff eingearbeitet. So bleibt Ihre Haut immer frisch und trocken. F\u00fcr mehr Komfort beim Training ist der Ausschnitt leicht abgerundet. Die aus Polypropylen gefertigten Tr\u00e4ger sorgen f\u00fcr einen guten Halt des Oberteils, verhindern unbequeme Bewegungen und verteilen das Gewicht auf die Schultern. Es ist mit einem bequemen elastischen Schaumstoffband versehen, das f\u00fcr guten Halt ohne Reibung sorgt.\" \/>\n<meta name=\"robots\" content=\"index, follow, max-snippet:-1, max-image-preview:large, max-video-preview:-1\" \/>\n<link rel=\"canonical\" href=\"https:\/\/www.inverseteams.com\/de\/produkt\/sport-bh-eira-molo\/\" \/>\n<meta property=\"og:locale\" content=\"de_DE\" \/>\n<meta property=\"og:type\" content=\"article\" \/>\n<meta property=\"og:title\" content=\"Sport-BH EIRA MOLO\" \/>\n<meta property=\"og:description\" content=\"Die Vorderseite und die Seiten bestehen aus LYCRA REVOLUTION-Gewebe, sehr weich, elastisch und \u00e4u\u00dferst widerstandsf\u00e4hig. Im R\u00fcckenbereich wurde zur besseren Schwei\u00dfableitung ein St\u00fcck perforierter Stoff eingearbeitet. So bleibt Ihre Haut immer frisch und trocken. F\u00fcr mehr Komfort beim Training ist der Ausschnitt leicht abgerundet. Die aus Polypropylen gefertigten Tr\u00e4ger sorgen f\u00fcr einen guten Halt des Oberteils, verhindern unbequeme Bewegungen und verteilen das Gewicht auf die Schultern. Es ist mit einem bequemen elastischen Schaumstoffband versehen, das f\u00fcr guten Halt ohne Reibung sorgt.\" \/>\n<meta property=\"og:url\" content=\"https:\/\/www.inverseteams.com\/de\/produkt\/sport-bh-eira-molo\/\" \/>\n<meta property=\"og:site_name\" content=\"Inverseteams\" \/>\n<meta property=\"article:publisher\" content=\"https:\/\/www.facebook.com\/inverseteams\" \/>\n<meta property=\"article:modified_time\" content=\"2025-10-02T00:02:12+00:00\" \/>\n<meta property=\"og:image\" content=\"https:\/\/www.inverseteams.com\/wp-content\/uploads\/TOP-DEPORTIVO-EIRA-MOLO-1.jpg\" \/>\n\t<meta property=\"og:image:width\" content=\"1500\" \/>\n\t<meta property=\"og:image:height\" content=\"1612\" \/>\n\t<meta property=\"og:image:type\" content=\"image\/jpeg\" \/>\n<meta name=\"twitter:card\" content=\"summary_large_image\" \/>\n<meta name=\"twitter:label1\" content=\"Gesch\u00e4tzte Lesezeit\" \/>\n\t<meta name=\"twitter:data1\" content=\"1\u00a0Minute\" \/>\n<script type=\"application\/ld+json\" class=\"yoast-schema-graph\">{\"@context\":\"https:\\\/\\\/schema.org\",\"@graph\":[{\"@type\":\"WebPage\",\"@id\":\"https:\\\/\\\/www.inverseteams.com\\\/de\\\/produkt\\\/sport-bh-eira-molo\\\/\",\"url\":\"https:\\\/\\\/www.inverseteams.com\\\/de\\\/produkt\\\/sport-bh-eira-molo\\\/\",\"name\":\"Sport-BH EIRA MOLO\",\"isPartOf\":{\"@id\":\"https:\\\/\\\/www.inverseteams.com\\\/de\\\/#website\"},\"primaryImageOfPage\":{\"@id\":\"https:\\\/\\\/www.inverseteams.com\\\/de\\\/produkt\\\/sport-bh-eira-molo\\\/#primaryimage\"},\"image\":{\"@id\":\"https:\\\/\\\/www.inverseteams.com\\\/de\\\/produkt\\\/sport-bh-eira-molo\\\/#primaryimage\"},\"thumbnailUrl\":\"https:\\\/\\\/www.inverseteams.com\\\/wp-content\\\/uploads\\\/TOP-DEPORTIVO-EIRA-MOLO-1.jpg\",\"datePublished\":\"2025-01-27T21:39:08+00:00\",\"dateModified\":\"2025-10-02T00:02:12+00:00\",\"description\":\"Die Vorderseite und die Seiten bestehen aus LYCRA REVOLUTION-Gewebe, sehr weich, elastisch und \u00e4u\u00dferst widerstandsf\u00e4hig. Im R\u00fcckenbereich wurde zur besseren Schwei\u00dfableitung ein St\u00fcck perforierter Stoff eingearbeitet. So bleibt Ihre Haut immer frisch und trocken. F\u00fcr mehr Komfort beim Training ist der Ausschnitt leicht abgerundet. Die aus Polypropylen gefertigten Tr\u00e4ger sorgen f\u00fcr einen guten Halt des Oberteils, verhindern unbequeme Bewegungen und verteilen das Gewicht auf die Schultern. Es ist mit einem bequemen elastischen Schaumstoffband versehen, das f\u00fcr guten Halt ohne Reibung sorgt.\",\"breadcrumb\":{\"@id\":\"https:\\\/\\\/www.inverseteams.com\\\/de\\\/produkt\\\/sport-bh-eira-molo\\\/#breadcrumb\"},\"inLanguage\":\"de\",\"potentialAction\":[{\"@type\":\"ReadAction\",\"target\":[\"https:\\\/\\\/www.inverseteams.com\\\/de\\\/produkt\\\/sport-bh-eira-molo\\\/\"]}]},{\"@type\":\"ImageObject\",\"inLanguage\":\"de\",\"@id\":\"https:\\\/\\\/www.inverseteams.com\\\/de\\\/produkt\\\/sport-bh-eira-molo\\\/#primaryimage\",\"url\":\"https:\\\/\\\/www.inverseteams.com\\\/wp-content\\\/uploads\\\/TOP-DEPORTIVO-EIRA-MOLO-1.jpg\",\"contentUrl\":\"https:\\\/\\\/www.inverseteams.com\\\/wp-content\\\/uploads\\\/TOP-DEPORTIVO-EIRA-MOLO-1.jpg\",\"width\":1500,\"height\":1612},{\"@type\":\"BreadcrumbList\",\"@id\":\"https:\\\/\\\/www.inverseteams.com\\\/de\\\/produkt\\\/sport-bh-eira-molo\\\/#breadcrumb\",\"itemListElement\":[{\"@type\":\"ListItem\",\"position\":1,\"name\":\"Portada\",\"item\":\"https:\\\/\\\/www.inverseteams.com\\\/de\\\/\"},{\"@type\":\"ListItem\",\"position\":2,\"name\":\"Speichern\",\"item\":\"https:\\\/\\\/www.inverseteams.com\\\/de\\\/speichern\\\/\"},{\"@type\":\"ListItem\",\"position\":3,\"name\":\"Sport-BH EIRA MOLO\"}]},{\"@type\":\"WebSite\",\"@id\":\"https:\\\/\\\/www.inverseteams.com\\\/de\\\/#website\",\"url\":\"https:\\\/\\\/www.inverseteams.com\\\/de\\\/\",\"name\":\"Inverseteams\",\"description\":\"Tu marca de ropa deportiva personalizada\",\"publisher\":{\"@id\":\"https:\\\/\\\/www.inverseteams.com\\\/de\\\/#organization\"},\"potentialAction\":[{\"@type\":\"SearchAction\",\"target\":{\"@type\":\"EntryPoint\",\"urlTemplate\":\"https:\\\/\\\/www.inverseteams.com\\\/de\\\/?s={search_term_string}\"},\"query-input\":{\"@type\":\"PropertyValueSpecification\",\"valueRequired\":true,\"valueName\":\"search_term_string\"}}],\"inLanguage\":\"de\"},{\"@type\":\"Organization\",\"@id\":\"https:\\\/\\\/www.inverseteams.com\\\/de\\\/#organization\",\"name\":\"Inverse Teams\",\"url\":\"https:\\\/\\\/www.inverseteams.com\\\/de\\\/\",\"logo\":{\"@type\":\"ImageObject\",\"inLanguage\":\"de\",\"@id\":\"https:\\\/\\\/www.inverseteams.com\\\/de\\\/#\\\/schema\\\/logo\\\/image\\\/\",\"url\":\"https:\\\/\\\/www.inverseteams.com\\\/wp-content\\\/uploads\\\/2021\\\/03\\\/logo-inverse-teams.png\",\"contentUrl\":\"https:\\\/\\\/www.inverseteams.com\\\/wp-content\\\/uploads\\\/2021\\\/03\\\/logo-inverse-teams.png\",\"width\":294,\"height\":99,\"caption\":\"Inverse Teams\"},\"image\":{\"@id\":\"https:\\\/\\\/www.inverseteams.com\\\/de\\\/#\\\/schema\\\/logo\\\/image\\\/\"},\"sameAs\":[\"https:\\\/\\\/www.facebook.com\\\/inverseteams\",\"http:\\\/\\\/instagram.com\\\/inverseteams\",\"https:\\\/\\\/www.linkedin.com\\\/company\\\/inverse-cirosport-s-l-?trk=job_view_topcard_company_name\",\"http:\\\/\\\/www.pinterest.com\\\/inverseteams\\\/\",\"http:\\\/\\\/www.youtube.com\\\/user\\\/inverseteams?feature=watch\"]}]}<\/script>\n<!-- \/ Yoast SEO plugin. -->","yoast_head_json":{"title":"Sport-BH EIRA MOLO","description":"Die Vorderseite und die Seiten bestehen aus LYCRA REVOLUTION-Gewebe, sehr weich, elastisch und \u00e4u\u00dferst widerstandsf\u00e4hig. Im R\u00fcckenbereich wurde zur besseren Schwei\u00dfableitung ein St\u00fcck perforierter Stoff eingearbeitet. So bleibt Ihre Haut immer frisch und trocken. F\u00fcr mehr Komfort beim Training ist der Ausschnitt leicht abgerundet. Die aus Polypropylen gefertigten Tr\u00e4ger sorgen f\u00fcr einen guten Halt des Oberteils, verhindern unbequeme Bewegungen und verteilen das Gewicht auf die Schultern. Es ist mit einem bequemen elastischen Schaumstoffband versehen, das f\u00fcr guten Halt ohne Reibung sorgt.","robots":{"index":"index","follow":"follow","max-snippet":"max-snippet:-1","max-image-preview":"max-image-preview:large","max-video-preview":"max-video-preview:-1"},"canonical":"https:\/\/www.inverseteams.com\/de\/produkt\/sport-bh-eira-molo\/","og_locale":"de_DE","og_type":"article","og_title":"Sport-BH EIRA MOLO","og_description":"Die Vorderseite und die Seiten bestehen aus LYCRA REVOLUTION-Gewebe, sehr weich, elastisch und \u00e4u\u00dferst widerstandsf\u00e4hig. Im R\u00fcckenbereich wurde zur besseren Schwei\u00dfableitung ein St\u00fcck perforierter Stoff eingearbeitet. So bleibt Ihre Haut immer frisch und trocken. F\u00fcr mehr Komfort beim Training ist der Ausschnitt leicht abgerundet. Die aus Polypropylen gefertigten Tr\u00e4ger sorgen f\u00fcr einen guten Halt des Oberteils, verhindern unbequeme Bewegungen und verteilen das Gewicht auf die Schultern. Es ist mit einem bequemen elastischen Schaumstoffband versehen, das f\u00fcr guten Halt ohne Reibung sorgt.","og_url":"https:\/\/www.inverseteams.com\/de\/produkt\/sport-bh-eira-molo\/","og_site_name":"Inverseteams","article_publisher":"https:\/\/www.facebook.com\/inverseteams","article_modified_time":"2025-10-02T00:02:12+00:00","og_image":[{"width":1500,"height":1612,"url":"https:\/\/www.inverseteams.com\/wp-content\/uploads\/TOP-DEPORTIVO-EIRA-MOLO-1.jpg","type":"image\/jpeg"}],"twitter_card":"summary_large_image","twitter_misc":{"Gesch\u00e4tzte Lesezeit":"1\u00a0Minute"},"schema":{"@context":"https:\/\/schema.org","@graph":[{"@type":"WebPage","@id":"https:\/\/www.inverseteams.com\/de\/produkt\/sport-bh-eira-molo\/","url":"https:\/\/www.inverseteams.com\/de\/produkt\/sport-bh-eira-molo\/","name":"Sport-BH EIRA MOLO","isPartOf":{"@id":"https:\/\/www.inverseteams.com\/de\/#website"},"primaryImageOfPage":{"@id":"https:\/\/www.inverseteams.com\/de\/produkt\/sport-bh-eira-molo\/#primaryimage"},"image":{"@id":"https:\/\/www.inverseteams.com\/de\/produkt\/sport-bh-eira-molo\/#primaryimage"},"thumbnailUrl":"https:\/\/www.inverseteams.com\/wp-content\/uploads\/TOP-DEPORTIVO-EIRA-MOLO-1.jpg","datePublished":"2025-01-27T21:39:08+00:00","dateModified":"2025-10-02T00:02:12+00:00","description":"Die Vorderseite und die Seiten bestehen aus LYCRA REVOLUTION-Gewebe, sehr weich, elastisch und \u00e4u\u00dferst widerstandsf\u00e4hig. Im R\u00fcckenbereich wurde zur besseren Schwei\u00dfableitung ein St\u00fcck perforierter Stoff eingearbeitet. So bleibt Ihre Haut immer frisch und trocken. F\u00fcr mehr Komfort beim Training ist der Ausschnitt leicht abgerundet. Die aus Polypropylen gefertigten Tr\u00e4ger sorgen f\u00fcr einen guten Halt des Oberteils, verhindern unbequeme Bewegungen und verteilen das Gewicht auf die Schultern. Es ist mit einem bequemen elastischen Schaumstoffband versehen, das f\u00fcr guten Halt ohne Reibung sorgt.","breadcrumb":{"@id":"https:\/\/www.inverseteams.com\/de\/produkt\/sport-bh-eira-molo\/#breadcrumb"},"inLanguage":"de","potentialAction":[{"@type":"ReadAction","target":["https:\/\/www.inverseteams.com\/de\/produkt\/sport-bh-eira-molo\/"]}]},{"@type":"ImageObject","inLanguage":"de","@id":"https:\/\/www.inverseteams.com\/de\/produkt\/sport-bh-eira-molo\/#primaryimage","url":"https:\/\/www.inverseteams.com\/wp-content\/uploads\/TOP-DEPORTIVO-EIRA-MOLO-1.jpg","contentUrl":"https:\/\/www.inverseteams.com\/wp-content\/uploads\/TOP-DEPORTIVO-EIRA-MOLO-1.jpg","width":1500,"height":1612},{"@type":"BreadcrumbList","@id":"https:\/\/www.inverseteams.com\/de\/produkt\/sport-bh-eira-molo\/#breadcrumb","itemListElement":[{"@type":"ListItem","position":1,"name":"Portada","item":"https:\/\/www.inverseteams.com\/de\/"},{"@type":"ListItem","position":2,"name":"Speichern","item":"https:\/\/www.inverseteams.com\/de\/speichern\/"},{"@type":"ListItem","position":3,"name":"Sport-BH EIRA MOLO"}]},{"@type":"WebSite","@id":"https:\/\/www.inverseteams.com\/de\/#website","url":"https:\/\/www.inverseteams.com\/de\/","name":"Inverseteams","description":"Tu marca de ropa deportiva personalizada","publisher":{"@id":"https:\/\/www.inverseteams.com\/de\/#organization"},"potentialAction":[{"@type":"SearchAction","target":{"@type":"EntryPoint","urlTemplate":"https:\/\/www.inverseteams.com\/de\/?s={search_term_string}"},"query-input":{"@type":"PropertyValueSpecification","valueRequired":true,"valueName":"search_term_string"}}],"inLanguage":"de"},{"@type":"Organization","@id":"https:\/\/www.inverseteams.com\/de\/#organization","name":"Inverse Teams","url":"https:\/\/www.inverseteams.com\/de\/","logo":{"@type":"ImageObject","inLanguage":"de","@id":"https:\/\/www.inverseteams.com\/de\/#\/schema\/logo\/image\/","url":"https:\/\/www.inverseteams.com\/wp-content\/uploads\/2021\/03\/logo-inverse-teams.png","contentUrl":"https:\/\/www.inverseteams.com\/wp-content\/uploads\/2021\/03\/logo-inverse-teams.png","width":294,"height":99,"caption":"Inverse Teams"},"image":{"@id":"https:\/\/www.inverseteams.com\/de\/#\/schema\/logo\/image\/"},"sameAs":["https:\/\/www.facebook.com\/inverseteams","http:\/\/instagram.com\/inverseteams","https:\/\/www.linkedin.com\/company\/inverse-cirosport-s-l-?trk=job_view_topcard_company_name","http:\/\/www.pinterest.com\/inverseteams\/","http:\/\/www.youtube.com\/user\/inverseteams?feature=watch"]}]}},"_links":{"self":[{"href":"https:\/\/www.inverseteams.com\/de\/wp-json\/wp\/v2\/product\/238366","targetHints":{"allow":["GET"]}}],"collection":[{"href":"https:\/\/www.inverseteams.com\/de\/wp-json\/wp\/v2\/product"}],"about":[{"href":"https:\/\/www.inverseteams.com\/de\/wp-json\/wp\/v2\/types\/product"}],"replies":[{"embeddable":true,"href":"https:\/\/www.inverseteams.com\/de\/wp-json\/wp\/v2\/comments?post=238366"}],"wp:featuredmedia":[{"embeddable":true,"href":"https:\/\/www.inverseteams.com\/de\/wp-json\/wp\/v2\/media\/237776"}],"wp:attachment":[{"href":"https:\/\/www.inverseteams.com\/de\/wp-json\/wp\/v2\/media?parent=238366"}],"wp:term":[{"taxonomy":"product_brand","embeddable":true,"href":"https:\/\/www.inverseteams.com\/de\/wp-json\/wp\/v2\/product_brand?post=238366"},{"taxonomy":"product_cat","embeddable":true,"href":"https:\/\/www.inverseteams.com\/de\/wp-json\/wp\/v2\/product_cat?post=238366"},{"taxonomy":"product_tag","embeddable":true,"href":"https:\/\/www.inverseteams.com\/de\/wp-json\/wp\/v2\/product_tag?post=238366"},{"taxonomy":"custom_category","embeddable":true,"href":"https:\/\/www.inverseteams.com\/de\/wp-json\/wp\/v2\/custom_category?post=238366"},{"taxonomy":"range","embeddable":true,"href":"https:\/\/www.inverseteams.com\/de\/wp-json\/wp\/v2\/range?post=238366"}],"curies":[{"name":"wp","href":"https:\/\/api.w.org\/{rel}","templated":true}]}}