{"id":238363,"date":"2025-01-27T16:59:59","date_gmt":"2025-01-27T16:59:59","guid":{"rendered":"https:\/\/www.inverseteams.com\/?post_type=product&#038;p=238363"},"modified":"2026-03-15T12:32:20","modified_gmt":"2026-03-15T11:32:20","slug":"base-layer-riley-unisex","status":"publish","type":"product","link":"https:\/\/www.inverseteams.com\/de\/produkt\/base-layer-riley-unisex\/","title":{"rendered":"Base Layer ESSENZ RILEY (UNISEX)"},"content":{"rendered":"<p data-start=\"4750\" data-end=\"5017\">Bleibe trocken und konzentriert bei jeder Fahrt oder Trainingseinheit. Das ESSENZ RILEY Unisex-Unterhemd wurde entwickelt, um Atmungsaktivit\u00e4t, Leichtigkeit und Komfort zu bieten und ist die perfekte Basis f\u00fcr Radfahren, Laufen oder hochintensives Training.<br \/>\nHergestellt aus <strong data-start=\"5035\" data-end=\"5067\">hoch elastischem Mesh-Gewebe<\/strong>, erm\u00f6glicht dieses Unterhemd <strong data-start=\"5097\" data-end=\"5119\">optimale Bel\u00fcftung<\/strong> und unterst\u00fctzt die Schwei\u00dfableitung, sodass die Haut auch bei intensiver Belastung frisch und trocken bleibt.<br \/>\nDer Kragen und die Arml\u00f6cher mit weichem elastischem Bund sorgen f\u00fcr eine bequeme Passform ohne Scheuern, w\u00e4hrend die <strong data-start=\"5352\" data-end=\"5413\">seitlichen und Schulter-N\u00e4hte leicht nach hinten versetzt<\/strong> sind, um Reibung zu minimieren und au\u00dfergew\u00f6hnlichen Komfort zu bieten.<br \/>\n<strong>Die ESSENZ RILEY ist die ideale Wahl f\u00fcr alle, die ein leichtes, atmungsaktives und komfortables Sport-Unterhemd suchen, perfekt als erste Schicht f\u00fcr Radfahren, Laufen oder Ausdauersport, und vereint Bewegungsfreiheit, Bel\u00fcftung und Komfort bei jedem Training.<\/strong><\/p>\n","protected":false},"excerpt":{"rendered":"<p>Bleibe trocken und konzentriert bei jeder Fahrt oder Trainingseinheit. Das ESSENZ RILEY Unisex-Unterhemd wurde entwickelt, um Atmungsaktivit\u00e4t, Leichtigkeit und Komfort zu bieten und ist die perfekte Basis f\u00fcr Radfahren, Laufen oder hochintensives Training.<br \/>\nHergestellt aus <strong data-start=\"5035\" data-end=\"5067\">hoch elastischem Mesh-Gewebe<\/strong>, erm\u00f6glicht dieses Unterhemd <strong data-start=\"5097\" data-end=\"5119\">optimale Bel\u00fcftung<\/strong> und unterst\u00fctzt die Schwei\u00dfableitung, sodass die Haut auch bei intensiver Belastung frisch und trocken bleibt.<br \/>\nDer Kragen und die Arml\u00f6cher mit weichem elastischem Bund sorgen f\u00fcr eine bequeme Passform ohne Scheuern, w\u00e4hrend die <strong data-start=\"5352\" data-end=\"5413\">seitlichen und Schulter-N\u00e4hte leicht nach hinten versetzt<\/strong> sind, um Reibung zu minimieren und au\u00dfergew\u00f6hnlichen Komfort zu bieten.<br \/>\n<strong>Die ESSENZ RILEY ist die ideale Wahl f\u00fcr alle, die ein leichtes, atmungsaktives und komfortables Sport-Unterhemd suchen, perfekt als erste Schicht f\u00fcr Radfahren, Laufen oder Ausdauersport, und vereint Bewegungsfreiheit, Bel\u00fcftung und Komfort bei jedem Training.<\/strong><\/p>\n","protected":false},"featured_media":280283,"comment_status":"closed","ping_status":"closed","template":"","meta":{"_acf_changed":false},"product_brand":[],"product_cat":[11153,11190,11501],"product_tag":[],"custom_category":[],"range":[],"class_list":{"0":"post-238363","1":"product","2":"type-product","3":"status-publish","4":"has-post-thumbnail","6":"product_cat-b2b-de","7":"product_cat-radsportbekleidung","8":"product_cat-radfahrweste","9":"pa_climatologia-calor-de","10":"pa_deporte-ciclismo-de","11":"pa_genero-hombre-de","12":"pa_genero-mujer-de","13":"pa_patronaje-fit-de","14":"pa_talla-l-xl-de","15":"pa_talla-s-m-de","16":"pa_tipo-de-prenda-camiseta-interior-de","18":"first","19":"instock","20":"taxable","21":"shipping-taxable","22":"purchasable","23":"product-type-variable"},"acf":[],"yoast_head":"<!-- This site is optimized with the Yoast SEO plugin v27.5 - https:\/\/yoast.com\/product\/yoast-seo-wordpress\/ -->\n<title>Base Layer RILEY (UNISEX)<\/title>\n<meta name=\"description\" content=\"Bleibe trocken und konzentriert bei jeder Fahrt oder Trainingseinheit. Das ESSENZ RILEY Unisex-Unterhemd wurde entwickelt, um Atmungsaktivit\u00e4t, Leichtigkeit und Komfort zu bieten und ist die perfekte Basis f\u00fcr Radfahren, Laufen oder hochintensives Training. Hergestellt aus hoch elastischem Mesh-Gewebe, erm\u00f6glicht dieses Unterhemd optimale Bel\u00fcftung und unterst\u00fctzt die Schwei\u00dfableitung, sodass die Haut auch bei intensiver Belastung frisch und trocken bleibt. Der Kragen und die Arml\u00f6cher mit weichem elastischem Bund sorgen f\u00fcr eine bequeme Passform ohne Scheuern, w\u00e4hrend die seitlichen und Schulter-N\u00e4hte leicht nach hinten versetzt sind, um Reibung zu minimieren und au\u00dfergew\u00f6hnlichen Komfort zu bieten. Die ESSENZ RILEY ist die ideale Wahl f\u00fcr alle, die ein leichtes, atmungsaktives und komfortables Sport-Unterhemd suchen, perfekt als erste Schicht f\u00fcr Radfahren, Laufen oder Ausdauersport, und vereint Bewegungsfreiheit, Bel\u00fcftung und Komfort bei jedem Training.\" \/>\n<meta name=\"robots\" content=\"index, follow, max-snippet:-1, max-image-preview:large, max-video-preview:-1\" \/>\n<link rel=\"canonical\" href=\"https:\/\/www.inverseteams.com\/de\/produkt\/base-layer-riley-unisex\/\" \/>\n<meta property=\"og:locale\" content=\"de_DE\" \/>\n<meta property=\"og:type\" content=\"article\" \/>\n<meta property=\"og:title\" content=\"Base Layer RILEY (UNISEX)\" \/>\n<meta property=\"og:description\" content=\"Bleibe trocken und konzentriert bei jeder Fahrt oder Trainingseinheit. Das ESSENZ RILEY Unisex-Unterhemd wurde entwickelt, um Atmungsaktivit\u00e4t, Leichtigkeit und Komfort zu bieten und ist die perfekte Basis f\u00fcr Radfahren, Laufen oder hochintensives Training. Hergestellt aus hoch elastischem Mesh-Gewebe, erm\u00f6glicht dieses Unterhemd optimale Bel\u00fcftung und unterst\u00fctzt die Schwei\u00dfableitung, sodass die Haut auch bei intensiver Belastung frisch und trocken bleibt. Der Kragen und die Arml\u00f6cher mit weichem elastischem Bund sorgen f\u00fcr eine bequeme Passform ohne Scheuern, w\u00e4hrend die seitlichen und Schulter-N\u00e4hte leicht nach hinten versetzt sind, um Reibung zu minimieren und au\u00dfergew\u00f6hnlichen Komfort zu bieten. Die ESSENZ RILEY ist die ideale Wahl f\u00fcr alle, die ein leichtes, atmungsaktives und komfortables Sport-Unterhemd suchen, perfekt als erste Schicht f\u00fcr Radfahren, Laufen oder Ausdauersport, und vereint Bewegungsfreiheit, Bel\u00fcftung und Komfort bei jedem Training.\" \/>\n<meta property=\"og:url\" content=\"https:\/\/www.inverseteams.com\/de\/produkt\/base-layer-riley-unisex\/\" \/>\n<meta property=\"og:site_name\" content=\"Inverseteams\" \/>\n<meta property=\"article:publisher\" content=\"https:\/\/www.facebook.com\/inverseteams\" \/>\n<meta property=\"article:modified_time\" content=\"2026-03-15T11:32:20+00:00\" \/>\n<meta property=\"og:image\" content=\"https:\/\/www.inverseteams.com\/wp-content\/uploads\/INVERSE-UNISEX-CAMISETA-INTERIOR-RILEY-001.jpg\" \/>\n\t<meta property=\"og:image:width\" content=\"1500\" \/>\n\t<meta property=\"og:image:height\" content=\"1612\" \/>\n\t<meta property=\"og:image:type\" content=\"image\/jpeg\" \/>\n<meta name=\"twitter:card\" content=\"summary_large_image\" \/>\n<meta name=\"twitter:label1\" content=\"Gesch\u00e4tzte Lesezeit\" \/>\n\t<meta name=\"twitter:data1\" content=\"1\u00a0Minute\" \/>\n<script type=\"application\/ld+json\" class=\"yoast-schema-graph\">{\"@context\":\"https:\\\/\\\/schema.org\",\"@graph\":[{\"@type\":\"WebPage\",\"@id\":\"https:\\\/\\\/www.inverseteams.com\\\/de\\\/produkt\\\/base-layer-riley-unisex\\\/\",\"url\":\"https:\\\/\\\/www.inverseteams.com\\\/de\\\/produkt\\\/base-layer-riley-unisex\\\/\",\"name\":\"Base Layer RILEY (UNISEX)\",\"isPartOf\":{\"@id\":\"https:\\\/\\\/www.inverseteams.com\\\/de\\\/#website\"},\"primaryImageOfPage\":{\"@id\":\"https:\\\/\\\/www.inverseteams.com\\\/de\\\/produkt\\\/base-layer-riley-unisex\\\/#primaryimage\"},\"image\":{\"@id\":\"https:\\\/\\\/www.inverseteams.com\\\/de\\\/produkt\\\/base-layer-riley-unisex\\\/#primaryimage\"},\"thumbnailUrl\":\"https:\\\/\\\/www.inverseteams.com\\\/wp-content\\\/uploads\\\/INVERSE-UNISEX-CAMISETA-INTERIOR-RILEY-001.jpg\",\"datePublished\":\"2025-01-27T16:59:59+00:00\",\"dateModified\":\"2026-03-15T11:32:20+00:00\",\"description\":\"Bleibe trocken und konzentriert bei jeder Fahrt oder Trainingseinheit. Das ESSENZ RILEY Unisex-Unterhemd wurde entwickelt, um Atmungsaktivit\u00e4t, Leichtigkeit und Komfort zu bieten und ist die perfekte Basis f\u00fcr Radfahren, Laufen oder hochintensives Training. Hergestellt aus hoch elastischem Mesh-Gewebe, erm\u00f6glicht dieses Unterhemd optimale Bel\u00fcftung und unterst\u00fctzt die Schwei\u00dfableitung, sodass die Haut auch bei intensiver Belastung frisch und trocken bleibt. Der Kragen und die Arml\u00f6cher mit weichem elastischem Bund sorgen f\u00fcr eine bequeme Passform ohne Scheuern, w\u00e4hrend die seitlichen und Schulter-N\u00e4hte leicht nach hinten versetzt sind, um Reibung zu minimieren und au\u00dfergew\u00f6hnlichen Komfort zu bieten. Die ESSENZ RILEY ist die ideale Wahl f\u00fcr alle, die ein leichtes, atmungsaktives und komfortables Sport-Unterhemd suchen, perfekt als erste Schicht f\u00fcr Radfahren, Laufen oder Ausdauersport, und vereint Bewegungsfreiheit, Bel\u00fcftung und Komfort bei jedem Training.\",\"breadcrumb\":{\"@id\":\"https:\\\/\\\/www.inverseteams.com\\\/de\\\/produkt\\\/base-layer-riley-unisex\\\/#breadcrumb\"},\"inLanguage\":\"de\",\"potentialAction\":[{\"@type\":\"ReadAction\",\"target\":[\"https:\\\/\\\/www.inverseteams.com\\\/de\\\/produkt\\\/base-layer-riley-unisex\\\/\"]}]},{\"@type\":\"ImageObject\",\"inLanguage\":\"de\",\"@id\":\"https:\\\/\\\/www.inverseteams.com\\\/de\\\/produkt\\\/base-layer-riley-unisex\\\/#primaryimage\",\"url\":\"https:\\\/\\\/www.inverseteams.com\\\/wp-content\\\/uploads\\\/INVERSE-UNISEX-CAMISETA-INTERIOR-RILEY-001.jpg\",\"contentUrl\":\"https:\\\/\\\/www.inverseteams.com\\\/wp-content\\\/uploads\\\/INVERSE-UNISEX-CAMISETA-INTERIOR-RILEY-001.jpg\",\"width\":1500,\"height\":1612},{\"@type\":\"BreadcrumbList\",\"@id\":\"https:\\\/\\\/www.inverseteams.com\\\/de\\\/produkt\\\/base-layer-riley-unisex\\\/#breadcrumb\",\"itemListElement\":[{\"@type\":\"ListItem\",\"position\":1,\"name\":\"Portada\",\"item\":\"https:\\\/\\\/www.inverseteams.com\\\/de\\\/\"},{\"@type\":\"ListItem\",\"position\":2,\"name\":\"Speichern\",\"item\":\"https:\\\/\\\/www.inverseteams.com\\\/de\\\/speichern\\\/\"},{\"@type\":\"ListItem\",\"position\":3,\"name\":\"Base Layer ESSENZ RILEY (UNISEX)\"}]},{\"@type\":\"WebSite\",\"@id\":\"https:\\\/\\\/www.inverseteams.com\\\/de\\\/#website\",\"url\":\"https:\\\/\\\/www.inverseteams.com\\\/de\\\/\",\"name\":\"Inverseteams\",\"description\":\"Tu marca de ropa deportiva personalizada\",\"publisher\":{\"@id\":\"https:\\\/\\\/www.inverseteams.com\\\/de\\\/#organization\"},\"potentialAction\":[{\"@type\":\"SearchAction\",\"target\":{\"@type\":\"EntryPoint\",\"urlTemplate\":\"https:\\\/\\\/www.inverseteams.com\\\/de\\\/?s={search_term_string}\"},\"query-input\":{\"@type\":\"PropertyValueSpecification\",\"valueRequired\":true,\"valueName\":\"search_term_string\"}}],\"inLanguage\":\"de\"},{\"@type\":\"Organization\",\"@id\":\"https:\\\/\\\/www.inverseteams.com\\\/de\\\/#organization\",\"name\":\"Inverse Teams\",\"url\":\"https:\\\/\\\/www.inverseteams.com\\\/de\\\/\",\"logo\":{\"@type\":\"ImageObject\",\"inLanguage\":\"de\",\"@id\":\"https:\\\/\\\/www.inverseteams.com\\\/de\\\/#\\\/schema\\\/logo\\\/image\\\/\",\"url\":\"https:\\\/\\\/www.inverseteams.com\\\/wp-content\\\/uploads\\\/2021\\\/03\\\/logo-inverse-teams.png\",\"contentUrl\":\"https:\\\/\\\/www.inverseteams.com\\\/wp-content\\\/uploads\\\/2021\\\/03\\\/logo-inverse-teams.png\",\"width\":294,\"height\":99,\"caption\":\"Inverse Teams\"},\"image\":{\"@id\":\"https:\\\/\\\/www.inverseteams.com\\\/de\\\/#\\\/schema\\\/logo\\\/image\\\/\"},\"sameAs\":[\"https:\\\/\\\/www.facebook.com\\\/inverseteams\",\"http:\\\/\\\/instagram.com\\\/inverseteams\",\"https:\\\/\\\/www.linkedin.com\\\/company\\\/inverse-cirosport-s-l-?trk=job_view_topcard_company_name\",\"http:\\\/\\\/www.pinterest.com\\\/inverseteams\\\/\",\"http:\\\/\\\/www.youtube.com\\\/user\\\/inverseteams?feature=watch\"]}]}<\/script>\n<!-- \/ Yoast SEO plugin. -->","yoast_head_json":{"title":"Base Layer RILEY (UNISEX)","description":"Bleibe trocken und konzentriert bei jeder Fahrt oder Trainingseinheit. Das ESSENZ RILEY Unisex-Unterhemd wurde entwickelt, um Atmungsaktivit\u00e4t, Leichtigkeit und Komfort zu bieten und ist die perfekte Basis f\u00fcr Radfahren, Laufen oder hochintensives Training. Hergestellt aus hoch elastischem Mesh-Gewebe, erm\u00f6glicht dieses Unterhemd optimale Bel\u00fcftung und unterst\u00fctzt die Schwei\u00dfableitung, sodass die Haut auch bei intensiver Belastung frisch und trocken bleibt. Der Kragen und die Arml\u00f6cher mit weichem elastischem Bund sorgen f\u00fcr eine bequeme Passform ohne Scheuern, w\u00e4hrend die seitlichen und Schulter-N\u00e4hte leicht nach hinten versetzt sind, um Reibung zu minimieren und au\u00dfergew\u00f6hnlichen Komfort zu bieten. Die ESSENZ RILEY ist die ideale Wahl f\u00fcr alle, die ein leichtes, atmungsaktives und komfortables Sport-Unterhemd suchen, perfekt als erste Schicht f\u00fcr Radfahren, Laufen oder Ausdauersport, und vereint Bewegungsfreiheit, Bel\u00fcftung und Komfort bei jedem Training.","robots":{"index":"index","follow":"follow","max-snippet":"max-snippet:-1","max-image-preview":"max-image-preview:large","max-video-preview":"max-video-preview:-1"},"canonical":"https:\/\/www.inverseteams.com\/de\/produkt\/base-layer-riley-unisex\/","og_locale":"de_DE","og_type":"article","og_title":"Base Layer RILEY (UNISEX)","og_description":"Bleibe trocken und konzentriert bei jeder Fahrt oder Trainingseinheit. Das ESSENZ RILEY Unisex-Unterhemd wurde entwickelt, um Atmungsaktivit\u00e4t, Leichtigkeit und Komfort zu bieten und ist die perfekte Basis f\u00fcr Radfahren, Laufen oder hochintensives Training. Hergestellt aus hoch elastischem Mesh-Gewebe, erm\u00f6glicht dieses Unterhemd optimale Bel\u00fcftung und unterst\u00fctzt die Schwei\u00dfableitung, sodass die Haut auch bei intensiver Belastung frisch und trocken bleibt. Der Kragen und die Arml\u00f6cher mit weichem elastischem Bund sorgen f\u00fcr eine bequeme Passform ohne Scheuern, w\u00e4hrend die seitlichen und Schulter-N\u00e4hte leicht nach hinten versetzt sind, um Reibung zu minimieren und au\u00dfergew\u00f6hnlichen Komfort zu bieten. Die ESSENZ RILEY ist die ideale Wahl f\u00fcr alle, die ein leichtes, atmungsaktives und komfortables Sport-Unterhemd suchen, perfekt als erste Schicht f\u00fcr Radfahren, Laufen oder Ausdauersport, und vereint Bewegungsfreiheit, Bel\u00fcftung und Komfort bei jedem Training.","og_url":"https:\/\/www.inverseteams.com\/de\/produkt\/base-layer-riley-unisex\/","og_site_name":"Inverseteams","article_publisher":"https:\/\/www.facebook.com\/inverseteams","article_modified_time":"2026-03-15T11:32:20+00:00","og_image":[{"width":1500,"height":1612,"url":"https:\/\/www.inverseteams.com\/wp-content\/uploads\/INVERSE-UNISEX-CAMISETA-INTERIOR-RILEY-001.jpg","type":"image\/jpeg"}],"twitter_card":"summary_large_image","twitter_misc":{"Gesch\u00e4tzte Lesezeit":"1\u00a0Minute"},"schema":{"@context":"https:\/\/schema.org","@graph":[{"@type":"WebPage","@id":"https:\/\/www.inverseteams.com\/de\/produkt\/base-layer-riley-unisex\/","url":"https:\/\/www.inverseteams.com\/de\/produkt\/base-layer-riley-unisex\/","name":"Base Layer RILEY (UNISEX)","isPartOf":{"@id":"https:\/\/www.inverseteams.com\/de\/#website"},"primaryImageOfPage":{"@id":"https:\/\/www.inverseteams.com\/de\/produkt\/base-layer-riley-unisex\/#primaryimage"},"image":{"@id":"https:\/\/www.inverseteams.com\/de\/produkt\/base-layer-riley-unisex\/#primaryimage"},"thumbnailUrl":"https:\/\/www.inverseteams.com\/wp-content\/uploads\/INVERSE-UNISEX-CAMISETA-INTERIOR-RILEY-001.jpg","datePublished":"2025-01-27T16:59:59+00:00","dateModified":"2026-03-15T11:32:20+00:00","description":"Bleibe trocken und konzentriert bei jeder Fahrt oder Trainingseinheit. Das ESSENZ RILEY Unisex-Unterhemd wurde entwickelt, um Atmungsaktivit\u00e4t, Leichtigkeit und Komfort zu bieten und ist die perfekte Basis f\u00fcr Radfahren, Laufen oder hochintensives Training. Hergestellt aus hoch elastischem Mesh-Gewebe, erm\u00f6glicht dieses Unterhemd optimale Bel\u00fcftung und unterst\u00fctzt die Schwei\u00dfableitung, sodass die Haut auch bei intensiver Belastung frisch und trocken bleibt. Der Kragen und die Arml\u00f6cher mit weichem elastischem Bund sorgen f\u00fcr eine bequeme Passform ohne Scheuern, w\u00e4hrend die seitlichen und Schulter-N\u00e4hte leicht nach hinten versetzt sind, um Reibung zu minimieren und au\u00dfergew\u00f6hnlichen Komfort zu bieten. Die ESSENZ RILEY ist die ideale Wahl f\u00fcr alle, die ein leichtes, atmungsaktives und komfortables Sport-Unterhemd suchen, perfekt als erste Schicht f\u00fcr Radfahren, Laufen oder Ausdauersport, und vereint Bewegungsfreiheit, Bel\u00fcftung und Komfort bei jedem Training.","breadcrumb":{"@id":"https:\/\/www.inverseteams.com\/de\/produkt\/base-layer-riley-unisex\/#breadcrumb"},"inLanguage":"de","potentialAction":[{"@type":"ReadAction","target":["https:\/\/www.inverseteams.com\/de\/produkt\/base-layer-riley-unisex\/"]}]},{"@type":"ImageObject","inLanguage":"de","@id":"https:\/\/www.inverseteams.com\/de\/produkt\/base-layer-riley-unisex\/#primaryimage","url":"https:\/\/www.inverseteams.com\/wp-content\/uploads\/INVERSE-UNISEX-CAMISETA-INTERIOR-RILEY-001.jpg","contentUrl":"https:\/\/www.inverseteams.com\/wp-content\/uploads\/INVERSE-UNISEX-CAMISETA-INTERIOR-RILEY-001.jpg","width":1500,"height":1612},{"@type":"BreadcrumbList","@id":"https:\/\/www.inverseteams.com\/de\/produkt\/base-layer-riley-unisex\/#breadcrumb","itemListElement":[{"@type":"ListItem","position":1,"name":"Portada","item":"https:\/\/www.inverseteams.com\/de\/"},{"@type":"ListItem","position":2,"name":"Speichern","item":"https:\/\/www.inverseteams.com\/de\/speichern\/"},{"@type":"ListItem","position":3,"name":"Base Layer ESSENZ RILEY (UNISEX)"}]},{"@type":"WebSite","@id":"https:\/\/www.inverseteams.com\/de\/#website","url":"https:\/\/www.inverseteams.com\/de\/","name":"Inverseteams","description":"Tu marca de ropa deportiva personalizada","publisher":{"@id":"https:\/\/www.inverseteams.com\/de\/#organization"},"potentialAction":[{"@type":"SearchAction","target":{"@type":"EntryPoint","urlTemplate":"https:\/\/www.inverseteams.com\/de\/?s={search_term_string}"},"query-input":{"@type":"PropertyValueSpecification","valueRequired":true,"valueName":"search_term_string"}}],"inLanguage":"de"},{"@type":"Organization","@id":"https:\/\/www.inverseteams.com\/de\/#organization","name":"Inverse Teams","url":"https:\/\/www.inverseteams.com\/de\/","logo":{"@type":"ImageObject","inLanguage":"de","@id":"https:\/\/www.inverseteams.com\/de\/#\/schema\/logo\/image\/","url":"https:\/\/www.inverseteams.com\/wp-content\/uploads\/2021\/03\/logo-inverse-teams.png","contentUrl":"https:\/\/www.inverseteams.com\/wp-content\/uploads\/2021\/03\/logo-inverse-teams.png","width":294,"height":99,"caption":"Inverse Teams"},"image":{"@id":"https:\/\/www.inverseteams.com\/de\/#\/schema\/logo\/image\/"},"sameAs":["https:\/\/www.facebook.com\/inverseteams","http:\/\/instagram.com\/inverseteams","https:\/\/www.linkedin.com\/company\/inverse-cirosport-s-l-?trk=job_view_topcard_company_name","http:\/\/www.pinterest.com\/inverseteams\/","http:\/\/www.youtube.com\/user\/inverseteams?feature=watch"]}]}},"_links":{"self":[{"href":"https:\/\/www.inverseteams.com\/de\/wp-json\/wp\/v2\/product\/238363","targetHints":{"allow":["GET"]}}],"collection":[{"href":"https:\/\/www.inverseteams.com\/de\/wp-json\/wp\/v2\/product"}],"about":[{"href":"https:\/\/www.inverseteams.com\/de\/wp-json\/wp\/v2\/types\/product"}],"replies":[{"embeddable":true,"href":"https:\/\/www.inverseteams.com\/de\/wp-json\/wp\/v2\/comments?post=238363"}],"wp:featuredmedia":[{"embeddable":true,"href":"https:\/\/www.inverseteams.com\/de\/wp-json\/wp\/v2\/media\/280283"}],"wp:attachment":[{"href":"https:\/\/www.inverseteams.com\/de\/wp-json\/wp\/v2\/media?parent=238363"}],"wp:term":[{"taxonomy":"product_brand","embeddable":true,"href":"https:\/\/www.inverseteams.com\/de\/wp-json\/wp\/v2\/product_brand?post=238363"},{"taxonomy":"product_cat","embeddable":true,"href":"https:\/\/www.inverseteams.com\/de\/wp-json\/wp\/v2\/product_cat?post=238363"},{"taxonomy":"product_tag","embeddable":true,"href":"https:\/\/www.inverseteams.com\/de\/wp-json\/wp\/v2\/product_tag?post=238363"},{"taxonomy":"custom_category","embeddable":true,"href":"https:\/\/www.inverseteams.com\/de\/wp-json\/wp\/v2\/custom_category?post=238363"},{"taxonomy":"range","embeddable":true,"href":"https:\/\/www.inverseteams.com\/de\/wp-json\/wp\/v2\/range?post=238363"}],"curies":[{"name":"wp","href":"https:\/\/api.w.org\/{rel}","templated":true}]}}