{"id":238357,"date":"2025-01-27T16:57:33","date_gmt":"2025-01-27T16:57:33","guid":{"rendered":"https:\/\/www.inverseteams.com\/?post_type=product&#038;p=238357"},"modified":"2025-10-02T00:02:22","modified_gmt":"2025-10-02T00:02:22","slug":"cargo-radhose-symbiosis-cosmos-herren","status":"publish","type":"product","link":"https:\/\/www.inverseteams.com\/de\/produkt\/cargo-radhose-symbiosis-cosmos-herren\/","title":{"rendered":"Cargo Radhose SYMBIOSIS COSMOS (HERREN)"},"content":{"rendered":"<p>Hergestellt aus 100 % recyceltem Stoff und mit dem Naturdyes\u00ae-Technologieverfahren gef\u00e4rbt. Alle beim F\u00e4rben verwendeten Produkte sind 100 % nat\u00fcrlich und pflanzlichen und mineralischen Ursprungs. Sie erzeugen keinen Giftm\u00fcll. Diese Technik verbraucht 70 % weniger Wasser als ein herk\u00f6mmlicher Prozess. Dar\u00fcber hinaus erreichen wir durch die T\u00f6nung bei niedrigen Temperaturen eine h\u00f6here Energieeffizienz und reduzieren den CO2-Fu\u00dfabdruck.<br \/>\nDiese Cargo-Shorts sind mit superstarken Flachn\u00e4hten gefertigt, die f\u00fcr ein sehr attraktives und minimalistisches Design sorgen. Es verf\u00fcgt \u00fcber 2 Seitentaschen mit atmungsaktivem Innenstoff. Sein Gewebe garantiert hohe Widerstandsf\u00e4higkeit, Elastizit\u00e4t und Leichtigkeit. Es erm\u00f6glicht Ihnen eine gute Bewegungsfreiheit, ohne dass Sie einen Widerstand sp\u00fcren.<br \/>\nDas R\u00fcckenteil besteht aus mikroperforiertem Stoff, um Schwei\u00df leicht abzuleiten. Dieses Teil verbindet die beiden flachen Polypropylen-B\u00e4nder, die das Gewicht ausgewogen verteilen, sodass Sie lange Radtouren ohne Beschwerden genie\u00dfen k\u00f6nnen.<br \/>\nDie Hosenbeine sind mit einem Laserschnitt versehen und im R\u00fcckenbereich befinden sich Reflektorlinien, die Ihre Sicherheit erh\u00f6hen, da sie das Licht der Fahrzeuge reflektieren.<br \/>\nMit Mustang-Chamois von Elastic Interface. Es wurde nach dem Zero-Friction-Konzept entwickelt und verf\u00fcgt \u00fcber flie\u00dfende \u00dcberg\u00e4nge zwischen den Ebenen. Es kombiniert hochdichten Pro Evo-Schaum mit hervorragender R\u00fcckgewinnungskapazit\u00e4t und recyceltem Re-Cycle-Gewebe.<br \/>\nDie Radhosen SYMBISIS COSMOS sind so konzipiert, dass Sie viele Stunden Radsport bei absolutem Komfort genie\u00dfen k\u00f6nnen. Es ist perfekt, um Schotter zu genie\u00dfen.<\/p>\n","protected":false},"excerpt":{"rendered":"<p>Hergestellt aus 100 % recyceltem Stoff und mit dem Naturdyes\u00ae-Technologieverfahren gef\u00e4rbt. Alle beim F\u00e4rben verwendeten Produkte sind 100 % nat\u00fcrlich und pflanzlichen und mineralischen Ursprungs. Sie erzeugen keinen Giftm\u00fcll. Diese Technik verbraucht 70 % weniger Wasser als ein herk\u00f6mmlicher Prozess. Dar\u00fcber hinaus erreichen wir durch die T\u00f6nung bei niedrigen Temperaturen eine h\u00f6here Energieeffizienz und reduzieren den CO2-Fu\u00dfabdruck.<br \/>\nDiese Cargo-Shorts sind mit superstarken Flachn\u00e4hten gefertigt, die f\u00fcr ein sehr attraktives und minimalistisches Design sorgen. Es verf\u00fcgt \u00fcber 2 Seitentaschen mit atmungsaktivem Innenstoff. Sein Gewebe garantiert hohe Widerstandsf\u00e4higkeit, Elastizit\u00e4t und Leichtigkeit. Es erm\u00f6glicht Ihnen eine gute Bewegungsfreiheit, ohne dass Sie einen Widerstand sp\u00fcren.<br \/>\nDas R\u00fcckenteil besteht aus mikroperforiertem Stoff, um Schwei\u00df leicht abzuleiten. Dieses Teil verbindet die beiden flachen Polypropylen-B\u00e4nder, die das Gewicht ausgewogen verteilen, sodass Sie lange Radtouren ohne Beschwerden genie\u00dfen k\u00f6nnen.<br \/>\nDie Hosenbeine sind mit einem Laserschnitt versehen und im R\u00fcckenbereich befinden sich Reflektorlinien, die Ihre Sicherheit erh\u00f6hen, da sie das Licht der Fahrzeuge reflektieren.<br \/>\nMit Mustang-Chamois von Elastic Interface. Es wurde nach dem Zero-Friction-Konzept entwickelt und verf\u00fcgt \u00fcber flie\u00dfende \u00dcberg\u00e4nge zwischen den Ebenen. Es kombiniert hochdichten Pro Evo-Schaum mit hervorragender R\u00fcckgewinnungskapazit\u00e4t und recyceltem Re-Cycle-Gewebe.<br \/>\nDie Radhosen SYMBISIS COSMOS sind so konzipiert, dass Sie viele Stunden Radsport bei absolutem Komfort genie\u00dfen k\u00f6nnen. Es ist perfekt, um Schotter zu genie\u00dfen.<\/p>\n","protected":false},"featured_media":243010,"comment_status":"closed","ping_status":"closed","template":"","meta":{"_acf_changed":false},"product_brand":[],"product_cat":[11153,11171,11258],"product_tag":[],"custom_category":[],"range":[],"class_list":{"0":"post-238357","1":"product","2":"type-product","3":"status-publish","4":"has-post-thumbnail","6":"product_cat-b2b-de","7":"product_cat-radsport-shorts","8":"product_cat-gravel-de","9":"pa_climatologia-temperatura-templada-de","10":"pa_climatologia-calor-de","11":"pa_deporte-ciclismo-de","12":"pa_genero-hombre-de","13":"pa_patronaje-fit-de","14":"pa_talla-s-de","15":"pa_talla-m-de","16":"pa_talla-l-de","17":"pa_talla-xl-de","18":"pa_talla-xxl-de","19":"pa_tipo-de-prenda-kurze-radhose","21":"first","22":"outofstock","23":"taxable","24":"shipping-taxable","25":"purchasable","26":"product-type-variable","27":"has-default-attributes"},"acf":[],"yoast_head":"<!-- This site is optimized with the Yoast SEO plugin v27.3 - https:\/\/yoast.com\/product\/yoast-seo-wordpress\/ -->\n<title>Cargo Radhose SYMBIOSIS COSMOS (HERREN)<\/title>\n<meta name=\"description\" content=\"Hergestellt aus 100 % recyceltem Stoff und mit dem Naturdyes\u00ae-Technologieverfahren gef\u00e4rbt. Alle beim F\u00e4rben verwendeten Produkte sind 100 % nat\u00fcrlich und pflanzlichen und mineralischen Ursprungs. Sie erzeugen keinen Giftm\u00fcll. Diese Technik verbraucht 70 % weniger Wasser als ein herk\u00f6mmlicher Prozess. Dar\u00fcber hinaus erreichen wir durch die T\u00f6nung bei niedrigen Temperaturen eine h\u00f6here Energieeffizienz und reduzieren den CO2-Fu\u00dfabdruck. Diese Cargo-Shorts sind mit superstarken Flachn\u00e4hten gefertigt, die f\u00fcr ein sehr attraktives und minimalistisches Design sorgen. Es verf\u00fcgt \u00fcber 2 Seitentaschen mit atmungsaktivem Innenstoff. Sein Gewebe garantiert hohe Widerstandsf\u00e4higkeit, Elastizit\u00e4t und Leichtigkeit. Es erm\u00f6glicht Ihnen eine gute Bewegungsfreiheit, ohne dass Sie einen Widerstand sp\u00fcren. Das R\u00fcckenteil besteht aus mikroperforiertem Stoff, um Schwei\u00df leicht abzuleiten. Dieses Teil verbindet die beiden flachen Polypropylen-B\u00e4nder, die das Gewicht ausgewogen verteilen, sodass Sie lange Radtouren ohne Beschwerden genie\u00dfen k\u00f6nnen. Die Hosenbeine sind mit einem Laserschnitt versehen und im R\u00fcckenbereich befinden sich Reflektorlinien, die Ihre Sicherheit erh\u00f6hen, da sie das Licht der Fahrzeuge reflektieren. Mit Mustang-Chamois von Elastic Interface. Es wurde nach dem Zero-Friction-Konzept entwickelt und verf\u00fcgt \u00fcber flie\u00dfende \u00dcberg\u00e4nge zwischen den Ebenen. Es kombiniert hochdichten Pro Evo-Schaum mit hervorragender R\u00fcckgewinnungskapazit\u00e4t und recyceltem Re-Cycle-Gewebe. Die Radhosen SYMBISIS COSMOS sind so konzipiert, dass Sie viele Stunden Radsport bei absolutem Komfort genie\u00dfen k\u00f6nnen. Es ist perfekt, um Schotter zu genie\u00dfen.\" \/>\n<meta name=\"robots\" content=\"index, follow, max-snippet:-1, max-image-preview:large, max-video-preview:-1\" \/>\n<link rel=\"canonical\" href=\"https:\/\/www.inverseteams.com\/de\/produkt\/cargo-radhose-symbiosis-cosmos-herren\/\" \/>\n<meta property=\"og:locale\" content=\"de_DE\" \/>\n<meta property=\"og:type\" content=\"article\" \/>\n<meta property=\"og:title\" content=\"Cargo Radhose SYMBIOSIS COSMOS (HERREN)\" \/>\n<meta property=\"og:description\" content=\"Hergestellt aus 100 % recyceltem Stoff und mit dem Naturdyes\u00ae-Technologieverfahren gef\u00e4rbt. Alle beim F\u00e4rben verwendeten Produkte sind 100 % nat\u00fcrlich und pflanzlichen und mineralischen Ursprungs. Sie erzeugen keinen Giftm\u00fcll. Diese Technik verbraucht 70 % weniger Wasser als ein herk\u00f6mmlicher Prozess. Dar\u00fcber hinaus erreichen wir durch die T\u00f6nung bei niedrigen Temperaturen eine h\u00f6here Energieeffizienz und reduzieren den CO2-Fu\u00dfabdruck. Diese Cargo-Shorts sind mit superstarken Flachn\u00e4hten gefertigt, die f\u00fcr ein sehr attraktives und minimalistisches Design sorgen. Es verf\u00fcgt \u00fcber 2 Seitentaschen mit atmungsaktivem Innenstoff. Sein Gewebe garantiert hohe Widerstandsf\u00e4higkeit, Elastizit\u00e4t und Leichtigkeit. Es erm\u00f6glicht Ihnen eine gute Bewegungsfreiheit, ohne dass Sie einen Widerstand sp\u00fcren. Das R\u00fcckenteil besteht aus mikroperforiertem Stoff, um Schwei\u00df leicht abzuleiten. Dieses Teil verbindet die beiden flachen Polypropylen-B\u00e4nder, die das Gewicht ausgewogen verteilen, sodass Sie lange Radtouren ohne Beschwerden genie\u00dfen k\u00f6nnen. Die Hosenbeine sind mit einem Laserschnitt versehen und im R\u00fcckenbereich befinden sich Reflektorlinien, die Ihre Sicherheit erh\u00f6hen, da sie das Licht der Fahrzeuge reflektieren. Mit Mustang-Chamois von Elastic Interface. Es wurde nach dem Zero-Friction-Konzept entwickelt und verf\u00fcgt \u00fcber flie\u00dfende \u00dcberg\u00e4nge zwischen den Ebenen. Es kombiniert hochdichten Pro Evo-Schaum mit hervorragender R\u00fcckgewinnungskapazit\u00e4t und recyceltem Re-Cycle-Gewebe. Die Radhosen SYMBISIS COSMOS sind so konzipiert, dass Sie viele Stunden Radsport bei absolutem Komfort genie\u00dfen k\u00f6nnen. Es ist perfekt, um Schotter zu genie\u00dfen.\" \/>\n<meta property=\"og:url\" content=\"https:\/\/www.inverseteams.com\/de\/produkt\/cargo-radhose-symbiosis-cosmos-herren\/\" \/>\n<meta property=\"og:site_name\" content=\"Inverseteams\" \/>\n<meta property=\"article:publisher\" content=\"https:\/\/www.facebook.com\/inverseteams\" \/>\n<meta property=\"article:modified_time\" content=\"2025-10-02T00:02:22+00:00\" \/>\n<meta property=\"og:image\" content=\"https:\/\/www.inverseteams.com\/wp-content\/uploads\/CULOTTE-CARGO-SYMBIOSIS-COSMOS-1-1.jpg\" \/>\n\t<meta property=\"og:image:width\" content=\"1500\" \/>\n\t<meta property=\"og:image:height\" content=\"1612\" \/>\n\t<meta property=\"og:image:type\" content=\"image\/jpeg\" \/>\n<meta name=\"twitter:card\" content=\"summary_large_image\" \/>\n<meta name=\"twitter:label1\" content=\"Gesch\u00e4tzte Lesezeit\" \/>\n\t<meta name=\"twitter:data1\" content=\"2\u00a0Minute\" \/>\n<script type=\"application\/ld+json\" class=\"yoast-schema-graph\">{\"@context\":\"https:\\\/\\\/schema.org\",\"@graph\":[{\"@type\":\"WebPage\",\"@id\":\"https:\\\/\\\/www.inverseteams.com\\\/de\\\/produkt\\\/cargo-radhose-symbiosis-cosmos-herren\\\/\",\"url\":\"https:\\\/\\\/www.inverseteams.com\\\/de\\\/produkt\\\/cargo-radhose-symbiosis-cosmos-herren\\\/\",\"name\":\"Cargo Radhose SYMBIOSIS COSMOS (HERREN)\",\"isPartOf\":{\"@id\":\"https:\\\/\\\/www.inverseteams.com\\\/de\\\/#website\"},\"primaryImageOfPage\":{\"@id\":\"https:\\\/\\\/www.inverseteams.com\\\/de\\\/produkt\\\/cargo-radhose-symbiosis-cosmos-herren\\\/#primaryimage\"},\"image\":{\"@id\":\"https:\\\/\\\/www.inverseteams.com\\\/de\\\/produkt\\\/cargo-radhose-symbiosis-cosmos-herren\\\/#primaryimage\"},\"thumbnailUrl\":\"https:\\\/\\\/www.inverseteams.com\\\/wp-content\\\/uploads\\\/CULOTTE-CARGO-SYMBIOSIS-COSMOS-1-1.jpg\",\"datePublished\":\"2025-01-27T16:57:33+00:00\",\"dateModified\":\"2025-10-02T00:02:22+00:00\",\"description\":\"Hergestellt aus 100 % recyceltem Stoff und mit dem Naturdyes\u00ae-Technologieverfahren gef\u00e4rbt. Alle beim F\u00e4rben verwendeten Produkte sind 100 % nat\u00fcrlich und pflanzlichen und mineralischen Ursprungs. Sie erzeugen keinen Giftm\u00fcll. Diese Technik verbraucht 70 % weniger Wasser als ein herk\u00f6mmlicher Prozess. Dar\u00fcber hinaus erreichen wir durch die T\u00f6nung bei niedrigen Temperaturen eine h\u00f6here Energieeffizienz und reduzieren den CO2-Fu\u00dfabdruck. Diese Cargo-Shorts sind mit superstarken Flachn\u00e4hten gefertigt, die f\u00fcr ein sehr attraktives und minimalistisches Design sorgen. Es verf\u00fcgt \u00fcber 2 Seitentaschen mit atmungsaktivem Innenstoff. Sein Gewebe garantiert hohe Widerstandsf\u00e4higkeit, Elastizit\u00e4t und Leichtigkeit. Es erm\u00f6glicht Ihnen eine gute Bewegungsfreiheit, ohne dass Sie einen Widerstand sp\u00fcren. Das R\u00fcckenteil besteht aus mikroperforiertem Stoff, um Schwei\u00df leicht abzuleiten. Dieses Teil verbindet die beiden flachen Polypropylen-B\u00e4nder, die das Gewicht ausgewogen verteilen, sodass Sie lange Radtouren ohne Beschwerden genie\u00dfen k\u00f6nnen. Die Hosenbeine sind mit einem Laserschnitt versehen und im R\u00fcckenbereich befinden sich Reflektorlinien, die Ihre Sicherheit erh\u00f6hen, da sie das Licht der Fahrzeuge reflektieren. Mit Mustang-Chamois von Elastic Interface. Es wurde nach dem Zero-Friction-Konzept entwickelt und verf\u00fcgt \u00fcber flie\u00dfende \u00dcberg\u00e4nge zwischen den Ebenen. Es kombiniert hochdichten Pro Evo-Schaum mit hervorragender R\u00fcckgewinnungskapazit\u00e4t und recyceltem Re-Cycle-Gewebe. Die Radhosen SYMBISIS COSMOS sind so konzipiert, dass Sie viele Stunden Radsport bei absolutem Komfort genie\u00dfen k\u00f6nnen. Es ist perfekt, um Schotter zu genie\u00dfen.\",\"breadcrumb\":{\"@id\":\"https:\\\/\\\/www.inverseteams.com\\\/de\\\/produkt\\\/cargo-radhose-symbiosis-cosmos-herren\\\/#breadcrumb\"},\"inLanguage\":\"de\",\"potentialAction\":[{\"@type\":\"ReadAction\",\"target\":[\"https:\\\/\\\/www.inverseteams.com\\\/de\\\/produkt\\\/cargo-radhose-symbiosis-cosmos-herren\\\/\"]}]},{\"@type\":\"ImageObject\",\"inLanguage\":\"de\",\"@id\":\"https:\\\/\\\/www.inverseteams.com\\\/de\\\/produkt\\\/cargo-radhose-symbiosis-cosmos-herren\\\/#primaryimage\",\"url\":\"https:\\\/\\\/www.inverseteams.com\\\/wp-content\\\/uploads\\\/CULOTTE-CARGO-SYMBIOSIS-COSMOS-1-1.jpg\",\"contentUrl\":\"https:\\\/\\\/www.inverseteams.com\\\/wp-content\\\/uploads\\\/CULOTTE-CARGO-SYMBIOSIS-COSMOS-1-1.jpg\",\"width\":1500,\"height\":1612,\"caption\":\"culotte cargo gravel inverse\"},{\"@type\":\"BreadcrumbList\",\"@id\":\"https:\\\/\\\/www.inverseteams.com\\\/de\\\/produkt\\\/cargo-radhose-symbiosis-cosmos-herren\\\/#breadcrumb\",\"itemListElement\":[{\"@type\":\"ListItem\",\"position\":1,\"name\":\"Portada\",\"item\":\"https:\\\/\\\/www.inverseteams.com\\\/de\\\/\"},{\"@type\":\"ListItem\",\"position\":2,\"name\":\"Speichern\",\"item\":\"https:\\\/\\\/www.inverseteams.com\\\/de\\\/speichern\\\/\"},{\"@type\":\"ListItem\",\"position\":3,\"name\":\"Cargo Radhose SYMBIOSIS COSMOS (HERREN)\"}]},{\"@type\":\"WebSite\",\"@id\":\"https:\\\/\\\/www.inverseteams.com\\\/de\\\/#website\",\"url\":\"https:\\\/\\\/www.inverseteams.com\\\/de\\\/\",\"name\":\"Inverseteams\",\"description\":\"Tu marca de ropa deportiva personalizada\",\"publisher\":{\"@id\":\"https:\\\/\\\/www.inverseteams.com\\\/de\\\/#organization\"},\"potentialAction\":[{\"@type\":\"SearchAction\",\"target\":{\"@type\":\"EntryPoint\",\"urlTemplate\":\"https:\\\/\\\/www.inverseteams.com\\\/de\\\/?s={search_term_string}\"},\"query-input\":{\"@type\":\"PropertyValueSpecification\",\"valueRequired\":true,\"valueName\":\"search_term_string\"}}],\"inLanguage\":\"de\"},{\"@type\":\"Organization\",\"@id\":\"https:\\\/\\\/www.inverseteams.com\\\/de\\\/#organization\",\"name\":\"Inverse Teams\",\"url\":\"https:\\\/\\\/www.inverseteams.com\\\/de\\\/\",\"logo\":{\"@type\":\"ImageObject\",\"inLanguage\":\"de\",\"@id\":\"https:\\\/\\\/www.inverseteams.com\\\/de\\\/#\\\/schema\\\/logo\\\/image\\\/\",\"url\":\"https:\\\/\\\/www.inverseteams.com\\\/wp-content\\\/uploads\\\/2021\\\/03\\\/logo-inverse-teams.png\",\"contentUrl\":\"https:\\\/\\\/www.inverseteams.com\\\/wp-content\\\/uploads\\\/2021\\\/03\\\/logo-inverse-teams.png\",\"width\":294,\"height\":99,\"caption\":\"Inverse Teams\"},\"image\":{\"@id\":\"https:\\\/\\\/www.inverseteams.com\\\/de\\\/#\\\/schema\\\/logo\\\/image\\\/\"},\"sameAs\":[\"https:\\\/\\\/www.facebook.com\\\/inverseteams\",\"http:\\\/\\\/instagram.com\\\/inverseteams\",\"https:\\\/\\\/www.linkedin.com\\\/company\\\/inverse-cirosport-s-l-?trk=job_view_topcard_company_name\",\"http:\\\/\\\/www.pinterest.com\\\/inverseteams\\\/\",\"http:\\\/\\\/www.youtube.com\\\/user\\\/inverseteams?feature=watch\"]}]}<\/script>\n<!-- \/ Yoast SEO plugin. -->","yoast_head_json":{"title":"Cargo Radhose SYMBIOSIS COSMOS (HERREN)","description":"Hergestellt aus 100 % recyceltem Stoff und mit dem Naturdyes\u00ae-Technologieverfahren gef\u00e4rbt. Alle beim F\u00e4rben verwendeten Produkte sind 100 % nat\u00fcrlich und pflanzlichen und mineralischen Ursprungs. Sie erzeugen keinen Giftm\u00fcll. Diese Technik verbraucht 70 % weniger Wasser als ein herk\u00f6mmlicher Prozess. Dar\u00fcber hinaus erreichen wir durch die T\u00f6nung bei niedrigen Temperaturen eine h\u00f6here Energieeffizienz und reduzieren den CO2-Fu\u00dfabdruck. Diese Cargo-Shorts sind mit superstarken Flachn\u00e4hten gefertigt, die f\u00fcr ein sehr attraktives und minimalistisches Design sorgen. Es verf\u00fcgt \u00fcber 2 Seitentaschen mit atmungsaktivem Innenstoff. Sein Gewebe garantiert hohe Widerstandsf\u00e4higkeit, Elastizit\u00e4t und Leichtigkeit. Es erm\u00f6glicht Ihnen eine gute Bewegungsfreiheit, ohne dass Sie einen Widerstand sp\u00fcren. Das R\u00fcckenteil besteht aus mikroperforiertem Stoff, um Schwei\u00df leicht abzuleiten. Dieses Teil verbindet die beiden flachen Polypropylen-B\u00e4nder, die das Gewicht ausgewogen verteilen, sodass Sie lange Radtouren ohne Beschwerden genie\u00dfen k\u00f6nnen. Die Hosenbeine sind mit einem Laserschnitt versehen und im R\u00fcckenbereich befinden sich Reflektorlinien, die Ihre Sicherheit erh\u00f6hen, da sie das Licht der Fahrzeuge reflektieren. Mit Mustang-Chamois von Elastic Interface. Es wurde nach dem Zero-Friction-Konzept entwickelt und verf\u00fcgt \u00fcber flie\u00dfende \u00dcberg\u00e4nge zwischen den Ebenen. Es kombiniert hochdichten Pro Evo-Schaum mit hervorragender R\u00fcckgewinnungskapazit\u00e4t und recyceltem Re-Cycle-Gewebe. Die Radhosen SYMBISIS COSMOS sind so konzipiert, dass Sie viele Stunden Radsport bei absolutem Komfort genie\u00dfen k\u00f6nnen. Es ist perfekt, um Schotter zu genie\u00dfen.","robots":{"index":"index","follow":"follow","max-snippet":"max-snippet:-1","max-image-preview":"max-image-preview:large","max-video-preview":"max-video-preview:-1"},"canonical":"https:\/\/www.inverseteams.com\/de\/produkt\/cargo-radhose-symbiosis-cosmos-herren\/","og_locale":"de_DE","og_type":"article","og_title":"Cargo Radhose SYMBIOSIS COSMOS (HERREN)","og_description":"Hergestellt aus 100 % recyceltem Stoff und mit dem Naturdyes\u00ae-Technologieverfahren gef\u00e4rbt. Alle beim F\u00e4rben verwendeten Produkte sind 100 % nat\u00fcrlich und pflanzlichen und mineralischen Ursprungs. Sie erzeugen keinen Giftm\u00fcll. Diese Technik verbraucht 70 % weniger Wasser als ein herk\u00f6mmlicher Prozess. Dar\u00fcber hinaus erreichen wir durch die T\u00f6nung bei niedrigen Temperaturen eine h\u00f6here Energieeffizienz und reduzieren den CO2-Fu\u00dfabdruck. Diese Cargo-Shorts sind mit superstarken Flachn\u00e4hten gefertigt, die f\u00fcr ein sehr attraktives und minimalistisches Design sorgen. Es verf\u00fcgt \u00fcber 2 Seitentaschen mit atmungsaktivem Innenstoff. Sein Gewebe garantiert hohe Widerstandsf\u00e4higkeit, Elastizit\u00e4t und Leichtigkeit. Es erm\u00f6glicht Ihnen eine gute Bewegungsfreiheit, ohne dass Sie einen Widerstand sp\u00fcren. Das R\u00fcckenteil besteht aus mikroperforiertem Stoff, um Schwei\u00df leicht abzuleiten. Dieses Teil verbindet die beiden flachen Polypropylen-B\u00e4nder, die das Gewicht ausgewogen verteilen, sodass Sie lange Radtouren ohne Beschwerden genie\u00dfen k\u00f6nnen. Die Hosenbeine sind mit einem Laserschnitt versehen und im R\u00fcckenbereich befinden sich Reflektorlinien, die Ihre Sicherheit erh\u00f6hen, da sie das Licht der Fahrzeuge reflektieren. Mit Mustang-Chamois von Elastic Interface. Es wurde nach dem Zero-Friction-Konzept entwickelt und verf\u00fcgt \u00fcber flie\u00dfende \u00dcberg\u00e4nge zwischen den Ebenen. Es kombiniert hochdichten Pro Evo-Schaum mit hervorragender R\u00fcckgewinnungskapazit\u00e4t und recyceltem Re-Cycle-Gewebe. Die Radhosen SYMBISIS COSMOS sind so konzipiert, dass Sie viele Stunden Radsport bei absolutem Komfort genie\u00dfen k\u00f6nnen. Es ist perfekt, um Schotter zu genie\u00dfen.","og_url":"https:\/\/www.inverseteams.com\/de\/produkt\/cargo-radhose-symbiosis-cosmos-herren\/","og_site_name":"Inverseteams","article_publisher":"https:\/\/www.facebook.com\/inverseteams","article_modified_time":"2025-10-02T00:02:22+00:00","og_image":[{"width":1500,"height":1612,"url":"https:\/\/www.inverseteams.com\/wp-content\/uploads\/CULOTTE-CARGO-SYMBIOSIS-COSMOS-1-1.jpg","type":"image\/jpeg"}],"twitter_card":"summary_large_image","twitter_misc":{"Gesch\u00e4tzte Lesezeit":"2\u00a0Minute"},"schema":{"@context":"https:\/\/schema.org","@graph":[{"@type":"WebPage","@id":"https:\/\/www.inverseteams.com\/de\/produkt\/cargo-radhose-symbiosis-cosmos-herren\/","url":"https:\/\/www.inverseteams.com\/de\/produkt\/cargo-radhose-symbiosis-cosmos-herren\/","name":"Cargo Radhose SYMBIOSIS COSMOS (HERREN)","isPartOf":{"@id":"https:\/\/www.inverseteams.com\/de\/#website"},"primaryImageOfPage":{"@id":"https:\/\/www.inverseteams.com\/de\/produkt\/cargo-radhose-symbiosis-cosmos-herren\/#primaryimage"},"image":{"@id":"https:\/\/www.inverseteams.com\/de\/produkt\/cargo-radhose-symbiosis-cosmos-herren\/#primaryimage"},"thumbnailUrl":"https:\/\/www.inverseteams.com\/wp-content\/uploads\/CULOTTE-CARGO-SYMBIOSIS-COSMOS-1-1.jpg","datePublished":"2025-01-27T16:57:33+00:00","dateModified":"2025-10-02T00:02:22+00:00","description":"Hergestellt aus 100 % recyceltem Stoff und mit dem Naturdyes\u00ae-Technologieverfahren gef\u00e4rbt. Alle beim F\u00e4rben verwendeten Produkte sind 100 % nat\u00fcrlich und pflanzlichen und mineralischen Ursprungs. Sie erzeugen keinen Giftm\u00fcll. Diese Technik verbraucht 70 % weniger Wasser als ein herk\u00f6mmlicher Prozess. Dar\u00fcber hinaus erreichen wir durch die T\u00f6nung bei niedrigen Temperaturen eine h\u00f6here Energieeffizienz und reduzieren den CO2-Fu\u00dfabdruck. Diese Cargo-Shorts sind mit superstarken Flachn\u00e4hten gefertigt, die f\u00fcr ein sehr attraktives und minimalistisches Design sorgen. Es verf\u00fcgt \u00fcber 2 Seitentaschen mit atmungsaktivem Innenstoff. Sein Gewebe garantiert hohe Widerstandsf\u00e4higkeit, Elastizit\u00e4t und Leichtigkeit. Es erm\u00f6glicht Ihnen eine gute Bewegungsfreiheit, ohne dass Sie einen Widerstand sp\u00fcren. Das R\u00fcckenteil besteht aus mikroperforiertem Stoff, um Schwei\u00df leicht abzuleiten. Dieses Teil verbindet die beiden flachen Polypropylen-B\u00e4nder, die das Gewicht ausgewogen verteilen, sodass Sie lange Radtouren ohne Beschwerden genie\u00dfen k\u00f6nnen. Die Hosenbeine sind mit einem Laserschnitt versehen und im R\u00fcckenbereich befinden sich Reflektorlinien, die Ihre Sicherheit erh\u00f6hen, da sie das Licht der Fahrzeuge reflektieren. Mit Mustang-Chamois von Elastic Interface. Es wurde nach dem Zero-Friction-Konzept entwickelt und verf\u00fcgt \u00fcber flie\u00dfende \u00dcberg\u00e4nge zwischen den Ebenen. Es kombiniert hochdichten Pro Evo-Schaum mit hervorragender R\u00fcckgewinnungskapazit\u00e4t und recyceltem Re-Cycle-Gewebe. Die Radhosen SYMBISIS COSMOS sind so konzipiert, dass Sie viele Stunden Radsport bei absolutem Komfort genie\u00dfen k\u00f6nnen. Es ist perfekt, um Schotter zu genie\u00dfen.","breadcrumb":{"@id":"https:\/\/www.inverseteams.com\/de\/produkt\/cargo-radhose-symbiosis-cosmos-herren\/#breadcrumb"},"inLanguage":"de","potentialAction":[{"@type":"ReadAction","target":["https:\/\/www.inverseteams.com\/de\/produkt\/cargo-radhose-symbiosis-cosmos-herren\/"]}]},{"@type":"ImageObject","inLanguage":"de","@id":"https:\/\/www.inverseteams.com\/de\/produkt\/cargo-radhose-symbiosis-cosmos-herren\/#primaryimage","url":"https:\/\/www.inverseteams.com\/wp-content\/uploads\/CULOTTE-CARGO-SYMBIOSIS-COSMOS-1-1.jpg","contentUrl":"https:\/\/www.inverseteams.com\/wp-content\/uploads\/CULOTTE-CARGO-SYMBIOSIS-COSMOS-1-1.jpg","width":1500,"height":1612,"caption":"culotte cargo gravel inverse"},{"@type":"BreadcrumbList","@id":"https:\/\/www.inverseteams.com\/de\/produkt\/cargo-radhose-symbiosis-cosmos-herren\/#breadcrumb","itemListElement":[{"@type":"ListItem","position":1,"name":"Portada","item":"https:\/\/www.inverseteams.com\/de\/"},{"@type":"ListItem","position":2,"name":"Speichern","item":"https:\/\/www.inverseteams.com\/de\/speichern\/"},{"@type":"ListItem","position":3,"name":"Cargo Radhose SYMBIOSIS COSMOS (HERREN)"}]},{"@type":"WebSite","@id":"https:\/\/www.inverseteams.com\/de\/#website","url":"https:\/\/www.inverseteams.com\/de\/","name":"Inverseteams","description":"Tu marca de ropa deportiva personalizada","publisher":{"@id":"https:\/\/www.inverseteams.com\/de\/#organization"},"potentialAction":[{"@type":"SearchAction","target":{"@type":"EntryPoint","urlTemplate":"https:\/\/www.inverseteams.com\/de\/?s={search_term_string}"},"query-input":{"@type":"PropertyValueSpecification","valueRequired":true,"valueName":"search_term_string"}}],"inLanguage":"de"},{"@type":"Organization","@id":"https:\/\/www.inverseteams.com\/de\/#organization","name":"Inverse Teams","url":"https:\/\/www.inverseteams.com\/de\/","logo":{"@type":"ImageObject","inLanguage":"de","@id":"https:\/\/www.inverseteams.com\/de\/#\/schema\/logo\/image\/","url":"https:\/\/www.inverseteams.com\/wp-content\/uploads\/2021\/03\/logo-inverse-teams.png","contentUrl":"https:\/\/www.inverseteams.com\/wp-content\/uploads\/2021\/03\/logo-inverse-teams.png","width":294,"height":99,"caption":"Inverse Teams"},"image":{"@id":"https:\/\/www.inverseteams.com\/de\/#\/schema\/logo\/image\/"},"sameAs":["https:\/\/www.facebook.com\/inverseteams","http:\/\/instagram.com\/inverseteams","https:\/\/www.linkedin.com\/company\/inverse-cirosport-s-l-?trk=job_view_topcard_company_name","http:\/\/www.pinterest.com\/inverseteams\/","http:\/\/www.youtube.com\/user\/inverseteams?feature=watch"]}]}},"_links":{"self":[{"href":"https:\/\/www.inverseteams.com\/de\/wp-json\/wp\/v2\/product\/238357","targetHints":{"allow":["GET"]}}],"collection":[{"href":"https:\/\/www.inverseteams.com\/de\/wp-json\/wp\/v2\/product"}],"about":[{"href":"https:\/\/www.inverseteams.com\/de\/wp-json\/wp\/v2\/types\/product"}],"replies":[{"embeddable":true,"href":"https:\/\/www.inverseteams.com\/de\/wp-json\/wp\/v2\/comments?post=238357"}],"wp:featuredmedia":[{"embeddable":true,"href":"https:\/\/www.inverseteams.com\/de\/wp-json\/wp\/v2\/media\/243010"}],"wp:attachment":[{"href":"https:\/\/www.inverseteams.com\/de\/wp-json\/wp\/v2\/media?parent=238357"}],"wp:term":[{"taxonomy":"product_brand","embeddable":true,"href":"https:\/\/www.inverseteams.com\/de\/wp-json\/wp\/v2\/product_brand?post=238357"},{"taxonomy":"product_cat","embeddable":true,"href":"https:\/\/www.inverseteams.com\/de\/wp-json\/wp\/v2\/product_cat?post=238357"},{"taxonomy":"product_tag","embeddable":true,"href":"https:\/\/www.inverseteams.com\/de\/wp-json\/wp\/v2\/product_tag?post=238357"},{"taxonomy":"custom_category","embeddable":true,"href":"https:\/\/www.inverseteams.com\/de\/wp-json\/wp\/v2\/custom_category?post=238357"},{"taxonomy":"range","embeddable":true,"href":"https:\/\/www.inverseteams.com\/de\/wp-json\/wp\/v2\/range?post=238357"}],"curies":[{"name":"wp","href":"https:\/\/api.w.org\/{rel}","templated":true}]}}