{"id":238351,"date":"2025-01-27T16:55:03","date_gmt":"2025-01-27T16:55:03","guid":{"rendered":"https:\/\/www.inverseteams.com\/?post_type=product&#038;p=238351"},"modified":"2026-03-15T08:26:58","modified_gmt":"2026-03-15T07:26:58","slug":"radhose-bira-damen","status":"publish","type":"product","link":"https:\/\/www.inverseteams.com\/de\/produkt\/radhose-bira-damen\/","title":{"rendered":"Radhose ESSENZ BIRA"},"content":{"rendered":"<p data-start=\"5819\" data-end=\"6084\">Erlebe maximale Bewegungsfreiheit und Komfort bei jeder Fahrt. Die Damen Radhose ohne Tr\u00e4ger BIRA in elegantem Schwarz l\u00e4sst sich perfekt mit jedem Radtrikot kombinieren und bietet die ideale Balance aus Performance, Komfort und minimalistischem Design.<br \/>\nDiese Damen Radhose zeichnet sich durch einen h\u00f6heren Bund aus, <strong>der f\u00fcr besseren Halt und zus\u00e4tzlichen Komfort w\u00e4hrend der Fahrt sorgt<\/strong>. Zudem verf\u00fcgt sie \u00fcber weniger N\u00e4hte als eine herk\u00f6mmliche Radhose, wodurch Druckstellen reduziert und der Tragekomfort auch bei langen Touren erh\u00f6ht wird.<br \/>\nDie Radhose besteht aus technischer Lycra mit mattem Finish \u2013 ein leistungsstarkes Material, das f\u00fcr seine Strapazierf\u00e4higkeit, Elastizit\u00e4t und Leichtigkeit bekannt ist. Dank der hervorragenden Anpassungsf\u00e4higkeit an den K\u00f6rper bietet sie volle Bewegungsfreiheit auf dem Fahrrad.<br \/>\nDie <strong data-start=\"6668\" data-end=\"6705\">lasergeschnittenen Beinabschl\u00fcsse<\/strong> sorgen f\u00fcr eine saubere und aerodynamische Passform. Innen befindet sich ein <strong data-start=\"6783\" data-end=\"6817\">hypoallergener Silikon-Gripper<\/strong>, der die Radhose sicher an Ort und Stelle h\u00e4lt und ein Verrutschen verhindert. Ein <strong data-start=\"6901\" data-end=\"6927\">reflektierendes Detail<\/strong> verbessert zus\u00e4tzlich die Sichtbarkeit und Sicherheit im Stra\u00dfenverkehr.<br \/>\nAusgestattet ist sie mit dem <strong data-start=\"7031\" data-end=\"7058\">VEON INSERT Sitzpolster<\/strong>, das speziell f\u00fcr die weibliche Anatomie entwickelt wurde. Seine Struktur mit drei unterschiedlichen Dichten sorgt f\u00fcr eine optimale Druckverteilung. Der hochdichte Schaum bietet eine hervorragende R\u00fcckstellkraft und lange Haltbarkeit \u2013 ideal auch f\u00fcr lange Fahrten.<br \/>\n<strong>Die BIRA Damen Radhose wurde entwickelt, um viele Stunden Radfahren mit maximalem Komfort zu erm\u00f6glichen und eignet sich perfekt f\u00fcr Rennrad, MTB und Gravel.<\/strong><\/p>\n","protected":false},"excerpt":{"rendered":"<p>Erlebe maximale Bewegungsfreiheit und Komfort bei jeder Fahrt. Die Damen Radhose ohne Tr\u00e4ger BIRA in elegantem Schwarz l\u00e4sst sich perfekt mit jedem Radtrikot kombinieren und bietet die ideale Balance aus Performance, Komfort und minimalistischem Design.<br \/>\nDiese Damen Radhose zeichnet sich durch einen h\u00f6heren Bund aus, <strong>der f\u00fcr besseren Halt und zus\u00e4tzlichen Komfort w\u00e4hrend der Fahrt sorgt<\/strong>. Zudem verf\u00fcgt sie \u00fcber weniger N\u00e4hte als eine herk\u00f6mmliche Radhose, wodurch Druckstellen reduziert und der Tragekomfort auch bei langen Touren erh\u00f6ht wird.<br \/>\nDie Radhose besteht aus technischer Lycra mit mattem Finish \u2013 ein leistungsstarkes Material, das f\u00fcr seine Strapazierf\u00e4higkeit, Elastizit\u00e4t und Leichtigkeit bekannt ist. Dank der hervorragenden Anpassungsf\u00e4higkeit an den K\u00f6rper bietet sie volle Bewegungsfreiheit auf dem Fahrrad.<br \/>\nDie <strong data-start=\"6668\" data-end=\"6705\">lasergeschnittenen Beinabschl\u00fcsse<\/strong> sorgen f\u00fcr eine saubere und aerodynamische Passform. Innen befindet sich ein <strong data-start=\"6783\" data-end=\"6817\">hypoallergener Silikon-Gripper<\/strong>, der die Radhose sicher an Ort und Stelle h\u00e4lt und ein Verrutschen verhindert. Ein <strong data-start=\"6901\" data-end=\"6927\">reflektierendes Detail<\/strong> verbessert zus\u00e4tzlich die Sichtbarkeit und Sicherheit im Stra\u00dfenverkehr.<br \/>\nAusgestattet ist sie mit dem <strong data-start=\"7031\" data-end=\"7058\">VEON INSERT Sitzpolster<\/strong>, das speziell f\u00fcr die weibliche Anatomie entwickelt wurde. Seine Struktur mit drei unterschiedlichen Dichten sorgt f\u00fcr eine optimale Druckverteilung. Der hochdichte Schaum bietet eine hervorragende R\u00fcckstellkraft und lange Haltbarkeit \u2013 ideal auch f\u00fcr lange Fahrten.<br \/>\n<strong>Die BIRA Damen Radhose wurde entwickelt, um viele Stunden Radfahren mit maximalem Komfort zu erm\u00f6glichen und eignet sich perfekt f\u00fcr Rennrad, MTB und Gravel.<\/strong><\/p>\n","protected":false},"featured_media":280002,"comment_status":"closed","ping_status":"closed","template":"","meta":{"_acf_changed":false},"product_brand":[],"product_cat":[11153,11171,11190,11258],"product_tag":[],"custom_category":[],"range":[],"class_list":{"0":"post-238351","1":"product","2":"type-product","3":"status-publish","4":"has-post-thumbnail","6":"product_cat-b2b-de","7":"product_cat-radsport-shorts","8":"product_cat-radsportbekleidung","9":"product_cat-gravel-de","10":"pa_climatologia-temperatura-templada-de","11":"pa_climatologia-calor-de","12":"pa_deporte-ciclismo-de","13":"pa_deporte-gravel-de","14":"pa_genero-mujer-de","15":"pa_patronaje-fit-de","16":"pa_talla-xs-de","17":"pa_talla-s-de","18":"pa_talla-m-de","19":"pa_talla-l-de","20":"pa_talla-xl-de","21":"pa_tipo-de-prenda-kurze-radhose","23":"first","24":"instock","25":"featured","26":"taxable","27":"shipping-taxable","28":"purchasable","29":"product-type-variable","30":"has-default-attributes"},"acf":[],"yoast_head":"<!-- This site is optimized with the Yoast SEO plugin v27.3 - https:\/\/yoast.com\/product\/yoast-seo-wordpress\/ -->\n<title>Radhose BIRA (DAMEN)<\/title>\n<meta name=\"description\" content=\"Erlebe maximale Bewegungsfreiheit und Komfort bei jeder Fahrt. Die Damen Radhose ohne Tr\u00e4ger BIRA in elegantem Schwarz l\u00e4sst sich perfekt mit jedem Radtrikot kombinieren und bietet die ideale Balance aus Performance, Komfort und minimalistischem Design. Diese Damen Radhose zeichnet sich durch einen h\u00f6heren Bund aus, der f\u00fcr besseren Halt und zus\u00e4tzlichen Komfort w\u00e4hrend der Fahrt sorgt. Zudem verf\u00fcgt sie \u00fcber weniger N\u00e4hte als eine herk\u00f6mmliche Radhose, wodurch Druckstellen reduziert und der Tragekomfort auch bei langen Touren erh\u00f6ht wird. Die Radhose besteht aus technischer Lycra mit mattem Finish \u2013 ein leistungsstarkes Material, das f\u00fcr seine Strapazierf\u00e4higkeit, Elastizit\u00e4t und Leichtigkeit bekannt ist. Dank der hervorragenden Anpassungsf\u00e4higkeit an den K\u00f6rper bietet sie volle Bewegungsfreiheit auf dem Fahrrad. Die lasergeschnittenen Beinabschl\u00fcsse sorgen f\u00fcr eine saubere und aerodynamische Passform. Innen befindet sich ein hypoallergener Silikon-Gripper, der die Radhose sicher an Ort und Stelle h\u00e4lt und ein Verrutschen verhindert. Ein reflektierendes Detail verbessert zus\u00e4tzlich die Sichtbarkeit und Sicherheit im Stra\u00dfenverkehr. Ausgestattet ist sie mit dem VEON INSERT Sitzpolster, das speziell f\u00fcr die weibliche Anatomie entwickelt wurde. Seine Struktur mit drei unterschiedlichen Dichten sorgt f\u00fcr eine optimale Druckverteilung. Der hochdichte Schaum bietet eine hervorragende R\u00fcckstellkraft und lange Haltbarkeit \u2013 ideal auch f\u00fcr lange Fahrten. Die BIRA Damen Radhose wurde entwickelt, um viele Stunden Radfahren mit maximalem Komfort zu erm\u00f6glichen und eignet sich perfekt f\u00fcr Rennrad, MTB und Gravel.\" \/>\n<meta name=\"robots\" content=\"index, follow, max-snippet:-1, max-image-preview:large, max-video-preview:-1\" \/>\n<link rel=\"canonical\" href=\"https:\/\/www.inverseteams.com\/de\/produkt\/radhose-bira-damen\/\" \/>\n<meta property=\"og:locale\" content=\"de_DE\" \/>\n<meta property=\"og:type\" content=\"article\" \/>\n<meta property=\"og:title\" content=\"Radhose BIRA (DAMEN)\" \/>\n<meta property=\"og:description\" content=\"Erlebe maximale Bewegungsfreiheit und Komfort bei jeder Fahrt. Die Damen Radhose ohne Tr\u00e4ger BIRA in elegantem Schwarz l\u00e4sst sich perfekt mit jedem Radtrikot kombinieren und bietet die ideale Balance aus Performance, Komfort und minimalistischem Design. Diese Damen Radhose zeichnet sich durch einen h\u00f6heren Bund aus, der f\u00fcr besseren Halt und zus\u00e4tzlichen Komfort w\u00e4hrend der Fahrt sorgt. Zudem verf\u00fcgt sie \u00fcber weniger N\u00e4hte als eine herk\u00f6mmliche Radhose, wodurch Druckstellen reduziert und der Tragekomfort auch bei langen Touren erh\u00f6ht wird. Die Radhose besteht aus technischer Lycra mit mattem Finish \u2013 ein leistungsstarkes Material, das f\u00fcr seine Strapazierf\u00e4higkeit, Elastizit\u00e4t und Leichtigkeit bekannt ist. Dank der hervorragenden Anpassungsf\u00e4higkeit an den K\u00f6rper bietet sie volle Bewegungsfreiheit auf dem Fahrrad. Die lasergeschnittenen Beinabschl\u00fcsse sorgen f\u00fcr eine saubere und aerodynamische Passform. Innen befindet sich ein hypoallergener Silikon-Gripper, der die Radhose sicher an Ort und Stelle h\u00e4lt und ein Verrutschen verhindert. Ein reflektierendes Detail verbessert zus\u00e4tzlich die Sichtbarkeit und Sicherheit im Stra\u00dfenverkehr. Ausgestattet ist sie mit dem VEON INSERT Sitzpolster, das speziell f\u00fcr die weibliche Anatomie entwickelt wurde. Seine Struktur mit drei unterschiedlichen Dichten sorgt f\u00fcr eine optimale Druckverteilung. Der hochdichte Schaum bietet eine hervorragende R\u00fcckstellkraft und lange Haltbarkeit \u2013 ideal auch f\u00fcr lange Fahrten. Die BIRA Damen Radhose wurde entwickelt, um viele Stunden Radfahren mit maximalem Komfort zu erm\u00f6glichen und eignet sich perfekt f\u00fcr Rennrad, MTB und Gravel.\" \/>\n<meta property=\"og:url\" content=\"https:\/\/www.inverseteams.com\/de\/produkt\/radhose-bira-damen\/\" \/>\n<meta property=\"og:site_name\" content=\"Inverseteams\" \/>\n<meta property=\"article:publisher\" content=\"https:\/\/www.facebook.com\/inverseteams\" \/>\n<meta property=\"article:modified_time\" content=\"2026-03-15T07:26:58+00:00\" \/>\n<meta property=\"og:image\" content=\"https:\/\/www.inverseteams.com\/wp-content\/uploads\/INVERSE-CICLISMO-MUJER-CULOTTE-ESSENZ-BIRA-BLACK-001.jpg\" \/>\n\t<meta property=\"og:image:width\" content=\"1500\" \/>\n\t<meta property=\"og:image:height\" content=\"1612\" \/>\n\t<meta property=\"og:image:type\" content=\"image\/jpeg\" \/>\n<meta name=\"twitter:card\" content=\"summary_large_image\" \/>\n<meta name=\"twitter:label1\" content=\"Gesch\u00e4tzte Lesezeit\" \/>\n\t<meta name=\"twitter:data1\" content=\"2\u00a0Minute\" \/>\n<script type=\"application\/ld+json\" class=\"yoast-schema-graph\">{\"@context\":\"https:\\\/\\\/schema.org\",\"@graph\":[{\"@type\":\"WebPage\",\"@id\":\"https:\\\/\\\/www.inverseteams.com\\\/de\\\/produkt\\\/radhose-bira-damen\\\/\",\"url\":\"https:\\\/\\\/www.inverseteams.com\\\/de\\\/produkt\\\/radhose-bira-damen\\\/\",\"name\":\"Radhose BIRA (DAMEN)\",\"isPartOf\":{\"@id\":\"https:\\\/\\\/www.inverseteams.com\\\/de\\\/#website\"},\"primaryImageOfPage\":{\"@id\":\"https:\\\/\\\/www.inverseteams.com\\\/de\\\/produkt\\\/radhose-bira-damen\\\/#primaryimage\"},\"image\":{\"@id\":\"https:\\\/\\\/www.inverseteams.com\\\/de\\\/produkt\\\/radhose-bira-damen\\\/#primaryimage\"},\"thumbnailUrl\":\"https:\\\/\\\/www.inverseteams.com\\\/wp-content\\\/uploads\\\/INVERSE-CICLISMO-MUJER-CULOTTE-ESSENZ-BIRA-BLACK-001.jpg\",\"datePublished\":\"2025-01-27T16:55:03+00:00\",\"dateModified\":\"2026-03-15T07:26:58+00:00\",\"description\":\"Erlebe maximale Bewegungsfreiheit und Komfort bei jeder Fahrt. Die Damen Radhose ohne Tr\u00e4ger BIRA in elegantem Schwarz l\u00e4sst sich perfekt mit jedem Radtrikot kombinieren und bietet die ideale Balance aus Performance, Komfort und minimalistischem Design. Diese Damen Radhose zeichnet sich durch einen h\u00f6heren Bund aus, der f\u00fcr besseren Halt und zus\u00e4tzlichen Komfort w\u00e4hrend der Fahrt sorgt. Zudem verf\u00fcgt sie \u00fcber weniger N\u00e4hte als eine herk\u00f6mmliche Radhose, wodurch Druckstellen reduziert und der Tragekomfort auch bei langen Touren erh\u00f6ht wird. Die Radhose besteht aus technischer Lycra mit mattem Finish \u2013 ein leistungsstarkes Material, das f\u00fcr seine Strapazierf\u00e4higkeit, Elastizit\u00e4t und Leichtigkeit bekannt ist. Dank der hervorragenden Anpassungsf\u00e4higkeit an den K\u00f6rper bietet sie volle Bewegungsfreiheit auf dem Fahrrad. Die lasergeschnittenen Beinabschl\u00fcsse sorgen f\u00fcr eine saubere und aerodynamische Passform. Innen befindet sich ein hypoallergener Silikon-Gripper, der die Radhose sicher an Ort und Stelle h\u00e4lt und ein Verrutschen verhindert. Ein reflektierendes Detail verbessert zus\u00e4tzlich die Sichtbarkeit und Sicherheit im Stra\u00dfenverkehr. Ausgestattet ist sie mit dem VEON INSERT Sitzpolster, das speziell f\u00fcr die weibliche Anatomie entwickelt wurde. Seine Struktur mit drei unterschiedlichen Dichten sorgt f\u00fcr eine optimale Druckverteilung. Der hochdichte Schaum bietet eine hervorragende R\u00fcckstellkraft und lange Haltbarkeit \u2013 ideal auch f\u00fcr lange Fahrten. Die BIRA Damen Radhose wurde entwickelt, um viele Stunden Radfahren mit maximalem Komfort zu erm\u00f6glichen und eignet sich perfekt f\u00fcr Rennrad, MTB und Gravel.\",\"breadcrumb\":{\"@id\":\"https:\\\/\\\/www.inverseteams.com\\\/de\\\/produkt\\\/radhose-bira-damen\\\/#breadcrumb\"},\"inLanguage\":\"de\",\"potentialAction\":[{\"@type\":\"ReadAction\",\"target\":[\"https:\\\/\\\/www.inverseteams.com\\\/de\\\/produkt\\\/radhose-bira-damen\\\/\"]}]},{\"@type\":\"ImageObject\",\"inLanguage\":\"de\",\"@id\":\"https:\\\/\\\/www.inverseteams.com\\\/de\\\/produkt\\\/radhose-bira-damen\\\/#primaryimage\",\"url\":\"https:\\\/\\\/www.inverseteams.com\\\/wp-content\\\/uploads\\\/INVERSE-CICLISMO-MUJER-CULOTTE-ESSENZ-BIRA-BLACK-001.jpg\",\"contentUrl\":\"https:\\\/\\\/www.inverseteams.com\\\/wp-content\\\/uploads\\\/INVERSE-CICLISMO-MUJER-CULOTTE-ESSENZ-BIRA-BLACK-001.jpg\",\"width\":1500,\"height\":1612},{\"@type\":\"BreadcrumbList\",\"@id\":\"https:\\\/\\\/www.inverseteams.com\\\/de\\\/produkt\\\/radhose-bira-damen\\\/#breadcrumb\",\"itemListElement\":[{\"@type\":\"ListItem\",\"position\":1,\"name\":\"Portada\",\"item\":\"https:\\\/\\\/www.inverseteams.com\\\/de\\\/\"},{\"@type\":\"ListItem\",\"position\":2,\"name\":\"Speichern\",\"item\":\"https:\\\/\\\/www.inverseteams.com\\\/de\\\/speichern\\\/\"},{\"@type\":\"ListItem\",\"position\":3,\"name\":\"Radhose ESSENZ BIRA\"}]},{\"@type\":\"WebSite\",\"@id\":\"https:\\\/\\\/www.inverseteams.com\\\/de\\\/#website\",\"url\":\"https:\\\/\\\/www.inverseteams.com\\\/de\\\/\",\"name\":\"Inverseteams\",\"description\":\"Tu marca de ropa deportiva personalizada\",\"publisher\":{\"@id\":\"https:\\\/\\\/www.inverseteams.com\\\/de\\\/#organization\"},\"potentialAction\":[{\"@type\":\"SearchAction\",\"target\":{\"@type\":\"EntryPoint\",\"urlTemplate\":\"https:\\\/\\\/www.inverseteams.com\\\/de\\\/?s={search_term_string}\"},\"query-input\":{\"@type\":\"PropertyValueSpecification\",\"valueRequired\":true,\"valueName\":\"search_term_string\"}}],\"inLanguage\":\"de\"},{\"@type\":\"Organization\",\"@id\":\"https:\\\/\\\/www.inverseteams.com\\\/de\\\/#organization\",\"name\":\"Inverse Teams\",\"url\":\"https:\\\/\\\/www.inverseteams.com\\\/de\\\/\",\"logo\":{\"@type\":\"ImageObject\",\"inLanguage\":\"de\",\"@id\":\"https:\\\/\\\/www.inverseteams.com\\\/de\\\/#\\\/schema\\\/logo\\\/image\\\/\",\"url\":\"http:\\\/\\\/www.inverseteams.com\\\/wp-content\\\/uploads\\\/2021\\\/03\\\/logo-inverse-teams.png\",\"contentUrl\":\"http:\\\/\\\/www.inverseteams.com\\\/wp-content\\\/uploads\\\/2021\\\/03\\\/logo-inverse-teams.png\",\"width\":294,\"height\":99,\"caption\":\"Inverse Teams\"},\"image\":{\"@id\":\"https:\\\/\\\/www.inverseteams.com\\\/de\\\/#\\\/schema\\\/logo\\\/image\\\/\"},\"sameAs\":[\"https:\\\/\\\/www.facebook.com\\\/inverseteams\",\"http:\\\/\\\/instagram.com\\\/inverseteams\",\"https:\\\/\\\/www.linkedin.com\\\/company\\\/inverse-cirosport-s-l-?trk=job_view_topcard_company_name\",\"http:\\\/\\\/www.pinterest.com\\\/inverseteams\\\/\",\"http:\\\/\\\/www.youtube.com\\\/user\\\/inverseteams?feature=watch\"]}]}<\/script>\n<!-- \/ Yoast SEO plugin. -->","yoast_head_json":{"title":"Radhose BIRA (DAMEN)","description":"Erlebe maximale Bewegungsfreiheit und Komfort bei jeder Fahrt. Die Damen Radhose ohne Tr\u00e4ger BIRA in elegantem Schwarz l\u00e4sst sich perfekt mit jedem Radtrikot kombinieren und bietet die ideale Balance aus Performance, Komfort und minimalistischem Design. Diese Damen Radhose zeichnet sich durch einen h\u00f6heren Bund aus, der f\u00fcr besseren Halt und zus\u00e4tzlichen Komfort w\u00e4hrend der Fahrt sorgt. Zudem verf\u00fcgt sie \u00fcber weniger N\u00e4hte als eine herk\u00f6mmliche Radhose, wodurch Druckstellen reduziert und der Tragekomfort auch bei langen Touren erh\u00f6ht wird. Die Radhose besteht aus technischer Lycra mit mattem Finish \u2013 ein leistungsstarkes Material, das f\u00fcr seine Strapazierf\u00e4higkeit, Elastizit\u00e4t und Leichtigkeit bekannt ist. Dank der hervorragenden Anpassungsf\u00e4higkeit an den K\u00f6rper bietet sie volle Bewegungsfreiheit auf dem Fahrrad. Die lasergeschnittenen Beinabschl\u00fcsse sorgen f\u00fcr eine saubere und aerodynamische Passform. Innen befindet sich ein hypoallergener Silikon-Gripper, der die Radhose sicher an Ort und Stelle h\u00e4lt und ein Verrutschen verhindert. Ein reflektierendes Detail verbessert zus\u00e4tzlich die Sichtbarkeit und Sicherheit im Stra\u00dfenverkehr. Ausgestattet ist sie mit dem VEON INSERT Sitzpolster, das speziell f\u00fcr die weibliche Anatomie entwickelt wurde. Seine Struktur mit drei unterschiedlichen Dichten sorgt f\u00fcr eine optimale Druckverteilung. Der hochdichte Schaum bietet eine hervorragende R\u00fcckstellkraft und lange Haltbarkeit \u2013 ideal auch f\u00fcr lange Fahrten. Die BIRA Damen Radhose wurde entwickelt, um viele Stunden Radfahren mit maximalem Komfort zu erm\u00f6glichen und eignet sich perfekt f\u00fcr Rennrad, MTB und Gravel.","robots":{"index":"index","follow":"follow","max-snippet":"max-snippet:-1","max-image-preview":"max-image-preview:large","max-video-preview":"max-video-preview:-1"},"canonical":"https:\/\/www.inverseteams.com\/de\/produkt\/radhose-bira-damen\/","og_locale":"de_DE","og_type":"article","og_title":"Radhose BIRA (DAMEN)","og_description":"Erlebe maximale Bewegungsfreiheit und Komfort bei jeder Fahrt. Die Damen Radhose ohne Tr\u00e4ger BIRA in elegantem Schwarz l\u00e4sst sich perfekt mit jedem Radtrikot kombinieren und bietet die ideale Balance aus Performance, Komfort und minimalistischem Design. Diese Damen Radhose zeichnet sich durch einen h\u00f6heren Bund aus, der f\u00fcr besseren Halt und zus\u00e4tzlichen Komfort w\u00e4hrend der Fahrt sorgt. Zudem verf\u00fcgt sie \u00fcber weniger N\u00e4hte als eine herk\u00f6mmliche Radhose, wodurch Druckstellen reduziert und der Tragekomfort auch bei langen Touren erh\u00f6ht wird. Die Radhose besteht aus technischer Lycra mit mattem Finish \u2013 ein leistungsstarkes Material, das f\u00fcr seine Strapazierf\u00e4higkeit, Elastizit\u00e4t und Leichtigkeit bekannt ist. Dank der hervorragenden Anpassungsf\u00e4higkeit an den K\u00f6rper bietet sie volle Bewegungsfreiheit auf dem Fahrrad. Die lasergeschnittenen Beinabschl\u00fcsse sorgen f\u00fcr eine saubere und aerodynamische Passform. Innen befindet sich ein hypoallergener Silikon-Gripper, der die Radhose sicher an Ort und Stelle h\u00e4lt und ein Verrutschen verhindert. Ein reflektierendes Detail verbessert zus\u00e4tzlich die Sichtbarkeit und Sicherheit im Stra\u00dfenverkehr. Ausgestattet ist sie mit dem VEON INSERT Sitzpolster, das speziell f\u00fcr die weibliche Anatomie entwickelt wurde. Seine Struktur mit drei unterschiedlichen Dichten sorgt f\u00fcr eine optimale Druckverteilung. Der hochdichte Schaum bietet eine hervorragende R\u00fcckstellkraft und lange Haltbarkeit \u2013 ideal auch f\u00fcr lange Fahrten. Die BIRA Damen Radhose wurde entwickelt, um viele Stunden Radfahren mit maximalem Komfort zu erm\u00f6glichen und eignet sich perfekt f\u00fcr Rennrad, MTB und Gravel.","og_url":"https:\/\/www.inverseteams.com\/de\/produkt\/radhose-bira-damen\/","og_site_name":"Inverseteams","article_publisher":"https:\/\/www.facebook.com\/inverseteams","article_modified_time":"2026-03-15T07:26:58+00:00","og_image":[{"width":1500,"height":1612,"url":"https:\/\/www.inverseteams.com\/wp-content\/uploads\/INVERSE-CICLISMO-MUJER-CULOTTE-ESSENZ-BIRA-BLACK-001.jpg","type":"image\/jpeg"}],"twitter_card":"summary_large_image","twitter_misc":{"Gesch\u00e4tzte Lesezeit":"2\u00a0Minute"},"schema":{"@context":"https:\/\/schema.org","@graph":[{"@type":"WebPage","@id":"https:\/\/www.inverseteams.com\/de\/produkt\/radhose-bira-damen\/","url":"https:\/\/www.inverseteams.com\/de\/produkt\/radhose-bira-damen\/","name":"Radhose BIRA (DAMEN)","isPartOf":{"@id":"https:\/\/www.inverseteams.com\/de\/#website"},"primaryImageOfPage":{"@id":"https:\/\/www.inverseteams.com\/de\/produkt\/radhose-bira-damen\/#primaryimage"},"image":{"@id":"https:\/\/www.inverseteams.com\/de\/produkt\/radhose-bira-damen\/#primaryimage"},"thumbnailUrl":"https:\/\/www.inverseteams.com\/wp-content\/uploads\/INVERSE-CICLISMO-MUJER-CULOTTE-ESSENZ-BIRA-BLACK-001.jpg","datePublished":"2025-01-27T16:55:03+00:00","dateModified":"2026-03-15T07:26:58+00:00","description":"Erlebe maximale Bewegungsfreiheit und Komfort bei jeder Fahrt. Die Damen Radhose ohne Tr\u00e4ger BIRA in elegantem Schwarz l\u00e4sst sich perfekt mit jedem Radtrikot kombinieren und bietet die ideale Balance aus Performance, Komfort und minimalistischem Design. Diese Damen Radhose zeichnet sich durch einen h\u00f6heren Bund aus, der f\u00fcr besseren Halt und zus\u00e4tzlichen Komfort w\u00e4hrend der Fahrt sorgt. Zudem verf\u00fcgt sie \u00fcber weniger N\u00e4hte als eine herk\u00f6mmliche Radhose, wodurch Druckstellen reduziert und der Tragekomfort auch bei langen Touren erh\u00f6ht wird. Die Radhose besteht aus technischer Lycra mit mattem Finish \u2013 ein leistungsstarkes Material, das f\u00fcr seine Strapazierf\u00e4higkeit, Elastizit\u00e4t und Leichtigkeit bekannt ist. Dank der hervorragenden Anpassungsf\u00e4higkeit an den K\u00f6rper bietet sie volle Bewegungsfreiheit auf dem Fahrrad. Die lasergeschnittenen Beinabschl\u00fcsse sorgen f\u00fcr eine saubere und aerodynamische Passform. Innen befindet sich ein hypoallergener Silikon-Gripper, der die Radhose sicher an Ort und Stelle h\u00e4lt und ein Verrutschen verhindert. Ein reflektierendes Detail verbessert zus\u00e4tzlich die Sichtbarkeit und Sicherheit im Stra\u00dfenverkehr. Ausgestattet ist sie mit dem VEON INSERT Sitzpolster, das speziell f\u00fcr die weibliche Anatomie entwickelt wurde. Seine Struktur mit drei unterschiedlichen Dichten sorgt f\u00fcr eine optimale Druckverteilung. Der hochdichte Schaum bietet eine hervorragende R\u00fcckstellkraft und lange Haltbarkeit \u2013 ideal auch f\u00fcr lange Fahrten. Die BIRA Damen Radhose wurde entwickelt, um viele Stunden Radfahren mit maximalem Komfort zu erm\u00f6glichen und eignet sich perfekt f\u00fcr Rennrad, MTB und Gravel.","breadcrumb":{"@id":"https:\/\/www.inverseteams.com\/de\/produkt\/radhose-bira-damen\/#breadcrumb"},"inLanguage":"de","potentialAction":[{"@type":"ReadAction","target":["https:\/\/www.inverseteams.com\/de\/produkt\/radhose-bira-damen\/"]}]},{"@type":"ImageObject","inLanguage":"de","@id":"https:\/\/www.inverseteams.com\/de\/produkt\/radhose-bira-damen\/#primaryimage","url":"https:\/\/www.inverseteams.com\/wp-content\/uploads\/INVERSE-CICLISMO-MUJER-CULOTTE-ESSENZ-BIRA-BLACK-001.jpg","contentUrl":"https:\/\/www.inverseteams.com\/wp-content\/uploads\/INVERSE-CICLISMO-MUJER-CULOTTE-ESSENZ-BIRA-BLACK-001.jpg","width":1500,"height":1612},{"@type":"BreadcrumbList","@id":"https:\/\/www.inverseteams.com\/de\/produkt\/radhose-bira-damen\/#breadcrumb","itemListElement":[{"@type":"ListItem","position":1,"name":"Portada","item":"https:\/\/www.inverseteams.com\/de\/"},{"@type":"ListItem","position":2,"name":"Speichern","item":"https:\/\/www.inverseteams.com\/de\/speichern\/"},{"@type":"ListItem","position":3,"name":"Radhose ESSENZ BIRA"}]},{"@type":"WebSite","@id":"https:\/\/www.inverseteams.com\/de\/#website","url":"https:\/\/www.inverseteams.com\/de\/","name":"Inverseteams","description":"Tu marca de ropa deportiva personalizada","publisher":{"@id":"https:\/\/www.inverseteams.com\/de\/#organization"},"potentialAction":[{"@type":"SearchAction","target":{"@type":"EntryPoint","urlTemplate":"https:\/\/www.inverseteams.com\/de\/?s={search_term_string}"},"query-input":{"@type":"PropertyValueSpecification","valueRequired":true,"valueName":"search_term_string"}}],"inLanguage":"de"},{"@type":"Organization","@id":"https:\/\/www.inverseteams.com\/de\/#organization","name":"Inverse Teams","url":"https:\/\/www.inverseteams.com\/de\/","logo":{"@type":"ImageObject","inLanguage":"de","@id":"https:\/\/www.inverseteams.com\/de\/#\/schema\/logo\/image\/","url":"https:\/\/www.inverseteams.com\/wp-content\/uploads\/2021\/03\/logo-inverse-teams.png","contentUrl":"https:\/\/www.inverseteams.com\/wp-content\/uploads\/2021\/03\/logo-inverse-teams.png","width":294,"height":99,"caption":"Inverse Teams"},"image":{"@id":"https:\/\/www.inverseteams.com\/de\/#\/schema\/logo\/image\/"},"sameAs":["https:\/\/www.facebook.com\/inverseteams","http:\/\/instagram.com\/inverseteams","https:\/\/www.linkedin.com\/company\/inverse-cirosport-s-l-?trk=job_view_topcard_company_name","http:\/\/www.pinterest.com\/inverseteams\/","http:\/\/www.youtube.com\/user\/inverseteams?feature=watch"]}]}},"_links":{"self":[{"href":"https:\/\/www.inverseteams.com\/de\/wp-json\/wp\/v2\/product\/238351","targetHints":{"allow":["GET"]}}],"collection":[{"href":"https:\/\/www.inverseteams.com\/de\/wp-json\/wp\/v2\/product"}],"about":[{"href":"https:\/\/www.inverseteams.com\/de\/wp-json\/wp\/v2\/types\/product"}],"replies":[{"embeddable":true,"href":"https:\/\/www.inverseteams.com\/de\/wp-json\/wp\/v2\/comments?post=238351"}],"wp:featuredmedia":[{"embeddable":true,"href":"https:\/\/www.inverseteams.com\/de\/wp-json\/wp\/v2\/media\/280002"}],"wp:attachment":[{"href":"https:\/\/www.inverseteams.com\/de\/wp-json\/wp\/v2\/media?parent=238351"}],"wp:term":[{"taxonomy":"product_brand","embeddable":true,"href":"https:\/\/www.inverseteams.com\/de\/wp-json\/wp\/v2\/product_brand?post=238351"},{"taxonomy":"product_cat","embeddable":true,"href":"https:\/\/www.inverseteams.com\/de\/wp-json\/wp\/v2\/product_cat?post=238351"},{"taxonomy":"product_tag","embeddable":true,"href":"https:\/\/www.inverseteams.com\/de\/wp-json\/wp\/v2\/product_tag?post=238351"},{"taxonomy":"custom_category","embeddable":true,"href":"https:\/\/www.inverseteams.com\/de\/wp-json\/wp\/v2\/custom_category?post=238351"},{"taxonomy":"range","embeddable":true,"href":"https:\/\/www.inverseteams.com\/de\/wp-json\/wp\/v2\/range?post=238351"}],"curies":[{"name":"wp","href":"https:\/\/api.w.org\/{rel}","templated":true}]}}