{"id":238315,"date":"2025-01-27T16:39:45","date_gmt":"2025-01-27T16:39:45","guid":{"rendered":"https:\/\/www.inverseteams.com\/?post_type=product&#038;p=238315"},"modified":"2025-06-16T21:15:26","modified_gmt":"2025-06-16T21:15:26","slug":"radhose-yannick-molo-herren","status":"publish","type":"product","link":"https:\/\/www.inverseteams.com\/de\/produkt\/radhose-yannick-molo-herren\/","title":{"rendered":"Radhose YANNICK MOLO (HERREN)"},"content":{"rendered":"<p>Die neuen Kurze Radhosen zeichnen sich durch weniger N\u00e4hte als herk\u00f6mmliche Shorts aus und sorgen so f\u00fcr einen hohen Tragekomfort beim Pedaltreten. Um Reibung und Scheuern zu minimieren, wurden die N\u00e4hte im Abduktorenbereich entfernt. Die flache Seitennaht ist super widerstandsf\u00e4hig und sorgt zudem f\u00fcr ein sehr ansprechendes und minimalistisches Design.<\/p>\n<p>Die Radhosen YANNICK sind aus LYCRA REVOLUTION mit mattem Finish. Es zeichnet sich durch seine Widerstandsf\u00e4higkeit, Elastizit\u00e4t und Leichtigkeit aus. Es erm\u00f6glicht Ihnen gro\u00dfe Bewegungsfreiheit, ohne einen Widerstand zu sp\u00fcren.<\/p>\n<p>Das R\u00fcckenteil besteht aus mikroperforiertem Stoff, um Schwei\u00df leicht abzuleiten. Dieses Teil verbindet die beiden flachen Polypropylen-B\u00e4nder, die das Gewicht ausgewogen verteilen, sodass Sie lange Radtouren ohne Beschwerden genie\u00dfen k\u00f6nnen.<\/p>\n<p>Die lasergeschnittenen Beine verf\u00fcgen an der Innenseite \u00fcber einen antiallergischen Silikon-Gripper, der die Radlerhose an Ort und Stelle h\u00e4lt und unangenehme Bewegungen verhindert. Im hinteren Bereich sind Reflektorlinien angebracht, die Ihre Sicherheit erh\u00f6hen, da sie das Licht der Fahrzeuge reflektieren.<\/p>\n<p>Mit Mustang-Sitzpolster von Elastic Interface. Es wurde nach dem Zero-Friction-Konzept entwickelt und verf\u00fcgt \u00fcber flie\u00dfende \u00dcberg\u00e4nge zwischen den Ebenen. Es kombiniert hochdichten Pro Evo-Schaum mit hervorragender R\u00fcckgewinnungskapazit\u00e4t und recyceltem Re-Cycle-Gewebe.<\/p>\n<p>Die Tr\u00e4gershorts YANNICK sind so konzipiert, dass Sie viele Stunden Radsport mit absolutem Komfort genie\u00dfen k\u00f6nnen. Es eignet sich perfekt sowohl zum Mountainbiken als auch zum Stra\u00dfenradfahren.<\/p>\n","protected":false},"excerpt":{"rendered":"<p>Die neuen Kurze Radhosen zeichnen sich durch weniger N\u00e4hte als herk\u00f6mmliche Shorts aus und sorgen so f\u00fcr einen hohen Tragekomfort beim Pedaltreten. Um Reibung und Scheuern zu minimieren, wurden die N\u00e4hte im Abduktorenbereich entfernt. Die flache Seitennaht ist super widerstandsf\u00e4hig und sorgt zudem f\u00fcr ein sehr ansprechendes und minimalistisches Design.<\/p>\n<p>Die Radhosen YANNICK sind aus LYCRA REVOLUTION mit mattem Finish. Es zeichnet sich durch seine Widerstandsf\u00e4higkeit, Elastizit\u00e4t und Leichtigkeit aus. Es erm\u00f6glicht Ihnen gro\u00dfe Bewegungsfreiheit, ohne einen Widerstand zu sp\u00fcren.<\/p>\n<p>Das R\u00fcckenteil besteht aus mikroperforiertem Stoff, um Schwei\u00df leicht abzuleiten. Dieses Teil verbindet die beiden flachen Polypropylen-B\u00e4nder, die das Gewicht ausgewogen verteilen, sodass Sie lange Radtouren ohne Beschwerden genie\u00dfen k\u00f6nnen.<\/p>\n<p>Die lasergeschnittenen Beine verf\u00fcgen an der Innenseite \u00fcber einen antiallergischen Silikon-Gripper, der die Radlerhose an Ort und Stelle h\u00e4lt und unangenehme Bewegungen verhindert. Im hinteren Bereich sind Reflektorlinien angebracht, die Ihre Sicherheit erh\u00f6hen, da sie das Licht der Fahrzeuge reflektieren.<\/p>\n<p>Mit Mustang-Sitzpolster von Elastic Interface. Es wurde nach dem Zero-Friction-Konzept entwickelt und verf\u00fcgt \u00fcber flie\u00dfende \u00dcberg\u00e4nge zwischen den Ebenen. Es kombiniert hochdichten Pro Evo-Schaum mit hervorragender R\u00fcckgewinnungskapazit\u00e4t und recyceltem Re-Cycle-Gewebe.<\/p>\n<p>Die Tr\u00e4gershorts YANNICK sind so konzipiert, dass Sie viele Stunden Radsport mit absolutem Komfort genie\u00dfen k\u00f6nnen. Es eignet sich perfekt sowohl zum Mountainbiken als auch zum Stra\u00dfenradfahren.<\/p>\n","protected":false},"featured_media":236954,"comment_status":"closed","ping_status":"closed","template":"","meta":{"_acf_changed":false},"product_brand":[],"product_cat":[11153,11171,11190,11258],"product_tag":[],"custom_category":[],"range":[],"class_list":{"0":"post-238315","1":"product","2":"type-product","3":"status-publish","4":"has-post-thumbnail","6":"product_cat-b2b-de","7":"product_cat-radsport-shorts","8":"product_cat-radsportbekleidung","9":"product_cat-gravel-de","10":"pa_climatologia-temperatura-templada-de","11":"pa_climatologia-calor-de","12":"pa_deporte-ciclismo-de","13":"pa_deporte-gravel-de","14":"pa_genero-hombre-de","15":"pa_patronaje-fit-de","16":"pa_talla-s-de","17":"pa_talla-m-de","18":"pa_talla-l-de","19":"pa_talla-xl-de","20":"pa_talla-xxl-de","21":"pa_tipo-de-prenda-kurze-radhose","23":"first","24":"outofstock","25":"featured","26":"taxable","27":"shipping-taxable","28":"purchasable","29":"product-type-variable","30":"has-default-attributes"},"acf":[],"yoast_head":"<!-- This site is optimized with the Yoast SEO plugin v27.3 - https:\/\/yoast.com\/product\/yoast-seo-wordpress\/ -->\n<title>Radhose YANNICK MOLO (HERREN)<\/title>\n<meta name=\"description\" content=\"Die neuen Kurze Radhosen zeichnen sich durch weniger N\u00e4hte als herk\u00f6mmliche Shorts aus und sorgen so f\u00fcr einen hohen Tragekomfort beim Pedaltreten. Um Reibung und Scheuern zu minimieren, wurden die N\u00e4hte im Abduktorenbereich entfernt. Die flache Seitennaht ist super widerstandsf\u00e4hig und sorgt zudem f\u00fcr ein sehr ansprechendes und minimalistisches Design.  Die Radhosen YANNICK sind aus LYCRA REVOLUTION mit mattem Finish. Es zeichnet sich durch seine Widerstandsf\u00e4higkeit, Elastizit\u00e4t und Leichtigkeit aus. Es erm\u00f6glicht Ihnen gro\u00dfe Bewegungsfreiheit, ohne einen Widerstand zu sp\u00fcren.  Das R\u00fcckenteil besteht aus mikroperforiertem Stoff, um Schwei\u00df leicht abzuleiten. Dieses Teil verbindet die beiden flachen Polypropylen-B\u00e4nder, die das Gewicht ausgewogen verteilen, sodass Sie lange Radtouren ohne Beschwerden genie\u00dfen k\u00f6nnen.  Die lasergeschnittenen Beine verf\u00fcgen an der Innenseite \u00fcber einen antiallergischen Silikon-Gripper, der die Radlerhose an Ort und Stelle h\u00e4lt und unangenehme Bewegungen verhindert. Im hinteren Bereich sind Reflektorlinien angebracht, die Ihre Sicherheit erh\u00f6hen, da sie das Licht der Fahrzeuge reflektieren.  Mit Mustang-Sitzpolster von Elastic Interface. Es wurde nach dem Zero-Friction-Konzept entwickelt und verf\u00fcgt \u00fcber flie\u00dfende \u00dcberg\u00e4nge zwischen den Ebenen. Es kombiniert hochdichten Pro Evo-Schaum mit hervorragender R\u00fcckgewinnungskapazit\u00e4t und recyceltem Re-Cycle-Gewebe.  Die Tr\u00e4gershorts YANNICK sind so konzipiert, dass Sie viele Stunden Radsport mit absolutem Komfort genie\u00dfen k\u00f6nnen. Es eignet sich perfekt sowohl zum Mountainbiken als auch zum Stra\u00dfenradfahren.\" \/>\n<meta name=\"robots\" content=\"index, follow, max-snippet:-1, max-image-preview:large, max-video-preview:-1\" \/>\n<link rel=\"canonical\" href=\"https:\/\/www.inverseteams.com\/de\/produkt\/radhose-yannick-molo-herren\/\" \/>\n<meta property=\"og:locale\" content=\"de_DE\" \/>\n<meta property=\"og:type\" content=\"article\" \/>\n<meta property=\"og:title\" content=\"Radhose YANNICK MOLO (HERREN)\" \/>\n<meta property=\"og:description\" content=\"Die neuen Kurze Radhosen zeichnen sich durch weniger N\u00e4hte als herk\u00f6mmliche Shorts aus und sorgen so f\u00fcr einen hohen Tragekomfort beim Pedaltreten. Um Reibung und Scheuern zu minimieren, wurden die N\u00e4hte im Abduktorenbereich entfernt. Die flache Seitennaht ist super widerstandsf\u00e4hig und sorgt zudem f\u00fcr ein sehr ansprechendes und minimalistisches Design.  Die Radhosen YANNICK sind aus LYCRA REVOLUTION mit mattem Finish. Es zeichnet sich durch seine Widerstandsf\u00e4higkeit, Elastizit\u00e4t und Leichtigkeit aus. Es erm\u00f6glicht Ihnen gro\u00dfe Bewegungsfreiheit, ohne einen Widerstand zu sp\u00fcren.  Das R\u00fcckenteil besteht aus mikroperforiertem Stoff, um Schwei\u00df leicht abzuleiten. Dieses Teil verbindet die beiden flachen Polypropylen-B\u00e4nder, die das Gewicht ausgewogen verteilen, sodass Sie lange Radtouren ohne Beschwerden genie\u00dfen k\u00f6nnen.  Die lasergeschnittenen Beine verf\u00fcgen an der Innenseite \u00fcber einen antiallergischen Silikon-Gripper, der die Radlerhose an Ort und Stelle h\u00e4lt und unangenehme Bewegungen verhindert. Im hinteren Bereich sind Reflektorlinien angebracht, die Ihre Sicherheit erh\u00f6hen, da sie das Licht der Fahrzeuge reflektieren.  Mit Mustang-Sitzpolster von Elastic Interface. Es wurde nach dem Zero-Friction-Konzept entwickelt und verf\u00fcgt \u00fcber flie\u00dfende \u00dcberg\u00e4nge zwischen den Ebenen. Es kombiniert hochdichten Pro Evo-Schaum mit hervorragender R\u00fcckgewinnungskapazit\u00e4t und recyceltem Re-Cycle-Gewebe.  Die Tr\u00e4gershorts YANNICK sind so konzipiert, dass Sie viele Stunden Radsport mit absolutem Komfort genie\u00dfen k\u00f6nnen. Es eignet sich perfekt sowohl zum Mountainbiken als auch zum Stra\u00dfenradfahren.\" \/>\n<meta property=\"og:url\" content=\"https:\/\/www.inverseteams.com\/de\/produkt\/radhose-yannick-molo-herren\/\" \/>\n<meta property=\"og:site_name\" content=\"Inverseteams\" \/>\n<meta property=\"article:publisher\" content=\"https:\/\/www.facebook.com\/inverseteams\" \/>\n<meta property=\"article:modified_time\" content=\"2025-06-16T21:15:26+00:00\" \/>\n<meta property=\"og:image\" content=\"https:\/\/www.inverseteams.com\/wp-content\/uploads\/CULOTTE-CICLISMO-YANNICK-MOLO-1.jpg\" \/>\n\t<meta property=\"og:image:width\" content=\"1500\" \/>\n\t<meta property=\"og:image:height\" content=\"1612\" \/>\n\t<meta property=\"og:image:type\" content=\"image\/jpeg\" \/>\n<meta name=\"twitter:card\" content=\"summary_large_image\" \/>\n<meta name=\"twitter:label1\" content=\"Gesch\u00e4tzte Lesezeit\" \/>\n\t<meta name=\"twitter:data1\" content=\"2\u00a0Minute\" \/>\n<script type=\"application\/ld+json\" class=\"yoast-schema-graph\">{\"@context\":\"https:\\\/\\\/schema.org\",\"@graph\":[{\"@type\":\"WebPage\",\"@id\":\"https:\\\/\\\/www.inverseteams.com\\\/de\\\/produkt\\\/radhose-yannick-molo-herren\\\/\",\"url\":\"https:\\\/\\\/www.inverseteams.com\\\/de\\\/produkt\\\/radhose-yannick-molo-herren\\\/\",\"name\":\"Radhose YANNICK MOLO (HERREN)\",\"isPartOf\":{\"@id\":\"https:\\\/\\\/www.inverseteams.com\\\/de\\\/#website\"},\"primaryImageOfPage\":{\"@id\":\"https:\\\/\\\/www.inverseteams.com\\\/de\\\/produkt\\\/radhose-yannick-molo-herren\\\/#primaryimage\"},\"image\":{\"@id\":\"https:\\\/\\\/www.inverseteams.com\\\/de\\\/produkt\\\/radhose-yannick-molo-herren\\\/#primaryimage\"},\"thumbnailUrl\":\"https:\\\/\\\/www.inverseteams.com\\\/wp-content\\\/uploads\\\/CULOTTE-CICLISMO-YANNICK-MOLO-1.jpg\",\"datePublished\":\"2025-01-27T16:39:45+00:00\",\"dateModified\":\"2025-06-16T21:15:26+00:00\",\"description\":\"Die neuen Kurze Radhosen zeichnen sich durch weniger N\u00e4hte als herk\u00f6mmliche Shorts aus und sorgen so f\u00fcr einen hohen Tragekomfort beim Pedaltreten. Um Reibung und Scheuern zu minimieren, wurden die N\u00e4hte im Abduktorenbereich entfernt. Die flache Seitennaht ist super widerstandsf\u00e4hig und sorgt zudem f\u00fcr ein sehr ansprechendes und minimalistisches Design. Die Radhosen YANNICK sind aus LYCRA REVOLUTION mit mattem Finish. Es zeichnet sich durch seine Widerstandsf\u00e4higkeit, Elastizit\u00e4t und Leichtigkeit aus. Es erm\u00f6glicht Ihnen gro\u00dfe Bewegungsfreiheit, ohne einen Widerstand zu sp\u00fcren. Das R\u00fcckenteil besteht aus mikroperforiertem Stoff, um Schwei\u00df leicht abzuleiten. Dieses Teil verbindet die beiden flachen Polypropylen-B\u00e4nder, die das Gewicht ausgewogen verteilen, sodass Sie lange Radtouren ohne Beschwerden genie\u00dfen k\u00f6nnen. Die lasergeschnittenen Beine verf\u00fcgen an der Innenseite \u00fcber einen antiallergischen Silikon-Gripper, der die Radlerhose an Ort und Stelle h\u00e4lt und unangenehme Bewegungen verhindert. Im hinteren Bereich sind Reflektorlinien angebracht, die Ihre Sicherheit erh\u00f6hen, da sie das Licht der Fahrzeuge reflektieren. Mit Mustang-Sitzpolster von Elastic Interface. Es wurde nach dem Zero-Friction-Konzept entwickelt und verf\u00fcgt \u00fcber flie\u00dfende \u00dcberg\u00e4nge zwischen den Ebenen. Es kombiniert hochdichten Pro Evo-Schaum mit hervorragender R\u00fcckgewinnungskapazit\u00e4t und recyceltem Re-Cycle-Gewebe. Die Tr\u00e4gershorts YANNICK sind so konzipiert, dass Sie viele Stunden Radsport mit absolutem Komfort genie\u00dfen k\u00f6nnen. Es eignet sich perfekt sowohl zum Mountainbiken als auch zum Stra\u00dfenradfahren.\",\"breadcrumb\":{\"@id\":\"https:\\\/\\\/www.inverseteams.com\\\/de\\\/produkt\\\/radhose-yannick-molo-herren\\\/#breadcrumb\"},\"inLanguage\":\"de\",\"potentialAction\":[{\"@type\":\"ReadAction\",\"target\":[\"https:\\\/\\\/www.inverseteams.com\\\/de\\\/produkt\\\/radhose-yannick-molo-herren\\\/\"]}]},{\"@type\":\"ImageObject\",\"inLanguage\":\"de\",\"@id\":\"https:\\\/\\\/www.inverseteams.com\\\/de\\\/produkt\\\/radhose-yannick-molo-herren\\\/#primaryimage\",\"url\":\"https:\\\/\\\/www.inverseteams.com\\\/wp-content\\\/uploads\\\/CULOTTE-CICLISMO-YANNICK-MOLO-1.jpg\",\"contentUrl\":\"https:\\\/\\\/www.inverseteams.com\\\/wp-content\\\/uploads\\\/CULOTTE-CICLISMO-YANNICK-MOLO-1.jpg\",\"width\":1500,\"height\":1612},{\"@type\":\"BreadcrumbList\",\"@id\":\"https:\\\/\\\/www.inverseteams.com\\\/de\\\/produkt\\\/radhose-yannick-molo-herren\\\/#breadcrumb\",\"itemListElement\":[{\"@type\":\"ListItem\",\"position\":1,\"name\":\"Portada\",\"item\":\"https:\\\/\\\/www.inverseteams.com\\\/de\\\/\"},{\"@type\":\"ListItem\",\"position\":2,\"name\":\"Speichern\",\"item\":\"https:\\\/\\\/www.inverseteams.com\\\/de\\\/speichern\\\/\"},{\"@type\":\"ListItem\",\"position\":3,\"name\":\"Radhose YANNICK MOLO (HERREN)\"}]},{\"@type\":\"WebSite\",\"@id\":\"https:\\\/\\\/www.inverseteams.com\\\/de\\\/#website\",\"url\":\"https:\\\/\\\/www.inverseteams.com\\\/de\\\/\",\"name\":\"Inverseteams\",\"description\":\"Tu marca de ropa deportiva personalizada\",\"publisher\":{\"@id\":\"https:\\\/\\\/www.inverseteams.com\\\/de\\\/#organization\"},\"potentialAction\":[{\"@type\":\"SearchAction\",\"target\":{\"@type\":\"EntryPoint\",\"urlTemplate\":\"https:\\\/\\\/www.inverseteams.com\\\/de\\\/?s={search_term_string}\"},\"query-input\":{\"@type\":\"PropertyValueSpecification\",\"valueRequired\":true,\"valueName\":\"search_term_string\"}}],\"inLanguage\":\"de\"},{\"@type\":\"Organization\",\"@id\":\"https:\\\/\\\/www.inverseteams.com\\\/de\\\/#organization\",\"name\":\"Inverse Teams\",\"url\":\"https:\\\/\\\/www.inverseteams.com\\\/de\\\/\",\"logo\":{\"@type\":\"ImageObject\",\"inLanguage\":\"de\",\"@id\":\"https:\\\/\\\/www.inverseteams.com\\\/de\\\/#\\\/schema\\\/logo\\\/image\\\/\",\"url\":\"http:\\\/\\\/www.inverseteams.com\\\/wp-content\\\/uploads\\\/2021\\\/03\\\/logo-inverse-teams.png\",\"contentUrl\":\"http:\\\/\\\/www.inverseteams.com\\\/wp-content\\\/uploads\\\/2021\\\/03\\\/logo-inverse-teams.png\",\"width\":294,\"height\":99,\"caption\":\"Inverse Teams\"},\"image\":{\"@id\":\"https:\\\/\\\/www.inverseteams.com\\\/de\\\/#\\\/schema\\\/logo\\\/image\\\/\"},\"sameAs\":[\"https:\\\/\\\/www.facebook.com\\\/inverseteams\",\"http:\\\/\\\/instagram.com\\\/inverseteams\",\"https:\\\/\\\/www.linkedin.com\\\/company\\\/inverse-cirosport-s-l-?trk=job_view_topcard_company_name\",\"http:\\\/\\\/www.pinterest.com\\\/inverseteams\\\/\",\"http:\\\/\\\/www.youtube.com\\\/user\\\/inverseteams?feature=watch\"]}]}<\/script>\n<!-- \/ Yoast SEO plugin. -->","yoast_head_json":{"title":"Radhose YANNICK MOLO (HERREN)","description":"Die neuen Kurze Radhosen zeichnen sich durch weniger N\u00e4hte als herk\u00f6mmliche Shorts aus und sorgen so f\u00fcr einen hohen Tragekomfort beim Pedaltreten. Um Reibung und Scheuern zu minimieren, wurden die N\u00e4hte im Abduktorenbereich entfernt. Die flache Seitennaht ist super widerstandsf\u00e4hig und sorgt zudem f\u00fcr ein sehr ansprechendes und minimalistisches Design.  Die Radhosen YANNICK sind aus LYCRA REVOLUTION mit mattem Finish. Es zeichnet sich durch seine Widerstandsf\u00e4higkeit, Elastizit\u00e4t und Leichtigkeit aus. Es erm\u00f6glicht Ihnen gro\u00dfe Bewegungsfreiheit, ohne einen Widerstand zu sp\u00fcren.  Das R\u00fcckenteil besteht aus mikroperforiertem Stoff, um Schwei\u00df leicht abzuleiten. Dieses Teil verbindet die beiden flachen Polypropylen-B\u00e4nder, die das Gewicht ausgewogen verteilen, sodass Sie lange Radtouren ohne Beschwerden genie\u00dfen k\u00f6nnen.  Die lasergeschnittenen Beine verf\u00fcgen an der Innenseite \u00fcber einen antiallergischen Silikon-Gripper, der die Radlerhose an Ort und Stelle h\u00e4lt und unangenehme Bewegungen verhindert. Im hinteren Bereich sind Reflektorlinien angebracht, die Ihre Sicherheit erh\u00f6hen, da sie das Licht der Fahrzeuge reflektieren.  Mit Mustang-Sitzpolster von Elastic Interface. Es wurde nach dem Zero-Friction-Konzept entwickelt und verf\u00fcgt \u00fcber flie\u00dfende \u00dcberg\u00e4nge zwischen den Ebenen. Es kombiniert hochdichten Pro Evo-Schaum mit hervorragender R\u00fcckgewinnungskapazit\u00e4t und recyceltem Re-Cycle-Gewebe.  Die Tr\u00e4gershorts YANNICK sind so konzipiert, dass Sie viele Stunden Radsport mit absolutem Komfort genie\u00dfen k\u00f6nnen. Es eignet sich perfekt sowohl zum Mountainbiken als auch zum Stra\u00dfenradfahren.","robots":{"index":"index","follow":"follow","max-snippet":"max-snippet:-1","max-image-preview":"max-image-preview:large","max-video-preview":"max-video-preview:-1"},"canonical":"https:\/\/www.inverseteams.com\/de\/produkt\/radhose-yannick-molo-herren\/","og_locale":"de_DE","og_type":"article","og_title":"Radhose YANNICK MOLO (HERREN)","og_description":"Die neuen Kurze Radhosen zeichnen sich durch weniger N\u00e4hte als herk\u00f6mmliche Shorts aus und sorgen so f\u00fcr einen hohen Tragekomfort beim Pedaltreten. Um Reibung und Scheuern zu minimieren, wurden die N\u00e4hte im Abduktorenbereich entfernt. Die flache Seitennaht ist super widerstandsf\u00e4hig und sorgt zudem f\u00fcr ein sehr ansprechendes und minimalistisches Design.  Die Radhosen YANNICK sind aus LYCRA REVOLUTION mit mattem Finish. Es zeichnet sich durch seine Widerstandsf\u00e4higkeit, Elastizit\u00e4t und Leichtigkeit aus. Es erm\u00f6glicht Ihnen gro\u00dfe Bewegungsfreiheit, ohne einen Widerstand zu sp\u00fcren.  Das R\u00fcckenteil besteht aus mikroperforiertem Stoff, um Schwei\u00df leicht abzuleiten. Dieses Teil verbindet die beiden flachen Polypropylen-B\u00e4nder, die das Gewicht ausgewogen verteilen, sodass Sie lange Radtouren ohne Beschwerden genie\u00dfen k\u00f6nnen.  Die lasergeschnittenen Beine verf\u00fcgen an der Innenseite \u00fcber einen antiallergischen Silikon-Gripper, der die Radlerhose an Ort und Stelle h\u00e4lt und unangenehme Bewegungen verhindert. Im hinteren Bereich sind Reflektorlinien angebracht, die Ihre Sicherheit erh\u00f6hen, da sie das Licht der Fahrzeuge reflektieren.  Mit Mustang-Sitzpolster von Elastic Interface. Es wurde nach dem Zero-Friction-Konzept entwickelt und verf\u00fcgt \u00fcber flie\u00dfende \u00dcberg\u00e4nge zwischen den Ebenen. Es kombiniert hochdichten Pro Evo-Schaum mit hervorragender R\u00fcckgewinnungskapazit\u00e4t und recyceltem Re-Cycle-Gewebe.  Die Tr\u00e4gershorts YANNICK sind so konzipiert, dass Sie viele Stunden Radsport mit absolutem Komfort genie\u00dfen k\u00f6nnen. Es eignet sich perfekt sowohl zum Mountainbiken als auch zum Stra\u00dfenradfahren.","og_url":"https:\/\/www.inverseteams.com\/de\/produkt\/radhose-yannick-molo-herren\/","og_site_name":"Inverseteams","article_publisher":"https:\/\/www.facebook.com\/inverseteams","article_modified_time":"2025-06-16T21:15:26+00:00","og_image":[{"width":1500,"height":1612,"url":"https:\/\/www.inverseteams.com\/wp-content\/uploads\/CULOTTE-CICLISMO-YANNICK-MOLO-1.jpg","type":"image\/jpeg"}],"twitter_card":"summary_large_image","twitter_misc":{"Gesch\u00e4tzte Lesezeit":"2\u00a0Minute"},"schema":{"@context":"https:\/\/schema.org","@graph":[{"@type":"WebPage","@id":"https:\/\/www.inverseteams.com\/de\/produkt\/radhose-yannick-molo-herren\/","url":"https:\/\/www.inverseteams.com\/de\/produkt\/radhose-yannick-molo-herren\/","name":"Radhose YANNICK MOLO (HERREN)","isPartOf":{"@id":"https:\/\/www.inverseteams.com\/de\/#website"},"primaryImageOfPage":{"@id":"https:\/\/www.inverseteams.com\/de\/produkt\/radhose-yannick-molo-herren\/#primaryimage"},"image":{"@id":"https:\/\/www.inverseteams.com\/de\/produkt\/radhose-yannick-molo-herren\/#primaryimage"},"thumbnailUrl":"https:\/\/www.inverseteams.com\/wp-content\/uploads\/CULOTTE-CICLISMO-YANNICK-MOLO-1.jpg","datePublished":"2025-01-27T16:39:45+00:00","dateModified":"2025-06-16T21:15:26+00:00","description":"Die neuen Kurze Radhosen zeichnen sich durch weniger N\u00e4hte als herk\u00f6mmliche Shorts aus und sorgen so f\u00fcr einen hohen Tragekomfort beim Pedaltreten. Um Reibung und Scheuern zu minimieren, wurden die N\u00e4hte im Abduktorenbereich entfernt. Die flache Seitennaht ist super widerstandsf\u00e4hig und sorgt zudem f\u00fcr ein sehr ansprechendes und minimalistisches Design. Die Radhosen YANNICK sind aus LYCRA REVOLUTION mit mattem Finish. Es zeichnet sich durch seine Widerstandsf\u00e4higkeit, Elastizit\u00e4t und Leichtigkeit aus. Es erm\u00f6glicht Ihnen gro\u00dfe Bewegungsfreiheit, ohne einen Widerstand zu sp\u00fcren. Das R\u00fcckenteil besteht aus mikroperforiertem Stoff, um Schwei\u00df leicht abzuleiten. Dieses Teil verbindet die beiden flachen Polypropylen-B\u00e4nder, die das Gewicht ausgewogen verteilen, sodass Sie lange Radtouren ohne Beschwerden genie\u00dfen k\u00f6nnen. Die lasergeschnittenen Beine verf\u00fcgen an der Innenseite \u00fcber einen antiallergischen Silikon-Gripper, der die Radlerhose an Ort und Stelle h\u00e4lt und unangenehme Bewegungen verhindert. Im hinteren Bereich sind Reflektorlinien angebracht, die Ihre Sicherheit erh\u00f6hen, da sie das Licht der Fahrzeuge reflektieren. Mit Mustang-Sitzpolster von Elastic Interface. Es wurde nach dem Zero-Friction-Konzept entwickelt und verf\u00fcgt \u00fcber flie\u00dfende \u00dcberg\u00e4nge zwischen den Ebenen. Es kombiniert hochdichten Pro Evo-Schaum mit hervorragender R\u00fcckgewinnungskapazit\u00e4t und recyceltem Re-Cycle-Gewebe. Die Tr\u00e4gershorts YANNICK sind so konzipiert, dass Sie viele Stunden Radsport mit absolutem Komfort genie\u00dfen k\u00f6nnen. Es eignet sich perfekt sowohl zum Mountainbiken als auch zum Stra\u00dfenradfahren.","breadcrumb":{"@id":"https:\/\/www.inverseteams.com\/de\/produkt\/radhose-yannick-molo-herren\/#breadcrumb"},"inLanguage":"de","potentialAction":[{"@type":"ReadAction","target":["https:\/\/www.inverseteams.com\/de\/produkt\/radhose-yannick-molo-herren\/"]}]},{"@type":"ImageObject","inLanguage":"de","@id":"https:\/\/www.inverseteams.com\/de\/produkt\/radhose-yannick-molo-herren\/#primaryimage","url":"https:\/\/www.inverseteams.com\/wp-content\/uploads\/CULOTTE-CICLISMO-YANNICK-MOLO-1.jpg","contentUrl":"https:\/\/www.inverseteams.com\/wp-content\/uploads\/CULOTTE-CICLISMO-YANNICK-MOLO-1.jpg","width":1500,"height":1612},{"@type":"BreadcrumbList","@id":"https:\/\/www.inverseteams.com\/de\/produkt\/radhose-yannick-molo-herren\/#breadcrumb","itemListElement":[{"@type":"ListItem","position":1,"name":"Portada","item":"https:\/\/www.inverseteams.com\/de\/"},{"@type":"ListItem","position":2,"name":"Speichern","item":"https:\/\/www.inverseteams.com\/de\/speichern\/"},{"@type":"ListItem","position":3,"name":"Radhose YANNICK MOLO (HERREN)"}]},{"@type":"WebSite","@id":"https:\/\/www.inverseteams.com\/de\/#website","url":"https:\/\/www.inverseteams.com\/de\/","name":"Inverseteams","description":"Tu marca de ropa deportiva personalizada","publisher":{"@id":"https:\/\/www.inverseteams.com\/de\/#organization"},"potentialAction":[{"@type":"SearchAction","target":{"@type":"EntryPoint","urlTemplate":"https:\/\/www.inverseteams.com\/de\/?s={search_term_string}"},"query-input":{"@type":"PropertyValueSpecification","valueRequired":true,"valueName":"search_term_string"}}],"inLanguage":"de"},{"@type":"Organization","@id":"https:\/\/www.inverseteams.com\/de\/#organization","name":"Inverse Teams","url":"https:\/\/www.inverseteams.com\/de\/","logo":{"@type":"ImageObject","inLanguage":"de","@id":"https:\/\/www.inverseteams.com\/de\/#\/schema\/logo\/image\/","url":"https:\/\/www.inverseteams.com\/wp-content\/uploads\/2021\/03\/logo-inverse-teams.png","contentUrl":"https:\/\/www.inverseteams.com\/wp-content\/uploads\/2021\/03\/logo-inverse-teams.png","width":294,"height":99,"caption":"Inverse Teams"},"image":{"@id":"https:\/\/www.inverseteams.com\/de\/#\/schema\/logo\/image\/"},"sameAs":["https:\/\/www.facebook.com\/inverseteams","http:\/\/instagram.com\/inverseteams","https:\/\/www.linkedin.com\/company\/inverse-cirosport-s-l-?trk=job_view_topcard_company_name","http:\/\/www.pinterest.com\/inverseteams\/","http:\/\/www.youtube.com\/user\/inverseteams?feature=watch"]}]}},"_links":{"self":[{"href":"https:\/\/www.inverseteams.com\/de\/wp-json\/wp\/v2\/product\/238315","targetHints":{"allow":["GET"]}}],"collection":[{"href":"https:\/\/www.inverseteams.com\/de\/wp-json\/wp\/v2\/product"}],"about":[{"href":"https:\/\/www.inverseteams.com\/de\/wp-json\/wp\/v2\/types\/product"}],"replies":[{"embeddable":true,"href":"https:\/\/www.inverseteams.com\/de\/wp-json\/wp\/v2\/comments?post=238315"}],"wp:featuredmedia":[{"embeddable":true,"href":"https:\/\/www.inverseteams.com\/de\/wp-json\/wp\/v2\/media\/236954"}],"wp:attachment":[{"href":"https:\/\/www.inverseteams.com\/de\/wp-json\/wp\/v2\/media?parent=238315"}],"wp:term":[{"taxonomy":"product_brand","embeddable":true,"href":"https:\/\/www.inverseteams.com\/de\/wp-json\/wp\/v2\/product_brand?post=238315"},{"taxonomy":"product_cat","embeddable":true,"href":"https:\/\/www.inverseteams.com\/de\/wp-json\/wp\/v2\/product_cat?post=238315"},{"taxonomy":"product_tag","embeddable":true,"href":"https:\/\/www.inverseteams.com\/de\/wp-json\/wp\/v2\/product_tag?post=238315"},{"taxonomy":"custom_category","embeddable":true,"href":"https:\/\/www.inverseteams.com\/de\/wp-json\/wp\/v2\/custom_category?post=238315"},{"taxonomy":"range","embeddable":true,"href":"https:\/\/www.inverseteams.com\/de\/wp-json\/wp\/v2\/range?post=238315"}],"curies":[{"name":"wp","href":"https:\/\/api.w.org\/{rel}","templated":true}]}}