{"id":238285,"date":"2025-01-27T16:25:59","date_gmt":"2025-01-27T16:25:59","guid":{"rendered":"https:\/\/www.inverseteams.com\/?post_type=product&#038;p=238285"},"modified":"2026-02-20T11:55:29","modified_gmt":"2026-02-20T10:55:29","slug":"radtrikot-zenit-herren","status":"publish","type":"product","link":"https:\/\/www.inverseteams.com\/de\/produkt\/radtrikot-zenit-herren\/","title":{"rendered":"Radtrikot ZENIT (HERREN)"},"content":{"rendered":"<p>Durch den taillierten Schnitt und den ergonomischen Schnitt passt sich dieses Trikot perfekt dem K\u00f6rper an und erm\u00f6glicht absolute Bewegungsfreiheit. Dank der Elastizit\u00e4t und der fortschrittlichen Struktur der drei Stoffe, aus denen es besteht, bietet es eine au\u00dfergew\u00f6hnliche Aerodynamik und erm\u00f6glicht der Luft, ohne Widerstand zu str\u00f6men. Der Bund ist mit einem Gummizug mit Innengriff ausgestattet, der f\u00fcr einen festen und bequemen Sitz sorgt.<br \/>\nIm Lendenbereich verf\u00fcgt es \u00fcber 3 R\u00fcckentaschen, ideal um Westen oder Energieriegel sicher zu transportieren. Es verf\u00fcgt au\u00dferdem \u00fcber eine vierte wasserdichte Rei\u00dfverschlusstasche, die Ihre wertvollsten Gegenst\u00e4nde perfekt vor Feuchtigkeit und schlechtem Wetter sch\u00fctzt.<br \/>\nDas niedrige, anatomische Halsdesign gew\u00e4hrleistet einen angenehmen Kontakt mit Ihrer Haut, vermeidet Unbehagen und reduziert den Lufteintritt. Technische Stoffe sind so konzipiert, dass sie Schwei\u00df schnell ableiten und Ihre Haut auch an den hei\u00dfesten Tagen k\u00fchl und trocken halten. Die hei\u00dfversiegelten Oberfl\u00e4chen des Trikots optimieren nicht nur sein minimalistisches Design, sondern verbessern auch die allgemeine Haltbarkeit und den Tragekomfort des Kleidungsst\u00fccks.<br \/>\nSicherheit auf jedem Kilometer. In die Taschen sind strategische Reflektorelemente integriert, die Ihre Sichtbarkeit im Stra\u00dfenverkehr verbessern und Ihren Schutz erh\u00f6hen.<br \/>\nGenie\u00dfen Sie Ihre Radtouren mit einem Trikot, das Leichtigkeit, Leistung, Komfort und Eleganz vereint.<\/p>\n","protected":false},"excerpt":{"rendered":"<p>Durch den taillierten Schnitt und den ergonomischen Schnitt passt sich dieses Trikot perfekt dem K\u00f6rper an und erm\u00f6glicht absolute Bewegungsfreiheit. Dank der Elastizit\u00e4t und der fortschrittlichen Struktur der drei Stoffe, aus denen es besteht, bietet es eine au\u00dfergew\u00f6hnliche Aerodynamik und erm\u00f6glicht der Luft, ohne Widerstand zu str\u00f6men. Der Bund ist mit einem Gummizug mit Innengriff ausgestattet, der f\u00fcr einen festen und bequemen Sitz sorgt.<br \/>\nIm Lendenbereich verf\u00fcgt es \u00fcber 3 R\u00fcckentaschen, ideal um Westen oder Energieriegel sicher zu transportieren. Es verf\u00fcgt au\u00dferdem \u00fcber eine vierte wasserdichte Rei\u00dfverschlusstasche, die Ihre wertvollsten Gegenst\u00e4nde perfekt vor Feuchtigkeit und schlechtem Wetter sch\u00fctzt.<br \/>\nDas niedrige, anatomische Halsdesign gew\u00e4hrleistet einen angenehmen Kontakt mit Ihrer Haut, vermeidet Unbehagen und reduziert den Lufteintritt. Technische Stoffe sind so konzipiert, dass sie Schwei\u00df schnell ableiten und Ihre Haut auch an den hei\u00dfesten Tagen k\u00fchl und trocken halten. Die hei\u00dfversiegelten Oberfl\u00e4chen des Trikots optimieren nicht nur sein minimalistisches Design, sondern verbessern auch die allgemeine Haltbarkeit und den Tragekomfort des Kleidungsst\u00fccks.<br \/>\nSicherheit auf jedem Kilometer. In die Taschen sind strategische Reflektorelemente integriert, die Ihre Sichtbarkeit im Stra\u00dfenverkehr verbessern und Ihren Schutz erh\u00f6hen.<br \/>\nGenie\u00dfen Sie Ihre Radtouren mit einem Trikot, das Leichtigkeit, Leistung, Komfort und Eleganz vereint.<\/p>\n","protected":false},"featured_media":237270,"comment_status":"closed","ping_status":"closed","template":"","meta":{"_acf_changed":false},"product_brand":[],"product_cat":[11152,11153,11190],"product_tag":[],"custom_category":[],"range":[],"class_list":{"0":"post-238285","1":"product","2":"type-product","3":"status-publish","4":"has-post-thumbnail","6":"product_cat-radtrikots","7":"product_cat-b2b-de","8":"product_cat-radsportbekleidung","9":"pa_climatologia-calor-de","10":"pa_deporte-ciclismo-de","11":"pa_genero-hombre-de","12":"pa_patronaje-fit-de","13":"pa_talla-s-de","14":"pa_talla-3xl-de","15":"pa_talla-m-de","16":"pa_talla-l-de","17":"pa_talla-xl-de","18":"pa_talla-xxl-de","19":"pa_tipo-de-prenda-maillot-manga-corta-de","21":"first","22":"instock","23":"taxable","24":"shipping-taxable","25":"purchasable","26":"product-type-variable","27":"has-default-attributes"},"acf":[],"yoast_head":"<!-- This site is optimized with the Yoast SEO plugin v27.3 - https:\/\/yoast.com\/product\/yoast-seo-wordpress\/ -->\n<title>Radtrikot ZENIT (HERREN)<\/title>\n<meta name=\"description\" content=\"Durch den taillierten Schnitt und den ergonomischen Schnitt passt sich dieses Trikot perfekt dem K\u00f6rper an und erm\u00f6glicht absolute Bewegungsfreiheit. Dank der Elastizit\u00e4t und der fortschrittlichen Struktur der drei Stoffe, aus denen es besteht, bietet es eine au\u00dfergew\u00f6hnliche Aerodynamik und erm\u00f6glicht der Luft, ohne Widerstand zu str\u00f6men. Der Bund ist mit einem Gummizug mit Innengriff ausgestattet, der f\u00fcr einen festen und bequemen Sitz sorgt. Im Lendenbereich verf\u00fcgt es \u00fcber 3 R\u00fcckentaschen, ideal um Westen oder Energieriegel sicher zu transportieren. Es verf\u00fcgt au\u00dferdem \u00fcber eine vierte wasserdichte Rei\u00dfverschlusstasche, die Ihre wertvollsten Gegenst\u00e4nde perfekt vor Feuchtigkeit und schlechtem Wetter sch\u00fctzt. Das niedrige, anatomische Halsdesign gew\u00e4hrleistet einen angenehmen Kontakt mit Ihrer Haut, vermeidet Unbehagen und reduziert den Lufteintritt. Technische Stoffe sind so konzipiert, dass sie Schwei\u00df schnell ableiten und Ihre Haut auch an den hei\u00dfesten Tagen k\u00fchl und trocken halten. Die hei\u00dfversiegelten Oberfl\u00e4chen des Trikots optimieren nicht nur sein minimalistisches Design, sondern verbessern auch die allgemeine Haltbarkeit und den Tragekomfort des Kleidungsst\u00fccks. Sicherheit auf jedem Kilometer. In die Taschen sind strategische Reflektorelemente integriert, die Ihre Sichtbarkeit im Stra\u00dfenverkehr verbessern und Ihren Schutz erh\u00f6hen. Genie\u00dfen Sie Ihre Radtouren mit einem Trikot, das Leichtigkeit, Leistung, Komfort und Eleganz vereint.\" \/>\n<meta name=\"robots\" content=\"index, follow, max-snippet:-1, max-image-preview:large, max-video-preview:-1\" \/>\n<link rel=\"canonical\" href=\"https:\/\/www.inverseteams.com\/de\/produkt\/radtrikot-zenit-herren\/\" \/>\n<meta property=\"og:locale\" content=\"de_DE\" \/>\n<meta property=\"og:type\" content=\"article\" \/>\n<meta property=\"og:title\" content=\"Radtrikot ZENIT (HERREN)\" \/>\n<meta property=\"og:description\" content=\"Durch den taillierten Schnitt und den ergonomischen Schnitt passt sich dieses Trikot perfekt dem K\u00f6rper an und erm\u00f6glicht absolute Bewegungsfreiheit. Dank der Elastizit\u00e4t und der fortschrittlichen Struktur der drei Stoffe, aus denen es besteht, bietet es eine au\u00dfergew\u00f6hnliche Aerodynamik und erm\u00f6glicht der Luft, ohne Widerstand zu str\u00f6men. Der Bund ist mit einem Gummizug mit Innengriff ausgestattet, der f\u00fcr einen festen und bequemen Sitz sorgt. Im Lendenbereich verf\u00fcgt es \u00fcber 3 R\u00fcckentaschen, ideal um Westen oder Energieriegel sicher zu transportieren. Es verf\u00fcgt au\u00dferdem \u00fcber eine vierte wasserdichte Rei\u00dfverschlusstasche, die Ihre wertvollsten Gegenst\u00e4nde perfekt vor Feuchtigkeit und schlechtem Wetter sch\u00fctzt. Das niedrige, anatomische Halsdesign gew\u00e4hrleistet einen angenehmen Kontakt mit Ihrer Haut, vermeidet Unbehagen und reduziert den Lufteintritt. Technische Stoffe sind so konzipiert, dass sie Schwei\u00df schnell ableiten und Ihre Haut auch an den hei\u00dfesten Tagen k\u00fchl und trocken halten. Die hei\u00dfversiegelten Oberfl\u00e4chen des Trikots optimieren nicht nur sein minimalistisches Design, sondern verbessern auch die allgemeine Haltbarkeit und den Tragekomfort des Kleidungsst\u00fccks. Sicherheit auf jedem Kilometer. In die Taschen sind strategische Reflektorelemente integriert, die Ihre Sichtbarkeit im Stra\u00dfenverkehr verbessern und Ihren Schutz erh\u00f6hen. Genie\u00dfen Sie Ihre Radtouren mit einem Trikot, das Leichtigkeit, Leistung, Komfort und Eleganz vereint.\" \/>\n<meta property=\"og:url\" content=\"https:\/\/www.inverseteams.com\/de\/produkt\/radtrikot-zenit-herren\/\" \/>\n<meta property=\"og:site_name\" content=\"Inverseteams\" \/>\n<meta property=\"article:publisher\" content=\"https:\/\/www.facebook.com\/inverseteams\" \/>\n<meta property=\"article:modified_time\" content=\"2026-02-20T10:55:29+00:00\" \/>\n<meta property=\"og:image\" content=\"https:\/\/www.inverseteams.com\/wp-content\/uploads\/MAILLOT-CICLISMO-BLANCO-ZENIT-1.jpg\" \/>\n\t<meta property=\"og:image:width\" content=\"1500\" \/>\n\t<meta property=\"og:image:height\" content=\"1612\" \/>\n\t<meta property=\"og:image:type\" content=\"image\/jpeg\" \/>\n<meta name=\"twitter:card\" content=\"summary_large_image\" \/>\n<meta name=\"twitter:label1\" content=\"Gesch\u00e4tzte Lesezeit\" \/>\n\t<meta name=\"twitter:data1\" content=\"2\u00a0Minute\" \/>\n<script type=\"application\/ld+json\" class=\"yoast-schema-graph\">{\"@context\":\"https:\\\/\\\/schema.org\",\"@graph\":[{\"@type\":\"WebPage\",\"@id\":\"https:\\\/\\\/www.inverseteams.com\\\/de\\\/produkt\\\/radtrikot-zenit-herren\\\/\",\"url\":\"https:\\\/\\\/www.inverseteams.com\\\/de\\\/produkt\\\/radtrikot-zenit-herren\\\/\",\"name\":\"Radtrikot ZENIT (HERREN)\",\"isPartOf\":{\"@id\":\"https:\\\/\\\/www.inverseteams.com\\\/de\\\/#website\"},\"primaryImageOfPage\":{\"@id\":\"https:\\\/\\\/www.inverseteams.com\\\/de\\\/produkt\\\/radtrikot-zenit-herren\\\/#primaryimage\"},\"image\":{\"@id\":\"https:\\\/\\\/www.inverseteams.com\\\/de\\\/produkt\\\/radtrikot-zenit-herren\\\/#primaryimage\"},\"thumbnailUrl\":\"https:\\\/\\\/www.inverseteams.com\\\/wp-content\\\/uploads\\\/MAILLOT-CICLISMO-BLANCO-ZENIT-1.jpg\",\"datePublished\":\"2025-01-27T16:25:59+00:00\",\"dateModified\":\"2026-02-20T10:55:29+00:00\",\"description\":\"Durch den taillierten Schnitt und den ergonomischen Schnitt passt sich dieses Trikot perfekt dem K\u00f6rper an und erm\u00f6glicht absolute Bewegungsfreiheit. Dank der Elastizit\u00e4t und der fortschrittlichen Struktur der drei Stoffe, aus denen es besteht, bietet es eine au\u00dfergew\u00f6hnliche Aerodynamik und erm\u00f6glicht der Luft, ohne Widerstand zu str\u00f6men. Der Bund ist mit einem Gummizug mit Innengriff ausgestattet, der f\u00fcr einen festen und bequemen Sitz sorgt. Im Lendenbereich verf\u00fcgt es \u00fcber 3 R\u00fcckentaschen, ideal um Westen oder Energieriegel sicher zu transportieren. Es verf\u00fcgt au\u00dferdem \u00fcber eine vierte wasserdichte Rei\u00dfverschlusstasche, die Ihre wertvollsten Gegenst\u00e4nde perfekt vor Feuchtigkeit und schlechtem Wetter sch\u00fctzt. Das niedrige, anatomische Halsdesign gew\u00e4hrleistet einen angenehmen Kontakt mit Ihrer Haut, vermeidet Unbehagen und reduziert den Lufteintritt. Technische Stoffe sind so konzipiert, dass sie Schwei\u00df schnell ableiten und Ihre Haut auch an den hei\u00dfesten Tagen k\u00fchl und trocken halten. Die hei\u00dfversiegelten Oberfl\u00e4chen des Trikots optimieren nicht nur sein minimalistisches Design, sondern verbessern auch die allgemeine Haltbarkeit und den Tragekomfort des Kleidungsst\u00fccks. Sicherheit auf jedem Kilometer. In die Taschen sind strategische Reflektorelemente integriert, die Ihre Sichtbarkeit im Stra\u00dfenverkehr verbessern und Ihren Schutz erh\u00f6hen. Genie\u00dfen Sie Ihre Radtouren mit einem Trikot, das Leichtigkeit, Leistung, Komfort und Eleganz vereint.\",\"breadcrumb\":{\"@id\":\"https:\\\/\\\/www.inverseteams.com\\\/de\\\/produkt\\\/radtrikot-zenit-herren\\\/#breadcrumb\"},\"inLanguage\":\"de\",\"potentialAction\":[{\"@type\":\"ReadAction\",\"target\":[\"https:\\\/\\\/www.inverseteams.com\\\/de\\\/produkt\\\/radtrikot-zenit-herren\\\/\"]}]},{\"@type\":\"ImageObject\",\"inLanguage\":\"de\",\"@id\":\"https:\\\/\\\/www.inverseteams.com\\\/de\\\/produkt\\\/radtrikot-zenit-herren\\\/#primaryimage\",\"url\":\"https:\\\/\\\/www.inverseteams.com\\\/wp-content\\\/uploads\\\/MAILLOT-CICLISMO-BLANCO-ZENIT-1.jpg\",\"contentUrl\":\"https:\\\/\\\/www.inverseteams.com\\\/wp-content\\\/uploads\\\/MAILLOT-CICLISMO-BLANCO-ZENIT-1.jpg\",\"width\":1500,\"height\":1612},{\"@type\":\"BreadcrumbList\",\"@id\":\"https:\\\/\\\/www.inverseteams.com\\\/de\\\/produkt\\\/radtrikot-zenit-herren\\\/#breadcrumb\",\"itemListElement\":[{\"@type\":\"ListItem\",\"position\":1,\"name\":\"Portada\",\"item\":\"https:\\\/\\\/www.inverseteams.com\\\/de\\\/\"},{\"@type\":\"ListItem\",\"position\":2,\"name\":\"Speichern\",\"item\":\"https:\\\/\\\/www.inverseteams.com\\\/de\\\/speichern\\\/\"},{\"@type\":\"ListItem\",\"position\":3,\"name\":\"Radtrikot ZENIT (HERREN)\"}]},{\"@type\":\"WebSite\",\"@id\":\"https:\\\/\\\/www.inverseteams.com\\\/de\\\/#website\",\"url\":\"https:\\\/\\\/www.inverseteams.com\\\/de\\\/\",\"name\":\"Inverseteams\",\"description\":\"Tu marca de ropa deportiva personalizada\",\"publisher\":{\"@id\":\"https:\\\/\\\/www.inverseteams.com\\\/de\\\/#organization\"},\"potentialAction\":[{\"@type\":\"SearchAction\",\"target\":{\"@type\":\"EntryPoint\",\"urlTemplate\":\"https:\\\/\\\/www.inverseteams.com\\\/de\\\/?s={search_term_string}\"},\"query-input\":{\"@type\":\"PropertyValueSpecification\",\"valueRequired\":true,\"valueName\":\"search_term_string\"}}],\"inLanguage\":\"de\"},{\"@type\":\"Organization\",\"@id\":\"https:\\\/\\\/www.inverseteams.com\\\/de\\\/#organization\",\"name\":\"Inverse Teams\",\"url\":\"https:\\\/\\\/www.inverseteams.com\\\/de\\\/\",\"logo\":{\"@type\":\"ImageObject\",\"inLanguage\":\"de\",\"@id\":\"https:\\\/\\\/www.inverseteams.com\\\/de\\\/#\\\/schema\\\/logo\\\/image\\\/\",\"url\":\"https:\\\/\\\/www.inverseteams.com\\\/wp-content\\\/uploads\\\/2021\\\/03\\\/logo-inverse-teams.png\",\"contentUrl\":\"https:\\\/\\\/www.inverseteams.com\\\/wp-content\\\/uploads\\\/2021\\\/03\\\/logo-inverse-teams.png\",\"width\":294,\"height\":99,\"caption\":\"Inverse Teams\"},\"image\":{\"@id\":\"https:\\\/\\\/www.inverseteams.com\\\/de\\\/#\\\/schema\\\/logo\\\/image\\\/\"},\"sameAs\":[\"https:\\\/\\\/www.facebook.com\\\/inverseteams\",\"http:\\\/\\\/instagram.com\\\/inverseteams\",\"https:\\\/\\\/www.linkedin.com\\\/company\\\/inverse-cirosport-s-l-?trk=job_view_topcard_company_name\",\"http:\\\/\\\/www.pinterest.com\\\/inverseteams\\\/\",\"http:\\\/\\\/www.youtube.com\\\/user\\\/inverseteams?feature=watch\"]}]}<\/script>\n<!-- \/ Yoast SEO plugin. -->","yoast_head_json":{"title":"Radtrikot ZENIT (HERREN)","description":"Durch den taillierten Schnitt und den ergonomischen Schnitt passt sich dieses Trikot perfekt dem K\u00f6rper an und erm\u00f6glicht absolute Bewegungsfreiheit. Dank der Elastizit\u00e4t und der fortschrittlichen Struktur der drei Stoffe, aus denen es besteht, bietet es eine au\u00dfergew\u00f6hnliche Aerodynamik und erm\u00f6glicht der Luft, ohne Widerstand zu str\u00f6men. Der Bund ist mit einem Gummizug mit Innengriff ausgestattet, der f\u00fcr einen festen und bequemen Sitz sorgt. Im Lendenbereich verf\u00fcgt es \u00fcber 3 R\u00fcckentaschen, ideal um Westen oder Energieriegel sicher zu transportieren. Es verf\u00fcgt au\u00dferdem \u00fcber eine vierte wasserdichte Rei\u00dfverschlusstasche, die Ihre wertvollsten Gegenst\u00e4nde perfekt vor Feuchtigkeit und schlechtem Wetter sch\u00fctzt. Das niedrige, anatomische Halsdesign gew\u00e4hrleistet einen angenehmen Kontakt mit Ihrer Haut, vermeidet Unbehagen und reduziert den Lufteintritt. Technische Stoffe sind so konzipiert, dass sie Schwei\u00df schnell ableiten und Ihre Haut auch an den hei\u00dfesten Tagen k\u00fchl und trocken halten. Die hei\u00dfversiegelten Oberfl\u00e4chen des Trikots optimieren nicht nur sein minimalistisches Design, sondern verbessern auch die allgemeine Haltbarkeit und den Tragekomfort des Kleidungsst\u00fccks. Sicherheit auf jedem Kilometer. In die Taschen sind strategische Reflektorelemente integriert, die Ihre Sichtbarkeit im Stra\u00dfenverkehr verbessern und Ihren Schutz erh\u00f6hen. Genie\u00dfen Sie Ihre Radtouren mit einem Trikot, das Leichtigkeit, Leistung, Komfort und Eleganz vereint.","robots":{"index":"index","follow":"follow","max-snippet":"max-snippet:-1","max-image-preview":"max-image-preview:large","max-video-preview":"max-video-preview:-1"},"canonical":"https:\/\/www.inverseteams.com\/de\/produkt\/radtrikot-zenit-herren\/","og_locale":"de_DE","og_type":"article","og_title":"Radtrikot ZENIT (HERREN)","og_description":"Durch den taillierten Schnitt und den ergonomischen Schnitt passt sich dieses Trikot perfekt dem K\u00f6rper an und erm\u00f6glicht absolute Bewegungsfreiheit. Dank der Elastizit\u00e4t und der fortschrittlichen Struktur der drei Stoffe, aus denen es besteht, bietet es eine au\u00dfergew\u00f6hnliche Aerodynamik und erm\u00f6glicht der Luft, ohne Widerstand zu str\u00f6men. Der Bund ist mit einem Gummizug mit Innengriff ausgestattet, der f\u00fcr einen festen und bequemen Sitz sorgt. Im Lendenbereich verf\u00fcgt es \u00fcber 3 R\u00fcckentaschen, ideal um Westen oder Energieriegel sicher zu transportieren. Es verf\u00fcgt au\u00dferdem \u00fcber eine vierte wasserdichte Rei\u00dfverschlusstasche, die Ihre wertvollsten Gegenst\u00e4nde perfekt vor Feuchtigkeit und schlechtem Wetter sch\u00fctzt. Das niedrige, anatomische Halsdesign gew\u00e4hrleistet einen angenehmen Kontakt mit Ihrer Haut, vermeidet Unbehagen und reduziert den Lufteintritt. Technische Stoffe sind so konzipiert, dass sie Schwei\u00df schnell ableiten und Ihre Haut auch an den hei\u00dfesten Tagen k\u00fchl und trocken halten. Die hei\u00dfversiegelten Oberfl\u00e4chen des Trikots optimieren nicht nur sein minimalistisches Design, sondern verbessern auch die allgemeine Haltbarkeit und den Tragekomfort des Kleidungsst\u00fccks. Sicherheit auf jedem Kilometer. In die Taschen sind strategische Reflektorelemente integriert, die Ihre Sichtbarkeit im Stra\u00dfenverkehr verbessern und Ihren Schutz erh\u00f6hen. Genie\u00dfen Sie Ihre Radtouren mit einem Trikot, das Leichtigkeit, Leistung, Komfort und Eleganz vereint.","og_url":"https:\/\/www.inverseteams.com\/de\/produkt\/radtrikot-zenit-herren\/","og_site_name":"Inverseteams","article_publisher":"https:\/\/www.facebook.com\/inverseteams","article_modified_time":"2026-02-20T10:55:29+00:00","og_image":[{"width":1500,"height":1612,"url":"https:\/\/www.inverseteams.com\/wp-content\/uploads\/MAILLOT-CICLISMO-BLANCO-ZENIT-1.jpg","type":"image\/jpeg"}],"twitter_card":"summary_large_image","twitter_misc":{"Gesch\u00e4tzte Lesezeit":"2\u00a0Minute"},"schema":{"@context":"https:\/\/schema.org","@graph":[{"@type":"WebPage","@id":"https:\/\/www.inverseteams.com\/de\/produkt\/radtrikot-zenit-herren\/","url":"https:\/\/www.inverseteams.com\/de\/produkt\/radtrikot-zenit-herren\/","name":"Radtrikot ZENIT (HERREN)","isPartOf":{"@id":"https:\/\/www.inverseteams.com\/de\/#website"},"primaryImageOfPage":{"@id":"https:\/\/www.inverseteams.com\/de\/produkt\/radtrikot-zenit-herren\/#primaryimage"},"image":{"@id":"https:\/\/www.inverseteams.com\/de\/produkt\/radtrikot-zenit-herren\/#primaryimage"},"thumbnailUrl":"https:\/\/www.inverseteams.com\/wp-content\/uploads\/MAILLOT-CICLISMO-BLANCO-ZENIT-1.jpg","datePublished":"2025-01-27T16:25:59+00:00","dateModified":"2026-02-20T10:55:29+00:00","description":"Durch den taillierten Schnitt und den ergonomischen Schnitt passt sich dieses Trikot perfekt dem K\u00f6rper an und erm\u00f6glicht absolute Bewegungsfreiheit. Dank der Elastizit\u00e4t und der fortschrittlichen Struktur der drei Stoffe, aus denen es besteht, bietet es eine au\u00dfergew\u00f6hnliche Aerodynamik und erm\u00f6glicht der Luft, ohne Widerstand zu str\u00f6men. Der Bund ist mit einem Gummizug mit Innengriff ausgestattet, der f\u00fcr einen festen und bequemen Sitz sorgt. Im Lendenbereich verf\u00fcgt es \u00fcber 3 R\u00fcckentaschen, ideal um Westen oder Energieriegel sicher zu transportieren. Es verf\u00fcgt au\u00dferdem \u00fcber eine vierte wasserdichte Rei\u00dfverschlusstasche, die Ihre wertvollsten Gegenst\u00e4nde perfekt vor Feuchtigkeit und schlechtem Wetter sch\u00fctzt. Das niedrige, anatomische Halsdesign gew\u00e4hrleistet einen angenehmen Kontakt mit Ihrer Haut, vermeidet Unbehagen und reduziert den Lufteintritt. Technische Stoffe sind so konzipiert, dass sie Schwei\u00df schnell ableiten und Ihre Haut auch an den hei\u00dfesten Tagen k\u00fchl und trocken halten. Die hei\u00dfversiegelten Oberfl\u00e4chen des Trikots optimieren nicht nur sein minimalistisches Design, sondern verbessern auch die allgemeine Haltbarkeit und den Tragekomfort des Kleidungsst\u00fccks. Sicherheit auf jedem Kilometer. In die Taschen sind strategische Reflektorelemente integriert, die Ihre Sichtbarkeit im Stra\u00dfenverkehr verbessern und Ihren Schutz erh\u00f6hen. Genie\u00dfen Sie Ihre Radtouren mit einem Trikot, das Leichtigkeit, Leistung, Komfort und Eleganz vereint.","breadcrumb":{"@id":"https:\/\/www.inverseteams.com\/de\/produkt\/radtrikot-zenit-herren\/#breadcrumb"},"inLanguage":"de","potentialAction":[{"@type":"ReadAction","target":["https:\/\/www.inverseteams.com\/de\/produkt\/radtrikot-zenit-herren\/"]}]},{"@type":"ImageObject","inLanguage":"de","@id":"https:\/\/www.inverseteams.com\/de\/produkt\/radtrikot-zenit-herren\/#primaryimage","url":"https:\/\/www.inverseteams.com\/wp-content\/uploads\/MAILLOT-CICLISMO-BLANCO-ZENIT-1.jpg","contentUrl":"https:\/\/www.inverseteams.com\/wp-content\/uploads\/MAILLOT-CICLISMO-BLANCO-ZENIT-1.jpg","width":1500,"height":1612},{"@type":"BreadcrumbList","@id":"https:\/\/www.inverseteams.com\/de\/produkt\/radtrikot-zenit-herren\/#breadcrumb","itemListElement":[{"@type":"ListItem","position":1,"name":"Portada","item":"https:\/\/www.inverseteams.com\/de\/"},{"@type":"ListItem","position":2,"name":"Speichern","item":"https:\/\/www.inverseteams.com\/de\/speichern\/"},{"@type":"ListItem","position":3,"name":"Radtrikot ZENIT (HERREN)"}]},{"@type":"WebSite","@id":"https:\/\/www.inverseteams.com\/de\/#website","url":"https:\/\/www.inverseteams.com\/de\/","name":"Inverseteams","description":"Tu marca de ropa deportiva personalizada","publisher":{"@id":"https:\/\/www.inverseteams.com\/de\/#organization"},"potentialAction":[{"@type":"SearchAction","target":{"@type":"EntryPoint","urlTemplate":"https:\/\/www.inverseteams.com\/de\/?s={search_term_string}"},"query-input":{"@type":"PropertyValueSpecification","valueRequired":true,"valueName":"search_term_string"}}],"inLanguage":"de"},{"@type":"Organization","@id":"https:\/\/www.inverseteams.com\/de\/#organization","name":"Inverse Teams","url":"https:\/\/www.inverseteams.com\/de\/","logo":{"@type":"ImageObject","inLanguage":"de","@id":"https:\/\/www.inverseteams.com\/de\/#\/schema\/logo\/image\/","url":"https:\/\/www.inverseteams.com\/wp-content\/uploads\/2021\/03\/logo-inverse-teams.png","contentUrl":"https:\/\/www.inverseteams.com\/wp-content\/uploads\/2021\/03\/logo-inverse-teams.png","width":294,"height":99,"caption":"Inverse Teams"},"image":{"@id":"https:\/\/www.inverseteams.com\/de\/#\/schema\/logo\/image\/"},"sameAs":["https:\/\/www.facebook.com\/inverseteams","http:\/\/instagram.com\/inverseteams","https:\/\/www.linkedin.com\/company\/inverse-cirosport-s-l-?trk=job_view_topcard_company_name","http:\/\/www.pinterest.com\/inverseteams\/","http:\/\/www.youtube.com\/user\/inverseteams?feature=watch"]}]}},"_links":{"self":[{"href":"https:\/\/www.inverseteams.com\/de\/wp-json\/wp\/v2\/product\/238285","targetHints":{"allow":["GET"]}}],"collection":[{"href":"https:\/\/www.inverseteams.com\/de\/wp-json\/wp\/v2\/product"}],"about":[{"href":"https:\/\/www.inverseteams.com\/de\/wp-json\/wp\/v2\/types\/product"}],"replies":[{"embeddable":true,"href":"https:\/\/www.inverseteams.com\/de\/wp-json\/wp\/v2\/comments?post=238285"}],"wp:featuredmedia":[{"embeddable":true,"href":"https:\/\/www.inverseteams.com\/de\/wp-json\/wp\/v2\/media\/237270"}],"wp:attachment":[{"href":"https:\/\/www.inverseteams.com\/de\/wp-json\/wp\/v2\/media?parent=238285"}],"wp:term":[{"taxonomy":"product_brand","embeddable":true,"href":"https:\/\/www.inverseteams.com\/de\/wp-json\/wp\/v2\/product_brand?post=238285"},{"taxonomy":"product_cat","embeddable":true,"href":"https:\/\/www.inverseteams.com\/de\/wp-json\/wp\/v2\/product_cat?post=238285"},{"taxonomy":"product_tag","embeddable":true,"href":"https:\/\/www.inverseteams.com\/de\/wp-json\/wp\/v2\/product_tag?post=238285"},{"taxonomy":"custom_category","embeddable":true,"href":"https:\/\/www.inverseteams.com\/de\/wp-json\/wp\/v2\/custom_category?post=238285"},{"taxonomy":"range","embeddable":true,"href":"https:\/\/www.inverseteams.com\/de\/wp-json\/wp\/v2\/range?post=238285"}],"curies":[{"name":"wp","href":"https:\/\/api.w.org\/{rel}","templated":true}]}}