{"id":238273,"date":"2025-01-27T16:20:21","date_gmt":"2025-01-27T16:20:21","guid":{"rendered":"https:\/\/www.inverseteams.com\/?post_type=product&#038;p=238273"},"modified":"2025-04-24T10:06:21","modified_gmt":"2025-04-24T10:06:21","slug":"radtrikot-pure-yuraq-herren","status":"publish","type":"product","link":"https:\/\/www.inverseteams.com\/de\/produkt\/radtrikot-pure-yuraq-herren\/","title":{"rendered":"Radtrikot PURE YURAQ (HERREN)"},"content":{"rendered":"<p>Das perfekte Radtrikot f\u00fcr den Sommer. Die Achseln und der zentrale R\u00fcckenbereich bestehen aus CYCLON-Netzgewebe. Dadurch wird der Schwei\u00df schnell abgeleitet und Ihre Haut bleibt frisch und trocken. Die restliche R\u00fcckseite besteht aus LITTLESQUARE-Gewebe, das ebenfalls sehr atmungsaktiv ist, dessen Struktur jedoch nicht so offen ist, um Sie vor Sonnenstrahlen zu sch\u00fctzen.<br \/>\nDie \u00c4rmel sind aus BEEPANEL-Gewebe gefertigt, das \u00e4sthetisch sehr elegant ist und eine unglaubliche Elastizit\u00e4t bietet, wodurch der \u00c4rmel sehr gut am Arm anliegt. Die 4 Stoffe, aus denen das Radtrikot besteht, zeichnen sich durch ihre Leichtigkeit und Elastizit\u00e4t aus. Sie passen sich dem K\u00f6rper und allen Lagen und Bewegungen sehr gut an. Sie werden die weiche und angenehme Haptik lieben. Sie werden das Trikot sp\u00fcren, als w\u00e4re es eine zweite Haut. Die hei\u00dfversiegelten Oberfl\u00e4chen des Trikots optimieren nicht nur sein minimalistisches Design, sondern verbessern auch die allgemeine Haltbarkeit und den Tragekomfort des Kleidungsst\u00fccks.<br \/>\nSein ergonomischer Hals passt sich optimal an und verhindert das Eindringen von Luft. Er verf\u00fcgt \u00fcber einen durchgehenden Rei\u00dfverschluss mit Anti-Zug-System. Damit das Trikot gut am K\u00f6rper anliegt, verf\u00fcgt es in der Taille \u00fcber einen Gummibund mit Silikongrip an der Innenseite.<br \/>\nIm Lendenbereich verf\u00fcgt es \u00fcber 3 offene Taschen. Es hat au\u00dferdem eine Seitentasche mit Rei\u00dfverschluss. Dieses ist wasserdicht, sodass der Schwei\u00df die darin aufbewahrten Gegenst\u00e4nde nicht besch\u00e4digt.<br \/>\nUm deine Sicherheit im Stra\u00dfenverkehr zu erh\u00f6hen, verf\u00fcgt es \u00fcber reflektierende Elemente an den Taschen.<\/p>\n","protected":false},"excerpt":{"rendered":"<p>Das perfekte Radtrikot f\u00fcr den Sommer. Die Achseln und der zentrale R\u00fcckenbereich bestehen aus CYCLON-Netzgewebe. Dadurch wird der Schwei\u00df schnell abgeleitet und Ihre Haut bleibt frisch und trocken. Die restliche R\u00fcckseite besteht aus LITTLESQUARE-Gewebe, das ebenfalls sehr atmungsaktiv ist, dessen Struktur jedoch nicht so offen ist, um Sie vor Sonnenstrahlen zu sch\u00fctzen.<br \/>\nDie \u00c4rmel sind aus BEEPANEL-Gewebe gefertigt, das \u00e4sthetisch sehr elegant ist und eine unglaubliche Elastizit\u00e4t bietet, wodurch der \u00c4rmel sehr gut am Arm anliegt. Die 4 Stoffe, aus denen das Radtrikot besteht, zeichnen sich durch ihre Leichtigkeit und Elastizit\u00e4t aus. Sie passen sich dem K\u00f6rper und allen Lagen und Bewegungen sehr gut an. Sie werden die weiche und angenehme Haptik lieben. Sie werden das Trikot sp\u00fcren, als w\u00e4re es eine zweite Haut. Die hei\u00dfversiegelten Oberfl\u00e4chen des Trikots optimieren nicht nur sein minimalistisches Design, sondern verbessern auch die allgemeine Haltbarkeit und den Tragekomfort des Kleidungsst\u00fccks.<br \/>\nSein ergonomischer Hals passt sich optimal an und verhindert das Eindringen von Luft. Er verf\u00fcgt \u00fcber einen durchgehenden Rei\u00dfverschluss mit Anti-Zug-System. Damit das Trikot gut am K\u00f6rper anliegt, verf\u00fcgt es in der Taille \u00fcber einen Gummibund mit Silikongrip an der Innenseite.<br \/>\nIm Lendenbereich verf\u00fcgt es \u00fcber 3 offene Taschen. Es hat au\u00dferdem eine Seitentasche mit Rei\u00dfverschluss. Dieses ist wasserdicht, sodass der Schwei\u00df die darin aufbewahrten Gegenst\u00e4nde nicht besch\u00e4digt.<br \/>\nUm deine Sicherheit im Stra\u00dfenverkehr zu erh\u00f6hen, verf\u00fcgt es \u00fcber reflektierende Elemente an den Taschen.<\/p>\n","protected":false},"featured_media":237154,"comment_status":"closed","ping_status":"closed","template":"","meta":{"_acf_changed":false},"product_brand":[],"product_cat":[11152,11153,11190],"product_tag":[],"custom_category":[],"range":[],"class_list":{"0":"post-238273","1":"product","2":"type-product","3":"status-publish","4":"has-post-thumbnail","6":"product_cat-radtrikots","7":"product_cat-b2b-de","8":"product_cat-radsportbekleidung","9":"pa_climatologia-calor-de","10":"pa_deporte-ciclismo-de","11":"pa_genero-hombre-de","12":"pa_patronaje-fit-de","13":"pa_talla-m-de","14":"pa_talla-l-de","15":"pa_talla-xl-de","16":"pa_talla-xxl-de","17":"pa_talla-s-de","18":"pa_tipo-de-prenda-maillot-manga-corta-de","20":"first","21":"outofstock","22":"taxable","23":"shipping-taxable","24":"purchasable","25":"product-type-variable","26":"has-default-attributes"},"acf":[],"yoast_head":"<!-- This site is optimized with the Yoast SEO plugin v27.3 - https:\/\/yoast.com\/product\/yoast-seo-wordpress\/ -->\n<title>Radtrikot PURE YURAQ (HERREN)<\/title>\n<meta name=\"description\" content=\"Das perfekte Radtrikot f\u00fcr den Sommer. Die Achseln und der zentrale R\u00fcckenbereich bestehen aus CYCLON-Netzgewebe. Dadurch wird der Schwei\u00df schnell abgeleitet und Ihre Haut bleibt frisch und trocken. Die restliche R\u00fcckseite besteht aus LITTLESQUARE-Gewebe, das ebenfalls sehr atmungsaktiv ist, dessen Struktur jedoch nicht so offen ist, um Sie vor Sonnenstrahlen zu sch\u00fctzen. Die \u00c4rmel sind aus BEEPANEL-Gewebe gefertigt, das \u00e4sthetisch sehr elegant ist und eine unglaubliche Elastizit\u00e4t bietet, wodurch der \u00c4rmel sehr gut am Arm anliegt. Die 4 Stoffe, aus denen das Radtrikot besteht, zeichnen sich durch ihre Leichtigkeit und Elastizit\u00e4t aus. Sie passen sich dem K\u00f6rper und allen Lagen und Bewegungen sehr gut an. Sie werden die weiche und angenehme Haptik lieben. Sie werden das Trikot sp\u00fcren, als w\u00e4re es eine zweite Haut. Die hei\u00dfversiegelten Oberfl\u00e4chen des Trikots optimieren nicht nur sein minimalistisches Design, sondern verbessern auch die allgemeine Haltbarkeit und den Tragekomfort des Kleidungsst\u00fccks. Sein ergonomischer Hals passt sich optimal an und verhindert das Eindringen von Luft. Er verf\u00fcgt \u00fcber einen durchgehenden Rei\u00dfverschluss mit Anti-Zug-System. Damit das Trikot gut am K\u00f6rper anliegt, verf\u00fcgt es in der Taille \u00fcber einen Gummibund mit Silikongrip an der Innenseite. Im Lendenbereich verf\u00fcgt es \u00fcber 3 offene Taschen. Es hat au\u00dferdem eine Seitentasche mit Rei\u00dfverschluss. Dieses ist wasserdicht, sodass der Schwei\u00df die darin aufbewahrten Gegenst\u00e4nde nicht besch\u00e4digt. Um deine Sicherheit im Stra\u00dfenverkehr zu erh\u00f6hen, verf\u00fcgt es \u00fcber reflektierende Elemente an den Taschen.\" \/>\n<meta name=\"robots\" content=\"index, follow, max-snippet:-1, max-image-preview:large, max-video-preview:-1\" \/>\n<link rel=\"canonical\" href=\"https:\/\/www.inverseteams.com\/de\/produkt\/radtrikot-pure-yuraq-herren\/\" \/>\n<meta property=\"og:locale\" content=\"de_DE\" \/>\n<meta property=\"og:type\" content=\"article\" \/>\n<meta property=\"og:title\" content=\"Radtrikot PURE YURAQ (HERREN)\" \/>\n<meta property=\"og:description\" content=\"Das perfekte Radtrikot f\u00fcr den Sommer. Die Achseln und der zentrale R\u00fcckenbereich bestehen aus CYCLON-Netzgewebe. Dadurch wird der Schwei\u00df schnell abgeleitet und Ihre Haut bleibt frisch und trocken. Die restliche R\u00fcckseite besteht aus LITTLESQUARE-Gewebe, das ebenfalls sehr atmungsaktiv ist, dessen Struktur jedoch nicht so offen ist, um Sie vor Sonnenstrahlen zu sch\u00fctzen. Die \u00c4rmel sind aus BEEPANEL-Gewebe gefertigt, das \u00e4sthetisch sehr elegant ist und eine unglaubliche Elastizit\u00e4t bietet, wodurch der \u00c4rmel sehr gut am Arm anliegt. Die 4 Stoffe, aus denen das Radtrikot besteht, zeichnen sich durch ihre Leichtigkeit und Elastizit\u00e4t aus. Sie passen sich dem K\u00f6rper und allen Lagen und Bewegungen sehr gut an. Sie werden die weiche und angenehme Haptik lieben. Sie werden das Trikot sp\u00fcren, als w\u00e4re es eine zweite Haut. Die hei\u00dfversiegelten Oberfl\u00e4chen des Trikots optimieren nicht nur sein minimalistisches Design, sondern verbessern auch die allgemeine Haltbarkeit und den Tragekomfort des Kleidungsst\u00fccks. Sein ergonomischer Hals passt sich optimal an und verhindert das Eindringen von Luft. Er verf\u00fcgt \u00fcber einen durchgehenden Rei\u00dfverschluss mit Anti-Zug-System. Damit das Trikot gut am K\u00f6rper anliegt, verf\u00fcgt es in der Taille \u00fcber einen Gummibund mit Silikongrip an der Innenseite. Im Lendenbereich verf\u00fcgt es \u00fcber 3 offene Taschen. Es hat au\u00dferdem eine Seitentasche mit Rei\u00dfverschluss. Dieses ist wasserdicht, sodass der Schwei\u00df die darin aufbewahrten Gegenst\u00e4nde nicht besch\u00e4digt. Um deine Sicherheit im Stra\u00dfenverkehr zu erh\u00f6hen, verf\u00fcgt es \u00fcber reflektierende Elemente an den Taschen.\" \/>\n<meta property=\"og:url\" content=\"https:\/\/www.inverseteams.com\/de\/produkt\/radtrikot-pure-yuraq-herren\/\" \/>\n<meta property=\"og:site_name\" content=\"Inverseteams\" \/>\n<meta property=\"article:publisher\" content=\"https:\/\/www.facebook.com\/inverseteams\" \/>\n<meta property=\"article:modified_time\" content=\"2025-04-24T10:06:21+00:00\" \/>\n<meta property=\"og:image\" content=\"https:\/\/www.inverseteams.com\/wp-content\/uploads\/MAILLOT-CICLISMO-PURE-YURAQ-1.jpg\" \/>\n\t<meta property=\"og:image:width\" content=\"1500\" \/>\n\t<meta property=\"og:image:height\" content=\"1612\" \/>\n\t<meta property=\"og:image:type\" content=\"image\/jpeg\" \/>\n<meta name=\"twitter:card\" content=\"summary_large_image\" \/>\n<meta name=\"twitter:label1\" content=\"Gesch\u00e4tzte Lesezeit\" \/>\n\t<meta name=\"twitter:data1\" content=\"2\u00a0Minute\" \/>\n<script type=\"application\/ld+json\" class=\"yoast-schema-graph\">{\"@context\":\"https:\\\/\\\/schema.org\",\"@graph\":[{\"@type\":\"WebPage\",\"@id\":\"https:\\\/\\\/www.inverseteams.com\\\/de\\\/produkt\\\/radtrikot-pure-yuraq-herren\\\/\",\"url\":\"https:\\\/\\\/www.inverseteams.com\\\/de\\\/produkt\\\/radtrikot-pure-yuraq-herren\\\/\",\"name\":\"Radtrikot PURE YURAQ (HERREN)\",\"isPartOf\":{\"@id\":\"https:\\\/\\\/www.inverseteams.com\\\/de\\\/#website\"},\"primaryImageOfPage\":{\"@id\":\"https:\\\/\\\/www.inverseteams.com\\\/de\\\/produkt\\\/radtrikot-pure-yuraq-herren\\\/#primaryimage\"},\"image\":{\"@id\":\"https:\\\/\\\/www.inverseteams.com\\\/de\\\/produkt\\\/radtrikot-pure-yuraq-herren\\\/#primaryimage\"},\"thumbnailUrl\":\"https:\\\/\\\/www.inverseteams.com\\\/wp-content\\\/uploads\\\/MAILLOT-CICLISMO-PURE-YURAQ-1.jpg\",\"datePublished\":\"2025-01-27T16:20:21+00:00\",\"dateModified\":\"2025-04-24T10:06:21+00:00\",\"description\":\"Das perfekte Radtrikot f\u00fcr den Sommer. Die Achseln und der zentrale R\u00fcckenbereich bestehen aus CYCLON-Netzgewebe. Dadurch wird der Schwei\u00df schnell abgeleitet und Ihre Haut bleibt frisch und trocken. Die restliche R\u00fcckseite besteht aus LITTLESQUARE-Gewebe, das ebenfalls sehr atmungsaktiv ist, dessen Struktur jedoch nicht so offen ist, um Sie vor Sonnenstrahlen zu sch\u00fctzen. Die \u00c4rmel sind aus BEEPANEL-Gewebe gefertigt, das \u00e4sthetisch sehr elegant ist und eine unglaubliche Elastizit\u00e4t bietet, wodurch der \u00c4rmel sehr gut am Arm anliegt. Die 4 Stoffe, aus denen das Radtrikot besteht, zeichnen sich durch ihre Leichtigkeit und Elastizit\u00e4t aus. Sie passen sich dem K\u00f6rper und allen Lagen und Bewegungen sehr gut an. Sie werden die weiche und angenehme Haptik lieben. Sie werden das Trikot sp\u00fcren, als w\u00e4re es eine zweite Haut. Die hei\u00dfversiegelten Oberfl\u00e4chen des Trikots optimieren nicht nur sein minimalistisches Design, sondern verbessern auch die allgemeine Haltbarkeit und den Tragekomfort des Kleidungsst\u00fccks. Sein ergonomischer Hals passt sich optimal an und verhindert das Eindringen von Luft. Er verf\u00fcgt \u00fcber einen durchgehenden Rei\u00dfverschluss mit Anti-Zug-System. Damit das Trikot gut am K\u00f6rper anliegt, verf\u00fcgt es in der Taille \u00fcber einen Gummibund mit Silikongrip an der Innenseite. Im Lendenbereich verf\u00fcgt es \u00fcber 3 offene Taschen. Es hat au\u00dferdem eine Seitentasche mit Rei\u00dfverschluss. Dieses ist wasserdicht, sodass der Schwei\u00df die darin aufbewahrten Gegenst\u00e4nde nicht besch\u00e4digt. Um deine Sicherheit im Stra\u00dfenverkehr zu erh\u00f6hen, verf\u00fcgt es \u00fcber reflektierende Elemente an den Taschen.\",\"breadcrumb\":{\"@id\":\"https:\\\/\\\/www.inverseteams.com\\\/de\\\/produkt\\\/radtrikot-pure-yuraq-herren\\\/#breadcrumb\"},\"inLanguage\":\"de\",\"potentialAction\":[{\"@type\":\"ReadAction\",\"target\":[\"https:\\\/\\\/www.inverseteams.com\\\/de\\\/produkt\\\/radtrikot-pure-yuraq-herren\\\/\"]}]},{\"@type\":\"ImageObject\",\"inLanguage\":\"de\",\"@id\":\"https:\\\/\\\/www.inverseteams.com\\\/de\\\/produkt\\\/radtrikot-pure-yuraq-herren\\\/#primaryimage\",\"url\":\"https:\\\/\\\/www.inverseteams.com\\\/wp-content\\\/uploads\\\/MAILLOT-CICLISMO-PURE-YURAQ-1.jpg\",\"contentUrl\":\"https:\\\/\\\/www.inverseteams.com\\\/wp-content\\\/uploads\\\/MAILLOT-CICLISMO-PURE-YURAQ-1.jpg\",\"width\":1500,\"height\":1612},{\"@type\":\"BreadcrumbList\",\"@id\":\"https:\\\/\\\/www.inverseteams.com\\\/de\\\/produkt\\\/radtrikot-pure-yuraq-herren\\\/#breadcrumb\",\"itemListElement\":[{\"@type\":\"ListItem\",\"position\":1,\"name\":\"Portada\",\"item\":\"https:\\\/\\\/www.inverseteams.com\\\/de\\\/\"},{\"@type\":\"ListItem\",\"position\":2,\"name\":\"Speichern\",\"item\":\"https:\\\/\\\/www.inverseteams.com\\\/de\\\/speichern\\\/\"},{\"@type\":\"ListItem\",\"position\":3,\"name\":\"Radtrikot PURE YURAQ (HERREN)\"}]},{\"@type\":\"WebSite\",\"@id\":\"https:\\\/\\\/www.inverseteams.com\\\/de\\\/#website\",\"url\":\"https:\\\/\\\/www.inverseteams.com\\\/de\\\/\",\"name\":\"Inverseteams\",\"description\":\"Tu marca de ropa deportiva personalizada\",\"publisher\":{\"@id\":\"https:\\\/\\\/www.inverseteams.com\\\/de\\\/#organization\"},\"potentialAction\":[{\"@type\":\"SearchAction\",\"target\":{\"@type\":\"EntryPoint\",\"urlTemplate\":\"https:\\\/\\\/www.inverseteams.com\\\/de\\\/?s={search_term_string}\"},\"query-input\":{\"@type\":\"PropertyValueSpecification\",\"valueRequired\":true,\"valueName\":\"search_term_string\"}}],\"inLanguage\":\"de\"},{\"@type\":\"Organization\",\"@id\":\"https:\\\/\\\/www.inverseteams.com\\\/de\\\/#organization\",\"name\":\"Inverse Teams\",\"url\":\"https:\\\/\\\/www.inverseteams.com\\\/de\\\/\",\"logo\":{\"@type\":\"ImageObject\",\"inLanguage\":\"de\",\"@id\":\"https:\\\/\\\/www.inverseteams.com\\\/de\\\/#\\\/schema\\\/logo\\\/image\\\/\",\"url\":\"https:\\\/\\\/www.inverseteams.com\\\/wp-content\\\/uploads\\\/2021\\\/03\\\/logo-inverse-teams.png\",\"contentUrl\":\"https:\\\/\\\/www.inverseteams.com\\\/wp-content\\\/uploads\\\/2021\\\/03\\\/logo-inverse-teams.png\",\"width\":294,\"height\":99,\"caption\":\"Inverse Teams\"},\"image\":{\"@id\":\"https:\\\/\\\/www.inverseteams.com\\\/de\\\/#\\\/schema\\\/logo\\\/image\\\/\"},\"sameAs\":[\"https:\\\/\\\/www.facebook.com\\\/inverseteams\",\"http:\\\/\\\/instagram.com\\\/inverseteams\",\"https:\\\/\\\/www.linkedin.com\\\/company\\\/inverse-cirosport-s-l-?trk=job_view_topcard_company_name\",\"http:\\\/\\\/www.pinterest.com\\\/inverseteams\\\/\",\"http:\\\/\\\/www.youtube.com\\\/user\\\/inverseteams?feature=watch\"]}]}<\/script>\n<!-- \/ Yoast SEO plugin. -->","yoast_head_json":{"title":"Radtrikot PURE YURAQ (HERREN)","description":"Das perfekte Radtrikot f\u00fcr den Sommer. Die Achseln und der zentrale R\u00fcckenbereich bestehen aus CYCLON-Netzgewebe. Dadurch wird der Schwei\u00df schnell abgeleitet und Ihre Haut bleibt frisch und trocken. Die restliche R\u00fcckseite besteht aus LITTLESQUARE-Gewebe, das ebenfalls sehr atmungsaktiv ist, dessen Struktur jedoch nicht so offen ist, um Sie vor Sonnenstrahlen zu sch\u00fctzen. Die \u00c4rmel sind aus BEEPANEL-Gewebe gefertigt, das \u00e4sthetisch sehr elegant ist und eine unglaubliche Elastizit\u00e4t bietet, wodurch der \u00c4rmel sehr gut am Arm anliegt. Die 4 Stoffe, aus denen das Radtrikot besteht, zeichnen sich durch ihre Leichtigkeit und Elastizit\u00e4t aus. Sie passen sich dem K\u00f6rper und allen Lagen und Bewegungen sehr gut an. Sie werden die weiche und angenehme Haptik lieben. Sie werden das Trikot sp\u00fcren, als w\u00e4re es eine zweite Haut. Die hei\u00dfversiegelten Oberfl\u00e4chen des Trikots optimieren nicht nur sein minimalistisches Design, sondern verbessern auch die allgemeine Haltbarkeit und den Tragekomfort des Kleidungsst\u00fccks. Sein ergonomischer Hals passt sich optimal an und verhindert das Eindringen von Luft. Er verf\u00fcgt \u00fcber einen durchgehenden Rei\u00dfverschluss mit Anti-Zug-System. Damit das Trikot gut am K\u00f6rper anliegt, verf\u00fcgt es in der Taille \u00fcber einen Gummibund mit Silikongrip an der Innenseite. Im Lendenbereich verf\u00fcgt es \u00fcber 3 offene Taschen. Es hat au\u00dferdem eine Seitentasche mit Rei\u00dfverschluss. Dieses ist wasserdicht, sodass der Schwei\u00df die darin aufbewahrten Gegenst\u00e4nde nicht besch\u00e4digt. Um deine Sicherheit im Stra\u00dfenverkehr zu erh\u00f6hen, verf\u00fcgt es \u00fcber reflektierende Elemente an den Taschen.","robots":{"index":"index","follow":"follow","max-snippet":"max-snippet:-1","max-image-preview":"max-image-preview:large","max-video-preview":"max-video-preview:-1"},"canonical":"https:\/\/www.inverseteams.com\/de\/produkt\/radtrikot-pure-yuraq-herren\/","og_locale":"de_DE","og_type":"article","og_title":"Radtrikot PURE YURAQ (HERREN)","og_description":"Das perfekte Radtrikot f\u00fcr den Sommer. Die Achseln und der zentrale R\u00fcckenbereich bestehen aus CYCLON-Netzgewebe. Dadurch wird der Schwei\u00df schnell abgeleitet und Ihre Haut bleibt frisch und trocken. Die restliche R\u00fcckseite besteht aus LITTLESQUARE-Gewebe, das ebenfalls sehr atmungsaktiv ist, dessen Struktur jedoch nicht so offen ist, um Sie vor Sonnenstrahlen zu sch\u00fctzen. Die \u00c4rmel sind aus BEEPANEL-Gewebe gefertigt, das \u00e4sthetisch sehr elegant ist und eine unglaubliche Elastizit\u00e4t bietet, wodurch der \u00c4rmel sehr gut am Arm anliegt. Die 4 Stoffe, aus denen das Radtrikot besteht, zeichnen sich durch ihre Leichtigkeit und Elastizit\u00e4t aus. Sie passen sich dem K\u00f6rper und allen Lagen und Bewegungen sehr gut an. Sie werden die weiche und angenehme Haptik lieben. Sie werden das Trikot sp\u00fcren, als w\u00e4re es eine zweite Haut. Die hei\u00dfversiegelten Oberfl\u00e4chen des Trikots optimieren nicht nur sein minimalistisches Design, sondern verbessern auch die allgemeine Haltbarkeit und den Tragekomfort des Kleidungsst\u00fccks. Sein ergonomischer Hals passt sich optimal an und verhindert das Eindringen von Luft. Er verf\u00fcgt \u00fcber einen durchgehenden Rei\u00dfverschluss mit Anti-Zug-System. Damit das Trikot gut am K\u00f6rper anliegt, verf\u00fcgt es in der Taille \u00fcber einen Gummibund mit Silikongrip an der Innenseite. Im Lendenbereich verf\u00fcgt es \u00fcber 3 offene Taschen. Es hat au\u00dferdem eine Seitentasche mit Rei\u00dfverschluss. Dieses ist wasserdicht, sodass der Schwei\u00df die darin aufbewahrten Gegenst\u00e4nde nicht besch\u00e4digt. Um deine Sicherheit im Stra\u00dfenverkehr zu erh\u00f6hen, verf\u00fcgt es \u00fcber reflektierende Elemente an den Taschen.","og_url":"https:\/\/www.inverseteams.com\/de\/produkt\/radtrikot-pure-yuraq-herren\/","og_site_name":"Inverseteams","article_publisher":"https:\/\/www.facebook.com\/inverseteams","article_modified_time":"2025-04-24T10:06:21+00:00","og_image":[{"width":1500,"height":1612,"url":"https:\/\/www.inverseteams.com\/wp-content\/uploads\/MAILLOT-CICLISMO-PURE-YURAQ-1.jpg","type":"image\/jpeg"}],"twitter_card":"summary_large_image","twitter_misc":{"Gesch\u00e4tzte Lesezeit":"2\u00a0Minute"},"schema":{"@context":"https:\/\/schema.org","@graph":[{"@type":"WebPage","@id":"https:\/\/www.inverseteams.com\/de\/produkt\/radtrikot-pure-yuraq-herren\/","url":"https:\/\/www.inverseteams.com\/de\/produkt\/radtrikot-pure-yuraq-herren\/","name":"Radtrikot PURE YURAQ (HERREN)","isPartOf":{"@id":"https:\/\/www.inverseteams.com\/de\/#website"},"primaryImageOfPage":{"@id":"https:\/\/www.inverseteams.com\/de\/produkt\/radtrikot-pure-yuraq-herren\/#primaryimage"},"image":{"@id":"https:\/\/www.inverseteams.com\/de\/produkt\/radtrikot-pure-yuraq-herren\/#primaryimage"},"thumbnailUrl":"https:\/\/www.inverseteams.com\/wp-content\/uploads\/MAILLOT-CICLISMO-PURE-YURAQ-1.jpg","datePublished":"2025-01-27T16:20:21+00:00","dateModified":"2025-04-24T10:06:21+00:00","description":"Das perfekte Radtrikot f\u00fcr den Sommer. Die Achseln und der zentrale R\u00fcckenbereich bestehen aus CYCLON-Netzgewebe. Dadurch wird der Schwei\u00df schnell abgeleitet und Ihre Haut bleibt frisch und trocken. Die restliche R\u00fcckseite besteht aus LITTLESQUARE-Gewebe, das ebenfalls sehr atmungsaktiv ist, dessen Struktur jedoch nicht so offen ist, um Sie vor Sonnenstrahlen zu sch\u00fctzen. Die \u00c4rmel sind aus BEEPANEL-Gewebe gefertigt, das \u00e4sthetisch sehr elegant ist und eine unglaubliche Elastizit\u00e4t bietet, wodurch der \u00c4rmel sehr gut am Arm anliegt. Die 4 Stoffe, aus denen das Radtrikot besteht, zeichnen sich durch ihre Leichtigkeit und Elastizit\u00e4t aus. Sie passen sich dem K\u00f6rper und allen Lagen und Bewegungen sehr gut an. Sie werden die weiche und angenehme Haptik lieben. Sie werden das Trikot sp\u00fcren, als w\u00e4re es eine zweite Haut. Die hei\u00dfversiegelten Oberfl\u00e4chen des Trikots optimieren nicht nur sein minimalistisches Design, sondern verbessern auch die allgemeine Haltbarkeit und den Tragekomfort des Kleidungsst\u00fccks. Sein ergonomischer Hals passt sich optimal an und verhindert das Eindringen von Luft. Er verf\u00fcgt \u00fcber einen durchgehenden Rei\u00dfverschluss mit Anti-Zug-System. Damit das Trikot gut am K\u00f6rper anliegt, verf\u00fcgt es in der Taille \u00fcber einen Gummibund mit Silikongrip an der Innenseite. Im Lendenbereich verf\u00fcgt es \u00fcber 3 offene Taschen. Es hat au\u00dferdem eine Seitentasche mit Rei\u00dfverschluss. Dieses ist wasserdicht, sodass der Schwei\u00df die darin aufbewahrten Gegenst\u00e4nde nicht besch\u00e4digt. Um deine Sicherheit im Stra\u00dfenverkehr zu erh\u00f6hen, verf\u00fcgt es \u00fcber reflektierende Elemente an den Taschen.","breadcrumb":{"@id":"https:\/\/www.inverseteams.com\/de\/produkt\/radtrikot-pure-yuraq-herren\/#breadcrumb"},"inLanguage":"de","potentialAction":[{"@type":"ReadAction","target":["https:\/\/www.inverseteams.com\/de\/produkt\/radtrikot-pure-yuraq-herren\/"]}]},{"@type":"ImageObject","inLanguage":"de","@id":"https:\/\/www.inverseteams.com\/de\/produkt\/radtrikot-pure-yuraq-herren\/#primaryimage","url":"https:\/\/www.inverseteams.com\/wp-content\/uploads\/MAILLOT-CICLISMO-PURE-YURAQ-1.jpg","contentUrl":"https:\/\/www.inverseteams.com\/wp-content\/uploads\/MAILLOT-CICLISMO-PURE-YURAQ-1.jpg","width":1500,"height":1612},{"@type":"BreadcrumbList","@id":"https:\/\/www.inverseteams.com\/de\/produkt\/radtrikot-pure-yuraq-herren\/#breadcrumb","itemListElement":[{"@type":"ListItem","position":1,"name":"Portada","item":"https:\/\/www.inverseteams.com\/de\/"},{"@type":"ListItem","position":2,"name":"Speichern","item":"https:\/\/www.inverseteams.com\/de\/speichern\/"},{"@type":"ListItem","position":3,"name":"Radtrikot PURE YURAQ (HERREN)"}]},{"@type":"WebSite","@id":"https:\/\/www.inverseteams.com\/de\/#website","url":"https:\/\/www.inverseteams.com\/de\/","name":"Inverseteams","description":"Tu marca de ropa deportiva personalizada","publisher":{"@id":"https:\/\/www.inverseteams.com\/de\/#organization"},"potentialAction":[{"@type":"SearchAction","target":{"@type":"EntryPoint","urlTemplate":"https:\/\/www.inverseteams.com\/de\/?s={search_term_string}"},"query-input":{"@type":"PropertyValueSpecification","valueRequired":true,"valueName":"search_term_string"}}],"inLanguage":"de"},{"@type":"Organization","@id":"https:\/\/www.inverseteams.com\/de\/#organization","name":"Inverse Teams","url":"https:\/\/www.inverseteams.com\/de\/","logo":{"@type":"ImageObject","inLanguage":"de","@id":"https:\/\/www.inverseteams.com\/de\/#\/schema\/logo\/image\/","url":"https:\/\/www.inverseteams.com\/wp-content\/uploads\/2021\/03\/logo-inverse-teams.png","contentUrl":"https:\/\/www.inverseteams.com\/wp-content\/uploads\/2021\/03\/logo-inverse-teams.png","width":294,"height":99,"caption":"Inverse Teams"},"image":{"@id":"https:\/\/www.inverseteams.com\/de\/#\/schema\/logo\/image\/"},"sameAs":["https:\/\/www.facebook.com\/inverseteams","http:\/\/instagram.com\/inverseteams","https:\/\/www.linkedin.com\/company\/inverse-cirosport-s-l-?trk=job_view_topcard_company_name","http:\/\/www.pinterest.com\/inverseteams\/","http:\/\/www.youtube.com\/user\/inverseteams?feature=watch"]}]}},"_links":{"self":[{"href":"https:\/\/www.inverseteams.com\/de\/wp-json\/wp\/v2\/product\/238273","targetHints":{"allow":["GET"]}}],"collection":[{"href":"https:\/\/www.inverseteams.com\/de\/wp-json\/wp\/v2\/product"}],"about":[{"href":"https:\/\/www.inverseteams.com\/de\/wp-json\/wp\/v2\/types\/product"}],"replies":[{"embeddable":true,"href":"https:\/\/www.inverseteams.com\/de\/wp-json\/wp\/v2\/comments?post=238273"}],"wp:featuredmedia":[{"embeddable":true,"href":"https:\/\/www.inverseteams.com\/de\/wp-json\/wp\/v2\/media\/237154"}],"wp:attachment":[{"href":"https:\/\/www.inverseteams.com\/de\/wp-json\/wp\/v2\/media?parent=238273"}],"wp:term":[{"taxonomy":"product_brand","embeddable":true,"href":"https:\/\/www.inverseteams.com\/de\/wp-json\/wp\/v2\/product_brand?post=238273"},{"taxonomy":"product_cat","embeddable":true,"href":"https:\/\/www.inverseteams.com\/de\/wp-json\/wp\/v2\/product_cat?post=238273"},{"taxonomy":"product_tag","embeddable":true,"href":"https:\/\/www.inverseteams.com\/de\/wp-json\/wp\/v2\/product_tag?post=238273"},{"taxonomy":"custom_category","embeddable":true,"href":"https:\/\/www.inverseteams.com\/de\/wp-json\/wp\/v2\/custom_category?post=238273"},{"taxonomy":"range","embeddable":true,"href":"https:\/\/www.inverseteams.com\/de\/wp-json\/wp\/v2\/range?post=238273"}],"curies":[{"name":"wp","href":"https:\/\/api.w.org\/{rel}","templated":true}]}}