{"id":218533,"date":"2024-10-09T08:52:12","date_gmt":"2024-10-09T08:52:19","guid":{"rendered":"https:\/\/www.inverseteams.com\/?post_type=product&#038;p=218533"},"modified":"2024-11-15T13:12:20","modified_gmt":"2024-11-15T13:12:20","slug":"2-teiliger-langstrecken-triathlon-anzug-tibe-herren","status":"publish","type":"product","link":"https:\/\/www.inverseteams.com\/de\/produkt\/2-teiliger-langstrecken-triathlon-anzug-tibe-herren\/","title":{"rendered":"2-teiliger Langstrecken Triathlon-anzug TIBE + NICK (HERREN)"},"content":{"rendered":"<p><strong>Personalisiertes Produkt. Es sind keine \u00c4nderungen oder R\u00fcckerstattungen zul\u00e4ssig &#8211; Lieferung in 7 Tagen.<\/strong><\/p>\n<p>Der obere Bereich verf\u00fcgt \u00fcber einen integrierten Rei\u00dfverschluss, der ein vollst\u00e4ndiges \u00d6ffnen des Kleidungsst\u00fccks erm\u00f6glicht. Auf diese Weise k\u00f6nnen Sie die Bel\u00fcftung regulieren und profitieren von den aerodynamischen Vorteilen eines Trisuits und den Komfortvorteilen eines separaten Trikots und einer separaten Hose.<br \/>\nDas THINK-Gewebe des K\u00f6rpers ist sehr leicht, elastisch und atmungsaktiv. Es erm\u00f6glicht eine schnelle Ableitung des Schwei\u00dfes, um die Haut trocken zu halten und eine \u00dcberhitzung zu vermeiden. Dadurch k\u00f6nnen Sie l\u00e4nger die volle Leistung erbringen.<br \/>\nAm Ende des lasergeschnittenen \u00c4rmels befindet sich ein innerer Silikongriff, der ihn fest am Arm h\u00e4lt und das Eindringen von Luft verhindert. Die Struktur seines Gewebes garantiert eine gute Windstr\u00f6mung, um die Aerodynamik zu erh\u00f6hen und alle Ihre Anstrengungen zu optimieren. Der elastische Besatz des Halses passt sich dem K\u00f6rper an, ohne Kratzer zu verursachen.<br \/>\nAlle Panels wurden so konzipiert, dass sie sich an alle Triathlonpositionen anpassen und keinen Widerstand entgegensetzen. Diese sind mit sehr widerstandsf\u00e4higen Flachn\u00e4hten gen\u00e4ht.<br \/>\nDas Gewebe der Beine zeichnet sich durch eine gute Muskelkompression aus. Es schafft es, die Milchs\u00e4ure unter Kontrolle zu halten, verz\u00f6gert die Muskelerm\u00fcdung und hilft, das Blut mit Sauerstoff zu versorgen. Am Ende der Beine befindet sich innen ein hypoallergener Silikongriff. Dadurch bleibt das Teil sicher am Bein befestigt.<\/p>\n","protected":false},"excerpt":{"rendered":"<p><strong>Personalisiertes Produkt. Es sind keine \u00c4nderungen oder R\u00fcckerstattungen zul\u00e4ssig &#8211; Lieferung in 7 Tagen.<\/strong><\/p>\n<p>Der obere Bereich verf\u00fcgt \u00fcber einen integrierten Rei\u00dfverschluss, der ein vollst\u00e4ndiges \u00d6ffnen des Kleidungsst\u00fccks erm\u00f6glicht. Auf diese Weise k\u00f6nnen Sie die Bel\u00fcftung regulieren und profitieren von den aerodynamischen Vorteilen eines Trisuits und den Komfortvorteilen eines separaten Trikots und einer separaten Hose.<br \/>\nDas THINK-Gewebe des K\u00f6rpers ist sehr leicht, elastisch und atmungsaktiv. Es erm\u00f6glicht eine schnelle Ableitung des Schwei\u00dfes, um die Haut trocken zu halten und eine \u00dcberhitzung zu vermeiden. Dadurch k\u00f6nnen Sie l\u00e4nger die volle Leistung erbringen.<br \/>\nAm Ende des lasergeschnittenen \u00c4rmels befindet sich ein innerer Silikongriff, der ihn fest am Arm h\u00e4lt und das Eindringen von Luft verhindert. Die Struktur seines Gewebes garantiert eine gute Windstr\u00f6mung, um die Aerodynamik zu erh\u00f6hen und alle Ihre Anstrengungen zu optimieren. Der elastische Besatz des Halses passt sich dem K\u00f6rper an, ohne Kratzer zu verursachen.<br \/>\nAlle Panels wurden so konzipiert, dass sie sich an alle Triathlonpositionen anpassen und keinen Widerstand entgegensetzen. Diese sind mit sehr widerstandsf\u00e4higen Flachn\u00e4hten gen\u00e4ht.<br \/>\nDas Gewebe der Beine zeichnet sich durch eine gute Muskelkompression aus. Es schafft es, die Milchs\u00e4ure unter Kontrolle zu halten, verz\u00f6gert die Muskelerm\u00fcdung und hilft, das Blut mit Sauerstoff zu versorgen. Am Ende der Beine befindet sich innen ein hypoallergener Silikongriff. Dadurch bleibt das Teil sicher am Bein befestigt.<\/p>\n","protected":false},"featured_media":222725,"comment_status":"closed","ping_status":"closed","template":"","meta":{"_acf_changed":false},"product_brand":[],"product_cat":[11217,11202],"product_tag":[],"custom_category":[],"range":[],"class_list":{"0":"post-218533","1":"product","2":"type-product","3":"status-publish","4":"has-post-thumbnail","6":"product_cat-triathlon-anzug-de","7":"product_cat-triathlon-bekleidung-de","8":"pa_climatologia-calor-de","9":"pa_deporte-triatlon-de","10":"pa_genero-hombre-de","11":"pa_patronaje-fit-de","12":"pa_talla-l-de","13":"pa_talla-xl-de","14":"pa_talla-xxl-de","15":"pa_talla-xs-de","16":"pa_talla-xxxl-de","17":"pa_talla-s-de","18":"pa_talla-m-de","19":"pa_tipo-de-prenda-trimono-de","21":"first","22":"instock","23":"taxable","24":"shipping-taxable","25":"purchasable","26":"product-type-variable"},"acf":[],"yoast_head":"<!-- This site is optimized with the Yoast SEO plugin v27.2 - https:\/\/yoast.com\/product\/yoast-seo-wordpress\/ -->\n<title>2-teiliger Langstrecken Triathlon-anzug TIBE + NICK (HERREN)<\/title>\n<meta name=\"description\" content=\"Kurz\u00e4rmliger Triathlonanzug f\u00fcr lange Distanzen. Personalisieren Sie ihn mit Ihrem Namen!\" \/>\n<meta name=\"robots\" content=\"index, follow, max-snippet:-1, max-image-preview:large, max-video-preview:-1\" \/>\n<link rel=\"canonical\" href=\"https:\/\/www.inverseteams.com\/de\/produkt\/2-teiliger-langstrecken-triathlon-anzug-tibe-herren\/\" \/>\n<meta property=\"og:locale\" content=\"de_DE\" \/>\n<meta property=\"og:type\" content=\"article\" \/>\n<meta property=\"og:title\" content=\"2-teiliger Langstrecken Triathlon-anzug TIBE + NICK (HERREN)\" \/>\n<meta property=\"og:description\" content=\"Kurz\u00e4rmliger Triathlonanzug f\u00fcr lange Distanzen. Personalisieren Sie ihn mit Ihrem Namen!\" \/>\n<meta property=\"og:url\" content=\"https:\/\/www.inverseteams.com\/de\/produkt\/2-teiliger-langstrecken-triathlon-anzug-tibe-herren\/\" \/>\n<meta property=\"og:site_name\" content=\"Inverseteams\" \/>\n<meta property=\"article:publisher\" content=\"https:\/\/www.facebook.com\/inverseteams\" \/>\n<meta property=\"article:modified_time\" content=\"2024-11-15T13:12:20+00:00\" \/>\n<meta property=\"og:image\" content=\"https:\/\/www.inverseteams.com\/wp-content\/uploads\/TRITRAJE-MC-2P-HOMBRE-TIBE-1.jpg\" \/>\n\t<meta property=\"og:image:width\" content=\"1500\" \/>\n\t<meta property=\"og:image:height\" content=\"1612\" \/>\n\t<meta property=\"og:image:type\" content=\"image\/jpeg\" \/>\n<meta name=\"twitter:card\" content=\"summary_large_image\" \/>\n<meta name=\"twitter:label1\" content=\"Gesch\u00e4tzte Lesezeit\" \/>\n\t<meta name=\"twitter:data1\" content=\"2\u00a0Minute\" \/>\n<script type=\"application\/ld+json\" class=\"yoast-schema-graph\">{\"@context\":\"https:\/\/schema.org\",\"@graph\":[{\"@type\":\"WebPage\",\"@id\":\"https:\/\/www.inverseteams.com\/de\/produkt\/2-teiliger-langstrecken-triathlon-anzug-tibe-herren\/\",\"url\":\"https:\/\/www.inverseteams.com\/de\/produkt\/2-teiliger-langstrecken-triathlon-anzug-tibe-herren\/\",\"name\":\"2-teiliger Langstrecken Triathlon-anzug TIBE + NICK (HERREN)\",\"isPartOf\":{\"@id\":\"https:\/\/www.inverseteams.com\/de\/#website\"},\"primaryImageOfPage\":{\"@id\":\"https:\/\/www.inverseteams.com\/de\/produkt\/2-teiliger-langstrecken-triathlon-anzug-tibe-herren\/#primaryimage\"},\"image\":{\"@id\":\"https:\/\/www.inverseteams.com\/de\/produkt\/2-teiliger-langstrecken-triathlon-anzug-tibe-herren\/#primaryimage\"},\"thumbnailUrl\":\"https:\/\/www.inverseteams.com\/wp-content\/uploads\/TRITRAJE-MC-2P-HOMBRE-TIBE-1.jpg\",\"datePublished\":\"2024-10-09T08:52:19+00:00\",\"dateModified\":\"2024-11-15T13:12:20+00:00\",\"description\":\"Kurz\u00e4rmliger Triathlonanzug f\u00fcr lange Distanzen. Personalisieren Sie ihn mit Ihrem Namen!\",\"breadcrumb\":{\"@id\":\"https:\/\/www.inverseteams.com\/de\/produkt\/2-teiliger-langstrecken-triathlon-anzug-tibe-herren\/#breadcrumb\"},\"inLanguage\":\"de\",\"potentialAction\":[{\"@type\":\"ReadAction\",\"target\":[\"https:\/\/www.inverseteams.com\/de\/produkt\/2-teiliger-langstrecken-triathlon-anzug-tibe-herren\/\"]}]},{\"@type\":\"ImageObject\",\"inLanguage\":\"de\",\"@id\":\"https:\/\/www.inverseteams.com\/de\/produkt\/2-teiliger-langstrecken-triathlon-anzug-tibe-herren\/#primaryimage\",\"url\":\"https:\/\/www.inverseteams.com\/wp-content\/uploads\/TRITRAJE-MC-2P-HOMBRE-TIBE-1.jpg\",\"contentUrl\":\"https:\/\/www.inverseteams.com\/wp-content\/uploads\/TRITRAJE-MC-2P-HOMBRE-TIBE-1.jpg\",\"width\":1500,\"height\":1612,\"caption\":\"trimono larga distancia\"},{\"@type\":\"BreadcrumbList\",\"@id\":\"https:\/\/www.inverseteams.com\/de\/produkt\/2-teiliger-langstrecken-triathlon-anzug-tibe-herren\/#breadcrumb\",\"itemListElement\":[{\"@type\":\"ListItem\",\"position\":1,\"name\":\"Portada\",\"item\":\"https:\/\/www.inverseteams.com\/de\/\"},{\"@type\":\"ListItem\",\"position\":2,\"name\":\"Speichern\",\"item\":\"https:\/\/www.inverseteams.com\/de\/speichern\/\"},{\"@type\":\"ListItem\",\"position\":3,\"name\":\"2-teiliger Langstrecken Triathlon-anzug TIBE + NICK (HERREN)\"}]},{\"@type\":\"WebSite\",\"@id\":\"https:\/\/www.inverseteams.com\/de\/#website\",\"url\":\"https:\/\/www.inverseteams.com\/de\/\",\"name\":\"Inverseteams\",\"description\":\"Tu marca de ropa deportiva personalizada\",\"publisher\":{\"@id\":\"https:\/\/www.inverseteams.com\/de\/#organization\"},\"potentialAction\":[{\"@type\":\"SearchAction\",\"target\":{\"@type\":\"EntryPoint\",\"urlTemplate\":\"https:\/\/www.inverseteams.com\/de\/?s={search_term_string}\"},\"query-input\":{\"@type\":\"PropertyValueSpecification\",\"valueRequired\":true,\"valueName\":\"search_term_string\"}}],\"inLanguage\":\"de\"},{\"@type\":\"Organization\",\"@id\":\"https:\/\/www.inverseteams.com\/de\/#organization\",\"name\":\"Inverse Teams\",\"url\":\"https:\/\/www.inverseteams.com\/de\/\",\"logo\":{\"@type\":\"ImageObject\",\"inLanguage\":\"de\",\"@id\":\"https:\/\/www.inverseteams.com\/de\/#\/schema\/logo\/image\/\",\"url\":\"https:\/\/www.inverseteams.com\/wp-content\/uploads\/2021\/03\/logo-inverse-teams.png\",\"contentUrl\":\"https:\/\/www.inverseteams.com\/wp-content\/uploads\/2021\/03\/logo-inverse-teams.png\",\"width\":294,\"height\":99,\"caption\":\"Inverse Teams\"},\"image\":{\"@id\":\"https:\/\/www.inverseteams.com\/de\/#\/schema\/logo\/image\/\"},\"sameAs\":[\"https:\/\/www.facebook.com\/inverseteams\",\"http:\/\/instagram.com\/inverseteams\",\"https:\/\/www.linkedin.com\/company\/inverse-cirosport-s-l-?trk=job_view_topcard_company_name\",\"http:\/\/www.pinterest.com\/inverseteams\/\",\"http:\/\/www.youtube.com\/user\/inverseteams?feature=watch\"]}]}<\/script>\n<!-- \/ Yoast SEO plugin. -->","yoast_head_json":{"title":"2-teiliger Langstrecken Triathlon-anzug TIBE + NICK (HERREN)","description":"Kurz\u00e4rmliger Triathlonanzug f\u00fcr lange Distanzen. Personalisieren Sie ihn mit Ihrem Namen!","robots":{"index":"index","follow":"follow","max-snippet":"max-snippet:-1","max-image-preview":"max-image-preview:large","max-video-preview":"max-video-preview:-1"},"canonical":"https:\/\/www.inverseteams.com\/de\/produkt\/2-teiliger-langstrecken-triathlon-anzug-tibe-herren\/","og_locale":"de_DE","og_type":"article","og_title":"2-teiliger Langstrecken Triathlon-anzug TIBE + NICK (HERREN)","og_description":"Kurz\u00e4rmliger Triathlonanzug f\u00fcr lange Distanzen. Personalisieren Sie ihn mit Ihrem Namen!","og_url":"https:\/\/www.inverseteams.com\/de\/produkt\/2-teiliger-langstrecken-triathlon-anzug-tibe-herren\/","og_site_name":"Inverseteams","article_publisher":"https:\/\/www.facebook.com\/inverseteams","article_modified_time":"2024-11-15T13:12:20+00:00","og_image":[{"width":1500,"height":1612,"url":"https:\/\/www.inverseteams.com\/wp-content\/uploads\/TRITRAJE-MC-2P-HOMBRE-TIBE-1.jpg","type":"image\/jpeg"}],"twitter_card":"summary_large_image","twitter_misc":{"Gesch\u00e4tzte Lesezeit":"2\u00a0Minute"},"schema":{"@context":"https:\/\/schema.org","@graph":[{"@type":"WebPage","@id":"https:\/\/www.inverseteams.com\/de\/produkt\/2-teiliger-langstrecken-triathlon-anzug-tibe-herren\/","url":"https:\/\/www.inverseteams.com\/de\/produkt\/2-teiliger-langstrecken-triathlon-anzug-tibe-herren\/","name":"2-teiliger Langstrecken Triathlon-anzug TIBE + NICK (HERREN)","isPartOf":{"@id":"https:\/\/www.inverseteams.com\/de\/#website"},"primaryImageOfPage":{"@id":"https:\/\/www.inverseteams.com\/de\/produkt\/2-teiliger-langstrecken-triathlon-anzug-tibe-herren\/#primaryimage"},"image":{"@id":"https:\/\/www.inverseteams.com\/de\/produkt\/2-teiliger-langstrecken-triathlon-anzug-tibe-herren\/#primaryimage"},"thumbnailUrl":"https:\/\/www.inverseteams.com\/wp-content\/uploads\/TRITRAJE-MC-2P-HOMBRE-TIBE-1.jpg","datePublished":"2024-10-09T08:52:19+00:00","dateModified":"2024-11-15T13:12:20+00:00","description":"Kurz\u00e4rmliger Triathlonanzug f\u00fcr lange Distanzen. Personalisieren Sie ihn mit Ihrem Namen!","breadcrumb":{"@id":"https:\/\/www.inverseteams.com\/de\/produkt\/2-teiliger-langstrecken-triathlon-anzug-tibe-herren\/#breadcrumb"},"inLanguage":"de","potentialAction":[{"@type":"ReadAction","target":["https:\/\/www.inverseteams.com\/de\/produkt\/2-teiliger-langstrecken-triathlon-anzug-tibe-herren\/"]}]},{"@type":"ImageObject","inLanguage":"de","@id":"https:\/\/www.inverseteams.com\/de\/produkt\/2-teiliger-langstrecken-triathlon-anzug-tibe-herren\/#primaryimage","url":"https:\/\/www.inverseteams.com\/wp-content\/uploads\/TRITRAJE-MC-2P-HOMBRE-TIBE-1.jpg","contentUrl":"https:\/\/www.inverseteams.com\/wp-content\/uploads\/TRITRAJE-MC-2P-HOMBRE-TIBE-1.jpg","width":1500,"height":1612,"caption":"trimono larga distancia"},{"@type":"BreadcrumbList","@id":"https:\/\/www.inverseteams.com\/de\/produkt\/2-teiliger-langstrecken-triathlon-anzug-tibe-herren\/#breadcrumb","itemListElement":[{"@type":"ListItem","position":1,"name":"Portada","item":"https:\/\/www.inverseteams.com\/de\/"},{"@type":"ListItem","position":2,"name":"Speichern","item":"https:\/\/www.inverseteams.com\/de\/speichern\/"},{"@type":"ListItem","position":3,"name":"2-teiliger Langstrecken Triathlon-anzug TIBE + NICK (HERREN)"}]},{"@type":"WebSite","@id":"https:\/\/www.inverseteams.com\/de\/#website","url":"https:\/\/www.inverseteams.com\/de\/","name":"Inverseteams","description":"Tu marca de ropa deportiva personalizada","publisher":{"@id":"https:\/\/www.inverseteams.com\/de\/#organization"},"potentialAction":[{"@type":"SearchAction","target":{"@type":"EntryPoint","urlTemplate":"https:\/\/www.inverseteams.com\/de\/?s={search_term_string}"},"query-input":{"@type":"PropertyValueSpecification","valueRequired":true,"valueName":"search_term_string"}}],"inLanguage":"de"},{"@type":"Organization","@id":"https:\/\/www.inverseteams.com\/de\/#organization","name":"Inverse Teams","url":"https:\/\/www.inverseteams.com\/de\/","logo":{"@type":"ImageObject","inLanguage":"de","@id":"https:\/\/www.inverseteams.com\/de\/#\/schema\/logo\/image\/","url":"https:\/\/www.inverseteams.com\/wp-content\/uploads\/2021\/03\/logo-inverse-teams.png","contentUrl":"https:\/\/www.inverseteams.com\/wp-content\/uploads\/2021\/03\/logo-inverse-teams.png","width":294,"height":99,"caption":"Inverse Teams"},"image":{"@id":"https:\/\/www.inverseteams.com\/de\/#\/schema\/logo\/image\/"},"sameAs":["https:\/\/www.facebook.com\/inverseteams","http:\/\/instagram.com\/inverseteams","https:\/\/www.linkedin.com\/company\/inverse-cirosport-s-l-?trk=job_view_topcard_company_name","http:\/\/www.pinterest.com\/inverseteams\/","http:\/\/www.youtube.com\/user\/inverseteams?feature=watch"]}]}},"_links":{"self":[{"href":"https:\/\/www.inverseteams.com\/de\/wp-json\/wp\/v2\/product\/218533","targetHints":{"allow":["GET"]}}],"collection":[{"href":"https:\/\/www.inverseteams.com\/de\/wp-json\/wp\/v2\/product"}],"about":[{"href":"https:\/\/www.inverseteams.com\/de\/wp-json\/wp\/v2\/types\/product"}],"replies":[{"embeddable":true,"href":"https:\/\/www.inverseteams.com\/de\/wp-json\/wp\/v2\/comments?post=218533"}],"wp:featuredmedia":[{"embeddable":true,"href":"https:\/\/www.inverseteams.com\/de\/wp-json\/wp\/v2\/media\/222725"}],"wp:attachment":[{"href":"https:\/\/www.inverseteams.com\/de\/wp-json\/wp\/v2\/media?parent=218533"}],"wp:term":[{"taxonomy":"product_brand","embeddable":true,"href":"https:\/\/www.inverseteams.com\/de\/wp-json\/wp\/v2\/product_brand?post=218533"},{"taxonomy":"product_cat","embeddable":true,"href":"https:\/\/www.inverseteams.com\/de\/wp-json\/wp\/v2\/product_cat?post=218533"},{"taxonomy":"product_tag","embeddable":true,"href":"https:\/\/www.inverseteams.com\/de\/wp-json\/wp\/v2\/product_tag?post=218533"},{"taxonomy":"custom_category","embeddable":true,"href":"https:\/\/www.inverseteams.com\/de\/wp-json\/wp\/v2\/custom_category?post=218533"},{"taxonomy":"range","embeddable":true,"href":"https:\/\/www.inverseteams.com\/de\/wp-json\/wp\/v2\/range?post=218533"}],"curies":[{"name":"wp","href":"https:\/\/api.w.org\/{rel}","templated":true}]}}