{"id":210553,"date":"2024-07-29T14:35:26","date_gmt":"2024-07-29T14:35:26","guid":{"rendered":"https:\/\/www.inverseteams.com\/product\/ohrenwaermer-oda-black\/"},"modified":"2026-02-17T11:55:25","modified_gmt":"2026-02-17T10:55:25","slug":"ohrenwaermer-oda-black","status":"publish","type":"product","link":"https:\/\/www.inverseteams.com\/de\/produkt\/ohrenwaermer-oda-black\/","title":{"rendered":"Ohrenw\u00e4rmer PURE ODA BLACK"},"content":{"rendered":"<p>Ideales Thermoband zum Schutz vor niedrigen Temperaturen. Es eignet sich perfekt zum Laufen im Winter oder zum Tragen unter dem Helm.<br \/>\nEs besteht aus SUPERROUBAIX-Gewebe, das sich durch W\u00e4rme und gute Elastizit\u00e4t auszeichnet.<br \/>\nDurch die elastische Paspelierung passt er sich sehr gut der Kopfform an und verhindert ein Verrutschen w\u00e4hrend des Trainings.<\/p>\n","protected":false},"excerpt":{"rendered":"<p>Ideales Thermoband zum Schutz vor niedrigen Temperaturen. Es eignet sich perfekt zum Laufen im Winter oder zum Tragen unter dem Helm.<br \/>\nEs besteht aus SUPERROUBAIX-Gewebe, das sich durch W\u00e4rme und gute Elastizit\u00e4t auszeichnet.<br \/>\nDurch die elastische Paspelierung passt er sich sehr gut der Kopfform an und verhindert ein Verrutschen w\u00e4hrend des Trainings.<\/p>\n","protected":false},"featured_media":270495,"comment_status":"closed","ping_status":"closed","template":"","meta":{"_acf_changed":false},"product_brand":[],"product_cat":[11153,11190,11195],"product_tag":[],"custom_category":[],"range":[],"class_list":{"0":"post-210553","1":"product","2":"type-product","3":"status-publish","4":"has-post-thumbnail","6":"product_cat-b2b-de","7":"product_cat-radsportbekleidung","8":"product_cat-sportliches-zubehor","9":"pa_climatologia-frio-de","10":"pa_deporte-zubehoer","11":"pa_genero-hombre-de","12":"pa_genero-mujer-de","13":"pa_genero-infantil-de","14":"pa_talla-unica-de","15":"pa_tipo-de-prenda-stirnband","17":"first","18":"instock","19":"taxable","20":"shipping-taxable","21":"purchasable","22":"product-type-simple"},"acf":[],"yoast_head":"<!-- This site is optimized with the Yoast SEO plugin v27.3 - https:\/\/yoast.com\/product\/yoast-seo-wordpress\/ -->\n<title>Ohrenw\u00e4rmer ODA BLACK<\/title>\n<meta name=\"description\" content=\"Ideales Thermoband zum Schutz vor niedrigen Temperaturen. Es eignet sich perfekt zum Laufen im Winter oder zum Tragen unter dem Helm. Es besteht aus SUPERROUBAIX-Gewebe, das sich durch W\u00e4rme und gute Elastizit\u00e4t auszeichnet. Durch die elastische Paspelierung passt er sich sehr gut der Kopfform an und verhindert ein Verrutschen w\u00e4hrend des Trainings.\" \/>\n<meta name=\"robots\" content=\"index, follow, max-snippet:-1, max-image-preview:large, max-video-preview:-1\" \/>\n<link rel=\"canonical\" href=\"https:\/\/www.inverseteams.com\/de\/produkt\/ohrenwaermer-oda-black\/\" \/>\n<meta property=\"og:locale\" content=\"de_DE\" \/>\n<meta property=\"og:type\" content=\"article\" \/>\n<meta property=\"og:title\" content=\"Ohrenw\u00e4rmer ODA BLACK\" \/>\n<meta property=\"og:description\" content=\"Ideales Thermoband zum Schutz vor niedrigen Temperaturen. Es eignet sich perfekt zum Laufen im Winter oder zum Tragen unter dem Helm. Es besteht aus SUPERROUBAIX-Gewebe, das sich durch W\u00e4rme und gute Elastizit\u00e4t auszeichnet. Durch die elastische Paspelierung passt er sich sehr gut der Kopfform an und verhindert ein Verrutschen w\u00e4hrend des Trainings.\" \/>\n<meta property=\"og:url\" content=\"https:\/\/www.inverseteams.com\/de\/produkt\/ohrenwaermer-oda-black\/\" \/>\n<meta property=\"og:site_name\" content=\"Inverseteams\" \/>\n<meta property=\"article:publisher\" content=\"https:\/\/www.facebook.com\/inverseteams\" \/>\n<meta property=\"article:modified_time\" content=\"2026-02-17T10:55:25+00:00\" \/>\n<meta property=\"og:image\" content=\"https:\/\/www.inverseteams.com\/wp-content\/uploads\/INVERSE-OREJERA-PURE-ODA-BLACK-001.jpg\" \/>\n\t<meta property=\"og:image:width\" content=\"1500\" \/>\n\t<meta property=\"og:image:height\" content=\"1612\" \/>\n\t<meta property=\"og:image:type\" content=\"image\/jpeg\" \/>\n<meta name=\"twitter:card\" content=\"summary_large_image\" \/>\n<meta name=\"twitter:label1\" content=\"Gesch\u00e4tzte Lesezeit\" \/>\n\t<meta name=\"twitter:data1\" content=\"1\u00a0Minute\" \/>\n<script type=\"application\/ld+json\" class=\"yoast-schema-graph\">{\"@context\":\"https:\\\/\\\/schema.org\",\"@graph\":[{\"@type\":\"WebPage\",\"@id\":\"https:\\\/\\\/www.inverseteams.com\\\/de\\\/produkt\\\/ohrenwaermer-oda-black\\\/\",\"url\":\"https:\\\/\\\/www.inverseteams.com\\\/de\\\/produkt\\\/ohrenwaermer-oda-black\\\/\",\"name\":\"Ohrenw\u00e4rmer ODA BLACK\",\"isPartOf\":{\"@id\":\"https:\\\/\\\/www.inverseteams.com\\\/de\\\/#website\"},\"primaryImageOfPage\":{\"@id\":\"https:\\\/\\\/www.inverseteams.com\\\/de\\\/produkt\\\/ohrenwaermer-oda-black\\\/#primaryimage\"},\"image\":{\"@id\":\"https:\\\/\\\/www.inverseteams.com\\\/de\\\/produkt\\\/ohrenwaermer-oda-black\\\/#primaryimage\"},\"thumbnailUrl\":\"https:\\\/\\\/www.inverseteams.com\\\/wp-content\\\/uploads\\\/INVERSE-OREJERA-PURE-ODA-BLACK-001.jpg\",\"datePublished\":\"2024-07-29T14:35:26+00:00\",\"dateModified\":\"2026-02-17T10:55:25+00:00\",\"description\":\"Ideales Thermoband zum Schutz vor niedrigen Temperaturen. Es eignet sich perfekt zum Laufen im Winter oder zum Tragen unter dem Helm. Es besteht aus SUPERROUBAIX-Gewebe, das sich durch W\u00e4rme und gute Elastizit\u00e4t auszeichnet. Durch die elastische Paspelierung passt er sich sehr gut der Kopfform an und verhindert ein Verrutschen w\u00e4hrend des Trainings.\",\"breadcrumb\":{\"@id\":\"https:\\\/\\\/www.inverseteams.com\\\/de\\\/produkt\\\/ohrenwaermer-oda-black\\\/#breadcrumb\"},\"inLanguage\":\"de\",\"potentialAction\":[{\"@type\":\"ReadAction\",\"target\":[\"https:\\\/\\\/www.inverseteams.com\\\/de\\\/produkt\\\/ohrenwaermer-oda-black\\\/\"]}]},{\"@type\":\"ImageObject\",\"inLanguage\":\"de\",\"@id\":\"https:\\\/\\\/www.inverseteams.com\\\/de\\\/produkt\\\/ohrenwaermer-oda-black\\\/#primaryimage\",\"url\":\"https:\\\/\\\/www.inverseteams.com\\\/wp-content\\\/uploads\\\/INVERSE-OREJERA-PURE-ODA-BLACK-001.jpg\",\"contentUrl\":\"https:\\\/\\\/www.inverseteams.com\\\/wp-content\\\/uploads\\\/INVERSE-OREJERA-PURE-ODA-BLACK-001.jpg\",\"width\":1500,\"height\":1612},{\"@type\":\"BreadcrumbList\",\"@id\":\"https:\\\/\\\/www.inverseteams.com\\\/de\\\/produkt\\\/ohrenwaermer-oda-black\\\/#breadcrumb\",\"itemListElement\":[{\"@type\":\"ListItem\",\"position\":1,\"name\":\"Portada\",\"item\":\"https:\\\/\\\/www.inverseteams.com\\\/de\\\/\"},{\"@type\":\"ListItem\",\"position\":2,\"name\":\"Speichern\",\"item\":\"https:\\\/\\\/www.inverseteams.com\\\/de\\\/speichern\\\/\"},{\"@type\":\"ListItem\",\"position\":3,\"name\":\"Ohrenw\u00e4rmer PURE ODA BLACK\"}]},{\"@type\":\"WebSite\",\"@id\":\"https:\\\/\\\/www.inverseteams.com\\\/de\\\/#website\",\"url\":\"https:\\\/\\\/www.inverseteams.com\\\/de\\\/\",\"name\":\"Inverseteams\",\"description\":\"Tu marca de ropa deportiva personalizada\",\"publisher\":{\"@id\":\"https:\\\/\\\/www.inverseteams.com\\\/de\\\/#organization\"},\"potentialAction\":[{\"@type\":\"SearchAction\",\"target\":{\"@type\":\"EntryPoint\",\"urlTemplate\":\"https:\\\/\\\/www.inverseteams.com\\\/de\\\/?s={search_term_string}\"},\"query-input\":{\"@type\":\"PropertyValueSpecification\",\"valueRequired\":true,\"valueName\":\"search_term_string\"}}],\"inLanguage\":\"de\"},{\"@type\":\"Organization\",\"@id\":\"https:\\\/\\\/www.inverseteams.com\\\/de\\\/#organization\",\"name\":\"Inverse Teams\",\"url\":\"https:\\\/\\\/www.inverseteams.com\\\/de\\\/\",\"logo\":{\"@type\":\"ImageObject\",\"inLanguage\":\"de\",\"@id\":\"https:\\\/\\\/www.inverseteams.com\\\/de\\\/#\\\/schema\\\/logo\\\/image\\\/\",\"url\":\"https:\\\/\\\/www.inverseteams.com\\\/wp-content\\\/uploads\\\/2021\\\/03\\\/logo-inverse-teams.png\",\"contentUrl\":\"https:\\\/\\\/www.inverseteams.com\\\/wp-content\\\/uploads\\\/2021\\\/03\\\/logo-inverse-teams.png\",\"width\":294,\"height\":99,\"caption\":\"Inverse Teams\"},\"image\":{\"@id\":\"https:\\\/\\\/www.inverseteams.com\\\/de\\\/#\\\/schema\\\/logo\\\/image\\\/\"},\"sameAs\":[\"https:\\\/\\\/www.facebook.com\\\/inverseteams\",\"http:\\\/\\\/instagram.com\\\/inverseteams\",\"https:\\\/\\\/www.linkedin.com\\\/company\\\/inverse-cirosport-s-l-?trk=job_view_topcard_company_name\",\"http:\\\/\\\/www.pinterest.com\\\/inverseteams\\\/\",\"http:\\\/\\\/www.youtube.com\\\/user\\\/inverseteams?feature=watch\"]}]}<\/script>\n<!-- \/ Yoast SEO plugin. -->","yoast_head_json":{"title":"Ohrenw\u00e4rmer ODA BLACK","description":"Ideales Thermoband zum Schutz vor niedrigen Temperaturen. Es eignet sich perfekt zum Laufen im Winter oder zum Tragen unter dem Helm. Es besteht aus SUPERROUBAIX-Gewebe, das sich durch W\u00e4rme und gute Elastizit\u00e4t auszeichnet. Durch die elastische Paspelierung passt er sich sehr gut der Kopfform an und verhindert ein Verrutschen w\u00e4hrend des Trainings.","robots":{"index":"index","follow":"follow","max-snippet":"max-snippet:-1","max-image-preview":"max-image-preview:large","max-video-preview":"max-video-preview:-1"},"canonical":"https:\/\/www.inverseteams.com\/de\/produkt\/ohrenwaermer-oda-black\/","og_locale":"de_DE","og_type":"article","og_title":"Ohrenw\u00e4rmer ODA BLACK","og_description":"Ideales Thermoband zum Schutz vor niedrigen Temperaturen. Es eignet sich perfekt zum Laufen im Winter oder zum Tragen unter dem Helm. Es besteht aus SUPERROUBAIX-Gewebe, das sich durch W\u00e4rme und gute Elastizit\u00e4t auszeichnet. Durch die elastische Paspelierung passt er sich sehr gut der Kopfform an und verhindert ein Verrutschen w\u00e4hrend des Trainings.","og_url":"https:\/\/www.inverseteams.com\/de\/produkt\/ohrenwaermer-oda-black\/","og_site_name":"Inverseteams","article_publisher":"https:\/\/www.facebook.com\/inverseteams","article_modified_time":"2026-02-17T10:55:25+00:00","og_image":[{"width":1500,"height":1612,"url":"https:\/\/www.inverseteams.com\/wp-content\/uploads\/INVERSE-OREJERA-PURE-ODA-BLACK-001.jpg","type":"image\/jpeg"}],"twitter_card":"summary_large_image","twitter_misc":{"Gesch\u00e4tzte Lesezeit":"1\u00a0Minute"},"schema":{"@context":"https:\/\/schema.org","@graph":[{"@type":"WebPage","@id":"https:\/\/www.inverseteams.com\/de\/produkt\/ohrenwaermer-oda-black\/","url":"https:\/\/www.inverseteams.com\/de\/produkt\/ohrenwaermer-oda-black\/","name":"Ohrenw\u00e4rmer ODA BLACK","isPartOf":{"@id":"https:\/\/www.inverseteams.com\/de\/#website"},"primaryImageOfPage":{"@id":"https:\/\/www.inverseteams.com\/de\/produkt\/ohrenwaermer-oda-black\/#primaryimage"},"image":{"@id":"https:\/\/www.inverseteams.com\/de\/produkt\/ohrenwaermer-oda-black\/#primaryimage"},"thumbnailUrl":"https:\/\/www.inverseteams.com\/wp-content\/uploads\/INVERSE-OREJERA-PURE-ODA-BLACK-001.jpg","datePublished":"2024-07-29T14:35:26+00:00","dateModified":"2026-02-17T10:55:25+00:00","description":"Ideales Thermoband zum Schutz vor niedrigen Temperaturen. Es eignet sich perfekt zum Laufen im Winter oder zum Tragen unter dem Helm. Es besteht aus SUPERROUBAIX-Gewebe, das sich durch W\u00e4rme und gute Elastizit\u00e4t auszeichnet. Durch die elastische Paspelierung passt er sich sehr gut der Kopfform an und verhindert ein Verrutschen w\u00e4hrend des Trainings.","breadcrumb":{"@id":"https:\/\/www.inverseteams.com\/de\/produkt\/ohrenwaermer-oda-black\/#breadcrumb"},"inLanguage":"de","potentialAction":[{"@type":"ReadAction","target":["https:\/\/www.inverseteams.com\/de\/produkt\/ohrenwaermer-oda-black\/"]}]},{"@type":"ImageObject","inLanguage":"de","@id":"https:\/\/www.inverseteams.com\/de\/produkt\/ohrenwaermer-oda-black\/#primaryimage","url":"https:\/\/www.inverseteams.com\/wp-content\/uploads\/INVERSE-OREJERA-PURE-ODA-BLACK-001.jpg","contentUrl":"https:\/\/www.inverseteams.com\/wp-content\/uploads\/INVERSE-OREJERA-PURE-ODA-BLACK-001.jpg","width":1500,"height":1612},{"@type":"BreadcrumbList","@id":"https:\/\/www.inverseteams.com\/de\/produkt\/ohrenwaermer-oda-black\/#breadcrumb","itemListElement":[{"@type":"ListItem","position":1,"name":"Portada","item":"https:\/\/www.inverseteams.com\/de\/"},{"@type":"ListItem","position":2,"name":"Speichern","item":"https:\/\/www.inverseteams.com\/de\/speichern\/"},{"@type":"ListItem","position":3,"name":"Ohrenw\u00e4rmer PURE ODA BLACK"}]},{"@type":"WebSite","@id":"https:\/\/www.inverseteams.com\/de\/#website","url":"https:\/\/www.inverseteams.com\/de\/","name":"Inverseteams","description":"Tu marca de ropa deportiva personalizada","publisher":{"@id":"https:\/\/www.inverseteams.com\/de\/#organization"},"potentialAction":[{"@type":"SearchAction","target":{"@type":"EntryPoint","urlTemplate":"https:\/\/www.inverseteams.com\/de\/?s={search_term_string}"},"query-input":{"@type":"PropertyValueSpecification","valueRequired":true,"valueName":"search_term_string"}}],"inLanguage":"de"},{"@type":"Organization","@id":"https:\/\/www.inverseteams.com\/de\/#organization","name":"Inverse Teams","url":"https:\/\/www.inverseteams.com\/de\/","logo":{"@type":"ImageObject","inLanguage":"de","@id":"https:\/\/www.inverseteams.com\/de\/#\/schema\/logo\/image\/","url":"https:\/\/www.inverseteams.com\/wp-content\/uploads\/2021\/03\/logo-inverse-teams.png","contentUrl":"https:\/\/www.inverseteams.com\/wp-content\/uploads\/2021\/03\/logo-inverse-teams.png","width":294,"height":99,"caption":"Inverse Teams"},"image":{"@id":"https:\/\/www.inverseteams.com\/de\/#\/schema\/logo\/image\/"},"sameAs":["https:\/\/www.facebook.com\/inverseteams","http:\/\/instagram.com\/inverseteams","https:\/\/www.linkedin.com\/company\/inverse-cirosport-s-l-?trk=job_view_topcard_company_name","http:\/\/www.pinterest.com\/inverseteams\/","http:\/\/www.youtube.com\/user\/inverseteams?feature=watch"]}]}},"_links":{"self":[{"href":"https:\/\/www.inverseteams.com\/de\/wp-json\/wp\/v2\/product\/210553","targetHints":{"allow":["GET"]}}],"collection":[{"href":"https:\/\/www.inverseteams.com\/de\/wp-json\/wp\/v2\/product"}],"about":[{"href":"https:\/\/www.inverseteams.com\/de\/wp-json\/wp\/v2\/types\/product"}],"replies":[{"embeddable":true,"href":"https:\/\/www.inverseteams.com\/de\/wp-json\/wp\/v2\/comments?post=210553"}],"wp:featuredmedia":[{"embeddable":true,"href":"https:\/\/www.inverseteams.com\/de\/wp-json\/wp\/v2\/media\/270495"}],"wp:attachment":[{"href":"https:\/\/www.inverseteams.com\/de\/wp-json\/wp\/v2\/media?parent=210553"}],"wp:term":[{"taxonomy":"product_brand","embeddable":true,"href":"https:\/\/www.inverseteams.com\/de\/wp-json\/wp\/v2\/product_brand?post=210553"},{"taxonomy":"product_cat","embeddable":true,"href":"https:\/\/www.inverseteams.com\/de\/wp-json\/wp\/v2\/product_cat?post=210553"},{"taxonomy":"product_tag","embeddable":true,"href":"https:\/\/www.inverseteams.com\/de\/wp-json\/wp\/v2\/product_tag?post=210553"},{"taxonomy":"custom_category","embeddable":true,"href":"https:\/\/www.inverseteams.com\/de\/wp-json\/wp\/v2\/custom_category?post=210553"},{"taxonomy":"range","embeddable":true,"href":"https:\/\/www.inverseteams.com\/de\/wp-json\/wp\/v2\/range?post=210553"}],"curies":[{"name":"wp","href":"https:\/\/api.w.org\/{rel}","templated":true}]}}