{"id":209804,"date":"2024-07-26T13:04:53","date_gmt":"2024-07-31T09:51:57","guid":{"rendered":"https:\/\/www.inverseteams.com\/?post_type=product&#038;p=209804"},"modified":"2025-05-22T00:02:06","modified_gmt":"2025-05-22T00:02:06","slug":"radtrikot-symbiosis-vanir-dark-grey-unisex","status":"publish","type":"product","link":"https:\/\/www.inverseteams.com\/de\/produkt\/radtrikot-symbiosis-vanir-dark-grey-unisex\/","title":{"rendered":"Radtrikot SYMBIOSIS VANIR DARK GREY (UNISEX)"},"content":{"rendered":"<p>Das neue SYMBIOSIS-Radtrikot besteht aus modernsten Stoffen mit mindestens 70 % recyceltem Ursprung.<br \/>\nGef\u00e4rbt mit dem Naturdyes\u00ae Technology-Verfahren. Alle an der T\u00f6nung beteiligten Produkte sind 100 % nat\u00fcrlich, pflanzlichen und mineralischen Ursprungs. Sie erzeugen keinen giftigen Abfall. Diese Technik verbraucht 70 % weniger Wasser als ein herk\u00f6mmliches Verfahren. Dar\u00fcber hinaus erreichen wir durch das Abt\u00f6nen bei niedriger Temperatur eine h\u00f6here Energieeffizienz und reduzieren unseren CO2-Fu\u00dfabdruck.<br \/>\nDie Stoffe wurden aufgrund ihrer besonders angenehmen Haptik, Leichtigkeit und Elastizit\u00e4t ausgew\u00e4hlt. Sie passen sich sehr gut dem K\u00f6rper und allen Positionen und Bewegungen an. Der Innenraum ist warm, l\u00e4sst aber den Schwei\u00df entweichen. Das Gef\u00fchl des Komforts ist au\u00dfergew\u00f6hnlich.<br \/>\nSein ergonomischer Hals passt perfekt und verhindert das Eindringen von Luft. Es verf\u00fcgt \u00fcber einen integrierten Rei\u00dfverschluss mit Anti-Pull-System. Im hinteren Bereich der Taille, damit das Trikot gut am K\u00f6rper anliegt, verf\u00fcgt es \u00fcber einen Gummizug mit Silikongriff innen und im vorderen Bereich \u00fcber einen elastischen Besatz, den Sie w\u00e4hrend der gesamten \u00dcbung nicht bemerken werden.<br \/>\nIm Lendenbereich sind 3 Doppeltaschen integriert. Die Innenseiten sind mit dem ISP-Sicherheitssystem ausgestattet und die Au\u00dfenseiten sind elastisch und haben einen Innengriff.<\/p>\n","protected":false},"excerpt":{"rendered":"<p>Das neue SYMBIOSIS-Radtrikot besteht aus modernsten Stoffen mit mindestens 70 % recyceltem Ursprung.<br \/>\nGef\u00e4rbt mit dem Naturdyes\u00ae Technology-Verfahren. Alle an der T\u00f6nung beteiligten Produkte sind 100 % nat\u00fcrlich, pflanzlichen und mineralischen Ursprungs. Sie erzeugen keinen giftigen Abfall. Diese Technik verbraucht 70 % weniger Wasser als ein herk\u00f6mmliches Verfahren. Dar\u00fcber hinaus erreichen wir durch das Abt\u00f6nen bei niedriger Temperatur eine h\u00f6here Energieeffizienz und reduzieren unseren CO2-Fu\u00dfabdruck.<br \/>\nDie Stoffe wurden aufgrund ihrer besonders angenehmen Haptik, Leichtigkeit und Elastizit\u00e4t ausgew\u00e4hlt. Sie passen sich sehr gut dem K\u00f6rper und allen Positionen und Bewegungen an. Der Innenraum ist warm, l\u00e4sst aber den Schwei\u00df entweichen. Das Gef\u00fchl des Komforts ist au\u00dfergew\u00f6hnlich.<br \/>\nSein ergonomischer Hals passt perfekt und verhindert das Eindringen von Luft. Es verf\u00fcgt \u00fcber einen integrierten Rei\u00dfverschluss mit Anti-Pull-System. Im hinteren Bereich der Taille, damit das Trikot gut am K\u00f6rper anliegt, verf\u00fcgt es \u00fcber einen Gummizug mit Silikongriff innen und im vorderen Bereich \u00fcber einen elastischen Besatz, den Sie w\u00e4hrend der gesamten \u00dcbung nicht bemerken werden.<br \/>\nIm Lendenbereich sind 3 Doppeltaschen integriert. Die Innenseiten sind mit dem ISP-Sicherheitssystem ausgestattet und die Au\u00dfenseiten sind elastisch und haben einen Innengriff.<\/p>\n","protected":false},"featured_media":208959,"comment_status":"closed","ping_status":"closed","template":"","meta":{"_acf_changed":false},"product_brand":[],"product_cat":[11152,11153,11258],"product_tag":[],"custom_category":[],"range":[],"class_list":{"0":"post-209804","1":"product","2":"type-product","3":"status-publish","4":"has-post-thumbnail","6":"product_cat-radtrikots","7":"product_cat-b2b-de","8":"product_cat-gravel-de","9":"pa_climatologia-frio-de","10":"pa_deporte-ciclismo-de","11":"pa_deporte-gravel-de","12":"pa_genero-mujer-de","13":"pa_genero-hombre-de","14":"pa_patronaje-fit-de","15":"pa_talla-l-de","16":"pa_talla-xl-de","17":"pa_talla-xxl-de","18":"pa_talla-xs-de","19":"pa_talla-s-de","20":"pa_talla-m-de","21":"pa_tipo-de-prenda-maillot-manga-larga-de","23":"first","24":"outofstock","25":"taxable","26":"shipping-taxable","27":"product-type-variable","28":"has-default-attributes"},"acf":[],"yoast_head":"<!-- This site is optimized with the Yoast SEO plugin v27.3 - https:\/\/yoast.com\/product\/yoast-seo-wordpress\/ -->\n<title>Radtrikot SYMBIOSIS VANIR DARK GREY (UNISEX)<\/title>\n<meta name=\"description\" content=\"Das neue SYMBIOSIS-Radtrikot besteht aus modernsten Stoffen mit mindestens 70 % recyceltem Ursprung. Gef\u00e4rbt mit dem Naturdyes\u00ae Technology-Verfahren. Alle an der T\u00f6nung beteiligten Produkte sind 100 % nat\u00fcrlich, pflanzlichen und mineralischen Ursprungs. Sie erzeugen keinen giftigen Abfall. Diese Technik verbraucht 70 % weniger Wasser als ein herk\u00f6mmliches Verfahren. Dar\u00fcber hinaus erreichen wir durch das Abt\u00f6nen bei niedriger Temperatur eine h\u00f6here Energieeffizienz und reduzieren unseren CO2-Fu\u00dfabdruck. Die Stoffe wurden aufgrund ihrer besonders angenehmen Haptik, Leichtigkeit und Elastizit\u00e4t ausgew\u00e4hlt. Sie passen sich sehr gut dem K\u00f6rper und allen Positionen und Bewegungen an. Der Innenraum ist warm, l\u00e4sst aber den Schwei\u00df entweichen. Das Gef\u00fchl des Komforts ist au\u00dfergew\u00f6hnlich. Sein ergonomischer Hals passt perfekt und verhindert das Eindringen von Luft. Es verf\u00fcgt \u00fcber einen integrierten Rei\u00dfverschluss mit Anti-Pull-System. Im hinteren Bereich der Taille, damit das Trikot gut am K\u00f6rper anliegt, verf\u00fcgt es \u00fcber einen Gummizug mit Silikongriff innen und im vorderen Bereich \u00fcber einen elastischen Besatz, den Sie w\u00e4hrend der gesamten \u00dcbung nicht bemerken werden. Im Lendenbereich sind 3 Doppeltaschen integriert. Die Innenseiten sind mit dem ISP-Sicherheitssystem ausgestattet und die Au\u00dfenseiten sind elastisch und haben einen Innengriff.\" \/>\n<meta name=\"robots\" content=\"index, follow, max-snippet:-1, max-image-preview:large, max-video-preview:-1\" \/>\n<link rel=\"canonical\" href=\"https:\/\/www.inverseteams.com\/de\/produkt\/radtrikot-symbiosis-vanir-dark-grey-unisex\/\" \/>\n<meta property=\"og:locale\" content=\"de_DE\" \/>\n<meta property=\"og:type\" content=\"article\" \/>\n<meta property=\"og:title\" content=\"Radtrikot SYMBIOSIS VANIR DARK GREY (UNISEX)\" \/>\n<meta property=\"og:description\" content=\"Das neue SYMBIOSIS-Radtrikot besteht aus modernsten Stoffen mit mindestens 70 % recyceltem Ursprung. Gef\u00e4rbt mit dem Naturdyes\u00ae Technology-Verfahren. Alle an der T\u00f6nung beteiligten Produkte sind 100 % nat\u00fcrlich, pflanzlichen und mineralischen Ursprungs. Sie erzeugen keinen giftigen Abfall. Diese Technik verbraucht 70 % weniger Wasser als ein herk\u00f6mmliches Verfahren. Dar\u00fcber hinaus erreichen wir durch das Abt\u00f6nen bei niedriger Temperatur eine h\u00f6here Energieeffizienz und reduzieren unseren CO2-Fu\u00dfabdruck. Die Stoffe wurden aufgrund ihrer besonders angenehmen Haptik, Leichtigkeit und Elastizit\u00e4t ausgew\u00e4hlt. Sie passen sich sehr gut dem K\u00f6rper und allen Positionen und Bewegungen an. Der Innenraum ist warm, l\u00e4sst aber den Schwei\u00df entweichen. Das Gef\u00fchl des Komforts ist au\u00dfergew\u00f6hnlich. Sein ergonomischer Hals passt perfekt und verhindert das Eindringen von Luft. Es verf\u00fcgt \u00fcber einen integrierten Rei\u00dfverschluss mit Anti-Pull-System. Im hinteren Bereich der Taille, damit das Trikot gut am K\u00f6rper anliegt, verf\u00fcgt es \u00fcber einen Gummizug mit Silikongriff innen und im vorderen Bereich \u00fcber einen elastischen Besatz, den Sie w\u00e4hrend der gesamten \u00dcbung nicht bemerken werden. Im Lendenbereich sind 3 Doppeltaschen integriert. Die Innenseiten sind mit dem ISP-Sicherheitssystem ausgestattet und die Au\u00dfenseiten sind elastisch und haben einen Innengriff.\" \/>\n<meta property=\"og:url\" content=\"https:\/\/www.inverseteams.com\/de\/produkt\/radtrikot-symbiosis-vanir-dark-grey-unisex\/\" \/>\n<meta property=\"og:site_name\" content=\"Inverseteams\" \/>\n<meta property=\"article:publisher\" content=\"https:\/\/www.facebook.com\/inverseteams\" \/>\n<meta property=\"article:modified_time\" content=\"2025-05-22T00:02:06+00:00\" \/>\n<meta property=\"og:image\" content=\"https:\/\/www.inverseteams.com\/wp-content\/uploads\/MAILLOT-INVIERNO-RECICLADO-SYMBIOSIS-DARKGREY-1.jpg\" \/>\n\t<meta property=\"og:image:width\" content=\"1500\" \/>\n\t<meta property=\"og:image:height\" content=\"1612\" \/>\n\t<meta property=\"og:image:type\" content=\"image\/jpeg\" \/>\n<meta name=\"twitter:card\" content=\"summary_large_image\" \/>\n<meta name=\"twitter:label1\" content=\"Gesch\u00e4tzte Lesezeit\" \/>\n\t<meta name=\"twitter:data1\" content=\"2\u00a0Minute\" \/>\n<script type=\"application\/ld+json\" class=\"yoast-schema-graph\">{\"@context\":\"https:\\\/\\\/schema.org\",\"@graph\":[{\"@type\":\"WebPage\",\"@id\":\"https:\\\/\\\/www.inverseteams.com\\\/de\\\/produkt\\\/radtrikot-symbiosis-vanir-dark-grey-unisex\\\/\",\"url\":\"https:\\\/\\\/www.inverseteams.com\\\/de\\\/produkt\\\/radtrikot-symbiosis-vanir-dark-grey-unisex\\\/\",\"name\":\"Radtrikot SYMBIOSIS VANIR DARK GREY (UNISEX)\",\"isPartOf\":{\"@id\":\"https:\\\/\\\/www.inverseteams.com\\\/de\\\/#website\"},\"primaryImageOfPage\":{\"@id\":\"https:\\\/\\\/www.inverseteams.com\\\/de\\\/produkt\\\/radtrikot-symbiosis-vanir-dark-grey-unisex\\\/#primaryimage\"},\"image\":{\"@id\":\"https:\\\/\\\/www.inverseteams.com\\\/de\\\/produkt\\\/radtrikot-symbiosis-vanir-dark-grey-unisex\\\/#primaryimage\"},\"thumbnailUrl\":\"https:\\\/\\\/www.inverseteams.com\\\/wp-content\\\/uploads\\\/MAILLOT-INVIERNO-RECICLADO-SYMBIOSIS-DARKGREY-1.jpg\",\"datePublished\":\"2024-07-31T09:51:57+00:00\",\"dateModified\":\"2025-05-22T00:02:06+00:00\",\"description\":\"Das neue SYMBIOSIS-Radtrikot besteht aus modernsten Stoffen mit mindestens 70 % recyceltem Ursprung. Gef\u00e4rbt mit dem Naturdyes\u00ae Technology-Verfahren. Alle an der T\u00f6nung beteiligten Produkte sind 100 % nat\u00fcrlich, pflanzlichen und mineralischen Ursprungs. Sie erzeugen keinen giftigen Abfall. Diese Technik verbraucht 70 % weniger Wasser als ein herk\u00f6mmliches Verfahren. Dar\u00fcber hinaus erreichen wir durch das Abt\u00f6nen bei niedriger Temperatur eine h\u00f6here Energieeffizienz und reduzieren unseren CO2-Fu\u00dfabdruck. Die Stoffe wurden aufgrund ihrer besonders angenehmen Haptik, Leichtigkeit und Elastizit\u00e4t ausgew\u00e4hlt. Sie passen sich sehr gut dem K\u00f6rper und allen Positionen und Bewegungen an. Der Innenraum ist warm, l\u00e4sst aber den Schwei\u00df entweichen. Das Gef\u00fchl des Komforts ist au\u00dfergew\u00f6hnlich. Sein ergonomischer Hals passt perfekt und verhindert das Eindringen von Luft. Es verf\u00fcgt \u00fcber einen integrierten Rei\u00dfverschluss mit Anti-Pull-System. Im hinteren Bereich der Taille, damit das Trikot gut am K\u00f6rper anliegt, verf\u00fcgt es \u00fcber einen Gummizug mit Silikongriff innen und im vorderen Bereich \u00fcber einen elastischen Besatz, den Sie w\u00e4hrend der gesamten \u00dcbung nicht bemerken werden. Im Lendenbereich sind 3 Doppeltaschen integriert. Die Innenseiten sind mit dem ISP-Sicherheitssystem ausgestattet und die Au\u00dfenseiten sind elastisch und haben einen Innengriff.\",\"breadcrumb\":{\"@id\":\"https:\\\/\\\/www.inverseteams.com\\\/de\\\/produkt\\\/radtrikot-symbiosis-vanir-dark-grey-unisex\\\/#breadcrumb\"},\"inLanguage\":\"de\",\"potentialAction\":[{\"@type\":\"ReadAction\",\"target\":[\"https:\\\/\\\/www.inverseteams.com\\\/de\\\/produkt\\\/radtrikot-symbiosis-vanir-dark-grey-unisex\\\/\"]}]},{\"@type\":\"ImageObject\",\"inLanguage\":\"de\",\"@id\":\"https:\\\/\\\/www.inverseteams.com\\\/de\\\/produkt\\\/radtrikot-symbiosis-vanir-dark-grey-unisex\\\/#primaryimage\",\"url\":\"https:\\\/\\\/www.inverseteams.com\\\/wp-content\\\/uploads\\\/MAILLOT-INVIERNO-RECICLADO-SYMBIOSIS-DARKGREY-1.jpg\",\"contentUrl\":\"https:\\\/\\\/www.inverseteams.com\\\/wp-content\\\/uploads\\\/MAILLOT-INVIERNO-RECICLADO-SYMBIOSIS-DARKGREY-1.jpg\",\"width\":1500,\"height\":1612,\"caption\":\"Recyceltes Radtrikot SYMBIOSIS VANIR DARK GREY\"},{\"@type\":\"BreadcrumbList\",\"@id\":\"https:\\\/\\\/www.inverseteams.com\\\/de\\\/produkt\\\/radtrikot-symbiosis-vanir-dark-grey-unisex\\\/#breadcrumb\",\"itemListElement\":[{\"@type\":\"ListItem\",\"position\":1,\"name\":\"Portada\",\"item\":\"https:\\\/\\\/www.inverseteams.com\\\/de\\\/\"},{\"@type\":\"ListItem\",\"position\":2,\"name\":\"Speichern\",\"item\":\"https:\\\/\\\/www.inverseteams.com\\\/de\\\/speichern\\\/\"},{\"@type\":\"ListItem\",\"position\":3,\"name\":\"Radtrikot SYMBIOSIS VANIR DARK GREY (UNISEX)\"}]},{\"@type\":\"WebSite\",\"@id\":\"https:\\\/\\\/www.inverseteams.com\\\/de\\\/#website\",\"url\":\"https:\\\/\\\/www.inverseteams.com\\\/de\\\/\",\"name\":\"Inverseteams\",\"description\":\"Tu marca de ropa deportiva personalizada\",\"publisher\":{\"@id\":\"https:\\\/\\\/www.inverseteams.com\\\/de\\\/#organization\"},\"potentialAction\":[{\"@type\":\"SearchAction\",\"target\":{\"@type\":\"EntryPoint\",\"urlTemplate\":\"https:\\\/\\\/www.inverseteams.com\\\/de\\\/?s={search_term_string}\"},\"query-input\":{\"@type\":\"PropertyValueSpecification\",\"valueRequired\":true,\"valueName\":\"search_term_string\"}}],\"inLanguage\":\"de\"},{\"@type\":\"Organization\",\"@id\":\"https:\\\/\\\/www.inverseteams.com\\\/de\\\/#organization\",\"name\":\"Inverse Teams\",\"url\":\"https:\\\/\\\/www.inverseteams.com\\\/de\\\/\",\"logo\":{\"@type\":\"ImageObject\",\"inLanguage\":\"de\",\"@id\":\"https:\\\/\\\/www.inverseteams.com\\\/de\\\/#\\\/schema\\\/logo\\\/image\\\/\",\"url\":\"https:\\\/\\\/www.inverseteams.com\\\/wp-content\\\/uploads\\\/2021\\\/03\\\/logo-inverse-teams.png\",\"contentUrl\":\"https:\\\/\\\/www.inverseteams.com\\\/wp-content\\\/uploads\\\/2021\\\/03\\\/logo-inverse-teams.png\",\"width\":294,\"height\":99,\"caption\":\"Inverse Teams\"},\"image\":{\"@id\":\"https:\\\/\\\/www.inverseteams.com\\\/de\\\/#\\\/schema\\\/logo\\\/image\\\/\"},\"sameAs\":[\"https:\\\/\\\/www.facebook.com\\\/inverseteams\",\"http:\\\/\\\/instagram.com\\\/inverseteams\",\"https:\\\/\\\/www.linkedin.com\\\/company\\\/inverse-cirosport-s-l-?trk=job_view_topcard_company_name\",\"http:\\\/\\\/www.pinterest.com\\\/inverseteams\\\/\",\"http:\\\/\\\/www.youtube.com\\\/user\\\/inverseteams?feature=watch\"]}]}<\/script>\n<!-- \/ Yoast SEO plugin. -->","yoast_head_json":{"title":"Radtrikot SYMBIOSIS VANIR DARK GREY (UNISEX)","description":"Das neue SYMBIOSIS-Radtrikot besteht aus modernsten Stoffen mit mindestens 70 % recyceltem Ursprung. Gef\u00e4rbt mit dem Naturdyes\u00ae Technology-Verfahren. Alle an der T\u00f6nung beteiligten Produkte sind 100 % nat\u00fcrlich, pflanzlichen und mineralischen Ursprungs. Sie erzeugen keinen giftigen Abfall. Diese Technik verbraucht 70 % weniger Wasser als ein herk\u00f6mmliches Verfahren. Dar\u00fcber hinaus erreichen wir durch das Abt\u00f6nen bei niedriger Temperatur eine h\u00f6here Energieeffizienz und reduzieren unseren CO2-Fu\u00dfabdruck. Die Stoffe wurden aufgrund ihrer besonders angenehmen Haptik, Leichtigkeit und Elastizit\u00e4t ausgew\u00e4hlt. Sie passen sich sehr gut dem K\u00f6rper und allen Positionen und Bewegungen an. Der Innenraum ist warm, l\u00e4sst aber den Schwei\u00df entweichen. Das Gef\u00fchl des Komforts ist au\u00dfergew\u00f6hnlich. Sein ergonomischer Hals passt perfekt und verhindert das Eindringen von Luft. Es verf\u00fcgt \u00fcber einen integrierten Rei\u00dfverschluss mit Anti-Pull-System. Im hinteren Bereich der Taille, damit das Trikot gut am K\u00f6rper anliegt, verf\u00fcgt es \u00fcber einen Gummizug mit Silikongriff innen und im vorderen Bereich \u00fcber einen elastischen Besatz, den Sie w\u00e4hrend der gesamten \u00dcbung nicht bemerken werden. Im Lendenbereich sind 3 Doppeltaschen integriert. Die Innenseiten sind mit dem ISP-Sicherheitssystem ausgestattet und die Au\u00dfenseiten sind elastisch und haben einen Innengriff.","robots":{"index":"index","follow":"follow","max-snippet":"max-snippet:-1","max-image-preview":"max-image-preview:large","max-video-preview":"max-video-preview:-1"},"canonical":"https:\/\/www.inverseteams.com\/de\/produkt\/radtrikot-symbiosis-vanir-dark-grey-unisex\/","og_locale":"de_DE","og_type":"article","og_title":"Radtrikot SYMBIOSIS VANIR DARK GREY (UNISEX)","og_description":"Das neue SYMBIOSIS-Radtrikot besteht aus modernsten Stoffen mit mindestens 70 % recyceltem Ursprung. Gef\u00e4rbt mit dem Naturdyes\u00ae Technology-Verfahren. Alle an der T\u00f6nung beteiligten Produkte sind 100 % nat\u00fcrlich, pflanzlichen und mineralischen Ursprungs. Sie erzeugen keinen giftigen Abfall. Diese Technik verbraucht 70 % weniger Wasser als ein herk\u00f6mmliches Verfahren. Dar\u00fcber hinaus erreichen wir durch das Abt\u00f6nen bei niedriger Temperatur eine h\u00f6here Energieeffizienz und reduzieren unseren CO2-Fu\u00dfabdruck. Die Stoffe wurden aufgrund ihrer besonders angenehmen Haptik, Leichtigkeit und Elastizit\u00e4t ausgew\u00e4hlt. Sie passen sich sehr gut dem K\u00f6rper und allen Positionen und Bewegungen an. Der Innenraum ist warm, l\u00e4sst aber den Schwei\u00df entweichen. Das Gef\u00fchl des Komforts ist au\u00dfergew\u00f6hnlich. Sein ergonomischer Hals passt perfekt und verhindert das Eindringen von Luft. Es verf\u00fcgt \u00fcber einen integrierten Rei\u00dfverschluss mit Anti-Pull-System. Im hinteren Bereich der Taille, damit das Trikot gut am K\u00f6rper anliegt, verf\u00fcgt es \u00fcber einen Gummizug mit Silikongriff innen und im vorderen Bereich \u00fcber einen elastischen Besatz, den Sie w\u00e4hrend der gesamten \u00dcbung nicht bemerken werden. Im Lendenbereich sind 3 Doppeltaschen integriert. Die Innenseiten sind mit dem ISP-Sicherheitssystem ausgestattet und die Au\u00dfenseiten sind elastisch und haben einen Innengriff.","og_url":"https:\/\/www.inverseteams.com\/de\/produkt\/radtrikot-symbiosis-vanir-dark-grey-unisex\/","og_site_name":"Inverseteams","article_publisher":"https:\/\/www.facebook.com\/inverseteams","article_modified_time":"2025-05-22T00:02:06+00:00","og_image":[{"width":1500,"height":1612,"url":"https:\/\/www.inverseteams.com\/wp-content\/uploads\/MAILLOT-INVIERNO-RECICLADO-SYMBIOSIS-DARKGREY-1.jpg","type":"image\/jpeg"}],"twitter_card":"summary_large_image","twitter_misc":{"Gesch\u00e4tzte Lesezeit":"2\u00a0Minute"},"schema":{"@context":"https:\/\/schema.org","@graph":[{"@type":"WebPage","@id":"https:\/\/www.inverseteams.com\/de\/produkt\/radtrikot-symbiosis-vanir-dark-grey-unisex\/","url":"https:\/\/www.inverseteams.com\/de\/produkt\/radtrikot-symbiosis-vanir-dark-grey-unisex\/","name":"Radtrikot SYMBIOSIS VANIR DARK GREY (UNISEX)","isPartOf":{"@id":"https:\/\/www.inverseteams.com\/de\/#website"},"primaryImageOfPage":{"@id":"https:\/\/www.inverseteams.com\/de\/produkt\/radtrikot-symbiosis-vanir-dark-grey-unisex\/#primaryimage"},"image":{"@id":"https:\/\/www.inverseteams.com\/de\/produkt\/radtrikot-symbiosis-vanir-dark-grey-unisex\/#primaryimage"},"thumbnailUrl":"https:\/\/www.inverseteams.com\/wp-content\/uploads\/MAILLOT-INVIERNO-RECICLADO-SYMBIOSIS-DARKGREY-1.jpg","datePublished":"2024-07-31T09:51:57+00:00","dateModified":"2025-05-22T00:02:06+00:00","description":"Das neue SYMBIOSIS-Radtrikot besteht aus modernsten Stoffen mit mindestens 70 % recyceltem Ursprung. Gef\u00e4rbt mit dem Naturdyes\u00ae Technology-Verfahren. Alle an der T\u00f6nung beteiligten Produkte sind 100 % nat\u00fcrlich, pflanzlichen und mineralischen Ursprungs. Sie erzeugen keinen giftigen Abfall. Diese Technik verbraucht 70 % weniger Wasser als ein herk\u00f6mmliches Verfahren. Dar\u00fcber hinaus erreichen wir durch das Abt\u00f6nen bei niedriger Temperatur eine h\u00f6here Energieeffizienz und reduzieren unseren CO2-Fu\u00dfabdruck. Die Stoffe wurden aufgrund ihrer besonders angenehmen Haptik, Leichtigkeit und Elastizit\u00e4t ausgew\u00e4hlt. Sie passen sich sehr gut dem K\u00f6rper und allen Positionen und Bewegungen an. Der Innenraum ist warm, l\u00e4sst aber den Schwei\u00df entweichen. Das Gef\u00fchl des Komforts ist au\u00dfergew\u00f6hnlich. Sein ergonomischer Hals passt perfekt und verhindert das Eindringen von Luft. Es verf\u00fcgt \u00fcber einen integrierten Rei\u00dfverschluss mit Anti-Pull-System. Im hinteren Bereich der Taille, damit das Trikot gut am K\u00f6rper anliegt, verf\u00fcgt es \u00fcber einen Gummizug mit Silikongriff innen und im vorderen Bereich \u00fcber einen elastischen Besatz, den Sie w\u00e4hrend der gesamten \u00dcbung nicht bemerken werden. Im Lendenbereich sind 3 Doppeltaschen integriert. Die Innenseiten sind mit dem ISP-Sicherheitssystem ausgestattet und die Au\u00dfenseiten sind elastisch und haben einen Innengriff.","breadcrumb":{"@id":"https:\/\/www.inverseteams.com\/de\/produkt\/radtrikot-symbiosis-vanir-dark-grey-unisex\/#breadcrumb"},"inLanguage":"de","potentialAction":[{"@type":"ReadAction","target":["https:\/\/www.inverseteams.com\/de\/produkt\/radtrikot-symbiosis-vanir-dark-grey-unisex\/"]}]},{"@type":"ImageObject","inLanguage":"de","@id":"https:\/\/www.inverseteams.com\/de\/produkt\/radtrikot-symbiosis-vanir-dark-grey-unisex\/#primaryimage","url":"https:\/\/www.inverseteams.com\/wp-content\/uploads\/MAILLOT-INVIERNO-RECICLADO-SYMBIOSIS-DARKGREY-1.jpg","contentUrl":"https:\/\/www.inverseteams.com\/wp-content\/uploads\/MAILLOT-INVIERNO-RECICLADO-SYMBIOSIS-DARKGREY-1.jpg","width":1500,"height":1612,"caption":"Recyceltes Radtrikot SYMBIOSIS VANIR DARK GREY"},{"@type":"BreadcrumbList","@id":"https:\/\/www.inverseteams.com\/de\/produkt\/radtrikot-symbiosis-vanir-dark-grey-unisex\/#breadcrumb","itemListElement":[{"@type":"ListItem","position":1,"name":"Portada","item":"https:\/\/www.inverseteams.com\/de\/"},{"@type":"ListItem","position":2,"name":"Speichern","item":"https:\/\/www.inverseteams.com\/de\/speichern\/"},{"@type":"ListItem","position":3,"name":"Radtrikot SYMBIOSIS VANIR DARK GREY (UNISEX)"}]},{"@type":"WebSite","@id":"https:\/\/www.inverseteams.com\/de\/#website","url":"https:\/\/www.inverseteams.com\/de\/","name":"Inverseteams","description":"Tu marca de ropa deportiva personalizada","publisher":{"@id":"https:\/\/www.inverseteams.com\/de\/#organization"},"potentialAction":[{"@type":"SearchAction","target":{"@type":"EntryPoint","urlTemplate":"https:\/\/www.inverseteams.com\/de\/?s={search_term_string}"},"query-input":{"@type":"PropertyValueSpecification","valueRequired":true,"valueName":"search_term_string"}}],"inLanguage":"de"},{"@type":"Organization","@id":"https:\/\/www.inverseteams.com\/de\/#organization","name":"Inverse Teams","url":"https:\/\/www.inverseteams.com\/de\/","logo":{"@type":"ImageObject","inLanguage":"de","@id":"https:\/\/www.inverseteams.com\/de\/#\/schema\/logo\/image\/","url":"https:\/\/www.inverseteams.com\/wp-content\/uploads\/2021\/03\/logo-inverse-teams.png","contentUrl":"https:\/\/www.inverseteams.com\/wp-content\/uploads\/2021\/03\/logo-inverse-teams.png","width":294,"height":99,"caption":"Inverse Teams"},"image":{"@id":"https:\/\/www.inverseteams.com\/de\/#\/schema\/logo\/image\/"},"sameAs":["https:\/\/www.facebook.com\/inverseteams","http:\/\/instagram.com\/inverseteams","https:\/\/www.linkedin.com\/company\/inverse-cirosport-s-l-?trk=job_view_topcard_company_name","http:\/\/www.pinterest.com\/inverseteams\/","http:\/\/www.youtube.com\/user\/inverseteams?feature=watch"]}]}},"_links":{"self":[{"href":"https:\/\/www.inverseteams.com\/de\/wp-json\/wp\/v2\/product\/209804","targetHints":{"allow":["GET"]}}],"collection":[{"href":"https:\/\/www.inverseteams.com\/de\/wp-json\/wp\/v2\/product"}],"about":[{"href":"https:\/\/www.inverseteams.com\/de\/wp-json\/wp\/v2\/types\/product"}],"replies":[{"embeddable":true,"href":"https:\/\/www.inverseteams.com\/de\/wp-json\/wp\/v2\/comments?post=209804"}],"wp:featuredmedia":[{"embeddable":true,"href":"https:\/\/www.inverseteams.com\/de\/wp-json\/wp\/v2\/media\/208959"}],"wp:attachment":[{"href":"https:\/\/www.inverseteams.com\/de\/wp-json\/wp\/v2\/media?parent=209804"}],"wp:term":[{"taxonomy":"product_brand","embeddable":true,"href":"https:\/\/www.inverseteams.com\/de\/wp-json\/wp\/v2\/product_brand?post=209804"},{"taxonomy":"product_cat","embeddable":true,"href":"https:\/\/www.inverseteams.com\/de\/wp-json\/wp\/v2\/product_cat?post=209804"},{"taxonomy":"product_tag","embeddable":true,"href":"https:\/\/www.inverseteams.com\/de\/wp-json\/wp\/v2\/product_tag?post=209804"},{"taxonomy":"custom_category","embeddable":true,"href":"https:\/\/www.inverseteams.com\/de\/wp-json\/wp\/v2\/custom_category?post=209804"},{"taxonomy":"range","embeddable":true,"href":"https:\/\/www.inverseteams.com\/de\/wp-json\/wp\/v2\/range?post=209804"}],"curies":[{"name":"wp","href":"https:\/\/api.w.org\/{rel}","templated":true}]}}