{"id":209794,"date":"2024-07-26T13:04:11","date_gmt":"2024-07-31T09:50:38","guid":{"rendered":"https:\/\/www.inverseteams.com\/?post_type=product&#038;p=209794"},"modified":"2024-09-19T17:55:04","modified_gmt":"2024-09-19T17:55:04","slug":"sportsocken-trazz-white","status":"publish","type":"product","link":"https:\/\/www.inverseteams.com\/de\/produkt\/sportsocken-trazz-white\/","title":{"rendered":"Sportsocken TRAZZ WHITE"},"content":{"rendered":"<p>Hergestellt aus antibakterieller Baumwolle, Revolution-Lycra und Elasthan. Sie garantieren eine gute Aufnahme und schnelle Ableitung des Schwei\u00dfes. Durch die Garnstruktur sitzt die Socke sehr gut und verhindert ein Verrutschen des Fu\u00dfes im Sportschuh.<br \/>\nDiese Socken haben einen mittleren Schnitt (22 cm) und zeichnen sich durch eine verst\u00e4rkte Spitze und Ferse aus, um Schutz und Komfort zu erh\u00f6hen.<\/p>\n","protected":false},"excerpt":{"rendered":"<p>Hergestellt aus antibakterieller Baumwolle, Revolution-Lycra und Elasthan. Sie garantieren eine gute Aufnahme und schnelle Ableitung des Schwei\u00dfes. Durch die Garnstruktur sitzt die Socke sehr gut und verhindert ein Verrutschen des Fu\u00dfes im Sportschuh.<br \/>\nDiese Socken haben einen mittleren Schnitt (22 cm) und zeichnen sich durch eine verst\u00e4rkte Spitze und Ferse aus, um Schutz und Komfort zu erh\u00f6hen.<\/p>\n","protected":false},"featured_media":208788,"comment_status":"closed","ping_status":"closed","template":"","meta":{"_acf_changed":false},"product_brand":[],"product_cat":[11153,11190,11182,11258,11264,11265],"product_tag":[],"custom_category":[],"range":[],"class_list":{"0":"post-209794","1":"product","2":"type-product","3":"status-publish","4":"has-post-thumbnail","6":"product_cat-b2b-de","7":"product_cat-radsportbekleidung","8":"product_cat-socken","9":"product_cat-gravel-de","10":"product_cat-trail-running-de","11":"product_cat-laufende-kleidung","12":"pa_climatologia-temperatura-templada-de","13":"pa_climatologia-calor-de","14":"pa_deporte-zubehoer","15":"pa_genero-mujer-de","16":"pa_genero-infantil-de","17":"pa_genero-hombre-de","18":"pa_talla-s-m-de","19":"pa_talla-l-xl-de","20":"pa_tipo-de-prenda-calcetin-de","22":"first","23":"outofstock","24":"taxable","25":"shipping-taxable","26":"purchasable","27":"product-type-variable","28":"has-default-attributes"},"acf":[],"yoast_head":"<!-- This site is optimized with the Yoast SEO plugin v27.3 - https:\/\/yoast.com\/product\/yoast-seo-wordpress\/ -->\n<title>Sportsocken TRAZZ WHITE<\/title>\n<meta name=\"description\" content=\"Hergestellt aus antibakterieller Baumwolle, Revolution-Lycra und Elasthan. Sie garantieren eine gute Aufnahme und schnelle Ableitung des Schwei\u00dfes. Durch die Garnstruktur sitzt die Socke sehr gut und verhindert ein Verrutschen des Fu\u00dfes im Sportschuh. Diese Socken haben einen mittleren Schnitt (22 cm) und zeichnen sich durch eine verst\u00e4rkte Spitze und Ferse aus, um Schutz und Komfort zu erh\u00f6hen.\" \/>\n<meta name=\"robots\" content=\"index, follow, max-snippet:-1, max-image-preview:large, max-video-preview:-1\" \/>\n<link rel=\"canonical\" href=\"https:\/\/www.inverseteams.com\/de\/produkt\/sportsocken-trazz-white\/\" \/>\n<meta property=\"og:locale\" content=\"de_DE\" \/>\n<meta property=\"og:type\" content=\"article\" \/>\n<meta property=\"og:title\" content=\"Sportsocken TRAZZ WHITE\" \/>\n<meta property=\"og:description\" content=\"Hergestellt aus antibakterieller Baumwolle, Revolution-Lycra und Elasthan. Sie garantieren eine gute Aufnahme und schnelle Ableitung des Schwei\u00dfes. Durch die Garnstruktur sitzt die Socke sehr gut und verhindert ein Verrutschen des Fu\u00dfes im Sportschuh. Diese Socken haben einen mittleren Schnitt (22 cm) und zeichnen sich durch eine verst\u00e4rkte Spitze und Ferse aus, um Schutz und Komfort zu erh\u00f6hen.\" \/>\n<meta property=\"og:url\" content=\"https:\/\/www.inverseteams.com\/de\/produkt\/sportsocken-trazz-white\/\" \/>\n<meta property=\"og:site_name\" content=\"Inverseteams\" \/>\n<meta property=\"article:publisher\" content=\"https:\/\/www.facebook.com\/inverseteams\" \/>\n<meta property=\"article:modified_time\" content=\"2024-09-19T17:55:04+00:00\" \/>\n<meta property=\"og:image\" content=\"https:\/\/www.inverseteams.com\/wp-content\/uploads\/CALCETINES-DEPORTIVOS-TRAZZ-WHITE-1.jpg\" \/>\n\t<meta property=\"og:image:width\" content=\"1500\" \/>\n\t<meta property=\"og:image:height\" content=\"1612\" \/>\n\t<meta property=\"og:image:type\" content=\"image\/jpeg\" \/>\n<meta name=\"twitter:card\" content=\"summary_large_image\" \/>\n<meta name=\"twitter:label1\" content=\"Gesch\u00e4tzte Lesezeit\" \/>\n\t<meta name=\"twitter:data1\" content=\"1\u00a0Minute\" \/>\n<script type=\"application\/ld+json\" class=\"yoast-schema-graph\">{\"@context\":\"https:\\\/\\\/schema.org\",\"@graph\":[{\"@type\":\"WebPage\",\"@id\":\"https:\\\/\\\/www.inverseteams.com\\\/de\\\/produkt\\\/sportsocken-trazz-white\\\/\",\"url\":\"https:\\\/\\\/www.inverseteams.com\\\/de\\\/produkt\\\/sportsocken-trazz-white\\\/\",\"name\":\"Sportsocken TRAZZ WHITE\",\"isPartOf\":{\"@id\":\"https:\\\/\\\/www.inverseteams.com\\\/de\\\/#website\"},\"primaryImageOfPage\":{\"@id\":\"https:\\\/\\\/www.inverseteams.com\\\/de\\\/produkt\\\/sportsocken-trazz-white\\\/#primaryimage\"},\"image\":{\"@id\":\"https:\\\/\\\/www.inverseteams.com\\\/de\\\/produkt\\\/sportsocken-trazz-white\\\/#primaryimage\"},\"thumbnailUrl\":\"https:\\\/\\\/www.inverseteams.com\\\/wp-content\\\/uploads\\\/CALCETINES-DEPORTIVOS-TRAZZ-WHITE-1.jpg\",\"datePublished\":\"2024-07-31T09:50:38+00:00\",\"dateModified\":\"2024-09-19T17:55:04+00:00\",\"description\":\"Hergestellt aus antibakterieller Baumwolle, Revolution-Lycra und Elasthan. Sie garantieren eine gute Aufnahme und schnelle Ableitung des Schwei\u00dfes. Durch die Garnstruktur sitzt die Socke sehr gut und verhindert ein Verrutschen des Fu\u00dfes im Sportschuh. Diese Socken haben einen mittleren Schnitt (22 cm) und zeichnen sich durch eine verst\u00e4rkte Spitze und Ferse aus, um Schutz und Komfort zu erh\u00f6hen.\",\"breadcrumb\":{\"@id\":\"https:\\\/\\\/www.inverseteams.com\\\/de\\\/produkt\\\/sportsocken-trazz-white\\\/#breadcrumb\"},\"inLanguage\":\"de\",\"potentialAction\":[{\"@type\":\"ReadAction\",\"target\":[\"https:\\\/\\\/www.inverseteams.com\\\/de\\\/produkt\\\/sportsocken-trazz-white\\\/\"]}]},{\"@type\":\"ImageObject\",\"inLanguage\":\"de\",\"@id\":\"https:\\\/\\\/www.inverseteams.com\\\/de\\\/produkt\\\/sportsocken-trazz-white\\\/#primaryimage\",\"url\":\"https:\\\/\\\/www.inverseteams.com\\\/wp-content\\\/uploads\\\/CALCETINES-DEPORTIVOS-TRAZZ-WHITE-1.jpg\",\"contentUrl\":\"https:\\\/\\\/www.inverseteams.com\\\/wp-content\\\/uploads\\\/CALCETINES-DEPORTIVOS-TRAZZ-WHITE-1.jpg\",\"width\":1500,\"height\":1612,\"caption\":\"Sportsocken TRAZZ WHITE\"},{\"@type\":\"BreadcrumbList\",\"@id\":\"https:\\\/\\\/www.inverseteams.com\\\/de\\\/produkt\\\/sportsocken-trazz-white\\\/#breadcrumb\",\"itemListElement\":[{\"@type\":\"ListItem\",\"position\":1,\"name\":\"Portada\",\"item\":\"https:\\\/\\\/www.inverseteams.com\\\/de\\\/\"},{\"@type\":\"ListItem\",\"position\":2,\"name\":\"Speichern\",\"item\":\"https:\\\/\\\/www.inverseteams.com\\\/de\\\/speichern\\\/\"},{\"@type\":\"ListItem\",\"position\":3,\"name\":\"Sportsocken TRAZZ WHITE\"}]},{\"@type\":\"WebSite\",\"@id\":\"https:\\\/\\\/www.inverseteams.com\\\/de\\\/#website\",\"url\":\"https:\\\/\\\/www.inverseteams.com\\\/de\\\/\",\"name\":\"Inverseteams\",\"description\":\"Tu marca de ropa deportiva personalizada\",\"publisher\":{\"@id\":\"https:\\\/\\\/www.inverseteams.com\\\/de\\\/#organization\"},\"potentialAction\":[{\"@type\":\"SearchAction\",\"target\":{\"@type\":\"EntryPoint\",\"urlTemplate\":\"https:\\\/\\\/www.inverseteams.com\\\/de\\\/?s={search_term_string}\"},\"query-input\":{\"@type\":\"PropertyValueSpecification\",\"valueRequired\":true,\"valueName\":\"search_term_string\"}}],\"inLanguage\":\"de\"},{\"@type\":\"Organization\",\"@id\":\"https:\\\/\\\/www.inverseteams.com\\\/de\\\/#organization\",\"name\":\"Inverse Teams\",\"url\":\"https:\\\/\\\/www.inverseteams.com\\\/de\\\/\",\"logo\":{\"@type\":\"ImageObject\",\"inLanguage\":\"de\",\"@id\":\"https:\\\/\\\/www.inverseteams.com\\\/de\\\/#\\\/schema\\\/logo\\\/image\\\/\",\"url\":\"http:\\\/\\\/www.inverseteams.com\\\/wp-content\\\/uploads\\\/2021\\\/03\\\/logo-inverse-teams.png\",\"contentUrl\":\"http:\\\/\\\/www.inverseteams.com\\\/wp-content\\\/uploads\\\/2021\\\/03\\\/logo-inverse-teams.png\",\"width\":294,\"height\":99,\"caption\":\"Inverse Teams\"},\"image\":{\"@id\":\"https:\\\/\\\/www.inverseteams.com\\\/de\\\/#\\\/schema\\\/logo\\\/image\\\/\"},\"sameAs\":[\"https:\\\/\\\/www.facebook.com\\\/inverseteams\",\"http:\\\/\\\/instagram.com\\\/inverseteams\",\"https:\\\/\\\/www.linkedin.com\\\/company\\\/inverse-cirosport-s-l-?trk=job_view_topcard_company_name\",\"http:\\\/\\\/www.pinterest.com\\\/inverseteams\\\/\",\"http:\\\/\\\/www.youtube.com\\\/user\\\/inverseteams?feature=watch\"]}]}<\/script>\n<!-- \/ Yoast SEO plugin. -->","yoast_head_json":{"title":"Sportsocken TRAZZ WHITE","description":"Hergestellt aus antibakterieller Baumwolle, Revolution-Lycra und Elasthan. Sie garantieren eine gute Aufnahme und schnelle Ableitung des Schwei\u00dfes. Durch die Garnstruktur sitzt die Socke sehr gut und verhindert ein Verrutschen des Fu\u00dfes im Sportschuh. Diese Socken haben einen mittleren Schnitt (22 cm) und zeichnen sich durch eine verst\u00e4rkte Spitze und Ferse aus, um Schutz und Komfort zu erh\u00f6hen.","robots":{"index":"index","follow":"follow","max-snippet":"max-snippet:-1","max-image-preview":"max-image-preview:large","max-video-preview":"max-video-preview:-1"},"canonical":"https:\/\/www.inverseteams.com\/de\/produkt\/sportsocken-trazz-white\/","og_locale":"de_DE","og_type":"article","og_title":"Sportsocken TRAZZ WHITE","og_description":"Hergestellt aus antibakterieller Baumwolle, Revolution-Lycra und Elasthan. Sie garantieren eine gute Aufnahme und schnelle Ableitung des Schwei\u00dfes. Durch die Garnstruktur sitzt die Socke sehr gut und verhindert ein Verrutschen des Fu\u00dfes im Sportschuh. Diese Socken haben einen mittleren Schnitt (22 cm) und zeichnen sich durch eine verst\u00e4rkte Spitze und Ferse aus, um Schutz und Komfort zu erh\u00f6hen.","og_url":"https:\/\/www.inverseteams.com\/de\/produkt\/sportsocken-trazz-white\/","og_site_name":"Inverseteams","article_publisher":"https:\/\/www.facebook.com\/inverseteams","article_modified_time":"2024-09-19T17:55:04+00:00","og_image":[{"width":1500,"height":1612,"url":"https:\/\/www.inverseteams.com\/wp-content\/uploads\/CALCETINES-DEPORTIVOS-TRAZZ-WHITE-1.jpg","type":"image\/jpeg"}],"twitter_card":"summary_large_image","twitter_misc":{"Gesch\u00e4tzte Lesezeit":"1\u00a0Minute"},"schema":{"@context":"https:\/\/schema.org","@graph":[{"@type":"WebPage","@id":"https:\/\/www.inverseteams.com\/de\/produkt\/sportsocken-trazz-white\/","url":"https:\/\/www.inverseteams.com\/de\/produkt\/sportsocken-trazz-white\/","name":"Sportsocken TRAZZ WHITE","isPartOf":{"@id":"https:\/\/www.inverseteams.com\/de\/#website"},"primaryImageOfPage":{"@id":"https:\/\/www.inverseteams.com\/de\/produkt\/sportsocken-trazz-white\/#primaryimage"},"image":{"@id":"https:\/\/www.inverseteams.com\/de\/produkt\/sportsocken-trazz-white\/#primaryimage"},"thumbnailUrl":"https:\/\/www.inverseteams.com\/wp-content\/uploads\/CALCETINES-DEPORTIVOS-TRAZZ-WHITE-1.jpg","datePublished":"2024-07-31T09:50:38+00:00","dateModified":"2024-09-19T17:55:04+00:00","description":"Hergestellt aus antibakterieller Baumwolle, Revolution-Lycra und Elasthan. Sie garantieren eine gute Aufnahme und schnelle Ableitung des Schwei\u00dfes. Durch die Garnstruktur sitzt die Socke sehr gut und verhindert ein Verrutschen des Fu\u00dfes im Sportschuh. Diese Socken haben einen mittleren Schnitt (22 cm) und zeichnen sich durch eine verst\u00e4rkte Spitze und Ferse aus, um Schutz und Komfort zu erh\u00f6hen.","breadcrumb":{"@id":"https:\/\/www.inverseteams.com\/de\/produkt\/sportsocken-trazz-white\/#breadcrumb"},"inLanguage":"de","potentialAction":[{"@type":"ReadAction","target":["https:\/\/www.inverseteams.com\/de\/produkt\/sportsocken-trazz-white\/"]}]},{"@type":"ImageObject","inLanguage":"de","@id":"https:\/\/www.inverseteams.com\/de\/produkt\/sportsocken-trazz-white\/#primaryimage","url":"https:\/\/www.inverseteams.com\/wp-content\/uploads\/CALCETINES-DEPORTIVOS-TRAZZ-WHITE-1.jpg","contentUrl":"https:\/\/www.inverseteams.com\/wp-content\/uploads\/CALCETINES-DEPORTIVOS-TRAZZ-WHITE-1.jpg","width":1500,"height":1612,"caption":"Sportsocken TRAZZ WHITE"},{"@type":"BreadcrumbList","@id":"https:\/\/www.inverseteams.com\/de\/produkt\/sportsocken-trazz-white\/#breadcrumb","itemListElement":[{"@type":"ListItem","position":1,"name":"Portada","item":"https:\/\/www.inverseteams.com\/de\/"},{"@type":"ListItem","position":2,"name":"Speichern","item":"https:\/\/www.inverseteams.com\/de\/speichern\/"},{"@type":"ListItem","position":3,"name":"Sportsocken TRAZZ WHITE"}]},{"@type":"WebSite","@id":"https:\/\/www.inverseteams.com\/de\/#website","url":"https:\/\/www.inverseteams.com\/de\/","name":"Inverseteams","description":"Tu marca de ropa deportiva personalizada","publisher":{"@id":"https:\/\/www.inverseteams.com\/de\/#organization"},"potentialAction":[{"@type":"SearchAction","target":{"@type":"EntryPoint","urlTemplate":"https:\/\/www.inverseteams.com\/de\/?s={search_term_string}"},"query-input":{"@type":"PropertyValueSpecification","valueRequired":true,"valueName":"search_term_string"}}],"inLanguage":"de"},{"@type":"Organization","@id":"https:\/\/www.inverseteams.com\/de\/#organization","name":"Inverse Teams","url":"https:\/\/www.inverseteams.com\/de\/","logo":{"@type":"ImageObject","inLanguage":"de","@id":"https:\/\/www.inverseteams.com\/de\/#\/schema\/logo\/image\/","url":"https:\/\/www.inverseteams.com\/wp-content\/uploads\/2021\/03\/logo-inverse-teams.png","contentUrl":"https:\/\/www.inverseteams.com\/wp-content\/uploads\/2021\/03\/logo-inverse-teams.png","width":294,"height":99,"caption":"Inverse Teams"},"image":{"@id":"https:\/\/www.inverseteams.com\/de\/#\/schema\/logo\/image\/"},"sameAs":["https:\/\/www.facebook.com\/inverseteams","http:\/\/instagram.com\/inverseteams","https:\/\/www.linkedin.com\/company\/inverse-cirosport-s-l-?trk=job_view_topcard_company_name","http:\/\/www.pinterest.com\/inverseteams\/","http:\/\/www.youtube.com\/user\/inverseteams?feature=watch"]}]}},"_links":{"self":[{"href":"https:\/\/www.inverseteams.com\/de\/wp-json\/wp\/v2\/product\/209794","targetHints":{"allow":["GET"]}}],"collection":[{"href":"https:\/\/www.inverseteams.com\/de\/wp-json\/wp\/v2\/product"}],"about":[{"href":"https:\/\/www.inverseteams.com\/de\/wp-json\/wp\/v2\/types\/product"}],"replies":[{"embeddable":true,"href":"https:\/\/www.inverseteams.com\/de\/wp-json\/wp\/v2\/comments?post=209794"}],"wp:featuredmedia":[{"embeddable":true,"href":"https:\/\/www.inverseteams.com\/de\/wp-json\/wp\/v2\/media\/208788"}],"wp:attachment":[{"href":"https:\/\/www.inverseteams.com\/de\/wp-json\/wp\/v2\/media?parent=209794"}],"wp:term":[{"taxonomy":"product_brand","embeddable":true,"href":"https:\/\/www.inverseteams.com\/de\/wp-json\/wp\/v2\/product_brand?post=209794"},{"taxonomy":"product_cat","embeddable":true,"href":"https:\/\/www.inverseteams.com\/de\/wp-json\/wp\/v2\/product_cat?post=209794"},{"taxonomy":"product_tag","embeddable":true,"href":"https:\/\/www.inverseteams.com\/de\/wp-json\/wp\/v2\/product_tag?post=209794"},{"taxonomy":"custom_category","embeddable":true,"href":"https:\/\/www.inverseteams.com\/de\/wp-json\/wp\/v2\/custom_category?post=209794"},{"taxonomy":"range","embeddable":true,"href":"https:\/\/www.inverseteams.com\/de\/wp-json\/wp\/v2\/range?post=209794"}],"curies":[{"name":"wp","href":"https:\/\/api.w.org\/{rel}","templated":true}]}}