{"id":209731,"date":"2024-07-26T12:49:10","date_gmt":"2024-07-31T09:44:49","guid":{"rendered":"https:\/\/www.inverseteams.com\/?post_type=product&#038;p=209731"},"modified":"2024-10-17T09:15:08","modified_gmt":"2024-10-17T09:15:08","slug":"lange-radhose-pure-kendra-black-damen","status":"publish","type":"product","link":"https:\/\/www.inverseteams.com\/de\/produkt\/lange-radhose-pure-kendra-black-damen\/","title":{"rendered":"Lange Radhose PURE KENDRA BLACK (DAMEN)"},"content":{"rendered":"<p>Die Weiterentwicklung der High-End-Shorts f\u00fcr Damen zeichnet sich durch den innovativen integrierten Tr\u00e4ger aus, der das Herunterziehen der Hose erleichtert, ohne dass das Trikot ausgezogen werden muss. Dieses von Inverse entwickelte neue System hei\u00dft FLEXYGO und wurde von zahlreichen Radfahrerinnen getestet. Es passt sich perfekt der Position der Radfahrerin an, h\u00e4lt die Radhose ohne Beschwerden und erm\u00f6glicht einen schnellen und bequemen Gang zur Toilette.<br \/>\nEs ist eine ideale Hose, um der K\u00e4lte zu trotzen und das Radfahren im Winter zu genie\u00dfen. Das SUPERROUBAIX-Gewebe, aus dem es besteht, speichert die K\u00f6rperw\u00e4rme und sorgt f\u00fcr die notwendige Muskelkompression, um Erm\u00fcdungserscheinungen zu verz\u00f6gern. Seine Elastizit\u00e4t erm\u00f6glicht Ihnen gro\u00dfe Bewegungsfreiheit. Die Eins\u00e4tze der Radhose sind so konzipiert, dass sie sich perfekt an unterschiedliche Tretpositionen anpassen. Sie werden keine Beschwerden bemerken.<br \/>\nAm Ende der Beine befindet sich ein Gummiband mit einem hypoallergenen Silikongriff im Inneren. Dadurch bleibt das Kleidungsst\u00fcck sicher am Bein befestigt. Im hinteren Bereich befindet sich ein reflektierendes Detail, das Ihre Sicherheit erh\u00f6ht, da es das Licht von Fahrzeugen reflektiert.<br \/>\nAusgestattet mit dem ECOLOGICAL NICE Sitzpolster mit elastischer Schnittstelle, bestehend aus 3 Dichten, die sich an Ihre Anatomie und Ihren Tretstil anpassen.<\/p>\n","protected":false},"excerpt":{"rendered":"<p>Die Weiterentwicklung der High-End-Shorts f\u00fcr Damen zeichnet sich durch den innovativen integrierten Tr\u00e4ger aus, der das Herunterziehen der Hose erleichtert, ohne dass das Trikot ausgezogen werden muss. Dieses von Inverse entwickelte neue System hei\u00dft FLEXYGO und wurde von zahlreichen Radfahrerinnen getestet. Es passt sich perfekt der Position der Radfahrerin an, h\u00e4lt die Radhose ohne Beschwerden und erm\u00f6glicht einen schnellen und bequemen Gang zur Toilette.<br \/>\nEs ist eine ideale Hose, um der K\u00e4lte zu trotzen und das Radfahren im Winter zu genie\u00dfen. Das SUPERROUBAIX-Gewebe, aus dem es besteht, speichert die K\u00f6rperw\u00e4rme und sorgt f\u00fcr die notwendige Muskelkompression, um Erm\u00fcdungserscheinungen zu verz\u00f6gern. Seine Elastizit\u00e4t erm\u00f6glicht Ihnen gro\u00dfe Bewegungsfreiheit. Die Eins\u00e4tze der Radhose sind so konzipiert, dass sie sich perfekt an unterschiedliche Tretpositionen anpassen. Sie werden keine Beschwerden bemerken.<br \/>\nAm Ende der Beine befindet sich ein Gummiband mit einem hypoallergenen Silikongriff im Inneren. Dadurch bleibt das Kleidungsst\u00fcck sicher am Bein befestigt. Im hinteren Bereich befindet sich ein reflektierendes Detail, das Ihre Sicherheit erh\u00f6ht, da es das Licht von Fahrzeugen reflektiert.<br \/>\nAusgestattet mit dem ECOLOGICAL NICE Sitzpolster mit elastischer Schnittstelle, bestehend aus 3 Dichten, die sich an Ihre Anatomie und Ihren Tretstil anpassen.<\/p>\n","protected":false},"featured_media":208371,"comment_status":"closed","ping_status":"closed","template":"","meta":{"_acf_changed":false},"product_brand":[],"product_cat":[11153,11171,11258,11172],"product_tag":[],"custom_category":[],"range":[],"class_list":{"0":"post-209731","1":"product","2":"type-product","3":"status-publish","4":"has-post-thumbnail","6":"product_cat-b2b-de","7":"product_cat-radsport-shorts","8":"product_cat-gravel-de","9":"product_cat-lange-radhosen","10":"pa_climatologia-frio-de","11":"pa_deporte-ciclismo-de","12":"pa_deporte-gravel-de","13":"pa_genero-mujer-de","14":"pa_patronaje-fit-de","15":"pa_talla-l-de","16":"pa_talla-xl-de","17":"pa_talla-xs-de","18":"pa_talla-s-de","19":"pa_talla-m-de","21":"first","22":"outofstock","23":"featured","24":"taxable","25":"shipping-taxable","26":"purchasable","27":"product-type-variable","28":"has-default-attributes"},"acf":[],"yoast_head":"<!-- This site is optimized with the Yoast SEO plugin v27.3 - https:\/\/yoast.com\/product\/yoast-seo-wordpress\/ -->\n<title>Lange Radhose PURE KENDRA BLACK (DAMEN)<\/title>\n<meta name=\"description\" content=\"Die Weiterentwicklung der High-End-Shorts f\u00fcr Damen zeichnet sich durch den innovativen integrierten Tr\u00e4ger aus, der das Herunterziehen der Hose erleichtert, ohne dass das Trikot ausgezogen werden muss. Dieses von Inverse entwickelte neue System hei\u00dft FLEXYGO und wurde von zahlreichen Radfahrerinnen getestet. Es passt sich perfekt der Position der Radfahrerin an, h\u00e4lt die Radhose ohne Beschwerden und erm\u00f6glicht einen schnellen und bequemen Gang zur Toilette. Es ist eine ideale Hose, um der K\u00e4lte zu trotzen und das Radfahren im Winter zu genie\u00dfen. Das SUPERROUBAIX-Gewebe, aus dem es besteht, speichert die K\u00f6rperw\u00e4rme und sorgt f\u00fcr die notwendige Muskelkompression, um Erm\u00fcdungserscheinungen zu verz\u00f6gern. Seine Elastizit\u00e4t erm\u00f6glicht Ihnen gro\u00dfe Bewegungsfreiheit. Die Eins\u00e4tze der Radhose sind so konzipiert, dass sie sich perfekt an unterschiedliche Tretpositionen anpassen. Sie werden keine Beschwerden bemerken. Am Ende der Beine befindet sich ein Gummiband mit einem hypoallergenen Silikongriff im Inneren. Dadurch bleibt das Kleidungsst\u00fcck sicher am Bein befestigt. Im hinteren Bereich befindet sich ein reflektierendes Detail, das Ihre Sicherheit erh\u00f6ht, da es das Licht von Fahrzeugen reflektiert. Ausgestattet mit dem ECOLOGICAL NICE Sitzpolster mit elastischer Schnittstelle, bestehend aus 3 Dichten, die sich an Ihre Anatomie und Ihren Tretstil anpassen.\" \/>\n<meta name=\"robots\" content=\"index, follow, max-snippet:-1, max-image-preview:large, max-video-preview:-1\" \/>\n<link rel=\"canonical\" href=\"https:\/\/www.inverseteams.com\/de\/produkt\/lange-radhose-pure-kendra-black-damen\/\" \/>\n<meta property=\"og:locale\" content=\"de_DE\" \/>\n<meta property=\"og:type\" content=\"article\" \/>\n<meta property=\"og:title\" content=\"Lange Radhose PURE KENDRA BLACK (DAMEN)\" \/>\n<meta property=\"og:description\" content=\"Die Weiterentwicklung der High-End-Shorts f\u00fcr Damen zeichnet sich durch den innovativen integrierten Tr\u00e4ger aus, der das Herunterziehen der Hose erleichtert, ohne dass das Trikot ausgezogen werden muss. Dieses von Inverse entwickelte neue System hei\u00dft FLEXYGO und wurde von zahlreichen Radfahrerinnen getestet. Es passt sich perfekt der Position der Radfahrerin an, h\u00e4lt die Radhose ohne Beschwerden und erm\u00f6glicht einen schnellen und bequemen Gang zur Toilette. Es ist eine ideale Hose, um der K\u00e4lte zu trotzen und das Radfahren im Winter zu genie\u00dfen. Das SUPERROUBAIX-Gewebe, aus dem es besteht, speichert die K\u00f6rperw\u00e4rme und sorgt f\u00fcr die notwendige Muskelkompression, um Erm\u00fcdungserscheinungen zu verz\u00f6gern. Seine Elastizit\u00e4t erm\u00f6glicht Ihnen gro\u00dfe Bewegungsfreiheit. Die Eins\u00e4tze der Radhose sind so konzipiert, dass sie sich perfekt an unterschiedliche Tretpositionen anpassen. Sie werden keine Beschwerden bemerken. Am Ende der Beine befindet sich ein Gummiband mit einem hypoallergenen Silikongriff im Inneren. Dadurch bleibt das Kleidungsst\u00fcck sicher am Bein befestigt. Im hinteren Bereich befindet sich ein reflektierendes Detail, das Ihre Sicherheit erh\u00f6ht, da es das Licht von Fahrzeugen reflektiert. Ausgestattet mit dem ECOLOGICAL NICE Sitzpolster mit elastischer Schnittstelle, bestehend aus 3 Dichten, die sich an Ihre Anatomie und Ihren Tretstil anpassen.\" \/>\n<meta property=\"og:url\" content=\"https:\/\/www.inverseteams.com\/de\/produkt\/lange-radhose-pure-kendra-black-damen\/\" \/>\n<meta property=\"og:site_name\" content=\"Inverseteams\" \/>\n<meta property=\"article:publisher\" content=\"https:\/\/www.facebook.com\/inverseteams\" \/>\n<meta property=\"article:modified_time\" content=\"2024-10-17T09:15:08+00:00\" \/>\n<meta property=\"og:image\" content=\"https:\/\/www.inverseteams.com\/wp-content\/uploads\/CULOTTE-LARGO-MUJER-PURE-KENDRA-BLACK-1-ESP.jpg\" \/>\n\t<meta property=\"og:image:width\" content=\"1500\" \/>\n\t<meta property=\"og:image:height\" content=\"1612\" \/>\n\t<meta property=\"og:image:type\" content=\"image\/jpeg\" \/>\n<meta name=\"twitter:card\" content=\"summary_large_image\" \/>\n<meta name=\"twitter:label1\" content=\"Gesch\u00e4tzte Lesezeit\" \/>\n\t<meta name=\"twitter:data1\" content=\"2\u00a0Minute\" \/>\n<script type=\"application\/ld+json\" class=\"yoast-schema-graph\">{\"@context\":\"https:\\\/\\\/schema.org\",\"@graph\":[{\"@type\":\"WebPage\",\"@id\":\"https:\\\/\\\/www.inverseteams.com\\\/de\\\/produkt\\\/lange-radhose-pure-kendra-black-damen\\\/\",\"url\":\"https:\\\/\\\/www.inverseteams.com\\\/de\\\/produkt\\\/lange-radhose-pure-kendra-black-damen\\\/\",\"name\":\"Lange Radhose PURE KENDRA BLACK (DAMEN)\",\"isPartOf\":{\"@id\":\"https:\\\/\\\/www.inverseteams.com\\\/de\\\/#website\"},\"primaryImageOfPage\":{\"@id\":\"https:\\\/\\\/www.inverseteams.com\\\/de\\\/produkt\\\/lange-radhose-pure-kendra-black-damen\\\/#primaryimage\"},\"image\":{\"@id\":\"https:\\\/\\\/www.inverseteams.com\\\/de\\\/produkt\\\/lange-radhose-pure-kendra-black-damen\\\/#primaryimage\"},\"thumbnailUrl\":\"https:\\\/\\\/www.inverseteams.com\\\/wp-content\\\/uploads\\\/CULOTTE-LARGO-MUJER-PURE-KENDRA-BLACK-1-ESP.jpg\",\"datePublished\":\"2024-07-31T09:44:49+00:00\",\"dateModified\":\"2024-10-17T09:15:08+00:00\",\"description\":\"Die Weiterentwicklung der High-End-Shorts f\u00fcr Damen zeichnet sich durch den innovativen integrierten Tr\u00e4ger aus, der das Herunterziehen der Hose erleichtert, ohne dass das Trikot ausgezogen werden muss. Dieses von Inverse entwickelte neue System hei\u00dft FLEXYGO und wurde von zahlreichen Radfahrerinnen getestet. Es passt sich perfekt der Position der Radfahrerin an, h\u00e4lt die Radhose ohne Beschwerden und erm\u00f6glicht einen schnellen und bequemen Gang zur Toilette. Es ist eine ideale Hose, um der K\u00e4lte zu trotzen und das Radfahren im Winter zu genie\u00dfen. Das SUPERROUBAIX-Gewebe, aus dem es besteht, speichert die K\u00f6rperw\u00e4rme und sorgt f\u00fcr die notwendige Muskelkompression, um Erm\u00fcdungserscheinungen zu verz\u00f6gern. Seine Elastizit\u00e4t erm\u00f6glicht Ihnen gro\u00dfe Bewegungsfreiheit. Die Eins\u00e4tze der Radhose sind so konzipiert, dass sie sich perfekt an unterschiedliche Tretpositionen anpassen. Sie werden keine Beschwerden bemerken. Am Ende der Beine befindet sich ein Gummiband mit einem hypoallergenen Silikongriff im Inneren. Dadurch bleibt das Kleidungsst\u00fcck sicher am Bein befestigt. Im hinteren Bereich befindet sich ein reflektierendes Detail, das Ihre Sicherheit erh\u00f6ht, da es das Licht von Fahrzeugen reflektiert. Ausgestattet mit dem ECOLOGICAL NICE Sitzpolster mit elastischer Schnittstelle, bestehend aus 3 Dichten, die sich an Ihre Anatomie und Ihren Tretstil anpassen.\",\"breadcrumb\":{\"@id\":\"https:\\\/\\\/www.inverseteams.com\\\/de\\\/produkt\\\/lange-radhose-pure-kendra-black-damen\\\/#breadcrumb\"},\"inLanguage\":\"de\",\"potentialAction\":[{\"@type\":\"ReadAction\",\"target\":[\"https:\\\/\\\/www.inverseteams.com\\\/de\\\/produkt\\\/lange-radhose-pure-kendra-black-damen\\\/\"]}]},{\"@type\":\"ImageObject\",\"inLanguage\":\"de\",\"@id\":\"https:\\\/\\\/www.inverseteams.com\\\/de\\\/produkt\\\/lange-radhose-pure-kendra-black-damen\\\/#primaryimage\",\"url\":\"https:\\\/\\\/www.inverseteams.com\\\/wp-content\\\/uploads\\\/CULOTTE-LARGO-MUJER-PURE-KENDRA-BLACK-1-ESP.jpg\",\"contentUrl\":\"https:\\\/\\\/www.inverseteams.com\\\/wp-content\\\/uploads\\\/CULOTTE-LARGO-MUJER-PURE-KENDRA-BLACK-1-ESP.jpg\",\"width\":1500,\"height\":1612},{\"@type\":\"BreadcrumbList\",\"@id\":\"https:\\\/\\\/www.inverseteams.com\\\/de\\\/produkt\\\/lange-radhose-pure-kendra-black-damen\\\/#breadcrumb\",\"itemListElement\":[{\"@type\":\"ListItem\",\"position\":1,\"name\":\"Portada\",\"item\":\"https:\\\/\\\/www.inverseteams.com\\\/de\\\/\"},{\"@type\":\"ListItem\",\"position\":2,\"name\":\"Speichern\",\"item\":\"https:\\\/\\\/www.inverseteams.com\\\/de\\\/speichern\\\/\"},{\"@type\":\"ListItem\",\"position\":3,\"name\":\"Lange Radhose PURE KENDRA BLACK (DAMEN)\"}]},{\"@type\":\"WebSite\",\"@id\":\"https:\\\/\\\/www.inverseteams.com\\\/de\\\/#website\",\"url\":\"https:\\\/\\\/www.inverseteams.com\\\/de\\\/\",\"name\":\"Inverseteams\",\"description\":\"Tu marca de ropa deportiva personalizada\",\"publisher\":{\"@id\":\"https:\\\/\\\/www.inverseteams.com\\\/de\\\/#organization\"},\"potentialAction\":[{\"@type\":\"SearchAction\",\"target\":{\"@type\":\"EntryPoint\",\"urlTemplate\":\"https:\\\/\\\/www.inverseteams.com\\\/de\\\/?s={search_term_string}\"},\"query-input\":{\"@type\":\"PropertyValueSpecification\",\"valueRequired\":true,\"valueName\":\"search_term_string\"}}],\"inLanguage\":\"de\"},{\"@type\":\"Organization\",\"@id\":\"https:\\\/\\\/www.inverseteams.com\\\/de\\\/#organization\",\"name\":\"Inverse Teams\",\"url\":\"https:\\\/\\\/www.inverseteams.com\\\/de\\\/\",\"logo\":{\"@type\":\"ImageObject\",\"inLanguage\":\"de\",\"@id\":\"https:\\\/\\\/www.inverseteams.com\\\/de\\\/#\\\/schema\\\/logo\\\/image\\\/\",\"url\":\"http:\\\/\\\/www.inverseteams.com\\\/wp-content\\\/uploads\\\/2021\\\/03\\\/logo-inverse-teams.png\",\"contentUrl\":\"http:\\\/\\\/www.inverseteams.com\\\/wp-content\\\/uploads\\\/2021\\\/03\\\/logo-inverse-teams.png\",\"width\":294,\"height\":99,\"caption\":\"Inverse Teams\"},\"image\":{\"@id\":\"https:\\\/\\\/www.inverseteams.com\\\/de\\\/#\\\/schema\\\/logo\\\/image\\\/\"},\"sameAs\":[\"https:\\\/\\\/www.facebook.com\\\/inverseteams\",\"http:\\\/\\\/instagram.com\\\/inverseteams\",\"https:\\\/\\\/www.linkedin.com\\\/company\\\/inverse-cirosport-s-l-?trk=job_view_topcard_company_name\",\"http:\\\/\\\/www.pinterest.com\\\/inverseteams\\\/\",\"http:\\\/\\\/www.youtube.com\\\/user\\\/inverseteams?feature=watch\"]}]}<\/script>\n<!-- \/ Yoast SEO plugin. -->","yoast_head_json":{"title":"Lange Radhose PURE KENDRA BLACK (DAMEN)","description":"Die Weiterentwicklung der High-End-Shorts f\u00fcr Damen zeichnet sich durch den innovativen integrierten Tr\u00e4ger aus, der das Herunterziehen der Hose erleichtert, ohne dass das Trikot ausgezogen werden muss. Dieses von Inverse entwickelte neue System hei\u00dft FLEXYGO und wurde von zahlreichen Radfahrerinnen getestet. Es passt sich perfekt der Position der Radfahrerin an, h\u00e4lt die Radhose ohne Beschwerden und erm\u00f6glicht einen schnellen und bequemen Gang zur Toilette. Es ist eine ideale Hose, um der K\u00e4lte zu trotzen und das Radfahren im Winter zu genie\u00dfen. Das SUPERROUBAIX-Gewebe, aus dem es besteht, speichert die K\u00f6rperw\u00e4rme und sorgt f\u00fcr die notwendige Muskelkompression, um Erm\u00fcdungserscheinungen zu verz\u00f6gern. Seine Elastizit\u00e4t erm\u00f6glicht Ihnen gro\u00dfe Bewegungsfreiheit. Die Eins\u00e4tze der Radhose sind so konzipiert, dass sie sich perfekt an unterschiedliche Tretpositionen anpassen. Sie werden keine Beschwerden bemerken. Am Ende der Beine befindet sich ein Gummiband mit einem hypoallergenen Silikongriff im Inneren. Dadurch bleibt das Kleidungsst\u00fcck sicher am Bein befestigt. Im hinteren Bereich befindet sich ein reflektierendes Detail, das Ihre Sicherheit erh\u00f6ht, da es das Licht von Fahrzeugen reflektiert. Ausgestattet mit dem ECOLOGICAL NICE Sitzpolster mit elastischer Schnittstelle, bestehend aus 3 Dichten, die sich an Ihre Anatomie und Ihren Tretstil anpassen.","robots":{"index":"index","follow":"follow","max-snippet":"max-snippet:-1","max-image-preview":"max-image-preview:large","max-video-preview":"max-video-preview:-1"},"canonical":"https:\/\/www.inverseteams.com\/de\/produkt\/lange-radhose-pure-kendra-black-damen\/","og_locale":"de_DE","og_type":"article","og_title":"Lange Radhose PURE KENDRA BLACK (DAMEN)","og_description":"Die Weiterentwicklung der High-End-Shorts f\u00fcr Damen zeichnet sich durch den innovativen integrierten Tr\u00e4ger aus, der das Herunterziehen der Hose erleichtert, ohne dass das Trikot ausgezogen werden muss. Dieses von Inverse entwickelte neue System hei\u00dft FLEXYGO und wurde von zahlreichen Radfahrerinnen getestet. Es passt sich perfekt der Position der Radfahrerin an, h\u00e4lt die Radhose ohne Beschwerden und erm\u00f6glicht einen schnellen und bequemen Gang zur Toilette. Es ist eine ideale Hose, um der K\u00e4lte zu trotzen und das Radfahren im Winter zu genie\u00dfen. Das SUPERROUBAIX-Gewebe, aus dem es besteht, speichert die K\u00f6rperw\u00e4rme und sorgt f\u00fcr die notwendige Muskelkompression, um Erm\u00fcdungserscheinungen zu verz\u00f6gern. Seine Elastizit\u00e4t erm\u00f6glicht Ihnen gro\u00dfe Bewegungsfreiheit. Die Eins\u00e4tze der Radhose sind so konzipiert, dass sie sich perfekt an unterschiedliche Tretpositionen anpassen. Sie werden keine Beschwerden bemerken. Am Ende der Beine befindet sich ein Gummiband mit einem hypoallergenen Silikongriff im Inneren. Dadurch bleibt das Kleidungsst\u00fcck sicher am Bein befestigt. Im hinteren Bereich befindet sich ein reflektierendes Detail, das Ihre Sicherheit erh\u00f6ht, da es das Licht von Fahrzeugen reflektiert. Ausgestattet mit dem ECOLOGICAL NICE Sitzpolster mit elastischer Schnittstelle, bestehend aus 3 Dichten, die sich an Ihre Anatomie und Ihren Tretstil anpassen.","og_url":"https:\/\/www.inverseteams.com\/de\/produkt\/lange-radhose-pure-kendra-black-damen\/","og_site_name":"Inverseteams","article_publisher":"https:\/\/www.facebook.com\/inverseteams","article_modified_time":"2024-10-17T09:15:08+00:00","og_image":[{"width":1500,"height":1612,"url":"https:\/\/www.inverseteams.com\/wp-content\/uploads\/CULOTTE-LARGO-MUJER-PURE-KENDRA-BLACK-1-ESP.jpg","type":"image\/jpeg"}],"twitter_card":"summary_large_image","twitter_misc":{"Gesch\u00e4tzte Lesezeit":"2\u00a0Minute"},"schema":{"@context":"https:\/\/schema.org","@graph":[{"@type":"WebPage","@id":"https:\/\/www.inverseteams.com\/de\/produkt\/lange-radhose-pure-kendra-black-damen\/","url":"https:\/\/www.inverseteams.com\/de\/produkt\/lange-radhose-pure-kendra-black-damen\/","name":"Lange Radhose PURE KENDRA BLACK (DAMEN)","isPartOf":{"@id":"https:\/\/www.inverseteams.com\/de\/#website"},"primaryImageOfPage":{"@id":"https:\/\/www.inverseteams.com\/de\/produkt\/lange-radhose-pure-kendra-black-damen\/#primaryimage"},"image":{"@id":"https:\/\/www.inverseteams.com\/de\/produkt\/lange-radhose-pure-kendra-black-damen\/#primaryimage"},"thumbnailUrl":"https:\/\/www.inverseteams.com\/wp-content\/uploads\/CULOTTE-LARGO-MUJER-PURE-KENDRA-BLACK-1-ESP.jpg","datePublished":"2024-07-31T09:44:49+00:00","dateModified":"2024-10-17T09:15:08+00:00","description":"Die Weiterentwicklung der High-End-Shorts f\u00fcr Damen zeichnet sich durch den innovativen integrierten Tr\u00e4ger aus, der das Herunterziehen der Hose erleichtert, ohne dass das Trikot ausgezogen werden muss. Dieses von Inverse entwickelte neue System hei\u00dft FLEXYGO und wurde von zahlreichen Radfahrerinnen getestet. Es passt sich perfekt der Position der Radfahrerin an, h\u00e4lt die Radhose ohne Beschwerden und erm\u00f6glicht einen schnellen und bequemen Gang zur Toilette. Es ist eine ideale Hose, um der K\u00e4lte zu trotzen und das Radfahren im Winter zu genie\u00dfen. Das SUPERROUBAIX-Gewebe, aus dem es besteht, speichert die K\u00f6rperw\u00e4rme und sorgt f\u00fcr die notwendige Muskelkompression, um Erm\u00fcdungserscheinungen zu verz\u00f6gern. Seine Elastizit\u00e4t erm\u00f6glicht Ihnen gro\u00dfe Bewegungsfreiheit. Die Eins\u00e4tze der Radhose sind so konzipiert, dass sie sich perfekt an unterschiedliche Tretpositionen anpassen. Sie werden keine Beschwerden bemerken. Am Ende der Beine befindet sich ein Gummiband mit einem hypoallergenen Silikongriff im Inneren. Dadurch bleibt das Kleidungsst\u00fcck sicher am Bein befestigt. Im hinteren Bereich befindet sich ein reflektierendes Detail, das Ihre Sicherheit erh\u00f6ht, da es das Licht von Fahrzeugen reflektiert. Ausgestattet mit dem ECOLOGICAL NICE Sitzpolster mit elastischer Schnittstelle, bestehend aus 3 Dichten, die sich an Ihre Anatomie und Ihren Tretstil anpassen.","breadcrumb":{"@id":"https:\/\/www.inverseteams.com\/de\/produkt\/lange-radhose-pure-kendra-black-damen\/#breadcrumb"},"inLanguage":"de","potentialAction":[{"@type":"ReadAction","target":["https:\/\/www.inverseteams.com\/de\/produkt\/lange-radhose-pure-kendra-black-damen\/"]}]},{"@type":"ImageObject","inLanguage":"de","@id":"https:\/\/www.inverseteams.com\/de\/produkt\/lange-radhose-pure-kendra-black-damen\/#primaryimage","url":"https:\/\/www.inverseteams.com\/wp-content\/uploads\/CULOTTE-LARGO-MUJER-PURE-KENDRA-BLACK-1-ESP.jpg","contentUrl":"https:\/\/www.inverseteams.com\/wp-content\/uploads\/CULOTTE-LARGO-MUJER-PURE-KENDRA-BLACK-1-ESP.jpg","width":1500,"height":1612},{"@type":"BreadcrumbList","@id":"https:\/\/www.inverseteams.com\/de\/produkt\/lange-radhose-pure-kendra-black-damen\/#breadcrumb","itemListElement":[{"@type":"ListItem","position":1,"name":"Portada","item":"https:\/\/www.inverseteams.com\/de\/"},{"@type":"ListItem","position":2,"name":"Speichern","item":"https:\/\/www.inverseteams.com\/de\/speichern\/"},{"@type":"ListItem","position":3,"name":"Lange Radhose PURE KENDRA BLACK (DAMEN)"}]},{"@type":"WebSite","@id":"https:\/\/www.inverseteams.com\/de\/#website","url":"https:\/\/www.inverseteams.com\/de\/","name":"Inverseteams","description":"Tu marca de ropa deportiva personalizada","publisher":{"@id":"https:\/\/www.inverseteams.com\/de\/#organization"},"potentialAction":[{"@type":"SearchAction","target":{"@type":"EntryPoint","urlTemplate":"https:\/\/www.inverseteams.com\/de\/?s={search_term_string}"},"query-input":{"@type":"PropertyValueSpecification","valueRequired":true,"valueName":"search_term_string"}}],"inLanguage":"de"},{"@type":"Organization","@id":"https:\/\/www.inverseteams.com\/de\/#organization","name":"Inverse Teams","url":"https:\/\/www.inverseteams.com\/de\/","logo":{"@type":"ImageObject","inLanguage":"de","@id":"https:\/\/www.inverseteams.com\/de\/#\/schema\/logo\/image\/","url":"https:\/\/www.inverseteams.com\/wp-content\/uploads\/2021\/03\/logo-inverse-teams.png","contentUrl":"https:\/\/www.inverseteams.com\/wp-content\/uploads\/2021\/03\/logo-inverse-teams.png","width":294,"height":99,"caption":"Inverse Teams"},"image":{"@id":"https:\/\/www.inverseteams.com\/de\/#\/schema\/logo\/image\/"},"sameAs":["https:\/\/www.facebook.com\/inverseteams","http:\/\/instagram.com\/inverseteams","https:\/\/www.linkedin.com\/company\/inverse-cirosport-s-l-?trk=job_view_topcard_company_name","http:\/\/www.pinterest.com\/inverseteams\/","http:\/\/www.youtube.com\/user\/inverseteams?feature=watch"]}]}},"_links":{"self":[{"href":"https:\/\/www.inverseteams.com\/de\/wp-json\/wp\/v2\/product\/209731","targetHints":{"allow":["GET"]}}],"collection":[{"href":"https:\/\/www.inverseteams.com\/de\/wp-json\/wp\/v2\/product"}],"about":[{"href":"https:\/\/www.inverseteams.com\/de\/wp-json\/wp\/v2\/types\/product"}],"replies":[{"embeddable":true,"href":"https:\/\/www.inverseteams.com\/de\/wp-json\/wp\/v2\/comments?post=209731"}],"wp:featuredmedia":[{"embeddable":true,"href":"https:\/\/www.inverseteams.com\/de\/wp-json\/wp\/v2\/media\/208371"}],"wp:attachment":[{"href":"https:\/\/www.inverseteams.com\/de\/wp-json\/wp\/v2\/media?parent=209731"}],"wp:term":[{"taxonomy":"product_brand","embeddable":true,"href":"https:\/\/www.inverseteams.com\/de\/wp-json\/wp\/v2\/product_brand?post=209731"},{"taxonomy":"product_cat","embeddable":true,"href":"https:\/\/www.inverseteams.com\/de\/wp-json\/wp\/v2\/product_cat?post=209731"},{"taxonomy":"product_tag","embeddable":true,"href":"https:\/\/www.inverseteams.com\/de\/wp-json\/wp\/v2\/product_tag?post=209731"},{"taxonomy":"custom_category","embeddable":true,"href":"https:\/\/www.inverseteams.com\/de\/wp-json\/wp\/v2\/custom_category?post=209731"},{"taxonomy":"range","embeddable":true,"href":"https:\/\/www.inverseteams.com\/de\/wp-json\/wp\/v2\/range?post=209731"}],"curies":[{"name":"wp","href":"https:\/\/api.w.org\/{rel}","templated":true}]}}